{"id":195949,"date":"2025-09-15T10:10:42","date_gmt":"2025-09-15T14:10:42","guid":{"rendered":"https:\/\/unstamps.org\/?post_type=product&#038;p=195949"},"modified":"2026-01-09T11:52:36","modified_gmt":"2026-01-09T16:52:36","slug":"unidos-por-la-paz","status":"publish","type":"product","link":"https:\/\/unstamps.org\/es\/producto\/unidos-por-la-paz\/","title":{"rendered":"Unidos Por La Paz"},"content":{"rendered":"<p>En septiembre de 2025, la Administraci\u00f3n Postal de las Naciones Unidas (APNU), en colaboraci\u00f3n con la Uni\u00f3n Postal Universal (UPU) y otras 10 organizaciones postales, emitir\u00e1 conjuntamente los sellos bordados \u201cPaloma de la Paz\u201d para celebrar el D\u00eda Internacional de la Paz y promover el valor de la paz entre los pueblos de todo el mundo. Rara vez ocurre que la UPU y 11 organizaciones postales emitan sellos conjuntamente para promover la paz. Adem\u00e1s de la Administraci\u00f3n Postal de la ONU, las otras organizaciones postales participantes son: <a href=\"https:\/\/alandstamps.com\/en\/products\/fredsduvan-ostamplat?variant=55551650660727\" target=\"_blank\" rel=\"noopener\">\u00c5land (Finlandia)<\/a>, <a href=\"https:\/\/www.stamps.am\/shop\/dove-of-peace\" target=\"_blank\" rel=\"noopener\">Armenia<\/a>, <a href=\"https:\/\/onlineshop.post.at\/de-AT\/produkt\/bl-friedenstaube-465-0225330\" target=\"_blank\" rel=\"noopener\">Austria<\/a>, Barbados, <a href=\"https:\/\/www.cypruspost.post\/en\/e-shop-categories\" target=\"_blank\" rel=\"noopener\">Chipre<\/a>, <a href=\"https:\/\/en.stamps.fo\/ShopItem\/_STAMPS\/0\/PPA001044\/STK\" target=\"_blank\" rel=\"noopener\">Islas Feroe (Dinamarca)<\/a>, <a href=\"https:\/\/www.stamps.gl\/en\/dove-of-peace-mint\" target=\"_blank\" rel=\"noopener\">Groenlandia (Dinamarca)<\/a>, <a href=\"https:\/\/www.philatelie.li\/ki\/Sammeln\/Ausgaben-Angebote\/Ausgabe-3-2025\/Dove-Of-Peace.html\" target=\"_blank\" rel=\"noopener\">Liechtenstein<\/a>, <a href=\"https:\/\/www.postphilately.lu\/fr-FR\/products\/collectionneurs\/timbres-de-collection\/dove-of-peace-r\" target=\"_blank\" rel=\"noopener\">Luxemburgo<\/a> y <a href=\"https:\/\/shop.post.ch\/de\/briefmarken-philatelie\/briefmarken\/briefmarke-chf-5-80-friedenstaube-sonderblock\/p\/552850\" target=\"_blank\" rel=\"noopener\">Suiza<\/a>.<\/p>\n<p>El sello \u201cPaloma de la Paz\u201d presenta una paloma blanca bordada que lleva una rama de olivo, delineada en azul, simbolizando el compromiso compartido de promover la paz. La paloma vuela hacia adelante con las alas extendidas, hablando un lenguaje que no conoce fronteras, religiones ni ideolog\u00edas. El proyecto trasciende fronteras, al igual que las palomas reales, actuando como embajadoras postales \u00fanicas que unen a las personas de todo el mundo, llevando un mensaje global de paz.<\/p>\n<p>Este sello de edici\u00f3n limitada, confeccionado con textiles, fue bordado y fabricado por la empresa austriaca H\u00e4mmerle &amp; Vogel. Aunque parece sencillo, implica una gran destreza artesanal. Es tanto pr\u00e1ctico como art\u00edstico, combinando un gran dise\u00f1o con un mensaje poderoso.<\/p>\n<p>El sello \u201cPaloma de la Paz\u201d no es solo un producto filat\u00e9lico. Es un llamado colectivo a la esperanza y la unidad, y un s\u00edmbolo de paz entre continentes, conectando a las administraciones postales y a las personas del mundo. Todos podemos contribuir personalmente reflexionando sobre lo que significa la paz para cada uno de nosotros y c\u00f3mo podemos formar parte de este movimiento global por la paz.<\/p>\n<p>La UPU y la Administraci\u00f3n Postal de las Naciones Unidas te invitan a unirte a este movimiento usando este sello como un medio universal para simbolizar y fomentar la unidad de la paz entre naciones, puntada tras a puntada.<\/p>\n<p>A continuaci\u00f3n se muestra un v\u00eddeo en el que se detalla el proyecto \u00abUnidos por la paz\u00bb (correo de Liechtenstein):<\/p>\n<div style=\"width: 1170px;\" class=\"wp-video\"><video class=\"wp-video-shortcode\" id=\"video-195949-1\" width=\"1170\" height=\"658\" poster=\"https:\/\/unstamps.org\/wp-content\/uploads\/2025\/09\/2025-Dove-FDC-Triple.jpg\" preload=\"metadata\" controls=\"controls\"><source type=\"video\/mp4\" src=\"https:\/\/unstamps.org\/wp-content\/uploads\/2025\/09\/Dove_of_Peace_video.mp4?_=1\" \/><a href=\"https:\/\/unstamps.org\/wp-content\/uploads\/2025\/09\/Dove_of_Peace_video.mp4\">https:\/\/unstamps.org\/wp-content\/uploads\/2025\/09\/Dove_of_Peace_video.mp4<\/a><\/video><\/div>\n<p>&nbsp;<\/p>\n<p>&nbsp;<\/p>\n<p><strong>Fecha de emisi\u00f3n<\/strong>:19 de septiembre de 2025<br \/>\n<strong>Directora creativa:<\/strong>Iris H\u00e4mmerle (H\u00e4mmerle &amp; Vogel, Austria)<br \/>\n<strong>Tama\u00f1o del sello:<\/strong> 55\u00a0mm x 42\u00a0mm<br \/>\n<strong>Impresor:<\/strong> H\u00e4mmerle &amp; Vogel<br \/>\n<strong>Proceso:<\/strong> Bordado<br \/>\n<strong>Cantidades:<\/strong><br \/>\n$6 10.800<br \/>\nCHF 6 12.300<br \/>\n\u20ac5 13.900<\/p>\n","protected":false},"excerpt":{"rendered":"<p>En septiembre de 2025, la Administraci\u00f3n Postal de las Naciones Unidas (APNU), en colaboraci\u00f3n con la Uni\u00f3n Postal Universal (UPU) y otras 10 organizaciones postales, emitir\u00e1 conjuntamente los sellos bordados \u201cPaloma de la Paz\u201d para celebrar el D\u00eda Internacional de la Paz y promover el valor de la paz entre los pueblos de todo el [&hellip;]<\/p>\n","protected":false},"featured_media":196050,"comment_status":"closed","ping_status":"closed","template":"","meta":{"ngg_post_thumbnail":0},"product_brand":[],"product_cat":[2956,929],"product_tag":[],"class_list":{"0":"post-195949","1":"product","2":"type-product","3":"status-publish","4":"has-post-thumbnail","6":"product_cat-2025-es","7":"product_cat-conmemorativos","9":"first","10":"instock","11":"shipping-taxable","12":"product-type-grouped"},"yoast_head":"<!-- This site is optimized with the Yoast SEO plugin v27.4 - https:\/\/yoast.com\/product\/yoast-seo-wordpress\/ -->\n<title>Unidos Por La Paz - UN Stamps<\/title>\n<meta name=\"robots\" content=\"index, follow, max-snippet:-1, max-image-preview:large, max-video-preview:-1\" \/>\n<link rel=\"canonical\" href=\"https:\/\/unstamps.org\/es\/producto\/unidos-por-la-paz\/\" \/>\n<meta property=\"og:locale\" content=\"es_ES\" \/>\n<meta property=\"og:type\" content=\"article\" \/>\n<meta property=\"og:title\" content=\"Unidos Por La Paz - UN Stamps\" \/>\n<meta property=\"og:description\" content=\"En septiembre de 2025, la Administraci\u00f3n Postal de las Naciones Unidas (APNU), en colaboraci\u00f3n con la Uni\u00f3n Postal Universal (UPU) y otras 10 organizaciones postales, emitir\u00e1 conjuntamente los sellos bordados \u201cPaloma de la Paz\u201d para celebrar el D\u00eda Internacional de la Paz y promover el valor de la paz entre los pueblos de todo el [&hellip;]\" \/>\n<meta property=\"og:url\" content=\"https:\/\/unstamps.org\/es\/producto\/unidos-por-la-paz\/\" \/>\n<meta property=\"og:site_name\" content=\"UN Stamps\" \/>\n<meta property=\"article:modified_time\" content=\"2026-01-09T16:52:36+00:00\" \/>\n<meta property=\"og:image\" content=\"https:\/\/unstamps.org\/wp-content\/uploads\/2025\/09\/2025-Dove-Single-Stamp-GROUP.jpg\" \/>\n\t<meta property=\"og:image:width\" content=\"1024\" \/>\n\t<meta property=\"og:image:height\" content=\"1024\" \/>\n\t<meta property=\"og:image:type\" content=\"image\/jpeg\" \/>\n<meta name=\"twitter:card\" content=\"summary_large_image\" \/>\n<meta name=\"twitter:label1\" content=\"Tiempo de lectura\" \/>\n\t<meta name=\"twitter:data1\" content=\"2 minutos\" \/>\n<script type=\"application\/ld+json\" class=\"yoast-schema-graph\">{\"@context\":\"https:\\\/\\\/schema.org\",\"@graph\":[{\"@type\":\"WebPage\",\"@id\":\"https:\\\/\\\/unstamps.org\\\/es\\\/producto\\\/unidos-por-la-paz\\\/\",\"url\":\"https:\\\/\\\/unstamps.org\\\/es\\\/producto\\\/unidos-por-la-paz\\\/\",\"name\":\"Unidos Por La Paz - UN Stamps\",\"isPartOf\":{\"@id\":\"https:\\\/\\\/unstamps.org\\\/es\\\/#website\"},\"primaryImageOfPage\":{\"@id\":\"https:\\\/\\\/unstamps.org\\\/es\\\/producto\\\/unidos-por-la-paz\\\/#primaryimage\"},\"image\":{\"@id\":\"https:\\\/\\\/unstamps.org\\\/es\\\/producto\\\/unidos-por-la-paz\\\/#primaryimage\"},\"thumbnailUrl\":\"https:\\\/\\\/unstamps.org\\\/wp-content\\\/uploads\\\/2025\\\/09\\\/2025-Dove-Single-Stamp-GROUP.jpg\",\"datePublished\":\"2025-09-15T14:10:42+00:00\",\"dateModified\":\"2026-01-09T16:52:36+00:00\",\"breadcrumb\":{\"@id\":\"https:\\\/\\\/unstamps.org\\\/es\\\/producto\\\/unidos-por-la-paz\\\/#breadcrumb\"},\"inLanguage\":\"es\",\"potentialAction\":[{\"@type\":\"ReadAction\",\"target\":[\"https:\\\/\\\/unstamps.org\\\/es\\\/producto\\\/unidos-por-la-paz\\\/\"]}]},{\"@type\":\"ImageObject\",\"inLanguage\":\"es\",\"@id\":\"https:\\\/\\\/unstamps.org\\\/es\\\/producto\\\/unidos-por-la-paz\\\/#primaryimage\",\"url\":\"https:\\\/\\\/unstamps.org\\\/wp-content\\\/uploads\\\/2025\\\/09\\\/2025-Dove-Single-Stamp-GROUP.jpg\",\"contentUrl\":\"https:\\\/\\\/unstamps.org\\\/wp-content\\\/uploads\\\/2025\\\/09\\\/2025-Dove-Single-Stamp-GROUP.jpg\",\"width\":1024,\"height\":1024},{\"@type\":\"BreadcrumbList\",\"@id\":\"https:\\\/\\\/unstamps.org\\\/es\\\/producto\\\/unidos-por-la-paz\\\/#breadcrumb\",\"itemListElement\":[{\"@type\":\"ListItem\",\"position\":1,\"name\":\"Home\",\"item\":\"https:\\\/\\\/unstamps.org\\\/es\\\/\"},{\"@type\":\"ListItem\",\"position\":2,\"name\":\"Shop\",\"item\":\"https:\\\/\\\/unstamps.org\\\/es\\\/productos\\\/\"},{\"@type\":\"ListItem\",\"position\":3,\"name\":\"Unidos Por La Paz\"}]},{\"@type\":\"WebSite\",\"@id\":\"https:\\\/\\\/unstamps.org\\\/es\\\/#website\",\"url\":\"https:\\\/\\\/unstamps.org\\\/es\\\/\",\"name\":\"UN Stamps\",\"description\":\"United Nations Stamps\",\"publisher\":{\"@id\":\"https:\\\/\\\/unstamps.org\\\/es\\\/#organization\"},\"potentialAction\":[{\"@type\":\"SearchAction\",\"target\":{\"@type\":\"EntryPoint\",\"urlTemplate\":\"https:\\\/\\\/unstamps.org\\\/es\\\/?s={search_term_string}\"},\"query-input\":{\"@type\":\"PropertyValueSpecification\",\"valueRequired\":true,\"valueName\":\"search_term_string\"}}],\"inLanguage\":\"es\"},{\"@type\":\"Organization\",\"@id\":\"https:\\\/\\\/unstamps.org\\\/es\\\/#organization\",\"name\":\"UN Stamps\",\"url\":\"https:\\\/\\\/unstamps.org\\\/es\\\/\",\"logo\":{\"@type\":\"ImageObject\",\"inLanguage\":\"es\",\"@id\":\"https:\\\/\\\/unstamps.org\\\/es\\\/#\\\/schema\\\/logo\\\/image\\\/\",\"url\":\"https:\\\/\\\/unstamps.org\\\/wp-content\\\/uploads\\\/2014\\\/01\\\/logo4web.jpg\",\"contentUrl\":\"https:\\\/\\\/unstamps.org\\\/wp-content\\\/uploads\\\/2014\\\/01\\\/logo4web.jpg\",\"width\":2500,\"height\":250,\"caption\":\"UN Stamps\"},\"image\":{\"@id\":\"https:\\\/\\\/unstamps.org\\\/es\\\/#\\\/schema\\\/logo\\\/image\\\/\"}}]}<\/script>\n<!-- \/ Yoast SEO plugin. -->","yoast_head_json":{"title":"Unidos Por La Paz - UN Stamps","robots":{"index":"index","follow":"follow","max-snippet":"max-snippet:-1","max-image-preview":"max-image-preview:large","max-video-preview":"max-video-preview:-1"},"canonical":"https:\/\/unstamps.org\/es\/producto\/unidos-por-la-paz\/","og_locale":"es_ES","og_type":"article","og_title":"Unidos Por La Paz - UN Stamps","og_description":"En septiembre de 2025, la Administraci\u00f3n Postal de las Naciones Unidas (APNU), en colaboraci\u00f3n con la Uni\u00f3n Postal Universal (UPU) y otras 10 organizaciones postales, emitir\u00e1 conjuntamente los sellos bordados \u201cPaloma de la Paz\u201d para celebrar el D\u00eda Internacional de la Paz y promover el valor de la paz entre los pueblos de todo el [&hellip;]","og_url":"https:\/\/unstamps.org\/es\/producto\/unidos-por-la-paz\/","og_site_name":"UN Stamps","article_modified_time":"2026-01-09T16:52:36+00:00","og_image":[{"width":1024,"height":1024,"url":"https:\/\/unstamps.org\/wp-content\/uploads\/2025\/09\/2025-Dove-Single-Stamp-GROUP.jpg","type":"image\/jpeg"}],"twitter_card":"summary_large_image","twitter_misc":{"Tiempo de lectura":"2 minutos"},"schema":{"@context":"https:\/\/schema.org","@graph":[{"@type":"WebPage","@id":"https:\/\/unstamps.org\/es\/producto\/unidos-por-la-paz\/","url":"https:\/\/unstamps.org\/es\/producto\/unidos-por-la-paz\/","name":"Unidos Por La Paz - UN Stamps","isPartOf":{"@id":"https:\/\/unstamps.org\/es\/#website"},"primaryImageOfPage":{"@id":"https:\/\/unstamps.org\/es\/producto\/unidos-por-la-paz\/#primaryimage"},"image":{"@id":"https:\/\/unstamps.org\/es\/producto\/unidos-por-la-paz\/#primaryimage"},"thumbnailUrl":"https:\/\/unstamps.org\/wp-content\/uploads\/2025\/09\/2025-Dove-Single-Stamp-GROUP.jpg","datePublished":"2025-09-15T14:10:42+00:00","dateModified":"2026-01-09T16:52:36+00:00","breadcrumb":{"@id":"https:\/\/unstamps.org\/es\/producto\/unidos-por-la-paz\/#breadcrumb"},"inLanguage":"es","potentialAction":[{"@type":"ReadAction","target":["https:\/\/unstamps.org\/es\/producto\/unidos-por-la-paz\/"]}]},{"@type":"ImageObject","inLanguage":"es","@id":"https:\/\/unstamps.org\/es\/producto\/unidos-por-la-paz\/#primaryimage","url":"https:\/\/unstamps.org\/wp-content\/uploads\/2025\/09\/2025-Dove-Single-Stamp-GROUP.jpg","contentUrl":"https:\/\/unstamps.org\/wp-content\/uploads\/2025\/09\/2025-Dove-Single-Stamp-GROUP.jpg","width":1024,"height":1024},{"@type":"BreadcrumbList","@id":"https:\/\/unstamps.org\/es\/producto\/unidos-por-la-paz\/#breadcrumb","itemListElement":[{"@type":"ListItem","position":1,"name":"Home","item":"https:\/\/unstamps.org\/es\/"},{"@type":"ListItem","position":2,"name":"Shop","item":"https:\/\/unstamps.org\/es\/productos\/"},{"@type":"ListItem","position":3,"name":"Unidos Por La Paz"}]},{"@type":"WebSite","@id":"https:\/\/unstamps.org\/es\/#website","url":"https:\/\/unstamps.org\/es\/","name":"UN Stamps","description":"United Nations Stamps","publisher":{"@id":"https:\/\/unstamps.org\/es\/#organization"},"potentialAction":[{"@type":"SearchAction","target":{"@type":"EntryPoint","urlTemplate":"https:\/\/unstamps.org\/es\/?s={search_term_string}"},"query-input":{"@type":"PropertyValueSpecification","valueRequired":true,"valueName":"search_term_string"}}],"inLanguage":"es"},{"@type":"Organization","@id":"https:\/\/unstamps.org\/es\/#organization","name":"UN Stamps","url":"https:\/\/unstamps.org\/es\/","logo":{"@type":"ImageObject","inLanguage":"es","@id":"https:\/\/unstamps.org\/es\/#\/schema\/logo\/image\/","url":"https:\/\/unstamps.org\/wp-content\/uploads\/2014\/01\/logo4web.jpg","contentUrl":"https:\/\/unstamps.org\/wp-content\/uploads\/2014\/01\/logo4web.jpg","width":2500,"height":250,"caption":"UN Stamps"},"image":{"@id":"https:\/\/unstamps.org\/es\/#\/schema\/logo\/image\/"}}]}},"jetpack_sharing_enabled":true,"publishpress_future_action":{"enabled":false,"date":"2026-04-21 20:29:40","action":"change-status","newStatus":"private","terms":[],"taxonomy":"product_cat","extraData":[]},"publishpress_future_workflow_manual_trigger":{"enabledWorkflows":[]},"_links":{"self":[{"href":"https:\/\/unstamps.org\/es\/wp-json\/wp\/v2\/product\/195949","targetHints":{"allow":["GET"]}}],"collection":[{"href":"https:\/\/unstamps.org\/es\/wp-json\/wp\/v2\/product"}],"about":[{"href":"https:\/\/unstamps.org\/es\/wp-json\/wp\/v2\/types\/product"}],"replies":[{"embeddable":true,"href":"https:\/\/unstamps.org\/es\/wp-json\/wp\/v2\/comments?post=195949"}],"wp:featuredmedia":[{"embeddable":true,"href":"https:\/\/unstamps.org\/es\/wp-json\/wp\/v2\/media\/196050"}],"wp:attachment":[{"href":"https:\/\/unstamps.org\/es\/wp-json\/wp\/v2\/media?parent=195949"}],"wp:term":[{"taxonomy":"product_brand","embeddable":true,"href":"https:\/\/unstamps.org\/es\/wp-json\/wp\/v2\/product_brand?post=195949"},{"taxonomy":"product_cat","embeddable":true,"href":"https:\/\/unstamps.org\/es\/wp-json\/wp\/v2\/product_cat?post=195949"},{"taxonomy":"product_tag","embeddable":true,"href":"https:\/\/unstamps.org\/es\/wp-json\/wp\/v2\/product_tag?post=195949"}],"curies":[{"name":"wp","href":"https:\/\/api.w.org\/{rel}","templated":true}]}}