{"id":195429,"date":"2025-08-08T10:52:18","date_gmt":"2025-08-08T14:52:18","guid":{"rendered":"https:\/\/unstamps.org\/?post_type=product&#038;p=195429"},"modified":"2026-01-09T11:53:14","modified_gmt":"2026-01-09T16:53:14","slug":"no-nukes-no-a-las-armas-nucleares-us-170","status":"publish","type":"product","link":"https:\/\/unstamps.org\/es\/producto\/no-nukes-no-a-las-armas-nucleares-us-170\/","title":{"rendered":"\u201cNo Nukes\u201d &#8211; No a las armas nucleares &#8211; US$ 1,70"},"content":{"rendered":"<p><strong>Fecha de emisi\u00f3n<\/strong>:14 de agosto de 2025<br \/>\n<strong>Ilustrador y dise\u00f1ador:<\/strong>Sergio Baradat (Estados Unidos)<br \/>\n<strong>Tama\u00f1o del sello:<\/strong> 37&nbsp;mm x 44,26&nbsp;mm<br \/>\n<strong>Tama\u00f1o de la hoja:<\/strong> 205&nbsp;mm x 108,53&nbsp;mm<br \/>\n<strong>Sellos por pliego:<\/strong> 10<br \/>\n<strong>Impresor:<\/strong> Joh. Ensched\u00e9 Stamps Security Printers B.V. (Pa\u00edses Bajos)<br \/>\n<strong>Proceso:<\/strong> Hexacrom\u00eda<br \/>\n<strong>Cantidad:<\/strong>7.000 hojas<\/p>\n","protected":false},"excerpt":{"rendered":"<p>Fecha de emisi\u00f3n:14 de agosto de 2025 Ilustrador y dise\u00f1ador:Sergio Baradat (Estados Unidos) Tama\u00f1o del sello: 37&nbsp;mm x 44,26&nbsp;mm Tama\u00f1o de la hoja: 205&nbsp;mm x 108,53&nbsp;mm Sellos por pliego: 10 Impresor: Joh. Ensched\u00e9 Stamps Security Printers B.V. (Pa\u00edses Bajos) Proceso: Hexacrom\u00eda Cantidad:7.000 hojas<\/p>\n","protected":false},"featured_media":195707,"comment_status":"closed","ping_status":"closed","template":"","meta":{"ngg_post_thumbnail":0},"product_brand":[],"product_cat":[2956,932,924],"product_tag":[],"class_list":{"0":"post-195429","1":"product","2":"type-product","3":"status-publish","4":"has-post-thumbnail","6":"product_cat-2025-es","7":"product_cat-individuales","8":"product_cat-nueva-york","9":"pa_condition-cancelled-es","10":"pa_condition-mint-es","12":"first","13":"instock","14":"shipping-taxable","15":"purchasable","16":"product-type-variable"},"yoast_head":"<!-- This site is optimized with the Yoast SEO plugin v27.3 - https:\/\/yoast.com\/product\/yoast-seo-wordpress\/ -->\n<title>\u201cNo Nukes\u201d - No a las armas nucleares - US$ 1,70 - UN Stamps<\/title>\n<meta name=\"robots\" content=\"index, follow, max-snippet:-1, max-image-preview:large, max-video-preview:-1\" \/>\n<link rel=\"canonical\" href=\"https:\/\/unstamps.org\/es\/producto\/no-nukes-no-a-las-armas-nucleares-us-170\/\" \/>\n<meta property=\"og:locale\" content=\"es_ES\" \/>\n<meta property=\"og:type\" content=\"article\" \/>\n<meta property=\"og:title\" content=\"\u201cNo Nukes\u201d - No a las armas nucleares - US$ 1,70 - UN Stamps\" \/>\n<meta property=\"og:description\" content=\"Fecha de emisi\u00f3n:14 de agosto de 2025 Ilustrador y dise\u00f1ador:Sergio Baradat (Estados Unidos) Tama\u00f1o del sello: 37&nbsp;mm x 44,26&nbsp;mm Tama\u00f1o de la hoja: 205&nbsp;mm x 108,53&nbsp;mm Sellos por pliego: 10 Impresor: Joh. Ensched\u00e9 Stamps Security Printers B.V. (Pa\u00edses Bajos) Proceso: Hexacrom\u00eda Cantidad:7.000 hojas\" \/>\n<meta property=\"og:url\" content=\"https:\/\/unstamps.org\/es\/producto\/no-nukes-no-a-las-armas-nucleares-us-170\/\" \/>\n<meta property=\"og:site_name\" content=\"UN Stamps\" \/>\n<meta property=\"article:modified_time\" content=\"2026-01-09T16:53:14+00:00\" \/>\n<meta property=\"og:image\" content=\"https:\/\/unstamps.org\/wp-content\/uploads\/2025\/08\/2025-No-Nukes-Single-NY.jpg\" \/>\n\t<meta property=\"og:image:width\" content=\"1024\" \/>\n\t<meta property=\"og:image:height\" content=\"1024\" \/>\n\t<meta property=\"og:image:type\" content=\"image\/jpeg\" \/>\n<meta name=\"twitter:card\" content=\"summary_large_image\" \/>\n<meta name=\"twitter:label1\" content=\"Tiempo de lectura\" \/>\n\t<meta name=\"twitter:data1\" content=\"1 minuto\" \/>\n<script type=\"application\/ld+json\" class=\"yoast-schema-graph\">{\"@context\":\"https:\\\/\\\/schema.org\",\"@graph\":[{\"@type\":\"WebPage\",\"@id\":\"https:\\\/\\\/unstamps.org\\\/es\\\/producto\\\/no-nukes-no-a-las-armas-nucleares-us-170\\\/\",\"url\":\"https:\\\/\\\/unstamps.org\\\/es\\\/producto\\\/no-nukes-no-a-las-armas-nucleares-us-170\\\/\",\"name\":\"\u201cNo Nukes\u201d - No a las armas nucleares - US$ 1,70 - UN Stamps\",\"isPartOf\":{\"@id\":\"https:\\\/\\\/unstamps.org\\\/es\\\/#website\"},\"primaryImageOfPage\":{\"@id\":\"https:\\\/\\\/unstamps.org\\\/es\\\/producto\\\/no-nukes-no-a-las-armas-nucleares-us-170\\\/#primaryimage\"},\"image\":{\"@id\":\"https:\\\/\\\/unstamps.org\\\/es\\\/producto\\\/no-nukes-no-a-las-armas-nucleares-us-170\\\/#primaryimage\"},\"thumbnailUrl\":\"https:\\\/\\\/unstamps.org\\\/wp-content\\\/uploads\\\/2025\\\/08\\\/2025-No-Nukes-Single-NY.jpg\",\"datePublished\":\"2025-08-08T14:52:18+00:00\",\"dateModified\":\"2026-01-09T16:53:14+00:00\",\"breadcrumb\":{\"@id\":\"https:\\\/\\\/unstamps.org\\\/es\\\/producto\\\/no-nukes-no-a-las-armas-nucleares-us-170\\\/#breadcrumb\"},\"inLanguage\":\"es\",\"potentialAction\":[{\"@type\":\"ReadAction\",\"target\":[\"https:\\\/\\\/unstamps.org\\\/es\\\/producto\\\/no-nukes-no-a-las-armas-nucleares-us-170\\\/\"]}]},{\"@type\":\"ImageObject\",\"inLanguage\":\"es\",\"@id\":\"https:\\\/\\\/unstamps.org\\\/es\\\/producto\\\/no-nukes-no-a-las-armas-nucleares-us-170\\\/#primaryimage\",\"url\":\"https:\\\/\\\/unstamps.org\\\/wp-content\\\/uploads\\\/2025\\\/08\\\/2025-No-Nukes-Single-NY.jpg\",\"contentUrl\":\"https:\\\/\\\/unstamps.org\\\/wp-content\\\/uploads\\\/2025\\\/08\\\/2025-No-Nukes-Single-NY.jpg\",\"width\":1024,\"height\":1024},{\"@type\":\"BreadcrumbList\",\"@id\":\"https:\\\/\\\/unstamps.org\\\/es\\\/producto\\\/no-nukes-no-a-las-armas-nucleares-us-170\\\/#breadcrumb\",\"itemListElement\":[{\"@type\":\"ListItem\",\"position\":1,\"name\":\"Home\",\"item\":\"https:\\\/\\\/unstamps.org\\\/es\\\/\"},{\"@type\":\"ListItem\",\"position\":2,\"name\":\"Shop\",\"item\":\"https:\\\/\\\/unstamps.org\\\/es\\\/productos\\\/\"},{\"@type\":\"ListItem\",\"position\":3,\"name\":\"\u201cNo Nukes\u201d &#8211; No a las armas nucleares &#8211; US$ 1,70\"}]},{\"@type\":\"WebSite\",\"@id\":\"https:\\\/\\\/unstamps.org\\\/es\\\/#website\",\"url\":\"https:\\\/\\\/unstamps.org\\\/es\\\/\",\"name\":\"UN Stamps\",\"description\":\"United Nations Stamps\",\"publisher\":{\"@id\":\"https:\\\/\\\/unstamps.org\\\/es\\\/#organization\"},\"potentialAction\":[{\"@type\":\"SearchAction\",\"target\":{\"@type\":\"EntryPoint\",\"urlTemplate\":\"https:\\\/\\\/unstamps.org\\\/es\\\/?s={search_term_string}\"},\"query-input\":{\"@type\":\"PropertyValueSpecification\",\"valueRequired\":true,\"valueName\":\"search_term_string\"}}],\"inLanguage\":\"es\"},{\"@type\":\"Organization\",\"@id\":\"https:\\\/\\\/unstamps.org\\\/es\\\/#organization\",\"name\":\"UN Stamps\",\"url\":\"https:\\\/\\\/unstamps.org\\\/es\\\/\",\"logo\":{\"@type\":\"ImageObject\",\"inLanguage\":\"es\",\"@id\":\"https:\\\/\\\/unstamps.org\\\/es\\\/#\\\/schema\\\/logo\\\/image\\\/\",\"url\":\"https:\\\/\\\/unstamps.org\\\/wp-content\\\/uploads\\\/2014\\\/01\\\/logo4web.jpg\",\"contentUrl\":\"https:\\\/\\\/unstamps.org\\\/wp-content\\\/uploads\\\/2014\\\/01\\\/logo4web.jpg\",\"width\":2500,\"height\":250,\"caption\":\"UN Stamps\"},\"image\":{\"@id\":\"https:\\\/\\\/unstamps.org\\\/es\\\/#\\\/schema\\\/logo\\\/image\\\/\"}}]}<\/script>\n<!-- \/ Yoast SEO plugin. -->","yoast_head_json":{"title":"\u201cNo Nukes\u201d - No a las armas nucleares - US$ 1,70 - UN Stamps","robots":{"index":"index","follow":"follow","max-snippet":"max-snippet:-1","max-image-preview":"max-image-preview:large","max-video-preview":"max-video-preview:-1"},"canonical":"https:\/\/unstamps.org\/es\/producto\/no-nukes-no-a-las-armas-nucleares-us-170\/","og_locale":"es_ES","og_type":"article","og_title":"\u201cNo Nukes\u201d - No a las armas nucleares - US$ 1,70 - UN Stamps","og_description":"Fecha de emisi\u00f3n:14 de agosto de 2025 Ilustrador y dise\u00f1ador:Sergio Baradat (Estados Unidos) Tama\u00f1o del sello: 37&nbsp;mm x 44,26&nbsp;mm Tama\u00f1o de la hoja: 205&nbsp;mm x 108,53&nbsp;mm Sellos por pliego: 10 Impresor: Joh. Ensched\u00e9 Stamps Security Printers B.V. (Pa\u00edses Bajos) Proceso: Hexacrom\u00eda Cantidad:7.000 hojas","og_url":"https:\/\/unstamps.org\/es\/producto\/no-nukes-no-a-las-armas-nucleares-us-170\/","og_site_name":"UN Stamps","article_modified_time":"2026-01-09T16:53:14+00:00","og_image":[{"width":1024,"height":1024,"url":"https:\/\/unstamps.org\/wp-content\/uploads\/2025\/08\/2025-No-Nukes-Single-NY.jpg","type":"image\/jpeg"}],"twitter_card":"summary_large_image","twitter_misc":{"Tiempo de lectura":"1 minuto"},"schema":{"@context":"https:\/\/schema.org","@graph":[{"@type":"WebPage","@id":"https:\/\/unstamps.org\/es\/producto\/no-nukes-no-a-las-armas-nucleares-us-170\/","url":"https:\/\/unstamps.org\/es\/producto\/no-nukes-no-a-las-armas-nucleares-us-170\/","name":"\u201cNo Nukes\u201d - No a las armas nucleares - US$ 1,70 - UN Stamps","isPartOf":{"@id":"https:\/\/unstamps.org\/es\/#website"},"primaryImageOfPage":{"@id":"https:\/\/unstamps.org\/es\/producto\/no-nukes-no-a-las-armas-nucleares-us-170\/#primaryimage"},"image":{"@id":"https:\/\/unstamps.org\/es\/producto\/no-nukes-no-a-las-armas-nucleares-us-170\/#primaryimage"},"thumbnailUrl":"https:\/\/unstamps.org\/wp-content\/uploads\/2025\/08\/2025-No-Nukes-Single-NY.jpg","datePublished":"2025-08-08T14:52:18+00:00","dateModified":"2026-01-09T16:53:14+00:00","breadcrumb":{"@id":"https:\/\/unstamps.org\/es\/producto\/no-nukes-no-a-las-armas-nucleares-us-170\/#breadcrumb"},"inLanguage":"es","potentialAction":[{"@type":"ReadAction","target":["https:\/\/unstamps.org\/es\/producto\/no-nukes-no-a-las-armas-nucleares-us-170\/"]}]},{"@type":"ImageObject","inLanguage":"es","@id":"https:\/\/unstamps.org\/es\/producto\/no-nukes-no-a-las-armas-nucleares-us-170\/#primaryimage","url":"https:\/\/unstamps.org\/wp-content\/uploads\/2025\/08\/2025-No-Nukes-Single-NY.jpg","contentUrl":"https:\/\/unstamps.org\/wp-content\/uploads\/2025\/08\/2025-No-Nukes-Single-NY.jpg","width":1024,"height":1024},{"@type":"BreadcrumbList","@id":"https:\/\/unstamps.org\/es\/producto\/no-nukes-no-a-las-armas-nucleares-us-170\/#breadcrumb","itemListElement":[{"@type":"ListItem","position":1,"name":"Home","item":"https:\/\/unstamps.org\/es\/"},{"@type":"ListItem","position":2,"name":"Shop","item":"https:\/\/unstamps.org\/es\/productos\/"},{"@type":"ListItem","position":3,"name":"\u201cNo Nukes\u201d &#8211; No a las armas nucleares &#8211; US$ 1,70"}]},{"@type":"WebSite","@id":"https:\/\/unstamps.org\/es\/#website","url":"https:\/\/unstamps.org\/es\/","name":"UN Stamps","description":"United Nations Stamps","publisher":{"@id":"https:\/\/unstamps.org\/es\/#organization"},"potentialAction":[{"@type":"SearchAction","target":{"@type":"EntryPoint","urlTemplate":"https:\/\/unstamps.org\/es\/?s={search_term_string}"},"query-input":{"@type":"PropertyValueSpecification","valueRequired":true,"valueName":"search_term_string"}}],"inLanguage":"es"},{"@type":"Organization","@id":"https:\/\/unstamps.org\/es\/#organization","name":"UN Stamps","url":"https:\/\/unstamps.org\/es\/","logo":{"@type":"ImageObject","inLanguage":"es","@id":"https:\/\/unstamps.org\/es\/#\/schema\/logo\/image\/","url":"https:\/\/unstamps.org\/wp-content\/uploads\/2014\/01\/logo4web.jpg","contentUrl":"https:\/\/unstamps.org\/wp-content\/uploads\/2014\/01\/logo4web.jpg","width":2500,"height":250,"caption":"UN Stamps"},"image":{"@id":"https:\/\/unstamps.org\/es\/#\/schema\/logo\/image\/"}}]}},"jetpack_sharing_enabled":true,"publishpress_future_action":{"enabled":false,"date":"2026-04-21 13:42:02","action":"change-status","newStatus":"private","terms":[],"taxonomy":"product_cat","extraData":[]},"publishpress_future_workflow_manual_trigger":{"enabledWorkflows":[]},"_links":{"self":[{"href":"https:\/\/unstamps.org\/es\/wp-json\/wp\/v2\/product\/195429","targetHints":{"allow":["GET"]}}],"collection":[{"href":"https:\/\/unstamps.org\/es\/wp-json\/wp\/v2\/product"}],"about":[{"href":"https:\/\/unstamps.org\/es\/wp-json\/wp\/v2\/types\/product"}],"replies":[{"embeddable":true,"href":"https:\/\/unstamps.org\/es\/wp-json\/wp\/v2\/comments?post=195429"}],"wp:featuredmedia":[{"embeddable":true,"href":"https:\/\/unstamps.org\/es\/wp-json\/wp\/v2\/media\/195707"}],"wp:attachment":[{"href":"https:\/\/unstamps.org\/es\/wp-json\/wp\/v2\/media?parent=195429"}],"wp:term":[{"taxonomy":"product_brand","embeddable":true,"href":"https:\/\/unstamps.org\/es\/wp-json\/wp\/v2\/product_brand?post=195429"},{"taxonomy":"product_cat","embeddable":true,"href":"https:\/\/unstamps.org\/es\/wp-json\/wp\/v2\/product_cat?post=195429"},{"taxonomy":"product_tag","embeddable":true,"href":"https:\/\/unstamps.org\/es\/wp-json\/wp\/v2\/product_tag?post=195429"}],"curies":[{"name":"wp","href":"https:\/\/api.w.org\/{rel}","templated":true}]}}