{"id":195190,"date":"2025-07-14T11:03:19","date_gmt":"2025-07-14T15:03:19","guid":{"rendered":"https:\/\/unstamps.org\/?post_type=product&#038;p=195190"},"modified":"2026-01-09T11:53:13","modified_gmt":"2026-01-09T16:53:13","slug":"078-usd-sobre-de-tamano-grande-2025","status":"publish","type":"product","link":"https:\/\/unstamps.org\/es\/producto\/078-usd-sobre-de-tamano-grande-2025\/","title":{"rendered":"0,78 USD Sobre de tama\u00f1o grande (2025)"},"content":{"rendered":"<p>El 14 de julio la APNU Nueva York emite un nuevo sobre de gran formato. El dise\u00f1o presenta una fotograf\u00eda de \u00e9poca del vest\u00edbulo de la Sede de las Naciones Unidas en Nueva York. <\/p>\n<p>Los clientes con requisitos de pedido permanente para enteros postales (art. 21) van a recibir este nuevo sobre pre-franqueado a trav\u00e9s de sus cuentas.<\/p>\n","protected":false},"excerpt":{"rendered":"<p>El 14 de julio la APNU Nueva York emite un nuevo sobre de gran formato. El dise\u00f1o presenta una fotograf\u00eda de \u00e9poca del vest\u00edbulo de la Sede de las Naciones Unidas en Nueva York. Los clientes con requisitos de pedido permanente para enteros postales (art. 21) van a recibir este nuevo sobre pre-franqueado a trav\u00e9s [&hellip;]<\/p>\n","protected":false},"featured_media":195209,"comment_status":"closed","ping_status":"closed","template":"","meta":{"ngg_post_thumbnail":0},"product_brand":[],"product_cat":[2956,948,924],"product_tag":[],"class_list":{"0":"post-195190","1":"product","2":"type-product","3":"status-publish","4":"has-post-thumbnail","6":"product_cat-2025-es","7":"product_cat-enteros-postales","8":"product_cat-nueva-york","9":"pa_condition-cancelled-es","10":"pa_condition-mint-es","12":"first","13":"instock","14":"shipping-taxable","15":"purchasable","16":"product-type-variable"},"yoast_head":"<!-- This site is optimized with the Yoast SEO plugin v27.4 - https:\/\/yoast.com\/product\/yoast-seo-wordpress\/ -->\n<title>0,78 USD Sobre de tama\u00f1o grande (2025) - UN Stamps<\/title>\n<meta name=\"robots\" content=\"index, follow, max-snippet:-1, max-image-preview:large, max-video-preview:-1\" \/>\n<link rel=\"canonical\" href=\"https:\/\/unstamps.org\/es\/producto\/078-usd-sobre-de-tamano-grande-2025\/\" \/>\n<meta property=\"og:locale\" content=\"es_ES\" \/>\n<meta property=\"og:type\" content=\"article\" \/>\n<meta property=\"og:title\" content=\"0,78 USD Sobre de tama\u00f1o grande (2025) - UN Stamps\" \/>\n<meta property=\"og:description\" content=\"El 14 de julio la APNU Nueva York emite un nuevo sobre de gran formato. El dise\u00f1o presenta una fotograf\u00eda de \u00e9poca del vest\u00edbulo de la Sede de las Naciones Unidas en Nueva York. Los clientes con requisitos de pedido permanente para enteros postales (art. 21) van a recibir este nuevo sobre pre-franqueado a trav\u00e9s [&hellip;]\" \/>\n<meta property=\"og:url\" content=\"https:\/\/unstamps.org\/es\/producto\/078-usd-sobre-de-tamano-grande-2025\/\" \/>\n<meta property=\"og:site_name\" content=\"UN Stamps\" \/>\n<meta property=\"article:modified_time\" content=\"2026-01-09T16:53:13+00:00\" \/>\n<meta property=\"og:image\" content=\"https:\/\/unstamps.org\/wp-content\/uploads\/2025\/07\/2024-Reval-735-MINT.jpg\" \/>\n\t<meta property=\"og:image:width\" content=\"1024\" \/>\n\t<meta property=\"og:image:height\" content=\"1024\" \/>\n\t<meta property=\"og:image:type\" content=\"image\/jpeg\" \/>\n<meta name=\"twitter:card\" content=\"summary_large_image\" \/>\n<script type=\"application\/ld+json\" class=\"yoast-schema-graph\">{\"@context\":\"https:\\\/\\\/schema.org\",\"@graph\":[{\"@type\":\"WebPage\",\"@id\":\"https:\\\/\\\/unstamps.org\\\/es\\\/producto\\\/078-usd-sobre-de-tamano-grande-2025\\\/\",\"url\":\"https:\\\/\\\/unstamps.org\\\/es\\\/producto\\\/078-usd-sobre-de-tamano-grande-2025\\\/\",\"name\":\"0,78 USD Sobre de tama\u00f1o grande (2025) - UN Stamps\",\"isPartOf\":{\"@id\":\"https:\\\/\\\/unstamps.org\\\/es\\\/#website\"},\"primaryImageOfPage\":{\"@id\":\"https:\\\/\\\/unstamps.org\\\/es\\\/producto\\\/078-usd-sobre-de-tamano-grande-2025\\\/#primaryimage\"},\"image\":{\"@id\":\"https:\\\/\\\/unstamps.org\\\/es\\\/producto\\\/078-usd-sobre-de-tamano-grande-2025\\\/#primaryimage\"},\"thumbnailUrl\":\"https:\\\/\\\/unstamps.org\\\/wp-content\\\/uploads\\\/2025\\\/07\\\/2024-Reval-735-MINT.jpg\",\"datePublished\":\"2025-07-14T15:03:19+00:00\",\"dateModified\":\"2026-01-09T16:53:13+00:00\",\"breadcrumb\":{\"@id\":\"https:\\\/\\\/unstamps.org\\\/es\\\/producto\\\/078-usd-sobre-de-tamano-grande-2025\\\/#breadcrumb\"},\"inLanguage\":\"es\",\"potentialAction\":[{\"@type\":\"ReadAction\",\"target\":[\"https:\\\/\\\/unstamps.org\\\/es\\\/producto\\\/078-usd-sobre-de-tamano-grande-2025\\\/\"]}]},{\"@type\":\"ImageObject\",\"inLanguage\":\"es\",\"@id\":\"https:\\\/\\\/unstamps.org\\\/es\\\/producto\\\/078-usd-sobre-de-tamano-grande-2025\\\/#primaryimage\",\"url\":\"https:\\\/\\\/unstamps.org\\\/wp-content\\\/uploads\\\/2025\\\/07\\\/2024-Reval-735-MINT.jpg\",\"contentUrl\":\"https:\\\/\\\/unstamps.org\\\/wp-content\\\/uploads\\\/2025\\\/07\\\/2024-Reval-735-MINT.jpg\",\"width\":1024,\"height\":1024},{\"@type\":\"BreadcrumbList\",\"@id\":\"https:\\\/\\\/unstamps.org\\\/es\\\/producto\\\/078-usd-sobre-de-tamano-grande-2025\\\/#breadcrumb\",\"itemListElement\":[{\"@type\":\"ListItem\",\"position\":1,\"name\":\"Home\",\"item\":\"https:\\\/\\\/unstamps.org\\\/es\\\/\"},{\"@type\":\"ListItem\",\"position\":2,\"name\":\"Shop\",\"item\":\"https:\\\/\\\/unstamps.org\\\/es\\\/productos\\\/\"},{\"@type\":\"ListItem\",\"position\":3,\"name\":\"0,78 USD Sobre de tama\u00f1o grande (2025)\"}]},{\"@type\":\"WebSite\",\"@id\":\"https:\\\/\\\/unstamps.org\\\/es\\\/#website\",\"url\":\"https:\\\/\\\/unstamps.org\\\/es\\\/\",\"name\":\"UN Stamps\",\"description\":\"United Nations Stamps\",\"publisher\":{\"@id\":\"https:\\\/\\\/unstamps.org\\\/es\\\/#organization\"},\"potentialAction\":[{\"@type\":\"SearchAction\",\"target\":{\"@type\":\"EntryPoint\",\"urlTemplate\":\"https:\\\/\\\/unstamps.org\\\/es\\\/?s={search_term_string}\"},\"query-input\":{\"@type\":\"PropertyValueSpecification\",\"valueRequired\":true,\"valueName\":\"search_term_string\"}}],\"inLanguage\":\"es\"},{\"@type\":\"Organization\",\"@id\":\"https:\\\/\\\/unstamps.org\\\/es\\\/#organization\",\"name\":\"UN Stamps\",\"url\":\"https:\\\/\\\/unstamps.org\\\/es\\\/\",\"logo\":{\"@type\":\"ImageObject\",\"inLanguage\":\"es\",\"@id\":\"https:\\\/\\\/unstamps.org\\\/es\\\/#\\\/schema\\\/logo\\\/image\\\/\",\"url\":\"https:\\\/\\\/unstamps.org\\\/wp-content\\\/uploads\\\/2014\\\/01\\\/logo4web.jpg\",\"contentUrl\":\"https:\\\/\\\/unstamps.org\\\/wp-content\\\/uploads\\\/2014\\\/01\\\/logo4web.jpg\",\"width\":2500,\"height\":250,\"caption\":\"UN Stamps\"},\"image\":{\"@id\":\"https:\\\/\\\/unstamps.org\\\/es\\\/#\\\/schema\\\/logo\\\/image\\\/\"}}]}<\/script>\n<!-- \/ Yoast SEO plugin. -->","yoast_head_json":{"title":"0,78 USD Sobre de tama\u00f1o grande (2025) - UN Stamps","robots":{"index":"index","follow":"follow","max-snippet":"max-snippet:-1","max-image-preview":"max-image-preview:large","max-video-preview":"max-video-preview:-1"},"canonical":"https:\/\/unstamps.org\/es\/producto\/078-usd-sobre-de-tamano-grande-2025\/","og_locale":"es_ES","og_type":"article","og_title":"0,78 USD Sobre de tama\u00f1o grande (2025) - UN Stamps","og_description":"El 14 de julio la APNU Nueva York emite un nuevo sobre de gran formato. El dise\u00f1o presenta una fotograf\u00eda de \u00e9poca del vest\u00edbulo de la Sede de las Naciones Unidas en Nueva York. Los clientes con requisitos de pedido permanente para enteros postales (art. 21) van a recibir este nuevo sobre pre-franqueado a trav\u00e9s [&hellip;]","og_url":"https:\/\/unstamps.org\/es\/producto\/078-usd-sobre-de-tamano-grande-2025\/","og_site_name":"UN Stamps","article_modified_time":"2026-01-09T16:53:13+00:00","og_image":[{"width":1024,"height":1024,"url":"https:\/\/unstamps.org\/wp-content\/uploads\/2025\/07\/2024-Reval-735-MINT.jpg","type":"image\/jpeg"}],"twitter_card":"summary_large_image","schema":{"@context":"https:\/\/schema.org","@graph":[{"@type":"WebPage","@id":"https:\/\/unstamps.org\/es\/producto\/078-usd-sobre-de-tamano-grande-2025\/","url":"https:\/\/unstamps.org\/es\/producto\/078-usd-sobre-de-tamano-grande-2025\/","name":"0,78 USD Sobre de tama\u00f1o grande (2025) - UN Stamps","isPartOf":{"@id":"https:\/\/unstamps.org\/es\/#website"},"primaryImageOfPage":{"@id":"https:\/\/unstamps.org\/es\/producto\/078-usd-sobre-de-tamano-grande-2025\/#primaryimage"},"image":{"@id":"https:\/\/unstamps.org\/es\/producto\/078-usd-sobre-de-tamano-grande-2025\/#primaryimage"},"thumbnailUrl":"https:\/\/unstamps.org\/wp-content\/uploads\/2025\/07\/2024-Reval-735-MINT.jpg","datePublished":"2025-07-14T15:03:19+00:00","dateModified":"2026-01-09T16:53:13+00:00","breadcrumb":{"@id":"https:\/\/unstamps.org\/es\/producto\/078-usd-sobre-de-tamano-grande-2025\/#breadcrumb"},"inLanguage":"es","potentialAction":[{"@type":"ReadAction","target":["https:\/\/unstamps.org\/es\/producto\/078-usd-sobre-de-tamano-grande-2025\/"]}]},{"@type":"ImageObject","inLanguage":"es","@id":"https:\/\/unstamps.org\/es\/producto\/078-usd-sobre-de-tamano-grande-2025\/#primaryimage","url":"https:\/\/unstamps.org\/wp-content\/uploads\/2025\/07\/2024-Reval-735-MINT.jpg","contentUrl":"https:\/\/unstamps.org\/wp-content\/uploads\/2025\/07\/2024-Reval-735-MINT.jpg","width":1024,"height":1024},{"@type":"BreadcrumbList","@id":"https:\/\/unstamps.org\/es\/producto\/078-usd-sobre-de-tamano-grande-2025\/#breadcrumb","itemListElement":[{"@type":"ListItem","position":1,"name":"Home","item":"https:\/\/unstamps.org\/es\/"},{"@type":"ListItem","position":2,"name":"Shop","item":"https:\/\/unstamps.org\/es\/productos\/"},{"@type":"ListItem","position":3,"name":"0,78 USD Sobre de tama\u00f1o grande (2025)"}]},{"@type":"WebSite","@id":"https:\/\/unstamps.org\/es\/#website","url":"https:\/\/unstamps.org\/es\/","name":"UN Stamps","description":"United Nations Stamps","publisher":{"@id":"https:\/\/unstamps.org\/es\/#organization"},"potentialAction":[{"@type":"SearchAction","target":{"@type":"EntryPoint","urlTemplate":"https:\/\/unstamps.org\/es\/?s={search_term_string}"},"query-input":{"@type":"PropertyValueSpecification","valueRequired":true,"valueName":"search_term_string"}}],"inLanguage":"es"},{"@type":"Organization","@id":"https:\/\/unstamps.org\/es\/#organization","name":"UN Stamps","url":"https:\/\/unstamps.org\/es\/","logo":{"@type":"ImageObject","inLanguage":"es","@id":"https:\/\/unstamps.org\/es\/#\/schema\/logo\/image\/","url":"https:\/\/unstamps.org\/wp-content\/uploads\/2014\/01\/logo4web.jpg","contentUrl":"https:\/\/unstamps.org\/wp-content\/uploads\/2014\/01\/logo4web.jpg","width":2500,"height":250,"caption":"UN Stamps"},"image":{"@id":"https:\/\/unstamps.org\/es\/#\/schema\/logo\/image\/"}}]}},"jetpack_sharing_enabled":true,"publishpress_future_action":{"enabled":false,"date":"2026-04-28 11:29:54","action":"change-status","newStatus":"private","terms":[],"taxonomy":"product_cat","extraData":[]},"publishpress_future_workflow_manual_trigger":{"enabledWorkflows":[]},"_links":{"self":[{"href":"https:\/\/unstamps.org\/es\/wp-json\/wp\/v2\/product\/195190","targetHints":{"allow":["GET"]}}],"collection":[{"href":"https:\/\/unstamps.org\/es\/wp-json\/wp\/v2\/product"}],"about":[{"href":"https:\/\/unstamps.org\/es\/wp-json\/wp\/v2\/types\/product"}],"replies":[{"embeddable":true,"href":"https:\/\/unstamps.org\/es\/wp-json\/wp\/v2\/comments?post=195190"}],"wp:featuredmedia":[{"embeddable":true,"href":"https:\/\/unstamps.org\/es\/wp-json\/wp\/v2\/media\/195209"}],"wp:attachment":[{"href":"https:\/\/unstamps.org\/es\/wp-json\/wp\/v2\/media?parent=195190"}],"wp:term":[{"taxonomy":"product_brand","embeddable":true,"href":"https:\/\/unstamps.org\/es\/wp-json\/wp\/v2\/product_brand?post=195190"},{"taxonomy":"product_cat","embeddable":true,"href":"https:\/\/unstamps.org\/es\/wp-json\/wp\/v2\/product_cat?post=195190"},{"taxonomy":"product_tag","embeddable":true,"href":"https:\/\/unstamps.org\/es\/wp-json\/wp\/v2\/product_tag?post=195190"}],"curies":[{"name":"wp","href":"https:\/\/api.w.org\/{rel}","templated":true}]}}