{"id":194682,"date":"2025-05-30T12:03:12","date_gmt":"2025-05-30T16:08:43","guid":{"rendered":"https:\/\/unstamps.org\/?post_type=product&#038;p=194682"},"modified":"2026-01-09T11:53:13","modified_gmt":"2026-01-09T16:53:13","slug":"ano-internacional-de-la-conservacion-de-los-glaciares","status":"publish","type":"product","link":"https:\/\/unstamps.org\/es\/producto\/ano-internacional-de-la-conservacion-de-los-glaciares\/","title":{"rendered":"A\u00f1o Internacional De La Conservaci\u00f3n De Los Glaciares"},"content":{"rendered":"<p>Para subrayar la importancia de la conservaci\u00f3n de los glaciares, el 6 de junio de 2025 la APNU emitir\u00e1 una hoja para eventos especiales compuesta por 10 sellos, cada uno con un valor de 1,20 \u20ac.<\/p>\n<p>La Asamblea General ha proclamado el 2025 como el A\u00f1o Internacional de la Conservaci\u00f3n de los Glaciares para sensibilizar al p\u00fablico sobre el papel vital que desempe\u00f1an los glaciares, la nieve y el hielo en el sistema clim\u00e1tico y en el ciclo del agua, as\u00ed como sobre los impactos de gran alcance del r\u00e1pido derretimiento de los glaciares.<\/p>\n<p>Los glaciares son fundamentales para regular el clima global y proporcionar agua dulce a miles de millones de personas. Sin embargo, debido a los cambios clim\u00e1ticos, determinados principalmente por las actividades humanas, estos recursos vitales se est\u00e1n derritiendo r\u00e1pidamente.<\/p>\n<p>La conservaci\u00f3n de los glaciares es uno de los desaf\u00edos m\u00e1s urgentes para la humanidad. Estas antiguas formaciones de hielo no son solo agua congelada: son los guardianes de la historia clim\u00e1tica de nuestro planeta, fuente de vida para miles de millones de personas y lugares sagrados para muchas culturas. Su r\u00e1pida desaparici\u00f3n nos recuerda que debemos actuar con urgencia.<\/p>\n<p>Los dise\u00f1os de la hoja son los siguientes<\/p>\n<p><strong>Columna izquierda de arriba a abajo:<\/strong><br \/>\n1. El glaciar Perito Moreno, Argentina<br \/>\n2. Monte Gongga y glaciar en el Parque Forestal de los Glaciares de Hailuogou, China<br \/>\n3. Vista panor\u00e1mica de los glaciares de Alaska desde la bah\u00eda de Prince William Sound, Estados Unidos<br \/>\n4. Glaciar Pasterze, Austria<br \/>\n5. Glaciar Franz Josef, Nueva Zelanda<\/p>\n<p><strong>Columna de la derecha de arriba a abajo:<\/strong><br \/>\n6. Laguna J\u00f6kuls\u00e1rl\u00f3n Galcier con glaciares y monta\u00f1as de Vatnaj\u00f6kull, Islandia<br \/>\n7. Aguas heladas y glaciar Lambert, Ant\u00e1rtida<br \/>\n8. Glaciar Aletsch, Suiza<br \/>\n9. Parque Nacional Jostedalsbreen, Noruega<br \/>\n10. Grandes icebergs en el fiordo de Ilulissat, Groenlandia<br \/>\nEl fondo de la hoja muestra los glaciares de Ilulissat en la bah\u00eda de Disko, Groenlandia.<\/p>\n<p>El sello ha sido dise\u00f1ado por Rorie Katz (Naciones Unidas). <\/p>\n<p>Los sellos pueden personalizarse con una fotograf\u00eda que sustituya al logotipo de las Naciones Unidas. Los clientes pueden visitar las tiendas de sellos de la APNU en Nueva York o Viena para que les tomen las fotos en persona, o pueden subirlas directamente al sitio web de la APNU unstamps.org\/personalized-stamps. Las instrucciones para realizar el pedido est\u00e1n disponibles en el sitio web. <\/p>\n<p><strong>Detalles t\u00e9cnicos:<\/strong><br \/>\n<strong>Tama\u00f1o del sello:<\/strong> 40,6 mm x 29,8 mm<br \/>\n<strong>Tama\u00f1o de la pesta\u00f1a:<\/strong> 26,6 mm x 29,8 mm<br \/>\n<strong>Tama\u00f1o de la hoja:<\/strong> 279,4 mm x 215,9 mm<br \/>\n<strong>Impresi\u00f3n:<\/strong> Interna<\/p>\n","protected":false},"excerpt":{"rendered":"<p>Para subrayar la importancia de la conservaci\u00f3n de los glaciares, el 6 de junio de 2025 la APNU emitir\u00e1 una hoja para eventos especiales compuesta por 10 sellos, cada uno con un valor de 1,20 \u20ac. La Asamblea General ha proclamado el 2025 como el A\u00f1o Internacional de la Conservaci\u00f3n de los Glaciares para sensibilizar [&hellip;]<\/p>\n","protected":false},"featured_media":194707,"comment_status":"closed","ping_status":"closed","template":"","meta":{"ngg_post_thumbnail":0},"product_brand":[],"product_cat":[2956,938],"product_tag":[],"class_list":{"0":"post-194682","1":"product","2":"type-product","3":"status-publish","4":"has-post-thumbnail","6":"product_cat-2025-es","7":"product_cat-pliegos-personalizados","8":"pa_condition-cancelled-es","9":"pa_condition-mint-es","11":"first","12":"instock","13":"shipping-taxable","14":"purchasable","15":"product-type-variable"},"yoast_head":"<!-- This site is optimized with the Yoast SEO plugin v27.3 - https:\/\/yoast.com\/product\/yoast-seo-wordpress\/ -->\n<title>A\u00f1o Internacional De La Conservaci\u00f3n De Los Glaciares - UN Stamps<\/title>\n<meta name=\"robots\" content=\"index, follow, max-snippet:-1, max-image-preview:large, max-video-preview:-1\" \/>\n<link rel=\"canonical\" href=\"https:\/\/unstamps.org\/es\/producto\/ano-internacional-de-la-conservacion-de-los-glaciares\/\" \/>\n<meta property=\"og:locale\" content=\"es_ES\" \/>\n<meta property=\"og:type\" content=\"article\" \/>\n<meta property=\"og:title\" content=\"A\u00f1o Internacional De La Conservaci\u00f3n De Los Glaciares - UN Stamps\" \/>\n<meta property=\"og:description\" content=\"Para subrayar la importancia de la conservaci\u00f3n de los glaciares, el 6 de junio de 2025 la APNU emitir\u00e1 una hoja para eventos especiales compuesta por 10 sellos, cada uno con un valor de 1,20 \u20ac. La Asamblea General ha proclamado el 2025 como el A\u00f1o Internacional de la Conservaci\u00f3n de los Glaciares para sensibilizar [&hellip;]\" \/>\n<meta property=\"og:url\" content=\"https:\/\/unstamps.org\/es\/producto\/ano-internacional-de-la-conservacion-de-los-glaciares\/\" \/>\n<meta property=\"og:site_name\" content=\"UN Stamps\" \/>\n<meta property=\"article:modified_time\" content=\"2026-01-09T16:53:13+00:00\" \/>\n<meta property=\"og:image\" content=\"https:\/\/unstamps.org\/wp-content\/uploads\/2025\/05\/2025-Glacier-PSS-Mint-Web.jpg\" \/>\n\t<meta property=\"og:image:width\" content=\"1024\" \/>\n\t<meta property=\"og:image:height\" content=\"1024\" \/>\n\t<meta property=\"og:image:type\" content=\"image\/jpeg\" \/>\n<meta name=\"twitter:card\" content=\"summary_large_image\" \/>\n<meta name=\"twitter:label1\" content=\"Tiempo de lectura\" \/>\n\t<meta name=\"twitter:data1\" content=\"2 minutos\" \/>\n<script type=\"application\/ld+json\" class=\"yoast-schema-graph\">{\"@context\":\"https:\\\/\\\/schema.org\",\"@graph\":[{\"@type\":\"WebPage\",\"@id\":\"https:\\\/\\\/unstamps.org\\\/es\\\/producto\\\/ano-internacional-de-la-conservacion-de-los-glaciares\\\/\",\"url\":\"https:\\\/\\\/unstamps.org\\\/es\\\/producto\\\/ano-internacional-de-la-conservacion-de-los-glaciares\\\/\",\"name\":\"A\u00f1o Internacional De La Conservaci\u00f3n De Los Glaciares - UN Stamps\",\"isPartOf\":{\"@id\":\"https:\\\/\\\/unstamps.org\\\/es\\\/#website\"},\"primaryImageOfPage\":{\"@id\":\"https:\\\/\\\/unstamps.org\\\/es\\\/producto\\\/ano-internacional-de-la-conservacion-de-los-glaciares\\\/#primaryimage\"},\"image\":{\"@id\":\"https:\\\/\\\/unstamps.org\\\/es\\\/producto\\\/ano-internacional-de-la-conservacion-de-los-glaciares\\\/#primaryimage\"},\"thumbnailUrl\":\"https:\\\/\\\/unstamps.org\\\/wp-content\\\/uploads\\\/2025\\\/05\\\/2025-Glacier-PSS-Mint-Web.jpg\",\"datePublished\":\"2025-05-30T16:08:43+00:00\",\"dateModified\":\"2026-01-09T16:53:13+00:00\",\"breadcrumb\":{\"@id\":\"https:\\\/\\\/unstamps.org\\\/es\\\/producto\\\/ano-internacional-de-la-conservacion-de-los-glaciares\\\/#breadcrumb\"},\"inLanguage\":\"es\",\"potentialAction\":[{\"@type\":\"ReadAction\",\"target\":[\"https:\\\/\\\/unstamps.org\\\/es\\\/producto\\\/ano-internacional-de-la-conservacion-de-los-glaciares\\\/\"]}]},{\"@type\":\"ImageObject\",\"inLanguage\":\"es\",\"@id\":\"https:\\\/\\\/unstamps.org\\\/es\\\/producto\\\/ano-internacional-de-la-conservacion-de-los-glaciares\\\/#primaryimage\",\"url\":\"https:\\\/\\\/unstamps.org\\\/wp-content\\\/uploads\\\/2025\\\/05\\\/2025-Glacier-PSS-Mint-Web.jpg\",\"contentUrl\":\"https:\\\/\\\/unstamps.org\\\/wp-content\\\/uploads\\\/2025\\\/05\\\/2025-Glacier-PSS-Mint-Web.jpg\",\"width\":1024,\"height\":1024},{\"@type\":\"BreadcrumbList\",\"@id\":\"https:\\\/\\\/unstamps.org\\\/es\\\/producto\\\/ano-internacional-de-la-conservacion-de-los-glaciares\\\/#breadcrumb\",\"itemListElement\":[{\"@type\":\"ListItem\",\"position\":1,\"name\":\"Home\",\"item\":\"https:\\\/\\\/unstamps.org\\\/es\\\/\"},{\"@type\":\"ListItem\",\"position\":2,\"name\":\"Shop\",\"item\":\"https:\\\/\\\/unstamps.org\\\/es\\\/productos\\\/\"},{\"@type\":\"ListItem\",\"position\":3,\"name\":\"A\u00f1o Internacional De La Conservaci\u00f3n De Los Glaciares\"}]},{\"@type\":\"WebSite\",\"@id\":\"https:\\\/\\\/unstamps.org\\\/es\\\/#website\",\"url\":\"https:\\\/\\\/unstamps.org\\\/es\\\/\",\"name\":\"UN Stamps\",\"description\":\"United Nations Stamps\",\"publisher\":{\"@id\":\"https:\\\/\\\/unstamps.org\\\/es\\\/#organization\"},\"potentialAction\":[{\"@type\":\"SearchAction\",\"target\":{\"@type\":\"EntryPoint\",\"urlTemplate\":\"https:\\\/\\\/unstamps.org\\\/es\\\/?s={search_term_string}\"},\"query-input\":{\"@type\":\"PropertyValueSpecification\",\"valueRequired\":true,\"valueName\":\"search_term_string\"}}],\"inLanguage\":\"es\"},{\"@type\":\"Organization\",\"@id\":\"https:\\\/\\\/unstamps.org\\\/es\\\/#organization\",\"name\":\"UN Stamps\",\"url\":\"https:\\\/\\\/unstamps.org\\\/es\\\/\",\"logo\":{\"@type\":\"ImageObject\",\"inLanguage\":\"es\",\"@id\":\"https:\\\/\\\/unstamps.org\\\/es\\\/#\\\/schema\\\/logo\\\/image\\\/\",\"url\":\"https:\\\/\\\/unstamps.org\\\/wp-content\\\/uploads\\\/2014\\\/01\\\/logo4web.jpg\",\"contentUrl\":\"https:\\\/\\\/unstamps.org\\\/wp-content\\\/uploads\\\/2014\\\/01\\\/logo4web.jpg\",\"width\":2500,\"height\":250,\"caption\":\"UN Stamps\"},\"image\":{\"@id\":\"https:\\\/\\\/unstamps.org\\\/es\\\/#\\\/schema\\\/logo\\\/image\\\/\"}}]}<\/script>\n<!-- \/ Yoast SEO plugin. -->","yoast_head_json":{"title":"A\u00f1o Internacional De La Conservaci\u00f3n De Los Glaciares - UN Stamps","robots":{"index":"index","follow":"follow","max-snippet":"max-snippet:-1","max-image-preview":"max-image-preview:large","max-video-preview":"max-video-preview:-1"},"canonical":"https:\/\/unstamps.org\/es\/producto\/ano-internacional-de-la-conservacion-de-los-glaciares\/","og_locale":"es_ES","og_type":"article","og_title":"A\u00f1o Internacional De La Conservaci\u00f3n De Los Glaciares - UN Stamps","og_description":"Para subrayar la importancia de la conservaci\u00f3n de los glaciares, el 6 de junio de 2025 la APNU emitir\u00e1 una hoja para eventos especiales compuesta por 10 sellos, cada uno con un valor de 1,20 \u20ac. La Asamblea General ha proclamado el 2025 como el A\u00f1o Internacional de la Conservaci\u00f3n de los Glaciares para sensibilizar [&hellip;]","og_url":"https:\/\/unstamps.org\/es\/producto\/ano-internacional-de-la-conservacion-de-los-glaciares\/","og_site_name":"UN Stamps","article_modified_time":"2026-01-09T16:53:13+00:00","og_image":[{"width":1024,"height":1024,"url":"https:\/\/unstamps.org\/wp-content\/uploads\/2025\/05\/2025-Glacier-PSS-Mint-Web.jpg","type":"image\/jpeg"}],"twitter_card":"summary_large_image","twitter_misc":{"Tiempo de lectura":"2 minutos"},"schema":{"@context":"https:\/\/schema.org","@graph":[{"@type":"WebPage","@id":"https:\/\/unstamps.org\/es\/producto\/ano-internacional-de-la-conservacion-de-los-glaciares\/","url":"https:\/\/unstamps.org\/es\/producto\/ano-internacional-de-la-conservacion-de-los-glaciares\/","name":"A\u00f1o Internacional De La Conservaci\u00f3n De Los Glaciares - UN Stamps","isPartOf":{"@id":"https:\/\/unstamps.org\/es\/#website"},"primaryImageOfPage":{"@id":"https:\/\/unstamps.org\/es\/producto\/ano-internacional-de-la-conservacion-de-los-glaciares\/#primaryimage"},"image":{"@id":"https:\/\/unstamps.org\/es\/producto\/ano-internacional-de-la-conservacion-de-los-glaciares\/#primaryimage"},"thumbnailUrl":"https:\/\/unstamps.org\/wp-content\/uploads\/2025\/05\/2025-Glacier-PSS-Mint-Web.jpg","datePublished":"2025-05-30T16:08:43+00:00","dateModified":"2026-01-09T16:53:13+00:00","breadcrumb":{"@id":"https:\/\/unstamps.org\/es\/producto\/ano-internacional-de-la-conservacion-de-los-glaciares\/#breadcrumb"},"inLanguage":"es","potentialAction":[{"@type":"ReadAction","target":["https:\/\/unstamps.org\/es\/producto\/ano-internacional-de-la-conservacion-de-los-glaciares\/"]}]},{"@type":"ImageObject","inLanguage":"es","@id":"https:\/\/unstamps.org\/es\/producto\/ano-internacional-de-la-conservacion-de-los-glaciares\/#primaryimage","url":"https:\/\/unstamps.org\/wp-content\/uploads\/2025\/05\/2025-Glacier-PSS-Mint-Web.jpg","contentUrl":"https:\/\/unstamps.org\/wp-content\/uploads\/2025\/05\/2025-Glacier-PSS-Mint-Web.jpg","width":1024,"height":1024},{"@type":"BreadcrumbList","@id":"https:\/\/unstamps.org\/es\/producto\/ano-internacional-de-la-conservacion-de-los-glaciares\/#breadcrumb","itemListElement":[{"@type":"ListItem","position":1,"name":"Home","item":"https:\/\/unstamps.org\/es\/"},{"@type":"ListItem","position":2,"name":"Shop","item":"https:\/\/unstamps.org\/es\/productos\/"},{"@type":"ListItem","position":3,"name":"A\u00f1o Internacional De La Conservaci\u00f3n De Los Glaciares"}]},{"@type":"WebSite","@id":"https:\/\/unstamps.org\/es\/#website","url":"https:\/\/unstamps.org\/es\/","name":"UN Stamps","description":"United Nations Stamps","publisher":{"@id":"https:\/\/unstamps.org\/es\/#organization"},"potentialAction":[{"@type":"SearchAction","target":{"@type":"EntryPoint","urlTemplate":"https:\/\/unstamps.org\/es\/?s={search_term_string}"},"query-input":{"@type":"PropertyValueSpecification","valueRequired":true,"valueName":"search_term_string"}}],"inLanguage":"es"},{"@type":"Organization","@id":"https:\/\/unstamps.org\/es\/#organization","name":"UN Stamps","url":"https:\/\/unstamps.org\/es\/","logo":{"@type":"ImageObject","inLanguage":"es","@id":"https:\/\/unstamps.org\/es\/#\/schema\/logo\/image\/","url":"https:\/\/unstamps.org\/wp-content\/uploads\/2014\/01\/logo4web.jpg","contentUrl":"https:\/\/unstamps.org\/wp-content\/uploads\/2014\/01\/logo4web.jpg","width":2500,"height":250,"caption":"UN Stamps"},"image":{"@id":"https:\/\/unstamps.org\/es\/#\/schema\/logo\/image\/"}}]}},"jetpack_sharing_enabled":true,"publishpress_future_action":{"enabled":false,"date":"2026-04-16 11:25:07","action":"change-status","newStatus":"private","terms":[],"taxonomy":"product_cat","extraData":[]},"publishpress_future_workflow_manual_trigger":{"enabledWorkflows":[]},"_links":{"self":[{"href":"https:\/\/unstamps.org\/es\/wp-json\/wp\/v2\/product\/194682","targetHints":{"allow":["GET"]}}],"collection":[{"href":"https:\/\/unstamps.org\/es\/wp-json\/wp\/v2\/product"}],"about":[{"href":"https:\/\/unstamps.org\/es\/wp-json\/wp\/v2\/types\/product"}],"replies":[{"embeddable":true,"href":"https:\/\/unstamps.org\/es\/wp-json\/wp\/v2\/comments?post=194682"}],"wp:featuredmedia":[{"embeddable":true,"href":"https:\/\/unstamps.org\/es\/wp-json\/wp\/v2\/media\/194707"}],"wp:attachment":[{"href":"https:\/\/unstamps.org\/es\/wp-json\/wp\/v2\/media?parent=194682"}],"wp:term":[{"taxonomy":"product_brand","embeddable":true,"href":"https:\/\/unstamps.org\/es\/wp-json\/wp\/v2\/product_brand?post=194682"},{"taxonomy":"product_cat","embeddable":true,"href":"https:\/\/unstamps.org\/es\/wp-json\/wp\/v2\/product_cat?post=194682"},{"taxonomy":"product_tag","embeddable":true,"href":"https:\/\/unstamps.org\/es\/wp-json\/wp\/v2\/product_tag?post=194682"}],"curies":[{"name":"wp","href":"https:\/\/api.w.org\/{rel}","templated":true}]}}