{"id":194242,"date":"2025-05-16T09:30:12","date_gmt":"2025-05-16T13:33:01","guid":{"rendered":"https:\/\/unstamps.org\/?post_type=product&#038;p=194242"},"modified":"2026-01-09T11:53:13","modified_gmt":"2026-01-09T16:53:13","slug":"centenario-del-museo-del-palacio-imperial-de-pekin","status":"publish","type":"product","link":"https:\/\/unstamps.org\/es\/producto\/centenario-del-museo-del-palacio-imperial-de-pekin\/","title":{"rendered":"Centenario Del Museo Del Palacio Imperial De Pek\u00edn"},"content":{"rendered":"<p>El 18 de mayo de 2025, D\u00eda Internacional de los Museos, la Administraci\u00f3n Postal de las Naciones Unidas emitir\u00e1 en Nueva York una hoja de de eventos especiales para conmemorar el centenario del Museo del Palacio Imperial de Pek\u00edn.<\/p>\n<p>Los sellos, valorados en 1,65 $ cada uno, celebran la importancia cultural e hist\u00f3rica del museo, reconocido como Patrimonio de la Humanidad, destacando el encanto y la singularidad de la cultura tradicional china.<\/p>\n<p>El Museo del Palacio, situado en la Ciudad Prohibida, en el coraz\u00f3n de Pek\u00edn, fue fundado el 10 de octubre de 1925. Se encuentra en el sitio de los antiguos palacios imperiales de las dinast\u00edas Ming y Qing. En 1987, la Ciudad Prohibida fue incluida en la lista del Patrimonio Mundial de la UNESCO.<\/p>\n<p>La hoja de sellos exhibe motivos florales elegidos entre diez reliquias culturales de la colecci\u00f3n del museo. Cada flor, como la magnolia, la peon\u00eda, el ciruelo en flor y el loto, posee un profundo significado cultural, celebrando la belleza de la diversidad y la vitalidad eterna.<\/p>\n<p>Dise\u00f1os en el lado izquierdo, de arriba a abajo:<br \/>\n1. \u00c1lbum de flores y p\u00e1jaros: Flor del ar\u00e1ndano, por Yu Zhi, dinast\u00eda Qing (1644-1911)<br \/>\n2. Cama de laca negra con incrustaciones de n\u00e1car, con motivos de flores y p\u00e1jaros, dinast\u00eda Ming (1368-1644)<br \/>\n3. Copa de oro con incrustaciones de joyas e inscripci\u00f3n \u00abTerritorio eterno\u00bb, reinado de Qianlong, dinast\u00eda Qing (1644-1911)<br \/>\n4. Bons\u00e1i de tesoro en maceta de oro, dinast\u00eda Qing (1644-1911)<br \/>\n5. Plato con tallo pintado con esmalte, dise\u00f1ado con flores, frutas y vides, dinast\u00eda Qing (1644-1911)<br \/>\nDise\u00f1os en el lado derecho, de arriba a abajo:<br \/>\n6. Traje de diosa de las flores en sat\u00e9n verde, con bordados de osmanthus, conejo y flores redondas, dinast\u00eda Qing (1644-1911)<br \/>\n7. Cuenco de esmalte amarillo con dise\u00f1o de orqu\u00eddeas y rocas, reinado de Yongzheng, dinast\u00eda Qing (1644-1911)<br \/>\n8. Plato tallado en laca roja con narciso, dinast\u00eda Yuan (1279-1368)<br \/>\n9. Caja de madera de abedul con incrustaciones de piedras preciosas, que simbolizan la riqueza y la nobleza, dinast\u00eda Ming (1368-1644)<br \/>\n10. Azulejos vidriados de la pared de la puerta de la rectitud, sala de Cultivo Mental<\/p>\n<p><strong>Detalles t\u00e9cnicos:<\/strong><br \/>\n<strong>Tama\u00f1o del sello:<\/strong> 40,6 mm x 29,8 mm<br \/>\n<strong>Tama\u00f1o de la pesta\u00f1a:<\/strong> 26,6 mm x 29,8 mm<br \/>\n<strong>Tama\u00f1o de la hoja:<\/strong> 279,4 mm x 215,9 mm<br \/>\n<strong>Cantidad:<\/strong> 16,800<br \/>\n<strong>Impresi\u00f3n:<\/strong> Cartor Security Printing (Francia)<br \/>\n<strong>Proyecto:<\/strong> Wu Di, Zhang Lei<br \/>\n<strong>Dise\u00f1o:<\/strong> Zhang Panjian, Zhang Qingfeng<\/p>\n<p>Los clientes con pedido permanente de hojas para eventos especiales (394) recibir\u00e1n autom\u00e1ticamente las hojas de sellos a trav\u00e9s de sus cuentas.<\/p>\n","protected":false},"excerpt":{"rendered":"<p>El 18 de mayo de 2025, D\u00eda Internacional de los Museos, la Administraci\u00f3n Postal de las Naciones Unidas emitir\u00e1 en Nueva York una hoja de de eventos especiales para conmemorar el centenario del Museo del Palacio Imperial de Pek\u00edn. Los sellos, valorados en 1,65 $ cada uno, celebran la importancia cultural e hist\u00f3rica del museo, [&hellip;]<\/p>\n","protected":false},"featured_media":194226,"comment_status":"closed","ping_status":"closed","template":"","meta":{"ngg_post_thumbnail":0},"product_brand":[],"product_cat":[2956,924,938],"product_tag":[],"class_list":{"0":"post-194242","1":"product","2":"type-product","3":"status-publish","4":"has-post-thumbnail","6":"product_cat-2025-es","7":"product_cat-nueva-york","8":"product_cat-pliegos-personalizados","9":"pa_condition-cancelled-es","10":"pa_condition-mint-es","12":"first","13":"outofstock","14":"shipping-taxable","15":"purchasable","16":"product-type-variable"},"yoast_head":"<!-- This site is optimized with the Yoast SEO plugin v27.4 - https:\/\/yoast.com\/product\/yoast-seo-wordpress\/ -->\n<title>Centenario Del Museo Del Palacio Imperial De Pek\u00edn - UN Stamps<\/title>\n<meta name=\"robots\" content=\"index, follow, max-snippet:-1, max-image-preview:large, max-video-preview:-1\" \/>\n<link rel=\"canonical\" href=\"https:\/\/unstamps.org\/es\/producto\/centenario-del-museo-del-palacio-imperial-de-pekin\/\" \/>\n<meta property=\"og:locale\" content=\"es_ES\" \/>\n<meta property=\"og:type\" content=\"article\" \/>\n<meta property=\"og:title\" content=\"Centenario Del Museo Del Palacio Imperial De Pek\u00edn - UN Stamps\" \/>\n<meta property=\"og:description\" content=\"El 18 de mayo de 2025, D\u00eda Internacional de los Museos, la Administraci\u00f3n Postal de las Naciones Unidas emitir\u00e1 en Nueva York una hoja de de eventos especiales para conmemorar el centenario del Museo del Palacio Imperial de Pek\u00edn. Los sellos, valorados en 1,65 $ cada uno, celebran la importancia cultural e hist\u00f3rica del museo, [&hellip;]\" \/>\n<meta property=\"og:url\" content=\"https:\/\/unstamps.org\/es\/producto\/centenario-del-museo-del-palacio-imperial-de-pekin\/\" \/>\n<meta property=\"og:site_name\" content=\"UN Stamps\" \/>\n<meta property=\"article:modified_time\" content=\"2026-01-09T16:53:13+00:00\" \/>\n<meta property=\"og:image\" content=\"https:\/\/unstamps.org\/wp-content\/uploads\/2025\/05\/2025-Palace-Museum-PSS-Sheet-Mint.jpg\" \/>\n\t<meta property=\"og:image:width\" content=\"1024\" \/>\n\t<meta property=\"og:image:height\" content=\"1024\" \/>\n\t<meta property=\"og:image:type\" content=\"image\/jpeg\" \/>\n<meta name=\"twitter:card\" content=\"summary_large_image\" \/>\n<meta name=\"twitter:label1\" content=\"Tiempo de lectura\" \/>\n\t<meta name=\"twitter:data1\" content=\"2 minutos\" \/>\n<script type=\"application\/ld+json\" class=\"yoast-schema-graph\">{\"@context\":\"https:\\\/\\\/schema.org\",\"@graph\":[{\"@type\":\"WebPage\",\"@id\":\"https:\\\/\\\/unstamps.org\\\/es\\\/producto\\\/centenario-del-museo-del-palacio-imperial-de-pekin\\\/\",\"url\":\"https:\\\/\\\/unstamps.org\\\/es\\\/producto\\\/centenario-del-museo-del-palacio-imperial-de-pekin\\\/\",\"name\":\"Centenario Del Museo Del Palacio Imperial De Pek\u00edn - UN Stamps\",\"isPartOf\":{\"@id\":\"https:\\\/\\\/unstamps.org\\\/es\\\/#website\"},\"primaryImageOfPage\":{\"@id\":\"https:\\\/\\\/unstamps.org\\\/es\\\/producto\\\/centenario-del-museo-del-palacio-imperial-de-pekin\\\/#primaryimage\"},\"image\":{\"@id\":\"https:\\\/\\\/unstamps.org\\\/es\\\/producto\\\/centenario-del-museo-del-palacio-imperial-de-pekin\\\/#primaryimage\"},\"thumbnailUrl\":\"https:\\\/\\\/unstamps.org\\\/wp-content\\\/uploads\\\/2025\\\/05\\\/2025-Palace-Museum-PSS-Sheet-Mint.jpg\",\"datePublished\":\"2025-05-16T13:33:01+00:00\",\"dateModified\":\"2026-01-09T16:53:13+00:00\",\"breadcrumb\":{\"@id\":\"https:\\\/\\\/unstamps.org\\\/es\\\/producto\\\/centenario-del-museo-del-palacio-imperial-de-pekin\\\/#breadcrumb\"},\"inLanguage\":\"es\",\"potentialAction\":[{\"@type\":\"ReadAction\",\"target\":[\"https:\\\/\\\/unstamps.org\\\/es\\\/producto\\\/centenario-del-museo-del-palacio-imperial-de-pekin\\\/\"]}]},{\"@type\":\"ImageObject\",\"inLanguage\":\"es\",\"@id\":\"https:\\\/\\\/unstamps.org\\\/es\\\/producto\\\/centenario-del-museo-del-palacio-imperial-de-pekin\\\/#primaryimage\",\"url\":\"https:\\\/\\\/unstamps.org\\\/wp-content\\\/uploads\\\/2025\\\/05\\\/2025-Palace-Museum-PSS-Sheet-Mint.jpg\",\"contentUrl\":\"https:\\\/\\\/unstamps.org\\\/wp-content\\\/uploads\\\/2025\\\/05\\\/2025-Palace-Museum-PSS-Sheet-Mint.jpg\",\"width\":1024,\"height\":1024},{\"@type\":\"BreadcrumbList\",\"@id\":\"https:\\\/\\\/unstamps.org\\\/es\\\/producto\\\/centenario-del-museo-del-palacio-imperial-de-pekin\\\/#breadcrumb\",\"itemListElement\":[{\"@type\":\"ListItem\",\"position\":1,\"name\":\"Home\",\"item\":\"https:\\\/\\\/unstamps.org\\\/es\\\/\"},{\"@type\":\"ListItem\",\"position\":2,\"name\":\"Shop\",\"item\":\"https:\\\/\\\/unstamps.org\\\/es\\\/productos\\\/\"},{\"@type\":\"ListItem\",\"position\":3,\"name\":\"Centenario Del Museo Del Palacio Imperial De Pek\u00edn\"}]},{\"@type\":\"WebSite\",\"@id\":\"https:\\\/\\\/unstamps.org\\\/es\\\/#website\",\"url\":\"https:\\\/\\\/unstamps.org\\\/es\\\/\",\"name\":\"UN Stamps\",\"description\":\"United Nations Stamps\",\"publisher\":{\"@id\":\"https:\\\/\\\/unstamps.org\\\/es\\\/#organization\"},\"potentialAction\":[{\"@type\":\"SearchAction\",\"target\":{\"@type\":\"EntryPoint\",\"urlTemplate\":\"https:\\\/\\\/unstamps.org\\\/es\\\/?s={search_term_string}\"},\"query-input\":{\"@type\":\"PropertyValueSpecification\",\"valueRequired\":true,\"valueName\":\"search_term_string\"}}],\"inLanguage\":\"es\"},{\"@type\":\"Organization\",\"@id\":\"https:\\\/\\\/unstamps.org\\\/es\\\/#organization\",\"name\":\"UN Stamps\",\"url\":\"https:\\\/\\\/unstamps.org\\\/es\\\/\",\"logo\":{\"@type\":\"ImageObject\",\"inLanguage\":\"es\",\"@id\":\"https:\\\/\\\/unstamps.org\\\/es\\\/#\\\/schema\\\/logo\\\/image\\\/\",\"url\":\"https:\\\/\\\/unstamps.org\\\/wp-content\\\/uploads\\\/2014\\\/01\\\/logo4web.jpg\",\"contentUrl\":\"https:\\\/\\\/unstamps.org\\\/wp-content\\\/uploads\\\/2014\\\/01\\\/logo4web.jpg\",\"width\":2500,\"height\":250,\"caption\":\"UN Stamps\"},\"image\":{\"@id\":\"https:\\\/\\\/unstamps.org\\\/es\\\/#\\\/schema\\\/logo\\\/image\\\/\"}}]}<\/script>\n<!-- \/ Yoast SEO plugin. -->","yoast_head_json":{"title":"Centenario Del Museo Del Palacio Imperial De Pek\u00edn - UN Stamps","robots":{"index":"index","follow":"follow","max-snippet":"max-snippet:-1","max-image-preview":"max-image-preview:large","max-video-preview":"max-video-preview:-1"},"canonical":"https:\/\/unstamps.org\/es\/producto\/centenario-del-museo-del-palacio-imperial-de-pekin\/","og_locale":"es_ES","og_type":"article","og_title":"Centenario Del Museo Del Palacio Imperial De Pek\u00edn - UN Stamps","og_description":"El 18 de mayo de 2025, D\u00eda Internacional de los Museos, la Administraci\u00f3n Postal de las Naciones Unidas emitir\u00e1 en Nueva York una hoja de de eventos especiales para conmemorar el centenario del Museo del Palacio Imperial de Pek\u00edn. Los sellos, valorados en 1,65 $ cada uno, celebran la importancia cultural e hist\u00f3rica del museo, [&hellip;]","og_url":"https:\/\/unstamps.org\/es\/producto\/centenario-del-museo-del-palacio-imperial-de-pekin\/","og_site_name":"UN Stamps","article_modified_time":"2026-01-09T16:53:13+00:00","og_image":[{"width":1024,"height":1024,"url":"https:\/\/unstamps.org\/wp-content\/uploads\/2025\/05\/2025-Palace-Museum-PSS-Sheet-Mint.jpg","type":"image\/jpeg"}],"twitter_card":"summary_large_image","twitter_misc":{"Tiempo de lectura":"2 minutos"},"schema":{"@context":"https:\/\/schema.org","@graph":[{"@type":"WebPage","@id":"https:\/\/unstamps.org\/es\/producto\/centenario-del-museo-del-palacio-imperial-de-pekin\/","url":"https:\/\/unstamps.org\/es\/producto\/centenario-del-museo-del-palacio-imperial-de-pekin\/","name":"Centenario Del Museo Del Palacio Imperial De Pek\u00edn - UN Stamps","isPartOf":{"@id":"https:\/\/unstamps.org\/es\/#website"},"primaryImageOfPage":{"@id":"https:\/\/unstamps.org\/es\/producto\/centenario-del-museo-del-palacio-imperial-de-pekin\/#primaryimage"},"image":{"@id":"https:\/\/unstamps.org\/es\/producto\/centenario-del-museo-del-palacio-imperial-de-pekin\/#primaryimage"},"thumbnailUrl":"https:\/\/unstamps.org\/wp-content\/uploads\/2025\/05\/2025-Palace-Museum-PSS-Sheet-Mint.jpg","datePublished":"2025-05-16T13:33:01+00:00","dateModified":"2026-01-09T16:53:13+00:00","breadcrumb":{"@id":"https:\/\/unstamps.org\/es\/producto\/centenario-del-museo-del-palacio-imperial-de-pekin\/#breadcrumb"},"inLanguage":"es","potentialAction":[{"@type":"ReadAction","target":["https:\/\/unstamps.org\/es\/producto\/centenario-del-museo-del-palacio-imperial-de-pekin\/"]}]},{"@type":"ImageObject","inLanguage":"es","@id":"https:\/\/unstamps.org\/es\/producto\/centenario-del-museo-del-palacio-imperial-de-pekin\/#primaryimage","url":"https:\/\/unstamps.org\/wp-content\/uploads\/2025\/05\/2025-Palace-Museum-PSS-Sheet-Mint.jpg","contentUrl":"https:\/\/unstamps.org\/wp-content\/uploads\/2025\/05\/2025-Palace-Museum-PSS-Sheet-Mint.jpg","width":1024,"height":1024},{"@type":"BreadcrumbList","@id":"https:\/\/unstamps.org\/es\/producto\/centenario-del-museo-del-palacio-imperial-de-pekin\/#breadcrumb","itemListElement":[{"@type":"ListItem","position":1,"name":"Home","item":"https:\/\/unstamps.org\/es\/"},{"@type":"ListItem","position":2,"name":"Shop","item":"https:\/\/unstamps.org\/es\/productos\/"},{"@type":"ListItem","position":3,"name":"Centenario Del Museo Del Palacio Imperial De Pek\u00edn"}]},{"@type":"WebSite","@id":"https:\/\/unstamps.org\/es\/#website","url":"https:\/\/unstamps.org\/es\/","name":"UN Stamps","description":"United Nations Stamps","publisher":{"@id":"https:\/\/unstamps.org\/es\/#organization"},"potentialAction":[{"@type":"SearchAction","target":{"@type":"EntryPoint","urlTemplate":"https:\/\/unstamps.org\/es\/?s={search_term_string}"},"query-input":{"@type":"PropertyValueSpecification","valueRequired":true,"valueName":"search_term_string"}}],"inLanguage":"es"},{"@type":"Organization","@id":"https:\/\/unstamps.org\/es\/#organization","name":"UN Stamps","url":"https:\/\/unstamps.org\/es\/","logo":{"@type":"ImageObject","inLanguage":"es","@id":"https:\/\/unstamps.org\/es\/#\/schema\/logo\/image\/","url":"https:\/\/unstamps.org\/wp-content\/uploads\/2014\/01\/logo4web.jpg","contentUrl":"https:\/\/unstamps.org\/wp-content\/uploads\/2014\/01\/logo4web.jpg","width":2500,"height":250,"caption":"UN Stamps"},"image":{"@id":"https:\/\/unstamps.org\/es\/#\/schema\/logo\/image\/"}}]}},"jetpack_sharing_enabled":true,"publishpress_future_action":{"enabled":false,"date":"2026-04-28 06:52:18","action":"change-status","newStatus":"private","terms":[],"taxonomy":"product_cat","extraData":[]},"publishpress_future_workflow_manual_trigger":{"enabledWorkflows":[]},"_links":{"self":[{"href":"https:\/\/unstamps.org\/es\/wp-json\/wp\/v2\/product\/194242","targetHints":{"allow":["GET"]}}],"collection":[{"href":"https:\/\/unstamps.org\/es\/wp-json\/wp\/v2\/product"}],"about":[{"href":"https:\/\/unstamps.org\/es\/wp-json\/wp\/v2\/types\/product"}],"replies":[{"embeddable":true,"href":"https:\/\/unstamps.org\/es\/wp-json\/wp\/v2\/comments?post=194242"}],"wp:featuredmedia":[{"embeddable":true,"href":"https:\/\/unstamps.org\/es\/wp-json\/wp\/v2\/media\/194226"}],"wp:attachment":[{"href":"https:\/\/unstamps.org\/es\/wp-json\/wp\/v2\/media?parent=194242"}],"wp:term":[{"taxonomy":"product_brand","embeddable":true,"href":"https:\/\/unstamps.org\/es\/wp-json\/wp\/v2\/product_brand?post=194242"},{"taxonomy":"product_cat","embeddable":true,"href":"https:\/\/unstamps.org\/es\/wp-json\/wp\/v2\/product_cat?post=194242"},{"taxonomy":"product_tag","embeddable":true,"href":"https:\/\/unstamps.org\/es\/wp-json\/wp\/v2\/product_tag?post=194242"}],"curies":[{"name":"wp","href":"https:\/\/api.w.org\/{rel}","templated":true}]}}