{"id":193261,"date":"2025-04-21T15:07:57","date_gmt":"2025-04-21T19:09:51","guid":{"rendered":"https:\/\/unstamps.org\/?post_type=product&#038;p=193261"},"modified":"2026-01-09T11:52:14","modified_gmt":"2026-01-09T16:52:14","slug":"especies-amenazadas-2025","status":"publish","type":"product","link":"https:\/\/unstamps.org\/es\/producto\/especies-amenazadas-2025\/","title":{"rendered":"Especies amenazadas 2025"},"content":{"rendered":"<p>El 25 de abril de 2025, la Administraci\u00f3n Postal de las Naciones Unidas continuar\u00e1 la serie de sellos sobre especies en peligro de extinci\u00f3n con la emisi\u00f3n de doce sellos, tres tarjetas m\u00e1ximas, un sobre de seda en edici\u00f3n limitada y el folleto 2025 sobre especies en peligro de extinci\u00f3n.<\/p>\n<p>Durante m\u00e1s de 30 a\u00f1os, la APNU ha emitido sellos en apoyo de la CITES (Convenci\u00f3n sobre el Comercio Internacional de Especies Amenazadas de Fauna y Flora Silvestres) para sensibilizar al p\u00fablico sobre los numerosos beneficios que la conservaci\u00f3n ofrece a las personas.<\/p>\n<p>La serie de sellos de las Naciones Unidas sobre especies en peligro de extinci\u00f3n de este a\u00f1o presenta una extraordinaria colecci\u00f3n de especies animales y vegetales, pertenecientes a diferentes grupos taxon\u00f3micos y ecosistemas que enfrentan diversos desaf\u00edos para la conservaci\u00f3n de la fauna silvestre.<\/p>\n<p>La serie 2025 tambi\u00e9n celebra el trig\u00e9simo aniversario del Acuerdo sobre la Conservaci\u00f3n de Aves Acu\u00e1ticas Migratorias Afro-Euroasi\u00e1ticas (AEWA), con el pato de cabeza blanca, el ping\u00fcino africano y la grulla coronada gris, que est\u00e1n listados tanto en los Ap\u00e9ndices de CITES como en la lista de especies de AEWA. Esta colaboraci\u00f3n subraya la importancia de los acuerdos ambientales multilaterales que trabajan en complementariedad para alcanzar objetivos globales compartidos de biodiversidad.<\/p>\n<p><strong>Fecha de <\/strong><strong>emisi\u00f3n<\/strong><strong>:<\/strong> 25 de abril de 2025<br \/>\n<strong>Artistas:<\/strong>Charlotte Holden (EE.UU.) &#8211; Nueva York<br \/>\nMariana Renter\u00eda (M\u00e9xico) &#8211; Ginebra<br \/>\nSimone Zoccante (Italia) &#8211; Viena<br \/>\n<strong>Dise\u00f1adora: <\/strong>Rorie Katz (Naciones Unidas)<br \/>\n<strong>Tama\u00f1o del sello:<\/strong> 39,2\u00a0mm x 28,6\u00a0mm<br \/>\n<strong>Sellos por pliego:<\/strong> 16 (4 dise\u00f1os por pliego)<br \/>\n<strong>Impresor:<\/strong> Joh. Ensched\u00e9 Stamps Security Printers B.V. (Pa\u00edses Bajos)<br \/>\n<strong>Proceso:<\/strong> Litograf\u00eda offset<br \/>\n<strong>Perforaci\u00f3n:<\/strong> 12 \u00bd x 12 \u00be<br \/>\n<strong>Cantidades:<\/strong> $1,65 7.500 hojas<br \/>\nCHF 1,90 7.500 hojas<br \/>\n\u20ac1,50 8.500 hojas<\/p>\n<p><strong>Los dise\u00f1os<\/strong><br \/>\n<strong>Nueva York &#8211; US$ 1.65<\/strong><br \/>\nPalo de rosa africano (Pterocarpus erinaceus)<br \/>\nPing\u00fcino africano (Spheniscus demersus)<br \/>\nOrqu\u00eddea abeja (Ophrys apifera)<br \/>\nPit\u00f3n bola (Python regius<\/p>\n<p><strong>Ginebra \u2013 CHF 1,90<\/strong><br \/>\nPalo santo (Gonopterodendron sarmientoi)<br \/>\nCaballito de mar de hocico corto (Hippocampus hippocampus)<br \/>\nNardo (Nardostachys jatamansi)<br \/>\nPato de cabeza blanca (Oxyura leucocephala)<\/p>\n<p><strong>Viena &#8211; \u20ac 1,50<\/strong><br \/>\nRa\u00edz dorada (Rhodiola rosea)<br \/>\nRana de ojos rojos (Agalychnis callidryas)<br \/>\nHipop\u00f3tamo pigmeo (Hexaprotodon liberiensis)<br \/>\nGrulla coronada gris (Balearica regulorum)<\/p>\n","protected":false},"excerpt":{"rendered":"<p>El 25 de abril de 2025, la Administraci\u00f3n Postal de las Naciones Unidas continuar\u00e1 la serie de sellos sobre especies en peligro de extinci\u00f3n con la emisi\u00f3n de doce sellos, tres tarjetas m\u00e1ximas, un sobre de seda en edici\u00f3n limitada y el folleto 2025 sobre especies en peligro de extinci\u00f3n. Durante m\u00e1s de 30 a\u00f1os, [&hellip;]<\/p>\n","protected":false},"featured_media":193936,"comment_status":"closed","ping_status":"closed","template":"","meta":{"ngg_post_thumbnail":0},"product_brand":[],"product_cat":[2956,929,942],"product_tag":[],"class_list":{"0":"post-193261","1":"product","2":"type-product","3":"status-publish","4":"has-post-thumbnail","6":"product_cat-2025-es","7":"product_cat-conmemorativos","8":"product_cat-especies-amenazadas","10":"first","11":"instock","12":"shipping-taxable","13":"product-type-grouped"},"yoast_head":"<!-- This site is optimized with the Yoast SEO plugin v27.3 - https:\/\/yoast.com\/product\/yoast-seo-wordpress\/ -->\n<title>Especies amenazadas 2025 - UN Stamps<\/title>\n<meta name=\"robots\" content=\"index, follow, max-snippet:-1, max-image-preview:large, max-video-preview:-1\" \/>\n<link rel=\"canonical\" href=\"https:\/\/unstamps.org\/es\/producto\/especies-amenazadas-2025\/\" \/>\n<meta property=\"og:locale\" content=\"es_ES\" \/>\n<meta property=\"og:type\" content=\"article\" \/>\n<meta property=\"og:title\" content=\"Especies amenazadas 2025 - UN Stamps\" \/>\n<meta property=\"og:description\" content=\"El 25 de abril de 2025, la Administraci\u00f3n Postal de las Naciones Unidas continuar\u00e1 la serie de sellos sobre especies en peligro de extinci\u00f3n con la emisi\u00f3n de doce sellos, tres tarjetas m\u00e1ximas, un sobre de seda en edici\u00f3n limitada y el folleto 2025 sobre especies en peligro de extinci\u00f3n. Durante m\u00e1s de 30 a\u00f1os, [&hellip;]\" \/>\n<meta property=\"og:url\" content=\"https:\/\/unstamps.org\/es\/producto\/especies-amenazadas-2025\/\" \/>\n<meta property=\"og:site_name\" content=\"UN Stamps\" \/>\n<meta property=\"article:modified_time\" content=\"2026-01-09T16:52:14+00:00\" \/>\n<meta property=\"og:image\" content=\"https:\/\/unstamps.org\/wp-content\/uploads\/2025\/04\/ES24-FS-GROUP.jpg\" \/>\n\t<meta property=\"og:image:width\" content=\"500\" \/>\n\t<meta property=\"og:image:height\" content=\"500\" \/>\n\t<meta property=\"og:image:type\" content=\"image\/jpeg\" \/>\n<meta name=\"twitter:card\" content=\"summary_large_image\" \/>\n<meta name=\"twitter:label1\" content=\"Tiempo de lectura\" \/>\n\t<meta name=\"twitter:data1\" content=\"2 minutos\" \/>\n<script type=\"application\/ld+json\" class=\"yoast-schema-graph\">{\"@context\":\"https:\\\/\\\/schema.org\",\"@graph\":[{\"@type\":\"WebPage\",\"@id\":\"https:\\\/\\\/unstamps.org\\\/es\\\/producto\\\/especies-amenazadas-2025\\\/\",\"url\":\"https:\\\/\\\/unstamps.org\\\/es\\\/producto\\\/especies-amenazadas-2025\\\/\",\"name\":\"Especies amenazadas 2025 - UN Stamps\",\"isPartOf\":{\"@id\":\"https:\\\/\\\/unstamps.org\\\/es\\\/#website\"},\"primaryImageOfPage\":{\"@id\":\"https:\\\/\\\/unstamps.org\\\/es\\\/producto\\\/especies-amenazadas-2025\\\/#primaryimage\"},\"image\":{\"@id\":\"https:\\\/\\\/unstamps.org\\\/es\\\/producto\\\/especies-amenazadas-2025\\\/#primaryimage\"},\"thumbnailUrl\":\"https:\\\/\\\/unstamps.org\\\/wp-content\\\/uploads\\\/2025\\\/04\\\/2025-Species-FS-GROUP.jpg\",\"datePublished\":\"2025-04-21T19:09:51+00:00\",\"dateModified\":\"2026-01-09T16:52:14+00:00\",\"breadcrumb\":{\"@id\":\"https:\\\/\\\/unstamps.org\\\/es\\\/producto\\\/especies-amenazadas-2025\\\/#breadcrumb\"},\"inLanguage\":\"es\",\"potentialAction\":[{\"@type\":\"ReadAction\",\"target\":[\"https:\\\/\\\/unstamps.org\\\/es\\\/producto\\\/especies-amenazadas-2025\\\/\"]}]},{\"@type\":\"ImageObject\",\"inLanguage\":\"es\",\"@id\":\"https:\\\/\\\/unstamps.org\\\/es\\\/producto\\\/especies-amenazadas-2025\\\/#primaryimage\",\"url\":\"https:\\\/\\\/unstamps.org\\\/wp-content\\\/uploads\\\/2025\\\/04\\\/2025-Species-FS-GROUP.jpg\",\"contentUrl\":\"https:\\\/\\\/unstamps.org\\\/wp-content\\\/uploads\\\/2025\\\/04\\\/2025-Species-FS-GROUP.jpg\",\"width\":1024,\"height\":1024},{\"@type\":\"BreadcrumbList\",\"@id\":\"https:\\\/\\\/unstamps.org\\\/es\\\/producto\\\/especies-amenazadas-2025\\\/#breadcrumb\",\"itemListElement\":[{\"@type\":\"ListItem\",\"position\":1,\"name\":\"Home\",\"item\":\"https:\\\/\\\/unstamps.org\\\/es\\\/\"},{\"@type\":\"ListItem\",\"position\":2,\"name\":\"Shop\",\"item\":\"https:\\\/\\\/unstamps.org\\\/es\\\/productos\\\/\"},{\"@type\":\"ListItem\",\"position\":3,\"name\":\"Especies amenazadas 2025\"}]},{\"@type\":\"WebSite\",\"@id\":\"https:\\\/\\\/unstamps.org\\\/es\\\/#website\",\"url\":\"https:\\\/\\\/unstamps.org\\\/es\\\/\",\"name\":\"UN Stamps\",\"description\":\"United Nations Stamps\",\"publisher\":{\"@id\":\"https:\\\/\\\/unstamps.org\\\/es\\\/#organization\"},\"potentialAction\":[{\"@type\":\"SearchAction\",\"target\":{\"@type\":\"EntryPoint\",\"urlTemplate\":\"https:\\\/\\\/unstamps.org\\\/es\\\/?s={search_term_string}\"},\"query-input\":{\"@type\":\"PropertyValueSpecification\",\"valueRequired\":true,\"valueName\":\"search_term_string\"}}],\"inLanguage\":\"es\"},{\"@type\":\"Organization\",\"@id\":\"https:\\\/\\\/unstamps.org\\\/es\\\/#organization\",\"name\":\"UN Stamps\",\"url\":\"https:\\\/\\\/unstamps.org\\\/es\\\/\",\"logo\":{\"@type\":\"ImageObject\",\"inLanguage\":\"es\",\"@id\":\"https:\\\/\\\/unstamps.org\\\/es\\\/#\\\/schema\\\/logo\\\/image\\\/\",\"url\":\"https:\\\/\\\/unstamps.org\\\/wp-content\\\/uploads\\\/2014\\\/01\\\/logo4web.jpg\",\"contentUrl\":\"https:\\\/\\\/unstamps.org\\\/wp-content\\\/uploads\\\/2014\\\/01\\\/logo4web.jpg\",\"width\":2500,\"height\":250,\"caption\":\"UN Stamps\"},\"image\":{\"@id\":\"https:\\\/\\\/unstamps.org\\\/es\\\/#\\\/schema\\\/logo\\\/image\\\/\"}}]}<\/script>\n<!-- \/ Yoast SEO plugin. -->","yoast_head_json":{"title":"Especies amenazadas 2025 - UN Stamps","robots":{"index":"index","follow":"follow","max-snippet":"max-snippet:-1","max-image-preview":"max-image-preview:large","max-video-preview":"max-video-preview:-1"},"canonical":"https:\/\/unstamps.org\/es\/producto\/especies-amenazadas-2025\/","og_locale":"es_ES","og_type":"article","og_title":"Especies amenazadas 2025 - UN Stamps","og_description":"El 25 de abril de 2025, la Administraci\u00f3n Postal de las Naciones Unidas continuar\u00e1 la serie de sellos sobre especies en peligro de extinci\u00f3n con la emisi\u00f3n de doce sellos, tres tarjetas m\u00e1ximas, un sobre de seda en edici\u00f3n limitada y el folleto 2025 sobre especies en peligro de extinci\u00f3n. Durante m\u00e1s de 30 a\u00f1os, [&hellip;]","og_url":"https:\/\/unstamps.org\/es\/producto\/especies-amenazadas-2025\/","og_site_name":"UN Stamps","article_modified_time":"2026-01-09T16:52:14+00:00","og_image":[{"width":500,"height":500,"url":"https:\/\/unstamps.org\/wp-content\/uploads\/2025\/04\/ES24-FS-GROUP.jpg","type":"image\/jpeg"}],"twitter_card":"summary_large_image","twitter_misc":{"Tiempo de lectura":"2 minutos"},"schema":{"@context":"https:\/\/schema.org","@graph":[{"@type":"WebPage","@id":"https:\/\/unstamps.org\/es\/producto\/especies-amenazadas-2025\/","url":"https:\/\/unstamps.org\/es\/producto\/especies-amenazadas-2025\/","name":"Especies amenazadas 2025 - UN Stamps","isPartOf":{"@id":"https:\/\/unstamps.org\/es\/#website"},"primaryImageOfPage":{"@id":"https:\/\/unstamps.org\/es\/producto\/especies-amenazadas-2025\/#primaryimage"},"image":{"@id":"https:\/\/unstamps.org\/es\/producto\/especies-amenazadas-2025\/#primaryimage"},"thumbnailUrl":"https:\/\/unstamps.org\/wp-content\/uploads\/2025\/04\/2025-Species-FS-GROUP.jpg","datePublished":"2025-04-21T19:09:51+00:00","dateModified":"2026-01-09T16:52:14+00:00","breadcrumb":{"@id":"https:\/\/unstamps.org\/es\/producto\/especies-amenazadas-2025\/#breadcrumb"},"inLanguage":"es","potentialAction":[{"@type":"ReadAction","target":["https:\/\/unstamps.org\/es\/producto\/especies-amenazadas-2025\/"]}]},{"@type":"ImageObject","inLanguage":"es","@id":"https:\/\/unstamps.org\/es\/producto\/especies-amenazadas-2025\/#primaryimage","url":"https:\/\/unstamps.org\/wp-content\/uploads\/2025\/04\/2025-Species-FS-GROUP.jpg","contentUrl":"https:\/\/unstamps.org\/wp-content\/uploads\/2025\/04\/2025-Species-FS-GROUP.jpg","width":1024,"height":1024},{"@type":"BreadcrumbList","@id":"https:\/\/unstamps.org\/es\/producto\/especies-amenazadas-2025\/#breadcrumb","itemListElement":[{"@type":"ListItem","position":1,"name":"Home","item":"https:\/\/unstamps.org\/es\/"},{"@type":"ListItem","position":2,"name":"Shop","item":"https:\/\/unstamps.org\/es\/productos\/"},{"@type":"ListItem","position":3,"name":"Especies amenazadas 2025"}]},{"@type":"WebSite","@id":"https:\/\/unstamps.org\/es\/#website","url":"https:\/\/unstamps.org\/es\/","name":"UN Stamps","description":"United Nations Stamps","publisher":{"@id":"https:\/\/unstamps.org\/es\/#organization"},"potentialAction":[{"@type":"SearchAction","target":{"@type":"EntryPoint","urlTemplate":"https:\/\/unstamps.org\/es\/?s={search_term_string}"},"query-input":{"@type":"PropertyValueSpecification","valueRequired":true,"valueName":"search_term_string"}}],"inLanguage":"es"},{"@type":"Organization","@id":"https:\/\/unstamps.org\/es\/#organization","name":"UN Stamps","url":"https:\/\/unstamps.org\/es\/","logo":{"@type":"ImageObject","inLanguage":"es","@id":"https:\/\/unstamps.org\/es\/#\/schema\/logo\/image\/","url":"https:\/\/unstamps.org\/wp-content\/uploads\/2014\/01\/logo4web.jpg","contentUrl":"https:\/\/unstamps.org\/wp-content\/uploads\/2014\/01\/logo4web.jpg","width":2500,"height":250,"caption":"UN Stamps"},"image":{"@id":"https:\/\/unstamps.org\/es\/#\/schema\/logo\/image\/"}}]}},"jetpack_sharing_enabled":true,"publishpress_future_action":{"enabled":false,"date":"2026-04-11 10:22:05","action":"change-status","newStatus":"private","terms":[],"taxonomy":"product_cat","extraData":[]},"publishpress_future_workflow_manual_trigger":{"enabledWorkflows":[]},"_links":{"self":[{"href":"https:\/\/unstamps.org\/es\/wp-json\/wp\/v2\/product\/193261","targetHints":{"allow":["GET"]}}],"collection":[{"href":"https:\/\/unstamps.org\/es\/wp-json\/wp\/v2\/product"}],"about":[{"href":"https:\/\/unstamps.org\/es\/wp-json\/wp\/v2\/types\/product"}],"replies":[{"embeddable":true,"href":"https:\/\/unstamps.org\/es\/wp-json\/wp\/v2\/comments?post=193261"}],"wp:featuredmedia":[{"embeddable":true,"href":"https:\/\/unstamps.org\/es\/wp-json\/wp\/v2\/media\/193936"}],"wp:attachment":[{"href":"https:\/\/unstamps.org\/es\/wp-json\/wp\/v2\/media?parent=193261"}],"wp:term":[{"taxonomy":"product_brand","embeddable":true,"href":"https:\/\/unstamps.org\/es\/wp-json\/wp\/v2\/product_brand?post=193261"},{"taxonomy":"product_cat","embeddable":true,"href":"https:\/\/unstamps.org\/es\/wp-json\/wp\/v2\/product_cat?post=193261"},{"taxonomy":"product_tag","embeddable":true,"href":"https:\/\/unstamps.org\/es\/wp-json\/wp\/v2\/product_tag?post=193261"}],"curies":[{"name":"wp","href":"https:\/\/api.w.org\/{rel}","templated":true}]}}