{"id":190967,"date":"2025-01-15T13:12:36","date_gmt":"2025-01-15T18:15:14","guid":{"rendered":"https:\/\/unstamps.org\/?post_type=product&#038;p=190967"},"modified":"2026-01-09T11:59:01","modified_gmt":"2026-01-09T16:59:01","slug":"calendario-lunar-chino-ano-del-serpiente","status":"publish","type":"product","link":"https:\/\/unstamps.org\/es\/producto\/calendario-lunar-chino-ano-del-serpiente\/","title":{"rendered":"Calendario Lunar Chino: A\u00f1o del Serpiente"},"content":{"rendered":"<p>El 17 de enero de 2025, la APNU celebra el Calendario Lunar Chino &#8211; A\u00f1o de la Serpiente con la emisi\u00f3n de una hoja bloque especial de 10 sellos. El A\u00f1o Nuevo Chino comienza oficialmente el 29 de enero de 2025 y contin\u00faa hasta el 16 de febrero de 2026.<\/p>\n<p>Los diez sellos denominados en 1,65 $ y el dise\u00f1o de fondo muestran cuatro serpientes \u00edntimamente abrazadas y enroscadas una alrededor de la otra. En la cultura china, la conexi\u00f3n circular de la cabeza con la cola significa continuidad sin fin. El vibrante color rojo representa la exuberancia y la energ\u00eda de la vida, que siempre se renueva. El abrazo entre las serpientes, que recuerda a un nudo chino y al juego popular \u00abSaltando las cuatro direcciones\u00bb, a\u00f1ade un toque l\u00fadico a la vez que se mantiene fiel a la \u00e9poca. Cada serpiente, con su dibujo \u00fanico, se entrelaza para representar la vibrante diversidad de las naciones del mundo, unidas en armon\u00eda. Con l\u00edneas minimalistas, los lirios de la paz se esbozan suavemente, subrayando el mensaje de unidad, amistad y coexistencia pac\u00edfica.<\/p>\n<p>Las pesta\u00f1as a la izquierda de los sellos muestran el logotipo de las Naciones Unidas sobre un fondo en oro.<\/p>\n<p>Los sellos y el dise\u00f1o del fondo han sido ilustrados por el artista chino Tiger Pan, autor tambi\u00e9n de las series del Calendario Lunar de las Naciones Unidas para el A\u00f1o del Perro 2018, el A\u00f1o del Tigre 2022, el A\u00f1o del Conejo 2023 y el A\u00f1o del Drag\u00f3n 2024.<\/p>\n<p>La APNU tambi\u00e9n ofrecer\u00e1 una tarjeta postal del A\u00f1o de la Serpiente y un sobre de primer d\u00eda con el mismo dise\u00f1o que los sellos.<\/p>\n<p><strong>Caracter\u00edsticas t\u00e9cnicas:<\/strong><br \/>\n<strong>Tama\u00f1o del sello:<\/strong> 40,6 mm x 29,8 mm<br \/>\n<strong>Tama\u00f1o de la pesta\u00f1a:<\/strong> 26,6 mm x 29,8 mm<br \/>\n<strong>Tama\u00f1o de la hoja:<\/strong>279,4 mm x 215,9 mm<br \/>\n<strong>Impresora:<\/strong>Cartor Security Printing (Francia)<\/p>\n","protected":false},"excerpt":{"rendered":"<p>El 17 de enero de 2025, la APNU celebra el Calendario Lunar Chino &#8211; A\u00f1o de la Serpiente con la emisi\u00f3n de una hoja bloque especial de 10 sellos. El A\u00f1o Nuevo Chino comienza oficialmente el 29 de enero de 2025 y contin\u00faa hasta el 16 de febrero de 2026. Los diez sellos denominados en [&hellip;]<\/p>\n","protected":false},"featured_media":191010,"comment_status":"closed","ping_status":"closed","template":"","meta":{"ngg_post_thumbnail":0},"product_brand":[],"product_cat":[2956,924,938],"product_tag":[],"class_list":{"0":"post-190967","1":"product","2":"type-product","3":"status-publish","4":"has-post-thumbnail","6":"product_cat-2025-es","7":"product_cat-nueva-york","8":"product_cat-pliegos-personalizados","9":"pa_condition-cancelled-es","10":"pa_condition-mint-es","12":"first","13":"instock","14":"shipping-taxable","15":"purchasable","16":"product-type-variable"},"yoast_head":"<!-- This site is optimized with the Yoast SEO plugin v27.3 - https:\/\/yoast.com\/product\/yoast-seo-wordpress\/ -->\n<title>Calendario Lunar Chino: A\u00f1o del Serpiente - UN Stamps<\/title>\n<meta name=\"robots\" content=\"index, follow, max-snippet:-1, max-image-preview:large, max-video-preview:-1\" \/>\n<link rel=\"canonical\" href=\"https:\/\/unstamps.org\/es\/producto\/calendario-lunar-chino-ano-del-serpiente\/\" \/>\n<meta property=\"og:locale\" content=\"es_ES\" \/>\n<meta property=\"og:type\" content=\"article\" \/>\n<meta property=\"og:title\" content=\"Calendario Lunar Chino: A\u00f1o del Serpiente - UN Stamps\" \/>\n<meta property=\"og:description\" content=\"El 17 de enero de 2025, la APNU celebra el Calendario Lunar Chino &#8211; A\u00f1o de la Serpiente con la emisi\u00f3n de una hoja bloque especial de 10 sellos. El A\u00f1o Nuevo Chino comienza oficialmente el 29 de enero de 2025 y contin\u00faa hasta el 16 de febrero de 2026. Los diez sellos denominados en [&hellip;]\" \/>\n<meta property=\"og:url\" content=\"https:\/\/unstamps.org\/es\/producto\/calendario-lunar-chino-ano-del-serpiente\/\" \/>\n<meta property=\"og:site_name\" content=\"UN Stamps\" \/>\n<meta property=\"article:modified_time\" content=\"2026-01-09T16:59:01+00:00\" \/>\n<meta property=\"og:image\" content=\"https:\/\/unstamps.org\/wp-content\/uploads\/2025\/01\/2025-Lunar-Snake-PSS-Mint-Web.jpg\" \/>\n\t<meta property=\"og:image:width\" content=\"1024\" \/>\n\t<meta property=\"og:image:height\" content=\"1024\" \/>\n\t<meta property=\"og:image:type\" content=\"image\/jpeg\" \/>\n<meta name=\"twitter:card\" content=\"summary_large_image\" \/>\n<meta name=\"twitter:label1\" content=\"Tiempo de lectura\" \/>\n\t<meta name=\"twitter:data1\" content=\"2 minutos\" \/>\n<script type=\"application\/ld+json\" class=\"yoast-schema-graph\">{\"@context\":\"https:\\\/\\\/schema.org\",\"@graph\":[{\"@type\":\"WebPage\",\"@id\":\"https:\\\/\\\/unstamps.org\\\/es\\\/producto\\\/calendario-lunar-chino-ano-del-serpiente\\\/\",\"url\":\"https:\\\/\\\/unstamps.org\\\/es\\\/producto\\\/calendario-lunar-chino-ano-del-serpiente\\\/\",\"name\":\"Calendario Lunar Chino: A\u00f1o del Serpiente - UN Stamps\",\"isPartOf\":{\"@id\":\"https:\\\/\\\/unstamps.org\\\/es\\\/#website\"},\"primaryImageOfPage\":{\"@id\":\"https:\\\/\\\/unstamps.org\\\/es\\\/producto\\\/calendario-lunar-chino-ano-del-serpiente\\\/#primaryimage\"},\"image\":{\"@id\":\"https:\\\/\\\/unstamps.org\\\/es\\\/producto\\\/calendario-lunar-chino-ano-del-serpiente\\\/#primaryimage\"},\"thumbnailUrl\":\"https:\\\/\\\/unstamps.org\\\/wp-content\\\/uploads\\\/2025\\\/01\\\/2025-Lunar-Snake-PSS-Mint-Web.jpg\",\"datePublished\":\"2025-01-15T18:15:14+00:00\",\"dateModified\":\"2026-01-09T16:59:01+00:00\",\"breadcrumb\":{\"@id\":\"https:\\\/\\\/unstamps.org\\\/es\\\/producto\\\/calendario-lunar-chino-ano-del-serpiente\\\/#breadcrumb\"},\"inLanguage\":\"es\",\"potentialAction\":[{\"@type\":\"ReadAction\",\"target\":[\"https:\\\/\\\/unstamps.org\\\/es\\\/producto\\\/calendario-lunar-chino-ano-del-serpiente\\\/\"]}]},{\"@type\":\"ImageObject\",\"inLanguage\":\"es\",\"@id\":\"https:\\\/\\\/unstamps.org\\\/es\\\/producto\\\/calendario-lunar-chino-ano-del-serpiente\\\/#primaryimage\",\"url\":\"https:\\\/\\\/unstamps.org\\\/wp-content\\\/uploads\\\/2025\\\/01\\\/2025-Lunar-Snake-PSS-Mint-Web.jpg\",\"contentUrl\":\"https:\\\/\\\/unstamps.org\\\/wp-content\\\/uploads\\\/2025\\\/01\\\/2025-Lunar-Snake-PSS-Mint-Web.jpg\",\"width\":1024,\"height\":1024},{\"@type\":\"BreadcrumbList\",\"@id\":\"https:\\\/\\\/unstamps.org\\\/es\\\/producto\\\/calendario-lunar-chino-ano-del-serpiente\\\/#breadcrumb\",\"itemListElement\":[{\"@type\":\"ListItem\",\"position\":1,\"name\":\"Home\",\"item\":\"https:\\\/\\\/unstamps.org\\\/es\\\/\"},{\"@type\":\"ListItem\",\"position\":2,\"name\":\"Shop\",\"item\":\"https:\\\/\\\/unstamps.org\\\/es\\\/productos\\\/\"},{\"@type\":\"ListItem\",\"position\":3,\"name\":\"Calendario Lunar Chino: A\u00f1o del Serpiente\"}]},{\"@type\":\"WebSite\",\"@id\":\"https:\\\/\\\/unstamps.org\\\/es\\\/#website\",\"url\":\"https:\\\/\\\/unstamps.org\\\/es\\\/\",\"name\":\"UN Stamps\",\"description\":\"United Nations Stamps\",\"publisher\":{\"@id\":\"https:\\\/\\\/unstamps.org\\\/es\\\/#organization\"},\"potentialAction\":[{\"@type\":\"SearchAction\",\"target\":{\"@type\":\"EntryPoint\",\"urlTemplate\":\"https:\\\/\\\/unstamps.org\\\/es\\\/?s={search_term_string}\"},\"query-input\":{\"@type\":\"PropertyValueSpecification\",\"valueRequired\":true,\"valueName\":\"search_term_string\"}}],\"inLanguage\":\"es\"},{\"@type\":\"Organization\",\"@id\":\"https:\\\/\\\/unstamps.org\\\/es\\\/#organization\",\"name\":\"UN Stamps\",\"url\":\"https:\\\/\\\/unstamps.org\\\/es\\\/\",\"logo\":{\"@type\":\"ImageObject\",\"inLanguage\":\"es\",\"@id\":\"https:\\\/\\\/unstamps.org\\\/es\\\/#\\\/schema\\\/logo\\\/image\\\/\",\"url\":\"https:\\\/\\\/unstamps.org\\\/wp-content\\\/uploads\\\/2014\\\/01\\\/logo4web.jpg\",\"contentUrl\":\"https:\\\/\\\/unstamps.org\\\/wp-content\\\/uploads\\\/2014\\\/01\\\/logo4web.jpg\",\"width\":2500,\"height\":250,\"caption\":\"UN Stamps\"},\"image\":{\"@id\":\"https:\\\/\\\/unstamps.org\\\/es\\\/#\\\/schema\\\/logo\\\/image\\\/\"}}]}<\/script>\n<!-- \/ Yoast SEO plugin. -->","yoast_head_json":{"title":"Calendario Lunar Chino: A\u00f1o del Serpiente - UN Stamps","robots":{"index":"index","follow":"follow","max-snippet":"max-snippet:-1","max-image-preview":"max-image-preview:large","max-video-preview":"max-video-preview:-1"},"canonical":"https:\/\/unstamps.org\/es\/producto\/calendario-lunar-chino-ano-del-serpiente\/","og_locale":"es_ES","og_type":"article","og_title":"Calendario Lunar Chino: A\u00f1o del Serpiente - UN Stamps","og_description":"El 17 de enero de 2025, la APNU celebra el Calendario Lunar Chino &#8211; A\u00f1o de la Serpiente con la emisi\u00f3n de una hoja bloque especial de 10 sellos. El A\u00f1o Nuevo Chino comienza oficialmente el 29 de enero de 2025 y contin\u00faa hasta el 16 de febrero de 2026. Los diez sellos denominados en [&hellip;]","og_url":"https:\/\/unstamps.org\/es\/producto\/calendario-lunar-chino-ano-del-serpiente\/","og_site_name":"UN Stamps","article_modified_time":"2026-01-09T16:59:01+00:00","og_image":[{"width":1024,"height":1024,"url":"https:\/\/unstamps.org\/wp-content\/uploads\/2025\/01\/2025-Lunar-Snake-PSS-Mint-Web.jpg","type":"image\/jpeg"}],"twitter_card":"summary_large_image","twitter_misc":{"Tiempo de lectura":"2 minutos"},"schema":{"@context":"https:\/\/schema.org","@graph":[{"@type":"WebPage","@id":"https:\/\/unstamps.org\/es\/producto\/calendario-lunar-chino-ano-del-serpiente\/","url":"https:\/\/unstamps.org\/es\/producto\/calendario-lunar-chino-ano-del-serpiente\/","name":"Calendario Lunar Chino: A\u00f1o del Serpiente - UN Stamps","isPartOf":{"@id":"https:\/\/unstamps.org\/es\/#website"},"primaryImageOfPage":{"@id":"https:\/\/unstamps.org\/es\/producto\/calendario-lunar-chino-ano-del-serpiente\/#primaryimage"},"image":{"@id":"https:\/\/unstamps.org\/es\/producto\/calendario-lunar-chino-ano-del-serpiente\/#primaryimage"},"thumbnailUrl":"https:\/\/unstamps.org\/wp-content\/uploads\/2025\/01\/2025-Lunar-Snake-PSS-Mint-Web.jpg","datePublished":"2025-01-15T18:15:14+00:00","dateModified":"2026-01-09T16:59:01+00:00","breadcrumb":{"@id":"https:\/\/unstamps.org\/es\/producto\/calendario-lunar-chino-ano-del-serpiente\/#breadcrumb"},"inLanguage":"es","potentialAction":[{"@type":"ReadAction","target":["https:\/\/unstamps.org\/es\/producto\/calendario-lunar-chino-ano-del-serpiente\/"]}]},{"@type":"ImageObject","inLanguage":"es","@id":"https:\/\/unstamps.org\/es\/producto\/calendario-lunar-chino-ano-del-serpiente\/#primaryimage","url":"https:\/\/unstamps.org\/wp-content\/uploads\/2025\/01\/2025-Lunar-Snake-PSS-Mint-Web.jpg","contentUrl":"https:\/\/unstamps.org\/wp-content\/uploads\/2025\/01\/2025-Lunar-Snake-PSS-Mint-Web.jpg","width":1024,"height":1024},{"@type":"BreadcrumbList","@id":"https:\/\/unstamps.org\/es\/producto\/calendario-lunar-chino-ano-del-serpiente\/#breadcrumb","itemListElement":[{"@type":"ListItem","position":1,"name":"Home","item":"https:\/\/unstamps.org\/es\/"},{"@type":"ListItem","position":2,"name":"Shop","item":"https:\/\/unstamps.org\/es\/productos\/"},{"@type":"ListItem","position":3,"name":"Calendario Lunar Chino: A\u00f1o del Serpiente"}]},{"@type":"WebSite","@id":"https:\/\/unstamps.org\/es\/#website","url":"https:\/\/unstamps.org\/es\/","name":"UN Stamps","description":"United Nations Stamps","publisher":{"@id":"https:\/\/unstamps.org\/es\/#organization"},"potentialAction":[{"@type":"SearchAction","target":{"@type":"EntryPoint","urlTemplate":"https:\/\/unstamps.org\/es\/?s={search_term_string}"},"query-input":{"@type":"PropertyValueSpecification","valueRequired":true,"valueName":"search_term_string"}}],"inLanguage":"es"},{"@type":"Organization","@id":"https:\/\/unstamps.org\/es\/#organization","name":"UN Stamps","url":"https:\/\/unstamps.org\/es\/","logo":{"@type":"ImageObject","inLanguage":"es","@id":"https:\/\/unstamps.org\/es\/#\/schema\/logo\/image\/","url":"https:\/\/unstamps.org\/wp-content\/uploads\/2014\/01\/logo4web.jpg","contentUrl":"https:\/\/unstamps.org\/wp-content\/uploads\/2014\/01\/logo4web.jpg","width":2500,"height":250,"caption":"UN Stamps"},"image":{"@id":"https:\/\/unstamps.org\/es\/#\/schema\/logo\/image\/"}}]}},"jetpack_sharing_enabled":true,"publishpress_future_action":{"enabled":false,"date":"2026-04-16 15:41:27","action":"change-status","newStatus":"private","terms":[],"taxonomy":"product_cat","extraData":[]},"publishpress_future_workflow_manual_trigger":{"enabledWorkflows":[]},"_links":{"self":[{"href":"https:\/\/unstamps.org\/es\/wp-json\/wp\/v2\/product\/190967","targetHints":{"allow":["GET"]}}],"collection":[{"href":"https:\/\/unstamps.org\/es\/wp-json\/wp\/v2\/product"}],"about":[{"href":"https:\/\/unstamps.org\/es\/wp-json\/wp\/v2\/types\/product"}],"replies":[{"embeddable":true,"href":"https:\/\/unstamps.org\/es\/wp-json\/wp\/v2\/comments?post=190967"}],"wp:featuredmedia":[{"embeddable":true,"href":"https:\/\/unstamps.org\/es\/wp-json\/wp\/v2\/media\/191010"}],"wp:attachment":[{"href":"https:\/\/unstamps.org\/es\/wp-json\/wp\/v2\/media?parent=190967"}],"wp:term":[{"taxonomy":"product_brand","embeddable":true,"href":"https:\/\/unstamps.org\/es\/wp-json\/wp\/v2\/product_brand?post=190967"},{"taxonomy":"product_cat","embeddable":true,"href":"https:\/\/unstamps.org\/es\/wp-json\/wp\/v2\/product_cat?post=190967"},{"taxonomy":"product_tag","embeddable":true,"href":"https:\/\/unstamps.org\/es\/wp-json\/wp\/v2\/product_tag?post=190967"}],"curies":[{"name":"wp","href":"https:\/\/api.w.org\/{rel}","templated":true}]}}