{"id":189316,"date":"2024-10-25T09:34:13","date_gmt":"2024-10-25T13:35:42","guid":{"rendered":"https:\/\/unstamps.org\/?post_type=product&#038;p=189316"},"modified":"2026-01-09T11:58:55","modified_gmt":"2026-01-09T16:58:55","slug":"apnu-ginebra-55o-aniversario","status":"publish","type":"product","link":"https:\/\/unstamps.org\/es\/producto\/apnu-ginebra-55o-aniversario\/","title":{"rendered":"APNU &#8211; Ginebra 55\u00ba Aniversario"},"content":{"rendered":"<p>El 24 de octubre de 2024, la Administraci\u00f3n Postal de las Naciones Unidas emitir\u00e1 una nueva hoja personalizada para conmemorar el 55\u00ba aniversario de la sede de la APNU en Ginebra.<\/p>\n<p>El 11 de diciembre de 1968, un acuerdo entre las Naciones Unidas y la Empresa Suiza de Tel\u00e9fonos Postales y Tel\u00e9grafos (PTT) permiti\u00f3 la apertura de la sede de la Administraci\u00f3n Postal de las Naciones Unidas en Ginebra.  Los primeros sellos de las Naciones Unidas en francos suizos se emitieron el 4 de octubre de 1969.  <\/p>\n<p>La hoja de 10 sellos con un valor de 1,20 CHF presenta varias im\u00e1genes y obras de arte del complejo de la sede de Ginebra. Las pesta\u00f1as situadas a la derecha de los sellos muestran una ilustraci\u00f3n de elementos arquitect\u00f3nicos de la sede de Ginebra.<\/p>\n<p>La hoja fue dise\u00f1ada por Sergio Baradat (Naciones Unidas).<\/p>\n<p><strong>Caracter\u00edsticas t\u00e9cnicas: <\/strong><br \/>\nTama\u00f1o del sello: 40,6 mm x 29,8 mm<br \/>\nTama\u00f1o de la pesta\u00f1a: 26,6 mm x 29,8 mm<br \/>\nTama\u00f1o de la hoja: 279,4 mm x 215,9 mm<\/p>\n<p>Los clientes con pedidos permanentes de hojas personalizadas de Ginebra (art. 594) recibir\u00e1n autom\u00e1ticamente este art\u00edculo a trav\u00e9s de sus cuentas. <\/p>\n","protected":false},"excerpt":{"rendered":"<p>El 24 de octubre de 2024, la Administraci\u00f3n Postal de las Naciones Unidas emitir\u00e1 una nueva hoja personalizada para conmemorar el 55\u00ba aniversario de la sede de la APNU en Ginebra. El 11 de diciembre de 1968, un acuerdo entre las Naciones Unidas y la Empresa Suiza de Tel\u00e9fonos Postales y Tel\u00e9grafos (PTT) permiti\u00f3 la [&hellip;]<\/p>\n","protected":false},"featured_media":189329,"comment_status":"closed","ping_status":"closed","template":"","meta":{"ngg_post_thumbnail":0},"product_brand":[],"product_cat":[2948,926,938],"product_tag":[],"class_list":{"0":"post-189316","1":"product","2":"type-product","3":"status-publish","4":"has-post-thumbnail","6":"product_cat-2024-es","7":"product_cat-ginebra","8":"product_cat-pliegos-personalizados","9":"pa_condition-cancelled-es","10":"pa_condition-mint-es","12":"first","13":"instock","14":"shipping-taxable","15":"purchasable","16":"product-type-variable"},"yoast_head":"<!-- This site is optimized with the Yoast SEO plugin v27.4 - https:\/\/yoast.com\/product\/yoast-seo-wordpress\/ -->\n<title>APNU &#8211; Ginebra 55\u00ba Aniversario - UN Stamps<\/title>\n<meta name=\"robots\" content=\"index, follow, max-snippet:-1, max-image-preview:large, max-video-preview:-1\" \/>\n<link rel=\"canonical\" href=\"https:\/\/unstamps.org\/es\/producto\/apnu-ginebra-55o-aniversario\/\" \/>\n<meta property=\"og:locale\" content=\"es_ES\" \/>\n<meta property=\"og:type\" content=\"article\" \/>\n<meta property=\"og:title\" content=\"APNU &#8211; Ginebra 55\u00ba Aniversario - UN Stamps\" \/>\n<meta property=\"og:description\" content=\"El 24 de octubre de 2024, la Administraci\u00f3n Postal de las Naciones Unidas emitir\u00e1 una nueva hoja personalizada para conmemorar el 55\u00ba aniversario de la sede de la APNU en Ginebra. El 11 de diciembre de 1968, un acuerdo entre las Naciones Unidas y la Empresa Suiza de Tel\u00e9fonos Postales y Tel\u00e9grafos (PTT) permiti\u00f3 la [&hellip;]\" \/>\n<meta property=\"og:url\" content=\"https:\/\/unstamps.org\/es\/producto\/apnu-ginebra-55o-aniversario\/\" \/>\n<meta property=\"og:site_name\" content=\"UN Stamps\" \/>\n<meta property=\"article:modified_time\" content=\"2026-01-09T16:58:55+00:00\" \/>\n<meta property=\"og:image\" content=\"https:\/\/unstamps.org\/wp-content\/uploads\/2024\/10\/2024-PSS-GE-mint.jpg\" \/>\n\t<meta property=\"og:image:width\" content=\"1024\" \/>\n\t<meta property=\"og:image:height\" content=\"1024\" \/>\n\t<meta property=\"og:image:type\" content=\"image\/jpeg\" \/>\n<meta name=\"twitter:card\" content=\"summary_large_image\" \/>\n<meta name=\"twitter:label1\" content=\"Tiempo de lectura\" \/>\n\t<meta name=\"twitter:data1\" content=\"1 minuto\" \/>\n<script type=\"application\/ld+json\" class=\"yoast-schema-graph\">{\"@context\":\"https:\\\/\\\/schema.org\",\"@graph\":[{\"@type\":\"WebPage\",\"@id\":\"https:\\\/\\\/unstamps.org\\\/es\\\/producto\\\/apnu-ginebra-55o-aniversario\\\/\",\"url\":\"https:\\\/\\\/unstamps.org\\\/es\\\/producto\\\/apnu-ginebra-55o-aniversario\\\/\",\"name\":\"APNU &#8211; Ginebra 55\u00ba Aniversario - UN Stamps\",\"isPartOf\":{\"@id\":\"https:\\\/\\\/unstamps.org\\\/es\\\/#website\"},\"primaryImageOfPage\":{\"@id\":\"https:\\\/\\\/unstamps.org\\\/es\\\/producto\\\/apnu-ginebra-55o-aniversario\\\/#primaryimage\"},\"image\":{\"@id\":\"https:\\\/\\\/unstamps.org\\\/es\\\/producto\\\/apnu-ginebra-55o-aniversario\\\/#primaryimage\"},\"thumbnailUrl\":\"https:\\\/\\\/unstamps.org\\\/wp-content\\\/uploads\\\/2024\\\/10\\\/2024-PSS-GE-mint.jpg\",\"datePublished\":\"2024-10-25T13:35:42+00:00\",\"dateModified\":\"2026-01-09T16:58:55+00:00\",\"breadcrumb\":{\"@id\":\"https:\\\/\\\/unstamps.org\\\/es\\\/producto\\\/apnu-ginebra-55o-aniversario\\\/#breadcrumb\"},\"inLanguage\":\"es\",\"potentialAction\":[{\"@type\":\"ReadAction\",\"target\":[\"https:\\\/\\\/unstamps.org\\\/es\\\/producto\\\/apnu-ginebra-55o-aniversario\\\/\"]}]},{\"@type\":\"ImageObject\",\"inLanguage\":\"es\",\"@id\":\"https:\\\/\\\/unstamps.org\\\/es\\\/producto\\\/apnu-ginebra-55o-aniversario\\\/#primaryimage\",\"url\":\"https:\\\/\\\/unstamps.org\\\/wp-content\\\/uploads\\\/2024\\\/10\\\/2024-PSS-GE-mint.jpg\",\"contentUrl\":\"https:\\\/\\\/unstamps.org\\\/wp-content\\\/uploads\\\/2024\\\/10\\\/2024-PSS-GE-mint.jpg\",\"width\":1024,\"height\":1024},{\"@type\":\"BreadcrumbList\",\"@id\":\"https:\\\/\\\/unstamps.org\\\/es\\\/producto\\\/apnu-ginebra-55o-aniversario\\\/#breadcrumb\",\"itemListElement\":[{\"@type\":\"ListItem\",\"position\":1,\"name\":\"Home\",\"item\":\"https:\\\/\\\/unstamps.org\\\/es\\\/\"},{\"@type\":\"ListItem\",\"position\":2,\"name\":\"Shop\",\"item\":\"https:\\\/\\\/unstamps.org\\\/es\\\/productos\\\/\"},{\"@type\":\"ListItem\",\"position\":3,\"name\":\"APNU &#8211; Ginebra 55\u00ba Aniversario\"}]},{\"@type\":\"WebSite\",\"@id\":\"https:\\\/\\\/unstamps.org\\\/es\\\/#website\",\"url\":\"https:\\\/\\\/unstamps.org\\\/es\\\/\",\"name\":\"UN Stamps\",\"description\":\"United Nations Stamps\",\"publisher\":{\"@id\":\"https:\\\/\\\/unstamps.org\\\/es\\\/#organization\"},\"potentialAction\":[{\"@type\":\"SearchAction\",\"target\":{\"@type\":\"EntryPoint\",\"urlTemplate\":\"https:\\\/\\\/unstamps.org\\\/es\\\/?s={search_term_string}\"},\"query-input\":{\"@type\":\"PropertyValueSpecification\",\"valueRequired\":true,\"valueName\":\"search_term_string\"}}],\"inLanguage\":\"es\"},{\"@type\":\"Organization\",\"@id\":\"https:\\\/\\\/unstamps.org\\\/es\\\/#organization\",\"name\":\"UN Stamps\",\"url\":\"https:\\\/\\\/unstamps.org\\\/es\\\/\",\"logo\":{\"@type\":\"ImageObject\",\"inLanguage\":\"es\",\"@id\":\"https:\\\/\\\/unstamps.org\\\/es\\\/#\\\/schema\\\/logo\\\/image\\\/\",\"url\":\"https:\\\/\\\/unstamps.org\\\/wp-content\\\/uploads\\\/2014\\\/01\\\/logo4web.jpg\",\"contentUrl\":\"https:\\\/\\\/unstamps.org\\\/wp-content\\\/uploads\\\/2014\\\/01\\\/logo4web.jpg\",\"width\":2500,\"height\":250,\"caption\":\"UN Stamps\"},\"image\":{\"@id\":\"https:\\\/\\\/unstamps.org\\\/es\\\/#\\\/schema\\\/logo\\\/image\\\/\"}}]}<\/script>\n<!-- \/ Yoast SEO plugin. -->","yoast_head_json":{"title":"APNU &#8211; Ginebra 55\u00ba Aniversario - UN Stamps","robots":{"index":"index","follow":"follow","max-snippet":"max-snippet:-1","max-image-preview":"max-image-preview:large","max-video-preview":"max-video-preview:-1"},"canonical":"https:\/\/unstamps.org\/es\/producto\/apnu-ginebra-55o-aniversario\/","og_locale":"es_ES","og_type":"article","og_title":"APNU &#8211; Ginebra 55\u00ba Aniversario - UN Stamps","og_description":"El 24 de octubre de 2024, la Administraci\u00f3n Postal de las Naciones Unidas emitir\u00e1 una nueva hoja personalizada para conmemorar el 55\u00ba aniversario de la sede de la APNU en Ginebra. El 11 de diciembre de 1968, un acuerdo entre las Naciones Unidas y la Empresa Suiza de Tel\u00e9fonos Postales y Tel\u00e9grafos (PTT) permiti\u00f3 la [&hellip;]","og_url":"https:\/\/unstamps.org\/es\/producto\/apnu-ginebra-55o-aniversario\/","og_site_name":"UN Stamps","article_modified_time":"2026-01-09T16:58:55+00:00","og_image":[{"width":1024,"height":1024,"url":"https:\/\/unstamps.org\/wp-content\/uploads\/2024\/10\/2024-PSS-GE-mint.jpg","type":"image\/jpeg"}],"twitter_card":"summary_large_image","twitter_misc":{"Tiempo de lectura":"1 minuto"},"schema":{"@context":"https:\/\/schema.org","@graph":[{"@type":"WebPage","@id":"https:\/\/unstamps.org\/es\/producto\/apnu-ginebra-55o-aniversario\/","url":"https:\/\/unstamps.org\/es\/producto\/apnu-ginebra-55o-aniversario\/","name":"APNU &#8211; Ginebra 55\u00ba Aniversario - UN Stamps","isPartOf":{"@id":"https:\/\/unstamps.org\/es\/#website"},"primaryImageOfPage":{"@id":"https:\/\/unstamps.org\/es\/producto\/apnu-ginebra-55o-aniversario\/#primaryimage"},"image":{"@id":"https:\/\/unstamps.org\/es\/producto\/apnu-ginebra-55o-aniversario\/#primaryimage"},"thumbnailUrl":"https:\/\/unstamps.org\/wp-content\/uploads\/2024\/10\/2024-PSS-GE-mint.jpg","datePublished":"2024-10-25T13:35:42+00:00","dateModified":"2026-01-09T16:58:55+00:00","breadcrumb":{"@id":"https:\/\/unstamps.org\/es\/producto\/apnu-ginebra-55o-aniversario\/#breadcrumb"},"inLanguage":"es","potentialAction":[{"@type":"ReadAction","target":["https:\/\/unstamps.org\/es\/producto\/apnu-ginebra-55o-aniversario\/"]}]},{"@type":"ImageObject","inLanguage":"es","@id":"https:\/\/unstamps.org\/es\/producto\/apnu-ginebra-55o-aniversario\/#primaryimage","url":"https:\/\/unstamps.org\/wp-content\/uploads\/2024\/10\/2024-PSS-GE-mint.jpg","contentUrl":"https:\/\/unstamps.org\/wp-content\/uploads\/2024\/10\/2024-PSS-GE-mint.jpg","width":1024,"height":1024},{"@type":"BreadcrumbList","@id":"https:\/\/unstamps.org\/es\/producto\/apnu-ginebra-55o-aniversario\/#breadcrumb","itemListElement":[{"@type":"ListItem","position":1,"name":"Home","item":"https:\/\/unstamps.org\/es\/"},{"@type":"ListItem","position":2,"name":"Shop","item":"https:\/\/unstamps.org\/es\/productos\/"},{"@type":"ListItem","position":3,"name":"APNU &#8211; Ginebra 55\u00ba Aniversario"}]},{"@type":"WebSite","@id":"https:\/\/unstamps.org\/es\/#website","url":"https:\/\/unstamps.org\/es\/","name":"UN Stamps","description":"United Nations Stamps","publisher":{"@id":"https:\/\/unstamps.org\/es\/#organization"},"potentialAction":[{"@type":"SearchAction","target":{"@type":"EntryPoint","urlTemplate":"https:\/\/unstamps.org\/es\/?s={search_term_string}"},"query-input":{"@type":"PropertyValueSpecification","valueRequired":true,"valueName":"search_term_string"}}],"inLanguage":"es"},{"@type":"Organization","@id":"https:\/\/unstamps.org\/es\/#organization","name":"UN Stamps","url":"https:\/\/unstamps.org\/es\/","logo":{"@type":"ImageObject","inLanguage":"es","@id":"https:\/\/unstamps.org\/es\/#\/schema\/logo\/image\/","url":"https:\/\/unstamps.org\/wp-content\/uploads\/2014\/01\/logo4web.jpg","contentUrl":"https:\/\/unstamps.org\/wp-content\/uploads\/2014\/01\/logo4web.jpg","width":2500,"height":250,"caption":"UN Stamps"},"image":{"@id":"https:\/\/unstamps.org\/es\/#\/schema\/logo\/image\/"}}]}},"jetpack_sharing_enabled":true,"publishpress_future_action":{"enabled":false,"date":"2026-04-30 14:40:26","action":"change-status","newStatus":"private","terms":[],"taxonomy":"product_cat","extraData":[]},"publishpress_future_workflow_manual_trigger":{"enabledWorkflows":[]},"_links":{"self":[{"href":"https:\/\/unstamps.org\/es\/wp-json\/wp\/v2\/product\/189316","targetHints":{"allow":["GET"]}}],"collection":[{"href":"https:\/\/unstamps.org\/es\/wp-json\/wp\/v2\/product"}],"about":[{"href":"https:\/\/unstamps.org\/es\/wp-json\/wp\/v2\/types\/product"}],"replies":[{"embeddable":true,"href":"https:\/\/unstamps.org\/es\/wp-json\/wp\/v2\/comments?post=189316"}],"wp:featuredmedia":[{"embeddable":true,"href":"https:\/\/unstamps.org\/es\/wp-json\/wp\/v2\/media\/189329"}],"wp:attachment":[{"href":"https:\/\/unstamps.org\/es\/wp-json\/wp\/v2\/media?parent=189316"}],"wp:term":[{"taxonomy":"product_brand","embeddable":true,"href":"https:\/\/unstamps.org\/es\/wp-json\/wp\/v2\/product_brand?post=189316"},{"taxonomy":"product_cat","embeddable":true,"href":"https:\/\/unstamps.org\/es\/wp-json\/wp\/v2\/product_cat?post=189316"},{"taxonomy":"product_tag","embeddable":true,"href":"https:\/\/unstamps.org\/es\/wp-json\/wp\/v2\/product_tag?post=189316"}],"curies":[{"name":"wp","href":"https:\/\/api.w.org\/{rel}","templated":true}]}}