{"id":187811,"date":"2024-08-12T11:19:38","date_gmt":"2024-08-12T15:22:40","guid":{"rendered":"https:\/\/unstamps.org\/?post_type=product&#038;p=187811"},"modified":"2026-01-09T11:58:51","modified_gmt":"2026-01-09T16:58:51","slug":"2024-patrimonio-mundial-republica-de-corea-cuaderno-de-sellos-especiales-ny","status":"publish","type":"product","link":"https:\/\/unstamps.org\/es\/producto\/2024-patrimonio-mundial-republica-de-corea-cuaderno-de-sellos-especiales-ny\/","title":{"rendered":"2024 PATRIMONIO MUNDIAL \u2013 Rep\u00fablica de Corea &#8211; Cuaderno de sellos especiales NY"},"content":{"rendered":"<p><strong>Fecha de emisi\u00f3n<\/strong>: 15 agosto 2024<br \/>\n<strong>Dise\u00f1ador<\/strong>: Sergio Baradat (Naciones Unidas)<br \/>\n<strong>Fotos<\/strong>: Shutterstock<br \/>\n<strong>Impresor<\/strong>: Royal Joh Ensched\u00e9 (Pa\u00edses Bajos)<br \/>\n<strong>Proceso<\/strong>: Litografia offset<br \/>\n<strong>Valores<\/strong>: US$ 0,56, US$ 0,73<br \/>\n<strong>Cantidade<\/strong>: 4.500 cuadernos<\/p>\n","protected":false},"excerpt":{"rendered":"<p>Fecha de emisi\u00f3n: 15 agosto 2024 Dise\u00f1ador: Sergio Baradat (Naciones Unidas) Fotos: Shutterstock Impresor: Royal Joh Ensched\u00e9 (Pa\u00edses Bajos) Proceso: Litografia offset Valores: US$ 0,56, US$ 0,73 Cantidade: 4.500 cuadernos<\/p>\n","protected":false},"featured_media":188063,"comment_status":"closed","ping_status":"closed","template":"","meta":{"ngg_post_thumbnail":0},"product_brand":[],"product_cat":[2948,935,924,944],"product_tag":[],"class_list":{"0":"post-187811","1":"product","2":"type-product","3":"status-publish","4":"has-post-thumbnail","6":"product_cat-2024-es","7":"product_cat-cuadernos-prestige","8":"product_cat-nueva-york","9":"product_cat-patrimonio-mundial-de-la-unesco","10":"pa_condition-cancelled-es","11":"pa_condition-mint-es","13":"first","14":"instock","15":"shipping-taxable","16":"purchasable","17":"product-type-variable"},"yoast_head":"<!-- This site is optimized with the Yoast SEO plugin v27.3 - https:\/\/yoast.com\/product\/yoast-seo-wordpress\/ -->\n<title>2024 PATRIMONIO MUNDIAL \u2013 Rep\u00fablica de Corea &#8211; Cuaderno de sellos especiales NY - UN Stamps<\/title>\n<meta name=\"robots\" content=\"index, follow, max-snippet:-1, max-image-preview:large, max-video-preview:-1\" \/>\n<link rel=\"canonical\" href=\"https:\/\/unstamps.org\/es\/producto\/2024-patrimonio-mundial-republica-de-corea-cuaderno-de-sellos-especiales-ny\/\" \/>\n<meta property=\"og:locale\" content=\"es_ES\" \/>\n<meta property=\"og:type\" content=\"article\" \/>\n<meta property=\"og:title\" content=\"2024 PATRIMONIO MUNDIAL \u2013 Rep\u00fablica de Corea &#8211; Cuaderno de sellos especiales NY - UN Stamps\" \/>\n<meta property=\"og:description\" content=\"Fecha de emisi\u00f3n: 15 agosto 2024 Dise\u00f1ador: Sergio Baradat (Naciones Unidas) Fotos: Shutterstock Impresor: Royal Joh Ensched\u00e9 (Pa\u00edses Bajos) Proceso: Litografia offset Valores: US$ 0,56, US$ 0,73 Cantidade: 4.500 cuadernos\" \/>\n<meta property=\"og:url\" content=\"https:\/\/unstamps.org\/es\/producto\/2024-patrimonio-mundial-republica-de-corea-cuaderno-de-sellos-especiales-ny\/\" \/>\n<meta property=\"og:site_name\" content=\"UN Stamps\" \/>\n<meta property=\"article:modified_time\" content=\"2026-01-09T16:58:51+00:00\" \/>\n<meta property=\"og:image\" content=\"https:\/\/unstamps.org\/wp-content\/uploads\/2024\/08\/Korea-WH-Prestige-Book-NY.jpg\" \/>\n\t<meta property=\"og:image:width\" content=\"1024\" \/>\n\t<meta property=\"og:image:height\" content=\"1024\" \/>\n\t<meta property=\"og:image:type\" content=\"image\/jpeg\" \/>\n<meta name=\"twitter:card\" content=\"summary_large_image\" \/>\n<script type=\"application\/ld+json\" class=\"yoast-schema-graph\">{\"@context\":\"https:\\\/\\\/schema.org\",\"@graph\":[{\"@type\":\"WebPage\",\"@id\":\"https:\\\/\\\/unstamps.org\\\/es\\\/producto\\\/2024-patrimonio-mundial-republica-de-corea-cuaderno-de-sellos-especiales-ny\\\/\",\"url\":\"https:\\\/\\\/unstamps.org\\\/es\\\/producto\\\/2024-patrimonio-mundial-republica-de-corea-cuaderno-de-sellos-especiales-ny\\\/\",\"name\":\"2024 PATRIMONIO MUNDIAL \u2013 Rep\u00fablica de Corea &#8211; Cuaderno de sellos especiales NY - UN Stamps\",\"isPartOf\":{\"@id\":\"https:\\\/\\\/unstamps.org\\\/es\\\/#website\"},\"primaryImageOfPage\":{\"@id\":\"https:\\\/\\\/unstamps.org\\\/es\\\/producto\\\/2024-patrimonio-mundial-republica-de-corea-cuaderno-de-sellos-especiales-ny\\\/#primaryimage\"},\"image\":{\"@id\":\"https:\\\/\\\/unstamps.org\\\/es\\\/producto\\\/2024-patrimonio-mundial-republica-de-corea-cuaderno-de-sellos-especiales-ny\\\/#primaryimage\"},\"thumbnailUrl\":\"https:\\\/\\\/unstamps.org\\\/wp-content\\\/uploads\\\/2024\\\/08\\\/Korea-WH-Prestige-Book-NY.jpg\",\"datePublished\":\"2024-08-12T15:22:40+00:00\",\"dateModified\":\"2026-01-09T16:58:51+00:00\",\"breadcrumb\":{\"@id\":\"https:\\\/\\\/unstamps.org\\\/es\\\/producto\\\/2024-patrimonio-mundial-republica-de-corea-cuaderno-de-sellos-especiales-ny\\\/#breadcrumb\"},\"inLanguage\":\"es\",\"potentialAction\":[{\"@type\":\"ReadAction\",\"target\":[\"https:\\\/\\\/unstamps.org\\\/es\\\/producto\\\/2024-patrimonio-mundial-republica-de-corea-cuaderno-de-sellos-especiales-ny\\\/\"]}]},{\"@type\":\"ImageObject\",\"inLanguage\":\"es\",\"@id\":\"https:\\\/\\\/unstamps.org\\\/es\\\/producto\\\/2024-patrimonio-mundial-republica-de-corea-cuaderno-de-sellos-especiales-ny\\\/#primaryimage\",\"url\":\"https:\\\/\\\/unstamps.org\\\/wp-content\\\/uploads\\\/2024\\\/08\\\/Korea-WH-Prestige-Book-NY.jpg\",\"contentUrl\":\"https:\\\/\\\/unstamps.org\\\/wp-content\\\/uploads\\\/2024\\\/08\\\/Korea-WH-Prestige-Book-NY.jpg\",\"width\":1024,\"height\":1024},{\"@type\":\"BreadcrumbList\",\"@id\":\"https:\\\/\\\/unstamps.org\\\/es\\\/producto\\\/2024-patrimonio-mundial-republica-de-corea-cuaderno-de-sellos-especiales-ny\\\/#breadcrumb\",\"itemListElement\":[{\"@type\":\"ListItem\",\"position\":1,\"name\":\"Home\",\"item\":\"https:\\\/\\\/unstamps.org\\\/es\\\/\"},{\"@type\":\"ListItem\",\"position\":2,\"name\":\"Shop\",\"item\":\"https:\\\/\\\/unstamps.org\\\/es\\\/productos\\\/\"},{\"@type\":\"ListItem\",\"position\":3,\"name\":\"2024 PATRIMONIO MUNDIAL \u2013 Rep\u00fablica de Corea &#8211; Cuaderno de sellos especiales NY\"}]},{\"@type\":\"WebSite\",\"@id\":\"https:\\\/\\\/unstamps.org\\\/es\\\/#website\",\"url\":\"https:\\\/\\\/unstamps.org\\\/es\\\/\",\"name\":\"UN Stamps\",\"description\":\"United Nations Stamps\",\"publisher\":{\"@id\":\"https:\\\/\\\/unstamps.org\\\/es\\\/#organization\"},\"potentialAction\":[{\"@type\":\"SearchAction\",\"target\":{\"@type\":\"EntryPoint\",\"urlTemplate\":\"https:\\\/\\\/unstamps.org\\\/es\\\/?s={search_term_string}\"},\"query-input\":{\"@type\":\"PropertyValueSpecification\",\"valueRequired\":true,\"valueName\":\"search_term_string\"}}],\"inLanguage\":\"es\"},{\"@type\":\"Organization\",\"@id\":\"https:\\\/\\\/unstamps.org\\\/es\\\/#organization\",\"name\":\"UN Stamps\",\"url\":\"https:\\\/\\\/unstamps.org\\\/es\\\/\",\"logo\":{\"@type\":\"ImageObject\",\"inLanguage\":\"es\",\"@id\":\"https:\\\/\\\/unstamps.org\\\/es\\\/#\\\/schema\\\/logo\\\/image\\\/\",\"url\":\"https:\\\/\\\/unstamps.org\\\/wp-content\\\/uploads\\\/2014\\\/01\\\/logo4web.jpg\",\"contentUrl\":\"https:\\\/\\\/unstamps.org\\\/wp-content\\\/uploads\\\/2014\\\/01\\\/logo4web.jpg\",\"width\":2500,\"height\":250,\"caption\":\"UN Stamps\"},\"image\":{\"@id\":\"https:\\\/\\\/unstamps.org\\\/es\\\/#\\\/schema\\\/logo\\\/image\\\/\"}}]}<\/script>\n<!-- \/ Yoast SEO plugin. -->","yoast_head_json":{"title":"2024 PATRIMONIO MUNDIAL \u2013 Rep\u00fablica de Corea &#8211; Cuaderno de sellos especiales NY - UN Stamps","robots":{"index":"index","follow":"follow","max-snippet":"max-snippet:-1","max-image-preview":"max-image-preview:large","max-video-preview":"max-video-preview:-1"},"canonical":"https:\/\/unstamps.org\/es\/producto\/2024-patrimonio-mundial-republica-de-corea-cuaderno-de-sellos-especiales-ny\/","og_locale":"es_ES","og_type":"article","og_title":"2024 PATRIMONIO MUNDIAL \u2013 Rep\u00fablica de Corea &#8211; Cuaderno de sellos especiales NY - UN Stamps","og_description":"Fecha de emisi\u00f3n: 15 agosto 2024 Dise\u00f1ador: Sergio Baradat (Naciones Unidas) Fotos: Shutterstock Impresor: Royal Joh Ensched\u00e9 (Pa\u00edses Bajos) Proceso: Litografia offset Valores: US$ 0,56, US$ 0,73 Cantidade: 4.500 cuadernos","og_url":"https:\/\/unstamps.org\/es\/producto\/2024-patrimonio-mundial-republica-de-corea-cuaderno-de-sellos-especiales-ny\/","og_site_name":"UN Stamps","article_modified_time":"2026-01-09T16:58:51+00:00","og_image":[{"width":1024,"height":1024,"url":"https:\/\/unstamps.org\/wp-content\/uploads\/2024\/08\/Korea-WH-Prestige-Book-NY.jpg","type":"image\/jpeg"}],"twitter_card":"summary_large_image","schema":{"@context":"https:\/\/schema.org","@graph":[{"@type":"WebPage","@id":"https:\/\/unstamps.org\/es\/producto\/2024-patrimonio-mundial-republica-de-corea-cuaderno-de-sellos-especiales-ny\/","url":"https:\/\/unstamps.org\/es\/producto\/2024-patrimonio-mundial-republica-de-corea-cuaderno-de-sellos-especiales-ny\/","name":"2024 PATRIMONIO MUNDIAL \u2013 Rep\u00fablica de Corea &#8211; Cuaderno de sellos especiales NY - UN Stamps","isPartOf":{"@id":"https:\/\/unstamps.org\/es\/#website"},"primaryImageOfPage":{"@id":"https:\/\/unstamps.org\/es\/producto\/2024-patrimonio-mundial-republica-de-corea-cuaderno-de-sellos-especiales-ny\/#primaryimage"},"image":{"@id":"https:\/\/unstamps.org\/es\/producto\/2024-patrimonio-mundial-republica-de-corea-cuaderno-de-sellos-especiales-ny\/#primaryimage"},"thumbnailUrl":"https:\/\/unstamps.org\/wp-content\/uploads\/2024\/08\/Korea-WH-Prestige-Book-NY.jpg","datePublished":"2024-08-12T15:22:40+00:00","dateModified":"2026-01-09T16:58:51+00:00","breadcrumb":{"@id":"https:\/\/unstamps.org\/es\/producto\/2024-patrimonio-mundial-republica-de-corea-cuaderno-de-sellos-especiales-ny\/#breadcrumb"},"inLanguage":"es","potentialAction":[{"@type":"ReadAction","target":["https:\/\/unstamps.org\/es\/producto\/2024-patrimonio-mundial-republica-de-corea-cuaderno-de-sellos-especiales-ny\/"]}]},{"@type":"ImageObject","inLanguage":"es","@id":"https:\/\/unstamps.org\/es\/producto\/2024-patrimonio-mundial-republica-de-corea-cuaderno-de-sellos-especiales-ny\/#primaryimage","url":"https:\/\/unstamps.org\/wp-content\/uploads\/2024\/08\/Korea-WH-Prestige-Book-NY.jpg","contentUrl":"https:\/\/unstamps.org\/wp-content\/uploads\/2024\/08\/Korea-WH-Prestige-Book-NY.jpg","width":1024,"height":1024},{"@type":"BreadcrumbList","@id":"https:\/\/unstamps.org\/es\/producto\/2024-patrimonio-mundial-republica-de-corea-cuaderno-de-sellos-especiales-ny\/#breadcrumb","itemListElement":[{"@type":"ListItem","position":1,"name":"Home","item":"https:\/\/unstamps.org\/es\/"},{"@type":"ListItem","position":2,"name":"Shop","item":"https:\/\/unstamps.org\/es\/productos\/"},{"@type":"ListItem","position":3,"name":"2024 PATRIMONIO MUNDIAL \u2013 Rep\u00fablica de Corea &#8211; Cuaderno de sellos especiales NY"}]},{"@type":"WebSite","@id":"https:\/\/unstamps.org\/es\/#website","url":"https:\/\/unstamps.org\/es\/","name":"UN Stamps","description":"United Nations Stamps","publisher":{"@id":"https:\/\/unstamps.org\/es\/#organization"},"potentialAction":[{"@type":"SearchAction","target":{"@type":"EntryPoint","urlTemplate":"https:\/\/unstamps.org\/es\/?s={search_term_string}"},"query-input":{"@type":"PropertyValueSpecification","valueRequired":true,"valueName":"search_term_string"}}],"inLanguage":"es"},{"@type":"Organization","@id":"https:\/\/unstamps.org\/es\/#organization","name":"UN Stamps","url":"https:\/\/unstamps.org\/es\/","logo":{"@type":"ImageObject","inLanguage":"es","@id":"https:\/\/unstamps.org\/es\/#\/schema\/logo\/image\/","url":"https:\/\/unstamps.org\/wp-content\/uploads\/2014\/01\/logo4web.jpg","contentUrl":"https:\/\/unstamps.org\/wp-content\/uploads\/2014\/01\/logo4web.jpg","width":2500,"height":250,"caption":"UN Stamps"},"image":{"@id":"https:\/\/unstamps.org\/es\/#\/schema\/logo\/image\/"}}]}},"jetpack_sharing_enabled":true,"publishpress_future_action":{"enabled":false,"date":"2026-04-12 13:47:43","action":"change-status","newStatus":"private","terms":[],"taxonomy":"product_cat","extraData":[]},"publishpress_future_workflow_manual_trigger":{"enabledWorkflows":[]},"_links":{"self":[{"href":"https:\/\/unstamps.org\/es\/wp-json\/wp\/v2\/product\/187811","targetHints":{"allow":["GET"]}}],"collection":[{"href":"https:\/\/unstamps.org\/es\/wp-json\/wp\/v2\/product"}],"about":[{"href":"https:\/\/unstamps.org\/es\/wp-json\/wp\/v2\/types\/product"}],"replies":[{"embeddable":true,"href":"https:\/\/unstamps.org\/es\/wp-json\/wp\/v2\/comments?post=187811"}],"wp:featuredmedia":[{"embeddable":true,"href":"https:\/\/unstamps.org\/es\/wp-json\/wp\/v2\/media\/188063"}],"wp:attachment":[{"href":"https:\/\/unstamps.org\/es\/wp-json\/wp\/v2\/media?parent=187811"}],"wp:term":[{"taxonomy":"product_brand","embeddable":true,"href":"https:\/\/unstamps.org\/es\/wp-json\/wp\/v2\/product_brand?post=187811"},{"taxonomy":"product_cat","embeddable":true,"href":"https:\/\/unstamps.org\/es\/wp-json\/wp\/v2\/product_cat?post=187811"},{"taxonomy":"product_tag","embeddable":true,"href":"https:\/\/unstamps.org\/es\/wp-json\/wp\/v2\/product_tag?post=187811"}],"curies":[{"name":"wp","href":"https:\/\/api.w.org\/{rel}","templated":true}]}}