{"id":185909,"date":"2024-06-05T00:25:46","date_gmt":"2024-06-05T04:32:52","guid":{"rendered":"https:\/\/unstamps.org\/?post_type=product&#038;p=185909"},"modified":"2026-01-09T11:58:41","modified_gmt":"2026-01-09T16:58:41","slug":"saludos-onu-nueva-york-5","status":"publish","type":"product","link":"https:\/\/unstamps.org\/es\/producto\/saludos-onu-nueva-york-5\/","title":{"rendered":"Saludos Desde La Sede De La Onu En Nueva York"},"content":{"rendered":"<p>El 7 de junio de 2024, la Administraci\u00f3n Postal de las Naciones Unidas emite una nueva hoja personalizada \u00abSaludos desde la Sede de las Naciones Unidas en Nueva York\u00bb.<\/p>\n<p>Los diez sellos de 1,65 $ muestran diversas fotograf\u00edas del edificio de la Sede de las Naciones Unidas.<\/p>\n<p>En las pesta\u00f1as a la derecha de los sellos figura el emblema azul de las Naciones Unidas sobre fondo blanco.<\/p>\n<p><strong>Caracter\u00edsticas t\u00e9cnicas: <\/strong><br \/>\nTama\u00f1o del sello: 40,6 mm x 29,8 mm<br \/>\nTama\u00f1o de la pesta\u00f1a: 26,6 mm x 29,8 mm<br \/>\nTama\u00f1o de la hoja: 279,4 mm x 215,9 mm<\/p>\n<p>Los clientes con pedidos permanentes de hojas personalizadas de Nueva York (393) recibir\u00e1n autom\u00e1ticamente este art\u00edculo.<\/p>\n","protected":false},"excerpt":{"rendered":"<p>El 7 de junio de 2024, la Administraci\u00f3n Postal de las Naciones Unidas emite una nueva hoja personalizada \u00abSaludos desde la Sede de las Naciones Unidas en Nueva York\u00bb. Los diez sellos de 1,65 $ muestran diversas fotograf\u00edas del edificio de la Sede de las Naciones Unidas. En las pesta\u00f1as a la derecha de los [&hellip;]<\/p>\n","protected":false},"featured_media":185899,"comment_status":"closed","ping_status":"closed","template":"","meta":{"ngg_post_thumbnail":0},"product_brand":[],"product_cat":[2948,924,938],"product_tag":[],"class_list":{"0":"post-185909","1":"product","2":"type-product","3":"status-publish","4":"has-post-thumbnail","6":"product_cat-2024-es","7":"product_cat-nueva-york","8":"product_cat-pliegos-personalizados","9":"pa_condition-cancelled-es","10":"pa_condition-mint-es","12":"first","13":"instock","14":"shipping-taxable","15":"purchasable","16":"product-type-variable"},"yoast_head":"<!-- This site is optimized with the Yoast SEO plugin v27.4 - https:\/\/yoast.com\/product\/yoast-seo-wordpress\/ -->\n<title>Saludos Desde La Sede De La Onu En Nueva York - UN Stamps<\/title>\n<meta name=\"robots\" content=\"index, follow, max-snippet:-1, max-image-preview:large, max-video-preview:-1\" \/>\n<link rel=\"canonical\" href=\"https:\/\/unstamps.org\/es\/producto\/saludos-onu-nueva-york-5\/\" \/>\n<meta property=\"og:locale\" content=\"es_ES\" \/>\n<meta property=\"og:type\" content=\"article\" \/>\n<meta property=\"og:title\" content=\"Saludos Desde La Sede De La Onu En Nueva York - UN Stamps\" \/>\n<meta property=\"og:description\" content=\"El 7 de junio de 2024, la Administraci\u00f3n Postal de las Naciones Unidas emite una nueva hoja personalizada \u00abSaludos desde la Sede de las Naciones Unidas en Nueva York\u00bb. Los diez sellos de 1,65 $ muestran diversas fotograf\u00edas del edificio de la Sede de las Naciones Unidas. En las pesta\u00f1as a la derecha de los [&hellip;]\" \/>\n<meta property=\"og:url\" content=\"https:\/\/unstamps.org\/es\/producto\/saludos-onu-nueva-york-5\/\" \/>\n<meta property=\"og:site_name\" content=\"UN Stamps\" \/>\n<meta property=\"article:modified_time\" content=\"2026-01-09T16:58:41+00:00\" \/>\n<meta property=\"og:image\" content=\"https:\/\/unstamps.org\/wp-content\/uploads\/2024\/05\/2024-Greetings-Web-Mint.jpg\" \/>\n\t<meta property=\"og:image:width\" content=\"1024\" \/>\n\t<meta property=\"og:image:height\" content=\"1024\" \/>\n\t<meta property=\"og:image:type\" content=\"image\/jpeg\" \/>\n<meta name=\"twitter:card\" content=\"summary_large_image\" \/>\n<meta name=\"twitter:label1\" content=\"Tiempo de lectura\" \/>\n\t<meta name=\"twitter:data1\" content=\"1 minuto\" \/>\n<script type=\"application\/ld+json\" class=\"yoast-schema-graph\">{\"@context\":\"https:\\\/\\\/schema.org\",\"@graph\":[{\"@type\":\"WebPage\",\"@id\":\"https:\\\/\\\/unstamps.org\\\/es\\\/producto\\\/saludos-onu-nueva-york-5\\\/\",\"url\":\"https:\\\/\\\/unstamps.org\\\/es\\\/producto\\\/saludos-onu-nueva-york-5\\\/\",\"name\":\"Saludos Desde La Sede De La Onu En Nueva York - UN Stamps\",\"isPartOf\":{\"@id\":\"https:\\\/\\\/unstamps.org\\\/es\\\/#website\"},\"primaryImageOfPage\":{\"@id\":\"https:\\\/\\\/unstamps.org\\\/es\\\/producto\\\/saludos-onu-nueva-york-5\\\/#primaryimage\"},\"image\":{\"@id\":\"https:\\\/\\\/unstamps.org\\\/es\\\/producto\\\/saludos-onu-nueva-york-5\\\/#primaryimage\"},\"thumbnailUrl\":\"https:\\\/\\\/unstamps.org\\\/wp-content\\\/uploads\\\/2024\\\/05\\\/2024-Greetings-Web-Mint.jpg\",\"datePublished\":\"2024-06-05T04:32:52+00:00\",\"dateModified\":\"2026-01-09T16:58:41+00:00\",\"breadcrumb\":{\"@id\":\"https:\\\/\\\/unstamps.org\\\/es\\\/producto\\\/saludos-onu-nueva-york-5\\\/#breadcrumb\"},\"inLanguage\":\"es\",\"potentialAction\":[{\"@type\":\"ReadAction\",\"target\":[\"https:\\\/\\\/unstamps.org\\\/es\\\/producto\\\/saludos-onu-nueva-york-5\\\/\"]}]},{\"@type\":\"ImageObject\",\"inLanguage\":\"es\",\"@id\":\"https:\\\/\\\/unstamps.org\\\/es\\\/producto\\\/saludos-onu-nueva-york-5\\\/#primaryimage\",\"url\":\"https:\\\/\\\/unstamps.org\\\/wp-content\\\/uploads\\\/2024\\\/05\\\/2024-Greetings-Web-Mint.jpg\",\"contentUrl\":\"https:\\\/\\\/unstamps.org\\\/wp-content\\\/uploads\\\/2024\\\/05\\\/2024-Greetings-Web-Mint.jpg\",\"width\":1024,\"height\":1024},{\"@type\":\"BreadcrumbList\",\"@id\":\"https:\\\/\\\/unstamps.org\\\/es\\\/producto\\\/saludos-onu-nueva-york-5\\\/#breadcrumb\",\"itemListElement\":[{\"@type\":\"ListItem\",\"position\":1,\"name\":\"Home\",\"item\":\"https:\\\/\\\/unstamps.org\\\/es\\\/\"},{\"@type\":\"ListItem\",\"position\":2,\"name\":\"Shop\",\"item\":\"https:\\\/\\\/unstamps.org\\\/es\\\/productos\\\/\"},{\"@type\":\"ListItem\",\"position\":3,\"name\":\"Saludos Desde La Sede De La Onu En Nueva York\"}]},{\"@type\":\"WebSite\",\"@id\":\"https:\\\/\\\/unstamps.org\\\/es\\\/#website\",\"url\":\"https:\\\/\\\/unstamps.org\\\/es\\\/\",\"name\":\"UN Stamps\",\"description\":\"United Nations Stamps\",\"publisher\":{\"@id\":\"https:\\\/\\\/unstamps.org\\\/es\\\/#organization\"},\"potentialAction\":[{\"@type\":\"SearchAction\",\"target\":{\"@type\":\"EntryPoint\",\"urlTemplate\":\"https:\\\/\\\/unstamps.org\\\/es\\\/?s={search_term_string}\"},\"query-input\":{\"@type\":\"PropertyValueSpecification\",\"valueRequired\":true,\"valueName\":\"search_term_string\"}}],\"inLanguage\":\"es\"},{\"@type\":\"Organization\",\"@id\":\"https:\\\/\\\/unstamps.org\\\/es\\\/#organization\",\"name\":\"UN Stamps\",\"url\":\"https:\\\/\\\/unstamps.org\\\/es\\\/\",\"logo\":{\"@type\":\"ImageObject\",\"inLanguage\":\"es\",\"@id\":\"https:\\\/\\\/unstamps.org\\\/es\\\/#\\\/schema\\\/logo\\\/image\\\/\",\"url\":\"https:\\\/\\\/unstamps.org\\\/wp-content\\\/uploads\\\/2014\\\/01\\\/logo4web.jpg\",\"contentUrl\":\"https:\\\/\\\/unstamps.org\\\/wp-content\\\/uploads\\\/2014\\\/01\\\/logo4web.jpg\",\"width\":2500,\"height\":250,\"caption\":\"UN Stamps\"},\"image\":{\"@id\":\"https:\\\/\\\/unstamps.org\\\/es\\\/#\\\/schema\\\/logo\\\/image\\\/\"}}]}<\/script>\n<!-- \/ Yoast SEO plugin. -->","yoast_head_json":{"title":"Saludos Desde La Sede De La Onu En Nueva York - UN Stamps","robots":{"index":"index","follow":"follow","max-snippet":"max-snippet:-1","max-image-preview":"max-image-preview:large","max-video-preview":"max-video-preview:-1"},"canonical":"https:\/\/unstamps.org\/es\/producto\/saludos-onu-nueva-york-5\/","og_locale":"es_ES","og_type":"article","og_title":"Saludos Desde La Sede De La Onu En Nueva York - UN Stamps","og_description":"El 7 de junio de 2024, la Administraci\u00f3n Postal de las Naciones Unidas emite una nueva hoja personalizada \u00abSaludos desde la Sede de las Naciones Unidas en Nueva York\u00bb. Los diez sellos de 1,65 $ muestran diversas fotograf\u00edas del edificio de la Sede de las Naciones Unidas. En las pesta\u00f1as a la derecha de los [&hellip;]","og_url":"https:\/\/unstamps.org\/es\/producto\/saludos-onu-nueva-york-5\/","og_site_name":"UN Stamps","article_modified_time":"2026-01-09T16:58:41+00:00","og_image":[{"width":1024,"height":1024,"url":"https:\/\/unstamps.org\/wp-content\/uploads\/2024\/05\/2024-Greetings-Web-Mint.jpg","type":"image\/jpeg"}],"twitter_card":"summary_large_image","twitter_misc":{"Tiempo de lectura":"1 minuto"},"schema":{"@context":"https:\/\/schema.org","@graph":[{"@type":"WebPage","@id":"https:\/\/unstamps.org\/es\/producto\/saludos-onu-nueva-york-5\/","url":"https:\/\/unstamps.org\/es\/producto\/saludos-onu-nueva-york-5\/","name":"Saludos Desde La Sede De La Onu En Nueva York - UN Stamps","isPartOf":{"@id":"https:\/\/unstamps.org\/es\/#website"},"primaryImageOfPage":{"@id":"https:\/\/unstamps.org\/es\/producto\/saludos-onu-nueva-york-5\/#primaryimage"},"image":{"@id":"https:\/\/unstamps.org\/es\/producto\/saludos-onu-nueva-york-5\/#primaryimage"},"thumbnailUrl":"https:\/\/unstamps.org\/wp-content\/uploads\/2024\/05\/2024-Greetings-Web-Mint.jpg","datePublished":"2024-06-05T04:32:52+00:00","dateModified":"2026-01-09T16:58:41+00:00","breadcrumb":{"@id":"https:\/\/unstamps.org\/es\/producto\/saludos-onu-nueva-york-5\/#breadcrumb"},"inLanguage":"es","potentialAction":[{"@type":"ReadAction","target":["https:\/\/unstamps.org\/es\/producto\/saludos-onu-nueva-york-5\/"]}]},{"@type":"ImageObject","inLanguage":"es","@id":"https:\/\/unstamps.org\/es\/producto\/saludos-onu-nueva-york-5\/#primaryimage","url":"https:\/\/unstamps.org\/wp-content\/uploads\/2024\/05\/2024-Greetings-Web-Mint.jpg","contentUrl":"https:\/\/unstamps.org\/wp-content\/uploads\/2024\/05\/2024-Greetings-Web-Mint.jpg","width":1024,"height":1024},{"@type":"BreadcrumbList","@id":"https:\/\/unstamps.org\/es\/producto\/saludos-onu-nueva-york-5\/#breadcrumb","itemListElement":[{"@type":"ListItem","position":1,"name":"Home","item":"https:\/\/unstamps.org\/es\/"},{"@type":"ListItem","position":2,"name":"Shop","item":"https:\/\/unstamps.org\/es\/productos\/"},{"@type":"ListItem","position":3,"name":"Saludos Desde La Sede De La Onu En Nueva York"}]},{"@type":"WebSite","@id":"https:\/\/unstamps.org\/es\/#website","url":"https:\/\/unstamps.org\/es\/","name":"UN Stamps","description":"United Nations Stamps","publisher":{"@id":"https:\/\/unstamps.org\/es\/#organization"},"potentialAction":[{"@type":"SearchAction","target":{"@type":"EntryPoint","urlTemplate":"https:\/\/unstamps.org\/es\/?s={search_term_string}"},"query-input":{"@type":"PropertyValueSpecification","valueRequired":true,"valueName":"search_term_string"}}],"inLanguage":"es"},{"@type":"Organization","@id":"https:\/\/unstamps.org\/es\/#organization","name":"UN Stamps","url":"https:\/\/unstamps.org\/es\/","logo":{"@type":"ImageObject","inLanguage":"es","@id":"https:\/\/unstamps.org\/es\/#\/schema\/logo\/image\/","url":"https:\/\/unstamps.org\/wp-content\/uploads\/2014\/01\/logo4web.jpg","contentUrl":"https:\/\/unstamps.org\/wp-content\/uploads\/2014\/01\/logo4web.jpg","width":2500,"height":250,"caption":"UN Stamps"},"image":{"@id":"https:\/\/unstamps.org\/es\/#\/schema\/logo\/image\/"}}]}},"jetpack_sharing_enabled":true,"publishpress_future_action":{"enabled":false,"date":"2026-04-30 11:40:24","action":"change-status","newStatus":"private","terms":[],"taxonomy":"product_cat","extraData":[]},"publishpress_future_workflow_manual_trigger":{"enabledWorkflows":[]},"_links":{"self":[{"href":"https:\/\/unstamps.org\/es\/wp-json\/wp\/v2\/product\/185909","targetHints":{"allow":["GET"]}}],"collection":[{"href":"https:\/\/unstamps.org\/es\/wp-json\/wp\/v2\/product"}],"about":[{"href":"https:\/\/unstamps.org\/es\/wp-json\/wp\/v2\/types\/product"}],"replies":[{"embeddable":true,"href":"https:\/\/unstamps.org\/es\/wp-json\/wp\/v2\/comments?post=185909"}],"wp:featuredmedia":[{"embeddable":true,"href":"https:\/\/unstamps.org\/es\/wp-json\/wp\/v2\/media\/185899"}],"wp:attachment":[{"href":"https:\/\/unstamps.org\/es\/wp-json\/wp\/v2\/media?parent=185909"}],"wp:term":[{"taxonomy":"product_brand","embeddable":true,"href":"https:\/\/unstamps.org\/es\/wp-json\/wp\/v2\/product_brand?post=185909"},{"taxonomy":"product_cat","embeddable":true,"href":"https:\/\/unstamps.org\/es\/wp-json\/wp\/v2\/product_cat?post=185909"},{"taxonomy":"product_tag","embeddable":true,"href":"https:\/\/unstamps.org\/es\/wp-json\/wp\/v2\/product_tag?post=185909"}],"curies":[{"name":"wp","href":"https:\/\/api.w.org\/{rel}","templated":true}]}}