{"id":184773,"date":"2024-04-23T10:29:04","date_gmt":"2024-04-23T14:32:25","guid":{"rendered":"https:\/\/unstamps.org\/?post_type=product&#038;p=184773"},"modified":"2026-01-09T11:56:25","modified_gmt":"2026-01-09T16:56:25","slug":"especies-amenazadas-2024-edicion-limitada-sobre-de-primer-dia-de-emision","status":"publish","type":"product","link":"https:\/\/unstamps.org\/es\/producto\/especies-amenazadas-2024-edicion-limitada-sobre-de-primer-dia-de-emision\/","title":{"rendered":"Especies amenazadas &#8211; 2024 Edici\u00f3n limitada: Sobre de primer d\u00eda de emisi\u00f3n"},"content":{"rendered":"<p>Para conmemorar la serie de sellos \u201cEspecies amenazadas 2024\u201d, la APNU producir\u00e1 una <strong>edici\u00f3n limitada de sobres de primer d\u00eda de emisi\u00f3n en papel de seda<\/strong>. En los sobres se fijar\u00e1 y cancelar\u00e1, seg\u00fan corresponda, un sello postal \u00fanico de cada una de las sedes: Nueva York, Ginebra o Viena. Los\u00a0sobres estar\u00e1n numerados consecutivamente.<\/p>\n<p><strong>Los sobres se proporcionar\u00e1n autom\u00e1ticamente a los clientes que hayan habilitado un pedido autom\u00e1tico para los productos varios de Nueva York (art. 424).<\/strong><\/p>\n<p>Los clientes que no dispongan de cuenta de pedido autom\u00e1tico deber\u00e1n realizar sus pedidos con prontitud, puesto que, de lo contrario, podr\u00edan ver frustrada su expectativa.<\/p>\n","protected":false},"excerpt":{"rendered":"<p>Para conmemorar la serie de sellos \u201cEspecies amenazadas 2024\u201d, la APNU producir\u00e1 una edici\u00f3n limitada de sobres de primer d\u00eda de emisi\u00f3n en papel de seda. En los sobres se fijar\u00e1 y cancelar\u00e1, seg\u00fan corresponda, un sello postal \u00fanico de cada una de las sedes: Nueva York, Ginebra o Viena. Los\u00a0sobres estar\u00e1n numerados consecutivamente. Los [&hellip;]<\/p>\n","protected":false},"featured_media":184983,"comment_status":"closed","ping_status":"closed","template":"","meta":{"ngg_post_thumbnail":0},"product_brand":[],"product_cat":[2948,942],"product_tag":[],"class_list":{"0":"post-184773","1":"product","2":"type-product","3":"status-publish","4":"has-post-thumbnail","6":"product_cat-2024-es","7":"product_cat-especies-amenazadas","9":"first","10":"instock","11":"shipping-taxable","12":"purchasable","13":"product-type-simple"},"yoast_head":"<!-- This site is optimized with the Yoast SEO plugin v27.3 - https:\/\/yoast.com\/product\/yoast-seo-wordpress\/ -->\n<title>Especies amenazadas &#8211; 2024 Edici\u00f3n limitada: Sobre de primer d\u00eda de emisi\u00f3n - UN Stamps<\/title>\n<meta name=\"robots\" content=\"index, follow, max-snippet:-1, max-image-preview:large, max-video-preview:-1\" \/>\n<link rel=\"canonical\" href=\"https:\/\/unstamps.org\/es\/producto\/especies-amenazadas-2024-edicion-limitada-sobre-de-primer-dia-de-emision\/\" \/>\n<meta property=\"og:locale\" content=\"es_ES\" \/>\n<meta property=\"og:type\" content=\"article\" \/>\n<meta property=\"og:title\" content=\"Especies amenazadas &#8211; 2024 Edici\u00f3n limitada: Sobre de primer d\u00eda de emisi\u00f3n - UN Stamps\" \/>\n<meta property=\"og:description\" content=\"Para conmemorar la serie de sellos \u201cEspecies amenazadas 2024\u201d, la APNU producir\u00e1 una edici\u00f3n limitada de sobres de primer d\u00eda de emisi\u00f3n en papel de seda. En los sobres se fijar\u00e1 y cancelar\u00e1, seg\u00fan corresponda, un sello postal \u00fanico de cada una de las sedes: Nueva York, Ginebra o Viena. Los\u00a0sobres estar\u00e1n numerados consecutivamente. Los [&hellip;]\" \/>\n<meta property=\"og:url\" content=\"https:\/\/unstamps.org\/es\/producto\/especies-amenazadas-2024-edicion-limitada-sobre-de-primer-dia-de-emision\/\" \/>\n<meta property=\"og:site_name\" content=\"UN Stamps\" \/>\n<meta property=\"article:modified_time\" content=\"2026-01-09T16:56:25+00:00\" \/>\n<meta property=\"og:image\" content=\"https:\/\/unstamps.org\/wp-content\/uploads\/2024\/04\/ES24-Silk.jpg\" \/>\n\t<meta property=\"og:image:width\" content=\"1024\" \/>\n\t<meta property=\"og:image:height\" content=\"1024\" \/>\n\t<meta property=\"og:image:type\" content=\"image\/jpeg\" \/>\n<meta name=\"twitter:card\" content=\"summary_large_image\" \/>\n<meta name=\"twitter:label1\" content=\"Tiempo de lectura\" \/>\n\t<meta name=\"twitter:data1\" content=\"1 minuto\" \/>\n<script type=\"application\/ld+json\" class=\"yoast-schema-graph\">{\"@context\":\"https:\\\/\\\/schema.org\",\"@graph\":[{\"@type\":\"WebPage\",\"@id\":\"https:\\\/\\\/unstamps.org\\\/es\\\/producto\\\/especies-amenazadas-2024-edicion-limitada-sobre-de-primer-dia-de-emision\\\/\",\"url\":\"https:\\\/\\\/unstamps.org\\\/es\\\/producto\\\/especies-amenazadas-2024-edicion-limitada-sobre-de-primer-dia-de-emision\\\/\",\"name\":\"Especies amenazadas &#8211; 2024 Edici\u00f3n limitada: Sobre de primer d\u00eda de emisi\u00f3n - UN Stamps\",\"isPartOf\":{\"@id\":\"https:\\\/\\\/unstamps.org\\\/es\\\/#website\"},\"primaryImageOfPage\":{\"@id\":\"https:\\\/\\\/unstamps.org\\\/es\\\/producto\\\/especies-amenazadas-2024-edicion-limitada-sobre-de-primer-dia-de-emision\\\/#primaryimage\"},\"image\":{\"@id\":\"https:\\\/\\\/unstamps.org\\\/es\\\/producto\\\/especies-amenazadas-2024-edicion-limitada-sobre-de-primer-dia-de-emision\\\/#primaryimage\"},\"thumbnailUrl\":\"https:\\\/\\\/unstamps.org\\\/wp-content\\\/uploads\\\/2024\\\/04\\\/ES24-Silk.jpg\",\"datePublished\":\"2024-04-23T14:32:25+00:00\",\"dateModified\":\"2026-01-09T16:56:25+00:00\",\"breadcrumb\":{\"@id\":\"https:\\\/\\\/unstamps.org\\\/es\\\/producto\\\/especies-amenazadas-2024-edicion-limitada-sobre-de-primer-dia-de-emision\\\/#breadcrumb\"},\"inLanguage\":\"es\",\"potentialAction\":[{\"@type\":\"ReadAction\",\"target\":[\"https:\\\/\\\/unstamps.org\\\/es\\\/producto\\\/especies-amenazadas-2024-edicion-limitada-sobre-de-primer-dia-de-emision\\\/\"]}]},{\"@type\":\"ImageObject\",\"inLanguage\":\"es\",\"@id\":\"https:\\\/\\\/unstamps.org\\\/es\\\/producto\\\/especies-amenazadas-2024-edicion-limitada-sobre-de-primer-dia-de-emision\\\/#primaryimage\",\"url\":\"https:\\\/\\\/unstamps.org\\\/wp-content\\\/uploads\\\/2024\\\/04\\\/ES24-Silk.jpg\",\"contentUrl\":\"https:\\\/\\\/unstamps.org\\\/wp-content\\\/uploads\\\/2024\\\/04\\\/ES24-Silk.jpg\",\"width\":1024,\"height\":1024},{\"@type\":\"BreadcrumbList\",\"@id\":\"https:\\\/\\\/unstamps.org\\\/es\\\/producto\\\/especies-amenazadas-2024-edicion-limitada-sobre-de-primer-dia-de-emision\\\/#breadcrumb\",\"itemListElement\":[{\"@type\":\"ListItem\",\"position\":1,\"name\":\"Home\",\"item\":\"https:\\\/\\\/unstamps.org\\\/es\\\/\"},{\"@type\":\"ListItem\",\"position\":2,\"name\":\"Shop\",\"item\":\"https:\\\/\\\/unstamps.org\\\/es\\\/productos\\\/\"},{\"@type\":\"ListItem\",\"position\":3,\"name\":\"Especies amenazadas &#8211; 2024 Edici\u00f3n limitada: Sobre de primer d\u00eda de emisi\u00f3n\"}]},{\"@type\":\"WebSite\",\"@id\":\"https:\\\/\\\/unstamps.org\\\/es\\\/#website\",\"url\":\"https:\\\/\\\/unstamps.org\\\/es\\\/\",\"name\":\"UN Stamps\",\"description\":\"United Nations Stamps\",\"publisher\":{\"@id\":\"https:\\\/\\\/unstamps.org\\\/es\\\/#organization\"},\"potentialAction\":[{\"@type\":\"SearchAction\",\"target\":{\"@type\":\"EntryPoint\",\"urlTemplate\":\"https:\\\/\\\/unstamps.org\\\/es\\\/?s={search_term_string}\"},\"query-input\":{\"@type\":\"PropertyValueSpecification\",\"valueRequired\":true,\"valueName\":\"search_term_string\"}}],\"inLanguage\":\"es\"},{\"@type\":\"Organization\",\"@id\":\"https:\\\/\\\/unstamps.org\\\/es\\\/#organization\",\"name\":\"UN Stamps\",\"url\":\"https:\\\/\\\/unstamps.org\\\/es\\\/\",\"logo\":{\"@type\":\"ImageObject\",\"inLanguage\":\"es\",\"@id\":\"https:\\\/\\\/unstamps.org\\\/es\\\/#\\\/schema\\\/logo\\\/image\\\/\",\"url\":\"https:\\\/\\\/unstamps.org\\\/wp-content\\\/uploads\\\/2014\\\/01\\\/logo4web.jpg\",\"contentUrl\":\"https:\\\/\\\/unstamps.org\\\/wp-content\\\/uploads\\\/2014\\\/01\\\/logo4web.jpg\",\"width\":2500,\"height\":250,\"caption\":\"UN Stamps\"},\"image\":{\"@id\":\"https:\\\/\\\/unstamps.org\\\/es\\\/#\\\/schema\\\/logo\\\/image\\\/\"}}]}<\/script>\n<!-- \/ Yoast SEO plugin. -->","yoast_head_json":{"title":"Especies amenazadas &#8211; 2024 Edici\u00f3n limitada: Sobre de primer d\u00eda de emisi\u00f3n - UN Stamps","robots":{"index":"index","follow":"follow","max-snippet":"max-snippet:-1","max-image-preview":"max-image-preview:large","max-video-preview":"max-video-preview:-1"},"canonical":"https:\/\/unstamps.org\/es\/producto\/especies-amenazadas-2024-edicion-limitada-sobre-de-primer-dia-de-emision\/","og_locale":"es_ES","og_type":"article","og_title":"Especies amenazadas &#8211; 2024 Edici\u00f3n limitada: Sobre de primer d\u00eda de emisi\u00f3n - UN Stamps","og_description":"Para conmemorar la serie de sellos \u201cEspecies amenazadas 2024\u201d, la APNU producir\u00e1 una edici\u00f3n limitada de sobres de primer d\u00eda de emisi\u00f3n en papel de seda. En los sobres se fijar\u00e1 y cancelar\u00e1, seg\u00fan corresponda, un sello postal \u00fanico de cada una de las sedes: Nueva York, Ginebra o Viena. Los\u00a0sobres estar\u00e1n numerados consecutivamente. Los [&hellip;]","og_url":"https:\/\/unstamps.org\/es\/producto\/especies-amenazadas-2024-edicion-limitada-sobre-de-primer-dia-de-emision\/","og_site_name":"UN Stamps","article_modified_time":"2026-01-09T16:56:25+00:00","og_image":[{"width":1024,"height":1024,"url":"https:\/\/unstamps.org\/wp-content\/uploads\/2024\/04\/ES24-Silk.jpg","type":"image\/jpeg"}],"twitter_card":"summary_large_image","twitter_misc":{"Tiempo de lectura":"1 minuto"},"schema":{"@context":"https:\/\/schema.org","@graph":[{"@type":"WebPage","@id":"https:\/\/unstamps.org\/es\/producto\/especies-amenazadas-2024-edicion-limitada-sobre-de-primer-dia-de-emision\/","url":"https:\/\/unstamps.org\/es\/producto\/especies-amenazadas-2024-edicion-limitada-sobre-de-primer-dia-de-emision\/","name":"Especies amenazadas &#8211; 2024 Edici\u00f3n limitada: Sobre de primer d\u00eda de emisi\u00f3n - UN Stamps","isPartOf":{"@id":"https:\/\/unstamps.org\/es\/#website"},"primaryImageOfPage":{"@id":"https:\/\/unstamps.org\/es\/producto\/especies-amenazadas-2024-edicion-limitada-sobre-de-primer-dia-de-emision\/#primaryimage"},"image":{"@id":"https:\/\/unstamps.org\/es\/producto\/especies-amenazadas-2024-edicion-limitada-sobre-de-primer-dia-de-emision\/#primaryimage"},"thumbnailUrl":"https:\/\/unstamps.org\/wp-content\/uploads\/2024\/04\/ES24-Silk.jpg","datePublished":"2024-04-23T14:32:25+00:00","dateModified":"2026-01-09T16:56:25+00:00","breadcrumb":{"@id":"https:\/\/unstamps.org\/es\/producto\/especies-amenazadas-2024-edicion-limitada-sobre-de-primer-dia-de-emision\/#breadcrumb"},"inLanguage":"es","potentialAction":[{"@type":"ReadAction","target":["https:\/\/unstamps.org\/es\/producto\/especies-amenazadas-2024-edicion-limitada-sobre-de-primer-dia-de-emision\/"]}]},{"@type":"ImageObject","inLanguage":"es","@id":"https:\/\/unstamps.org\/es\/producto\/especies-amenazadas-2024-edicion-limitada-sobre-de-primer-dia-de-emision\/#primaryimage","url":"https:\/\/unstamps.org\/wp-content\/uploads\/2024\/04\/ES24-Silk.jpg","contentUrl":"https:\/\/unstamps.org\/wp-content\/uploads\/2024\/04\/ES24-Silk.jpg","width":1024,"height":1024},{"@type":"BreadcrumbList","@id":"https:\/\/unstamps.org\/es\/producto\/especies-amenazadas-2024-edicion-limitada-sobre-de-primer-dia-de-emision\/#breadcrumb","itemListElement":[{"@type":"ListItem","position":1,"name":"Home","item":"https:\/\/unstamps.org\/es\/"},{"@type":"ListItem","position":2,"name":"Shop","item":"https:\/\/unstamps.org\/es\/productos\/"},{"@type":"ListItem","position":3,"name":"Especies amenazadas &#8211; 2024 Edici\u00f3n limitada: Sobre de primer d\u00eda de emisi\u00f3n"}]},{"@type":"WebSite","@id":"https:\/\/unstamps.org\/es\/#website","url":"https:\/\/unstamps.org\/es\/","name":"UN Stamps","description":"United Nations Stamps","publisher":{"@id":"https:\/\/unstamps.org\/es\/#organization"},"potentialAction":[{"@type":"SearchAction","target":{"@type":"EntryPoint","urlTemplate":"https:\/\/unstamps.org\/es\/?s={search_term_string}"},"query-input":{"@type":"PropertyValueSpecification","valueRequired":true,"valueName":"search_term_string"}}],"inLanguage":"es"},{"@type":"Organization","@id":"https:\/\/unstamps.org\/es\/#organization","name":"UN Stamps","url":"https:\/\/unstamps.org\/es\/","logo":{"@type":"ImageObject","inLanguage":"es","@id":"https:\/\/unstamps.org\/es\/#\/schema\/logo\/image\/","url":"https:\/\/unstamps.org\/wp-content\/uploads\/2014\/01\/logo4web.jpg","contentUrl":"https:\/\/unstamps.org\/wp-content\/uploads\/2014\/01\/logo4web.jpg","width":2500,"height":250,"caption":"UN Stamps"},"image":{"@id":"https:\/\/unstamps.org\/es\/#\/schema\/logo\/image\/"}}]}},"jetpack_sharing_enabled":true,"publishpress_future_action":{"enabled":false,"date":"2026-04-17 15:23:15","action":"change-status","newStatus":"private","terms":[],"taxonomy":"product_cat","extraData":[]},"publishpress_future_workflow_manual_trigger":{"enabledWorkflows":[]},"_links":{"self":[{"href":"https:\/\/unstamps.org\/es\/wp-json\/wp\/v2\/product\/184773","targetHints":{"allow":["GET"]}}],"collection":[{"href":"https:\/\/unstamps.org\/es\/wp-json\/wp\/v2\/product"}],"about":[{"href":"https:\/\/unstamps.org\/es\/wp-json\/wp\/v2\/types\/product"}],"replies":[{"embeddable":true,"href":"https:\/\/unstamps.org\/es\/wp-json\/wp\/v2\/comments?post=184773"}],"wp:featuredmedia":[{"embeddable":true,"href":"https:\/\/unstamps.org\/es\/wp-json\/wp\/v2\/media\/184983"}],"wp:attachment":[{"href":"https:\/\/unstamps.org\/es\/wp-json\/wp\/v2\/media?parent=184773"}],"wp:term":[{"taxonomy":"product_brand","embeddable":true,"href":"https:\/\/unstamps.org\/es\/wp-json\/wp\/v2\/product_brand?post=184773"},{"taxonomy":"product_cat","embeddable":true,"href":"https:\/\/unstamps.org\/es\/wp-json\/wp\/v2\/product_cat?post=184773"},{"taxonomy":"product_tag","embeddable":true,"href":"https:\/\/unstamps.org\/es\/wp-json\/wp\/v2\/product_tag?post=184773"}],"curies":[{"name":"wp","href":"https:\/\/api.w.org\/{rel}","templated":true}]}}