{"id":184466,"date":"2024-04-23T13:53:36","date_gmt":"2024-04-23T17:55:02","guid":{"rendered":"https:\/\/unstamps.org\/?post_type=product&#038;p=184466"},"modified":"2026-01-09T11:58:36","modified_gmt":"2026-01-09T16:58:36","slug":"especies-amenazadas-2024-chf-190","status":"publish","type":"product","link":"https:\/\/unstamps.org\/es\/producto\/especies-amenazadas-2024-chf-190\/","title":{"rendered":"Especies amenazadas 2024 &#8211; CHF 1,90"},"content":{"rendered":"<p><strong>Fecha de <\/strong><strong>emisi\u00f3n<\/strong><strong>:<\/strong> 26 de abril de 2024<br \/>\n<strong>Artista:<\/strong>Julia Izabela (Brasil)<br \/>\n<strong>Dise\u00f1adora: <\/strong>Rorie Katz (Naciones Unidas)<br \/>\n<strong>Tama\u00f1o del sello:<\/strong> 39,2\u00a0mm x 28,6\u00a0mm<br \/>\n<strong>Sellos por pliego:<\/strong> 16 (4 dise\u00f1os por pliego)<br \/>\n<strong>Impresor:<\/strong> Joh. Ensched\u00e9 Stamps Security Printers B.V. (Pa\u00edses Bajos)<br \/>\n<strong>Proceso:<\/strong> Litograf\u00eda offset<br \/>\n<strong>Perforaci\u00f3n:<\/strong> 12 \u00bd x 12 \u00be<br \/>\n<strong>Cantidad:<\/strong> 9.000 pliegos<\/p>\n<p><strong>Los dise\u00f1os<\/strong><\/p>\n<p><strong>Ginebra \u2013 CHF 1,90<\/strong><br \/>\nPatamtris albimaculata (Raya del r\u00edo Itatuba)<br \/>\nAquilaria malaccensis (palo de s\u00e1bila)<br \/>\nVicugna vicugna (vicu\u00f1a)<br \/>\nIsurus oxyrinchus (tibur\u00f3n marrajo dientuso)<\/p>\n","protected":false},"excerpt":{"rendered":"<p>Fecha de emisi\u00f3n: 26 de abril de 2024 Artista:Julia Izabela (Brasil) Dise\u00f1adora: Rorie Katz (Naciones Unidas) Tama\u00f1o del sello: 39,2\u00a0mm x 28,6\u00a0mm Sellos por pliego: 16 (4 dise\u00f1os por pliego) Impresor: Joh. Ensched\u00e9 Stamps Security Printers B.V. (Pa\u00edses Bajos) Proceso: Litograf\u00eda offset Perforaci\u00f3n: 12 \u00bd x 12 \u00be Cantidad: 9.000 pliegos Los dise\u00f1os Ginebra \u2013 [&hellip;]<\/p>\n","protected":false},"featured_media":184995,"comment_status":"closed","ping_status":"closed","template":"","meta":{"ngg_post_thumbnail":0},"product_brand":[],"product_cat":[2948,942,926,932],"product_tag":[],"class_list":{"0":"post-184466","1":"product","2":"type-product","3":"status-publish","4":"has-post-thumbnail","6":"product_cat-2024-es","7":"product_cat-especies-amenazadas","8":"product_cat-ginebra","9":"product_cat-individuales","10":"pa_condition-cancelled-es","11":"pa_condition-mint-es","13":"first","14":"instock","15":"shipping-taxable","16":"purchasable","17":"product-type-variable"},"yoast_head":"<!-- This site is optimized with the Yoast SEO plugin v27.3 - https:\/\/yoast.com\/product\/yoast-seo-wordpress\/ -->\n<title>Especies amenazadas 2024 &#8211; CHF 1,90 - UN Stamps<\/title>\n<meta name=\"robots\" content=\"index, follow, max-snippet:-1, max-image-preview:large, max-video-preview:-1\" \/>\n<link rel=\"canonical\" href=\"https:\/\/unstamps.org\/es\/producto\/especies-amenazadas-2024-chf-190\/\" \/>\n<meta property=\"og:locale\" content=\"es_ES\" \/>\n<meta property=\"og:type\" content=\"article\" \/>\n<meta property=\"og:title\" content=\"Especies amenazadas 2024 &#8211; CHF 1,90 - UN Stamps\" \/>\n<meta property=\"og:description\" content=\"Fecha de emisi\u00f3n: 26 de abril de 2024 Artista:Julia Izabela (Brasil) Dise\u00f1adora: Rorie Katz (Naciones Unidas) Tama\u00f1o del sello: 39,2\u00a0mm x 28,6\u00a0mm Sellos por pliego: 16 (4 dise\u00f1os por pliego) Impresor: Joh. Ensched\u00e9 Stamps Security Printers B.V. (Pa\u00edses Bajos) Proceso: Litograf\u00eda offset Perforaci\u00f3n: 12 \u00bd x 12 \u00be Cantidad: 9.000 pliegos Los dise\u00f1os Ginebra \u2013 [&hellip;]\" \/>\n<meta property=\"og:url\" content=\"https:\/\/unstamps.org\/es\/producto\/especies-amenazadas-2024-chf-190\/\" \/>\n<meta property=\"og:site_name\" content=\"UN Stamps\" \/>\n<meta property=\"article:modified_time\" content=\"2026-01-09T16:58:36+00:00\" \/>\n<meta property=\"og:image\" content=\"https:\/\/unstamps.org\/wp-content\/uploads\/2024\/04\/ES24-MI-GE.jpg\" \/>\n\t<meta property=\"og:image:width\" content=\"1024\" \/>\n\t<meta property=\"og:image:height\" content=\"1024\" \/>\n\t<meta property=\"og:image:type\" content=\"image\/jpeg\" \/>\n<meta name=\"twitter:card\" content=\"summary_large_image\" \/>\n<script type=\"application\/ld+json\" class=\"yoast-schema-graph\">{\"@context\":\"https:\\\/\\\/schema.org\",\"@graph\":[{\"@type\":\"WebPage\",\"@id\":\"https:\\\/\\\/unstamps.org\\\/es\\\/producto\\\/especies-amenazadas-2024-chf-190\\\/\",\"url\":\"https:\\\/\\\/unstamps.org\\\/es\\\/producto\\\/especies-amenazadas-2024-chf-190\\\/\",\"name\":\"Especies amenazadas 2024 &#8211; CHF 1,90 - UN Stamps\",\"isPartOf\":{\"@id\":\"https:\\\/\\\/unstamps.org\\\/es\\\/#website\"},\"primaryImageOfPage\":{\"@id\":\"https:\\\/\\\/unstamps.org\\\/es\\\/producto\\\/especies-amenazadas-2024-chf-190\\\/#primaryimage\"},\"image\":{\"@id\":\"https:\\\/\\\/unstamps.org\\\/es\\\/producto\\\/especies-amenazadas-2024-chf-190\\\/#primaryimage\"},\"thumbnailUrl\":\"https:\\\/\\\/unstamps.org\\\/wp-content\\\/uploads\\\/2024\\\/04\\\/ES24-MI-GE.jpg\",\"datePublished\":\"2024-04-23T17:55:02+00:00\",\"dateModified\":\"2026-01-09T16:58:36+00:00\",\"breadcrumb\":{\"@id\":\"https:\\\/\\\/unstamps.org\\\/es\\\/producto\\\/especies-amenazadas-2024-chf-190\\\/#breadcrumb\"},\"inLanguage\":\"es\",\"potentialAction\":[{\"@type\":\"ReadAction\",\"target\":[\"https:\\\/\\\/unstamps.org\\\/es\\\/producto\\\/especies-amenazadas-2024-chf-190\\\/\"]}]},{\"@type\":\"ImageObject\",\"inLanguage\":\"es\",\"@id\":\"https:\\\/\\\/unstamps.org\\\/es\\\/producto\\\/especies-amenazadas-2024-chf-190\\\/#primaryimage\",\"url\":\"https:\\\/\\\/unstamps.org\\\/wp-content\\\/uploads\\\/2024\\\/04\\\/ES24-MI-GE.jpg\",\"contentUrl\":\"https:\\\/\\\/unstamps.org\\\/wp-content\\\/uploads\\\/2024\\\/04\\\/ES24-MI-GE.jpg\",\"width\":1024,\"height\":1024},{\"@type\":\"BreadcrumbList\",\"@id\":\"https:\\\/\\\/unstamps.org\\\/es\\\/producto\\\/especies-amenazadas-2024-chf-190\\\/#breadcrumb\",\"itemListElement\":[{\"@type\":\"ListItem\",\"position\":1,\"name\":\"Home\",\"item\":\"https:\\\/\\\/unstamps.org\\\/es\\\/\"},{\"@type\":\"ListItem\",\"position\":2,\"name\":\"Shop\",\"item\":\"https:\\\/\\\/unstamps.org\\\/es\\\/productos\\\/\"},{\"@type\":\"ListItem\",\"position\":3,\"name\":\"Especies amenazadas 2024 &#8211; CHF 1,90\"}]},{\"@type\":\"WebSite\",\"@id\":\"https:\\\/\\\/unstamps.org\\\/es\\\/#website\",\"url\":\"https:\\\/\\\/unstamps.org\\\/es\\\/\",\"name\":\"UN Stamps\",\"description\":\"United Nations Stamps\",\"publisher\":{\"@id\":\"https:\\\/\\\/unstamps.org\\\/es\\\/#organization\"},\"potentialAction\":[{\"@type\":\"SearchAction\",\"target\":{\"@type\":\"EntryPoint\",\"urlTemplate\":\"https:\\\/\\\/unstamps.org\\\/es\\\/?s={search_term_string}\"},\"query-input\":{\"@type\":\"PropertyValueSpecification\",\"valueRequired\":true,\"valueName\":\"search_term_string\"}}],\"inLanguage\":\"es\"},{\"@type\":\"Organization\",\"@id\":\"https:\\\/\\\/unstamps.org\\\/es\\\/#organization\",\"name\":\"UN Stamps\",\"url\":\"https:\\\/\\\/unstamps.org\\\/es\\\/\",\"logo\":{\"@type\":\"ImageObject\",\"inLanguage\":\"es\",\"@id\":\"https:\\\/\\\/unstamps.org\\\/es\\\/#\\\/schema\\\/logo\\\/image\\\/\",\"url\":\"https:\\\/\\\/unstamps.org\\\/wp-content\\\/uploads\\\/2014\\\/01\\\/logo4web.jpg\",\"contentUrl\":\"https:\\\/\\\/unstamps.org\\\/wp-content\\\/uploads\\\/2014\\\/01\\\/logo4web.jpg\",\"width\":2500,\"height\":250,\"caption\":\"UN Stamps\"},\"image\":{\"@id\":\"https:\\\/\\\/unstamps.org\\\/es\\\/#\\\/schema\\\/logo\\\/image\\\/\"}}]}<\/script>\n<!-- \/ Yoast SEO plugin. -->","yoast_head_json":{"title":"Especies amenazadas 2024 &#8211; CHF 1,90 - UN Stamps","robots":{"index":"index","follow":"follow","max-snippet":"max-snippet:-1","max-image-preview":"max-image-preview:large","max-video-preview":"max-video-preview:-1"},"canonical":"https:\/\/unstamps.org\/es\/producto\/especies-amenazadas-2024-chf-190\/","og_locale":"es_ES","og_type":"article","og_title":"Especies amenazadas 2024 &#8211; CHF 1,90 - UN Stamps","og_description":"Fecha de emisi\u00f3n: 26 de abril de 2024 Artista:Julia Izabela (Brasil) Dise\u00f1adora: Rorie Katz (Naciones Unidas) Tama\u00f1o del sello: 39,2\u00a0mm x 28,6\u00a0mm Sellos por pliego: 16 (4 dise\u00f1os por pliego) Impresor: Joh. Ensched\u00e9 Stamps Security Printers B.V. (Pa\u00edses Bajos) Proceso: Litograf\u00eda offset Perforaci\u00f3n: 12 \u00bd x 12 \u00be Cantidad: 9.000 pliegos Los dise\u00f1os Ginebra \u2013 [&hellip;]","og_url":"https:\/\/unstamps.org\/es\/producto\/especies-amenazadas-2024-chf-190\/","og_site_name":"UN Stamps","article_modified_time":"2026-01-09T16:58:36+00:00","og_image":[{"width":1024,"height":1024,"url":"https:\/\/unstamps.org\/wp-content\/uploads\/2024\/04\/ES24-MI-GE.jpg","type":"image\/jpeg"}],"twitter_card":"summary_large_image","schema":{"@context":"https:\/\/schema.org","@graph":[{"@type":"WebPage","@id":"https:\/\/unstamps.org\/es\/producto\/especies-amenazadas-2024-chf-190\/","url":"https:\/\/unstamps.org\/es\/producto\/especies-amenazadas-2024-chf-190\/","name":"Especies amenazadas 2024 &#8211; CHF 1,90 - UN Stamps","isPartOf":{"@id":"https:\/\/unstamps.org\/es\/#website"},"primaryImageOfPage":{"@id":"https:\/\/unstamps.org\/es\/producto\/especies-amenazadas-2024-chf-190\/#primaryimage"},"image":{"@id":"https:\/\/unstamps.org\/es\/producto\/especies-amenazadas-2024-chf-190\/#primaryimage"},"thumbnailUrl":"https:\/\/unstamps.org\/wp-content\/uploads\/2024\/04\/ES24-MI-GE.jpg","datePublished":"2024-04-23T17:55:02+00:00","dateModified":"2026-01-09T16:58:36+00:00","breadcrumb":{"@id":"https:\/\/unstamps.org\/es\/producto\/especies-amenazadas-2024-chf-190\/#breadcrumb"},"inLanguage":"es","potentialAction":[{"@type":"ReadAction","target":["https:\/\/unstamps.org\/es\/producto\/especies-amenazadas-2024-chf-190\/"]}]},{"@type":"ImageObject","inLanguage":"es","@id":"https:\/\/unstamps.org\/es\/producto\/especies-amenazadas-2024-chf-190\/#primaryimage","url":"https:\/\/unstamps.org\/wp-content\/uploads\/2024\/04\/ES24-MI-GE.jpg","contentUrl":"https:\/\/unstamps.org\/wp-content\/uploads\/2024\/04\/ES24-MI-GE.jpg","width":1024,"height":1024},{"@type":"BreadcrumbList","@id":"https:\/\/unstamps.org\/es\/producto\/especies-amenazadas-2024-chf-190\/#breadcrumb","itemListElement":[{"@type":"ListItem","position":1,"name":"Home","item":"https:\/\/unstamps.org\/es\/"},{"@type":"ListItem","position":2,"name":"Shop","item":"https:\/\/unstamps.org\/es\/productos\/"},{"@type":"ListItem","position":3,"name":"Especies amenazadas 2024 &#8211; CHF 1,90"}]},{"@type":"WebSite","@id":"https:\/\/unstamps.org\/es\/#website","url":"https:\/\/unstamps.org\/es\/","name":"UN Stamps","description":"United Nations Stamps","publisher":{"@id":"https:\/\/unstamps.org\/es\/#organization"},"potentialAction":[{"@type":"SearchAction","target":{"@type":"EntryPoint","urlTemplate":"https:\/\/unstamps.org\/es\/?s={search_term_string}"},"query-input":{"@type":"PropertyValueSpecification","valueRequired":true,"valueName":"search_term_string"}}],"inLanguage":"es"},{"@type":"Organization","@id":"https:\/\/unstamps.org\/es\/#organization","name":"UN Stamps","url":"https:\/\/unstamps.org\/es\/","logo":{"@type":"ImageObject","inLanguage":"es","@id":"https:\/\/unstamps.org\/es\/#\/schema\/logo\/image\/","url":"https:\/\/unstamps.org\/wp-content\/uploads\/2014\/01\/logo4web.jpg","contentUrl":"https:\/\/unstamps.org\/wp-content\/uploads\/2014\/01\/logo4web.jpg","width":2500,"height":250,"caption":"UN Stamps"},"image":{"@id":"https:\/\/unstamps.org\/es\/#\/schema\/logo\/image\/"}}]}},"jetpack_sharing_enabled":true,"publishpress_future_action":{"enabled":false,"date":"2026-04-21 07:17:30","action":"change-status","newStatus":"private","terms":[],"taxonomy":"product_cat","extraData":[]},"publishpress_future_workflow_manual_trigger":{"enabledWorkflows":[]},"_links":{"self":[{"href":"https:\/\/unstamps.org\/es\/wp-json\/wp\/v2\/product\/184466","targetHints":{"allow":["GET"]}}],"collection":[{"href":"https:\/\/unstamps.org\/es\/wp-json\/wp\/v2\/product"}],"about":[{"href":"https:\/\/unstamps.org\/es\/wp-json\/wp\/v2\/types\/product"}],"replies":[{"embeddable":true,"href":"https:\/\/unstamps.org\/es\/wp-json\/wp\/v2\/comments?post=184466"}],"wp:featuredmedia":[{"embeddable":true,"href":"https:\/\/unstamps.org\/es\/wp-json\/wp\/v2\/media\/184995"}],"wp:attachment":[{"href":"https:\/\/unstamps.org\/es\/wp-json\/wp\/v2\/media?parent=184466"}],"wp:term":[{"taxonomy":"product_brand","embeddable":true,"href":"https:\/\/unstamps.org\/es\/wp-json\/wp\/v2\/product_brand?post=184466"},{"taxonomy":"product_cat","embeddable":true,"href":"https:\/\/unstamps.org\/es\/wp-json\/wp\/v2\/product_cat?post=184466"},{"taxonomy":"product_tag","embeddable":true,"href":"https:\/\/unstamps.org\/es\/wp-json\/wp\/v2\/product_tag?post=184466"}],"curies":[{"name":"wp","href":"https:\/\/api.w.org\/{rel}","templated":true}]}}