{"id":184434,"date":"2024-04-23T14:45:13","date_gmt":"2024-04-23T18:46:12","guid":{"rendered":"https:\/\/unstamps.org\/?post_type=product&#038;p=184434"},"modified":"2026-01-09T11:56:05","modified_gmt":"2026-01-09T16:56:05","slug":"especies-amenazadas-2024","status":"publish","type":"product","link":"https:\/\/unstamps.org\/es\/producto\/especies-amenazadas-2024\/","title":{"rendered":"Especies amenazadas 2024"},"content":{"rendered":"<p>El 26 de abril de 2024, la APNU contin\u00faa su serie de sellos de especies en peligro de extinci\u00f3n con una emisi\u00f3n de 12 sellos.<\/p>\n<p>La serie de sellos de las Naciones Unidas sobre Especies Amenazadas de Fauna y Flora Silvestres 2024 re\u00fane una amplia gama de fauna y flora, incluida las especies que est\u00e1n en el centro de las decisiones adoptadas por las Partes en la Convenci\u00f3n sobre el Comercio Internacional de Especies Amenazadas de Fauna y Flora Silvestres (CITES) y los debates celebrados en el \u00faltimo a\u00f1o en relaci\u00f3n con la conservaci\u00f3n, la gesti\u00f3n y el comercio sostenibles de la vida silvestre de estas especies.<\/p>\n<p>Dado que el objetivo fundamental de la Convenci\u00f3n es garantizar que el comercio internacional de animales y plantas silvestres sea legal, sostenible y trazable, la CITES trabaja para defender y mantener la supervivencia en el medio silvestre de las especies enumeradas en sus ap\u00e9ndices.<\/p>\n<p>Durante 30 a\u00f1os, la APNU ha emitido sellos en apoyo de la CITES para celebrar las numerosas bellas y variadas de fauna y flora silvestres y para crear conciencia sobre la multitud de beneficios que la conservaci\u00f3n proporciona.<\/p>\n<p><strong>Los dise\u00f1os<\/strong><br \/>\n<strong>Nueva York &#8211; US$ 1.55<\/strong><br \/>\nRhynchobatus djiddensis (pez guitarra gigante)<br \/>\nOrchis anatolica (Orqu\u00eddea de Anatolia)<br \/>\nNeofelis nebulosa (pantera nebulosa)<br \/>\nPycnonotus zeylanicus (bulbul cabeza de paja)<\/p>\n<p><strong>Ginebra \u2013 CHF 1,90<\/strong><br \/>\nPatamtris albimaculata (Raya del r\u00edo Itatuba)<br \/>\nAquilaria malaccensis (palo de s\u00e1bila)<br \/>\nVicugna vicugna (vicu\u00f1a)<br \/>\nIsurus oxyrinchus (tibur\u00f3n marrajo dientuso)<\/p>\n<p><strong>Viena &#8211; \u20ac 1,50<\/strong><br \/>\nSphyrna lewini (tibur\u00f3n martillo festoneado)<br \/>\nOphrys cilicica (Orqu\u00eddea abeja de Cilicia)<br \/>\nLlama guanica (guanaco)<br \/>\nCopsychus malabaricus (shama dorsiblanco)<\/p>\n<p><strong>El Artista<\/strong><br \/>\nJulia Izabela es una artista de S\u00e3o Paulo, Brasil. Desde 2015, vive en Mil\u00e1n, Italia, trabajando como ilustradora independiente. Su mayor fuente de inspiraci\u00f3n es la naturaleza y su diversidad de formas y colores. Su objetivo es que su arte exprese lo fascinante que puede ser la naturaleza a trav\u00e9s de su belleza, desde las formas microsc\u00f3picas hasta las macrosc\u00f3picas.<\/p>\n<p>La Sra. Izabela comenz\u00f3 su trayectoria acad\u00e9mica estudiando biolog\u00eda, comenzando con una licenciatura en S\u00e3o Paulo, luego gradu\u00e1ndose en la Facultad de Ciencias de la Universidad de Lisboa en Portugal, donde sigui\u00f3 un curso de ilustraci\u00f3n cient\u00edfica en el Instituto de Artes y Oficios de la Universidad Aut\u00f3noma de Lisboa. En 2016, su acuarela \u00abGround Control\u00bb gan\u00f3 el primer premio en el Concurso de Ilustraci\u00f3n Junior de Lucca en el festival Lucca Comics and Games en Italia.<\/p>\n<p>Desde 2017, la Sra. Izabela ha estado trabajando en campos como el dise\u00f1o textil, la publicaci\u00f3n editorial y diversos proyectos art\u00edsticos. En 2019 y 2020 trabaj\u00f3 para la Universit\u00e0 degli Studi di Milano-Bicocca, creando ilustraciones, esquemas y animaciones para su sitio web de did\u00e1ctica de biolog\u00eda Digital Diorama.<\/p>\n<p>Esta es la primera vez que la Sra. Izabela ilustra sellos para la APNU.<\/p>\n","protected":false},"excerpt":{"rendered":"<p>El 26 de abril de 2024, la APNU contin\u00faa su serie de sellos de especies en peligro de extinci\u00f3n con una emisi\u00f3n de 12 sellos. La serie de sellos de las Naciones Unidas sobre Especies Amenazadas de Fauna y Flora Silvestres 2024 re\u00fane una amplia gama de fauna y flora, incluida las especies que est\u00e1n [&hellip;]<\/p>\n","protected":false},"featured_media":185007,"comment_status":"closed","ping_status":"closed","template":"","meta":{"ngg_post_thumbnail":0},"product_brand":[],"product_cat":[2948,929,942],"product_tag":[],"class_list":{"0":"post-184434","1":"product","2":"type-product","3":"status-publish","4":"has-post-thumbnail","6":"product_cat-2024-es","7":"product_cat-conmemorativos","8":"product_cat-especies-amenazadas","10":"first","11":"instock","12":"shipping-taxable","13":"product-type-grouped"},"yoast_head":"<!-- This site is optimized with the Yoast SEO plugin v27.3 - https:\/\/yoast.com\/product\/yoast-seo-wordpress\/ -->\n<title>Especies amenazadas 2024 - UN Stamps<\/title>\n<meta name=\"robots\" content=\"index, follow, max-snippet:-1, max-image-preview:large, max-video-preview:-1\" \/>\n<link rel=\"canonical\" href=\"https:\/\/unstamps.org\/es\/producto\/especies-amenazadas-2024\/\" \/>\n<meta property=\"og:locale\" content=\"es_ES\" \/>\n<meta property=\"og:type\" content=\"article\" \/>\n<meta property=\"og:title\" content=\"Especies amenazadas 2024 - UN Stamps\" \/>\n<meta property=\"og:description\" content=\"El 26 de abril de 2024, la APNU contin\u00faa su serie de sellos de especies en peligro de extinci\u00f3n con una emisi\u00f3n de 12 sellos. La serie de sellos de las Naciones Unidas sobre Especies Amenazadas de Fauna y Flora Silvestres 2024 re\u00fane una amplia gama de fauna y flora, incluida las especies que est\u00e1n [&hellip;]\" \/>\n<meta property=\"og:url\" content=\"https:\/\/unstamps.org\/es\/producto\/especies-amenazadas-2024\/\" \/>\n<meta property=\"og:site_name\" content=\"UN Stamps\" \/>\n<meta property=\"article:modified_time\" content=\"2026-01-09T16:56:05+00:00\" \/>\n<meta property=\"og:image\" content=\"https:\/\/unstamps.org\/wp-content\/uploads\/2024\/04\/ES24-MI-GROUP.jpg\" \/>\n\t<meta property=\"og:image:width\" content=\"1024\" \/>\n\t<meta property=\"og:image:height\" content=\"1024\" \/>\n\t<meta property=\"og:image:type\" content=\"image\/jpeg\" \/>\n<meta name=\"twitter:card\" content=\"summary_large_image\" \/>\n<meta name=\"twitter:label1\" content=\"Tiempo de lectura\" \/>\n\t<meta name=\"twitter:data1\" content=\"2 minutos\" \/>\n<script type=\"application\/ld+json\" class=\"yoast-schema-graph\">{\"@context\":\"https:\\\/\\\/schema.org\",\"@graph\":[{\"@type\":\"WebPage\",\"@id\":\"https:\\\/\\\/unstamps.org\\\/es\\\/producto\\\/especies-amenazadas-2024\\\/\",\"url\":\"https:\\\/\\\/unstamps.org\\\/es\\\/producto\\\/especies-amenazadas-2024\\\/\",\"name\":\"Especies amenazadas 2024 - UN Stamps\",\"isPartOf\":{\"@id\":\"https:\\\/\\\/unstamps.org\\\/es\\\/#website\"},\"primaryImageOfPage\":{\"@id\":\"https:\\\/\\\/unstamps.org\\\/es\\\/producto\\\/especies-amenazadas-2024\\\/#primaryimage\"},\"image\":{\"@id\":\"https:\\\/\\\/unstamps.org\\\/es\\\/producto\\\/especies-amenazadas-2024\\\/#primaryimage\"},\"thumbnailUrl\":\"https:\\\/\\\/unstamps.org\\\/wp-content\\\/uploads\\\/2024\\\/04\\\/ES24-MI-GROUP.jpg\",\"datePublished\":\"2024-04-23T18:46:12+00:00\",\"dateModified\":\"2026-01-09T16:56:05+00:00\",\"breadcrumb\":{\"@id\":\"https:\\\/\\\/unstamps.org\\\/es\\\/producto\\\/especies-amenazadas-2024\\\/#breadcrumb\"},\"inLanguage\":\"es\",\"potentialAction\":[{\"@type\":\"ReadAction\",\"target\":[\"https:\\\/\\\/unstamps.org\\\/es\\\/producto\\\/especies-amenazadas-2024\\\/\"]}]},{\"@type\":\"ImageObject\",\"inLanguage\":\"es\",\"@id\":\"https:\\\/\\\/unstamps.org\\\/es\\\/producto\\\/especies-amenazadas-2024\\\/#primaryimage\",\"url\":\"https:\\\/\\\/unstamps.org\\\/wp-content\\\/uploads\\\/2024\\\/04\\\/ES24-MI-GROUP.jpg\",\"contentUrl\":\"https:\\\/\\\/unstamps.org\\\/wp-content\\\/uploads\\\/2024\\\/04\\\/ES24-MI-GROUP.jpg\",\"width\":1024,\"height\":1024},{\"@type\":\"BreadcrumbList\",\"@id\":\"https:\\\/\\\/unstamps.org\\\/es\\\/producto\\\/especies-amenazadas-2024\\\/#breadcrumb\",\"itemListElement\":[{\"@type\":\"ListItem\",\"position\":1,\"name\":\"Home\",\"item\":\"https:\\\/\\\/unstamps.org\\\/es\\\/\"},{\"@type\":\"ListItem\",\"position\":2,\"name\":\"Shop\",\"item\":\"https:\\\/\\\/unstamps.org\\\/es\\\/productos\\\/\"},{\"@type\":\"ListItem\",\"position\":3,\"name\":\"Especies amenazadas 2024\"}]},{\"@type\":\"WebSite\",\"@id\":\"https:\\\/\\\/unstamps.org\\\/es\\\/#website\",\"url\":\"https:\\\/\\\/unstamps.org\\\/es\\\/\",\"name\":\"UN Stamps\",\"description\":\"United Nations Stamps\",\"publisher\":{\"@id\":\"https:\\\/\\\/unstamps.org\\\/es\\\/#organization\"},\"potentialAction\":[{\"@type\":\"SearchAction\",\"target\":{\"@type\":\"EntryPoint\",\"urlTemplate\":\"https:\\\/\\\/unstamps.org\\\/es\\\/?s={search_term_string}\"},\"query-input\":{\"@type\":\"PropertyValueSpecification\",\"valueRequired\":true,\"valueName\":\"search_term_string\"}}],\"inLanguage\":\"es\"},{\"@type\":\"Organization\",\"@id\":\"https:\\\/\\\/unstamps.org\\\/es\\\/#organization\",\"name\":\"UN Stamps\",\"url\":\"https:\\\/\\\/unstamps.org\\\/es\\\/\",\"logo\":{\"@type\":\"ImageObject\",\"inLanguage\":\"es\",\"@id\":\"https:\\\/\\\/unstamps.org\\\/es\\\/#\\\/schema\\\/logo\\\/image\\\/\",\"url\":\"https:\\\/\\\/unstamps.org\\\/wp-content\\\/uploads\\\/2014\\\/01\\\/logo4web.jpg\",\"contentUrl\":\"https:\\\/\\\/unstamps.org\\\/wp-content\\\/uploads\\\/2014\\\/01\\\/logo4web.jpg\",\"width\":2500,\"height\":250,\"caption\":\"UN Stamps\"},\"image\":{\"@id\":\"https:\\\/\\\/unstamps.org\\\/es\\\/#\\\/schema\\\/logo\\\/image\\\/\"}}]}<\/script>\n<!-- \/ Yoast SEO plugin. -->","yoast_head_json":{"title":"Especies amenazadas 2024 - UN Stamps","robots":{"index":"index","follow":"follow","max-snippet":"max-snippet:-1","max-image-preview":"max-image-preview:large","max-video-preview":"max-video-preview:-1"},"canonical":"https:\/\/unstamps.org\/es\/producto\/especies-amenazadas-2024\/","og_locale":"es_ES","og_type":"article","og_title":"Especies amenazadas 2024 - UN Stamps","og_description":"El 26 de abril de 2024, la APNU contin\u00faa su serie de sellos de especies en peligro de extinci\u00f3n con una emisi\u00f3n de 12 sellos. La serie de sellos de las Naciones Unidas sobre Especies Amenazadas de Fauna y Flora Silvestres 2024 re\u00fane una amplia gama de fauna y flora, incluida las especies que est\u00e1n [&hellip;]","og_url":"https:\/\/unstamps.org\/es\/producto\/especies-amenazadas-2024\/","og_site_name":"UN Stamps","article_modified_time":"2026-01-09T16:56:05+00:00","og_image":[{"width":1024,"height":1024,"url":"https:\/\/unstamps.org\/wp-content\/uploads\/2024\/04\/ES24-MI-GROUP.jpg","type":"image\/jpeg"}],"twitter_card":"summary_large_image","twitter_misc":{"Tiempo de lectura":"2 minutos"},"schema":{"@context":"https:\/\/schema.org","@graph":[{"@type":"WebPage","@id":"https:\/\/unstamps.org\/es\/producto\/especies-amenazadas-2024\/","url":"https:\/\/unstamps.org\/es\/producto\/especies-amenazadas-2024\/","name":"Especies amenazadas 2024 - UN Stamps","isPartOf":{"@id":"https:\/\/unstamps.org\/es\/#website"},"primaryImageOfPage":{"@id":"https:\/\/unstamps.org\/es\/producto\/especies-amenazadas-2024\/#primaryimage"},"image":{"@id":"https:\/\/unstamps.org\/es\/producto\/especies-amenazadas-2024\/#primaryimage"},"thumbnailUrl":"https:\/\/unstamps.org\/wp-content\/uploads\/2024\/04\/ES24-MI-GROUP.jpg","datePublished":"2024-04-23T18:46:12+00:00","dateModified":"2026-01-09T16:56:05+00:00","breadcrumb":{"@id":"https:\/\/unstamps.org\/es\/producto\/especies-amenazadas-2024\/#breadcrumb"},"inLanguage":"es","potentialAction":[{"@type":"ReadAction","target":["https:\/\/unstamps.org\/es\/producto\/especies-amenazadas-2024\/"]}]},{"@type":"ImageObject","inLanguage":"es","@id":"https:\/\/unstamps.org\/es\/producto\/especies-amenazadas-2024\/#primaryimage","url":"https:\/\/unstamps.org\/wp-content\/uploads\/2024\/04\/ES24-MI-GROUP.jpg","contentUrl":"https:\/\/unstamps.org\/wp-content\/uploads\/2024\/04\/ES24-MI-GROUP.jpg","width":1024,"height":1024},{"@type":"BreadcrumbList","@id":"https:\/\/unstamps.org\/es\/producto\/especies-amenazadas-2024\/#breadcrumb","itemListElement":[{"@type":"ListItem","position":1,"name":"Home","item":"https:\/\/unstamps.org\/es\/"},{"@type":"ListItem","position":2,"name":"Shop","item":"https:\/\/unstamps.org\/es\/productos\/"},{"@type":"ListItem","position":3,"name":"Especies amenazadas 2024"}]},{"@type":"WebSite","@id":"https:\/\/unstamps.org\/es\/#website","url":"https:\/\/unstamps.org\/es\/","name":"UN Stamps","description":"United Nations Stamps","publisher":{"@id":"https:\/\/unstamps.org\/es\/#organization"},"potentialAction":[{"@type":"SearchAction","target":{"@type":"EntryPoint","urlTemplate":"https:\/\/unstamps.org\/es\/?s={search_term_string}"},"query-input":{"@type":"PropertyValueSpecification","valueRequired":true,"valueName":"search_term_string"}}],"inLanguage":"es"},{"@type":"Organization","@id":"https:\/\/unstamps.org\/es\/#organization","name":"UN Stamps","url":"https:\/\/unstamps.org\/es\/","logo":{"@type":"ImageObject","inLanguage":"es","@id":"https:\/\/unstamps.org\/es\/#\/schema\/logo\/image\/","url":"https:\/\/unstamps.org\/wp-content\/uploads\/2014\/01\/logo4web.jpg","contentUrl":"https:\/\/unstamps.org\/wp-content\/uploads\/2014\/01\/logo4web.jpg","width":2500,"height":250,"caption":"UN Stamps"},"image":{"@id":"https:\/\/unstamps.org\/es\/#\/schema\/logo\/image\/"}}]}},"jetpack_sharing_enabled":true,"publishpress_future_action":{"enabled":false,"date":"2026-04-12 19:09:38","action":"change-status","newStatus":"private","terms":[],"taxonomy":"product_cat","extraData":[]},"publishpress_future_workflow_manual_trigger":{"enabledWorkflows":[]},"_links":{"self":[{"href":"https:\/\/unstamps.org\/es\/wp-json\/wp\/v2\/product\/184434","targetHints":{"allow":["GET"]}}],"collection":[{"href":"https:\/\/unstamps.org\/es\/wp-json\/wp\/v2\/product"}],"about":[{"href":"https:\/\/unstamps.org\/es\/wp-json\/wp\/v2\/types\/product"}],"replies":[{"embeddable":true,"href":"https:\/\/unstamps.org\/es\/wp-json\/wp\/v2\/comments?post=184434"}],"wp:featuredmedia":[{"embeddable":true,"href":"https:\/\/unstamps.org\/es\/wp-json\/wp\/v2\/media\/185007"}],"wp:attachment":[{"href":"https:\/\/unstamps.org\/es\/wp-json\/wp\/v2\/media?parent=184434"}],"wp:term":[{"taxonomy":"product_brand","embeddable":true,"href":"https:\/\/unstamps.org\/es\/wp-json\/wp\/v2\/product_brand?post=184434"},{"taxonomy":"product_cat","embeddable":true,"href":"https:\/\/unstamps.org\/es\/wp-json\/wp\/v2\/product_cat?post=184434"},{"taxonomy":"product_tag","embeddable":true,"href":"https:\/\/unstamps.org\/es\/wp-json\/wp\/v2\/product_tag?post=184434"}],"curies":[{"name":"wp","href":"https:\/\/api.w.org\/{rel}","templated":true}]}}