{"id":180184,"date":"2023-11-06T11:05:18","date_gmt":"2023-11-06T16:05:18","guid":{"rendered":"https:\/\/unstamps.org\/?post_type=product&#038;p=180184"},"modified":"2026-01-09T11:58:32","modified_gmt":"2026-01-09T16:58:32","slug":"marie-curie-sello-ordinario-de-ge-chf-230-pagina-completa","status":"publish","type":"product","link":"https:\/\/unstamps.org\/es\/producto\/marie-curie-sello-ordinario-de-ge-chf-230-pagina-completa\/","title":{"rendered":"Marie Curie &#8211; Sello Ordinario de GE &#8211; CHF 2,30 &#8211; P\u00e1gina Completa"},"content":{"rendered":"<p>El 7 de noviembre de 2023, la Administraci\u00f3n Postal de las Naciones Unidas emitir\u00e1 un sello de 2,30 francos suizos en honor a Marie Curie. La cita en el sello que est\u00e1 en franc\u00e9s dice lo siguiente:<\/p>\n<p>\u00abNada en la vida debe ser temido, s\u00f3lo es para ser entendido\u00bb<\/p>\n<p>El sello CHF 2,30 forma parte de una serie ordinaria de sellos ilustrada por Martin M\u00f6rck (Noruega).<\/p>\n<p>Marie Curie es mejor conocida por su investigaci\u00f3n pionera en radiactividad y su descubrimiento de dos elementos, polonio y radio. Fue la primera mujer en ganar un Premio Nobel, la primera persona en ganar un Premio Nobel dos veces, y la \u00fanica persona en ganar un Premio Nobel en dos campos cient\u00edficos.<\/p>\n<p>Nacida Marya Sk\u0142odowska en Varsovia, Polonia, el 7 de noviembre de 1867, era la menor de cinco hijos. A pesar de la pobreza de su familia y el acceso limitado a la educaci\u00f3n cient\u00edfica, unido al hecho de que era una mujer, Marie super\u00f3 muchos obst\u00e1culos para perseguir su pasi\u00f3n y su carrera cient\u00edfica.<\/p>\n<p>En 1891, fue a Par\u00eds para estudiar f\u00edsica y matem\u00e1ticas en la Sorbona. Fue all\u00ed donde conoci\u00f3 a Pierre Curie, profesor de la Escuela de F\u00edsica, donde trabajaron juntos estudiando la radiactividad y la investigaci\u00f3n. Se casaron en 1895.<\/p>\n<p>En 1903, Marie y Pierre Curie fueron galardonados con el Premio Nobel de F\u00edsica, conjuntamente con Henri Becquerel, por sus trabajos conjuntos, aunque separados, sobre la radiactividad, un t\u00e9rmino que Curie acu\u00f1\u00f3 ella misma. En el mismo a\u00f1o, Marie aprob\u00f3 su tesis doctoral en F\u00edsica. Despu\u00e9s de la muerte de su marido en 1906, ella asimi\u00f3 su c\u00e1tedra en la Sorbona, convirti\u00e9ndose en la primera profesora de la instituci\u00f3n.<\/p>\n<p>En 1911, Marie Curie gan\u00f3 un segundo Premio Nobel de qu\u00edmica (junto con su marido) por su descubrimiento de dos nuevos elementos: el polonio (llamado as\u00ed por su tierra natal) y el radio.<\/p>\n<p>La investigaci\u00f3n de Marie Curie sent\u00f3 las bases para la ciencia nuclear moderna, desde los rayos X hasta la radioterapia para tratar el c\u00e1ncer. Se destac\u00f3 no solo por su brillante talento y dedicaci\u00f3n, sino tambi\u00e9n por inspirar a mujeres y ni\u00f1as en la ciencia.<\/p>\n<p><strong>Fecha de emisi\u00f3n:<\/strong> 7 de noviembre de 2023<br \/>\n<strong>Artista: <\/strong>Martin M\u00f6rck (Noruega)<br \/>\n<strong>Dise\u00f1ador: <\/strong>Rorie Katz (Naciones Unidas)<br \/>\n<strong>Valor postal: <\/strong>CHF 2,30<br \/>\n<strong>Tama\u00f1o del sello: <\/strong>50 mm x 35 mm<br \/>\n<strong>N\u00famero de sellos por pliego: <\/strong>20<br \/>\n<strong>Impresor: <\/strong>Joh. Ensched\u00e9 Stamps BV (Pa\u00edses Bajos)<br \/>\n<strong>Proceso: <\/strong>Litograf\u00eda offset, Duotone<br \/>\n<strong>Perforaci\u00f3n: <\/strong>14 x 14 \u00bc<br \/>\n<strong>Cantidad: <\/strong>9.000 hojas (180.000 sellos)<\/p>\n","protected":false},"excerpt":{"rendered":"<p>El 7 de noviembre de 2023, la Administraci\u00f3n Postal de las Naciones Unidas emitir\u00e1 un sello de 2,30 francos suizos en honor a Marie Curie. La cita en el sello que est\u00e1 en franc\u00e9s dice lo siguiente: \u00abNada en la vida debe ser temido, s\u00f3lo es para ser entendido\u00bb El sello CHF 2,30 forma parte [&hellip;]<\/p>\n","protected":false},"featured_media":180213,"comment_status":"closed","ping_status":"closed","template":"","meta":{"ngg_post_thumbnail":0},"product_brand":[],"product_cat":[2935,930,933],"product_tag":[],"class_list":{"0":"post-180184","1":"product","2":"type-product","3":"status-publish","4":"has-post-thumbnail","6":"product_cat-2023-es","7":"product_cat-definitivos","8":"product_cat-pliegos-completos","9":"pa_condition-cancelled-es","10":"pa_condition-mint-es","12":"first","13":"instock","14":"shipping-taxable","15":"purchasable","16":"product-type-variable"},"yoast_head":"<!-- This site is optimized with the Yoast SEO plugin v27.3 - https:\/\/yoast.com\/product\/yoast-seo-wordpress\/ -->\n<title>Marie Curie &#8211; Sello Ordinario de GE &#8211; CHF 2,30 - P\u00e1gina Completa - UN Stamps<\/title>\n<meta name=\"robots\" content=\"index, follow, max-snippet:-1, max-image-preview:large, max-video-preview:-1\" \/>\n<link rel=\"canonical\" href=\"https:\/\/unstamps.org\/es\/producto\/marie-curie-sello-ordinario-de-ge-chf-230-pagina-completa\/\" \/>\n<meta property=\"og:locale\" content=\"es_ES\" \/>\n<meta property=\"og:type\" content=\"article\" \/>\n<meta property=\"og:title\" content=\"Marie Curie &#8211; Sello Ordinario de GE &#8211; CHF 2,30 - P\u00e1gina Completa - UN Stamps\" \/>\n<meta property=\"og:description\" content=\"El 7 de noviembre de 2023, la Administraci\u00f3n Postal de las Naciones Unidas emitir\u00e1 un sello de 2,30 francos suizos en honor a Marie Curie. La cita en el sello que est\u00e1 en franc\u00e9s dice lo siguiente: \u00abNada en la vida debe ser temido, s\u00f3lo es para ser entendido\u00bb El sello CHF 2,30 forma parte [&hellip;]\" \/>\n<meta property=\"og:url\" content=\"https:\/\/unstamps.org\/es\/producto\/marie-curie-sello-ordinario-de-ge-chf-230-pagina-completa\/\" \/>\n<meta property=\"og:site_name\" content=\"UN Stamps\" \/>\n<meta property=\"article:modified_time\" content=\"2026-01-09T16:58:32+00:00\" \/>\n<meta property=\"og:image\" content=\"https:\/\/unstamps.org\/wp-content\/uploads\/2023\/11\/Curie-Web-FS.jpg\" \/>\n\t<meta property=\"og:image:width\" content=\"1024\" \/>\n\t<meta property=\"og:image:height\" content=\"1024\" \/>\n\t<meta property=\"og:image:type\" content=\"image\/jpeg\" \/>\n<meta name=\"twitter:card\" content=\"summary_large_image\" \/>\n<meta name=\"twitter:label1\" content=\"Tiempo de lectura\" \/>\n\t<meta name=\"twitter:data1\" content=\"2 minutos\" \/>\n<script type=\"application\/ld+json\" class=\"yoast-schema-graph\">{\"@context\":\"https:\\\/\\\/schema.org\",\"@graph\":[{\"@type\":\"WebPage\",\"@id\":\"https:\\\/\\\/unstamps.org\\\/es\\\/producto\\\/marie-curie-sello-ordinario-de-ge-chf-230-pagina-completa\\\/\",\"url\":\"https:\\\/\\\/unstamps.org\\\/es\\\/producto\\\/marie-curie-sello-ordinario-de-ge-chf-230-pagina-completa\\\/\",\"name\":\"Marie Curie &#8211; Sello Ordinario de GE &#8211; CHF 2,30 - P\u00e1gina Completa - UN Stamps\",\"isPartOf\":{\"@id\":\"https:\\\/\\\/unstamps.org\\\/es\\\/#website\"},\"primaryImageOfPage\":{\"@id\":\"https:\\\/\\\/unstamps.org\\\/es\\\/producto\\\/marie-curie-sello-ordinario-de-ge-chf-230-pagina-completa\\\/#primaryimage\"},\"image\":{\"@id\":\"https:\\\/\\\/unstamps.org\\\/es\\\/producto\\\/marie-curie-sello-ordinario-de-ge-chf-230-pagina-completa\\\/#primaryimage\"},\"thumbnailUrl\":\"https:\\\/\\\/unstamps.org\\\/wp-content\\\/uploads\\\/2023\\\/11\\\/Curie-Web-FS.jpg\",\"datePublished\":\"2023-11-06T16:05:18+00:00\",\"dateModified\":\"2026-01-09T16:58:32+00:00\",\"breadcrumb\":{\"@id\":\"https:\\\/\\\/unstamps.org\\\/es\\\/producto\\\/marie-curie-sello-ordinario-de-ge-chf-230-pagina-completa\\\/#breadcrumb\"},\"inLanguage\":\"es\",\"potentialAction\":[{\"@type\":\"ReadAction\",\"target\":[\"https:\\\/\\\/unstamps.org\\\/es\\\/producto\\\/marie-curie-sello-ordinario-de-ge-chf-230-pagina-completa\\\/\"]}]},{\"@type\":\"ImageObject\",\"inLanguage\":\"es\",\"@id\":\"https:\\\/\\\/unstamps.org\\\/es\\\/producto\\\/marie-curie-sello-ordinario-de-ge-chf-230-pagina-completa\\\/#primaryimage\",\"url\":\"https:\\\/\\\/unstamps.org\\\/wp-content\\\/uploads\\\/2023\\\/11\\\/Curie-Web-FS.jpg\",\"contentUrl\":\"https:\\\/\\\/unstamps.org\\\/wp-content\\\/uploads\\\/2023\\\/11\\\/Curie-Web-FS.jpg\",\"width\":1024,\"height\":1024},{\"@type\":\"BreadcrumbList\",\"@id\":\"https:\\\/\\\/unstamps.org\\\/es\\\/producto\\\/marie-curie-sello-ordinario-de-ge-chf-230-pagina-completa\\\/#breadcrumb\",\"itemListElement\":[{\"@type\":\"ListItem\",\"position\":1,\"name\":\"Home\",\"item\":\"https:\\\/\\\/unstamps.org\\\/es\\\/\"},{\"@type\":\"ListItem\",\"position\":2,\"name\":\"Shop\",\"item\":\"https:\\\/\\\/unstamps.org\\\/es\\\/productos\\\/\"},{\"@type\":\"ListItem\",\"position\":3,\"name\":\"Marie Curie &#8211; Sello Ordinario de GE &#8211; CHF 2,30 &#8211; P\u00e1gina Completa\"}]},{\"@type\":\"WebSite\",\"@id\":\"https:\\\/\\\/unstamps.org\\\/es\\\/#website\",\"url\":\"https:\\\/\\\/unstamps.org\\\/es\\\/\",\"name\":\"UN Stamps\",\"description\":\"United Nations Stamps\",\"publisher\":{\"@id\":\"https:\\\/\\\/unstamps.org\\\/es\\\/#organization\"},\"potentialAction\":[{\"@type\":\"SearchAction\",\"target\":{\"@type\":\"EntryPoint\",\"urlTemplate\":\"https:\\\/\\\/unstamps.org\\\/es\\\/?s={search_term_string}\"},\"query-input\":{\"@type\":\"PropertyValueSpecification\",\"valueRequired\":true,\"valueName\":\"search_term_string\"}}],\"inLanguage\":\"es\"},{\"@type\":\"Organization\",\"@id\":\"https:\\\/\\\/unstamps.org\\\/es\\\/#organization\",\"name\":\"UN Stamps\",\"url\":\"https:\\\/\\\/unstamps.org\\\/es\\\/\",\"logo\":{\"@type\":\"ImageObject\",\"inLanguage\":\"es\",\"@id\":\"https:\\\/\\\/unstamps.org\\\/es\\\/#\\\/schema\\\/logo\\\/image\\\/\",\"url\":\"https:\\\/\\\/unstamps.org\\\/wp-content\\\/uploads\\\/2014\\\/01\\\/logo4web.jpg\",\"contentUrl\":\"https:\\\/\\\/unstamps.org\\\/wp-content\\\/uploads\\\/2014\\\/01\\\/logo4web.jpg\",\"width\":2500,\"height\":250,\"caption\":\"UN Stamps\"},\"image\":{\"@id\":\"https:\\\/\\\/unstamps.org\\\/es\\\/#\\\/schema\\\/logo\\\/image\\\/\"}}]}<\/script>\n<!-- \/ Yoast SEO plugin. -->","yoast_head_json":{"title":"Marie Curie &#8211; Sello Ordinario de GE &#8211; CHF 2,30 - P\u00e1gina Completa - UN Stamps","robots":{"index":"index","follow":"follow","max-snippet":"max-snippet:-1","max-image-preview":"max-image-preview:large","max-video-preview":"max-video-preview:-1"},"canonical":"https:\/\/unstamps.org\/es\/producto\/marie-curie-sello-ordinario-de-ge-chf-230-pagina-completa\/","og_locale":"es_ES","og_type":"article","og_title":"Marie Curie &#8211; Sello Ordinario de GE &#8211; CHF 2,30 - P\u00e1gina Completa - UN Stamps","og_description":"El 7 de noviembre de 2023, la Administraci\u00f3n Postal de las Naciones Unidas emitir\u00e1 un sello de 2,30 francos suizos en honor a Marie Curie. La cita en el sello que est\u00e1 en franc\u00e9s dice lo siguiente: \u00abNada en la vida debe ser temido, s\u00f3lo es para ser entendido\u00bb El sello CHF 2,30 forma parte [&hellip;]","og_url":"https:\/\/unstamps.org\/es\/producto\/marie-curie-sello-ordinario-de-ge-chf-230-pagina-completa\/","og_site_name":"UN Stamps","article_modified_time":"2026-01-09T16:58:32+00:00","og_image":[{"width":1024,"height":1024,"url":"https:\/\/unstamps.org\/wp-content\/uploads\/2023\/11\/Curie-Web-FS.jpg","type":"image\/jpeg"}],"twitter_card":"summary_large_image","twitter_misc":{"Tiempo de lectura":"2 minutos"},"schema":{"@context":"https:\/\/schema.org","@graph":[{"@type":"WebPage","@id":"https:\/\/unstamps.org\/es\/producto\/marie-curie-sello-ordinario-de-ge-chf-230-pagina-completa\/","url":"https:\/\/unstamps.org\/es\/producto\/marie-curie-sello-ordinario-de-ge-chf-230-pagina-completa\/","name":"Marie Curie &#8211; Sello Ordinario de GE &#8211; CHF 2,30 - P\u00e1gina Completa - UN Stamps","isPartOf":{"@id":"https:\/\/unstamps.org\/es\/#website"},"primaryImageOfPage":{"@id":"https:\/\/unstamps.org\/es\/producto\/marie-curie-sello-ordinario-de-ge-chf-230-pagina-completa\/#primaryimage"},"image":{"@id":"https:\/\/unstamps.org\/es\/producto\/marie-curie-sello-ordinario-de-ge-chf-230-pagina-completa\/#primaryimage"},"thumbnailUrl":"https:\/\/unstamps.org\/wp-content\/uploads\/2023\/11\/Curie-Web-FS.jpg","datePublished":"2023-11-06T16:05:18+00:00","dateModified":"2026-01-09T16:58:32+00:00","breadcrumb":{"@id":"https:\/\/unstamps.org\/es\/producto\/marie-curie-sello-ordinario-de-ge-chf-230-pagina-completa\/#breadcrumb"},"inLanguage":"es","potentialAction":[{"@type":"ReadAction","target":["https:\/\/unstamps.org\/es\/producto\/marie-curie-sello-ordinario-de-ge-chf-230-pagina-completa\/"]}]},{"@type":"ImageObject","inLanguage":"es","@id":"https:\/\/unstamps.org\/es\/producto\/marie-curie-sello-ordinario-de-ge-chf-230-pagina-completa\/#primaryimage","url":"https:\/\/unstamps.org\/wp-content\/uploads\/2023\/11\/Curie-Web-FS.jpg","contentUrl":"https:\/\/unstamps.org\/wp-content\/uploads\/2023\/11\/Curie-Web-FS.jpg","width":1024,"height":1024},{"@type":"BreadcrumbList","@id":"https:\/\/unstamps.org\/es\/producto\/marie-curie-sello-ordinario-de-ge-chf-230-pagina-completa\/#breadcrumb","itemListElement":[{"@type":"ListItem","position":1,"name":"Home","item":"https:\/\/unstamps.org\/es\/"},{"@type":"ListItem","position":2,"name":"Shop","item":"https:\/\/unstamps.org\/es\/productos\/"},{"@type":"ListItem","position":3,"name":"Marie Curie &#8211; Sello Ordinario de GE &#8211; CHF 2,30 &#8211; P\u00e1gina Completa"}]},{"@type":"WebSite","@id":"https:\/\/unstamps.org\/es\/#website","url":"https:\/\/unstamps.org\/es\/","name":"UN Stamps","description":"United Nations Stamps","publisher":{"@id":"https:\/\/unstamps.org\/es\/#organization"},"potentialAction":[{"@type":"SearchAction","target":{"@type":"EntryPoint","urlTemplate":"https:\/\/unstamps.org\/es\/?s={search_term_string}"},"query-input":{"@type":"PropertyValueSpecification","valueRequired":true,"valueName":"search_term_string"}}],"inLanguage":"es"},{"@type":"Organization","@id":"https:\/\/unstamps.org\/es\/#organization","name":"UN Stamps","url":"https:\/\/unstamps.org\/es\/","logo":{"@type":"ImageObject","inLanguage":"es","@id":"https:\/\/unstamps.org\/es\/#\/schema\/logo\/image\/","url":"https:\/\/unstamps.org\/wp-content\/uploads\/2014\/01\/logo4web.jpg","contentUrl":"https:\/\/unstamps.org\/wp-content\/uploads\/2014\/01\/logo4web.jpg","width":2500,"height":250,"caption":"UN Stamps"},"image":{"@id":"https:\/\/unstamps.org\/es\/#\/schema\/logo\/image\/"}}]}},"jetpack_sharing_enabled":true,"publishpress_future_action":{"enabled":false,"date":"2026-04-20 06:52:47","action":"change-status","newStatus":"private","terms":[],"taxonomy":"product_cat","extraData":[]},"publishpress_future_workflow_manual_trigger":{"enabledWorkflows":[]},"_links":{"self":[{"href":"https:\/\/unstamps.org\/es\/wp-json\/wp\/v2\/product\/180184","targetHints":{"allow":["GET"]}}],"collection":[{"href":"https:\/\/unstamps.org\/es\/wp-json\/wp\/v2\/product"}],"about":[{"href":"https:\/\/unstamps.org\/es\/wp-json\/wp\/v2\/types\/product"}],"replies":[{"embeddable":true,"href":"https:\/\/unstamps.org\/es\/wp-json\/wp\/v2\/comments?post=180184"}],"wp:featuredmedia":[{"embeddable":true,"href":"https:\/\/unstamps.org\/es\/wp-json\/wp\/v2\/media\/180213"}],"wp:attachment":[{"href":"https:\/\/unstamps.org\/es\/wp-json\/wp\/v2\/media?parent=180184"}],"wp:term":[{"taxonomy":"product_brand","embeddable":true,"href":"https:\/\/unstamps.org\/es\/wp-json\/wp\/v2\/product_brand?post=180184"},{"taxonomy":"product_cat","embeddable":true,"href":"https:\/\/unstamps.org\/es\/wp-json\/wp\/v2\/product_cat?post=180184"},{"taxonomy":"product_tag","embeddable":true,"href":"https:\/\/unstamps.org\/es\/wp-json\/wp\/v2\/product_tag?post=180184"}],"curies":[{"name":"wp","href":"https:\/\/api.w.org\/{rel}","templated":true}]}}