{"id":169188,"date":"2022-11-16T11:32:11","date_gmt":"2022-11-16T16:36:14","guid":{"rendered":"https:\/\/unstamps.org\/?post_type=product&#038;p=169188"},"modified":"2026-01-09T12:04:38","modified_gmt":"2026-01-09T17:04:38","slug":"cripto-nu-serie-ii-e-365-minipliego","status":"publish","type":"product","link":"https:\/\/unstamps.org\/es\/producto\/cripto-nu-serie-ii-e-365-minipliego\/","title":{"rendered":"CRIPTO NU (Serie II) &#8211; \u20ac 3,65 Minipliego"},"content":{"rendered":"<p>Encontrar\u00e1 m\u00e1s informaci\u00f3n sobre los sellos cripto de las Naciones Unidas y c\u00f3mo obtenerlos en la siguiente direcci\u00f3n: <a href=\"https:\/\/crypto.unstamps.org\/\" target=\"_blank\" rel=\"noopener noreferrer\">https:\/\/crypto.unstamps.org\/<\/a><\/p>\n<p><em><strong>\u201cPor favor note que los productos de sellos cripto no pueden ser devueltos o cambiados si la zona de raspar est\u00e1 da\u00f1ada y\/o el codigo es visible\u00bb<\/strong><\/em><\/p>\n<p><strong>Fecha de emisi\u00f3n:<\/strong> 18 noviembre 2022<br \/>\n<strong>Dise\u00f1ador:<\/strong> Sergio Baradat (Naciones Unidas)<br \/>\n<strong>Valore:<\/strong> \u20ac 3,65<br \/>\n<strong>Tama\u00f1o del sello:<\/strong> 25 mm x 35 mm<br \/>\n<strong>Tama\u00f1o del pliego:<\/strong> 84 mm x 55 mm<br \/>\n<strong>Tama\u00f1o de la emisi\u00f3n:<\/strong> Mini-pliego de un sello<br \/>\n<strong>Impresor:<\/strong> Royal Joh Ensched\u00e9 (Pa\u00efses Bajos)<br \/>\n<strong>Proceso:<\/strong> Hexachrome, l\u00e1mina<br \/>\n<strong>Tirada:<\/strong> 30,000 mini-pliegos<\/p>\n","protected":false},"excerpt":{"rendered":"<p>Encontrar\u00e1 m\u00e1s informaci\u00f3n sobre los sellos cripto de las Naciones Unidas y c\u00f3mo obtenerlos en la siguiente direcci\u00f3n: https:\/\/crypto.unstamps.org\/ \u201cPor favor note que los productos de sellos cripto no pueden ser devueltos o cambiados si la zona de raspar est\u00e1 da\u00f1ada y\/o el codigo es visible\u00bb Fecha de emisi\u00f3n: 18 noviembre 2022 Dise\u00f1ador: Sergio Baradat [&hellip;]<\/p>\n","protected":false},"featured_media":169291,"comment_status":"closed","ping_status":"closed","template":"","meta":{"ngg_post_thumbnail":0},"product_brand":[],"product_cat":[2894,2928,927],"product_tag":[],"class_list":{"0":"post-169188","1":"product","2":"type-product","3":"status-publish","4":"has-post-thumbnail","6":"product_cat-2022-es","7":"product_cat-crypto-es","8":"product_cat-viena","9":"pa_condition-cancelled-es","10":"pa_condition-mint-es","12":"first","13":"instock","14":"shipping-taxable","15":"purchasable","16":"product-type-variable"},"yoast_head":"<!-- This site is optimized with the Yoast SEO plugin v27.4 - https:\/\/yoast.com\/product\/yoast-seo-wordpress\/ -->\n<title>CRIPTO NU (Serie II) &#8211; \u20ac 3,65 Minipliego - UN Stamps<\/title>\n<meta name=\"robots\" content=\"index, follow, max-snippet:-1, max-image-preview:large, max-video-preview:-1\" \/>\n<link rel=\"canonical\" href=\"https:\/\/unstamps.org\/es\/producto\/cripto-nu-serie-ii-e-365-minipliego\/\" \/>\n<meta property=\"og:locale\" content=\"es_ES\" \/>\n<meta property=\"og:type\" content=\"article\" \/>\n<meta property=\"og:title\" content=\"CRIPTO NU (Serie II) &#8211; \u20ac 3,65 Minipliego - UN Stamps\" \/>\n<meta property=\"og:description\" content=\"Encontrar\u00e1 m\u00e1s informaci\u00f3n sobre los sellos cripto de las Naciones Unidas y c\u00f3mo obtenerlos en la siguiente direcci\u00f3n: https:\/\/crypto.unstamps.org\/ \u201cPor favor note que los productos de sellos cripto no pueden ser devueltos o cambiados si la zona de raspar est\u00e1 da\u00f1ada y\/o el codigo es visible\u00bb Fecha de emisi\u00f3n: 18 noviembre 2022 Dise\u00f1ador: Sergio Baradat [&hellip;]\" \/>\n<meta property=\"og:url\" content=\"https:\/\/unstamps.org\/es\/producto\/cripto-nu-serie-ii-e-365-minipliego\/\" \/>\n<meta property=\"og:site_name\" content=\"UN Stamps\" \/>\n<meta property=\"article:modified_time\" content=\"2026-01-09T17:04:38+00:00\" \/>\n<meta property=\"og:image\" content=\"https:\/\/unstamps.org\/wp-content\/uploads\/2022\/11\/Crypto-VI-web.jpg\" \/>\n\t<meta property=\"og:image:width\" content=\"1024\" \/>\n\t<meta property=\"og:image:height\" content=\"1024\" \/>\n\t<meta property=\"og:image:type\" content=\"image\/jpeg\" \/>\n<meta name=\"twitter:card\" content=\"summary_large_image\" \/>\n<meta name=\"twitter:label1\" content=\"Tiempo de lectura\" \/>\n\t<meta name=\"twitter:data1\" content=\"1 minuto\" \/>\n<script type=\"application\/ld+json\" class=\"yoast-schema-graph\">{\"@context\":\"https:\\\/\\\/schema.org\",\"@graph\":[{\"@type\":\"WebPage\",\"@id\":\"https:\\\/\\\/unstamps.org\\\/es\\\/producto\\\/cripto-nu-serie-ii-e-365-minipliego\\\/\",\"url\":\"https:\\\/\\\/unstamps.org\\\/es\\\/producto\\\/cripto-nu-serie-ii-e-365-minipliego\\\/\",\"name\":\"CRIPTO NU (Serie II) &#8211; \u20ac 3,65 Minipliego - UN Stamps\",\"isPartOf\":{\"@id\":\"https:\\\/\\\/unstamps.org\\\/es\\\/#website\"},\"primaryImageOfPage\":{\"@id\":\"https:\\\/\\\/unstamps.org\\\/es\\\/producto\\\/cripto-nu-serie-ii-e-365-minipliego\\\/#primaryimage\"},\"image\":{\"@id\":\"https:\\\/\\\/unstamps.org\\\/es\\\/producto\\\/cripto-nu-serie-ii-e-365-minipliego\\\/#primaryimage\"},\"thumbnailUrl\":\"https:\\\/\\\/unstamps.org\\\/wp-content\\\/uploads\\\/2022\\\/11\\\/Crypto-VI-web.jpg\",\"datePublished\":\"2022-11-16T16:36:14+00:00\",\"dateModified\":\"2026-01-09T17:04:38+00:00\",\"breadcrumb\":{\"@id\":\"https:\\\/\\\/unstamps.org\\\/es\\\/producto\\\/cripto-nu-serie-ii-e-365-minipliego\\\/#breadcrumb\"},\"inLanguage\":\"es\",\"potentialAction\":[{\"@type\":\"ReadAction\",\"target\":[\"https:\\\/\\\/unstamps.org\\\/es\\\/producto\\\/cripto-nu-serie-ii-e-365-minipliego\\\/\"]}]},{\"@type\":\"ImageObject\",\"inLanguage\":\"es\",\"@id\":\"https:\\\/\\\/unstamps.org\\\/es\\\/producto\\\/cripto-nu-serie-ii-e-365-minipliego\\\/#primaryimage\",\"url\":\"https:\\\/\\\/unstamps.org\\\/wp-content\\\/uploads\\\/2022\\\/11\\\/Crypto-VI-web.jpg\",\"contentUrl\":\"https:\\\/\\\/unstamps.org\\\/wp-content\\\/uploads\\\/2022\\\/11\\\/Crypto-VI-web.jpg\",\"width\":1024,\"height\":1024},{\"@type\":\"BreadcrumbList\",\"@id\":\"https:\\\/\\\/unstamps.org\\\/es\\\/producto\\\/cripto-nu-serie-ii-e-365-minipliego\\\/#breadcrumb\",\"itemListElement\":[{\"@type\":\"ListItem\",\"position\":1,\"name\":\"Home\",\"item\":\"https:\\\/\\\/unstamps.org\\\/es\\\/\"},{\"@type\":\"ListItem\",\"position\":2,\"name\":\"Shop\",\"item\":\"https:\\\/\\\/unstamps.org\\\/es\\\/productos\\\/\"},{\"@type\":\"ListItem\",\"position\":3,\"name\":\"CRIPTO NU (Serie II) &#8211; \u20ac 3,65 Minipliego\"}]},{\"@type\":\"WebSite\",\"@id\":\"https:\\\/\\\/unstamps.org\\\/es\\\/#website\",\"url\":\"https:\\\/\\\/unstamps.org\\\/es\\\/\",\"name\":\"UN Stamps\",\"description\":\"United Nations Stamps\",\"publisher\":{\"@id\":\"https:\\\/\\\/unstamps.org\\\/es\\\/#organization\"},\"potentialAction\":[{\"@type\":\"SearchAction\",\"target\":{\"@type\":\"EntryPoint\",\"urlTemplate\":\"https:\\\/\\\/unstamps.org\\\/es\\\/?s={search_term_string}\"},\"query-input\":{\"@type\":\"PropertyValueSpecification\",\"valueRequired\":true,\"valueName\":\"search_term_string\"}}],\"inLanguage\":\"es\"},{\"@type\":\"Organization\",\"@id\":\"https:\\\/\\\/unstamps.org\\\/es\\\/#organization\",\"name\":\"UN Stamps\",\"url\":\"https:\\\/\\\/unstamps.org\\\/es\\\/\",\"logo\":{\"@type\":\"ImageObject\",\"inLanguage\":\"es\",\"@id\":\"https:\\\/\\\/unstamps.org\\\/es\\\/#\\\/schema\\\/logo\\\/image\\\/\",\"url\":\"https:\\\/\\\/unstamps.org\\\/wp-content\\\/uploads\\\/2014\\\/01\\\/logo4web.jpg\",\"contentUrl\":\"https:\\\/\\\/unstamps.org\\\/wp-content\\\/uploads\\\/2014\\\/01\\\/logo4web.jpg\",\"width\":2500,\"height\":250,\"caption\":\"UN Stamps\"},\"image\":{\"@id\":\"https:\\\/\\\/unstamps.org\\\/es\\\/#\\\/schema\\\/logo\\\/image\\\/\"}}]}<\/script>\n<!-- \/ Yoast SEO plugin. -->","yoast_head_json":{"title":"CRIPTO NU (Serie II) &#8211; \u20ac 3,65 Minipliego - UN Stamps","robots":{"index":"index","follow":"follow","max-snippet":"max-snippet:-1","max-image-preview":"max-image-preview:large","max-video-preview":"max-video-preview:-1"},"canonical":"https:\/\/unstamps.org\/es\/producto\/cripto-nu-serie-ii-e-365-minipliego\/","og_locale":"es_ES","og_type":"article","og_title":"CRIPTO NU (Serie II) &#8211; \u20ac 3,65 Minipliego - UN Stamps","og_description":"Encontrar\u00e1 m\u00e1s informaci\u00f3n sobre los sellos cripto de las Naciones Unidas y c\u00f3mo obtenerlos en la siguiente direcci\u00f3n: https:\/\/crypto.unstamps.org\/ \u201cPor favor note que los productos de sellos cripto no pueden ser devueltos o cambiados si la zona de raspar est\u00e1 da\u00f1ada y\/o el codigo es visible\u00bb Fecha de emisi\u00f3n: 18 noviembre 2022 Dise\u00f1ador: Sergio Baradat [&hellip;]","og_url":"https:\/\/unstamps.org\/es\/producto\/cripto-nu-serie-ii-e-365-minipliego\/","og_site_name":"UN Stamps","article_modified_time":"2026-01-09T17:04:38+00:00","og_image":[{"width":1024,"height":1024,"url":"https:\/\/unstamps.org\/wp-content\/uploads\/2022\/11\/Crypto-VI-web.jpg","type":"image\/jpeg"}],"twitter_card":"summary_large_image","twitter_misc":{"Tiempo de lectura":"1 minuto"},"schema":{"@context":"https:\/\/schema.org","@graph":[{"@type":"WebPage","@id":"https:\/\/unstamps.org\/es\/producto\/cripto-nu-serie-ii-e-365-minipliego\/","url":"https:\/\/unstamps.org\/es\/producto\/cripto-nu-serie-ii-e-365-minipliego\/","name":"CRIPTO NU (Serie II) &#8211; \u20ac 3,65 Minipliego - UN Stamps","isPartOf":{"@id":"https:\/\/unstamps.org\/es\/#website"},"primaryImageOfPage":{"@id":"https:\/\/unstamps.org\/es\/producto\/cripto-nu-serie-ii-e-365-minipliego\/#primaryimage"},"image":{"@id":"https:\/\/unstamps.org\/es\/producto\/cripto-nu-serie-ii-e-365-minipliego\/#primaryimage"},"thumbnailUrl":"https:\/\/unstamps.org\/wp-content\/uploads\/2022\/11\/Crypto-VI-web.jpg","datePublished":"2022-11-16T16:36:14+00:00","dateModified":"2026-01-09T17:04:38+00:00","breadcrumb":{"@id":"https:\/\/unstamps.org\/es\/producto\/cripto-nu-serie-ii-e-365-minipliego\/#breadcrumb"},"inLanguage":"es","potentialAction":[{"@type":"ReadAction","target":["https:\/\/unstamps.org\/es\/producto\/cripto-nu-serie-ii-e-365-minipliego\/"]}]},{"@type":"ImageObject","inLanguage":"es","@id":"https:\/\/unstamps.org\/es\/producto\/cripto-nu-serie-ii-e-365-minipliego\/#primaryimage","url":"https:\/\/unstamps.org\/wp-content\/uploads\/2022\/11\/Crypto-VI-web.jpg","contentUrl":"https:\/\/unstamps.org\/wp-content\/uploads\/2022\/11\/Crypto-VI-web.jpg","width":1024,"height":1024},{"@type":"BreadcrumbList","@id":"https:\/\/unstamps.org\/es\/producto\/cripto-nu-serie-ii-e-365-minipliego\/#breadcrumb","itemListElement":[{"@type":"ListItem","position":1,"name":"Home","item":"https:\/\/unstamps.org\/es\/"},{"@type":"ListItem","position":2,"name":"Shop","item":"https:\/\/unstamps.org\/es\/productos\/"},{"@type":"ListItem","position":3,"name":"CRIPTO NU (Serie II) &#8211; \u20ac 3,65 Minipliego"}]},{"@type":"WebSite","@id":"https:\/\/unstamps.org\/es\/#website","url":"https:\/\/unstamps.org\/es\/","name":"UN Stamps","description":"United Nations Stamps","publisher":{"@id":"https:\/\/unstamps.org\/es\/#organization"},"potentialAction":[{"@type":"SearchAction","target":{"@type":"EntryPoint","urlTemplate":"https:\/\/unstamps.org\/es\/?s={search_term_string}"},"query-input":{"@type":"PropertyValueSpecification","valueRequired":true,"valueName":"search_term_string"}}],"inLanguage":"es"},{"@type":"Organization","@id":"https:\/\/unstamps.org\/es\/#organization","name":"UN Stamps","url":"https:\/\/unstamps.org\/es\/","logo":{"@type":"ImageObject","inLanguage":"es","@id":"https:\/\/unstamps.org\/es\/#\/schema\/logo\/image\/","url":"https:\/\/unstamps.org\/wp-content\/uploads\/2014\/01\/logo4web.jpg","contentUrl":"https:\/\/unstamps.org\/wp-content\/uploads\/2014\/01\/logo4web.jpg","width":2500,"height":250,"caption":"UN Stamps"},"image":{"@id":"https:\/\/unstamps.org\/es\/#\/schema\/logo\/image\/"}}]}},"jetpack_sharing_enabled":true,"publishpress_future_action":{"enabled":false,"date":"2026-04-29 19:43:40","action":"change-status","newStatus":"private","terms":[],"taxonomy":"product_cat","extraData":[]},"publishpress_future_workflow_manual_trigger":{"enabledWorkflows":[]},"_links":{"self":[{"href":"https:\/\/unstamps.org\/es\/wp-json\/wp\/v2\/product\/169188","targetHints":{"allow":["GET"]}}],"collection":[{"href":"https:\/\/unstamps.org\/es\/wp-json\/wp\/v2\/product"}],"about":[{"href":"https:\/\/unstamps.org\/es\/wp-json\/wp\/v2\/types\/product"}],"replies":[{"embeddable":true,"href":"https:\/\/unstamps.org\/es\/wp-json\/wp\/v2\/comments?post=169188"}],"wp:featuredmedia":[{"embeddable":true,"href":"https:\/\/unstamps.org\/es\/wp-json\/wp\/v2\/media\/169291"}],"wp:attachment":[{"href":"https:\/\/unstamps.org\/es\/wp-json\/wp\/v2\/media?parent=169188"}],"wp:term":[{"taxonomy":"product_brand","embeddable":true,"href":"https:\/\/unstamps.org\/es\/wp-json\/wp\/v2\/product_brand?post=169188"},{"taxonomy":"product_cat","embeddable":true,"href":"https:\/\/unstamps.org\/es\/wp-json\/wp\/v2\/product_cat?post=169188"},{"taxonomy":"product_tag","embeddable":true,"href":"https:\/\/unstamps.org\/es\/wp-json\/wp\/v2\/product_tag?post=169188"}],"curies":[{"name":"wp","href":"https:\/\/api.w.org\/{rel}","templated":true}]}}