{"id":169131,"date":"2022-11-16T12:31:38","date_gmt":"2022-11-16T17:41:26","guid":{"rendered":"https:\/\/unstamps.org\/?post_type=product&#038;p=169131"},"modified":"2026-01-09T12:03:10","modified_gmt":"2026-01-09T17:03:10","slug":"sellos-cripto-nu-serie-ii","status":"publish","type":"product","link":"https:\/\/unstamps.org\/es\/producto\/sellos-cripto-nu-serie-ii\/","title":{"rendered":"SELLOS CRIPTO NU (Serie II)"},"content":{"rendered":"<p>Lanzado en 2020, esta es la segunda emisi\u00f3n de una serie de sellos criptogr\u00e1ficos de las Naciones Unidas emitidos por la APNU. Los sellos de esta serie presentan s\u00edmbolos de paz y la palabra \u00abpaz\u00bb en seis idiomas.<\/p>\n<p>Los sellos, que se desarrollaron en conjunto con la Oficina de Tecnolog\u00eda de la Informaci\u00f3n y las Comunicaciones de las Naciones Unidas, conectan una nueva generaci\u00f3n de sellos de las Naciones Unidas con la tecnolog\u00eda blockchain.<\/p>\n<p>Cada hoja de sello incluye un c\u00f3digo secreto \u00fanico oculto detr\u00e1s de un \u00e1rea para rascar. Hay siete variaciones del dise\u00f1o de la paz que se pueden obtener (incluida una variaci\u00f3n de edici\u00f3n limitada) cuando se reclaman los sellos digitales.<\/p>\n<p>Para obtener m\u00e1s informaci\u00f3n sobre c\u00f3mo funcionan los sellos criptogr\u00e1ficos de las Naciones Unidas y c\u00f3mo activarlos y reclamarlos, visite <a href=\"https:\/\/crypto.unstamps.org\/\">crypto.unstamps.org<\/a><\/p>\n<p><strong>Fecha de emisi\u00f3n:<\/strong> 18 de noviembre de 2022<br \/>\n<strong>Dise\u00f1ador:<\/strong> Sergio Baradat (Naciones Unidas)<br \/>\n<strong>Denominaciones:<\/strong> $4.50, CHF 3,80, \u20ac 3,65<br \/>\n<strong>Tama\u00f1o del sello:<\/strong> 25 mm x 35 mm<br \/>\n<strong>Tama\u00f1o de la hoja:<\/strong> 84 mm x 55 mm<br \/>\n<strong>Formato:<\/strong> Mini-hojas de un sello<br \/>\n<strong>Impresor:<\/strong> Royal Joh Ensched\u00e9 (Pa\u00edses Bajos)<br \/>\n<strong>Proceso:<\/strong> Hexachrome con l\u00e1mina<\/p>\n<p><strong>Cantidades:<\/strong><br \/>\n$4,50 \u00a0 30.000 mini-pliegos<br \/>\nCHF 3,80 \u00a0 30.000 mini-pliegos<br \/>\n\u20ac 3,65 \u00a0 30.000 mini-pliegos<\/p>\n","protected":false},"excerpt":{"rendered":"<p>Lanzado en 2020, esta es la segunda emisi\u00f3n de una serie de sellos criptogr\u00e1ficos de las Naciones Unidas emitidos por la APNU. Los sellos de esta serie presentan s\u00edmbolos de paz y la palabra \u00abpaz\u00bb en seis idiomas. Los sellos, que se desarrollaron en conjunto con la Oficina de Tecnolog\u00eda de la Informaci\u00f3n y las [&hellip;]<\/p>\n","protected":false},"featured_media":169309,"comment_status":"closed","ping_status":"closed","template":"","meta":{"ngg_post_thumbnail":0},"product_brand":[],"product_cat":[2894,2928,930],"product_tag":[],"class_list":{"0":"post-169131","1":"product","2":"type-product","3":"status-publish","4":"has-post-thumbnail","6":"product_cat-2022-es","7":"product_cat-crypto-es","8":"product_cat-definitivos","10":"first","11":"instock","12":"shipping-taxable","13":"product-type-grouped"},"yoast_head":"<!-- This site is optimized with the Yoast SEO plugin v27.3 - https:\/\/yoast.com\/product\/yoast-seo-wordpress\/ -->\n<title>SELLOS CRIPTO NU (Serie II) - UN Stamps<\/title>\n<meta name=\"robots\" content=\"index, follow, max-snippet:-1, max-image-preview:large, max-video-preview:-1\" \/>\n<link rel=\"canonical\" href=\"https:\/\/unstamps.org\/es\/producto\/sellos-cripto-nu-serie-ii\/\" \/>\n<meta property=\"og:locale\" content=\"es_ES\" \/>\n<meta property=\"og:type\" content=\"article\" \/>\n<meta property=\"og:title\" content=\"SELLOS CRIPTO NU (Serie II) - UN Stamps\" \/>\n<meta property=\"og:description\" content=\"Lanzado en 2020, esta es la segunda emisi\u00f3n de una serie de sellos criptogr\u00e1ficos de las Naciones Unidas emitidos por la APNU. Los sellos de esta serie presentan s\u00edmbolos de paz y la palabra \u00abpaz\u00bb en seis idiomas. Los sellos, que se desarrollaron en conjunto con la Oficina de Tecnolog\u00eda de la Informaci\u00f3n y las [&hellip;]\" \/>\n<meta property=\"og:url\" content=\"https:\/\/unstamps.org\/es\/producto\/sellos-cripto-nu-serie-ii\/\" \/>\n<meta property=\"og:site_name\" content=\"UN Stamps\" \/>\n<meta property=\"article:modified_time\" content=\"2026-01-09T17:03:10+00:00\" \/>\n<meta property=\"og:image\" content=\"https:\/\/unstamps.org\/wp-content\/uploads\/2022\/11\/Crypto-GROUP-web.jpg\" \/>\n\t<meta property=\"og:image:width\" content=\"1024\" \/>\n\t<meta property=\"og:image:height\" content=\"1024\" \/>\n\t<meta property=\"og:image:type\" content=\"image\/jpeg\" \/>\n<meta name=\"twitter:card\" content=\"summary_large_image\" \/>\n<meta name=\"twitter:label1\" content=\"Tiempo de lectura\" \/>\n\t<meta name=\"twitter:data1\" content=\"1 minuto\" \/>\n<script type=\"application\/ld+json\" class=\"yoast-schema-graph\">{\"@context\":\"https:\\\/\\\/schema.org\",\"@graph\":[{\"@type\":\"WebPage\",\"@id\":\"https:\\\/\\\/unstamps.org\\\/es\\\/producto\\\/sellos-cripto-nu-serie-ii\\\/\",\"url\":\"https:\\\/\\\/unstamps.org\\\/es\\\/producto\\\/sellos-cripto-nu-serie-ii\\\/\",\"name\":\"SELLOS CRIPTO NU (Serie II) - UN Stamps\",\"isPartOf\":{\"@id\":\"https:\\\/\\\/unstamps.org\\\/es\\\/#website\"},\"primaryImageOfPage\":{\"@id\":\"https:\\\/\\\/unstamps.org\\\/es\\\/producto\\\/sellos-cripto-nu-serie-ii\\\/#primaryimage\"},\"image\":{\"@id\":\"https:\\\/\\\/unstamps.org\\\/es\\\/producto\\\/sellos-cripto-nu-serie-ii\\\/#primaryimage\"},\"thumbnailUrl\":\"https:\\\/\\\/unstamps.org\\\/wp-content\\\/uploads\\\/2022\\\/11\\\/Crypto-GROUP-web.jpg\",\"datePublished\":\"2022-11-16T17:41:26+00:00\",\"dateModified\":\"2026-01-09T17:03:10+00:00\",\"breadcrumb\":{\"@id\":\"https:\\\/\\\/unstamps.org\\\/es\\\/producto\\\/sellos-cripto-nu-serie-ii\\\/#breadcrumb\"},\"inLanguage\":\"es\",\"potentialAction\":[{\"@type\":\"ReadAction\",\"target\":[\"https:\\\/\\\/unstamps.org\\\/es\\\/producto\\\/sellos-cripto-nu-serie-ii\\\/\"]}]},{\"@type\":\"ImageObject\",\"inLanguage\":\"es\",\"@id\":\"https:\\\/\\\/unstamps.org\\\/es\\\/producto\\\/sellos-cripto-nu-serie-ii\\\/#primaryimage\",\"url\":\"https:\\\/\\\/unstamps.org\\\/wp-content\\\/uploads\\\/2022\\\/11\\\/Crypto-GROUP-web.jpg\",\"contentUrl\":\"https:\\\/\\\/unstamps.org\\\/wp-content\\\/uploads\\\/2022\\\/11\\\/Crypto-GROUP-web.jpg\",\"width\":1024,\"height\":1024},{\"@type\":\"BreadcrumbList\",\"@id\":\"https:\\\/\\\/unstamps.org\\\/es\\\/producto\\\/sellos-cripto-nu-serie-ii\\\/#breadcrumb\",\"itemListElement\":[{\"@type\":\"ListItem\",\"position\":1,\"name\":\"Home\",\"item\":\"https:\\\/\\\/unstamps.org\\\/es\\\/\"},{\"@type\":\"ListItem\",\"position\":2,\"name\":\"Shop\",\"item\":\"https:\\\/\\\/unstamps.org\\\/es\\\/productos\\\/\"},{\"@type\":\"ListItem\",\"position\":3,\"name\":\"SELLOS CRIPTO NU (Serie II)\"}]},{\"@type\":\"WebSite\",\"@id\":\"https:\\\/\\\/unstamps.org\\\/es\\\/#website\",\"url\":\"https:\\\/\\\/unstamps.org\\\/es\\\/\",\"name\":\"UN Stamps\",\"description\":\"United Nations Stamps\",\"publisher\":{\"@id\":\"https:\\\/\\\/unstamps.org\\\/es\\\/#organization\"},\"potentialAction\":[{\"@type\":\"SearchAction\",\"target\":{\"@type\":\"EntryPoint\",\"urlTemplate\":\"https:\\\/\\\/unstamps.org\\\/es\\\/?s={search_term_string}\"},\"query-input\":{\"@type\":\"PropertyValueSpecification\",\"valueRequired\":true,\"valueName\":\"search_term_string\"}}],\"inLanguage\":\"es\"},{\"@type\":\"Organization\",\"@id\":\"https:\\\/\\\/unstamps.org\\\/es\\\/#organization\",\"name\":\"UN Stamps\",\"url\":\"https:\\\/\\\/unstamps.org\\\/es\\\/\",\"logo\":{\"@type\":\"ImageObject\",\"inLanguage\":\"es\",\"@id\":\"https:\\\/\\\/unstamps.org\\\/es\\\/#\\\/schema\\\/logo\\\/image\\\/\",\"url\":\"https:\\\/\\\/unstamps.org\\\/wp-content\\\/uploads\\\/2014\\\/01\\\/logo4web.jpg\",\"contentUrl\":\"https:\\\/\\\/unstamps.org\\\/wp-content\\\/uploads\\\/2014\\\/01\\\/logo4web.jpg\",\"width\":2500,\"height\":250,\"caption\":\"UN Stamps\"},\"image\":{\"@id\":\"https:\\\/\\\/unstamps.org\\\/es\\\/#\\\/schema\\\/logo\\\/image\\\/\"}}]}<\/script>\n<!-- \/ Yoast SEO plugin. -->","yoast_head_json":{"title":"SELLOS CRIPTO NU (Serie II) - UN Stamps","robots":{"index":"index","follow":"follow","max-snippet":"max-snippet:-1","max-image-preview":"max-image-preview:large","max-video-preview":"max-video-preview:-1"},"canonical":"https:\/\/unstamps.org\/es\/producto\/sellos-cripto-nu-serie-ii\/","og_locale":"es_ES","og_type":"article","og_title":"SELLOS CRIPTO NU (Serie II) - UN Stamps","og_description":"Lanzado en 2020, esta es la segunda emisi\u00f3n de una serie de sellos criptogr\u00e1ficos de las Naciones Unidas emitidos por la APNU. Los sellos de esta serie presentan s\u00edmbolos de paz y la palabra \u00abpaz\u00bb en seis idiomas. Los sellos, que se desarrollaron en conjunto con la Oficina de Tecnolog\u00eda de la Informaci\u00f3n y las [&hellip;]","og_url":"https:\/\/unstamps.org\/es\/producto\/sellos-cripto-nu-serie-ii\/","og_site_name":"UN Stamps","article_modified_time":"2026-01-09T17:03:10+00:00","og_image":[{"width":1024,"height":1024,"url":"https:\/\/unstamps.org\/wp-content\/uploads\/2022\/11\/Crypto-GROUP-web.jpg","type":"image\/jpeg"}],"twitter_card":"summary_large_image","twitter_misc":{"Tiempo de lectura":"1 minuto"},"schema":{"@context":"https:\/\/schema.org","@graph":[{"@type":"WebPage","@id":"https:\/\/unstamps.org\/es\/producto\/sellos-cripto-nu-serie-ii\/","url":"https:\/\/unstamps.org\/es\/producto\/sellos-cripto-nu-serie-ii\/","name":"SELLOS CRIPTO NU (Serie II) - UN Stamps","isPartOf":{"@id":"https:\/\/unstamps.org\/es\/#website"},"primaryImageOfPage":{"@id":"https:\/\/unstamps.org\/es\/producto\/sellos-cripto-nu-serie-ii\/#primaryimage"},"image":{"@id":"https:\/\/unstamps.org\/es\/producto\/sellos-cripto-nu-serie-ii\/#primaryimage"},"thumbnailUrl":"https:\/\/unstamps.org\/wp-content\/uploads\/2022\/11\/Crypto-GROUP-web.jpg","datePublished":"2022-11-16T17:41:26+00:00","dateModified":"2026-01-09T17:03:10+00:00","breadcrumb":{"@id":"https:\/\/unstamps.org\/es\/producto\/sellos-cripto-nu-serie-ii\/#breadcrumb"},"inLanguage":"es","potentialAction":[{"@type":"ReadAction","target":["https:\/\/unstamps.org\/es\/producto\/sellos-cripto-nu-serie-ii\/"]}]},{"@type":"ImageObject","inLanguage":"es","@id":"https:\/\/unstamps.org\/es\/producto\/sellos-cripto-nu-serie-ii\/#primaryimage","url":"https:\/\/unstamps.org\/wp-content\/uploads\/2022\/11\/Crypto-GROUP-web.jpg","contentUrl":"https:\/\/unstamps.org\/wp-content\/uploads\/2022\/11\/Crypto-GROUP-web.jpg","width":1024,"height":1024},{"@type":"BreadcrumbList","@id":"https:\/\/unstamps.org\/es\/producto\/sellos-cripto-nu-serie-ii\/#breadcrumb","itemListElement":[{"@type":"ListItem","position":1,"name":"Home","item":"https:\/\/unstamps.org\/es\/"},{"@type":"ListItem","position":2,"name":"Shop","item":"https:\/\/unstamps.org\/es\/productos\/"},{"@type":"ListItem","position":3,"name":"SELLOS CRIPTO NU (Serie II)"}]},{"@type":"WebSite","@id":"https:\/\/unstamps.org\/es\/#website","url":"https:\/\/unstamps.org\/es\/","name":"UN Stamps","description":"United Nations Stamps","publisher":{"@id":"https:\/\/unstamps.org\/es\/#organization"},"potentialAction":[{"@type":"SearchAction","target":{"@type":"EntryPoint","urlTemplate":"https:\/\/unstamps.org\/es\/?s={search_term_string}"},"query-input":{"@type":"PropertyValueSpecification","valueRequired":true,"valueName":"search_term_string"}}],"inLanguage":"es"},{"@type":"Organization","@id":"https:\/\/unstamps.org\/es\/#organization","name":"UN Stamps","url":"https:\/\/unstamps.org\/es\/","logo":{"@type":"ImageObject","inLanguage":"es","@id":"https:\/\/unstamps.org\/es\/#\/schema\/logo\/image\/","url":"https:\/\/unstamps.org\/wp-content\/uploads\/2014\/01\/logo4web.jpg","contentUrl":"https:\/\/unstamps.org\/wp-content\/uploads\/2014\/01\/logo4web.jpg","width":2500,"height":250,"caption":"UN Stamps"},"image":{"@id":"https:\/\/unstamps.org\/es\/#\/schema\/logo\/image\/"}}]}},"jetpack_sharing_enabled":true,"publishpress_future_action":{"enabled":false,"date":"2026-04-12 10:25:38","action":"change-status","newStatus":"private","terms":[],"taxonomy":"product_cat","extraData":[]},"publishpress_future_workflow_manual_trigger":{"enabledWorkflows":[]},"_links":{"self":[{"href":"https:\/\/unstamps.org\/es\/wp-json\/wp\/v2\/product\/169131","targetHints":{"allow":["GET"]}}],"collection":[{"href":"https:\/\/unstamps.org\/es\/wp-json\/wp\/v2\/product"}],"about":[{"href":"https:\/\/unstamps.org\/es\/wp-json\/wp\/v2\/types\/product"}],"replies":[{"embeddable":true,"href":"https:\/\/unstamps.org\/es\/wp-json\/wp\/v2\/comments?post=169131"}],"wp:featuredmedia":[{"embeddable":true,"href":"https:\/\/unstamps.org\/es\/wp-json\/wp\/v2\/media\/169309"}],"wp:attachment":[{"href":"https:\/\/unstamps.org\/es\/wp-json\/wp\/v2\/media?parent=169131"}],"wp:term":[{"taxonomy":"product_brand","embeddable":true,"href":"https:\/\/unstamps.org\/es\/wp-json\/wp\/v2\/product_brand?post=169131"},{"taxonomy":"product_cat","embeddable":true,"href":"https:\/\/unstamps.org\/es\/wp-json\/wp\/v2\/product_cat?post=169131"},{"taxonomy":"product_tag","embeddable":true,"href":"https:\/\/unstamps.org\/es\/wp-json\/wp\/v2\/product_tag?post=169131"}],"curies":[{"name":"wp","href":"https:\/\/api.w.org\/{rel}","templated":true}]}}