{"id":164055,"date":"2022-03-22T03:00:09","date_gmt":"2022-03-22T07:00:09","guid":{"rendered":"https:\/\/unstamps.org\/?post_type=product&#038;p=164055"},"modified":"2026-01-09T12:04:18","modified_gmt":"2026-01-09T17:04:18","slug":"wangari-maathai-sello-ordinario-de-vi-e085","status":"publish","type":"product","link":"https:\/\/unstamps.org\/es\/producto\/wangari-maathai-sello-ordinario-de-vi-e085\/","title":{"rendered":"Wangari Maathai &#8211; Sello Ordinario de VI &#8211; \u20ac0,85"},"content":{"rendered":"<p>El 1 de abril de 2022, la APNU emitir\u00e1 un sello definitivo para conmemorar el aniversario del nacimiento de Wangari Maathai, que naci\u00f3 el 1 de abril de 1940. La cita en el sello, en alem\u00e1n, dice \u00abCuando plantamos \u00e1rboles, plantamos las semillas de la paz y la esperanza\u00bb. El sello de \u20ac 0,85 forma parte de una serie de sellos definitivos ilustrados por Martin M\u00f6rck (Noruega).<\/p>\n<p>Durante muchos decenios, Wangari Maathai contribuy\u00f3 activamente a promover los ideales y objetivos de las Naciones Unidas. La Sra. Maathai, defensora mundialmente reconocida de los derechos humanos y el empoderamiento de la mujer, fue pionera en articular los v\u00ednculos entre los derechos humanos, la pobreza, la protecci\u00f3n del medio ambiente y la seguridad. Fue galardonada con el Premio Nobel de la Paz en 2004.<\/p>\n<p>Nacida en Kenia, hija de agricultores en las tierras altas del Monte Kenia, Maathai fue la primera mujer en \u00c1frica oriental y central en obtener un doctorado. En 1977, fue nombrada Profesora Asociada de Anatom\u00eda Veterinaria en la Universidad de Nairobi y, ese mismo a\u00f1o, fund\u00f3 el Movimiento del Cintur\u00f3n Verde. La organizaci\u00f3n ambiental de base ha ayudado a las mujeres y sus familias a plantar m\u00e1s de 40 millones de \u00e1rboles en Kenia para proteger el medio ambiente y promover medios de vida sostenibles.<\/p>\n<p>En reconocimiento a su profundo compromiso, en diciembre de 2009, el Segretario General la nombr\u00f3 Mensajera de la Paz de las Naciones Unidas, con enfoque en el medio ambiente y el cambio clim\u00e1tico, un papel que desempe\u00f1\u00f3 de manera efectiva y entusiasta hasta su fallecimiento el 25 de septiembre de 2011.<\/p>\n<p>&nbsp;<\/p>\n<p><strong>Fecha de emisi\u00f3n:<\/strong> 1 de abril de 2022<br \/>\n<strong>Artista:<\/strong> Martin M\u00f6rck (Noruega) a partir de una fotograf\u00eda de Ricardo Medina (Puerto Rico)<br \/>\n<strong>Dise\u00f1adora:<\/strong> Rorie Katz (Naciones Unidas)<br \/>\n<strong>Denominacion:\u00a0<\/strong> \u20ac 0,85<br \/>\n<strong>Tama\u00f1o del sello:<\/strong> 50 mm x 35 mm<br \/>\n<strong>Sellos por hoja:<\/strong> 20<br \/>\n<strong>Impresora:<\/strong> Cartor Security Printer (Francia)<br \/>\n<strong>Proceso:<\/strong> Litograf\u00eda offset \u2013 Duotone<br \/>\n<strong>Perforaci\u00f3n:<\/strong> 14 x 14 \u00bc<br \/>\n<strong>Cantidad:<\/strong> 10.000 pliegos (200.000 sellos)<\/p>\n","protected":false},"excerpt":{"rendered":"<p>El 1 de abril de 2022, la APNU emitir\u00e1 un sello definitivo para conmemorar el aniversario del nacimiento de Wangari Maathai, que naci\u00f3 el 1 de abril de 1940. La cita en el sello, en alem\u00e1n, dice \u00abCuando plantamos \u00e1rboles, plantamos las semillas de la paz y la esperanza\u00bb. El sello de \u20ac 0,85 forma [&hellip;]<\/p>\n","protected":false},"featured_media":163991,"comment_status":"closed","ping_status":"closed","template":"","meta":{"ngg_post_thumbnail":0},"product_brand":[],"product_cat":[2894,930,932,927],"product_tag":[],"class_list":{"0":"post-164055","1":"product","2":"type-product","3":"status-publish","4":"has-post-thumbnail","6":"product_cat-2022-es","7":"product_cat-definitivos","8":"product_cat-individuales","9":"product_cat-viena","10":"pa_condition-cancelled-es","11":"pa_condition-mint-es","13":"first","14":"instock","15":"shipping-taxable","16":"purchasable","17":"product-type-variable"},"yoast_head":"<!-- This site is optimized with the Yoast SEO plugin v27.3 - https:\/\/yoast.com\/product\/yoast-seo-wordpress\/ -->\n<title>Wangari Maathai - Sello Ordinario de VI - \u20ac0,85 - UN Stamps<\/title>\n<meta name=\"robots\" content=\"index, follow, max-snippet:-1, max-image-preview:large, max-video-preview:-1\" \/>\n<link rel=\"canonical\" href=\"https:\/\/unstamps.org\/es\/producto\/wangari-maathai-sello-ordinario-de-vi-e085\/\" \/>\n<meta property=\"og:locale\" content=\"es_ES\" \/>\n<meta property=\"og:type\" content=\"article\" \/>\n<meta property=\"og:title\" content=\"Wangari Maathai - Sello Ordinario de VI - \u20ac0,85 - UN Stamps\" \/>\n<meta property=\"og:description\" content=\"El 1 de abril de 2022, la APNU emitir\u00e1 un sello definitivo para conmemorar el aniversario del nacimiento de Wangari Maathai, que naci\u00f3 el 1 de abril de 1940. La cita en el sello, en alem\u00e1n, dice \u00abCuando plantamos \u00e1rboles, plantamos las semillas de la paz y la esperanza\u00bb. El sello de \u20ac 0,85 forma [&hellip;]\" \/>\n<meta property=\"og:url\" content=\"https:\/\/unstamps.org\/es\/producto\/wangari-maathai-sello-ordinario-de-vi-e085\/\" \/>\n<meta property=\"og:site_name\" content=\"UN Stamps\" \/>\n<meta property=\"article:modified_time\" content=\"2026-01-09T17:04:18+00:00\" \/>\n<meta property=\"og:image\" content=\"https:\/\/unstamps.org\/wp-content\/uploads\/2022\/04\/Wangari-Single-Web.jpg\" \/>\n\t<meta property=\"og:image:width\" content=\"1024\" \/>\n\t<meta property=\"og:image:height\" content=\"1024\" \/>\n\t<meta property=\"og:image:type\" content=\"image\/jpeg\" \/>\n<meta name=\"twitter:card\" content=\"summary_large_image\" \/>\n<meta name=\"twitter:label1\" content=\"Tiempo de lectura\" \/>\n\t<meta name=\"twitter:data1\" content=\"2 minutos\" \/>\n<script type=\"application\/ld+json\" class=\"yoast-schema-graph\">{\"@context\":\"https:\\\/\\\/schema.org\",\"@graph\":[{\"@type\":\"WebPage\",\"@id\":\"https:\\\/\\\/unstamps.org\\\/es\\\/producto\\\/wangari-maathai-sello-ordinario-de-vi-e085\\\/\",\"url\":\"https:\\\/\\\/unstamps.org\\\/es\\\/producto\\\/wangari-maathai-sello-ordinario-de-vi-e085\\\/\",\"name\":\"Wangari Maathai - Sello Ordinario de VI - \u20ac0,85 - UN Stamps\",\"isPartOf\":{\"@id\":\"https:\\\/\\\/unstamps.org\\\/es\\\/#website\"},\"primaryImageOfPage\":{\"@id\":\"https:\\\/\\\/unstamps.org\\\/es\\\/producto\\\/wangari-maathai-sello-ordinario-de-vi-e085\\\/#primaryimage\"},\"image\":{\"@id\":\"https:\\\/\\\/unstamps.org\\\/es\\\/producto\\\/wangari-maathai-sello-ordinario-de-vi-e085\\\/#primaryimage\"},\"thumbnailUrl\":\"https:\\\/\\\/unstamps.org\\\/wp-content\\\/uploads\\\/2022\\\/04\\\/Wangari-Single-Web.jpg\",\"datePublished\":\"2022-03-22T07:00:09+00:00\",\"dateModified\":\"2026-01-09T17:04:18+00:00\",\"breadcrumb\":{\"@id\":\"https:\\\/\\\/unstamps.org\\\/es\\\/producto\\\/wangari-maathai-sello-ordinario-de-vi-e085\\\/#breadcrumb\"},\"inLanguage\":\"es\",\"potentialAction\":[{\"@type\":\"ReadAction\",\"target\":[\"https:\\\/\\\/unstamps.org\\\/es\\\/producto\\\/wangari-maathai-sello-ordinario-de-vi-e085\\\/\"]}]},{\"@type\":\"ImageObject\",\"inLanguage\":\"es\",\"@id\":\"https:\\\/\\\/unstamps.org\\\/es\\\/producto\\\/wangari-maathai-sello-ordinario-de-vi-e085\\\/#primaryimage\",\"url\":\"https:\\\/\\\/unstamps.org\\\/wp-content\\\/uploads\\\/2022\\\/04\\\/Wangari-Single-Web.jpg\",\"contentUrl\":\"https:\\\/\\\/unstamps.org\\\/wp-content\\\/uploads\\\/2022\\\/04\\\/Wangari-Single-Web.jpg\",\"width\":1024,\"height\":1024},{\"@type\":\"BreadcrumbList\",\"@id\":\"https:\\\/\\\/unstamps.org\\\/es\\\/producto\\\/wangari-maathai-sello-ordinario-de-vi-e085\\\/#breadcrumb\",\"itemListElement\":[{\"@type\":\"ListItem\",\"position\":1,\"name\":\"Home\",\"item\":\"https:\\\/\\\/unstamps.org\\\/es\\\/\"},{\"@type\":\"ListItem\",\"position\":2,\"name\":\"Shop\",\"item\":\"https:\\\/\\\/unstamps.org\\\/es\\\/productos\\\/\"},{\"@type\":\"ListItem\",\"position\":3,\"name\":\"Wangari Maathai &#8211; Sello Ordinario de VI &#8211; \u20ac0,85\"}]},{\"@type\":\"WebSite\",\"@id\":\"https:\\\/\\\/unstamps.org\\\/es\\\/#website\",\"url\":\"https:\\\/\\\/unstamps.org\\\/es\\\/\",\"name\":\"UN Stamps\",\"description\":\"United Nations Stamps\",\"publisher\":{\"@id\":\"https:\\\/\\\/unstamps.org\\\/es\\\/#organization\"},\"potentialAction\":[{\"@type\":\"SearchAction\",\"target\":{\"@type\":\"EntryPoint\",\"urlTemplate\":\"https:\\\/\\\/unstamps.org\\\/es\\\/?s={search_term_string}\"},\"query-input\":{\"@type\":\"PropertyValueSpecification\",\"valueRequired\":true,\"valueName\":\"search_term_string\"}}],\"inLanguage\":\"es\"},{\"@type\":\"Organization\",\"@id\":\"https:\\\/\\\/unstamps.org\\\/es\\\/#organization\",\"name\":\"UN Stamps\",\"url\":\"https:\\\/\\\/unstamps.org\\\/es\\\/\",\"logo\":{\"@type\":\"ImageObject\",\"inLanguage\":\"es\",\"@id\":\"https:\\\/\\\/unstamps.org\\\/es\\\/#\\\/schema\\\/logo\\\/image\\\/\",\"url\":\"https:\\\/\\\/unstamps.org\\\/wp-content\\\/uploads\\\/2014\\\/01\\\/logo4web.jpg\",\"contentUrl\":\"https:\\\/\\\/unstamps.org\\\/wp-content\\\/uploads\\\/2014\\\/01\\\/logo4web.jpg\",\"width\":2500,\"height\":250,\"caption\":\"UN Stamps\"},\"image\":{\"@id\":\"https:\\\/\\\/unstamps.org\\\/es\\\/#\\\/schema\\\/logo\\\/image\\\/\"}}]}<\/script>\n<!-- \/ Yoast SEO plugin. -->","yoast_head_json":{"title":"Wangari Maathai - Sello Ordinario de VI - \u20ac0,85 - UN Stamps","robots":{"index":"index","follow":"follow","max-snippet":"max-snippet:-1","max-image-preview":"max-image-preview:large","max-video-preview":"max-video-preview:-1"},"canonical":"https:\/\/unstamps.org\/es\/producto\/wangari-maathai-sello-ordinario-de-vi-e085\/","og_locale":"es_ES","og_type":"article","og_title":"Wangari Maathai - Sello Ordinario de VI - \u20ac0,85 - UN Stamps","og_description":"El 1 de abril de 2022, la APNU emitir\u00e1 un sello definitivo para conmemorar el aniversario del nacimiento de Wangari Maathai, que naci\u00f3 el 1 de abril de 1940. La cita en el sello, en alem\u00e1n, dice \u00abCuando plantamos \u00e1rboles, plantamos las semillas de la paz y la esperanza\u00bb. El sello de \u20ac 0,85 forma [&hellip;]","og_url":"https:\/\/unstamps.org\/es\/producto\/wangari-maathai-sello-ordinario-de-vi-e085\/","og_site_name":"UN Stamps","article_modified_time":"2026-01-09T17:04:18+00:00","og_image":[{"width":1024,"height":1024,"url":"https:\/\/unstamps.org\/wp-content\/uploads\/2022\/04\/Wangari-Single-Web.jpg","type":"image\/jpeg"}],"twitter_card":"summary_large_image","twitter_misc":{"Tiempo de lectura":"2 minutos"},"schema":{"@context":"https:\/\/schema.org","@graph":[{"@type":"WebPage","@id":"https:\/\/unstamps.org\/es\/producto\/wangari-maathai-sello-ordinario-de-vi-e085\/","url":"https:\/\/unstamps.org\/es\/producto\/wangari-maathai-sello-ordinario-de-vi-e085\/","name":"Wangari Maathai - Sello Ordinario de VI - \u20ac0,85 - UN Stamps","isPartOf":{"@id":"https:\/\/unstamps.org\/es\/#website"},"primaryImageOfPage":{"@id":"https:\/\/unstamps.org\/es\/producto\/wangari-maathai-sello-ordinario-de-vi-e085\/#primaryimage"},"image":{"@id":"https:\/\/unstamps.org\/es\/producto\/wangari-maathai-sello-ordinario-de-vi-e085\/#primaryimage"},"thumbnailUrl":"https:\/\/unstamps.org\/wp-content\/uploads\/2022\/04\/Wangari-Single-Web.jpg","datePublished":"2022-03-22T07:00:09+00:00","dateModified":"2026-01-09T17:04:18+00:00","breadcrumb":{"@id":"https:\/\/unstamps.org\/es\/producto\/wangari-maathai-sello-ordinario-de-vi-e085\/#breadcrumb"},"inLanguage":"es","potentialAction":[{"@type":"ReadAction","target":["https:\/\/unstamps.org\/es\/producto\/wangari-maathai-sello-ordinario-de-vi-e085\/"]}]},{"@type":"ImageObject","inLanguage":"es","@id":"https:\/\/unstamps.org\/es\/producto\/wangari-maathai-sello-ordinario-de-vi-e085\/#primaryimage","url":"https:\/\/unstamps.org\/wp-content\/uploads\/2022\/04\/Wangari-Single-Web.jpg","contentUrl":"https:\/\/unstamps.org\/wp-content\/uploads\/2022\/04\/Wangari-Single-Web.jpg","width":1024,"height":1024},{"@type":"BreadcrumbList","@id":"https:\/\/unstamps.org\/es\/producto\/wangari-maathai-sello-ordinario-de-vi-e085\/#breadcrumb","itemListElement":[{"@type":"ListItem","position":1,"name":"Home","item":"https:\/\/unstamps.org\/es\/"},{"@type":"ListItem","position":2,"name":"Shop","item":"https:\/\/unstamps.org\/es\/productos\/"},{"@type":"ListItem","position":3,"name":"Wangari Maathai &#8211; Sello Ordinario de VI &#8211; \u20ac0,85"}]},{"@type":"WebSite","@id":"https:\/\/unstamps.org\/es\/#website","url":"https:\/\/unstamps.org\/es\/","name":"UN Stamps","description":"United Nations Stamps","publisher":{"@id":"https:\/\/unstamps.org\/es\/#organization"},"potentialAction":[{"@type":"SearchAction","target":{"@type":"EntryPoint","urlTemplate":"https:\/\/unstamps.org\/es\/?s={search_term_string}"},"query-input":{"@type":"PropertyValueSpecification","valueRequired":true,"valueName":"search_term_string"}}],"inLanguage":"es"},{"@type":"Organization","@id":"https:\/\/unstamps.org\/es\/#organization","name":"UN Stamps","url":"https:\/\/unstamps.org\/es\/","logo":{"@type":"ImageObject","inLanguage":"es","@id":"https:\/\/unstamps.org\/es\/#\/schema\/logo\/image\/","url":"https:\/\/unstamps.org\/wp-content\/uploads\/2014\/01\/logo4web.jpg","contentUrl":"https:\/\/unstamps.org\/wp-content\/uploads\/2014\/01\/logo4web.jpg","width":2500,"height":250,"caption":"UN Stamps"},"image":{"@id":"https:\/\/unstamps.org\/es\/#\/schema\/logo\/image\/"}}]}},"jetpack_sharing_enabled":true,"publishpress_future_action":{"enabled":false,"date":"2026-04-16 21:15:58","action":"change-status","newStatus":"private","terms":[],"taxonomy":"product_cat","extraData":[]},"publishpress_future_workflow_manual_trigger":{"enabledWorkflows":[]},"_links":{"self":[{"href":"https:\/\/unstamps.org\/es\/wp-json\/wp\/v2\/product\/164055","targetHints":{"allow":["GET"]}}],"collection":[{"href":"https:\/\/unstamps.org\/es\/wp-json\/wp\/v2\/product"}],"about":[{"href":"https:\/\/unstamps.org\/es\/wp-json\/wp\/v2\/types\/product"}],"replies":[{"embeddable":true,"href":"https:\/\/unstamps.org\/es\/wp-json\/wp\/v2\/comments?post=164055"}],"wp:featuredmedia":[{"embeddable":true,"href":"https:\/\/unstamps.org\/es\/wp-json\/wp\/v2\/media\/163991"}],"wp:attachment":[{"href":"https:\/\/unstamps.org\/es\/wp-json\/wp\/v2\/media?parent=164055"}],"wp:term":[{"taxonomy":"product_brand","embeddable":true,"href":"https:\/\/unstamps.org\/es\/wp-json\/wp\/v2\/product_brand?post=164055"},{"taxonomy":"product_cat","embeddable":true,"href":"https:\/\/unstamps.org\/es\/wp-json\/wp\/v2\/product_cat?post=164055"},{"taxonomy":"product_tag","embeddable":true,"href":"https:\/\/unstamps.org\/es\/wp-json\/wp\/v2\/product_tag?post=164055"}],"curies":[{"name":"wp","href":"https:\/\/api.w.org\/{rel}","templated":true}]}}