{"id":155693,"date":"2021-08-11T11:32:27","date_gmt":"2021-08-11T15:35:16","guid":{"rendered":"https:\/\/unstamps.org\/?post_type=product&#038;p=155693"},"modified":"2026-01-09T10:38:47","modified_gmt":"2026-01-09T15:38:47","slug":"madre-teresa-sello-ordinario-de-ny-us-180","status":"publish","type":"product","link":"https:\/\/unstamps.org\/es\/producto\/madre-teresa-sello-ordinario-de-ny-us-180\/","title":{"rendered":"Madre Teresa &#8211; Sello Ordinario de NY &#8211; US$ 1,80"},"content":{"rendered":"<p>El 12 de agosto de 2021, la APNU emite un sello definitivo en honor a la Madre Teresa. La cita en el sello que est\u00e1 en ingl\u00e9s dice: \u00abNo todos nosotros podemos hacer grandes cosas. Pero podemos hacer peque\u00f1as cosas con gran amor\u00bb.<\/p>\n<p>La Madre Teresa, la renombrada monja y misionera, naci\u00f3 como Agnes Gonxha Bojaxhiu en Macedonia en 1910. Su familia era de ascendencia albanesa. A los doce a\u00f1os, sinti\u00f3 fuertemente el llamado de Dios y supo que quer\u00eda ser misionera. A la edad de dieciocho a\u00f1os, se fue a la India, donde se dedic\u00f3 a ayudar a los indigentes. En 1948 se convirti\u00f3 en ciudadana india y en 1950 fund\u00f3 la orden de las Misioneras de la Caridad en Kolkota (Calcuta), que se destac\u00f3 por su trabajo entre los pobres y los moribundos en esa ciudad.<\/p>\n<p>Durante m\u00e1s de 45 a\u00f1os ministr\u00f3 a los pobres, enfermos, hu\u00e9rfanos y moribundos, mientras guiaba la expansi\u00f3n de las Misioneras de la Caridad, primero en la India y luego en otros pa\u00edses, incluidos los hospicios y los hogares para los m\u00e1s pobres y sin hogar. <\/p>\n<p>El trabajo de la Madre Teresa ha sido reconocido y aclamado en todo el mundo. Recibi\u00f3 numerosos premios y distinciones, incluido el Premio Nobel de la Paz en 1979 \u00abpor el trabajo realizado en la lucha para superar la pobreza y la afflici\u00f3n, que tambi\u00e9n constituyen una amenaza para la paz\u00bb. <\/p>\n<p>La Madre Teresa muri\u00f3 el 5 de septiembre de 1997, a la edad de 87 a\u00f1os. Las Naciones Unidas designan anualmente el 5 de septiembre, el aniversario de la muerte de la Madre Teresa, como el D\u00eda Internacional de la Caridad.<\/p>\n<p><strong>Fecha de emisi\u00f3n:<\/strong> 12 de agosto 2021<br \/>\n<strong>Artista: <\/strong>Martin M\u00f6rck (Noruega)<br \/>\n<strong>Dise\u00f1ador: <\/strong>Rorie Katz (Naciones Unidas)<br \/>\n<strong>Valor postal: <\/strong>US$ 1,80<br \/>\n<strong>Tama\u00f1o del sello: <\/strong>50 mm x 35 mm<br \/>\n<strong>N\u00famero de sellos por pliego: <\/strong>20<br \/>\n<strong>Impresor: <\/strong>Joh. Ensched\u00e9 Stamps BV (Pa\u00edses Bajos)<br \/>\n<strong>Proceso: <\/strong>Litograf\u00eda offset, Duotone<br \/>\n<strong>Perforaci\u00f3n: <\/strong>14 x 14 \u00bc<br \/>\n<strong>Cantidad: <\/strong>8.000 hojas (160.000 sellos)<\/p>\n","protected":false},"excerpt":{"rendered":"<p>El 12 de agosto de 2021, la APNU emite un sello definitivo en honor a la Madre Teresa. La cita en el sello que est\u00e1 en ingl\u00e9s dice: \u00abNo todos nosotros podemos hacer grandes cosas. Pero podemos hacer peque\u00f1as cosas con gran amor\u00bb. La Madre Teresa, la renombrada monja y misionera, naci\u00f3 como Agnes Gonxha [&hellip;]<\/p>\n","protected":false},"featured_media":155786,"comment_status":"closed","ping_status":"closed","template":"","meta":{"ngg_post_thumbnail":0},"product_brand":[],"product_cat":[1086,930,932,924],"product_tag":[],"class_list":{"0":"post-155693","1":"product","2":"type-product","3":"status-publish","4":"has-post-thumbnail","6":"product_cat-2021-es","7":"product_cat-definitivos","8":"product_cat-individuales","9":"product_cat-nueva-york","10":"pa_condition-cancelled-es","11":"pa_condition-mint-es","13":"first","14":"instock","15":"shipping-taxable","16":"purchasable","17":"product-type-variable"},"yoast_head":"<!-- This site is optimized with the Yoast SEO plugin v27.3 - https:\/\/yoast.com\/product\/yoast-seo-wordpress\/ -->\n<title>Madre Teresa &#8211; Sello Ordinario de NY &#8211; US$ 1,80 - UN Stamps<\/title>\n<meta name=\"robots\" content=\"index, follow, max-snippet:-1, max-image-preview:large, max-video-preview:-1\" \/>\n<link rel=\"canonical\" href=\"https:\/\/unstamps.org\/es\/producto\/madre-teresa-sello-ordinario-de-ny-us-180\/\" \/>\n<meta property=\"og:locale\" content=\"es_ES\" \/>\n<meta property=\"og:type\" content=\"article\" \/>\n<meta property=\"og:title\" content=\"Madre Teresa &#8211; Sello Ordinario de NY &#8211; US$ 1,80 - UN Stamps\" \/>\n<meta property=\"og:description\" content=\"El 12 de agosto de 2021, la APNU emite un sello definitivo en honor a la Madre Teresa. La cita en el sello que est\u00e1 en ingl\u00e9s dice: \u00abNo todos nosotros podemos hacer grandes cosas. Pero podemos hacer peque\u00f1as cosas con gran amor\u00bb. La Madre Teresa, la renombrada monja y misionera, naci\u00f3 como Agnes Gonxha [&hellip;]\" \/>\n<meta property=\"og:url\" content=\"https:\/\/unstamps.org\/es\/producto\/madre-teresa-sello-ordinario-de-ny-us-180\/\" \/>\n<meta property=\"og:site_name\" content=\"UN Stamps\" \/>\n<meta property=\"article:modified_time\" content=\"2026-01-09T15:38:47+00:00\" \/>\n<meta property=\"og:image\" content=\"https:\/\/unstamps.org\/wp-content\/uploads\/2021\/08\/Mother-Teresa-Single-Web.jpg\" \/>\n\t<meta property=\"og:image:width\" content=\"1024\" \/>\n\t<meta property=\"og:image:height\" content=\"1024\" \/>\n\t<meta property=\"og:image:type\" content=\"image\/jpeg\" \/>\n<meta name=\"twitter:card\" content=\"summary_large_image\" \/>\n<meta name=\"twitter:label1\" content=\"Tiempo de lectura\" \/>\n\t<meta name=\"twitter:data1\" content=\"2 minutos\" \/>\n<script type=\"application\/ld+json\" class=\"yoast-schema-graph\">{\"@context\":\"https:\\\/\\\/schema.org\",\"@graph\":[{\"@type\":\"WebPage\",\"@id\":\"https:\\\/\\\/unstamps.org\\\/es\\\/producto\\\/madre-teresa-sello-ordinario-de-ny-us-180\\\/\",\"url\":\"https:\\\/\\\/unstamps.org\\\/es\\\/producto\\\/madre-teresa-sello-ordinario-de-ny-us-180\\\/\",\"name\":\"Madre Teresa &#8211; Sello Ordinario de NY &#8211; US$ 1,80 - UN Stamps\",\"isPartOf\":{\"@id\":\"https:\\\/\\\/unstamps.org\\\/es\\\/#website\"},\"primaryImageOfPage\":{\"@id\":\"https:\\\/\\\/unstamps.org\\\/es\\\/producto\\\/madre-teresa-sello-ordinario-de-ny-us-180\\\/#primaryimage\"},\"image\":{\"@id\":\"https:\\\/\\\/unstamps.org\\\/es\\\/producto\\\/madre-teresa-sello-ordinario-de-ny-us-180\\\/#primaryimage\"},\"thumbnailUrl\":\"https:\\\/\\\/unstamps.org\\\/wp-content\\\/uploads\\\/2021\\\/08\\\/Mother-Teresa-Single-Web.jpg\",\"datePublished\":\"2021-08-11T15:35:16+00:00\",\"dateModified\":\"2026-01-09T15:38:47+00:00\",\"breadcrumb\":{\"@id\":\"https:\\\/\\\/unstamps.org\\\/es\\\/producto\\\/madre-teresa-sello-ordinario-de-ny-us-180\\\/#breadcrumb\"},\"inLanguage\":\"es\",\"potentialAction\":[{\"@type\":\"ReadAction\",\"target\":[\"https:\\\/\\\/unstamps.org\\\/es\\\/producto\\\/madre-teresa-sello-ordinario-de-ny-us-180\\\/\"]}]},{\"@type\":\"ImageObject\",\"inLanguage\":\"es\",\"@id\":\"https:\\\/\\\/unstamps.org\\\/es\\\/producto\\\/madre-teresa-sello-ordinario-de-ny-us-180\\\/#primaryimage\",\"url\":\"https:\\\/\\\/unstamps.org\\\/wp-content\\\/uploads\\\/2021\\\/08\\\/Mother-Teresa-Single-Web.jpg\",\"contentUrl\":\"https:\\\/\\\/unstamps.org\\\/wp-content\\\/uploads\\\/2021\\\/08\\\/Mother-Teresa-Single-Web.jpg\",\"width\":1024,\"height\":1024},{\"@type\":\"BreadcrumbList\",\"@id\":\"https:\\\/\\\/unstamps.org\\\/es\\\/producto\\\/madre-teresa-sello-ordinario-de-ny-us-180\\\/#breadcrumb\",\"itemListElement\":[{\"@type\":\"ListItem\",\"position\":1,\"name\":\"Home\",\"item\":\"https:\\\/\\\/unstamps.org\\\/es\\\/\"},{\"@type\":\"ListItem\",\"position\":2,\"name\":\"Shop\",\"item\":\"https:\\\/\\\/unstamps.org\\\/es\\\/productos\\\/\"},{\"@type\":\"ListItem\",\"position\":3,\"name\":\"Madre Teresa &#8211; Sello Ordinario de NY &#8211; US$ 1,80\"}]},{\"@type\":\"WebSite\",\"@id\":\"https:\\\/\\\/unstamps.org\\\/es\\\/#website\",\"url\":\"https:\\\/\\\/unstamps.org\\\/es\\\/\",\"name\":\"UN Stamps\",\"description\":\"United Nations Stamps\",\"publisher\":{\"@id\":\"https:\\\/\\\/unstamps.org\\\/es\\\/#organization\"},\"potentialAction\":[{\"@type\":\"SearchAction\",\"target\":{\"@type\":\"EntryPoint\",\"urlTemplate\":\"https:\\\/\\\/unstamps.org\\\/es\\\/?s={search_term_string}\"},\"query-input\":{\"@type\":\"PropertyValueSpecification\",\"valueRequired\":true,\"valueName\":\"search_term_string\"}}],\"inLanguage\":\"es\"},{\"@type\":\"Organization\",\"@id\":\"https:\\\/\\\/unstamps.org\\\/es\\\/#organization\",\"name\":\"UN Stamps\",\"url\":\"https:\\\/\\\/unstamps.org\\\/es\\\/\",\"logo\":{\"@type\":\"ImageObject\",\"inLanguage\":\"es\",\"@id\":\"https:\\\/\\\/unstamps.org\\\/es\\\/#\\\/schema\\\/logo\\\/image\\\/\",\"url\":\"https:\\\/\\\/unstamps.org\\\/wp-content\\\/uploads\\\/2014\\\/01\\\/logo4web.jpg\",\"contentUrl\":\"https:\\\/\\\/unstamps.org\\\/wp-content\\\/uploads\\\/2014\\\/01\\\/logo4web.jpg\",\"width\":2500,\"height\":250,\"caption\":\"UN Stamps\"},\"image\":{\"@id\":\"https:\\\/\\\/unstamps.org\\\/es\\\/#\\\/schema\\\/logo\\\/image\\\/\"}}]}<\/script>\n<!-- \/ Yoast SEO plugin. -->","yoast_head_json":{"title":"Madre Teresa &#8211; Sello Ordinario de NY &#8211; US$ 1,80 - UN Stamps","robots":{"index":"index","follow":"follow","max-snippet":"max-snippet:-1","max-image-preview":"max-image-preview:large","max-video-preview":"max-video-preview:-1"},"canonical":"https:\/\/unstamps.org\/es\/producto\/madre-teresa-sello-ordinario-de-ny-us-180\/","og_locale":"es_ES","og_type":"article","og_title":"Madre Teresa &#8211; Sello Ordinario de NY &#8211; US$ 1,80 - UN Stamps","og_description":"El 12 de agosto de 2021, la APNU emite un sello definitivo en honor a la Madre Teresa. La cita en el sello que est\u00e1 en ingl\u00e9s dice: \u00abNo todos nosotros podemos hacer grandes cosas. Pero podemos hacer peque\u00f1as cosas con gran amor\u00bb. La Madre Teresa, la renombrada monja y misionera, naci\u00f3 como Agnes Gonxha [&hellip;]","og_url":"https:\/\/unstamps.org\/es\/producto\/madre-teresa-sello-ordinario-de-ny-us-180\/","og_site_name":"UN Stamps","article_modified_time":"2026-01-09T15:38:47+00:00","og_image":[{"width":1024,"height":1024,"url":"https:\/\/unstamps.org\/wp-content\/uploads\/2021\/08\/Mother-Teresa-Single-Web.jpg","type":"image\/jpeg"}],"twitter_card":"summary_large_image","twitter_misc":{"Tiempo de lectura":"2 minutos"},"schema":{"@context":"https:\/\/schema.org","@graph":[{"@type":"WebPage","@id":"https:\/\/unstamps.org\/es\/producto\/madre-teresa-sello-ordinario-de-ny-us-180\/","url":"https:\/\/unstamps.org\/es\/producto\/madre-teresa-sello-ordinario-de-ny-us-180\/","name":"Madre Teresa &#8211; Sello Ordinario de NY &#8211; US$ 1,80 - UN Stamps","isPartOf":{"@id":"https:\/\/unstamps.org\/es\/#website"},"primaryImageOfPage":{"@id":"https:\/\/unstamps.org\/es\/producto\/madre-teresa-sello-ordinario-de-ny-us-180\/#primaryimage"},"image":{"@id":"https:\/\/unstamps.org\/es\/producto\/madre-teresa-sello-ordinario-de-ny-us-180\/#primaryimage"},"thumbnailUrl":"https:\/\/unstamps.org\/wp-content\/uploads\/2021\/08\/Mother-Teresa-Single-Web.jpg","datePublished":"2021-08-11T15:35:16+00:00","dateModified":"2026-01-09T15:38:47+00:00","breadcrumb":{"@id":"https:\/\/unstamps.org\/es\/producto\/madre-teresa-sello-ordinario-de-ny-us-180\/#breadcrumb"},"inLanguage":"es","potentialAction":[{"@type":"ReadAction","target":["https:\/\/unstamps.org\/es\/producto\/madre-teresa-sello-ordinario-de-ny-us-180\/"]}]},{"@type":"ImageObject","inLanguage":"es","@id":"https:\/\/unstamps.org\/es\/producto\/madre-teresa-sello-ordinario-de-ny-us-180\/#primaryimage","url":"https:\/\/unstamps.org\/wp-content\/uploads\/2021\/08\/Mother-Teresa-Single-Web.jpg","contentUrl":"https:\/\/unstamps.org\/wp-content\/uploads\/2021\/08\/Mother-Teresa-Single-Web.jpg","width":1024,"height":1024},{"@type":"BreadcrumbList","@id":"https:\/\/unstamps.org\/es\/producto\/madre-teresa-sello-ordinario-de-ny-us-180\/#breadcrumb","itemListElement":[{"@type":"ListItem","position":1,"name":"Home","item":"https:\/\/unstamps.org\/es\/"},{"@type":"ListItem","position":2,"name":"Shop","item":"https:\/\/unstamps.org\/es\/productos\/"},{"@type":"ListItem","position":3,"name":"Madre Teresa &#8211; Sello Ordinario de NY &#8211; US$ 1,80"}]},{"@type":"WebSite","@id":"https:\/\/unstamps.org\/es\/#website","url":"https:\/\/unstamps.org\/es\/","name":"UN Stamps","description":"United Nations Stamps","publisher":{"@id":"https:\/\/unstamps.org\/es\/#organization"},"potentialAction":[{"@type":"SearchAction","target":{"@type":"EntryPoint","urlTemplate":"https:\/\/unstamps.org\/es\/?s={search_term_string}"},"query-input":{"@type":"PropertyValueSpecification","valueRequired":true,"valueName":"search_term_string"}}],"inLanguage":"es"},{"@type":"Organization","@id":"https:\/\/unstamps.org\/es\/#organization","name":"UN Stamps","url":"https:\/\/unstamps.org\/es\/","logo":{"@type":"ImageObject","inLanguage":"es","@id":"https:\/\/unstamps.org\/es\/#\/schema\/logo\/image\/","url":"https:\/\/unstamps.org\/wp-content\/uploads\/2014\/01\/logo4web.jpg","contentUrl":"https:\/\/unstamps.org\/wp-content\/uploads\/2014\/01\/logo4web.jpg","width":2500,"height":250,"caption":"UN Stamps"},"image":{"@id":"https:\/\/unstamps.org\/es\/#\/schema\/logo\/image\/"}}]}},"jetpack_sharing_enabled":true,"publishpress_future_action":{"enabled":false,"date":"2026-04-14 10:52:03","action":"change-status","newStatus":"private","terms":[],"taxonomy":"product_cat","extraData":[]},"publishpress_future_workflow_manual_trigger":{"enabledWorkflows":[]},"_links":{"self":[{"href":"https:\/\/unstamps.org\/es\/wp-json\/wp\/v2\/product\/155693","targetHints":{"allow":["GET"]}}],"collection":[{"href":"https:\/\/unstamps.org\/es\/wp-json\/wp\/v2\/product"}],"about":[{"href":"https:\/\/unstamps.org\/es\/wp-json\/wp\/v2\/types\/product"}],"replies":[{"embeddable":true,"href":"https:\/\/unstamps.org\/es\/wp-json\/wp\/v2\/comments?post=155693"}],"wp:featuredmedia":[{"embeddable":true,"href":"https:\/\/unstamps.org\/es\/wp-json\/wp\/v2\/media\/155786"}],"wp:attachment":[{"href":"https:\/\/unstamps.org\/es\/wp-json\/wp\/v2\/media?parent=155693"}],"wp:term":[{"taxonomy":"product_brand","embeddable":true,"href":"https:\/\/unstamps.org\/es\/wp-json\/wp\/v2\/product_brand?post=155693"},{"taxonomy":"product_cat","embeddable":true,"href":"https:\/\/unstamps.org\/es\/wp-json\/wp\/v2\/product_cat?post=155693"},{"taxonomy":"product_tag","embeddable":true,"href":"https:\/\/unstamps.org\/es\/wp-json\/wp\/v2\/product_tag?post=155693"}],"curies":[{"name":"wp","href":"https:\/\/api.w.org\/{rel}","templated":true}]}}