{"id":121904,"date":"2020-11-23T11:40:53","date_gmt":"2020-11-23T16:47:56","guid":{"rendered":"https:\/\/unstamps.org\/?post_type=product&#038;p=121904"},"modified":"2025-01-09T12:22:11","modified_gmt":"2025-01-09T17:22:11","slug":"sellos-cripto-nu","status":"publish","type":"product","link":"https:\/\/unstamps.org\/es\/producto\/sellos-cripto-nu\/","title":{"rendered":"SELLOS CRIPTO NU"},"content":{"rendered":"<p>En diciembre de 2018, el Secretario General de las Naciones Unidas, Ant\u00f3nio Guterres, lanz\u00f3 la primera estrategia de las Naciones Unidas en materia de nuevas tecnolog\u00edas. El objetivo de esta iniciativa es definir la forma en que el sistema de las Naciones Unidas apoyar\u00e1 el uso de nuevas tecnolog\u00edas como la inteligencia artificial, la biotecnolog\u00eda, las cadenas de bloques y la rob\u00f3tica para impulsar el cumplimiento de la Agenda 2030 para el Desarrollo Sostenible y facilitar su armonizaci\u00f3n con los valores consagrados en la Carta de las Naciones Unidas, la Declaraci\u00f3n Universal de Derechos Humanos y las normas y est\u00e1ndares del derecho internacional.<\/p>\n<p>El Secretario General defini\u00f3 cinco principios rectores para apoyar esta estrategia:<\/p>\n<p><strong>La protecci\u00f3n y promoci\u00f3n de valores globales. <\/strong><\/p>\n<p><strong>El fomento de la inclusi\u00f3n y la transparencia. <\/strong><\/p>\n<p><strong>El trabajo en colaboraci\u00f3n. <\/strong><\/p>\n<p><strong>El aprovechamiento de las capacidades y los mandatos existentes.<\/strong><\/p>\n<p><strong>La humildad y el aprendizaje permanente. <\/strong><\/p>\n<p>En consonancia con esta nueva estrategia, la Administraci\u00f3n Postal de las<br \/>\nNaciones Unidas se complace en anunciar el lanzamiento de su primera serie de sellos cripto de las Naciones Unidas. Los sellos se elaboraron en colaboraci\u00f3n<br \/>\ncon la Oficina de Tecnolog\u00eda de la Informaci\u00f3n y las Comunicaciones de las Naciones Unidas y funcionan con la tecnolog\u00eda de cadenas de bloques de Ethereum. El 24 de noviembre de 2020 se emitir\u00e1n tres mini-pliegos de un sello cada uno con valores de US$ 7.75, CHF 8,00, \u20ac 7,00.<\/p>\n<p>Encontrar\u00e1 m\u00e1s informaci\u00f3n sobre los sellos cripto de las Naciones Unidas y c\u00f3mo obtenerlos en la siguiente direcci\u00f3n: <a href=\"https:\/\/crypto.unstamps.org\/\" target=\"_blank\" rel=\"noopener noreferrer\">https:\/\/crypto.unstamps.org\/<\/a><\/p>\n<p>\u201cPor favor note que los productos de sellos cripto no pueden ser devueltos o cambiados si la zona de raspar est\u00e1 da\u00f1ada y\/o el codigo es visible\u00bb<\/p>\n<p><strong>Fecha de emisi\u00f3n:<\/strong> 24 noviembre 2020<br \/>\n<strong>Dise\u00f1ador:<\/strong> Sergio Baradat (Naciones Unidas)<br \/>\n<strong>Valores:<\/strong> US$ 7.75, CHF 8,00, \u20ac 7,00<br \/>\n<strong>Tama\u00f1o del sello:<\/strong> 25 mm x 35 mm<br \/>\n<strong>Tama\u00f1o del pliego:<\/strong> 84 mm x 55 mm<br \/>\n<strong>Tama\u00f1o de la emisi\u00f3n:<\/strong> Mini-pliego de un sello<br \/>\n<strong>Impresor:<\/strong> Royal Joh Ensched\u00e9 (Pa\u00efses Bajos)<br \/>\n<strong>Proceso:<\/strong> Hexachrome, l\u00e1mina<br \/>\n<strong>Tirada:<\/strong><br \/>\n&#8211; US$ 7.75 30,000 mini-pliegos<br \/>\n&#8211; CHF 2,00 30,000 mini-pliegos<br \/>\n&#8211; \u20ac 7,00 3o,000 mini-pliegos<\/p>\n<p><img loading=\"lazy\" decoding=\"async\" class=\"aligncenter size-full wp-image-122827\" src=\"https:\/\/unstamps.org\/wp-content\/uploads\/2020\/11\/Crypto-Cancel.jpg\" alt=\"\" width=\"1278\" height=\"438\" srcset=\"https:\/\/unstamps.org\/wp-content\/uploads\/2020\/11\/Crypto-Cancel.jpg 1278w, https:\/\/unstamps.org\/wp-content\/uploads\/2020\/11\/Crypto-Cancel-860x295.jpg 860w, https:\/\/unstamps.org\/wp-content\/uploads\/2020\/11\/Crypto-Cancel-768x263.jpg 768w, https:\/\/unstamps.org\/wp-content\/uploads\/2020\/11\/Crypto-Cancel-1170x401.jpg 1170w, https:\/\/unstamps.org\/wp-content\/uploads\/2020\/11\/Crypto-Cancel-600x206.jpg 600w\" sizes=\"auto, (max-width: 1278px) 100vw, 1278px\" \/><\/p>\n","protected":false},"excerpt":{"rendered":"<p>En diciembre de 2018, el Secretario General de las Naciones Unidas, Ant\u00f3nio Guterres, lanz\u00f3 la primera estrategia de las Naciones Unidas en materia de nuevas tecnolog\u00edas. El objetivo de esta iniciativa es definir la forma en que el sistema de las Naciones Unidas apoyar\u00e1 el uso de nuevas tecnolog\u00edas como la inteligencia artificial, la biotecnolog\u00eda, [&hellip;]<\/p>\n","protected":false},"featured_media":122815,"comment_status":"closed","ping_status":"closed","template":"","meta":{"ngg_post_thumbnail":0},"product_brand":[],"product_cat":[1035,929,2928],"product_tag":[],"class_list":{"0":"post-121904","1":"product","2":"type-product","3":"status-publish","4":"has-post-thumbnail","6":"product_cat-2020_es","7":"product_cat-conmemorativos","8":"product_cat-crypto-es","10":"first","11":"instock","12":"shipping-taxable","13":"product-type-grouped"},"yoast_head":"<!-- This site is optimized with the Yoast SEO plugin v27.5 - https:\/\/yoast.com\/product\/yoast-seo-wordpress\/ -->\n<title>SELLOS CRIPTO NU - UN Stamps<\/title>\n<meta name=\"robots\" content=\"index, follow, max-snippet:-1, max-image-preview:large, max-video-preview:-1\" \/>\n<link rel=\"canonical\" href=\"https:\/\/unstamps.org\/es\/producto\/sellos-cripto-nu\/\" \/>\n<meta property=\"og:locale\" content=\"es_ES\" \/>\n<meta property=\"og:type\" content=\"article\" \/>\n<meta property=\"og:title\" content=\"SELLOS CRIPTO NU - UN Stamps\" \/>\n<meta property=\"og:description\" content=\"En diciembre de 2018, el Secretario General de las Naciones Unidas, Ant\u00f3nio Guterres, lanz\u00f3 la primera estrategia de las Naciones Unidas en materia de nuevas tecnolog\u00edas. El objetivo de esta iniciativa es definir la forma en que el sistema de las Naciones Unidas apoyar\u00e1 el uso de nuevas tecnolog\u00edas como la inteligencia artificial, la biotecnolog\u00eda, [&hellip;]\" \/>\n<meta property=\"og:url\" content=\"https:\/\/unstamps.org\/es\/producto\/sellos-cripto-nu\/\" \/>\n<meta property=\"og:site_name\" content=\"UN Stamps\" \/>\n<meta property=\"article:modified_time\" content=\"2025-01-09T17:22:11+00:00\" \/>\n<meta property=\"og:image\" content=\"https:\/\/unstamps.org\/wp-content\/uploads\/2020\/11\/Crypto-Sheet-Group.jpg\" \/>\n\t<meta property=\"og:image:width\" content=\"1024\" \/>\n\t<meta property=\"og:image:height\" content=\"1024\" \/>\n\t<meta property=\"og:image:type\" content=\"image\/jpeg\" \/>\n<meta name=\"twitter:card\" content=\"summary_large_image\" \/>\n<meta name=\"twitter:label1\" content=\"Tiempo de lectura\" \/>\n\t<meta name=\"twitter:data1\" content=\"2 minutos\" \/>\n<script type=\"application\/ld+json\" class=\"yoast-schema-graph\">{\"@context\":\"https:\\\/\\\/schema.org\",\"@graph\":[{\"@type\":\"WebPage\",\"@id\":\"https:\\\/\\\/unstamps.org\\\/es\\\/producto\\\/sellos-cripto-nu\\\/\",\"url\":\"https:\\\/\\\/unstamps.org\\\/es\\\/producto\\\/sellos-cripto-nu\\\/\",\"name\":\"SELLOS CRIPTO NU - UN Stamps\",\"isPartOf\":{\"@id\":\"https:\\\/\\\/unstamps.org\\\/es\\\/#website\"},\"primaryImageOfPage\":{\"@id\":\"https:\\\/\\\/unstamps.org\\\/es\\\/producto\\\/sellos-cripto-nu\\\/#primaryimage\"},\"image\":{\"@id\":\"https:\\\/\\\/unstamps.org\\\/es\\\/producto\\\/sellos-cripto-nu\\\/#primaryimage\"},\"thumbnailUrl\":\"https:\\\/\\\/unstamps.org\\\/wp-content\\\/uploads\\\/2020\\\/11\\\/Crypto-Sheet-Group.jpg\",\"datePublished\":\"2020-11-23T16:47:56+00:00\",\"dateModified\":\"2025-01-09T17:22:11+00:00\",\"breadcrumb\":{\"@id\":\"https:\\\/\\\/unstamps.org\\\/es\\\/producto\\\/sellos-cripto-nu\\\/#breadcrumb\"},\"inLanguage\":\"es\",\"potentialAction\":[{\"@type\":\"ReadAction\",\"target\":[\"https:\\\/\\\/unstamps.org\\\/es\\\/producto\\\/sellos-cripto-nu\\\/\"]}]},{\"@type\":\"ImageObject\",\"inLanguage\":\"es\",\"@id\":\"https:\\\/\\\/unstamps.org\\\/es\\\/producto\\\/sellos-cripto-nu\\\/#primaryimage\",\"url\":\"https:\\\/\\\/unstamps.org\\\/wp-content\\\/uploads\\\/2020\\\/11\\\/Crypto-Sheet-Group.jpg\",\"contentUrl\":\"https:\\\/\\\/unstamps.org\\\/wp-content\\\/uploads\\\/2020\\\/11\\\/Crypto-Sheet-Group.jpg\",\"width\":1024,\"height\":1024},{\"@type\":\"BreadcrumbList\",\"@id\":\"https:\\\/\\\/unstamps.org\\\/es\\\/producto\\\/sellos-cripto-nu\\\/#breadcrumb\",\"itemListElement\":[{\"@type\":\"ListItem\",\"position\":1,\"name\":\"Home\",\"item\":\"https:\\\/\\\/unstamps.org\\\/es\\\/\"},{\"@type\":\"ListItem\",\"position\":2,\"name\":\"Shop\",\"item\":\"https:\\\/\\\/unstamps.org\\\/es\\\/productos\\\/\"},{\"@type\":\"ListItem\",\"position\":3,\"name\":\"SELLOS CRIPTO NU\"}]},{\"@type\":\"WebSite\",\"@id\":\"https:\\\/\\\/unstamps.org\\\/es\\\/#website\",\"url\":\"https:\\\/\\\/unstamps.org\\\/es\\\/\",\"name\":\"UN Stamps\",\"description\":\"United Nations Stamps\",\"publisher\":{\"@id\":\"https:\\\/\\\/unstamps.org\\\/es\\\/#organization\"},\"potentialAction\":[{\"@type\":\"SearchAction\",\"target\":{\"@type\":\"EntryPoint\",\"urlTemplate\":\"https:\\\/\\\/unstamps.org\\\/es\\\/?s={search_term_string}\"},\"query-input\":{\"@type\":\"PropertyValueSpecification\",\"valueRequired\":true,\"valueName\":\"search_term_string\"}}],\"inLanguage\":\"es\"},{\"@type\":\"Organization\",\"@id\":\"https:\\\/\\\/unstamps.org\\\/es\\\/#organization\",\"name\":\"UN Stamps\",\"url\":\"https:\\\/\\\/unstamps.org\\\/es\\\/\",\"logo\":{\"@type\":\"ImageObject\",\"inLanguage\":\"es\",\"@id\":\"https:\\\/\\\/unstamps.org\\\/es\\\/#\\\/schema\\\/logo\\\/image\\\/\",\"url\":\"https:\\\/\\\/unstamps.org\\\/wp-content\\\/uploads\\\/2014\\\/01\\\/logo4web.jpg\",\"contentUrl\":\"https:\\\/\\\/unstamps.org\\\/wp-content\\\/uploads\\\/2014\\\/01\\\/logo4web.jpg\",\"width\":2500,\"height\":250,\"caption\":\"UN Stamps\"},\"image\":{\"@id\":\"https:\\\/\\\/unstamps.org\\\/es\\\/#\\\/schema\\\/logo\\\/image\\\/\"}}]}<\/script>\n<!-- \/ Yoast SEO plugin. -->","yoast_head_json":{"title":"SELLOS CRIPTO NU - UN Stamps","robots":{"index":"index","follow":"follow","max-snippet":"max-snippet:-1","max-image-preview":"max-image-preview:large","max-video-preview":"max-video-preview:-1"},"canonical":"https:\/\/unstamps.org\/es\/producto\/sellos-cripto-nu\/","og_locale":"es_ES","og_type":"article","og_title":"SELLOS CRIPTO NU - UN Stamps","og_description":"En diciembre de 2018, el Secretario General de las Naciones Unidas, Ant\u00f3nio Guterres, lanz\u00f3 la primera estrategia de las Naciones Unidas en materia de nuevas tecnolog\u00edas. El objetivo de esta iniciativa es definir la forma en que el sistema de las Naciones Unidas apoyar\u00e1 el uso de nuevas tecnolog\u00edas como la inteligencia artificial, la biotecnolog\u00eda, [&hellip;]","og_url":"https:\/\/unstamps.org\/es\/producto\/sellos-cripto-nu\/","og_site_name":"UN Stamps","article_modified_time":"2025-01-09T17:22:11+00:00","og_image":[{"width":1024,"height":1024,"url":"https:\/\/unstamps.org\/wp-content\/uploads\/2020\/11\/Crypto-Sheet-Group.jpg","type":"image\/jpeg"}],"twitter_card":"summary_large_image","twitter_misc":{"Tiempo de lectura":"2 minutos"},"schema":{"@context":"https:\/\/schema.org","@graph":[{"@type":"WebPage","@id":"https:\/\/unstamps.org\/es\/producto\/sellos-cripto-nu\/","url":"https:\/\/unstamps.org\/es\/producto\/sellos-cripto-nu\/","name":"SELLOS CRIPTO NU - UN Stamps","isPartOf":{"@id":"https:\/\/unstamps.org\/es\/#website"},"primaryImageOfPage":{"@id":"https:\/\/unstamps.org\/es\/producto\/sellos-cripto-nu\/#primaryimage"},"image":{"@id":"https:\/\/unstamps.org\/es\/producto\/sellos-cripto-nu\/#primaryimage"},"thumbnailUrl":"https:\/\/unstamps.org\/wp-content\/uploads\/2020\/11\/Crypto-Sheet-Group.jpg","datePublished":"2020-11-23T16:47:56+00:00","dateModified":"2025-01-09T17:22:11+00:00","breadcrumb":{"@id":"https:\/\/unstamps.org\/es\/producto\/sellos-cripto-nu\/#breadcrumb"},"inLanguage":"es","potentialAction":[{"@type":"ReadAction","target":["https:\/\/unstamps.org\/es\/producto\/sellos-cripto-nu\/"]}]},{"@type":"ImageObject","inLanguage":"es","@id":"https:\/\/unstamps.org\/es\/producto\/sellos-cripto-nu\/#primaryimage","url":"https:\/\/unstamps.org\/wp-content\/uploads\/2020\/11\/Crypto-Sheet-Group.jpg","contentUrl":"https:\/\/unstamps.org\/wp-content\/uploads\/2020\/11\/Crypto-Sheet-Group.jpg","width":1024,"height":1024},{"@type":"BreadcrumbList","@id":"https:\/\/unstamps.org\/es\/producto\/sellos-cripto-nu\/#breadcrumb","itemListElement":[{"@type":"ListItem","position":1,"name":"Home","item":"https:\/\/unstamps.org\/es\/"},{"@type":"ListItem","position":2,"name":"Shop","item":"https:\/\/unstamps.org\/es\/productos\/"},{"@type":"ListItem","position":3,"name":"SELLOS CRIPTO NU"}]},{"@type":"WebSite","@id":"https:\/\/unstamps.org\/es\/#website","url":"https:\/\/unstamps.org\/es\/","name":"UN Stamps","description":"United Nations Stamps","publisher":{"@id":"https:\/\/unstamps.org\/es\/#organization"},"potentialAction":[{"@type":"SearchAction","target":{"@type":"EntryPoint","urlTemplate":"https:\/\/unstamps.org\/es\/?s={search_term_string}"},"query-input":{"@type":"PropertyValueSpecification","valueRequired":true,"valueName":"search_term_string"}}],"inLanguage":"es"},{"@type":"Organization","@id":"https:\/\/unstamps.org\/es\/#organization","name":"UN Stamps","url":"https:\/\/unstamps.org\/es\/","logo":{"@type":"ImageObject","inLanguage":"es","@id":"https:\/\/unstamps.org\/es\/#\/schema\/logo\/image\/","url":"https:\/\/unstamps.org\/wp-content\/uploads\/2014\/01\/logo4web.jpg","contentUrl":"https:\/\/unstamps.org\/wp-content\/uploads\/2014\/01\/logo4web.jpg","width":2500,"height":250,"caption":"UN Stamps"},"image":{"@id":"https:\/\/unstamps.org\/es\/#\/schema\/logo\/image\/"}}]}},"jetpack_sharing_enabled":true,"publishpress_future_action":{"enabled":false,"date":"2026-05-16 05:11:02","action":"change-status","newStatus":"private","terms":[],"taxonomy":"product_cat","extraData":[]},"publishpress_future_workflow_manual_trigger":{"enabledWorkflows":[]},"_links":{"self":[{"href":"https:\/\/unstamps.org\/es\/wp-json\/wp\/v2\/product\/121904","targetHints":{"allow":["GET"]}}],"collection":[{"href":"https:\/\/unstamps.org\/es\/wp-json\/wp\/v2\/product"}],"about":[{"href":"https:\/\/unstamps.org\/es\/wp-json\/wp\/v2\/types\/product"}],"replies":[{"embeddable":true,"href":"https:\/\/unstamps.org\/es\/wp-json\/wp\/v2\/comments?post=121904"}],"wp:featuredmedia":[{"embeddable":true,"href":"https:\/\/unstamps.org\/es\/wp-json\/wp\/v2\/media\/122815"}],"wp:attachment":[{"href":"https:\/\/unstamps.org\/es\/wp-json\/wp\/v2\/media?parent=121904"}],"wp:term":[{"taxonomy":"product_brand","embeddable":true,"href":"https:\/\/unstamps.org\/es\/wp-json\/wp\/v2\/product_brand?post=121904"},{"taxonomy":"product_cat","embeddable":true,"href":"https:\/\/unstamps.org\/es\/wp-json\/wp\/v2\/product_cat?post=121904"},{"taxonomy":"product_tag","embeddable":true,"href":"https:\/\/unstamps.org\/es\/wp-json\/wp\/v2\/product_tag?post=121904"}],"curies":[{"name":"wp","href":"https:\/\/api.w.org\/{rel}","templated":true}]}}