{"id":104051,"date":"2020-05-06T19:33:52","date_gmt":"2020-05-06T23:33:52","guid":{"rendered":"https:\/\/unstamps.org\/?post_type=product&#038;p=104051"},"modified":"2026-01-09T10:26:23","modified_gmt":"2026-01-09T15:26:23","slug":"40o-aniversario-de-la-erradicacion-de-la-viruela-chf-170","status":"publish","type":"product","link":"https:\/\/unstamps.org\/es\/producto\/40o-aniversario-de-la-erradicacion-de-la-viruela-chf-170\/","title":{"rendered":"40\u00ba Aniversario de la erradicaci\u00f3n de la viruela \u2013 CHF 1,70"},"content":{"rendered":"<p>La Organizaci\u00f3n Mundial de la Salud (OMS) conmemor\u00f3 el 40\u00ba aniversario de la erradicaci\u00f3n de la viruela en diciembre de 2019, reconociendo el momento hist\u00f3rico que supuso la confirmaci\u00f3n de la erradicaci\u00f3n de la enfermedad el 9 de diciembre de 1979. Cinco meses m\u00e1s tarde, en mayo de 1980, la 33\u00aa Asamblea Mundial de la Salud declar\u00f3 oficialmente que \u201cel mundo y todos sus habitantes se han liberado de la viruela\u201d.<\/p>\n<p>Para conmemorar el final de esa plaga, que afect\u00f3 a millones de personas durante miles de a\u00f1os, se coloc\u00f3 una placa en la sede de la OMS en Ginebra en la misma sala en la que, 40 a\u00f1os antes, los 19 miembros de la Comisi\u00f3n Mundial para la Certificaci\u00f3n de la Erradicaci\u00f3n de la Viruela certificaron que la enfermedad hab\u00eda sido erradicada en todo el mundo.<\/p>\n<p>Hasta su erradicaci\u00f3n, la viruela asol\u00f3 a la humanidad durante al menos 3.000 a\u00f1os y, solo en el siglo XX, acab\u00f3 con la vida de 300 millones de personas. El \u00faltimo caso end\u00e9mico de viruela conocido se notific\u00f3 y el brote se contuvo r\u00e1pidamente en Somalia en 1977.<\/p>\n<p>Gracias a la eficacia del programa de erradicaci\u00f3n de la viruela se obtuvieron conocimientos e instrumentos fundamentales sobre la vigilancia de las enfermedades, los beneficios de la vacunaci\u00f3n perifocal y la importancia de la promoci\u00f3n de la salud en la lucha contra enfermedades como la poliomielitis y la enfermedad del \u00c9bola. Tambi\u00e9n sirvi\u00f3 para sentar las bases a nivel mundial de programas nacionales de inmunizaci\u00f3n m\u00e1s s\u00f3lidos que ayudaron a consolidar el establecimiento de la atenci\u00f3n primaria de la salud en muchos pa\u00edses y a trabajar en pro de una cobertura sanitaria universal.<\/p>\n<p><strong>Fecha de emisi\u00f3n:<\/strong> 8 de mayo 2020<br \/>\n<strong>Dise\u00f1ador:<\/strong> Sergio Baradat (Naciones Unidas)<br \/>\n<strong>Valor postal:<\/strong> CHF 1,70<br \/>\n<strong>Tama\u00f1o del sello:<\/strong> 40 mm x 30 mm<br \/>\n<strong>N\u00famero de sellos por pliego:<\/strong> 20<br \/>\n<strong>Imprenta:<\/strong> Cartor Security Printing (Francia)<br \/>\n<strong>Proceso:<\/strong> Litograf\u00eda offset<br \/>\n<strong>Perforaci\u00f3n:<\/strong> 13 x 13 1\/4<br \/>\n<strong>Tirada:<\/strong> 12.000 hojas (240.000 sellos)<\/p>\n","protected":false},"excerpt":{"rendered":"<p>La Organizaci\u00f3n Mundial de la Salud (OMS) conmemor\u00f3 el 40\u00ba aniversario de la erradicaci\u00f3n de la viruela en diciembre de 2019, reconociendo el momento hist\u00f3rico que supuso la confirmaci\u00f3n de la erradicaci\u00f3n de la enfermedad el 9 de diciembre de 1979. Cinco meses m\u00e1s tarde, en mayo de 1980, la 33\u00aa Asamblea Mundial de la [&hellip;]<\/p>\n","protected":false},"featured_media":104381,"comment_status":"closed","ping_status":"closed","template":"","meta":{"ngg_post_thumbnail":0},"product_brand":[],"product_cat":[1035,930,926,932],"product_tag":[1971,1456,1629],"class_list":{"0":"post-104051","1":"product","2":"type-product","3":"status-publish","4":"has-post-thumbnail","6":"product_cat-2020_es","7":"product_cat-definitivos","8":"product_cat-ginebra","9":"product_cat-individuales","10":"product_tag-definitive-es","11":"product_tag-ge-40th-anniversary-of-eradication-of-smallpox-es","12":"product_tag-single-stamp-es","13":"pa_condition-cancelled-es","14":"pa_condition-mint-es","16":"first","17":"instock","18":"shipping-taxable","19":"purchasable","20":"product-type-variable"},"yoast_head":"<!-- This site is optimized with the Yoast SEO plugin v27.5 - https:\/\/yoast.com\/product\/yoast-seo-wordpress\/ -->\n<title>40\u00ba Aniversario de la erradicaci\u00f3n de la viruela \u2013 CHF 1,70 - UN Stamps<\/title>\n<meta name=\"robots\" content=\"index, follow, max-snippet:-1, max-image-preview:large, max-video-preview:-1\" \/>\n<link rel=\"canonical\" href=\"https:\/\/unstamps.org\/es\/producto\/40o-aniversario-de-la-erradicacion-de-la-viruela-chf-170\/\" \/>\n<meta property=\"og:locale\" content=\"es_ES\" \/>\n<meta property=\"og:type\" content=\"article\" \/>\n<meta property=\"og:title\" content=\"40\u00ba Aniversario de la erradicaci\u00f3n de la viruela \u2013 CHF 1,70 - UN Stamps\" \/>\n<meta property=\"og:description\" content=\"La Organizaci\u00f3n Mundial de la Salud (OMS) conmemor\u00f3 el 40\u00ba aniversario de la erradicaci\u00f3n de la viruela en diciembre de 2019, reconociendo el momento hist\u00f3rico que supuso la confirmaci\u00f3n de la erradicaci\u00f3n de la enfermedad el 9 de diciembre de 1979. Cinco meses m\u00e1s tarde, en mayo de 1980, la 33\u00aa Asamblea Mundial de la [&hellip;]\" \/>\n<meta property=\"og:url\" content=\"https:\/\/unstamps.org\/es\/producto\/40o-aniversario-de-la-erradicacion-de-la-viruela-chf-170\/\" \/>\n<meta property=\"og:site_name\" content=\"UN Stamps\" \/>\n<meta property=\"article:modified_time\" content=\"2026-01-09T15:26:23+00:00\" \/>\n<meta property=\"og:image\" content=\"https:\/\/unstamps.org\/wp-content\/uploads\/2020\/05\/Smallpox_Single.jpg\" \/>\n\t<meta property=\"og:image:width\" content=\"1024\" \/>\n\t<meta property=\"og:image:height\" content=\"1024\" \/>\n\t<meta property=\"og:image:type\" content=\"image\/jpeg\" \/>\n<meta name=\"twitter:card\" content=\"summary_large_image\" \/>\n<meta name=\"twitter:label1\" content=\"Tiempo de lectura\" \/>\n\t<meta name=\"twitter:data1\" content=\"2 minutos\" \/>\n<script type=\"application\/ld+json\" class=\"yoast-schema-graph\">{\"@context\":\"https:\\\/\\\/schema.org\",\"@graph\":[{\"@type\":\"WebPage\",\"@id\":\"https:\\\/\\\/unstamps.org\\\/es\\\/producto\\\/40o-aniversario-de-la-erradicacion-de-la-viruela-chf-170\\\/\",\"url\":\"https:\\\/\\\/unstamps.org\\\/es\\\/producto\\\/40o-aniversario-de-la-erradicacion-de-la-viruela-chf-170\\\/\",\"name\":\"40\u00ba Aniversario de la erradicaci\u00f3n de la viruela \u2013 CHF 1,70 - UN Stamps\",\"isPartOf\":{\"@id\":\"https:\\\/\\\/unstamps.org\\\/es\\\/#website\"},\"primaryImageOfPage\":{\"@id\":\"https:\\\/\\\/unstamps.org\\\/es\\\/producto\\\/40o-aniversario-de-la-erradicacion-de-la-viruela-chf-170\\\/#primaryimage\"},\"image\":{\"@id\":\"https:\\\/\\\/unstamps.org\\\/es\\\/producto\\\/40o-aniversario-de-la-erradicacion-de-la-viruela-chf-170\\\/#primaryimage\"},\"thumbnailUrl\":\"https:\\\/\\\/unstamps.org\\\/wp-content\\\/uploads\\\/2020\\\/05\\\/Smallpox_Single.jpg\",\"datePublished\":\"2020-05-06T23:33:52+00:00\",\"dateModified\":\"2026-01-09T15:26:23+00:00\",\"breadcrumb\":{\"@id\":\"https:\\\/\\\/unstamps.org\\\/es\\\/producto\\\/40o-aniversario-de-la-erradicacion-de-la-viruela-chf-170\\\/#breadcrumb\"},\"inLanguage\":\"es\",\"potentialAction\":[{\"@type\":\"ReadAction\",\"target\":[\"https:\\\/\\\/unstamps.org\\\/es\\\/producto\\\/40o-aniversario-de-la-erradicacion-de-la-viruela-chf-170\\\/\"]}]},{\"@type\":\"ImageObject\",\"inLanguage\":\"es\",\"@id\":\"https:\\\/\\\/unstamps.org\\\/es\\\/producto\\\/40o-aniversario-de-la-erradicacion-de-la-viruela-chf-170\\\/#primaryimage\",\"url\":\"https:\\\/\\\/unstamps.org\\\/wp-content\\\/uploads\\\/2020\\\/05\\\/Smallpox_Single.jpg\",\"contentUrl\":\"https:\\\/\\\/unstamps.org\\\/wp-content\\\/uploads\\\/2020\\\/05\\\/Smallpox_Single.jpg\",\"width\":1024,\"height\":1024},{\"@type\":\"BreadcrumbList\",\"@id\":\"https:\\\/\\\/unstamps.org\\\/es\\\/producto\\\/40o-aniversario-de-la-erradicacion-de-la-viruela-chf-170\\\/#breadcrumb\",\"itemListElement\":[{\"@type\":\"ListItem\",\"position\":1,\"name\":\"Home\",\"item\":\"https:\\\/\\\/unstamps.org\\\/es\\\/\"},{\"@type\":\"ListItem\",\"position\":2,\"name\":\"Shop\",\"item\":\"https:\\\/\\\/unstamps.org\\\/es\\\/productos\\\/\"},{\"@type\":\"ListItem\",\"position\":3,\"name\":\"40\u00ba Aniversario de la erradicaci\u00f3n de la viruela \u2013 CHF 1,70\"}]},{\"@type\":\"WebSite\",\"@id\":\"https:\\\/\\\/unstamps.org\\\/es\\\/#website\",\"url\":\"https:\\\/\\\/unstamps.org\\\/es\\\/\",\"name\":\"UN Stamps\",\"description\":\"United Nations Stamps\",\"publisher\":{\"@id\":\"https:\\\/\\\/unstamps.org\\\/es\\\/#organization\"},\"potentialAction\":[{\"@type\":\"SearchAction\",\"target\":{\"@type\":\"EntryPoint\",\"urlTemplate\":\"https:\\\/\\\/unstamps.org\\\/es\\\/?s={search_term_string}\"},\"query-input\":{\"@type\":\"PropertyValueSpecification\",\"valueRequired\":true,\"valueName\":\"search_term_string\"}}],\"inLanguage\":\"es\"},{\"@type\":\"Organization\",\"@id\":\"https:\\\/\\\/unstamps.org\\\/es\\\/#organization\",\"name\":\"UN Stamps\",\"url\":\"https:\\\/\\\/unstamps.org\\\/es\\\/\",\"logo\":{\"@type\":\"ImageObject\",\"inLanguage\":\"es\",\"@id\":\"https:\\\/\\\/unstamps.org\\\/es\\\/#\\\/schema\\\/logo\\\/image\\\/\",\"url\":\"https:\\\/\\\/unstamps.org\\\/wp-content\\\/uploads\\\/2014\\\/01\\\/logo4web.jpg\",\"contentUrl\":\"https:\\\/\\\/unstamps.org\\\/wp-content\\\/uploads\\\/2014\\\/01\\\/logo4web.jpg\",\"width\":2500,\"height\":250,\"caption\":\"UN Stamps\"},\"image\":{\"@id\":\"https:\\\/\\\/unstamps.org\\\/es\\\/#\\\/schema\\\/logo\\\/image\\\/\"}}]}<\/script>\n<!-- \/ Yoast SEO plugin. -->","yoast_head_json":{"title":"40\u00ba Aniversario de la erradicaci\u00f3n de la viruela \u2013 CHF 1,70 - UN Stamps","robots":{"index":"index","follow":"follow","max-snippet":"max-snippet:-1","max-image-preview":"max-image-preview:large","max-video-preview":"max-video-preview:-1"},"canonical":"https:\/\/unstamps.org\/es\/producto\/40o-aniversario-de-la-erradicacion-de-la-viruela-chf-170\/","og_locale":"es_ES","og_type":"article","og_title":"40\u00ba Aniversario de la erradicaci\u00f3n de la viruela \u2013 CHF 1,70 - UN Stamps","og_description":"La Organizaci\u00f3n Mundial de la Salud (OMS) conmemor\u00f3 el 40\u00ba aniversario de la erradicaci\u00f3n de la viruela en diciembre de 2019, reconociendo el momento hist\u00f3rico que supuso la confirmaci\u00f3n de la erradicaci\u00f3n de la enfermedad el 9 de diciembre de 1979. Cinco meses m\u00e1s tarde, en mayo de 1980, la 33\u00aa Asamblea Mundial de la [&hellip;]","og_url":"https:\/\/unstamps.org\/es\/producto\/40o-aniversario-de-la-erradicacion-de-la-viruela-chf-170\/","og_site_name":"UN Stamps","article_modified_time":"2026-01-09T15:26:23+00:00","og_image":[{"width":1024,"height":1024,"url":"https:\/\/unstamps.org\/wp-content\/uploads\/2020\/05\/Smallpox_Single.jpg","type":"image\/jpeg"}],"twitter_card":"summary_large_image","twitter_misc":{"Tiempo de lectura":"2 minutos"},"schema":{"@context":"https:\/\/schema.org","@graph":[{"@type":"WebPage","@id":"https:\/\/unstamps.org\/es\/producto\/40o-aniversario-de-la-erradicacion-de-la-viruela-chf-170\/","url":"https:\/\/unstamps.org\/es\/producto\/40o-aniversario-de-la-erradicacion-de-la-viruela-chf-170\/","name":"40\u00ba Aniversario de la erradicaci\u00f3n de la viruela \u2013 CHF 1,70 - UN Stamps","isPartOf":{"@id":"https:\/\/unstamps.org\/es\/#website"},"primaryImageOfPage":{"@id":"https:\/\/unstamps.org\/es\/producto\/40o-aniversario-de-la-erradicacion-de-la-viruela-chf-170\/#primaryimage"},"image":{"@id":"https:\/\/unstamps.org\/es\/producto\/40o-aniversario-de-la-erradicacion-de-la-viruela-chf-170\/#primaryimage"},"thumbnailUrl":"https:\/\/unstamps.org\/wp-content\/uploads\/2020\/05\/Smallpox_Single.jpg","datePublished":"2020-05-06T23:33:52+00:00","dateModified":"2026-01-09T15:26:23+00:00","breadcrumb":{"@id":"https:\/\/unstamps.org\/es\/producto\/40o-aniversario-de-la-erradicacion-de-la-viruela-chf-170\/#breadcrumb"},"inLanguage":"es","potentialAction":[{"@type":"ReadAction","target":["https:\/\/unstamps.org\/es\/producto\/40o-aniversario-de-la-erradicacion-de-la-viruela-chf-170\/"]}]},{"@type":"ImageObject","inLanguage":"es","@id":"https:\/\/unstamps.org\/es\/producto\/40o-aniversario-de-la-erradicacion-de-la-viruela-chf-170\/#primaryimage","url":"https:\/\/unstamps.org\/wp-content\/uploads\/2020\/05\/Smallpox_Single.jpg","contentUrl":"https:\/\/unstamps.org\/wp-content\/uploads\/2020\/05\/Smallpox_Single.jpg","width":1024,"height":1024},{"@type":"BreadcrumbList","@id":"https:\/\/unstamps.org\/es\/producto\/40o-aniversario-de-la-erradicacion-de-la-viruela-chf-170\/#breadcrumb","itemListElement":[{"@type":"ListItem","position":1,"name":"Home","item":"https:\/\/unstamps.org\/es\/"},{"@type":"ListItem","position":2,"name":"Shop","item":"https:\/\/unstamps.org\/es\/productos\/"},{"@type":"ListItem","position":3,"name":"40\u00ba Aniversario de la erradicaci\u00f3n de la viruela \u2013 CHF 1,70"}]},{"@type":"WebSite","@id":"https:\/\/unstamps.org\/es\/#website","url":"https:\/\/unstamps.org\/es\/","name":"UN Stamps","description":"United Nations Stamps","publisher":{"@id":"https:\/\/unstamps.org\/es\/#organization"},"potentialAction":[{"@type":"SearchAction","target":{"@type":"EntryPoint","urlTemplate":"https:\/\/unstamps.org\/es\/?s={search_term_string}"},"query-input":{"@type":"PropertyValueSpecification","valueRequired":true,"valueName":"search_term_string"}}],"inLanguage":"es"},{"@type":"Organization","@id":"https:\/\/unstamps.org\/es\/#organization","name":"UN Stamps","url":"https:\/\/unstamps.org\/es\/","logo":{"@type":"ImageObject","inLanguage":"es","@id":"https:\/\/unstamps.org\/es\/#\/schema\/logo\/image\/","url":"https:\/\/unstamps.org\/wp-content\/uploads\/2014\/01\/logo4web.jpg","contentUrl":"https:\/\/unstamps.org\/wp-content\/uploads\/2014\/01\/logo4web.jpg","width":2500,"height":250,"caption":"UN Stamps"},"image":{"@id":"https:\/\/unstamps.org\/es\/#\/schema\/logo\/image\/"}}]}},"jetpack_sharing_enabled":true,"publishpress_future_action":{"enabled":false,"date":"2026-05-07 08:13:28","action":"change-status","newStatus":"private","terms":[],"taxonomy":"product_cat","extraData":[]},"publishpress_future_workflow_manual_trigger":{"enabledWorkflows":[]},"_links":{"self":[{"href":"https:\/\/unstamps.org\/es\/wp-json\/wp\/v2\/product\/104051","targetHints":{"allow":["GET"]}}],"collection":[{"href":"https:\/\/unstamps.org\/es\/wp-json\/wp\/v2\/product"}],"about":[{"href":"https:\/\/unstamps.org\/es\/wp-json\/wp\/v2\/types\/product"}],"replies":[{"embeddable":true,"href":"https:\/\/unstamps.org\/es\/wp-json\/wp\/v2\/comments?post=104051"}],"wp:featuredmedia":[{"embeddable":true,"href":"https:\/\/unstamps.org\/es\/wp-json\/wp\/v2\/media\/104381"}],"wp:attachment":[{"href":"https:\/\/unstamps.org\/es\/wp-json\/wp\/v2\/media?parent=104051"}],"wp:term":[{"taxonomy":"product_brand","embeddable":true,"href":"https:\/\/unstamps.org\/es\/wp-json\/wp\/v2\/product_brand?post=104051"},{"taxonomy":"product_cat","embeddable":true,"href":"https:\/\/unstamps.org\/es\/wp-json\/wp\/v2\/product_cat?post=104051"},{"taxonomy":"product_tag","embeddable":true,"href":"https:\/\/unstamps.org\/es\/wp-json\/wp\/v2\/product_tag?post=104051"}],"curies":[{"name":"wp","href":"https:\/\/api.w.org\/{rel}","templated":true}]}}