{"id":103700,"date":"2020-04-30T09:49:43","date_gmt":"2020-04-30T13:49:43","guid":{"rendered":"https:\/\/unstamps.org\/?post_type=product&#038;p=103700"},"modified":"2026-01-09T10:54:26","modified_gmt":"2026-01-09T15:54:26","slug":"florence-nightingale-sello-ordinario-de-vi-e-135-pliego-completo","status":"publish","type":"product","link":"https:\/\/unstamps.org\/es\/producto\/florence-nightingale-sello-ordinario-de-vi-e-135-pliego-completo\/","title":{"rendered":"Florence Nightingale \u2013 Sello Ordinario de VI \u2013 \u20ac 1,35 Pliego completo"},"content":{"rendered":"<p>La Organizaci\u00f3n Mundial de la Salud (OMS) declar\u00f3 2020 como el <strong>A\u00f1o Internacional del Personal de Enfermer\u00eda y de Parter\u00eda<\/strong> para reconocer la contribuci\u00f3n decisiva de ambas profesiones a la salud mundial. En este a\u00f1o se conmemora tambi\u00e9n el <strong>bicentenario del nacimiento de la fundadora de la enfermer\u00eda moderna, Florence Nightingale<\/strong> (1820-1910).<\/p>\n<p>Florence Nightingale naci\u00f3 el 12 de mayo de 1820 en Florencia (Italia), ciudad que inspir\u00f3 su nombre, y se hizo c\u00e9lebre por su labor como supervisora e instructora de enfermeras durante la Guerra de Crimea, durante la que organiz\u00f3 los cuidados de los soldados heridos. Debido a las rondas nocturnas que realizaba, recibi\u00f3 el sobrenombre de \u201cLa dama de la l\u00e1mpara\u201d.<\/p>\n<p>Durante su carrera profesional, Florence Nightingale sent\u00f3 las bases de la enfermer\u00eda profesional al fundar la Escuela Nightingale de Formaci\u00f3n de Enfermeras en el Hospital St. Thomas de Londres en 1860. Sus esfuerzos por reformar la atenci\u00f3n sanitaria tuvieron una gran influencia en la calidad de esta en los siglos XIX y XX.<\/p>\n<p>A menudo se habla de la enfermer\u00eda como la profesi\u00f3n que consiste en dispensar cuidados a las personas. El personal de enfermer\u00eda y de parter\u00eda de todo el mundo desempe\u00f1a una labor crucial en la promoci\u00f3n de la salud, la prevenci\u00f3n de enfermedades y la prestaci\u00f3n de cuidados en todos los entornos. Estos profesionales suelen ser el primer y \u00fanico punto de contacto y atenci\u00f3n de la salud en sus comunidades.<\/p>\n<p>El personal de enfermer\u00eda y de parter\u00eda cumple una funci\u00f3n esencial en la prestaci\u00f3n de servicios de salud y constituye el grupo profesional m\u00e1s numeroso del personal sanitario al representar el 50 % de este a nivel mundial. Casi el 70 % de los trabajadores sanitarios y sociales son mujeres y, a menudo, realizan su labor en condiciones dif\u00edciles: infravaloradas, con recursos insuficientes y sobrecargadas de trabajo.<\/p>\n<p>Esta iniciativa de reconocimiento del personal de enfermer\u00eda y de parter\u00eda, que se prolongar\u00e1 durante todo el a\u00f1o, constituye una oportunidad para celebrar la labor que desempe\u00f1an, destacar las dif\u00edciles condiciones a las que suelen enfrentarse y promover el aumento de los esfuerzos para paliar la escasez de trabajadores sanitarios.<\/p>\n<p>Para obtener m\u00e1s informaci\u00f3n sobre esta campa\u00f1a, s\u00edrvase visitar el siguiente sitio web: <a href=\"https:\/\/www.who.int\/es\/news-room\/campaigns\/year-of-the-nurse-and-the-midwife-2020\">https:\/\/www.who.int\/es\/news-room\/campaigns\/year-of-the-nurse-and-the-midwife-2020<\/a>.<\/p>\n<p>#ApoyoEnfermerasYMatronas #Enfermeras2020 #Matronas2020<\/p>\n<p><strong>Fecha de emisi\u00f3n:<\/strong> 12 de mayo 2020<br \/>\n<strong>Artista:<\/strong> Martin M\u00f6rck (Noruega)<br \/>\n<strong>Dise\u00f1adora:<\/strong> Rorie Katz (Naciones Unidas)<br \/>\n<strong>Valor postal:<\/strong> \u20ac 1,35<br \/>\n<strong>Tama\u00f1o del sello:<\/strong> 50 mm x 35 mm<br \/>\n<strong>N\u00famero de sellos por pliego:<\/strong> 20<br \/>\n<strong>Impresor:<\/strong> Joh. Ensched\u00e9 Stamps Security Printers B.V. (Holanda)<br \/>\n<strong>Proceso:<\/strong> Litograf\u00eda offset \u2013 Duotone<br \/>\n<strong>Perforaci\u00f3n:<\/strong> 14 x 14 1\/4<br \/>\n<strong>Tirada:<\/strong> 12.000 hojas (240.000 sellos)<\/p>\n","protected":false},"excerpt":{"rendered":"<p>La Organizaci\u00f3n Mundial de la Salud (OMS) declar\u00f3 2020 como el A\u00f1o Internacional del Personal de Enfermer\u00eda y de Parter\u00eda para reconocer la contribuci\u00f3n decisiva de ambas profesiones a la salud mundial. En este a\u00f1o se conmemora tambi\u00e9n el bicentenario del nacimiento de la fundadora de la enfermer\u00eda moderna, Florence Nightingale (1820-1910). Florence Nightingale naci\u00f3 [&hellip;]<\/p>\n","protected":false},"featured_media":104301,"comment_status":"closed","ping_status":"closed","template":"","meta":{"ngg_post_thumbnail":0},"product_brand":[],"product_cat":[1035,930,933,927],"product_tag":[2003,1435,2413,1705],"class_list":{"0":"post-103700","1":"product","2":"type-product","3":"status-publish","4":"has-post-thumbnail","6":"product_cat-2020_es","7":"product_cat-definitivos","8":"product_cat-pliegos-completos","9":"product_cat-viena","10":"product_tag-definitives-es","11":"product_tag-florence-nightingale-es","12":"product_tag-full-sheet-es","13":"product_tag-vi-es","14":"pa_condition-cancelled-es","15":"pa_condition-mint-es","17":"first","18":"instock","19":"shipping-taxable","20":"purchasable","21":"product-type-variable"},"yoast_head":"<!-- This site is optimized with the Yoast SEO plugin v27.4 - https:\/\/yoast.com\/product\/yoast-seo-wordpress\/ -->\n<title>Florence Nightingale \u2013 Sello Ordinario de VI \u2013 \u20ac 1,35 Pliego completo - UN Stamps<\/title>\n<meta name=\"robots\" content=\"index, follow, max-snippet:-1, max-image-preview:large, max-video-preview:-1\" \/>\n<link rel=\"canonical\" href=\"https:\/\/unstamps.org\/es\/producto\/florence-nightingale-sello-ordinario-de-vi-e-135-pliego-completo\/\" \/>\n<meta property=\"og:locale\" content=\"es_ES\" \/>\n<meta property=\"og:type\" content=\"article\" \/>\n<meta property=\"og:title\" content=\"Florence Nightingale \u2013 Sello Ordinario de VI \u2013 \u20ac 1,35 Pliego completo - UN Stamps\" \/>\n<meta property=\"og:description\" content=\"La Organizaci\u00f3n Mundial de la Salud (OMS) declar\u00f3 2020 como el A\u00f1o Internacional del Personal de Enfermer\u00eda y de Parter\u00eda para reconocer la contribuci\u00f3n decisiva de ambas profesiones a la salud mundial. En este a\u00f1o se conmemora tambi\u00e9n el bicentenario del nacimiento de la fundadora de la enfermer\u00eda moderna, Florence Nightingale (1820-1910). Florence Nightingale naci\u00f3 [&hellip;]\" \/>\n<meta property=\"og:url\" content=\"https:\/\/unstamps.org\/es\/producto\/florence-nightingale-sello-ordinario-de-vi-e-135-pliego-completo\/\" \/>\n<meta property=\"og:site_name\" content=\"UN Stamps\" \/>\n<meta property=\"article:modified_time\" content=\"2026-01-09T15:54:26+00:00\" \/>\n<meta property=\"og:image\" content=\"https:\/\/unstamps.org\/wp-content\/uploads\/2020\/04\/Florence_Full_Sheet.jpg\" \/>\n\t<meta property=\"og:image:width\" content=\"1024\" \/>\n\t<meta property=\"og:image:height\" content=\"1024\" \/>\n\t<meta property=\"og:image:type\" content=\"image\/jpeg\" \/>\n<meta name=\"twitter:card\" content=\"summary_large_image\" \/>\n<meta name=\"twitter:label1\" content=\"Tiempo de lectura\" \/>\n\t<meta name=\"twitter:data1\" content=\"2 minutos\" \/>\n<script type=\"application\/ld+json\" class=\"yoast-schema-graph\">{\"@context\":\"https:\\\/\\\/schema.org\",\"@graph\":[{\"@type\":\"WebPage\",\"@id\":\"https:\\\/\\\/unstamps.org\\\/es\\\/producto\\\/florence-nightingale-sello-ordinario-de-vi-e-135-pliego-completo\\\/\",\"url\":\"https:\\\/\\\/unstamps.org\\\/es\\\/producto\\\/florence-nightingale-sello-ordinario-de-vi-e-135-pliego-completo\\\/\",\"name\":\"Florence Nightingale \u2013 Sello Ordinario de VI \u2013 \u20ac 1,35 Pliego completo - UN Stamps\",\"isPartOf\":{\"@id\":\"https:\\\/\\\/unstamps.org\\\/es\\\/#website\"},\"primaryImageOfPage\":{\"@id\":\"https:\\\/\\\/unstamps.org\\\/es\\\/producto\\\/florence-nightingale-sello-ordinario-de-vi-e-135-pliego-completo\\\/#primaryimage\"},\"image\":{\"@id\":\"https:\\\/\\\/unstamps.org\\\/es\\\/producto\\\/florence-nightingale-sello-ordinario-de-vi-e-135-pliego-completo\\\/#primaryimage\"},\"thumbnailUrl\":\"https:\\\/\\\/unstamps.org\\\/wp-content\\\/uploads\\\/2020\\\/04\\\/Florence_Full_Sheet.jpg\",\"datePublished\":\"2020-04-30T13:49:43+00:00\",\"dateModified\":\"2026-01-09T15:54:26+00:00\",\"breadcrumb\":{\"@id\":\"https:\\\/\\\/unstamps.org\\\/es\\\/producto\\\/florence-nightingale-sello-ordinario-de-vi-e-135-pliego-completo\\\/#breadcrumb\"},\"inLanguage\":\"es\",\"potentialAction\":[{\"@type\":\"ReadAction\",\"target\":[\"https:\\\/\\\/unstamps.org\\\/es\\\/producto\\\/florence-nightingale-sello-ordinario-de-vi-e-135-pliego-completo\\\/\"]}]},{\"@type\":\"ImageObject\",\"inLanguage\":\"es\",\"@id\":\"https:\\\/\\\/unstamps.org\\\/es\\\/producto\\\/florence-nightingale-sello-ordinario-de-vi-e-135-pliego-completo\\\/#primaryimage\",\"url\":\"https:\\\/\\\/unstamps.org\\\/wp-content\\\/uploads\\\/2020\\\/04\\\/Florence_Full_Sheet.jpg\",\"contentUrl\":\"https:\\\/\\\/unstamps.org\\\/wp-content\\\/uploads\\\/2020\\\/04\\\/Florence_Full_Sheet.jpg\",\"width\":1024,\"height\":1024},{\"@type\":\"BreadcrumbList\",\"@id\":\"https:\\\/\\\/unstamps.org\\\/es\\\/producto\\\/florence-nightingale-sello-ordinario-de-vi-e-135-pliego-completo\\\/#breadcrumb\",\"itemListElement\":[{\"@type\":\"ListItem\",\"position\":1,\"name\":\"Home\",\"item\":\"https:\\\/\\\/unstamps.org\\\/es\\\/\"},{\"@type\":\"ListItem\",\"position\":2,\"name\":\"Shop\",\"item\":\"https:\\\/\\\/unstamps.org\\\/es\\\/productos\\\/\"},{\"@type\":\"ListItem\",\"position\":3,\"name\":\"Florence Nightingale \u2013 Sello Ordinario de VI \u2013 \u20ac 1,35 Pliego completo\"}]},{\"@type\":\"WebSite\",\"@id\":\"https:\\\/\\\/unstamps.org\\\/es\\\/#website\",\"url\":\"https:\\\/\\\/unstamps.org\\\/es\\\/\",\"name\":\"UN Stamps\",\"description\":\"United Nations Stamps\",\"publisher\":{\"@id\":\"https:\\\/\\\/unstamps.org\\\/es\\\/#organization\"},\"potentialAction\":[{\"@type\":\"SearchAction\",\"target\":{\"@type\":\"EntryPoint\",\"urlTemplate\":\"https:\\\/\\\/unstamps.org\\\/es\\\/?s={search_term_string}\"},\"query-input\":{\"@type\":\"PropertyValueSpecification\",\"valueRequired\":true,\"valueName\":\"search_term_string\"}}],\"inLanguage\":\"es\"},{\"@type\":\"Organization\",\"@id\":\"https:\\\/\\\/unstamps.org\\\/es\\\/#organization\",\"name\":\"UN Stamps\",\"url\":\"https:\\\/\\\/unstamps.org\\\/es\\\/\",\"logo\":{\"@type\":\"ImageObject\",\"inLanguage\":\"es\",\"@id\":\"https:\\\/\\\/unstamps.org\\\/es\\\/#\\\/schema\\\/logo\\\/image\\\/\",\"url\":\"https:\\\/\\\/unstamps.org\\\/wp-content\\\/uploads\\\/2014\\\/01\\\/logo4web.jpg\",\"contentUrl\":\"https:\\\/\\\/unstamps.org\\\/wp-content\\\/uploads\\\/2014\\\/01\\\/logo4web.jpg\",\"width\":2500,\"height\":250,\"caption\":\"UN Stamps\"},\"image\":{\"@id\":\"https:\\\/\\\/unstamps.org\\\/es\\\/#\\\/schema\\\/logo\\\/image\\\/\"}}]}<\/script>\n<!-- \/ Yoast SEO plugin. -->","yoast_head_json":{"title":"Florence Nightingale \u2013 Sello Ordinario de VI \u2013 \u20ac 1,35 Pliego completo - UN Stamps","robots":{"index":"index","follow":"follow","max-snippet":"max-snippet:-1","max-image-preview":"max-image-preview:large","max-video-preview":"max-video-preview:-1"},"canonical":"https:\/\/unstamps.org\/es\/producto\/florence-nightingale-sello-ordinario-de-vi-e-135-pliego-completo\/","og_locale":"es_ES","og_type":"article","og_title":"Florence Nightingale \u2013 Sello Ordinario de VI \u2013 \u20ac 1,35 Pliego completo - UN Stamps","og_description":"La Organizaci\u00f3n Mundial de la Salud (OMS) declar\u00f3 2020 como el A\u00f1o Internacional del Personal de Enfermer\u00eda y de Parter\u00eda para reconocer la contribuci\u00f3n decisiva de ambas profesiones a la salud mundial. En este a\u00f1o se conmemora tambi\u00e9n el bicentenario del nacimiento de la fundadora de la enfermer\u00eda moderna, Florence Nightingale (1820-1910). Florence Nightingale naci\u00f3 [&hellip;]","og_url":"https:\/\/unstamps.org\/es\/producto\/florence-nightingale-sello-ordinario-de-vi-e-135-pliego-completo\/","og_site_name":"UN Stamps","article_modified_time":"2026-01-09T15:54:26+00:00","og_image":[{"width":1024,"height":1024,"url":"https:\/\/unstamps.org\/wp-content\/uploads\/2020\/04\/Florence_Full_Sheet.jpg","type":"image\/jpeg"}],"twitter_card":"summary_large_image","twitter_misc":{"Tiempo de lectura":"2 minutos"},"schema":{"@context":"https:\/\/schema.org","@graph":[{"@type":"WebPage","@id":"https:\/\/unstamps.org\/es\/producto\/florence-nightingale-sello-ordinario-de-vi-e-135-pliego-completo\/","url":"https:\/\/unstamps.org\/es\/producto\/florence-nightingale-sello-ordinario-de-vi-e-135-pliego-completo\/","name":"Florence Nightingale \u2013 Sello Ordinario de VI \u2013 \u20ac 1,35 Pliego completo - UN Stamps","isPartOf":{"@id":"https:\/\/unstamps.org\/es\/#website"},"primaryImageOfPage":{"@id":"https:\/\/unstamps.org\/es\/producto\/florence-nightingale-sello-ordinario-de-vi-e-135-pliego-completo\/#primaryimage"},"image":{"@id":"https:\/\/unstamps.org\/es\/producto\/florence-nightingale-sello-ordinario-de-vi-e-135-pliego-completo\/#primaryimage"},"thumbnailUrl":"https:\/\/unstamps.org\/wp-content\/uploads\/2020\/04\/Florence_Full_Sheet.jpg","datePublished":"2020-04-30T13:49:43+00:00","dateModified":"2026-01-09T15:54:26+00:00","breadcrumb":{"@id":"https:\/\/unstamps.org\/es\/producto\/florence-nightingale-sello-ordinario-de-vi-e-135-pliego-completo\/#breadcrumb"},"inLanguage":"es","potentialAction":[{"@type":"ReadAction","target":["https:\/\/unstamps.org\/es\/producto\/florence-nightingale-sello-ordinario-de-vi-e-135-pliego-completo\/"]}]},{"@type":"ImageObject","inLanguage":"es","@id":"https:\/\/unstamps.org\/es\/producto\/florence-nightingale-sello-ordinario-de-vi-e-135-pliego-completo\/#primaryimage","url":"https:\/\/unstamps.org\/wp-content\/uploads\/2020\/04\/Florence_Full_Sheet.jpg","contentUrl":"https:\/\/unstamps.org\/wp-content\/uploads\/2020\/04\/Florence_Full_Sheet.jpg","width":1024,"height":1024},{"@type":"BreadcrumbList","@id":"https:\/\/unstamps.org\/es\/producto\/florence-nightingale-sello-ordinario-de-vi-e-135-pliego-completo\/#breadcrumb","itemListElement":[{"@type":"ListItem","position":1,"name":"Home","item":"https:\/\/unstamps.org\/es\/"},{"@type":"ListItem","position":2,"name":"Shop","item":"https:\/\/unstamps.org\/es\/productos\/"},{"@type":"ListItem","position":3,"name":"Florence Nightingale \u2013 Sello Ordinario de VI \u2013 \u20ac 1,35 Pliego completo"}]},{"@type":"WebSite","@id":"https:\/\/unstamps.org\/es\/#website","url":"https:\/\/unstamps.org\/es\/","name":"UN Stamps","description":"United Nations Stamps","publisher":{"@id":"https:\/\/unstamps.org\/es\/#organization"},"potentialAction":[{"@type":"SearchAction","target":{"@type":"EntryPoint","urlTemplate":"https:\/\/unstamps.org\/es\/?s={search_term_string}"},"query-input":{"@type":"PropertyValueSpecification","valueRequired":true,"valueName":"search_term_string"}}],"inLanguage":"es"},{"@type":"Organization","@id":"https:\/\/unstamps.org\/es\/#organization","name":"UN Stamps","url":"https:\/\/unstamps.org\/es\/","logo":{"@type":"ImageObject","inLanguage":"es","@id":"https:\/\/unstamps.org\/es\/#\/schema\/logo\/image\/","url":"https:\/\/unstamps.org\/wp-content\/uploads\/2014\/01\/logo4web.jpg","contentUrl":"https:\/\/unstamps.org\/wp-content\/uploads\/2014\/01\/logo4web.jpg","width":2500,"height":250,"caption":"UN Stamps"},"image":{"@id":"https:\/\/unstamps.org\/es\/#\/schema\/logo\/image\/"}}]}},"jetpack_sharing_enabled":true,"publishpress_future_action":{"enabled":false,"date":"2026-04-30 06:15:09","action":"change-status","newStatus":"private","terms":[],"taxonomy":"product_cat","extraData":[]},"publishpress_future_workflow_manual_trigger":{"enabledWorkflows":[]},"_links":{"self":[{"href":"https:\/\/unstamps.org\/es\/wp-json\/wp\/v2\/product\/103700","targetHints":{"allow":["GET"]}}],"collection":[{"href":"https:\/\/unstamps.org\/es\/wp-json\/wp\/v2\/product"}],"about":[{"href":"https:\/\/unstamps.org\/es\/wp-json\/wp\/v2\/types\/product"}],"replies":[{"embeddable":true,"href":"https:\/\/unstamps.org\/es\/wp-json\/wp\/v2\/comments?post=103700"}],"wp:featuredmedia":[{"embeddable":true,"href":"https:\/\/unstamps.org\/es\/wp-json\/wp\/v2\/media\/104301"}],"wp:attachment":[{"href":"https:\/\/unstamps.org\/es\/wp-json\/wp\/v2\/media?parent=103700"}],"wp:term":[{"taxonomy":"product_brand","embeddable":true,"href":"https:\/\/unstamps.org\/es\/wp-json\/wp\/v2\/product_brand?post=103700"},{"taxonomy":"product_cat","embeddable":true,"href":"https:\/\/unstamps.org\/es\/wp-json\/wp\/v2\/product_cat?post=103700"},{"taxonomy":"product_tag","embeddable":true,"href":"https:\/\/unstamps.org\/es\/wp-json\/wp\/v2\/product_tag?post=103700"}],"curies":[{"name":"wp","href":"https:\/\/api.w.org\/{rel}","templated":true}]}}