{"id":99891,"date":"2020-03-19T17:51:58","date_gmt":"2020-03-19T21:51:58","guid":{"rendered":"https:\/\/unstamps.org\/?page_id=99891"},"modified":"2020-05-04T18:00:20","modified_gmt":"2020-05-04T22:00:20","slug":"hello-kitty-es","status":"publish","type":"page","link":"https:\/\/unstamps.org\/es\/hello-kitty-es\/","title":{"rendered":"HELLO KITTY"},"content":{"rendered":"ngg_shortcode_0_placeholder\n<h4>La serie de sellos de HELLO KITTY y OBJETIVOS GLOBALES no estar\u00e1 disponible online. Para hacer un pedido de estos art\u00edculos por favor contacte:<br \/>\nLa oficina de la APNU de Nueva York por correo electr\u00f3nico: unpanyinquiries@un.org o por tel\u00e9fono: +1 800 234 8672.<br \/>\nLa oficina de la APNU de Viena por correo electr\u00f3nico: UNPA-Europe@un.org o por tel\u00e9fono: + 43 1 26060 4032 o 4025<\/h4>\n<p>El 19 de marzo de 2020, la APNU emitir\u00e1 un juego de seis minipliegos dedicados a Hello Kitty y los Objetivos de Desarrollo Sostenible. Los sellos auto-adhesivos est\u00e1n en blanco con varios elementos de Hello Kitty en la pesta\u00f1a, que se pueden incorporar en los sellos, creando sus propios dise\u00f1os personales.<\/p>\n<p>Las Naciones Unidas y Sanrio Co., Ltd. emprendieron una colaboraci\u00f3n estrat\u00e9gica para promover los Objetivos de Desarrollo En el marco de esa colaboraci\u00f3n, Hello Kitty destaca 6 de los 17 Objetivos de Desarrollo Sostenible present\u00e1ndolos mediante la serie mundial de videos, llamada #HelloGlobalGoals.<\/p>\n<p>Los seis objetivos incluidos en los sellos de las Naciones Unidas son los siguientes: Objetivo 3 \u2013 Salud y bienestar; Objetivo 4 \u2013 Educaci\u00f3n de calidad; Objetivo 5 \u2013 Igualdad de g\u00e9nero; Objetivo 11 \u2013 Ciudades y comunidades sostenibles; Objetivo 13 \u2013 Acci\u00f3n por el clima; y Objetivo 14 \u2013 Vida submarina.<\/p>\n<p>La Sra. Melissa Fleming, Secretaria General Adjunta de Comunicaci\u00f3n Global de las Naciones Unidas, se expres\u00f3 en los siguientes t\u00e9rminos: \u201cHello Kitty atraer\u00e1 a su ingente n\u00famero de seguidores a nuestra campa\u00f1a mundial para que los j\u00f3venes de todo el mundo tomen conocimiento de los Objetivos de Desarrollo Sostenible y sepan por qu\u00e9 deber\u00edan contribuir a alcanzarlos\u201d.<\/p>\n<p>La serie se complementa con tres cuadernos plegables que contienen seis pliegos distintos de sellos.<\/p>\n<p><strong>CUADERNOS PLEGABLES<\/strong><\/p>\n<p>La APNU pondr\u00e1 en circulaci\u00f3n tres cuadernos plegables como complemento de la serie de sellos. Cada cuaderno contiene seis minipliegos, cada uno con un sello del mismo valor (US$ 1,20 en Nueva York, CHF 2,00 en Ginebra y \u20ac 1,80 en Viena).<\/p>\n<p><strong>Fecha de emisi\u00f3n:<\/strong> 19 de marzo de 2020<br \/>\n<strong>Artista:<\/strong> Sanrio<br \/>\n<strong>Dise\u00f1ador:<\/strong> Rorie Katz (Naciones Unidas)<br \/>\n<strong>Valor postal:<\/strong> US$ 1,20, CHF 2,00, \u20ac 1,80<br \/>\n<strong>Tama\u00f1o del sello:<\/strong> 60 mm x 60 mm<br \/>\n<strong>Tama\u00f1o del pliego:<\/strong> 180 mm x 110 mm<br \/>\n<strong>Formato:<\/strong> 6 minipliegos de 1 sello de cada (2 pliegos por moneda)<br \/>\n<strong>Impresores:<\/strong><br \/>\n&#8211; Cartor Security Printing (Francia) \u2013 sellos<br \/>\n&#8211; La Poste (Francia) \u2013 cuadernos plegables<br \/>\n<strong>Proceso:<\/strong> Litograf\u00eda offset<br \/>\n<strong>Tiradas:<\/strong><br \/>\nUS$ 1,20 &#8211; Objetivo 3 20.000 minipliegos<br \/>\nUS$ 1,20 &#8211; Objetivo 4 20.000 minipliegos<br \/>\nCHF 2,00 &#8211; Objetivo 5 23.000 minipliegos<br \/>\nCHF 2,00 &#8211; Objetivo 11 23.000 minipliegos<br \/>\n\u20ac 1,80 &#8211; Objetivo 13 26.000 minipliegos<br \/>\n\u20ac 1,80 &#8211; Objetivo 14 26.000 minipliegos<br \/>\n<strong>Cuadernos plegables:<\/strong><br \/>\nNew York 5.000 cuadernos<br \/>\nGinebra 5.000 cuadernos<br \/>\nViena 5.000 cuadernos<\/p>\n","protected":false},"excerpt":{"rendered":"<p>&nbsp; La serie de sellos de HELLO KITTY y OBJETIVOS GLOBALES no estar\u00e1 disponible online. Para hacer un pedido de estos art\u00edculos por favor contacte: La oficina de la APNU de Nueva York por correo electr\u00f3nico: unpanyinquiries@un.org o por tel\u00e9fono: +1 800 234 8672. La oficina de la APNU de Viena por correo electr\u00f3nico: UNPA-Europe@un.org [&hellip;]<\/p>\n","protected":false},"author":20833,"featured_media":0,"parent":0,"menu_order":0,"comment_status":"closed","ping_status":"closed","template":"","meta":{"ngg_post_thumbnail":0,"footnotes":""},"class_list":["post-99891","page","type-page","status-publish","hentry"],"yoast_head":"<!-- This site is optimized with the Yoast SEO plugin v27.4 - https:\/\/yoast.com\/product\/yoast-seo-wordpress\/ -->\n<title>HELLO KITTY - UN Stamps<\/title>\n<meta name=\"robots\" content=\"index, follow, max-snippet:-1, max-image-preview:large, max-video-preview:-1\" \/>\n<link rel=\"canonical\" href=\"https:\/\/unstamps.org\/es\/hello-kitty-es\/\" \/>\n<meta property=\"og:locale\" content=\"es_ES\" \/>\n<meta property=\"og:type\" content=\"article\" \/>\n<meta property=\"og:title\" content=\"HELLO KITTY - UN Stamps\" \/>\n<meta property=\"og:description\" content=\"&nbsp; La serie de sellos de HELLO KITTY y OBJETIVOS GLOBALES no estar\u00e1 disponible online. Para hacer un pedido de estos art\u00edculos por favor contacte: La oficina de la APNU de Nueva York por correo electr\u00f3nico: unpanyinquiries@un.org o por tel\u00e9fono: +1 800 234 8672. La oficina de la APNU de Viena por correo electr\u00f3nico: UNPA-Europe@un.org [&hellip;]\" \/>\n<meta property=\"og:url\" content=\"https:\/\/unstamps.org\/es\/hello-kitty-es\/\" \/>\n<meta property=\"og:site_name\" content=\"UN Stamps\" \/>\n<meta property=\"article:modified_time\" content=\"2020-05-04T22:00:20+00:00\" \/>\n<meta name=\"twitter:card\" content=\"summary_large_image\" \/>\n<meta name=\"twitter:label1\" content=\"Tiempo de lectura\" \/>\n\t<meta name=\"twitter:data1\" content=\"2 minutos\" \/>\n<script type=\"application\/ld+json\" class=\"yoast-schema-graph\">{\"@context\":\"https:\\\/\\\/schema.org\",\"@graph\":[{\"@type\":\"WebPage\",\"@id\":\"https:\\\/\\\/unstamps.org\\\/es\\\/hello-kitty-es\\\/\",\"url\":\"https:\\\/\\\/unstamps.org\\\/es\\\/hello-kitty-es\\\/\",\"name\":\"HELLO KITTY - UN Stamps\",\"isPartOf\":{\"@id\":\"https:\\\/\\\/unstamps.org\\\/es\\\/#website\"},\"datePublished\":\"2020-03-19T21:51:58+00:00\",\"dateModified\":\"2020-05-04T22:00:20+00:00\",\"breadcrumb\":{\"@id\":\"https:\\\/\\\/unstamps.org\\\/es\\\/hello-kitty-es\\\/#breadcrumb\"},\"inLanguage\":\"es\",\"potentialAction\":[{\"@type\":\"ReadAction\",\"target\":[\"https:\\\/\\\/unstamps.org\\\/es\\\/hello-kitty-es\\\/\"]}]},{\"@type\":\"BreadcrumbList\",\"@id\":\"https:\\\/\\\/unstamps.org\\\/es\\\/hello-kitty-es\\\/#breadcrumb\",\"itemListElement\":[{\"@type\":\"ListItem\",\"position\":1,\"name\":\"Home\",\"item\":\"https:\\\/\\\/unstamps.org\\\/es\\\/\"},{\"@type\":\"ListItem\",\"position\":2,\"name\":\"HELLO KITTY\"}]},{\"@type\":\"WebSite\",\"@id\":\"https:\\\/\\\/unstamps.org\\\/es\\\/#website\",\"url\":\"https:\\\/\\\/unstamps.org\\\/es\\\/\",\"name\":\"UN Stamps\",\"description\":\"United Nations Stamps\",\"publisher\":{\"@id\":\"https:\\\/\\\/unstamps.org\\\/es\\\/#organization\"},\"potentialAction\":[{\"@type\":\"SearchAction\",\"target\":{\"@type\":\"EntryPoint\",\"urlTemplate\":\"https:\\\/\\\/unstamps.org\\\/es\\\/?s={search_term_string}\"},\"query-input\":{\"@type\":\"PropertyValueSpecification\",\"valueRequired\":true,\"valueName\":\"search_term_string\"}}],\"inLanguage\":\"es\"},{\"@type\":\"Organization\",\"@id\":\"https:\\\/\\\/unstamps.org\\\/es\\\/#organization\",\"name\":\"UN Stamps\",\"url\":\"https:\\\/\\\/unstamps.org\\\/es\\\/\",\"logo\":{\"@type\":\"ImageObject\",\"inLanguage\":\"es\",\"@id\":\"https:\\\/\\\/unstamps.org\\\/es\\\/#\\\/schema\\\/logo\\\/image\\\/\",\"url\":\"https:\\\/\\\/unstamps.org\\\/wp-content\\\/uploads\\\/2014\\\/01\\\/logo4web.jpg\",\"contentUrl\":\"https:\\\/\\\/unstamps.org\\\/wp-content\\\/uploads\\\/2014\\\/01\\\/logo4web.jpg\",\"width\":2500,\"height\":250,\"caption\":\"UN Stamps\"},\"image\":{\"@id\":\"https:\\\/\\\/unstamps.org\\\/es\\\/#\\\/schema\\\/logo\\\/image\\\/\"}}]}<\/script>\n<!-- \/ Yoast SEO plugin. -->","yoast_head_json":{"title":"HELLO KITTY - UN Stamps","robots":{"index":"index","follow":"follow","max-snippet":"max-snippet:-1","max-image-preview":"max-image-preview:large","max-video-preview":"max-video-preview:-1"},"canonical":"https:\/\/unstamps.org\/es\/hello-kitty-es\/","og_locale":"es_ES","og_type":"article","og_title":"HELLO KITTY - UN Stamps","og_description":"&nbsp; La serie de sellos de HELLO KITTY y OBJETIVOS GLOBALES no estar\u00e1 disponible online. Para hacer un pedido de estos art\u00edculos por favor contacte: La oficina de la APNU de Nueva York por correo electr\u00f3nico: unpanyinquiries@un.org o por tel\u00e9fono: +1 800 234 8672. La oficina de la APNU de Viena por correo electr\u00f3nico: UNPA-Europe@un.org [&hellip;]","og_url":"https:\/\/unstamps.org\/es\/hello-kitty-es\/","og_site_name":"UN Stamps","article_modified_time":"2020-05-04T22:00:20+00:00","twitter_card":"summary_large_image","twitter_misc":{"Tiempo de lectura":"2 minutos"},"schema":{"@context":"https:\/\/schema.org","@graph":[{"@type":"WebPage","@id":"https:\/\/unstamps.org\/es\/hello-kitty-es\/","url":"https:\/\/unstamps.org\/es\/hello-kitty-es\/","name":"HELLO KITTY - UN Stamps","isPartOf":{"@id":"https:\/\/unstamps.org\/es\/#website"},"datePublished":"2020-03-19T21:51:58+00:00","dateModified":"2020-05-04T22:00:20+00:00","breadcrumb":{"@id":"https:\/\/unstamps.org\/es\/hello-kitty-es\/#breadcrumb"},"inLanguage":"es","potentialAction":[{"@type":"ReadAction","target":["https:\/\/unstamps.org\/es\/hello-kitty-es\/"]}]},{"@type":"BreadcrumbList","@id":"https:\/\/unstamps.org\/es\/hello-kitty-es\/#breadcrumb","itemListElement":[{"@type":"ListItem","position":1,"name":"Home","item":"https:\/\/unstamps.org\/es\/"},{"@type":"ListItem","position":2,"name":"HELLO KITTY"}]},{"@type":"WebSite","@id":"https:\/\/unstamps.org\/es\/#website","url":"https:\/\/unstamps.org\/es\/","name":"UN Stamps","description":"United Nations Stamps","publisher":{"@id":"https:\/\/unstamps.org\/es\/#organization"},"potentialAction":[{"@type":"SearchAction","target":{"@type":"EntryPoint","urlTemplate":"https:\/\/unstamps.org\/es\/?s={search_term_string}"},"query-input":{"@type":"PropertyValueSpecification","valueRequired":true,"valueName":"search_term_string"}}],"inLanguage":"es"},{"@type":"Organization","@id":"https:\/\/unstamps.org\/es\/#organization","name":"UN Stamps","url":"https:\/\/unstamps.org\/es\/","logo":{"@type":"ImageObject","inLanguage":"es","@id":"https:\/\/unstamps.org\/es\/#\/schema\/logo\/image\/","url":"https:\/\/unstamps.org\/wp-content\/uploads\/2014\/01\/logo4web.jpg","contentUrl":"https:\/\/unstamps.org\/wp-content\/uploads\/2014\/01\/logo4web.jpg","width":2500,"height":250,"caption":"UN Stamps"},"image":{"@id":"https:\/\/unstamps.org\/es\/#\/schema\/logo\/image\/"}}]}},"jetpack_sharing_enabled":true,"publishpress_future_action":{"enabled":false,"date":"2026-05-05 10:35:13","action":"change-status","newStatus":"draft","terms":[],"taxonomy":"translation_priority","extraData":[]},"publishpress_future_workflow_manual_trigger":{"enabledWorkflows":[]},"_links":{"self":[{"href":"https:\/\/unstamps.org\/es\/wp-json\/wp\/v2\/pages\/99891","targetHints":{"allow":["GET"]}}],"collection":[{"href":"https:\/\/unstamps.org\/es\/wp-json\/wp\/v2\/pages"}],"about":[{"href":"https:\/\/unstamps.org\/es\/wp-json\/wp\/v2\/types\/page"}],"author":[{"embeddable":true,"href":"https:\/\/unstamps.org\/es\/wp-json\/wp\/v2\/users\/20833"}],"replies":[{"embeddable":true,"href":"https:\/\/unstamps.org\/es\/wp-json\/wp\/v2\/comments?post=99891"}],"version-history":[{"count":0,"href":"https:\/\/unstamps.org\/es\/wp-json\/wp\/v2\/pages\/99891\/revisions"}],"wp:attachment":[{"href":"https:\/\/unstamps.org\/es\/wp-json\/wp\/v2\/media?parent=99891"}],"curies":[{"name":"wp","href":"https:\/\/api.w.org\/{rel}","templated":true}]}}