{"id":77283,"date":"2019-07-19T12:30:30","date_gmt":"2019-07-19T16:30:30","guid":{"rendered":"https:\/\/unstamps.org\/?page_id=77283"},"modified":"2026-02-09T05:23:54","modified_gmt":"2026-02-09T10:23:54","slug":"tarifas-postales","status":"publish","type":"page","link":"https:\/\/unstamps.org\/es\/sellos-de-la-apnu\/tarifas-postales\/","title":{"rendered":"Tarifas Postales"},"content":{"rendered":"<p>A continuaci\u00f3n figuran las tarifas postales m\u00e1s habituales para el env\u00edo de cartas franqueadas con sellos de las Naciones Unidas en beneficio de los coleccionistas que deseen obtener sellos cancelados de las Naciones Unidas y preparar sus propios sobres para el env\u00edo de correspondencia.<\/p>\n<h3 style=\"text-align: center;\">Nuevas tarifas postales a partir del 5.10.2025<\/h3>\n<p><strong>Env\u00edo desde la Sede de las Naciones Unidas en Nueva York; sellos de las Naciones Unidas en la moneda de los Estados Unidos \u00daNICAMENTE:<\/strong><\/p>\n<table border=\"0\" width=\"100%\" cellpadding=\"0\">\n<tbody>\n<tr bgcolor=\"#eeeeee\">\n<td valign=\"top\" width=\"50%\">Desde Nueva York a direcciones de los Estados Unidos<\/td>\n<td width=\"57%\">0,78 d\u00f3lares por la primera onza y 0,29 d\u00f3lares<br \/>\npor cada onza adicional hasta las 3,5 onzas. Para pesos superiores a 3,5 onzas, consulte las tarifas planas por peso del servicio postal de los Estados Unidos (USPS).<\/td>\n<\/tr>\n<tr>\n<td valign=\"top\" width=\"50%\">Desde Nueva York a los dem\u00e1s pa\u00edses<\/td>\n<td width=\"57%\">1,70 d\u00f3lares de los Estados Unidos por 1 onza<\/td>\n<\/tr>\n<\/tbody>\n<\/table>\n<table border=\"0\" width=\"100%\" cellpadding=\"0\">\n<tbody>\n<tr>\n<td><strong>Coste de tramitaci\u00f3n:<\/strong><\/td>\n<\/tr>\n<tr bgcolor=\"#cccccc\">\n<td valign=\"top\" bgcolor=\"#cccccc\" width=\"50%\"><strong>Valor del pedido<\/strong><\/td>\n<td><strong>Tarifa<\/strong><\/td>\n<\/tr>\n<tr bgcolor=\"#eeeeee\">\n<td valign=\"top\" width=\"46%\" height=\"19\">0,01 d\u00f3lares y superiores<\/td>\n<td>3,00 d\u00f3lares de los Estados Unidos<\/td>\n<\/tr>\n<tr>\n<td><strong>Tasa de registro: Estados Unidos:<\/strong><\/td>\n<\/tr>\n<tr bgcolor=\"#cccccc\">\n<td valign=\"top\" width=\"46%\"><strong>Valor del pedido<\/strong><\/td>\n<td width=\"54%\"><strong>Tarifa<\/strong><\/td>\n<\/tr>\n<tr bgcolor=\"#eeeeee\">\n<td valign=\"top\" width=\"46%\">De 0,01 a 100,00&nbsp;d\u00f3lares de los Estados Unidos<\/td>\n<td>20,40 d\u00f3lares de los Estados Unidos<\/td>\n<\/tr>\n<tr>\n<td valign=\"top\" width=\"46%\">De 100,01 a 500,00 d\u00f3lares de los Estados Unidos<\/td>\n<td>23,50 d\u00f3lares de los Estados Unidos<\/td>\n<\/tr>\n<tr bgcolor=\"#eeeeee\">\n<td valign=\"top\" width=\"46%\">De 500,01 a 1.000,00 d\u00f3lares de los Estados Unidos<\/td>\n<td>26,40 d\u00f3lares de los Estados Unidos<\/td>\n<\/tr>\n<tr>\n<td><strong>Tasa de registro: dem\u00e1s pa\u00edses:<\/strong><\/td>\n<\/tr>\n<tr bgcolor=\"#cccccc\">\n<td valign=\"top\" width=\"46%\"><strong>Valor del pedido<\/strong><\/td>\n<td><strong>Tarifa<\/strong><\/td>\n<\/tr>\n<tr bgcolor=\"#eeeeee\">\n<td valign=\"top\" width=\"46%\">0,01 d\u00f3lares de los Estados Unidos y superiores<\/td>\n<td>23,40 d\u00f3lares de los Estados Unidos<\/td>\n<\/tr>\n<\/tbody>\n<\/table>\n<p><em>Env\u00ede sobres preparados a:<\/em><br \/>\nUnited Nations Postal Administration<br \/>\nP.O. Box 5900, Grand Central Station<br \/>\nNew York, N.Y. 10163-5900<br \/>\nEstados Unidos de Am\u00e9rica<br \/>\n<em>Indique en el envoltorio exterior: <\/em> FOR MAILING<\/p>\n<h3 style=\"text-align: center;\">Nuevas tarifas postales a partir del 1 de enero de 2024<\/h3>\n<p><strong>Env\u00edo desde el Palacio de las Naciones de Ginebra; sellos de las Naciones Unidas en francos suizos \u00daNICAMENTE:<\/strong><\/p>\n<table border=\"0\" width=\"100%\" cellpadding=\"0\">\n<tbody>\n<tr bgcolor=\"#eeeeee\">\n<td valign=\"top\" width=\"50%\">Desde Ginebra a direcciones suizas<\/td>\n<td width=\"50%\">1,20 franco suizo<\/td>\n<\/tr>\n<tr>\n<td valign=\"top\" width=\"50%\">Desde Ginebra a pa\u00edses europeos<\/td>\n<td width=\"50%\">1,90 francos suizos<\/td>\n<\/tr>\n<tr bgcolor=\"#eeeeee\">\n<td valign=\"top\" width=\"50%\">Desde Ginebra a los dem\u00e1s pa\u00edses<\/td>\n<td width=\"50%\">2,50 francos suizos<\/td>\n<\/tr>\n<\/tbody>\n<\/table>\n<p><strong> <em>Estas tarifas se aplican a cartas de hasta 20 gramos de peso.<\/em><\/strong><\/p>\n<table border=\"0\" width=\"100%\" cellpadding=\"0\">\n<tbody>\n<tr>\n<td><strong>Tasa de registro:<\/strong><\/td>\n<\/tr>\n<tr bgcolor=\"#eeeeee\">\n<td valign=\"top\" width=\"50%\">Desde Ginebra a direcciones suizas<\/td>\n<td width=\"50%\">6,50 francos suizos<\/td>\n<\/tr>\n<tr>\n<td valign=\"top\" width=\"50%\">Desde Ginebra a los dem\u00e1s pa\u00edses<\/td>\n<td width=\"50%\">6,50 francos suizos<\/td>\n<\/tr>\n<\/tbody>\n<\/table>\n<p><em>Env\u00ede sobres preparados a: <\/em><br \/>\nAdministration postale de l&#8217;ONU<br \/>\nPalais des Nations<br \/>\nCH-1211 Gen\u00e8ve 10<br \/>\nSuiza<br \/>\n<em>Indique en el envoltorio exterior: <\/em> FOR MAILING<\/p>\n<h3 style=\"text-align: center;\">Nuevas tarifas postales a partir del 1 de enero de 2026<\/h3>\n<p><strong>Env\u00edo desde el Centro Internacional de Viena; sellos de las Naciones Unidas en euros \u00daNICAMENTE:<\/strong><\/p>\n<table border=\"0\" width=\"100%\" cellpadding=\"0\">\n<tbody>\n<tr bgcolor=\"#eeeeee\">\n<td valign=\"top\" width=\"50%\">Desde Viena a direcciones austriacas<\/td>\n<td width=\"50%\">1,00 euros<\/td>\n<\/tr>\n<tr>\n<td valign=\"top\" width=\"50%\">Desde Viena a pa\u00edses europeos<\/td>\n<td width=\"50%\">1,25 euros<\/td>\n<\/tr>\n<tr bgcolor=\"#eeeeee\">\n<td valign=\"top\" width=\"50%\">Desde Viena a los dem\u00e1s pa\u00edses<\/td>\n<td width=\"50%\">2,00 euros<\/td>\n<\/tr>\n<\/tbody>\n<\/table>\n<p><strong> <em>Estas tarifas se aplican a cartas ordinarias de hasta 20 gramos de peso.<\/em><\/strong><\/p>\n<table border=\"0\" width=\"100%\" cellpadding=\"0\">\n<tbody>\n<tr>\n<td><strong>Tasa de registro:<\/strong><\/td>\n<\/tr>\n<tr bgcolor=\"#eeeeee\">\n<td valign=\"top\" width=\"50%\">Desde Viena a direcciones austriacas<\/td>\n<td width=\"50%\">2,50 euros<\/td>\n<\/tr>\n<tr>\n<td valign=\"top\" width=\"50%\">Desde Viena a los dem\u00e1s pa\u00edses<\/td>\n<td width=\"50%\">3,95 euros<\/td>\n<\/tr>\n<\/tbody>\n<\/table>\n<p><em>Env\u00ede sobres preparados a:<br \/>\n<\/em> Postverwaltung der Vereinten Nationen<br \/>\nPostfach 900<br \/>\nInternationales Zentrum Wien<br \/>\n1400 Wien &#8211; Vereinte Nationen<br \/>\nAustria<br \/>\n<em>Indique en el envoltorio exterior: <\/em> FOR MAILING <em><br \/>\n<\/em><\/p>\n","protected":false},"excerpt":{"rendered":"<p>A continuaci\u00f3n figuran las tarifas postales m\u00e1s habituales para el env\u00edo de cartas franqueadas con sellos de las Naciones Unidas en beneficio de los coleccionistas que deseen obtener sellos cancelados de las Naciones Unidas y preparar sus propios sobres para el env\u00edo de correspondencia. Nuevas tarifas postales a partir del 5.10.2025 Env\u00edo desde la Sede [&hellip;]<\/p>\n","protected":false},"author":20833,"featured_media":0,"parent":77169,"menu_order":0,"comment_status":"open","ping_status":"open","template":"","meta":{"ngg_post_thumbnail":0,"footnotes":""},"class_list":["post-77283","page","type-page","status-publish","hentry"],"yoast_head":"<!-- This site is optimized with the Yoast SEO plugin v27.5 - https:\/\/yoast.com\/product\/yoast-seo-wordpress\/ -->\n<title>Tarifas Postales - UN Stamps<\/title>\n<meta name=\"robots\" content=\"index, follow, max-snippet:-1, max-image-preview:large, max-video-preview:-1\" \/>\n<link rel=\"canonical\" href=\"https:\/\/unstamps.org\/es\/sellos-de-la-apnu\/tarifas-postales\/\" \/>\n<meta property=\"og:locale\" content=\"es_ES\" \/>\n<meta property=\"og:type\" content=\"article\" \/>\n<meta property=\"og:title\" content=\"Tarifas Postales - UN Stamps\" \/>\n<meta property=\"og:description\" content=\"A continuaci\u00f3n figuran las tarifas postales m\u00e1s habituales para el env\u00edo de cartas franqueadas con sellos de las Naciones Unidas en beneficio de los coleccionistas que deseen obtener sellos cancelados de las Naciones Unidas y preparar sus propios sobres para el env\u00edo de correspondencia. Nuevas tarifas postales a partir del 5.10.2025 Env\u00edo desde la Sede [&hellip;]\" \/>\n<meta property=\"og:url\" content=\"https:\/\/unstamps.org\/es\/sellos-de-la-apnu\/tarifas-postales\/\" \/>\n<meta property=\"og:site_name\" content=\"UN Stamps\" \/>\n<meta property=\"article:modified_time\" content=\"2026-02-09T10:23:54+00:00\" \/>\n<meta name=\"twitter:card\" content=\"summary_large_image\" \/>\n<meta name=\"twitter:label1\" content=\"Tiempo de lectura\" \/>\n\t<meta name=\"twitter:data1\" content=\"3 minutos\" \/>\n<script type=\"application\/ld+json\" class=\"yoast-schema-graph\">{\"@context\":\"https:\\\/\\\/schema.org\",\"@graph\":[{\"@type\":\"WebPage\",\"@id\":\"https:\\\/\\\/unstamps.org\\\/es\\\/sellos-de-la-apnu\\\/tarifas-postales\\\/\",\"url\":\"https:\\\/\\\/unstamps.org\\\/es\\\/sellos-de-la-apnu\\\/tarifas-postales\\\/\",\"name\":\"Tarifas Postales - UN Stamps\",\"isPartOf\":{\"@id\":\"https:\\\/\\\/unstamps.org\\\/es\\\/#website\"},\"datePublished\":\"2019-07-19T16:30:30+00:00\",\"dateModified\":\"2026-02-09T10:23:54+00:00\",\"breadcrumb\":{\"@id\":\"https:\\\/\\\/unstamps.org\\\/es\\\/sellos-de-la-apnu\\\/tarifas-postales\\\/#breadcrumb\"},\"inLanguage\":\"es\",\"potentialAction\":[{\"@type\":\"ReadAction\",\"target\":[\"https:\\\/\\\/unstamps.org\\\/es\\\/sellos-de-la-apnu\\\/tarifas-postales\\\/\"]}]},{\"@type\":\"BreadcrumbList\",\"@id\":\"https:\\\/\\\/unstamps.org\\\/es\\\/sellos-de-la-apnu\\\/tarifas-postales\\\/#breadcrumb\",\"itemListElement\":[{\"@type\":\"ListItem\",\"position\":1,\"name\":\"Home\",\"item\":\"https:\\\/\\\/unstamps.org\\\/es\\\/\"},{\"@type\":\"ListItem\",\"position\":2,\"name\":\"Sellos de la APNU\",\"item\":\"https:\\\/\\\/unstamps.org\\\/es\\\/sellos-de-la-apnu\\\/\"},{\"@type\":\"ListItem\",\"position\":3,\"name\":\"Tarifas Postales\"}]},{\"@type\":\"WebSite\",\"@id\":\"https:\\\/\\\/unstamps.org\\\/es\\\/#website\",\"url\":\"https:\\\/\\\/unstamps.org\\\/es\\\/\",\"name\":\"UN Stamps\",\"description\":\"United Nations Stamps\",\"publisher\":{\"@id\":\"https:\\\/\\\/unstamps.org\\\/es\\\/#organization\"},\"potentialAction\":[{\"@type\":\"SearchAction\",\"target\":{\"@type\":\"EntryPoint\",\"urlTemplate\":\"https:\\\/\\\/unstamps.org\\\/es\\\/?s={search_term_string}\"},\"query-input\":{\"@type\":\"PropertyValueSpecification\",\"valueRequired\":true,\"valueName\":\"search_term_string\"}}],\"inLanguage\":\"es\"},{\"@type\":\"Organization\",\"@id\":\"https:\\\/\\\/unstamps.org\\\/es\\\/#organization\",\"name\":\"UN Stamps\",\"url\":\"https:\\\/\\\/unstamps.org\\\/es\\\/\",\"logo\":{\"@type\":\"ImageObject\",\"inLanguage\":\"es\",\"@id\":\"https:\\\/\\\/unstamps.org\\\/es\\\/#\\\/schema\\\/logo\\\/image\\\/\",\"url\":\"https:\\\/\\\/unstamps.org\\\/wp-content\\\/uploads\\\/2014\\\/01\\\/logo4web.jpg\",\"contentUrl\":\"https:\\\/\\\/unstamps.org\\\/wp-content\\\/uploads\\\/2014\\\/01\\\/logo4web.jpg\",\"width\":2500,\"height\":250,\"caption\":\"UN Stamps\"},\"image\":{\"@id\":\"https:\\\/\\\/unstamps.org\\\/es\\\/#\\\/schema\\\/logo\\\/image\\\/\"}}]}<\/script>\n<!-- \/ Yoast SEO plugin. -->","yoast_head_json":{"title":"Tarifas Postales - UN Stamps","robots":{"index":"index","follow":"follow","max-snippet":"max-snippet:-1","max-image-preview":"max-image-preview:large","max-video-preview":"max-video-preview:-1"},"canonical":"https:\/\/unstamps.org\/es\/sellos-de-la-apnu\/tarifas-postales\/","og_locale":"es_ES","og_type":"article","og_title":"Tarifas Postales - UN Stamps","og_description":"A continuaci\u00f3n figuran las tarifas postales m\u00e1s habituales para el env\u00edo de cartas franqueadas con sellos de las Naciones Unidas en beneficio de los coleccionistas que deseen obtener sellos cancelados de las Naciones Unidas y preparar sus propios sobres para el env\u00edo de correspondencia. Nuevas tarifas postales a partir del 5.10.2025 Env\u00edo desde la Sede [&hellip;]","og_url":"https:\/\/unstamps.org\/es\/sellos-de-la-apnu\/tarifas-postales\/","og_site_name":"UN Stamps","article_modified_time":"2026-02-09T10:23:54+00:00","twitter_card":"summary_large_image","twitter_misc":{"Tiempo de lectura":"3 minutos"},"schema":{"@context":"https:\/\/schema.org","@graph":[{"@type":"WebPage","@id":"https:\/\/unstamps.org\/es\/sellos-de-la-apnu\/tarifas-postales\/","url":"https:\/\/unstamps.org\/es\/sellos-de-la-apnu\/tarifas-postales\/","name":"Tarifas Postales - UN Stamps","isPartOf":{"@id":"https:\/\/unstamps.org\/es\/#website"},"datePublished":"2019-07-19T16:30:30+00:00","dateModified":"2026-02-09T10:23:54+00:00","breadcrumb":{"@id":"https:\/\/unstamps.org\/es\/sellos-de-la-apnu\/tarifas-postales\/#breadcrumb"},"inLanguage":"es","potentialAction":[{"@type":"ReadAction","target":["https:\/\/unstamps.org\/es\/sellos-de-la-apnu\/tarifas-postales\/"]}]},{"@type":"BreadcrumbList","@id":"https:\/\/unstamps.org\/es\/sellos-de-la-apnu\/tarifas-postales\/#breadcrumb","itemListElement":[{"@type":"ListItem","position":1,"name":"Home","item":"https:\/\/unstamps.org\/es\/"},{"@type":"ListItem","position":2,"name":"Sellos de la APNU","item":"https:\/\/unstamps.org\/es\/sellos-de-la-apnu\/"},{"@type":"ListItem","position":3,"name":"Tarifas Postales"}]},{"@type":"WebSite","@id":"https:\/\/unstamps.org\/es\/#website","url":"https:\/\/unstamps.org\/es\/","name":"UN Stamps","description":"United Nations Stamps","publisher":{"@id":"https:\/\/unstamps.org\/es\/#organization"},"potentialAction":[{"@type":"SearchAction","target":{"@type":"EntryPoint","urlTemplate":"https:\/\/unstamps.org\/es\/?s={search_term_string}"},"query-input":{"@type":"PropertyValueSpecification","valueRequired":true,"valueName":"search_term_string"}}],"inLanguage":"es"},{"@type":"Organization","@id":"https:\/\/unstamps.org\/es\/#organization","name":"UN Stamps","url":"https:\/\/unstamps.org\/es\/","logo":{"@type":"ImageObject","inLanguage":"es","@id":"https:\/\/unstamps.org\/es\/#\/schema\/logo\/image\/","url":"https:\/\/unstamps.org\/wp-content\/uploads\/2014\/01\/logo4web.jpg","contentUrl":"https:\/\/unstamps.org\/wp-content\/uploads\/2014\/01\/logo4web.jpg","width":2500,"height":250,"caption":"UN Stamps"},"image":{"@id":"https:\/\/unstamps.org\/es\/#\/schema\/logo\/image\/"}}]}},"jetpack_sharing_enabled":true,"publishpress_future_action":{"enabled":false,"date":"2026-05-12 22:50:40","action":"change-status","newStatus":"draft","terms":[],"taxonomy":"translation_priority","extraData":[]},"publishpress_future_workflow_manual_trigger":{"enabledWorkflows":[]},"_links":{"self":[{"href":"https:\/\/unstamps.org\/es\/wp-json\/wp\/v2\/pages\/77283","targetHints":{"allow":["GET"]}}],"collection":[{"href":"https:\/\/unstamps.org\/es\/wp-json\/wp\/v2\/pages"}],"about":[{"href":"https:\/\/unstamps.org\/es\/wp-json\/wp\/v2\/types\/page"}],"author":[{"embeddable":true,"href":"https:\/\/unstamps.org\/es\/wp-json\/wp\/v2\/users\/20833"}],"replies":[{"embeddable":true,"href":"https:\/\/unstamps.org\/es\/wp-json\/wp\/v2\/comments?post=77283"}],"version-history":[{"count":0,"href":"https:\/\/unstamps.org\/es\/wp-json\/wp\/v2\/pages\/77283\/revisions"}],"up":[{"embeddable":true,"href":"https:\/\/unstamps.org\/es\/wp-json\/wp\/v2\/pages\/77169"}],"wp:attachment":[{"href":"https:\/\/unstamps.org\/es\/wp-json\/wp\/v2\/media?parent=77283"}],"curies":[{"name":"wp","href":"https:\/\/api.w.org\/{rel}","templated":true}]}}