{"id":73526,"date":"2019-06-12T15:42:27","date_gmt":"2019-06-12T19:42:27","guid":{"rendered":"https:\/\/unstamps.org\/?page_id=73526"},"modified":"2019-06-12T15:42:28","modified_gmt":"2019-06-12T19:42:28","slug":"cosas-que-debes-saber","status":"publish","type":"page","link":"https:\/\/unstamps.org\/es\/sellos-de-la-apnu\/cosas-que-debes-saber\/","title":{"rendered":"Cosas que debes saber"},"content":{"rendered":"<p>Sellos de las Naciones Unidas utilizados para la correspondencia<br \/>\nLos sellos de las Naciones Unidas en la moneda de los Estados Unidos de Am\u00e9rica son aptos para el env\u00edo postal \u00fanicamente si este se realiza desde la Sede de las Naciones Unidas en Nueva York. Los sellos en francos suizos son aptos para el env\u00edo postal \u00fanicamente si este se efect\u00faa en el Palacio de las Naciones, en Ginebra (Suiza). Los sellos en euros son aptos para el env\u00edo postal \u00fanicamente si este se realiza en el Centro Internacional de Viena (Austria).<\/p>\n<p>Precio<br \/>\nLos sellos se venden a su valor nominal. Los sellos de las oficinas de las Naciones Unidas en Ginebra y Viena se venden a los precios equivalentes en d\u00f3lares de los Estados Unidos, redondeados al c\u00e9ntimo m\u00e1s cercano. El equivalente estadounidense de los sellos en valores en euros y francos suizos est\u00e1 sujeto a la fluctuaci\u00f3n de los tipos de cambio. Los sellos postales y los productos relacionados con sellos que se adquieran en la Administraci\u00f3n Postal de las Naciones Unidas no est\u00e1n sujetos a impuestos de ventas.<\/p>\n<p>Pedidos<br \/>\nTodos los pedidos se atienden con arreglo a las existencias disponibles. Cuando no se pueda servir \u00edntegramente alg\u00fan pedido concreto, el remanente del pago que haya realizado el cliente se le ingresar\u00e1 en su cuenta.<\/p>\n<p>Inscripciones marginales (I.M.)<br \/>\nLas inscripciones marginales suelen estar conformadas por el emblema de las Naciones Unidas y un texto pertinente, colocadas en cuatro posiciones en cada pliego. Se podr\u00e1 obtener un bloque con inscripci\u00f3n marginal \u00fanicamente cuando se realice un pedido m\u00ednimo de 4 sellos de emisiones de sellos conmemorativos, ordinarios o de correo a\u00e9reo, con independencia del valor facial de los sellos.<br \/>\nTambi\u00e9n se podr\u00e1 elegir la inscripci\u00f3n marginal cuando se pida un sobre de primer d\u00eda de emisi\u00f3n con un bloque de cuatro sellos.<br \/>\nLas cuatro opciones disponibles son las siguientes:<\/p>\n<p>Venta y sustituci\u00f3n<br \/>\nSe har\u00e1 todo lo posible por ofrecer a los clientes de la APNU material de la m\u00e1xima calidad filat\u00e9lica. Por lo tanto, todas las ventas son definitivas y no se realizar\u00e1 ninguna sustituci\u00f3n ni reembolso, salvo en el caso de que los sellos se reciban da\u00f1ados.<\/p>\n<p>Condiciones<br \/>\nLa Administraci\u00f3n Postal de las Naciones Unidas se reserva en todo momento el derecho de limitar las cantidades de los pedidos individuales, as\u00ed como el derecho de denegar la cancelaci\u00f3n oficial por parte de las Naciones Unidas de cualquier material que se considere inadecuado.<br \/>\nGastos de env\u00edo<br \/>\nEn este momento, todos los pedidos ordinarios que se realicen a trav\u00e9s de nuestro sitio web est\u00e1n sujetos a una tasa de 5,00 d\u00f3lares en concepto de gastos de env\u00edo. Todos los pedidos de valor igual o superior a 200,00 d\u00f3lares se enviar\u00e1n por correo certificado, cuyo costo se cargar\u00e1 en la cuenta del cliente.<\/p>\n","protected":false},"excerpt":{"rendered":"<p>Sellos de las Naciones Unidas utilizados para la correspondencia Los sellos de las Naciones Unidas en la moneda de los Estados Unidos de Am\u00e9rica son aptos para el env\u00edo postal \u00fanicamente si este se realiza desde la Sede de las Naciones Unidas en Nueva York. Los sellos en francos suizos son aptos para el env\u00edo [&hellip;]<\/p>\n","protected":false},"author":20833,"featured_media":0,"parent":77169,"menu_order":0,"comment_status":"open","ping_status":"open","template":"","meta":{"ngg_post_thumbnail":0,"footnotes":""},"class_list":["post-73526","page","type-page","status-publish","hentry"],"yoast_head":"<!-- This site is optimized with the Yoast SEO plugin v27.3 - https:\/\/yoast.com\/product\/yoast-seo-wordpress\/ -->\n<title>Cosas que debes saber - UN Stamps<\/title>\n<meta name=\"robots\" content=\"index, follow, max-snippet:-1, max-image-preview:large, max-video-preview:-1\" \/>\n<link rel=\"canonical\" href=\"https:\/\/unstamps.org\/es\/sellos-de-la-apnu\/cosas-que-debes-saber\/\" \/>\n<meta property=\"og:locale\" content=\"es_ES\" \/>\n<meta property=\"og:type\" content=\"article\" \/>\n<meta property=\"og:title\" content=\"Cosas que debes saber - UN Stamps\" \/>\n<meta property=\"og:description\" content=\"Sellos de las Naciones Unidas utilizados para la correspondencia Los sellos de las Naciones Unidas en la moneda de los Estados Unidos de Am\u00e9rica son aptos para el env\u00edo postal \u00fanicamente si este se realiza desde la Sede de las Naciones Unidas en Nueva York. Los sellos en francos suizos son aptos para el env\u00edo [&hellip;]\" \/>\n<meta property=\"og:url\" content=\"https:\/\/unstamps.org\/es\/sellos-de-la-apnu\/cosas-que-debes-saber\/\" \/>\n<meta property=\"og:site_name\" content=\"UN Stamps\" \/>\n<meta property=\"article:modified_time\" content=\"2019-06-12T19:42:28+00:00\" \/>\n<meta name=\"twitter:card\" content=\"summary_large_image\" \/>\n<meta name=\"twitter:label1\" content=\"Tiempo de lectura\" \/>\n\t<meta name=\"twitter:data1\" content=\"2 minutos\" \/>\n<script type=\"application\/ld+json\" class=\"yoast-schema-graph\">{\"@context\":\"https:\\\/\\\/schema.org\",\"@graph\":[{\"@type\":\"WebPage\",\"@id\":\"https:\\\/\\\/unstamps.org\\\/es\\\/sellos-de-la-apnu\\\/cosas-que-debes-saber\\\/\",\"url\":\"https:\\\/\\\/unstamps.org\\\/es\\\/sellos-de-la-apnu\\\/cosas-que-debes-saber\\\/\",\"name\":\"Cosas que debes saber - UN Stamps\",\"isPartOf\":{\"@id\":\"https:\\\/\\\/unstamps.org\\\/es\\\/#website\"},\"datePublished\":\"2019-06-12T19:42:27+00:00\",\"dateModified\":\"2019-06-12T19:42:28+00:00\",\"breadcrumb\":{\"@id\":\"https:\\\/\\\/unstamps.org\\\/es\\\/sellos-de-la-apnu\\\/cosas-que-debes-saber\\\/#breadcrumb\"},\"inLanguage\":\"es\",\"potentialAction\":[{\"@type\":\"ReadAction\",\"target\":[\"https:\\\/\\\/unstamps.org\\\/es\\\/sellos-de-la-apnu\\\/cosas-que-debes-saber\\\/\"]}]},{\"@type\":\"BreadcrumbList\",\"@id\":\"https:\\\/\\\/unstamps.org\\\/es\\\/sellos-de-la-apnu\\\/cosas-que-debes-saber\\\/#breadcrumb\",\"itemListElement\":[{\"@type\":\"ListItem\",\"position\":1,\"name\":\"Home\",\"item\":\"https:\\\/\\\/unstamps.org\\\/es\\\/\"},{\"@type\":\"ListItem\",\"position\":2,\"name\":\"Sellos de la APNU\",\"item\":\"https:\\\/\\\/unstamps.org\\\/es\\\/sellos-de-la-apnu\\\/\"},{\"@type\":\"ListItem\",\"position\":3,\"name\":\"Cosas que debes saber\"}]},{\"@type\":\"WebSite\",\"@id\":\"https:\\\/\\\/unstamps.org\\\/es\\\/#website\",\"url\":\"https:\\\/\\\/unstamps.org\\\/es\\\/\",\"name\":\"UN Stamps\",\"description\":\"United Nations Stamps\",\"publisher\":{\"@id\":\"https:\\\/\\\/unstamps.org\\\/es\\\/#organization\"},\"potentialAction\":[{\"@type\":\"SearchAction\",\"target\":{\"@type\":\"EntryPoint\",\"urlTemplate\":\"https:\\\/\\\/unstamps.org\\\/es\\\/?s={search_term_string}\"},\"query-input\":{\"@type\":\"PropertyValueSpecification\",\"valueRequired\":true,\"valueName\":\"search_term_string\"}}],\"inLanguage\":\"es\"},{\"@type\":\"Organization\",\"@id\":\"https:\\\/\\\/unstamps.org\\\/es\\\/#organization\",\"name\":\"UN Stamps\",\"url\":\"https:\\\/\\\/unstamps.org\\\/es\\\/\",\"logo\":{\"@type\":\"ImageObject\",\"inLanguage\":\"es\",\"@id\":\"https:\\\/\\\/unstamps.org\\\/es\\\/#\\\/schema\\\/logo\\\/image\\\/\",\"url\":\"https:\\\/\\\/unstamps.org\\\/wp-content\\\/uploads\\\/2014\\\/01\\\/logo4web.jpg\",\"contentUrl\":\"https:\\\/\\\/unstamps.org\\\/wp-content\\\/uploads\\\/2014\\\/01\\\/logo4web.jpg\",\"width\":2500,\"height\":250,\"caption\":\"UN Stamps\"},\"image\":{\"@id\":\"https:\\\/\\\/unstamps.org\\\/es\\\/#\\\/schema\\\/logo\\\/image\\\/\"}}]}<\/script>\n<!-- \/ Yoast SEO plugin. -->","yoast_head_json":{"title":"Cosas que debes saber - UN Stamps","robots":{"index":"index","follow":"follow","max-snippet":"max-snippet:-1","max-image-preview":"max-image-preview:large","max-video-preview":"max-video-preview:-1"},"canonical":"https:\/\/unstamps.org\/es\/sellos-de-la-apnu\/cosas-que-debes-saber\/","og_locale":"es_ES","og_type":"article","og_title":"Cosas que debes saber - UN Stamps","og_description":"Sellos de las Naciones Unidas utilizados para la correspondencia Los sellos de las Naciones Unidas en la moneda de los Estados Unidos de Am\u00e9rica son aptos para el env\u00edo postal \u00fanicamente si este se realiza desde la Sede de las Naciones Unidas en Nueva York. Los sellos en francos suizos son aptos para el env\u00edo [&hellip;]","og_url":"https:\/\/unstamps.org\/es\/sellos-de-la-apnu\/cosas-que-debes-saber\/","og_site_name":"UN Stamps","article_modified_time":"2019-06-12T19:42:28+00:00","twitter_card":"summary_large_image","twitter_misc":{"Tiempo de lectura":"2 minutos"},"schema":{"@context":"https:\/\/schema.org","@graph":[{"@type":"WebPage","@id":"https:\/\/unstamps.org\/es\/sellos-de-la-apnu\/cosas-que-debes-saber\/","url":"https:\/\/unstamps.org\/es\/sellos-de-la-apnu\/cosas-que-debes-saber\/","name":"Cosas que debes saber - UN Stamps","isPartOf":{"@id":"https:\/\/unstamps.org\/es\/#website"},"datePublished":"2019-06-12T19:42:27+00:00","dateModified":"2019-06-12T19:42:28+00:00","breadcrumb":{"@id":"https:\/\/unstamps.org\/es\/sellos-de-la-apnu\/cosas-que-debes-saber\/#breadcrumb"},"inLanguage":"es","potentialAction":[{"@type":"ReadAction","target":["https:\/\/unstamps.org\/es\/sellos-de-la-apnu\/cosas-que-debes-saber\/"]}]},{"@type":"BreadcrumbList","@id":"https:\/\/unstamps.org\/es\/sellos-de-la-apnu\/cosas-que-debes-saber\/#breadcrumb","itemListElement":[{"@type":"ListItem","position":1,"name":"Home","item":"https:\/\/unstamps.org\/es\/"},{"@type":"ListItem","position":2,"name":"Sellos de la APNU","item":"https:\/\/unstamps.org\/es\/sellos-de-la-apnu\/"},{"@type":"ListItem","position":3,"name":"Cosas que debes saber"}]},{"@type":"WebSite","@id":"https:\/\/unstamps.org\/es\/#website","url":"https:\/\/unstamps.org\/es\/","name":"UN Stamps","description":"United Nations Stamps","publisher":{"@id":"https:\/\/unstamps.org\/es\/#organization"},"potentialAction":[{"@type":"SearchAction","target":{"@type":"EntryPoint","urlTemplate":"https:\/\/unstamps.org\/es\/?s={search_term_string}"},"query-input":{"@type":"PropertyValueSpecification","valueRequired":true,"valueName":"search_term_string"}}],"inLanguage":"es"},{"@type":"Organization","@id":"https:\/\/unstamps.org\/es\/#organization","name":"UN Stamps","url":"https:\/\/unstamps.org\/es\/","logo":{"@type":"ImageObject","inLanguage":"es","@id":"https:\/\/unstamps.org\/es\/#\/schema\/logo\/image\/","url":"https:\/\/unstamps.org\/wp-content\/uploads\/2014\/01\/logo4web.jpg","contentUrl":"https:\/\/unstamps.org\/wp-content\/uploads\/2014\/01\/logo4web.jpg","width":2500,"height":250,"caption":"UN Stamps"},"image":{"@id":"https:\/\/unstamps.org\/es\/#\/schema\/logo\/image\/"}}]}},"jetpack_sharing_enabled":true,"publishpress_future_action":{"enabled":false,"date":"2026-04-10 20:37:34","action":"change-status","newStatus":"draft","terms":[],"taxonomy":"translation_priority","extraData":[]},"publishpress_future_workflow_manual_trigger":{"enabledWorkflows":[]},"_links":{"self":[{"href":"https:\/\/unstamps.org\/es\/wp-json\/wp\/v2\/pages\/73526","targetHints":{"allow":["GET"]}}],"collection":[{"href":"https:\/\/unstamps.org\/es\/wp-json\/wp\/v2\/pages"}],"about":[{"href":"https:\/\/unstamps.org\/es\/wp-json\/wp\/v2\/types\/page"}],"author":[{"embeddable":true,"href":"https:\/\/unstamps.org\/es\/wp-json\/wp\/v2\/users\/20833"}],"replies":[{"embeddable":true,"href":"https:\/\/unstamps.org\/es\/wp-json\/wp\/v2\/comments?post=73526"}],"version-history":[{"count":0,"href":"https:\/\/unstamps.org\/es\/wp-json\/wp\/v2\/pages\/73526\/revisions"}],"up":[{"embeddable":true,"href":"https:\/\/unstamps.org\/es\/wp-json\/wp\/v2\/pages\/77169"}],"wp:attachment":[{"href":"https:\/\/unstamps.org\/es\/wp-json\/wp\/v2\/media?parent=73526"}],"curies":[{"name":"wp","href":"https:\/\/api.w.org\/{rel}","templated":true}]}}