{"id":73377,"date":"2019-06-12T11:11:34","date_gmt":"2019-06-12T15:11:34","guid":{"rendered":"https:\/\/unstamps.org\/?page_id=73377"},"modified":"2019-06-12T11:11:35","modified_gmt":"2019-06-12T15:11:35","slug":"historia","status":"publish","type":"page","link":"https:\/\/unstamps.org\/es\/sellos-de-la-apnu\/historia\/","title":{"rendered":"Historia"},"content":{"rendered":"\n<p><strong>Historia de los sellos de las <\/strong><strong>Naciones<\/strong><strong> Unidas<\/strong><strong><\/strong><\/p>\n\n\n\n<p>La idea de que las Naciones Unidas emitieran sus propios sellos fue\npropuesta por primera vez por \u200ela Argentina en 1947. En 1951 se alcanz\u00f3 un\nacuerdo con las autoridades postales de los Estados \u200eUnidos de Am\u00e9rica, en el que se estipulaba que\nlos sellos se emitir\u00edan en la moneda de ese pa\u00eds y \u200eque se utilizar\u00edan \u00fanicamente en la Sede las\nNaciones Unidas.\u200e<\/p>\n\n\n\n<p>Los primeros sellos de las Naciones Unidas se emitieron en d\u00f3lares de los\nEstados Unidos el 24 de \u200eoctubre de 1951, D\u00eda de las Naciones Unidas.\nEl \u00e9xito de los sellos fue inmediato y se agotaron en \u200epocos&nbsp;d\u00edas.\u200e<\/p>\n\n\n\n<p>Se concertaron acuerdos similares con las autoridades postales de Suiza y\nAustria. El 11 de \u200ediciembre de 1968, las Naciones Unidas y Swiss\nPostal Telephone and Telegraph Enterprise \u200ealcanzaron un&nbsp;acuerdo que permiti\u00f3 a la\noficina de Ginebra de la APNU emitir los primeros sellos de \u200elas Naciones&nbsp;Unidas en francos suizos el\nd\u00eda 4 de octubre de 1969.\u200e<\/p>\n\n\n\n<p>M\u00e1s adelante, el 28 de junio de 1979 la Organizaci\u00f3n lleg\u00f3 a un acuerdo\nsimilar con el gobierno&nbsp;\u200eaustriaco, gracias al cual la oficina de Viena\nde la APNU pudo emitir los primeros sellos de las \u200eNaciones Unidas en chelines austriacos el 24\nde agosto de 1979.\u200e<\/p>\n\n\n\n<p><strong>Los sellos de las Naciones Unidas son los\nMensajeros de la Paz<\/strong><strong><\/strong><\/p>\n\n\n\n<p>Los derechos humanos, el medio ambiente, las especies amenazadas y la paz\nson asuntos de \u200epreocupaci\u00f3n universal para los pueblos del\nmundo. Tambi\u00e9n son temas que la Administraci\u00f3n \u200ePostal de las Naciones Unidas (APNU) ha\npromovido a trav\u00e9s de sus sellos.\u200e<\/p>\n\n\n\n<p>Puesto que los sellos de las Naciones Unidas reflejan la labor de esta\nOrganizaci\u00f3n mundial, \u200etrascienden las fronteras de la filatelia para\nponer de relieve problemas mundiales de gran \u200eimportancia y servir de recordatorio del\ncompromiso de las Naciones Unidas con sus objetivos.\u200e<\/p>\n\n\n\n<p>Las Naciones Unidas son la \u00fanica Organizaci\u00f3n en el mundo que, sin ser un\npa\u00eds ni un territorio, est\u00e1&nbsp;\u200eautorizada a emitir sellos postales. Asimismo, es la \u00fanica autoridad postal\nque emite sellos en tres&nbsp;\u200emonedas distintas: d\u00f3lares de los Estados\nUnidos, francos suizos y euros.\u200e<\/p>\n\n\n\n<p>Los sellos de las Naciones Unidas son obras de arte en miniatura que han\nsido galardonadas con \u200epremios internacionales sobre dise\u00f1o. Son\ncreaciones elaboradas por artistas de todo el mundo e \u200eimpresas en distintos pa\u00edses por parte de los\nm\u00e1s selectos impresores de seguridad.\u200e<\/p>\n\n\n\n<p>Los coleccionistas filat\u00e9licos aprecian los sellos de las Naciones Unidas\nno solo por sus innovadores \u200edise\u00f1os y por las tem\u00e1ticas universales de que\ntratan, sino tambi\u00e9n porque siguen teniendo la \u200eposibilidad de coleccionar cada uno de los\nsellos de las Naciones Unidas que se hayan emitido. \u200eDesde su creaci\u00f3n en 1951, la APNU ha emitido\nm\u00e1s de mil sellos diferentes.\u200e<\/p>\n\n\n\n<p><strong>Sellos de tem\u00e1ticas universales<\/strong><strong><\/strong><\/p>\n\n\n\n<p>Los sellos de las Naciones Unidas han ilustrado los prop\u00f3sitos y logros de\nlas Naciones Unidas y su \u200esistema de organizaciones.\u200e<\/p>\n\n\n\n<p>Con algunos de los sellos se celebra el logro de un objetivo; as\u00ed se puso\nde manifiesto con la \u200eemisi\u00f3n de sellos de 1991 \u2014<strong>\u201cNamibia: A New\nNation &#8211; A Trust Fulfilled\u201d<\/strong> (Namibia: una nueva \u200enaci\u00f3n; la consolidaci\u00f3n de la confianza)\u2014,\ncon la que se festej\u00f3 el nacimiento de Namibia. Otros \u200etemas, como el de la <strong>Lucha Mundial contra\nel SIDA<\/strong> en 2003, constituyen un claro recordatorio de \u200eproblemas mundiales que siguen afectando a\npersonas de todo el mundo. Los sellos tambi\u00e9n \u200econmemoran acontecimientos significativos en\nla vida de esta Organizaci\u00f3n internacional, como el \u200eCincuentenario de las Naciones Unidas en 1995.\u200e<\/p>\n\n\n\n<p>Las emisiones recientes de sellos se han referido al medio ambiente, la paz\nmundial y la posibilidad \u200ede un mundo mejor. Dado que el medio ambiente\nest\u00e1 cada vez m\u00e1s amenazado, las naciones del \u200emundo han cobrado conciencia de que los\nproblemas, al igual que las soluciones, son mundiales. \u200ePor lo tanto, las Naciones Unidas, por medio\nde muchos de sus \u00f3rganos subsidiarios, han \u200econvertido la protecci\u00f3n del medio ambiente en\nuna prioridad. La serie actual <strong>\u201cEspecies <\/strong><strong>\u200e<\/strong><strong>amenazadas\u201d<\/strong>, con sus hermosas ilustraciones de 12 especies amenazadas cada a\u00f1o, se\u00f1ala\nesta \u200edram\u00e1tica situaci\u00f3n.\u200e<\/p>\n\n\n\n<p><strong>Sellos de las Naciones Unidas<\/strong><strong><\/strong><\/p>\n\n\n\n<p>Los sellos de las Naciones Unidas se emiten simult\u00e1neamente en sus oficinas\nde Nueva York, \u200eGinebra y Viena. Cada emisi\u00f3n conlleva un tema\nde dise\u00f1o conexo, con distintas monedas para \u200ecada oficina. Los sellos pueden adquirirse en\nlas oficinas de la APNU en persona o por correo, y \u200etambi\u00e9n a trav\u00e9s de intermediarios del sector\nfilat\u00e9lico. Estos sellos se pueden usar para todo \u200efranqueo postal despachado desde las oficinas\nde las Naciones Unidas en Nueva York, Ginebra y \u200eViena.\u200e<\/p>\n\n\n\n<p>Conforme a sus directrices, la Administraci\u00f3n Postal de las Naciones Unidas\nse limita a vender sellos \u200esin usar y art\u00edculos postales. Habitualmente\nse publican cada a\u00f1o seis nuevas emisiones \u200econmemorativas, que permanecen a la venta\n\u00fanicamente durante 12 meses. Despu\u00e9s de esa \u200efecha, las existencias restantes se destruyen.\nLos sellos conmemorativos reciben ese nombre \u200eporque conmemoran un tema concreto. Estos\nsellos nunca se reimprimen, ni siquiera cuando se \u200eagotan antes de los 12 meses del per\u00edodo de\nventa. Los sellos ordinarios, en cambio, tienen un \u200eper\u00edodo de venta indefinido y se emiten en las\nmonedas que corresponda para atender las \u200enecesidades generales del correo. Estos sellos\npueden reimprimirse si es preciso.\u200e<\/p>\n\n\n\n<p>De la impresi\u00f3n de los sellos de las Naciones Unidas se encargan siempre\nimpresores de seguridad, \u200etanto imprentas gubernamentales como empresas\nprivadas que se dedican a la impresi\u00f3n de \u200eseguridad. Los sellos de las Naciones Unidas\nse producen bajo los mismos controles de seguridad \u200eque los que se emplean para la impresi\u00f3n de\nbilletes de banco. Los coleccionistas aprecian la alta \u200ecalidad de los sellos, que son objeto de\nnumerosos controles de calidad, adem\u00e1s de las pruebas \u200eque realiza la APNU para detectar cualquier\nposible defecto. Este proceso convierte a las Naciones \u200eUnidas en uno de los productores de sellos de\nmayor calidad entre las administraciones postales.\u200e<\/p>\n\n\n\n<p><strong>Sellos personalizados<\/strong><strong><\/strong><\/p>\n\n\n\n<p>Las oficinas de la APNU en Nueva York, Ginebra y Viena ofrecen un producto\nfilat\u00e9lico \u200epersonalizado \u00fanico que ayuda a los visitantes\na inmortalizar los recuerdos de su viaje a las \u200eNaciones Unidas. Personas de forma individual\no en peque\u00f1os grupos pueden visitar la tienda de \u200esellos personalizados, donde pueden tomarse\nuna fotograf\u00eda que se transfiere a un panel de sellos \u200een el que aparecen los sellos postales\noficiales de las Naciones Unidas. La imagen del visitante se \u200eimprime sobre una etiqueta junto a los sellos,\nque la convierte en un recuerdo \u00fanico. Los sellos \u200epersonalizados se pueden guardar a modo de\nrecordatorio o utilizar para enviar tarjetas postales y \u200ecartas a familiares y amistades en todo el\nmundo.\u200e<\/p>\n\n\n\n<p><strong>Dise\u00f1os galardonados<\/strong><strong><\/strong><\/p>\n\n\n\n<p>Las obras de los grandes artistas del mundo \u2014entre los que figuran Marc\nChagall (Francia), \u200eFriedensreich Hundertwasser (Austria), Hans\nErni (Suiza), Vincent Van Gogh (Pa\u00edses Bajos), Paul \u200eKlee (Alemania) y Peter Max (Estados Unidos de\nAm\u00e9rica)\u2014 no solo est\u00e1n expuestas en los \u200egrandes museos del mundo, sino que tambi\u00e9n\nest\u00e1n representadas en los sellos de las Naciones \u200eUnidas.\u200e<\/p>\n\n\n\n<p>Al dejar constancia de las actividades de las Naciones Unidas, los sellos\nhan mostrado una enorme \u200evariedad de estilos y dise\u00f1os. Desde sencillas\nrepresentaciones gr\u00e1ficas hasta ilustraciones que \u200egeneran un impacto emocional, los sellos han\nrepresentado la esperanza y el des\u00e1nimo, la alegr\u00eda y \u200ela tristeza o, de forma m\u00e1s simple, la\nconmemoraci\u00f3n, la observancia y la reflexi\u00f3n.\u200e<\/p>\n\n\n\n<p><strong>Filatelia<\/strong><strong><\/strong><\/p>\n\n\n\n<p>La belleza, la singularidad y el significado especial de los sellos de las\nNaciones Unidas, junto con sus \u200ea menudo apasionantes historias y originales\nconfiguraciones, siguen siendo fuente de fascinaci\u00f3n \u200ey de gran valor para los coleccionistas.\u200e\n\nSi\nbien la filatelia es una de las aficiones m\u00e1s populares del mundo, el promedio\nde edad de los \u200ecoleccionistas est\u00e1 aumentando y el futuro de\nesta afici\u00f3n recae ahora en la juventud actual. La \u200eAPNU\nest\u00e1 alentando a los ni\u00f1os a disfrutar de la filatelia, con la introducci\u00f3n de\nlos \u201cFun Packs\u201d \u200epara coleccionistas.\u200e\n\n\n\n<\/p>\n","protected":false},"excerpt":{"rendered":"<p>Historia de los sellos de las Naciones Unidas La idea de que las Naciones Unidas emitieran sus propios sellos fue propuesta por primera vez por \u200ela Argentina en 1947. En 1951 se alcanz\u00f3 un acuerdo con las autoridades postales de los Estados \u200eUnidos de Am\u00e9rica, en el que se estipulaba que los sellos se emitir\u00edan [&hellip;]<\/p>\n","protected":false},"author":20833,"featured_media":0,"parent":77169,"menu_order":0,"comment_status":"open","ping_status":"open","template":"","meta":{"ngg_post_thumbnail":0,"footnotes":""},"class_list":["post-73377","page","type-page","status-publish","hentry"],"yoast_head":"<!-- This site is optimized with the Yoast SEO plugin v27.4 - https:\/\/yoast.com\/product\/yoast-seo-wordpress\/ -->\n<title>Historia - UN Stamps<\/title>\n<meta name=\"robots\" content=\"index, follow, max-snippet:-1, max-image-preview:large, max-video-preview:-1\" \/>\n<link rel=\"canonical\" href=\"https:\/\/unstamps.org\/es\/sellos-de-la-apnu\/historia\/\" \/>\n<meta property=\"og:locale\" content=\"es_ES\" \/>\n<meta property=\"og:type\" content=\"article\" \/>\n<meta property=\"og:title\" content=\"Historia - UN Stamps\" \/>\n<meta property=\"og:description\" content=\"Historia de los sellos de las Naciones Unidas La idea de que las Naciones Unidas emitieran sus propios sellos fue propuesta por primera vez por \u200ela Argentina en 1947. En 1951 se alcanz\u00f3 un acuerdo con las autoridades postales de los Estados \u200eUnidos de Am\u00e9rica, en el que se estipulaba que los sellos se emitir\u00edan [&hellip;]\" \/>\n<meta property=\"og:url\" content=\"https:\/\/unstamps.org\/es\/sellos-de-la-apnu\/historia\/\" \/>\n<meta property=\"og:site_name\" content=\"UN Stamps\" \/>\n<meta property=\"article:modified_time\" content=\"2019-06-12T15:11:35+00:00\" \/>\n<meta name=\"twitter:card\" content=\"summary_large_image\" \/>\n<meta name=\"twitter:label1\" content=\"Tiempo de lectura\" \/>\n\t<meta name=\"twitter:data1\" content=\"7 minutos\" \/>\n<script type=\"application\/ld+json\" class=\"yoast-schema-graph\">{\"@context\":\"https:\\\/\\\/schema.org\",\"@graph\":[{\"@type\":\"WebPage\",\"@id\":\"https:\\\/\\\/unstamps.org\\\/es\\\/sellos-de-la-apnu\\\/historia\\\/\",\"url\":\"https:\\\/\\\/unstamps.org\\\/es\\\/sellos-de-la-apnu\\\/historia\\\/\",\"name\":\"Historia - UN Stamps\",\"isPartOf\":{\"@id\":\"https:\\\/\\\/unstamps.org\\\/es\\\/#website\"},\"datePublished\":\"2019-06-12T15:11:34+00:00\",\"dateModified\":\"2019-06-12T15:11:35+00:00\",\"breadcrumb\":{\"@id\":\"https:\\\/\\\/unstamps.org\\\/es\\\/sellos-de-la-apnu\\\/historia\\\/#breadcrumb\"},\"inLanguage\":\"es\",\"potentialAction\":[{\"@type\":\"ReadAction\",\"target\":[\"https:\\\/\\\/unstamps.org\\\/es\\\/sellos-de-la-apnu\\\/historia\\\/\"]}]},{\"@type\":\"BreadcrumbList\",\"@id\":\"https:\\\/\\\/unstamps.org\\\/es\\\/sellos-de-la-apnu\\\/historia\\\/#breadcrumb\",\"itemListElement\":[{\"@type\":\"ListItem\",\"position\":1,\"name\":\"Home\",\"item\":\"https:\\\/\\\/unstamps.org\\\/es\\\/\"},{\"@type\":\"ListItem\",\"position\":2,\"name\":\"Sellos de la APNU\",\"item\":\"https:\\\/\\\/unstamps.org\\\/es\\\/sellos-de-la-apnu\\\/\"},{\"@type\":\"ListItem\",\"position\":3,\"name\":\"Historia\"}]},{\"@type\":\"WebSite\",\"@id\":\"https:\\\/\\\/unstamps.org\\\/es\\\/#website\",\"url\":\"https:\\\/\\\/unstamps.org\\\/es\\\/\",\"name\":\"UN Stamps\",\"description\":\"United Nations Stamps\",\"publisher\":{\"@id\":\"https:\\\/\\\/unstamps.org\\\/es\\\/#organization\"},\"potentialAction\":[{\"@type\":\"SearchAction\",\"target\":{\"@type\":\"EntryPoint\",\"urlTemplate\":\"https:\\\/\\\/unstamps.org\\\/es\\\/?s={search_term_string}\"},\"query-input\":{\"@type\":\"PropertyValueSpecification\",\"valueRequired\":true,\"valueName\":\"search_term_string\"}}],\"inLanguage\":\"es\"},{\"@type\":\"Organization\",\"@id\":\"https:\\\/\\\/unstamps.org\\\/es\\\/#organization\",\"name\":\"UN Stamps\",\"url\":\"https:\\\/\\\/unstamps.org\\\/es\\\/\",\"logo\":{\"@type\":\"ImageObject\",\"inLanguage\":\"es\",\"@id\":\"https:\\\/\\\/unstamps.org\\\/es\\\/#\\\/schema\\\/logo\\\/image\\\/\",\"url\":\"https:\\\/\\\/unstamps.org\\\/wp-content\\\/uploads\\\/2014\\\/01\\\/logo4web.jpg\",\"contentUrl\":\"https:\\\/\\\/unstamps.org\\\/wp-content\\\/uploads\\\/2014\\\/01\\\/logo4web.jpg\",\"width\":2500,\"height\":250,\"caption\":\"UN Stamps\"},\"image\":{\"@id\":\"https:\\\/\\\/unstamps.org\\\/es\\\/#\\\/schema\\\/logo\\\/image\\\/\"}}]}<\/script>\n<!-- \/ Yoast SEO plugin. -->","yoast_head_json":{"title":"Historia - UN Stamps","robots":{"index":"index","follow":"follow","max-snippet":"max-snippet:-1","max-image-preview":"max-image-preview:large","max-video-preview":"max-video-preview:-1"},"canonical":"https:\/\/unstamps.org\/es\/sellos-de-la-apnu\/historia\/","og_locale":"es_ES","og_type":"article","og_title":"Historia - UN Stamps","og_description":"Historia de los sellos de las Naciones Unidas La idea de que las Naciones Unidas emitieran sus propios sellos fue propuesta por primera vez por \u200ela Argentina en 1947. En 1951 se alcanz\u00f3 un acuerdo con las autoridades postales de los Estados \u200eUnidos de Am\u00e9rica, en el que se estipulaba que los sellos se emitir\u00edan [&hellip;]","og_url":"https:\/\/unstamps.org\/es\/sellos-de-la-apnu\/historia\/","og_site_name":"UN Stamps","article_modified_time":"2019-06-12T15:11:35+00:00","twitter_card":"summary_large_image","twitter_misc":{"Tiempo de lectura":"7 minutos"},"schema":{"@context":"https:\/\/schema.org","@graph":[{"@type":"WebPage","@id":"https:\/\/unstamps.org\/es\/sellos-de-la-apnu\/historia\/","url":"https:\/\/unstamps.org\/es\/sellos-de-la-apnu\/historia\/","name":"Historia - UN Stamps","isPartOf":{"@id":"https:\/\/unstamps.org\/es\/#website"},"datePublished":"2019-06-12T15:11:34+00:00","dateModified":"2019-06-12T15:11:35+00:00","breadcrumb":{"@id":"https:\/\/unstamps.org\/es\/sellos-de-la-apnu\/historia\/#breadcrumb"},"inLanguage":"es","potentialAction":[{"@type":"ReadAction","target":["https:\/\/unstamps.org\/es\/sellos-de-la-apnu\/historia\/"]}]},{"@type":"BreadcrumbList","@id":"https:\/\/unstamps.org\/es\/sellos-de-la-apnu\/historia\/#breadcrumb","itemListElement":[{"@type":"ListItem","position":1,"name":"Home","item":"https:\/\/unstamps.org\/es\/"},{"@type":"ListItem","position":2,"name":"Sellos de la APNU","item":"https:\/\/unstamps.org\/es\/sellos-de-la-apnu\/"},{"@type":"ListItem","position":3,"name":"Historia"}]},{"@type":"WebSite","@id":"https:\/\/unstamps.org\/es\/#website","url":"https:\/\/unstamps.org\/es\/","name":"UN Stamps","description":"United Nations Stamps","publisher":{"@id":"https:\/\/unstamps.org\/es\/#organization"},"potentialAction":[{"@type":"SearchAction","target":{"@type":"EntryPoint","urlTemplate":"https:\/\/unstamps.org\/es\/?s={search_term_string}"},"query-input":{"@type":"PropertyValueSpecification","valueRequired":true,"valueName":"search_term_string"}}],"inLanguage":"es"},{"@type":"Organization","@id":"https:\/\/unstamps.org\/es\/#organization","name":"UN Stamps","url":"https:\/\/unstamps.org\/es\/","logo":{"@type":"ImageObject","inLanguage":"es","@id":"https:\/\/unstamps.org\/es\/#\/schema\/logo\/image\/","url":"https:\/\/unstamps.org\/wp-content\/uploads\/2014\/01\/logo4web.jpg","contentUrl":"https:\/\/unstamps.org\/wp-content\/uploads\/2014\/01\/logo4web.jpg","width":2500,"height":250,"caption":"UN Stamps"},"image":{"@id":"https:\/\/unstamps.org\/es\/#\/schema\/logo\/image\/"}}]}},"jetpack_sharing_enabled":true,"publishpress_future_action":{"enabled":false,"date":"2026-04-24 04:25:27","action":"change-status","newStatus":"draft","terms":[],"taxonomy":"translation_priority","extraData":[]},"publishpress_future_workflow_manual_trigger":{"enabledWorkflows":[]},"_links":{"self":[{"href":"https:\/\/unstamps.org\/es\/wp-json\/wp\/v2\/pages\/73377","targetHints":{"allow":["GET"]}}],"collection":[{"href":"https:\/\/unstamps.org\/es\/wp-json\/wp\/v2\/pages"}],"about":[{"href":"https:\/\/unstamps.org\/es\/wp-json\/wp\/v2\/types\/page"}],"author":[{"embeddable":true,"href":"https:\/\/unstamps.org\/es\/wp-json\/wp\/v2\/users\/20833"}],"replies":[{"embeddable":true,"href":"https:\/\/unstamps.org\/es\/wp-json\/wp\/v2\/comments?post=73377"}],"version-history":[{"count":0,"href":"https:\/\/unstamps.org\/es\/wp-json\/wp\/v2\/pages\/73377\/revisions"}],"up":[{"embeddable":true,"href":"https:\/\/unstamps.org\/es\/wp-json\/wp\/v2\/pages\/77169"}],"wp:attachment":[{"href":"https:\/\/unstamps.org\/es\/wp-json\/wp\/v2\/media?parent=73377"}],"curies":[{"name":"wp","href":"https:\/\/api.w.org\/{rel}","templated":true}]}}