{"id":73375,"date":"2019-06-12T11:08:36","date_gmt":"2019-06-12T15:08:36","guid":{"rendered":"https:\/\/unstamps.org\/?page_id=73375"},"modified":"2025-05-16T11:34:56","modified_gmt":"2025-05-16T15:34:56","slug":"ferias-filatelicas","status":"publish","type":"page","link":"https:\/\/unstamps.org\/es\/sellos-de-la-apnu\/ferias-filatelicas\/","title":{"rendered":"Ferias filat\u00e9licas"},"content":{"rendered":"<h1 style=\"text-align: center;\">Ferias filat\u00e9licas de 2025<\/h1>\n<table border=\"0\" width=\"100%\" cellpadding=\"5\" bgcolor=\"#eeeeee\">\n<tbody>\n<tr>\n<td>Para consultar el programa de las ferias filat\u00e9licas a las que asistir\u00e1n nuestras oficinas, pulse sobre los enlaces. Este programa es provisional y se actualizar\u00e1 a medida que se disponga de m\u00e1s informaci\u00f3n. Se ruega visitar este sitio web con regularidad para obtener informaci\u00f3n actualizada sobre el calendario de asistencia a ferias filat\u00e9licas.&nbsp;&nbsp;&nbsp;&nbsp;&nbsp;&nbsp;<\/p>\n<table border=\"0\" width=\"100%\" cellspacing=\"0\" cellpadding=\"10\">\n<tbody>\n<tr bgcolor=\"#eeeeee\">\n<td valign=\"middle\" width=\"16%\">\n<p style=\"text-align: center;\"><a href=\"#nyshow\"> <strong>La APNU en Nueva York<\/strong><\/a><\/p>\n<\/td>\n<td valign=\"middle\" width=\"33%\">\n<p style=\"text-align: center;\"><a href=\"#vishow\"> <strong>La APNU en Europa<\/strong><\/a><\/p>\n<\/td>\n<\/tr>\n<\/tbody>\n<\/table>\n<\/td>\n<\/tr>\n<\/tbody>\n<\/table>\n<p><a id=\"nyshow\" name=\"nyshow\"><\/a><\/p>\n<p style=\"text-align: left;\"><span class=\"highlight\">Se prev\u00e9 de momento que la oficina de la Administraci\u00f3n Postal de las Naciones Unidas en Nueva York estar\u00e1 representada en las siguientes ferias:<\/span><\/p>\n<p><!---\n\n\n<tr bgcolor=\"#cccccc\">\n\n\n<td colspan=\"100\" valign=\"top\">* Dado que el primer d\u00eda de emisi\u00f3n de las ferias filat\u00e9licas indicadas coincide con un primer d\u00eda de emisi\u00f3n de la APNU, se contar\u00e1 con un \u201cdistintivo especial conmemorativo de la feria\u201d.&nbsp;&nbsp;&nbsp;&nbsp;&nbsp;&nbsp;\n\nPara obtener el distintivo de la feria, env\u00ede sobres con la direcci\u00f3n del destinatario ya escrita a la direcci\u00f3n que figura debajo; estos sobres deben estar franqueados con sellos de la oficina de las Naciones Unidas en Nueva York exclusivamente (no se aceptan los sellos de las oficinas de las Naciones Unidas en Ginebra ni en Viena). Los sobres se imprimir\u00e1n con el distintivo de la feria solicitado y se devolver\u00e1n a trav\u00e9s de los canales de correo convencionales. Las solicitudes de distintivos de ferias filat\u00e9licas deben estar mataselladas a m\u00e1s tardar en la fecha de la feria indicada.\n\n<strong>UN SHOW CACHET <\/strong>\n<strong>SARASOTA'22 <\/strong> *\n<strong>Garfield-Perry March Party<\/strong> **\n<strong>NAPEX'22 <\/strong> ***\nc\/o Malli Hui\nUnited Nations Postal Administration\nP.O. Box 5900, Grand Central Station\nNew York, NY 10163-5900<\/td>\n\n\n<\/tr>\n\n\n---><\/p>\n<table border=\"0\" width=\"100%\" cellspacing=\"2\" cellpadding=\"10\">\n<tbody>\n<tr>\n<td valign=\"top\">26 a 27 de abril<\/td>\n<td colspan=\"99\" valign=\"top\"><strong>PLYMOUTH SHOW<\/strong><br \/>\nHellenic Cultural Center<br \/>\n36375 Joy Road<br \/>\nWestland, Michigan<br \/>\nAnn Arbor, Michigan<\/td>\n<\/tr>\n<tr>\n<td valign=\"top\">6 a 8 de junio<\/td>\n<td colspan=\"99\" valign=\"top\"><strong>NAPEX<\/strong><br \/>\nMcLean Hilton at Tyson\u2019s Corner<br \/>\n7920 Jones Branch Drive<br \/>\nMcLean, Virginia<\/td>\n<\/tr>\n<tr>\n<td valign=\"top\">14 a 17 de agosto * <\/td>\n<td colspan=\"99\" valign=\"top\"><strong>Great American Stamp Show<\/strong><br \/>\nRenaissance Schamburg Convention Center<br \/>\n1551 Thoreau Dr. N<br \/>\nSchaumburg, Illinois<\/td>\n<\/tr>\n<tr>\n<td valign=\"top\">17 a 21 de septiembre<\/td>\n<td colspan=\"99\" valign=\"top\"><strong>PHILAKOREA 2025<\/strong><br \/>\nCOEX Le West Convention Center<br \/>\n513 Yeongdong-daero, Gangnam District<br \/>\nSeoul, South Korea<\/td>\n<\/tr>\n<tr>\n<td valign=\"top\">31 octubre a 1 de noviembre<\/td>\n<td colspan=\"99\" valign=\"top\"><strong>AAPEX<\/strong><br \/>\nMorris Lawrence Building<br \/>\nWashtenaw Community College<br \/>\n4800 E. Huron River Drive<br \/>\nAnn Arbor, Michigan<br \/>\nAnn Arbor, Michigan<\/td>\n<\/tr>\n<tr>\n<td valign=\"top\">21 a 23 de noviembre<\/td>\n<td colspan=\"99\" valign=\"top\"><strong>CHICAGOPEX<\/strong><br \/>\nWestin Chicago Northwest<br \/>\n400 Park Blvd.<br \/>\nItasca, Illinois<\/td>\n<\/tr>\n<tr bgcolor=\"#cccccc\">\n<td colspan=\"100\" valign=\"top\">* Dado que el primer d\u00eda de emisi\u00f3n de las ferias filat\u00e9licas indicadas coincide con un primer d\u00eda de emisi\u00f3n de la APNU, se contar\u00e1 con un \u201cdistintivo especial conmemorativo de la feria\u201d.&nbsp;&nbsp;&nbsp;&nbsp;&nbsp;&nbsp;<\/p>\n<p>Para obtener el distintivo de la feria, env\u00ede sobres con la direcci\u00f3n del destinatario ya escrita a la direcci\u00f3n que figura debajo; estos sobres deben estar franqueados con sellos de la oficina de las Naciones Unidas en Nueva York exclusivamente (no se aceptan los sellos de las oficinas de las Naciones Unidas en Ginebra ni en Viena). Los sobres se imprimir\u00e1n con el distintivo de la feria solicitado y se devolver\u00e1n a trav\u00e9s de los canales de correo convencionales. Las solicitudes de distintivos de ferias filat\u00e9licas deben estar mataselladas a m\u00e1s tardar en la fecha de la feria indicada.<\/p>\n<p><strong>UN SHOW CACHET <\/strong><br \/>\n<strong>Great American Stamp Show <\/strong> *<br \/>\nc\/o Malli Hui<br \/>\nUnited Nations Postal Administration<br \/>\nP.O. Box 5900, Grand Central Station<br \/>\nNew York, NY 10163-5900<\/td>\n<\/tr>\n<\/tbody>\n<\/table>\n<p><a id=\"vishow\" name=\"vishow\"><\/a><!---\n\n\n\n<hr>\n\n\n\n\n<p style=\"text-align: left;\"><span class=\"highlight\">A continuaci\u00f3n encontrar\u00e1 el calendario provisional de ferias de sellos, a las que asistir\u00e1 APNU-Europa::<\/span><\/p>\n\n\n\n\n\n<table border=\"0\" width=\"100%\" cellspacing=\"2\" cellpadding=\"10\">\n\n\n<tbody>\n\n\n<tr>\n\n\n<td valign=\"top\" width=\"25%\">27 - 28 agosto<\/td>\n\n\n\n\n<td colspan=\"102\" valign=\"top\"><strong>\u201cphila\u201d-Toscana<\/strong>\nGmunden, Austria<\/td>\n\n\n<\/tr>\n\n\n\n\n<tr>\n\n\n<td valign=\"top\">10 - 11 septiembre<\/td>\n\n\n\n\n<td colspan=\"102\" valign=\"top\"><strong>Sberatel\n<\/strong>Rep\u00fablica Checa<\/td>\n\n\n<\/tr>\n\n\n\n\n<tr>\n\n\n<td valign=\"top\" width=\"25%\">24 - 26 septiembre<\/td>\n\n\n\n\n<td colspan=\"102\" valign=\"top\"><strong>\u00d6VEBRIA\n<\/strong>St. P\u00f6lten, Austria<\/td>\n\n\n<\/tr>\n\n\n\n\n<tr>\n\n\n<td valign=\"top\" width=\"25%\">4 - 6 noviembre<\/td>\n\n\n\n\n<td colspan=\"102\" valign=\"top\"><strong>Salon philat\u00e9lique\n<\/strong>Paris, Francia<\/td>\n\n\n<\/tr>\n\n\n\n\n<tr>\n\n\n<td valign=\"top\" width=\"25%\">26 - 28 noviembre<\/td>\n\n\n\n\n<td colspan=\"102\" valign=\"top\"><strong>Veronafil\n<\/strong>Verona, Italia<\/td>\n\n\n<\/tr>\n\n\n\n\n<tr>\n\n\n<td valign=\"top\" width=\"25%\">10 - 11 deciembre<\/td>\n\n\n\n\n<td colspan=\"102\" valign=\"top\"><strong>Numiphil\n<\/strong>Viena, Austria<\/td>\n\n\n<\/tr>\n\n\n<\/tbody>\n\n\n<\/table>\n\n\n--><\/p>\n","protected":false},"excerpt":{"rendered":"<p>Ferias filat\u00e9licas de 2025 Para consultar el programa de las ferias filat\u00e9licas a las que asistir\u00e1n nuestras oficinas, pulse sobre los enlaces. Este programa es provisional y se actualizar\u00e1 a medida que se disponga de m\u00e1s informaci\u00f3n. Se ruega visitar este sitio web con regularidad para obtener informaci\u00f3n actualizada sobre el calendario de asistencia a [&hellip;]<\/p>\n","protected":false},"author":20833,"featured_media":0,"parent":77169,"menu_order":0,"comment_status":"open","ping_status":"open","template":"","meta":{"ngg_post_thumbnail":0,"footnotes":""},"class_list":["post-73375","page","type-page","status-publish","hentry"],"yoast_head":"<!-- This site is optimized with the Yoast SEO plugin v27.3 - https:\/\/yoast.com\/product\/yoast-seo-wordpress\/ -->\n<title>Ferias filat\u00e9licas - UN Stamps<\/title>\n<meta name=\"robots\" content=\"index, follow, max-snippet:-1, max-image-preview:large, max-video-preview:-1\" \/>\n<link rel=\"canonical\" href=\"https:\/\/unstamps.org\/es\/sellos-de-la-apnu\/ferias-filatelicas\/\" \/>\n<meta property=\"og:locale\" content=\"es_ES\" \/>\n<meta property=\"og:type\" content=\"article\" \/>\n<meta property=\"og:title\" content=\"Ferias filat\u00e9licas - UN Stamps\" \/>\n<meta property=\"og:description\" content=\"Ferias filat\u00e9licas de 2025 Para consultar el programa de las ferias filat\u00e9licas a las que asistir\u00e1n nuestras oficinas, pulse sobre los enlaces. Este programa es provisional y se actualizar\u00e1 a medida que se disponga de m\u00e1s informaci\u00f3n. Se ruega visitar este sitio web con regularidad para obtener informaci\u00f3n actualizada sobre el calendario de asistencia a [&hellip;]\" \/>\n<meta property=\"og:url\" content=\"https:\/\/unstamps.org\/es\/sellos-de-la-apnu\/ferias-filatelicas\/\" \/>\n<meta property=\"og:site_name\" content=\"UN Stamps\" \/>\n<meta property=\"article:modified_time\" content=\"2025-05-16T15:34:56+00:00\" \/>\n<meta name=\"twitter:card\" content=\"summary_large_image\" \/>\n<meta name=\"twitter:label1\" content=\"Tiempo de lectura\" \/>\n\t<meta name=\"twitter:data1\" content=\"2 minutos\" \/>\n<script type=\"application\/ld+json\" class=\"yoast-schema-graph\">{\"@context\":\"https:\\\/\\\/schema.org\",\"@graph\":[{\"@type\":\"WebPage\",\"@id\":\"https:\\\/\\\/unstamps.org\\\/es\\\/sellos-de-la-apnu\\\/ferias-filatelicas\\\/\",\"url\":\"https:\\\/\\\/unstamps.org\\\/es\\\/sellos-de-la-apnu\\\/ferias-filatelicas\\\/\",\"name\":\"Ferias filat\u00e9licas - UN Stamps\",\"isPartOf\":{\"@id\":\"https:\\\/\\\/unstamps.org\\\/es\\\/#website\"},\"datePublished\":\"2019-06-12T15:08:36+00:00\",\"dateModified\":\"2025-05-16T15:34:56+00:00\",\"breadcrumb\":{\"@id\":\"https:\\\/\\\/unstamps.org\\\/es\\\/sellos-de-la-apnu\\\/ferias-filatelicas\\\/#breadcrumb\"},\"inLanguage\":\"es\",\"potentialAction\":[{\"@type\":\"ReadAction\",\"target\":[\"https:\\\/\\\/unstamps.org\\\/es\\\/sellos-de-la-apnu\\\/ferias-filatelicas\\\/\"]}]},{\"@type\":\"BreadcrumbList\",\"@id\":\"https:\\\/\\\/unstamps.org\\\/es\\\/sellos-de-la-apnu\\\/ferias-filatelicas\\\/#breadcrumb\",\"itemListElement\":[{\"@type\":\"ListItem\",\"position\":1,\"name\":\"Home\",\"item\":\"https:\\\/\\\/unstamps.org\\\/es\\\/\"},{\"@type\":\"ListItem\",\"position\":2,\"name\":\"Sellos de la APNU\",\"item\":\"https:\\\/\\\/unstamps.org\\\/es\\\/sellos-de-la-apnu\\\/\"},{\"@type\":\"ListItem\",\"position\":3,\"name\":\"Ferias filat\u00e9licas\"}]},{\"@type\":\"WebSite\",\"@id\":\"https:\\\/\\\/unstamps.org\\\/es\\\/#website\",\"url\":\"https:\\\/\\\/unstamps.org\\\/es\\\/\",\"name\":\"UN Stamps\",\"description\":\"United Nations Stamps\",\"publisher\":{\"@id\":\"https:\\\/\\\/unstamps.org\\\/es\\\/#organization\"},\"potentialAction\":[{\"@type\":\"SearchAction\",\"target\":{\"@type\":\"EntryPoint\",\"urlTemplate\":\"https:\\\/\\\/unstamps.org\\\/es\\\/?s={search_term_string}\"},\"query-input\":{\"@type\":\"PropertyValueSpecification\",\"valueRequired\":true,\"valueName\":\"search_term_string\"}}],\"inLanguage\":\"es\"},{\"@type\":\"Organization\",\"@id\":\"https:\\\/\\\/unstamps.org\\\/es\\\/#organization\",\"name\":\"UN Stamps\",\"url\":\"https:\\\/\\\/unstamps.org\\\/es\\\/\",\"logo\":{\"@type\":\"ImageObject\",\"inLanguage\":\"es\",\"@id\":\"https:\\\/\\\/unstamps.org\\\/es\\\/#\\\/schema\\\/logo\\\/image\\\/\",\"url\":\"https:\\\/\\\/unstamps.org\\\/wp-content\\\/uploads\\\/2014\\\/01\\\/logo4web.jpg\",\"contentUrl\":\"https:\\\/\\\/unstamps.org\\\/wp-content\\\/uploads\\\/2014\\\/01\\\/logo4web.jpg\",\"width\":2500,\"height\":250,\"caption\":\"UN Stamps\"},\"image\":{\"@id\":\"https:\\\/\\\/unstamps.org\\\/es\\\/#\\\/schema\\\/logo\\\/image\\\/\"}}]}<\/script>\n<!-- \/ Yoast SEO plugin. -->","yoast_head_json":{"title":"Ferias filat\u00e9licas - UN Stamps","robots":{"index":"index","follow":"follow","max-snippet":"max-snippet:-1","max-image-preview":"max-image-preview:large","max-video-preview":"max-video-preview:-1"},"canonical":"https:\/\/unstamps.org\/es\/sellos-de-la-apnu\/ferias-filatelicas\/","og_locale":"es_ES","og_type":"article","og_title":"Ferias filat\u00e9licas - UN Stamps","og_description":"Ferias filat\u00e9licas de 2025 Para consultar el programa de las ferias filat\u00e9licas a las que asistir\u00e1n nuestras oficinas, pulse sobre los enlaces. Este programa es provisional y se actualizar\u00e1 a medida que se disponga de m\u00e1s informaci\u00f3n. Se ruega visitar este sitio web con regularidad para obtener informaci\u00f3n actualizada sobre el calendario de asistencia a [&hellip;]","og_url":"https:\/\/unstamps.org\/es\/sellos-de-la-apnu\/ferias-filatelicas\/","og_site_name":"UN Stamps","article_modified_time":"2025-05-16T15:34:56+00:00","twitter_card":"summary_large_image","twitter_misc":{"Tiempo de lectura":"2 minutos"},"schema":{"@context":"https:\/\/schema.org","@graph":[{"@type":"WebPage","@id":"https:\/\/unstamps.org\/es\/sellos-de-la-apnu\/ferias-filatelicas\/","url":"https:\/\/unstamps.org\/es\/sellos-de-la-apnu\/ferias-filatelicas\/","name":"Ferias filat\u00e9licas - UN Stamps","isPartOf":{"@id":"https:\/\/unstamps.org\/es\/#website"},"datePublished":"2019-06-12T15:08:36+00:00","dateModified":"2025-05-16T15:34:56+00:00","breadcrumb":{"@id":"https:\/\/unstamps.org\/es\/sellos-de-la-apnu\/ferias-filatelicas\/#breadcrumb"},"inLanguage":"es","potentialAction":[{"@type":"ReadAction","target":["https:\/\/unstamps.org\/es\/sellos-de-la-apnu\/ferias-filatelicas\/"]}]},{"@type":"BreadcrumbList","@id":"https:\/\/unstamps.org\/es\/sellos-de-la-apnu\/ferias-filatelicas\/#breadcrumb","itemListElement":[{"@type":"ListItem","position":1,"name":"Home","item":"https:\/\/unstamps.org\/es\/"},{"@type":"ListItem","position":2,"name":"Sellos de la APNU","item":"https:\/\/unstamps.org\/es\/sellos-de-la-apnu\/"},{"@type":"ListItem","position":3,"name":"Ferias filat\u00e9licas"}]},{"@type":"WebSite","@id":"https:\/\/unstamps.org\/es\/#website","url":"https:\/\/unstamps.org\/es\/","name":"UN Stamps","description":"United Nations Stamps","publisher":{"@id":"https:\/\/unstamps.org\/es\/#organization"},"potentialAction":[{"@type":"SearchAction","target":{"@type":"EntryPoint","urlTemplate":"https:\/\/unstamps.org\/es\/?s={search_term_string}"},"query-input":{"@type":"PropertyValueSpecification","valueRequired":true,"valueName":"search_term_string"}}],"inLanguage":"es"},{"@type":"Organization","@id":"https:\/\/unstamps.org\/es\/#organization","name":"UN Stamps","url":"https:\/\/unstamps.org\/es\/","logo":{"@type":"ImageObject","inLanguage":"es","@id":"https:\/\/unstamps.org\/es\/#\/schema\/logo\/image\/","url":"https:\/\/unstamps.org\/wp-content\/uploads\/2014\/01\/logo4web.jpg","contentUrl":"https:\/\/unstamps.org\/wp-content\/uploads\/2014\/01\/logo4web.jpg","width":2500,"height":250,"caption":"UN Stamps"},"image":{"@id":"https:\/\/unstamps.org\/es\/#\/schema\/logo\/image\/"}}]}},"jetpack_sharing_enabled":true,"publishpress_future_action":{"enabled":false,"date":"2026-04-16 06:42:37","action":"change-status","newStatus":"draft","terms":[],"taxonomy":"translation_priority","extraData":[]},"publishpress_future_workflow_manual_trigger":{"enabledWorkflows":[]},"_links":{"self":[{"href":"https:\/\/unstamps.org\/es\/wp-json\/wp\/v2\/pages\/73375","targetHints":{"allow":["GET"]}}],"collection":[{"href":"https:\/\/unstamps.org\/es\/wp-json\/wp\/v2\/pages"}],"about":[{"href":"https:\/\/unstamps.org\/es\/wp-json\/wp\/v2\/types\/page"}],"author":[{"embeddable":true,"href":"https:\/\/unstamps.org\/es\/wp-json\/wp\/v2\/users\/20833"}],"replies":[{"embeddable":true,"href":"https:\/\/unstamps.org\/es\/wp-json\/wp\/v2\/comments?post=73375"}],"version-history":[{"count":0,"href":"https:\/\/unstamps.org\/es\/wp-json\/wp\/v2\/pages\/73375\/revisions"}],"up":[{"embeddable":true,"href":"https:\/\/unstamps.org\/es\/wp-json\/wp\/v2\/pages\/77169"}],"wp:attachment":[{"href":"https:\/\/unstamps.org\/es\/wp-json\/wp\/v2\/media?parent=73375"}],"curies":[{"name":"wp","href":"https:\/\/api.w.org\/{rel}","templated":true}]}}