{"id":73372,"date":"2019-06-12T10:40:20","date_gmt":"2019-06-12T14:40:20","guid":{"rendered":"https:\/\/unstamps.org\/?page_id=73372"},"modified":"2019-06-12T10:40:20","modified_gmt":"2019-06-12T14:40:20","slug":"proceso-de-seleccion-de-sellos","status":"publish","type":"page","link":"https:\/\/unstamps.org\/es\/sellos-de-la-apnu\/proceso-de-seleccion-de-sellos\/","title":{"rendered":"Proceso de selecci\u00f3n de sellos"},"content":{"rendered":"\n<p>La Administraci\u00f3n Postal de las Naciones Unidas\n(APNU) se enorgullece de su funci\u00f3n de difusi\u00f3n de informaci\u00f3n sobre la labor\nde la Organizaci\u00f3n a trav\u00e9s de la emisi\u00f3n de sellos postales. Los temas o\nasuntos elegidos para los sellos de las Naciones Unidas desempe\u00f1an un\nimportante papel en la labor de divulgaci\u00f3n de la APNU para la Organizaci\u00f3n.<\/p>\n\n\n\n<p>Las sugerencias sobre los asuntos que se pueden\ntratar en los nuevos sellos de las Naciones&nbsp;Unidas se pueden formular de\ndiversas maneras. Las oficinas de la APNU en Nueva&nbsp;York y Viena, en\nconsulta con el Jefe de la APNU, pueden investigar y plantear temas con miras a\nconmemorar ciertos aniversarios de las Naciones Unidas, a\u00f1os internacionales\nproclamados por las Naciones Unidas o en resoluciones de la Asamblea General de\nlas Naciones Unidas. Tambi\u00e9n presentan sugerencias los Jefes de las oficinas de\nlas Naciones&nbsp;Unidas y de organismos especializados, a fin de conmemorar\nacontecimientos o hitos. Asimismo, las sugerencias planteadas por la sociedad\nen general se reciben de buen grado.<\/p>\n\n\n\n<p>Todas las propuestas de temas para la emisi\u00f3n de\nsellos se env\u00edan a la Comisi\u00f3n Consultiva sobre Sellos de la APNU, para que\nesta proceda a su examen. Los temas seleccionados deben ser compatibles con la\nmisi\u00f3n de la APNU y reflejar fielmente la labor de la Organizaci\u00f3n.\nNo&nbsp;deben ser pol\u00e9micos desde el punto de vista pol\u00edtico ni entra\u00f1ar\nriesgos de ofender a ninguna religi\u00f3n ni grupo \u00e9tnico. La materia objeto de los\nsellos debe ser variada, art\u00edstica y atractiva, para que mantenga el inter\u00e9s de\nlos coleccionistas y del p\u00fablico. Para los nuevos sellos, no se aceptan dise\u00f1os\nno solicitados.<\/p>\n\n\n\n<p>Los miembros de la Comisi\u00f3n Consultiva sobre\nSellos de la APNU examinan el material gr\u00e1fico y el dise\u00f1o relativos a los\ntemas de los sellos que se prev\u00e9 emitir e imparten orientaciones al respecto.\nEsta comisi\u00f3n puede aprobar o rechazar propuestas, as\u00ed como posponerlas para\nestudiarlas para futuras emisiones de sellos.<\/p>\n\n\n\n<p>Las sugerencias sobre temas de car\u00e1cter\ninternacional y de inter\u00e9s mundial para los sellos de las Naciones Unidas son\nsiempre bien recibidas. Las solicitudes de emisiones de sellos deben recibirse\ncomo m\u00ednimo con dos a\u00f1os de antelaci\u00f3n; este plazo de tramitaci\u00f3n es fundamental\npara la APNU, a fin de cumplir con los procedimientos y pol\u00edticas de car\u00e1cter\norganizativo. Las propuestas deben enviarse por escrito a la siguiente\ndirecci\u00f3n:<\/p>\n\n\n\n<p>United Nations Postal\nAdministration <\/p>\n\n\n\n<p>Stamp Advisory Committee <\/p>\n\n\n\n<p>P.O. Box 5900 <\/p>\n\n\n\n<p>Grand Central Station <\/p>\n\n\n\n<p>New York, NY 10163-5900 <\/p>\n\n\n\n<p>Estados Unidos de Am\u00e9rica<\/p>\n\n\n\n<p>o por correo electr\u00f3nico: <a href=\"mailto:unpanyinquiries@un.org\">unpanyinquiries@un.org<\/a><\/p>\n\n\n\n<p>Las Naciones Unidas se reservan el derecho de\nrechazar cualquier propuesta de sello en el caso de que lo consideren\nnecesario.<\/p>\n","protected":false},"excerpt":{"rendered":"<p>La Administraci\u00f3n Postal de las Naciones Unidas (APNU) se enorgullece de su funci\u00f3n de difusi\u00f3n de informaci\u00f3n sobre la labor de la Organizaci\u00f3n a trav\u00e9s de la emisi\u00f3n de sellos postales. Los temas o asuntos elegidos para los sellos de las Naciones Unidas desempe\u00f1an un importante papel en la labor de divulgaci\u00f3n de la APNU [&hellip;]<\/p>\n","protected":false},"author":20833,"featured_media":0,"parent":77169,"menu_order":0,"comment_status":"open","ping_status":"open","template":"","meta":{"ngg_post_thumbnail":0,"footnotes":""},"class_list":["post-73372","page","type-page","status-publish","hentry"],"yoast_head":"<!-- This site is optimized with the Yoast SEO plugin v27.3 - https:\/\/yoast.com\/product\/yoast-seo-wordpress\/ -->\n<title>Proceso de selecci\u00f3n de sellos - UN Stamps<\/title>\n<meta name=\"robots\" content=\"index, follow, max-snippet:-1, max-image-preview:large, max-video-preview:-1\" \/>\n<link rel=\"canonical\" href=\"https:\/\/unstamps.org\/es\/sellos-de-la-apnu\/proceso-de-seleccion-de-sellos\/\" \/>\n<meta property=\"og:locale\" content=\"es_ES\" \/>\n<meta property=\"og:type\" content=\"article\" \/>\n<meta property=\"og:title\" content=\"Proceso de selecci\u00f3n de sellos - UN Stamps\" \/>\n<meta property=\"og:description\" content=\"La Administraci\u00f3n Postal de las Naciones Unidas (APNU) se enorgullece de su funci\u00f3n de difusi\u00f3n de informaci\u00f3n sobre la labor de la Organizaci\u00f3n a trav\u00e9s de la emisi\u00f3n de sellos postales. Los temas o asuntos elegidos para los sellos de las Naciones Unidas desempe\u00f1an un importante papel en la labor de divulgaci\u00f3n de la APNU [&hellip;]\" \/>\n<meta property=\"og:url\" content=\"https:\/\/unstamps.org\/es\/sellos-de-la-apnu\/proceso-de-seleccion-de-sellos\/\" \/>\n<meta property=\"og:site_name\" content=\"UN Stamps\" \/>\n<meta name=\"twitter:card\" content=\"summary_large_image\" \/>\n<meta name=\"twitter:label1\" content=\"Tiempo de lectura\" \/>\n\t<meta name=\"twitter:data1\" content=\"2 minutos\" \/>\n<script type=\"application\/ld+json\" class=\"yoast-schema-graph\">{\"@context\":\"https:\\\/\\\/schema.org\",\"@graph\":[{\"@type\":\"WebPage\",\"@id\":\"https:\\\/\\\/unstamps.org\\\/es\\\/sellos-de-la-apnu\\\/proceso-de-seleccion-de-sellos\\\/\",\"url\":\"https:\\\/\\\/unstamps.org\\\/es\\\/sellos-de-la-apnu\\\/proceso-de-seleccion-de-sellos\\\/\",\"name\":\"Proceso de selecci\u00f3n de sellos - UN Stamps\",\"isPartOf\":{\"@id\":\"https:\\\/\\\/unstamps.org\\\/es\\\/#website\"},\"datePublished\":\"2019-06-12T14:40:20+00:00\",\"breadcrumb\":{\"@id\":\"https:\\\/\\\/unstamps.org\\\/es\\\/sellos-de-la-apnu\\\/proceso-de-seleccion-de-sellos\\\/#breadcrumb\"},\"inLanguage\":\"es\",\"potentialAction\":[{\"@type\":\"ReadAction\",\"target\":[\"https:\\\/\\\/unstamps.org\\\/es\\\/sellos-de-la-apnu\\\/proceso-de-seleccion-de-sellos\\\/\"]}]},{\"@type\":\"BreadcrumbList\",\"@id\":\"https:\\\/\\\/unstamps.org\\\/es\\\/sellos-de-la-apnu\\\/proceso-de-seleccion-de-sellos\\\/#breadcrumb\",\"itemListElement\":[{\"@type\":\"ListItem\",\"position\":1,\"name\":\"Home\",\"item\":\"https:\\\/\\\/unstamps.org\\\/es\\\/\"},{\"@type\":\"ListItem\",\"position\":2,\"name\":\"Sellos de la APNU\",\"item\":\"https:\\\/\\\/unstamps.org\\\/es\\\/sellos-de-la-apnu\\\/\"},{\"@type\":\"ListItem\",\"position\":3,\"name\":\"Proceso de selecci\u00f3n de sellos\"}]},{\"@type\":\"WebSite\",\"@id\":\"https:\\\/\\\/unstamps.org\\\/es\\\/#website\",\"url\":\"https:\\\/\\\/unstamps.org\\\/es\\\/\",\"name\":\"UN Stamps\",\"description\":\"United Nations Stamps\",\"publisher\":{\"@id\":\"https:\\\/\\\/unstamps.org\\\/es\\\/#organization\"},\"potentialAction\":[{\"@type\":\"SearchAction\",\"target\":{\"@type\":\"EntryPoint\",\"urlTemplate\":\"https:\\\/\\\/unstamps.org\\\/es\\\/?s={search_term_string}\"},\"query-input\":{\"@type\":\"PropertyValueSpecification\",\"valueRequired\":true,\"valueName\":\"search_term_string\"}}],\"inLanguage\":\"es\"},{\"@type\":\"Organization\",\"@id\":\"https:\\\/\\\/unstamps.org\\\/es\\\/#organization\",\"name\":\"UN Stamps\",\"url\":\"https:\\\/\\\/unstamps.org\\\/es\\\/\",\"logo\":{\"@type\":\"ImageObject\",\"inLanguage\":\"es\",\"@id\":\"https:\\\/\\\/unstamps.org\\\/es\\\/#\\\/schema\\\/logo\\\/image\\\/\",\"url\":\"https:\\\/\\\/unstamps.org\\\/wp-content\\\/uploads\\\/2014\\\/01\\\/logo4web.jpg\",\"contentUrl\":\"https:\\\/\\\/unstamps.org\\\/wp-content\\\/uploads\\\/2014\\\/01\\\/logo4web.jpg\",\"width\":2500,\"height\":250,\"caption\":\"UN Stamps\"},\"image\":{\"@id\":\"https:\\\/\\\/unstamps.org\\\/es\\\/#\\\/schema\\\/logo\\\/image\\\/\"}}]}<\/script>\n<!-- \/ Yoast SEO plugin. -->","yoast_head_json":{"title":"Proceso de selecci\u00f3n de sellos - UN Stamps","robots":{"index":"index","follow":"follow","max-snippet":"max-snippet:-1","max-image-preview":"max-image-preview:large","max-video-preview":"max-video-preview:-1"},"canonical":"https:\/\/unstamps.org\/es\/sellos-de-la-apnu\/proceso-de-seleccion-de-sellos\/","og_locale":"es_ES","og_type":"article","og_title":"Proceso de selecci\u00f3n de sellos - UN Stamps","og_description":"La Administraci\u00f3n Postal de las Naciones Unidas (APNU) se enorgullece de su funci\u00f3n de difusi\u00f3n de informaci\u00f3n sobre la labor de la Organizaci\u00f3n a trav\u00e9s de la emisi\u00f3n de sellos postales. Los temas o asuntos elegidos para los sellos de las Naciones Unidas desempe\u00f1an un importante papel en la labor de divulgaci\u00f3n de la APNU [&hellip;]","og_url":"https:\/\/unstamps.org\/es\/sellos-de-la-apnu\/proceso-de-seleccion-de-sellos\/","og_site_name":"UN Stamps","twitter_card":"summary_large_image","twitter_misc":{"Tiempo de lectura":"2 minutos"},"schema":{"@context":"https:\/\/schema.org","@graph":[{"@type":"WebPage","@id":"https:\/\/unstamps.org\/es\/sellos-de-la-apnu\/proceso-de-seleccion-de-sellos\/","url":"https:\/\/unstamps.org\/es\/sellos-de-la-apnu\/proceso-de-seleccion-de-sellos\/","name":"Proceso de selecci\u00f3n de sellos - UN Stamps","isPartOf":{"@id":"https:\/\/unstamps.org\/es\/#website"},"datePublished":"2019-06-12T14:40:20+00:00","breadcrumb":{"@id":"https:\/\/unstamps.org\/es\/sellos-de-la-apnu\/proceso-de-seleccion-de-sellos\/#breadcrumb"},"inLanguage":"es","potentialAction":[{"@type":"ReadAction","target":["https:\/\/unstamps.org\/es\/sellos-de-la-apnu\/proceso-de-seleccion-de-sellos\/"]}]},{"@type":"BreadcrumbList","@id":"https:\/\/unstamps.org\/es\/sellos-de-la-apnu\/proceso-de-seleccion-de-sellos\/#breadcrumb","itemListElement":[{"@type":"ListItem","position":1,"name":"Home","item":"https:\/\/unstamps.org\/es\/"},{"@type":"ListItem","position":2,"name":"Sellos de la APNU","item":"https:\/\/unstamps.org\/es\/sellos-de-la-apnu\/"},{"@type":"ListItem","position":3,"name":"Proceso de selecci\u00f3n de sellos"}]},{"@type":"WebSite","@id":"https:\/\/unstamps.org\/es\/#website","url":"https:\/\/unstamps.org\/es\/","name":"UN Stamps","description":"United Nations Stamps","publisher":{"@id":"https:\/\/unstamps.org\/es\/#organization"},"potentialAction":[{"@type":"SearchAction","target":{"@type":"EntryPoint","urlTemplate":"https:\/\/unstamps.org\/es\/?s={search_term_string}"},"query-input":{"@type":"PropertyValueSpecification","valueRequired":true,"valueName":"search_term_string"}}],"inLanguage":"es"},{"@type":"Organization","@id":"https:\/\/unstamps.org\/es\/#organization","name":"UN Stamps","url":"https:\/\/unstamps.org\/es\/","logo":{"@type":"ImageObject","inLanguage":"es","@id":"https:\/\/unstamps.org\/es\/#\/schema\/logo\/image\/","url":"https:\/\/unstamps.org\/wp-content\/uploads\/2014\/01\/logo4web.jpg","contentUrl":"https:\/\/unstamps.org\/wp-content\/uploads\/2014\/01\/logo4web.jpg","width":2500,"height":250,"caption":"UN Stamps"},"image":{"@id":"https:\/\/unstamps.org\/es\/#\/schema\/logo\/image\/"}}]}},"jetpack_sharing_enabled":true,"publishpress_future_action":{"enabled":false,"date":"2026-04-14 16:49:01","action":"change-status","newStatus":"draft","terms":[],"taxonomy":"translation_priority","extraData":[]},"publishpress_future_workflow_manual_trigger":{"enabledWorkflows":[]},"_links":{"self":[{"href":"https:\/\/unstamps.org\/es\/wp-json\/wp\/v2\/pages\/73372","targetHints":{"allow":["GET"]}}],"collection":[{"href":"https:\/\/unstamps.org\/es\/wp-json\/wp\/v2\/pages"}],"about":[{"href":"https:\/\/unstamps.org\/es\/wp-json\/wp\/v2\/types\/page"}],"author":[{"embeddable":true,"href":"https:\/\/unstamps.org\/es\/wp-json\/wp\/v2\/users\/20833"}],"replies":[{"embeddable":true,"href":"https:\/\/unstamps.org\/es\/wp-json\/wp\/v2\/comments?post=73372"}],"version-history":[{"count":0,"href":"https:\/\/unstamps.org\/es\/wp-json\/wp\/v2\/pages\/73372\/revisions"}],"up":[{"embeddable":true,"href":"https:\/\/unstamps.org\/es\/wp-json\/wp\/v2\/pages\/77169"}],"wp:attachment":[{"href":"https:\/\/unstamps.org\/es\/wp-json\/wp\/v2\/media?parent=73372"}],"curies":[{"name":"wp","href":"https:\/\/api.w.org\/{rel}","templated":true}]}}