{"id":51113,"date":"2017-10-24T12:40:37","date_gmt":"2017-10-24T16:40:37","guid":{"rendered":"https:\/\/unstamps.org\/es\/?page_id=51113"},"modified":"2025-08-01T11:18:27","modified_gmt":"2025-08-01T15:18:27","slug":"51113-2","status":"publish","type":"page","link":"https:\/\/unstamps.org\/es\/51113-2\/","title":{"rendered":"Contacto"},"content":{"rendered":"<h1>CONTACTO<\/h1>\n<p>La oficina de la Administraci\u00f3n Postal de las Naciones Unidas en Nueva York es responsable de todos los clientes que residen fuera de Europa. La oficina de Europa, que se encuentra en Viena, se encarga de todos los clientes europeos.<\/p>\n<h3>SEDE DE LAS NACIONES UNIDAS, CIUDAD DE NUEVA YORK<\/h3>\n<p>United Nations Postal Administration<\/p>\n<p>P.O. Box 5900, Grand Central Station<\/p>\n<p>New York, NY 10163-5900<\/p>\n<p>Tel\u00e9fono: 1-212-963-7684 o 1-800-234-UNPA (gratuito dentro de los Estados Unidos)<\/p>\n<p>Direcci\u00f3n de correo electr\u00f3nico: unpanyinquiries@un.org<\/p>\n<h3>MOSTRADOR DE VENTAS Y TIENDA DE SELLOS PERSONALIZADOS DE LA APNU, NUEVA YORK<\/h3>\n<p>Se encuentra en el primer s\u00f3tano del edificio de la Asamblea General, en la 1<sup>a<\/sup> Avenida y la calle 45, Nueva York, NY 10017.<\/p>\n<p>El mostrador de ventas atiende de lunes a viernes de 9.00 a 17.00 horas. La entrada al complejo de las Naciones Unidas para visitantes cierra a las 16.45 horas y se alienta a los visitantes a llegar con antelaci\u00f3n. El mostrador de ventas puede cerrar por motivos de seguridad en cualquier momento. Para confirmar los horarios de atenci\u00f3n, los visitantes pueden llamar al 212-963-7698.<\/p>\n<p><strong>Cerrado por feriado:<\/strong><\/p>\n<ul>\n<li>1 de enero&#8212;D\u00eda de A\u00f1o Nuevo<\/li>\n<li>31 de marzo&#8212;Eid al-Fitr<\/li>\n<li>18 de abril: Viernes Santo<\/li>\n<li>26 de mayo&#8212;D\u00eda de los Ca\u00eddos<\/li>\n<li>6 de junio: Eid al-Adha<\/li>\n<li>4 de julio&#8212;D\u00eda de la Independencia<\/li>\n<li>1 de septiembre&#8212;D\u00eda del Trabajo<\/li>\n<li>27 de noviembre&#8212;D\u00eda de Acci\u00f3n de Gracias<\/li>\n<li>25 de diciembre&#8212;d\u00eda de Navidad<\/li>\n<\/ul>\n<h3>OFICINA DE LA APNU EN EUROPA<\/h3>\n<p>La direcci\u00f3n de la oficina de Viena es la siguiente:<\/p>\n<p>Postverwaltung der Vereinten Nationen<\/p>\n<p>Internationales Zentrum Wien<\/p>\n<p>Postfach 900<\/p>\n<p>1400 Wien \u2013 Vereinte Nationen<\/p>\n<p>Austria<\/p>\n<p>Tel\u00e9fono: de lunes a viernes de 9.00 a 15.00 horas<\/p>\n<p>+43(1)26060-4032 o 4025 (alem\u00e1n e ingl\u00e9s)<\/p>\n<p>+43(1)26060-4020 (franc\u00e9s)<\/p>\n<p>+43(1)26060-4025 (espa\u00f1ol)<\/p>\n<p>+43(1)26060-4022 (italiano)<\/p>\n<p>Fax: +43(1)26060-5825<\/p>\n<p>Direcci\u00f3n de correo electr\u00f3nico: UNPA-Europe@un.org<\/p>\n<p><strong>MOSTRADOR DE VENTAS DE LA APNU, VIENA<\/strong><\/p>\n<p>Puesto de control 1, Centro Internacional de Viena (UNO-City)<\/p>\n<p>Wagramer Stra\u00dfe 5, 1400 Viena \u2013 Naciones Unidas<\/p>\n<p>Austria<\/p>\n<p>El mostrador de ventas atiende de lunes a viernes de 11.30 a 16.30 horas. El mostrador puede cerrar por motivos de seguridad en cualquier momento.&nbsp;<\/p>\n<p><strong>Cerrado por feriado:<\/strong><\/p>\n<ul>\n<li>1 de enero&#8212; D\u00eda del a\u00f1o<\/li>\n<li>31 de marzo&#8212;Eid al-Fitr<\/li>\n<li>18 de abril &#8212; Viernes Santo<\/li>\n<li>21 de abril: Lunes de Pascua<\/li>\n<li>1 de mayo&#8212;Primero de mayo<\/li>\n<li>6 de junio&#8212;Eid al-Adha<\/li>\n<li>27 de octubre&#8212;D\u00eda Nacional de Austria<\/li>\n<li>25 de diciembre&#8212;d\u00eda de Navidad<\/li>\n<li>26 de diciembre&#8212;St. El d\u00eda de Esteban<\/li>\n<\/ul>\n<p><strong>Cerrado por inventario:<\/strong><\/p>\n<ul>\n<li>31\/1\/2025<\/li>\n<li>28\/2\/2025<\/li>\n<li>31\/3\/2025<\/li>\n<li>30\/4\/2025<\/li>\n<li>29\/5\/2025<\/li>\n<li>30\/6\/2025<\/li>\n<li>30\/7\/2025<\/li>\n<li>31\/8\/2025<\/li>\n<li>30\/9\/2025<\/li>\n<li>30\/10\/2025<\/li>\n<li>30\/11\/2025<\/li>\n<li>23\/12\/2025 &#8211; 12\/01\/2026<\/li>\n<\/ul>\n<p>Los coleccionistas tambi\u00e9n pueden adquirir todos los productos filat\u00e9licos en el mostrador de la Administraci\u00f3n Postal de las Naciones Unidas en Ginebra, cuya direcci\u00f3n es la siguiente:<\/p>\n<p>MOSTRADOR DE VENTAS DE LA APNU, GINEBRA<\/p>\n<p>Palais des Nations, Porte 39<\/p>\n<p>CH-1211 Gen\u00e8ve 10<\/p>\n<p>Suiza<\/p>\n<p>Tel.: 00412291 73784<\/p>\n<p>El mostrador de ventas atiende de lunes a viernes de 11.00 a 17.00 horas. El mostrador puede cerrar por motivos de seguridad en cualquier momento.<\/p>\n<p><strong>Cerrado por feriado:<\/strong><\/p>\n<ul>\n<li>1 de enero&#8212;D\u00eda de A\u00f1o Nuevo<\/li>\n<li>31 de marzo&#8212;Eid al-Fitr<\/li>\n<li>18 de abril &#8212; Viernes Santo<\/li>\n<li>10 de abril: Lunes de Pascua<\/li>\n<li>6 de junio: Eid al-Adha <\/li>\n<li>6 de agosto&#8212;Lunes de Pentecost\u00e9s<\/li>\n<li>1 de agosto&#8212;D\u00eda Nacional de Suiza<\/li>\n<li>11 de Septiembre&#8212;<\/li>\n<li>25 de diciembre&#8212;d\u00eda de Navidad<\/li>\n<\/ul>\n<p><strong>Cerrado por inventario:<\/strong><\/p>\n<ul>\n<li>31\/1\/2025<\/li>\n<li>28\/2\/2025<\/li>\n<li>31\/3\/2025<\/li>\n<li>30\/4\/2025<\/li>\n<li>29\/5\/2025<\/li>\n<li>30\/6\/2025<\/li>\n<li>30\/7\/2025<\/li>\n<li>31\/8\/2025<\/li>\n<li>30\/9\/2025<\/li>\n<li>30\/10\/2025<\/li>\n<li>30\/11\/2025<\/li>\n<li>19\/12\/2025 &#8211; 12\/01\/2026<\/li>\n<\/ul>\n<h3>UFFICIO DELL\u2019APNU IN CINA<\/h3>\n<p>Tel.: +8610-85320960<br \/>\nEmail: <a href=\"mailto:unpa-asia@un.org\"><strong>UNPA-Asia@un.org<\/strong><\/a><\/p>\n<p>Indirizzo:<br \/>\nAmministrazione postale delle Nazione Unite<br \/>\n2 Liang Ma He Nan Lu,<br \/>\nPechino 100600, Repubblica Popolare Cinese<\/p>\n","protected":false},"excerpt":{"rendered":"<p>CONTACTO La oficina de la Administraci\u00f3n Postal de las Naciones Unidas en Nueva York es responsable de todos los clientes que residen fuera de Europa. La oficina de Europa, que se encuentra en Viena, se encarga de todos los clientes europeos. SEDE DE LAS NACIONES UNIDAS, CIUDAD DE NUEVA YORK United Nations Postal Administration P.O. [&hellip;]<\/p>\n","protected":false},"author":20966,"featured_media":0,"parent":0,"menu_order":0,"comment_status":"open","ping_status":"open","template":"","meta":{"ngg_post_thumbnail":0,"footnotes":""},"class_list":["post-51113","page","type-page","status-publish","hentry"],"yoast_head":"<!-- This site is optimized with the Yoast SEO plugin v27.3 - https:\/\/yoast.com\/product\/yoast-seo-wordpress\/ -->\n<title>Contacto - UN Stamps<\/title>\n<meta name=\"robots\" content=\"index, follow, max-snippet:-1, max-image-preview:large, max-video-preview:-1\" \/>\n<link rel=\"canonical\" href=\"https:\/\/unstamps.org\/es\/51113-2\/\" \/>\n<meta property=\"og:locale\" content=\"es_ES\" \/>\n<meta property=\"og:type\" content=\"article\" \/>\n<meta property=\"og:title\" content=\"Contacto - UN Stamps\" \/>\n<meta property=\"og:description\" content=\"CONTACTO La oficina de la Administraci\u00f3n Postal de las Naciones Unidas en Nueva York es responsable de todos los clientes que residen fuera de Europa. La oficina de Europa, que se encuentra en Viena, se encarga de todos los clientes europeos. SEDE DE LAS NACIONES UNIDAS, CIUDAD DE NUEVA YORK United Nations Postal Administration P.O. [&hellip;]\" \/>\n<meta property=\"og:url\" content=\"https:\/\/unstamps.org\/es\/51113-2\/\" \/>\n<meta property=\"og:site_name\" content=\"UN Stamps\" \/>\n<meta property=\"article:modified_time\" content=\"2025-08-01T15:18:27+00:00\" \/>\n<meta name=\"twitter:card\" content=\"summary_large_image\" \/>\n<meta name=\"twitter:label1\" content=\"Tiempo de lectura\" \/>\n\t<meta name=\"twitter:data1\" content=\"3 minutos\" \/>\n<script type=\"application\/ld+json\" class=\"yoast-schema-graph\">{\"@context\":\"https:\\\/\\\/schema.org\",\"@graph\":[{\"@type\":\"WebPage\",\"@id\":\"https:\\\/\\\/unstamps.org\\\/es\\\/51113-2\\\/\",\"url\":\"https:\\\/\\\/unstamps.org\\\/es\\\/51113-2\\\/\",\"name\":\"Contacto - UN Stamps\",\"isPartOf\":{\"@id\":\"https:\\\/\\\/unstamps.org\\\/es\\\/#website\"},\"datePublished\":\"2017-10-24T16:40:37+00:00\",\"dateModified\":\"2025-08-01T15:18:27+00:00\",\"breadcrumb\":{\"@id\":\"https:\\\/\\\/unstamps.org\\\/es\\\/51113-2\\\/#breadcrumb\"},\"inLanguage\":\"es\",\"potentialAction\":[{\"@type\":\"ReadAction\",\"target\":[\"https:\\\/\\\/unstamps.org\\\/es\\\/51113-2\\\/\"]}]},{\"@type\":\"BreadcrumbList\",\"@id\":\"https:\\\/\\\/unstamps.org\\\/es\\\/51113-2\\\/#breadcrumb\",\"itemListElement\":[{\"@type\":\"ListItem\",\"position\":1,\"name\":\"Home\",\"item\":\"https:\\\/\\\/unstamps.org\\\/es\\\/\"},{\"@type\":\"ListItem\",\"position\":2,\"name\":\"Contacto\"}]},{\"@type\":\"WebSite\",\"@id\":\"https:\\\/\\\/unstamps.org\\\/es\\\/#website\",\"url\":\"https:\\\/\\\/unstamps.org\\\/es\\\/\",\"name\":\"UN Stamps\",\"description\":\"United Nations Stamps\",\"publisher\":{\"@id\":\"https:\\\/\\\/unstamps.org\\\/es\\\/#organization\"},\"potentialAction\":[{\"@type\":\"SearchAction\",\"target\":{\"@type\":\"EntryPoint\",\"urlTemplate\":\"https:\\\/\\\/unstamps.org\\\/es\\\/?s={search_term_string}\"},\"query-input\":{\"@type\":\"PropertyValueSpecification\",\"valueRequired\":true,\"valueName\":\"search_term_string\"}}],\"inLanguage\":\"es\"},{\"@type\":\"Organization\",\"@id\":\"https:\\\/\\\/unstamps.org\\\/es\\\/#organization\",\"name\":\"UN Stamps\",\"url\":\"https:\\\/\\\/unstamps.org\\\/es\\\/\",\"logo\":{\"@type\":\"ImageObject\",\"inLanguage\":\"es\",\"@id\":\"https:\\\/\\\/unstamps.org\\\/es\\\/#\\\/schema\\\/logo\\\/image\\\/\",\"url\":\"https:\\\/\\\/unstamps.org\\\/wp-content\\\/uploads\\\/2014\\\/01\\\/logo4web.jpg\",\"contentUrl\":\"https:\\\/\\\/unstamps.org\\\/wp-content\\\/uploads\\\/2014\\\/01\\\/logo4web.jpg\",\"width\":2500,\"height\":250,\"caption\":\"UN Stamps\"},\"image\":{\"@id\":\"https:\\\/\\\/unstamps.org\\\/es\\\/#\\\/schema\\\/logo\\\/image\\\/\"}}]}<\/script>\n<!-- \/ Yoast SEO plugin. -->","yoast_head_json":{"title":"Contacto - UN Stamps","robots":{"index":"index","follow":"follow","max-snippet":"max-snippet:-1","max-image-preview":"max-image-preview:large","max-video-preview":"max-video-preview:-1"},"canonical":"https:\/\/unstamps.org\/es\/51113-2\/","og_locale":"es_ES","og_type":"article","og_title":"Contacto - UN Stamps","og_description":"CONTACTO La oficina de la Administraci\u00f3n Postal de las Naciones Unidas en Nueva York es responsable de todos los clientes que residen fuera de Europa. La oficina de Europa, que se encuentra en Viena, se encarga de todos los clientes europeos. SEDE DE LAS NACIONES UNIDAS, CIUDAD DE NUEVA YORK United Nations Postal Administration P.O. [&hellip;]","og_url":"https:\/\/unstamps.org\/es\/51113-2\/","og_site_name":"UN Stamps","article_modified_time":"2025-08-01T15:18:27+00:00","twitter_card":"summary_large_image","twitter_misc":{"Tiempo de lectura":"3 minutos"},"schema":{"@context":"https:\/\/schema.org","@graph":[{"@type":"WebPage","@id":"https:\/\/unstamps.org\/es\/51113-2\/","url":"https:\/\/unstamps.org\/es\/51113-2\/","name":"Contacto - UN Stamps","isPartOf":{"@id":"https:\/\/unstamps.org\/es\/#website"},"datePublished":"2017-10-24T16:40:37+00:00","dateModified":"2025-08-01T15:18:27+00:00","breadcrumb":{"@id":"https:\/\/unstamps.org\/es\/51113-2\/#breadcrumb"},"inLanguage":"es","potentialAction":[{"@type":"ReadAction","target":["https:\/\/unstamps.org\/es\/51113-2\/"]}]},{"@type":"BreadcrumbList","@id":"https:\/\/unstamps.org\/es\/51113-2\/#breadcrumb","itemListElement":[{"@type":"ListItem","position":1,"name":"Home","item":"https:\/\/unstamps.org\/es\/"},{"@type":"ListItem","position":2,"name":"Contacto"}]},{"@type":"WebSite","@id":"https:\/\/unstamps.org\/es\/#website","url":"https:\/\/unstamps.org\/es\/","name":"UN Stamps","description":"United Nations Stamps","publisher":{"@id":"https:\/\/unstamps.org\/es\/#organization"},"potentialAction":[{"@type":"SearchAction","target":{"@type":"EntryPoint","urlTemplate":"https:\/\/unstamps.org\/es\/?s={search_term_string}"},"query-input":{"@type":"PropertyValueSpecification","valueRequired":true,"valueName":"search_term_string"}}],"inLanguage":"es"},{"@type":"Organization","@id":"https:\/\/unstamps.org\/es\/#organization","name":"UN Stamps","url":"https:\/\/unstamps.org\/es\/","logo":{"@type":"ImageObject","inLanguage":"es","@id":"https:\/\/unstamps.org\/es\/#\/schema\/logo\/image\/","url":"https:\/\/unstamps.org\/wp-content\/uploads\/2014\/01\/logo4web.jpg","contentUrl":"https:\/\/unstamps.org\/wp-content\/uploads\/2014\/01\/logo4web.jpg","width":2500,"height":250,"caption":"UN Stamps"},"image":{"@id":"https:\/\/unstamps.org\/es\/#\/schema\/logo\/image\/"}}]}},"jetpack_sharing_enabled":true,"publishpress_future_action":{"enabled":false,"date":"2026-04-17 06:42:41","action":"change-status","newStatus":"draft","terms":[],"taxonomy":"translation_priority","extraData":[]},"publishpress_future_workflow_manual_trigger":{"enabledWorkflows":[]},"_links":{"self":[{"href":"https:\/\/unstamps.org\/es\/wp-json\/wp\/v2\/pages\/51113","targetHints":{"allow":["GET"]}}],"collection":[{"href":"https:\/\/unstamps.org\/es\/wp-json\/wp\/v2\/pages"}],"about":[{"href":"https:\/\/unstamps.org\/es\/wp-json\/wp\/v2\/types\/page"}],"author":[{"embeddable":true,"href":"https:\/\/unstamps.org\/es\/wp-json\/wp\/v2\/users\/20966"}],"replies":[{"embeddable":true,"href":"https:\/\/unstamps.org\/es\/wp-json\/wp\/v2\/comments?post=51113"}],"version-history":[{"count":0,"href":"https:\/\/unstamps.org\/es\/wp-json\/wp\/v2\/pages\/51113\/revisions"}],"wp:attachment":[{"href":"https:\/\/unstamps.org\/es\/wp-json\/wp\/v2\/media?parent=51113"}],"curies":[{"name":"wp","href":"https:\/\/api.w.org\/{rel}","templated":true}]}}