{"id":51071,"date":"2019-07-19T12:51:30","date_gmt":"2019-07-19T16:51:30","guid":{"rendered":"https:\/\/unstamps.org\/es\/?page_id=51071"},"modified":"2019-07-19T12:51:30","modified_gmt":"2019-07-19T16:51:30","slug":"glosario","status":"publish","type":"page","link":"https:\/\/unstamps.org\/es\/sellos-de-la-apnu\/glosario\/","title":{"rendered":"Glosario"},"content":{"rendered":"<p><strong>GLOSARIO<\/strong><\/p>\n<h3><\/h3>\n<h3>T\u00e9rminos del glosario<\/h3>\n<p>* <strong>SELLOS CONMEMORATIVOS<\/strong><\/p>\n<p>Se emiten en relaci\u00f3n con temas especiales de las Naciones Unidas y ayudan a llamar la atenci\u00f3n sobre cuestiones espec\u00edficas de inter\u00e9s mundial. Algunos de los temas ilustrados en sellos conmemorativos de la ONU han sido el mantenimiento de la paz, el medio ambiente, la salud mundial y los derechos humanos. Estos sellos est\u00e1n disponibles solo durante un a\u00f1o desde la fecha de emisi\u00f3n.<\/p>\n<p>* <strong>PLIEGOS DE RECUERDO CONMEMORATIVOS<\/strong><\/p>\n<p>Son los art\u00edculos filat\u00e9licos de las Naciones Unidas que tienen m\u00e1s demanda y se emiten, por ejemplo, en honor de cada quinto aniversario de las Naciones Unidas. De tanto en tanto se emiten otros pliegos de recuerdo. Estos art\u00edculos est\u00e1n a la venta durante un a\u00f1o.<\/p>\n<p>* <strong>MINIPLIEGOS CONMEMORATIVOS<\/strong><\/p>\n<p>Tienen elementos de dise\u00f1o especiales y se emiten en pliegos de menos de 16 sellos, que est\u00e1n disponibles durante 12 meses desde la fecha de emisi\u00f3n.<\/p>\n<p>* <strong>SERIES DE SELLOS CONMEMORATIVAS<\/strong><\/p>\n<p>Se incluyen de tanto en tanto en el programa de emisi\u00f3n de sellos. En funci\u00f3n del tema central de la emisi\u00f3n, cada serie de sellos dura varios a\u00f1os y constituye una minicolecci\u00f3n dentro de la gran amplitud de una colecci\u00f3n de sellos de las Naciones Unidas. Se han emitido series de sellos sobre los temas de los derechos humanos, las especies amenazadas, las banderas de los Estados Miembros de las Naciones Unidas, el arte ind\u00edgena y el patrimonio mundial. El per\u00edodo de venta de estas series es de entre 12 y 24 meses.<\/p>\n<p><strong>DEFINITIVOS <\/strong><\/p>\n<p>Sellos \u201cordinarios\u201d para env\u00edos postales en general, que se emiten espor\u00e1dicamente para satisfacer las tarifas postales vigentes y est\u00e1n a la venta durante un tiempo indefinido. Cuando es necesario, pueden obtenerse cantidades adicionales de estos sellos mediante reimpresi\u00f3n.<\/p>\n<p><strong>ENTEROS POSTALES <\/strong><\/p>\n<p>Se emiten espor\u00e1dicamente para satisfacer las tarifas postales vigentes y est\u00e1n a la venta durante un tiempo indefinido. Cuando es necesario, pueden obtenerse cantidades adicionales de enteros postales &nbsp;mediante reimpresi\u00f3n.<\/p>\n<p><strong>SOBRES DE PRIMER D\u00cdA DE EMISI\u00d3N <\/strong><\/p>\n<p>Cada vez que se realiza una nueva emisi\u00f3n de sellos, se elaboran sobres con el sello fijado y matasellos de la fecha del primer d\u00eda de emisi\u00f3n. Se dise\u00f1a un sobre de primer d\u00eda de emisi\u00f3n \u201coficial\u201d para cada nuevo sello emitido y para las tres oficinas: Nueva York, Ginebra y Viena. Los sobres con los sellos nuevos y matasellos del primer d\u00eda se ofrecen a partir del d\u00eda de la emisi\u00f3n en algunas de las siguientes opciones, o en todas ellas:<\/p>\n<ul>\n<li>Individual (y pareja solamente en Nueva York)<\/li>\n<li>Bloque de cuatro con inscripciones marginales<\/li>\n<li>Combinaci\u00f3n: dos o m\u00e1s sellos<\/li>\n<li>Jumbo: minipliego completo<\/li>\n<li>Triple con matasellos: sellos de las tres oficinas<\/li>\n<\/ul>\n<p>Estos sobres pueden obtenerse durante 90 d\u00edas desde la fecha de emisi\u00f3n, hasta que se agoten las existencias.<\/p>\n<p><strong>TARJETAS DE RECUERDO <\/strong><\/p>\n<p>Suelen ofrecerse para acompa\u00f1ar a una emisi\u00f3n de sellos conmemorativos. En las tarjetas se reproducen los sellos nuevos, as\u00ed como sellos de emisiones anteriores sobre temas relacionados. Pueden ser tarjetas <em>mint<\/em> o con el valor m\u00e1s bajo de cada moneda de la nueva emisi\u00f3n y matasellos &nbsp;del primer d\u00eda de emisi\u00f3n, seg\u00fan corresponda, e incluyen un mensaje del Secretario General. Las tarjetas de recuerdo se mantienen a la venta durante tres meses.<\/p>\n<p><strong>TARJETAS M\u00c1XIMAS <\/strong><\/p>\n<p>Se ofrecen ocasionalmente junto con una emisi\u00f3n de sellos conmemorativos. Pueden ser tarjetas <em>mint<\/em> o llevar el sello nuevo con matasellos del primer d\u00eda de emisi\u00f3n, seg\u00fan corresponda. Las tarjetas m\u00e1ximas est\u00e1n disponibles durante tres meses.<\/p>\n<p><strong>CARPETAS DE COLECCI\u00d3N ANUALES <\/strong><\/p>\n<p>Se ofrecen carpetas <em>mint<\/em> y con matasellos (con el sello ordinario de la \u00faltima emisi\u00f3n del a\u00f1o). Contienen una unidad de cada sello conmemorativo, sello definitivo y pliego de recuerdo que se emiti\u00f3 durante el a\u00f1o y se lanzan simult\u00e1neamente a la \u00faltima emisi\u00f3n del a\u00f1o. Incluyen hojas con informaci\u00f3n t\u00e9cnica sobre cada emisi\u00f3n y espacios especiales para fijar los sellos. Se emite una carpeta distinta para cada una de las tres monedas (sellos de Nueva York, Ginebra y Viena). Las carpetas est\u00e1n disponibles durante dos a\u00f1os hasta que se agoten las existencias. Las carpetas individuales se lanzan en distintos momentos para series de sellos conmemorativas, como la serie de especies amenazadas (<em>mint<\/em> o con matasellos del primer d\u00eda de emisi\u00f3n) y la serie de banderas, y permanecen a la venta durante per\u00edodos distintos.<\/p>\n<p><strong>CUADERNOS <em>PRESTIGE<\/em> <\/strong><\/p>\n<p>Se publican con poca frecuencia en tres monedas distintas. Un cuaderno <em>prestige<\/em> es un cuaderno de muchas p\u00e1ginas que incluye sellos variados con un tema en com\u00fan. Tambi\u00e9n contiene textos e ilustraciones que proporcionan informaci\u00f3n b\u00e1sica sobre ese tema. Los primeros cuadernos de este tipo se produjeron en 1995. Los cuadernos <em>prestige<\/em> est\u00e1n disponibles <em>mint<\/em> y con matasellos, y se pueden obtener durante 24 meses, mientras haya existencias. Los sellos que contiene un cuaderno&nbsp; <em>prestige<\/em> <em>no<\/em> est\u00e1n disponibles de forma individual y <em>no<\/em> se incluyen en las carpetas de colecci\u00f3n anuales.<\/p>\n<p><strong>TARJETAS DE FERIAS <\/strong><\/p>\n<p>Se emiten para conmemorar la participaci\u00f3n de la Administraci\u00f3n Postal de las Naciones Unidas en ferias filat\u00e9licas de distintas partes del mundo (solamente se emiten en Nueva York si la participaci\u00f3n coincide con un primer d\u00eda de emisi\u00f3n). Cada tarjeta tiene un sello de las Naciones Unidas fijado y con el matasellos que corresponda. Adem\u00e1s lleva impreso un \u201c<em>cachet<\/em> de la feria\u201d especial. Las tarjetas est\u00e1n disponibles durante seis meses desde la fecha de lanzamiento.<\/p>\n<p><strong>PRODUCTOS VARIOS<\/strong><\/p>\n<p>Se trata de una categor\u00eda especial por suscripci\u00f3n dedicada a productos como sobres, pliegos de eventos especiales, carpetas filat\u00e9licas creadas gracias a la cooperaci\u00f3n entre la Administraci\u00f3n Postal de las Naciones Unidas y otras administraciones postales nacionales, y todos los dem\u00e1s art\u00edculos filat\u00e9licos especiales. Los productos de esta categor\u00eda suelen producirse en cantidades limitadas, por lo cual tienen distintos per\u00edodos de venta.<\/p>\n<p><strong>INSCRIPCIONES MARGINALES <\/strong><\/p>\n<p>Suelen consistir en el emblema de las Naciones Unidas y una leyenda alusiva en cuatro posiciones en cada pliego de sellos. En general, los bloques con inscripciones marginales se pueden obtener \u00fanicamente con un pedido m\u00ednimo de:<\/p>\n<ol>\n<li>a) cuatro sellos de emisiones conmemorativas;<\/li>\n<li>b) cuatro sellos de emisiones definitivas, independientemente de su valor nominal.<\/li>\n<\/ol>\n<p>En el formulario de suscripci\u00f3n se brinda un espacio para que el cliente indique las posiciones que prefiere para las inscripciones marginales.<\/p>\n<p><img loading=\"lazy\" decoding=\"async\" class=\"aligncenter\" src=\"https:\/\/unstamps.org\/wp-content\/uploads\/2017\/10\/UNPA-3.jpg\" alt=\"\" width=\"696\" height=\"309\"><\/p>\n<p><strong>FORMATOS ESPECIALES<\/strong><\/p>\n<p>Se usan de tanto en tanto en los dise\u00f1os de sellos de las Naciones Unidas, como los de parejas ligadas, bloques de cuatro sellos ligados y tiras de cinco sellos ligados. Para satisfacer las necesidades especiales de los clientes de estos formatos, se ha agregado una nueva categor\u00eda de pedido de renovaci\u00f3n autom\u00e1tica, que permite realizar un pedido separado para las necesidades de sellos ligados. Este pedido especial reemplaza el pedido de renovaci\u00f3n autom\u00e1tica de sellos conmemorativos habitual. Por ejemplo, si una emisi\u00f3n consiste en un pliego de 25 sellos en un formato de tira de 5 sellos ligados y el cliente indica que desea recibir 6 unidades de ligados, recibir\u00e1 un pliego completo y una tira de 5 sellos ligados.<strong>FORMATOS ESPECIALES<\/strong><\/p>\n<p><strong>REIMPRESIONES DE SELLOS DEFINITIVOS Y ENTEROS POSTALES <\/strong><\/p>\n<p>Se realizan seg\u00fan la necesidad. Debido al inter\u00e9s de los clientes en las reimpresiones, tambi\u00e9n se ha agregado a la suscripci\u00f3n de renovaci\u00f3n autom\u00e1tica una nueva categor\u00eda para estos art\u00edculos, tanto <em>mint<\/em> como con matasellos.<\/p>\n<p><strong>PLIEGO PERSONALIZADO <\/strong><\/p>\n<p>Este producto est\u00e1 disponible \u00fanicamente para quienes visitan la sede de las Naciones Unidas en Nueva York. El pliego contiene 20 sellos de las Naciones Unidas perforados, con una etiqueta en blanco junto a cada sello. Hay cinco dise\u00f1os de sellos con im\u00e1genes cl\u00e1sicas de las Naciones Unidas en Nueva York que se repiten cuatro veces en el pliego. La etiqueta en blanco se usa para imprimir la fotograf\u00eda del cliente.<\/p>\n<p><strong>PLIEGO PERSONALIZADO GEN\u00c9RICO <\/strong><\/p>\n<p>Los coleccionistas que no pueden desplazarse a la tienda de sellos personalizados de la Administraci\u00f3n Postal de las Naciones Unidas, situada en la zona p\u00fablica de la sede de las Naciones Unidas en Nueva York, pueden adquirir por correo un pliego de sellos personalizado gen\u00e9rico. En la etiqueta en blanco donde ir\u00eda la fotograf\u00eda, se imprimen varias im\u00e1genes gen\u00e9ricas de las Naciones Unidas.<\/p>\n<p><strong>PLIEGO DE EVENTO ESPECIAL <\/strong><\/p>\n<p>La Administraci\u00f3n Postal de las Naciones Unidas crea pliegos personalizados especiales que coinciden con determinadas ferias filat\u00e9licas. En la etiqueta en blanco donde ir\u00eda la fotograf\u00eda y en el margen entre los sellos, se imprimen dise\u00f1os especiales de una determinada feria filat\u00e9lica, como matasellos o logotipos.<\/p>\n<p><strong>CACHET<\/strong><\/p>\n<p>La Administraci\u00f3n Postal de las Naciones Unidas crea un sobre con <em>cachet<\/em> y un dise\u00f1o especial para cada emisi\u00f3n de sellos. Estos sobres se utilizan como sobres de primer d\u00eda de emisi\u00f3n oficiales. El dise\u00f1o del <em>cachet<\/em> suele aparecer en el lado izquierdo del anverso del sobre.<\/p>\n<p><strong>PAQUETES DE SELLOS <\/strong><\/p>\n<p>Colecciones de sellos de las Naciones Unidas con matasellos, sobre temas como las especies amenazadas, la paz, los derechos humanos, las banderas, el espacio y el oc\u00e9ano.<\/p>\n<p>* <strong><em>no se reimprimen<\/em><\/strong><\/p>\n","protected":false},"excerpt":{"rendered":"<p>GLOSARIO T\u00e9rminos del glosario * SELLOS CONMEMORATIVOS Se emiten en relaci\u00f3n con temas especiales de las Naciones Unidas y ayudan a llamar la atenci\u00f3n sobre cuestiones espec\u00edficas de inter\u00e9s mundial. Algunos de los temas ilustrados en sellos conmemorativos de la ONU han sido el mantenimiento de la paz, el medio ambiente, la salud mundial y [&hellip;]<\/p>\n","protected":false},"author":20966,"featured_media":0,"parent":77169,"menu_order":0,"comment_status":"open","ping_status":"open","template":"","meta":{"ngg_post_thumbnail":0,"footnotes":""},"class_list":["post-51071","page","type-page","status-publish","hentry"],"yoast_head":"<!-- This site is optimized with the Yoast SEO plugin v27.3 - https:\/\/yoast.com\/product\/yoast-seo-wordpress\/ -->\n<title>Glosario - UN Stamps<\/title>\n<meta name=\"robots\" content=\"index, follow, max-snippet:-1, max-image-preview:large, max-video-preview:-1\" \/>\n<link rel=\"canonical\" href=\"https:\/\/unstamps.org\/es\/sellos-de-la-apnu\/glosario\/\" \/>\n<meta property=\"og:locale\" content=\"es_ES\" \/>\n<meta property=\"og:type\" content=\"article\" \/>\n<meta property=\"og:title\" content=\"Glosario - UN Stamps\" \/>\n<meta property=\"og:description\" content=\"GLOSARIO T\u00e9rminos del glosario * SELLOS CONMEMORATIVOS Se emiten en relaci\u00f3n con temas especiales de las Naciones Unidas y ayudan a llamar la atenci\u00f3n sobre cuestiones espec\u00edficas de inter\u00e9s mundial. Algunos de los temas ilustrados en sellos conmemorativos de la ONU han sido el mantenimiento de la paz, el medio ambiente, la salud mundial y [&hellip;]\" \/>\n<meta property=\"og:url\" content=\"https:\/\/unstamps.org\/es\/sellos-de-la-apnu\/glosario\/\" \/>\n<meta property=\"og:site_name\" content=\"UN Stamps\" \/>\n<meta property=\"og:image\" content=\"https:\/\/unstamps.org\/wp-content\/uploads\/2017\/10\/UNPA-3.jpg\" \/>\n<meta name=\"twitter:card\" content=\"summary_large_image\" \/>\n<meta name=\"twitter:label1\" content=\"Tiempo de lectura\" \/>\n\t<meta name=\"twitter:data1\" content=\"8 minutos\" \/>\n<script type=\"application\/ld+json\" class=\"yoast-schema-graph\">{\"@context\":\"https:\\\/\\\/schema.org\",\"@graph\":[{\"@type\":\"WebPage\",\"@id\":\"https:\\\/\\\/unstamps.org\\\/es\\\/sellos-de-la-apnu\\\/glosario\\\/\",\"url\":\"https:\\\/\\\/unstamps.org\\\/es\\\/sellos-de-la-apnu\\\/glosario\\\/\",\"name\":\"Glosario - UN Stamps\",\"isPartOf\":{\"@id\":\"https:\\\/\\\/unstamps.org\\\/es\\\/#website\"},\"primaryImageOfPage\":{\"@id\":\"https:\\\/\\\/unstamps.org\\\/es\\\/sellos-de-la-apnu\\\/glosario\\\/#primaryimage\"},\"image\":{\"@id\":\"https:\\\/\\\/unstamps.org\\\/es\\\/sellos-de-la-apnu\\\/glosario\\\/#primaryimage\"},\"thumbnailUrl\":\"https:\\\/\\\/unstamps.org\\\/wp-content\\\/uploads\\\/2017\\\/10\\\/UNPA-3.jpg\",\"datePublished\":\"2019-07-19T16:51:30+00:00\",\"breadcrumb\":{\"@id\":\"https:\\\/\\\/unstamps.org\\\/es\\\/sellos-de-la-apnu\\\/glosario\\\/#breadcrumb\"},\"inLanguage\":\"es\",\"potentialAction\":[{\"@type\":\"ReadAction\",\"target\":[\"https:\\\/\\\/unstamps.org\\\/es\\\/sellos-de-la-apnu\\\/glosario\\\/\"]}]},{\"@type\":\"ImageObject\",\"inLanguage\":\"es\",\"@id\":\"https:\\\/\\\/unstamps.org\\\/es\\\/sellos-de-la-apnu\\\/glosario\\\/#primaryimage\",\"url\":\"https:\\\/\\\/unstamps.org\\\/wp-content\\\/uploads\\\/2017\\\/10\\\/UNPA-3.jpg\",\"contentUrl\":\"https:\\\/\\\/unstamps.org\\\/wp-content\\\/uploads\\\/2017\\\/10\\\/UNPA-3.jpg\"},{\"@type\":\"BreadcrumbList\",\"@id\":\"https:\\\/\\\/unstamps.org\\\/es\\\/sellos-de-la-apnu\\\/glosario\\\/#breadcrumb\",\"itemListElement\":[{\"@type\":\"ListItem\",\"position\":1,\"name\":\"Home\",\"item\":\"https:\\\/\\\/unstamps.org\\\/es\\\/\"},{\"@type\":\"ListItem\",\"position\":2,\"name\":\"Sellos de la APNU\",\"item\":\"https:\\\/\\\/unstamps.org\\\/es\\\/sellos-de-la-apnu\\\/\"},{\"@type\":\"ListItem\",\"position\":3,\"name\":\"Glosario\"}]},{\"@type\":\"WebSite\",\"@id\":\"https:\\\/\\\/unstamps.org\\\/es\\\/#website\",\"url\":\"https:\\\/\\\/unstamps.org\\\/es\\\/\",\"name\":\"UN Stamps\",\"description\":\"United Nations Stamps\",\"publisher\":{\"@id\":\"https:\\\/\\\/unstamps.org\\\/es\\\/#organization\"},\"potentialAction\":[{\"@type\":\"SearchAction\",\"target\":{\"@type\":\"EntryPoint\",\"urlTemplate\":\"https:\\\/\\\/unstamps.org\\\/es\\\/?s={search_term_string}\"},\"query-input\":{\"@type\":\"PropertyValueSpecification\",\"valueRequired\":true,\"valueName\":\"search_term_string\"}}],\"inLanguage\":\"es\"},{\"@type\":\"Organization\",\"@id\":\"https:\\\/\\\/unstamps.org\\\/es\\\/#organization\",\"name\":\"UN Stamps\",\"url\":\"https:\\\/\\\/unstamps.org\\\/es\\\/\",\"logo\":{\"@type\":\"ImageObject\",\"inLanguage\":\"es\",\"@id\":\"https:\\\/\\\/unstamps.org\\\/es\\\/#\\\/schema\\\/logo\\\/image\\\/\",\"url\":\"https:\\\/\\\/unstamps.org\\\/wp-content\\\/uploads\\\/2014\\\/01\\\/logo4web.jpg\",\"contentUrl\":\"https:\\\/\\\/unstamps.org\\\/wp-content\\\/uploads\\\/2014\\\/01\\\/logo4web.jpg\",\"width\":2500,\"height\":250,\"caption\":\"UN Stamps\"},\"image\":{\"@id\":\"https:\\\/\\\/unstamps.org\\\/es\\\/#\\\/schema\\\/logo\\\/image\\\/\"}}]}<\/script>\n<!-- \/ Yoast SEO plugin. -->","yoast_head_json":{"title":"Glosario - UN Stamps","robots":{"index":"index","follow":"follow","max-snippet":"max-snippet:-1","max-image-preview":"max-image-preview:large","max-video-preview":"max-video-preview:-1"},"canonical":"https:\/\/unstamps.org\/es\/sellos-de-la-apnu\/glosario\/","og_locale":"es_ES","og_type":"article","og_title":"Glosario - UN Stamps","og_description":"GLOSARIO T\u00e9rminos del glosario * SELLOS CONMEMORATIVOS Se emiten en relaci\u00f3n con temas especiales de las Naciones Unidas y ayudan a llamar la atenci\u00f3n sobre cuestiones espec\u00edficas de inter\u00e9s mundial. Algunos de los temas ilustrados en sellos conmemorativos de la ONU han sido el mantenimiento de la paz, el medio ambiente, la salud mundial y [&hellip;]","og_url":"https:\/\/unstamps.org\/es\/sellos-de-la-apnu\/glosario\/","og_site_name":"UN Stamps","og_image":[{"url":"https:\/\/unstamps.org\/wp-content\/uploads\/2017\/10\/UNPA-3.jpg","type":"","width":"","height":""}],"twitter_card":"summary_large_image","twitter_misc":{"Tiempo de lectura":"8 minutos"},"schema":{"@context":"https:\/\/schema.org","@graph":[{"@type":"WebPage","@id":"https:\/\/unstamps.org\/es\/sellos-de-la-apnu\/glosario\/","url":"https:\/\/unstamps.org\/es\/sellos-de-la-apnu\/glosario\/","name":"Glosario - UN Stamps","isPartOf":{"@id":"https:\/\/unstamps.org\/es\/#website"},"primaryImageOfPage":{"@id":"https:\/\/unstamps.org\/es\/sellos-de-la-apnu\/glosario\/#primaryimage"},"image":{"@id":"https:\/\/unstamps.org\/es\/sellos-de-la-apnu\/glosario\/#primaryimage"},"thumbnailUrl":"https:\/\/unstamps.org\/wp-content\/uploads\/2017\/10\/UNPA-3.jpg","datePublished":"2019-07-19T16:51:30+00:00","breadcrumb":{"@id":"https:\/\/unstamps.org\/es\/sellos-de-la-apnu\/glosario\/#breadcrumb"},"inLanguage":"es","potentialAction":[{"@type":"ReadAction","target":["https:\/\/unstamps.org\/es\/sellos-de-la-apnu\/glosario\/"]}]},{"@type":"ImageObject","inLanguage":"es","@id":"https:\/\/unstamps.org\/es\/sellos-de-la-apnu\/glosario\/#primaryimage","url":"https:\/\/unstamps.org\/wp-content\/uploads\/2017\/10\/UNPA-3.jpg","contentUrl":"https:\/\/unstamps.org\/wp-content\/uploads\/2017\/10\/UNPA-3.jpg"},{"@type":"BreadcrumbList","@id":"https:\/\/unstamps.org\/es\/sellos-de-la-apnu\/glosario\/#breadcrumb","itemListElement":[{"@type":"ListItem","position":1,"name":"Home","item":"https:\/\/unstamps.org\/es\/"},{"@type":"ListItem","position":2,"name":"Sellos de la APNU","item":"https:\/\/unstamps.org\/es\/sellos-de-la-apnu\/"},{"@type":"ListItem","position":3,"name":"Glosario"}]},{"@type":"WebSite","@id":"https:\/\/unstamps.org\/es\/#website","url":"https:\/\/unstamps.org\/es\/","name":"UN Stamps","description":"United Nations Stamps","publisher":{"@id":"https:\/\/unstamps.org\/es\/#organization"},"potentialAction":[{"@type":"SearchAction","target":{"@type":"EntryPoint","urlTemplate":"https:\/\/unstamps.org\/es\/?s={search_term_string}"},"query-input":{"@type":"PropertyValueSpecification","valueRequired":true,"valueName":"search_term_string"}}],"inLanguage":"es"},{"@type":"Organization","@id":"https:\/\/unstamps.org\/es\/#organization","name":"UN Stamps","url":"https:\/\/unstamps.org\/es\/","logo":{"@type":"ImageObject","inLanguage":"es","@id":"https:\/\/unstamps.org\/es\/#\/schema\/logo\/image\/","url":"https:\/\/unstamps.org\/wp-content\/uploads\/2014\/01\/logo4web.jpg","contentUrl":"https:\/\/unstamps.org\/wp-content\/uploads\/2014\/01\/logo4web.jpg","width":2500,"height":250,"caption":"UN Stamps"},"image":{"@id":"https:\/\/unstamps.org\/es\/#\/schema\/logo\/image\/"}}]}},"jetpack_sharing_enabled":true,"publishpress_future_action":{"enabled":false,"date":"2026-04-19 11:47:42","action":"change-status","newStatus":"draft","terms":[],"taxonomy":"translation_priority","extraData":[]},"publishpress_future_workflow_manual_trigger":{"enabledWorkflows":[]},"_links":{"self":[{"href":"https:\/\/unstamps.org\/es\/wp-json\/wp\/v2\/pages\/51071","targetHints":{"allow":["GET"]}}],"collection":[{"href":"https:\/\/unstamps.org\/es\/wp-json\/wp\/v2\/pages"}],"about":[{"href":"https:\/\/unstamps.org\/es\/wp-json\/wp\/v2\/types\/page"}],"author":[{"embeddable":true,"href":"https:\/\/unstamps.org\/es\/wp-json\/wp\/v2\/users\/20966"}],"replies":[{"embeddable":true,"href":"https:\/\/unstamps.org\/es\/wp-json\/wp\/v2\/comments?post=51071"}],"version-history":[{"count":0,"href":"https:\/\/unstamps.org\/es\/wp-json\/wp\/v2\/pages\/51071\/revisions"}],"up":[{"embeddable":true,"href":"https:\/\/unstamps.org\/es\/wp-json\/wp\/v2\/pages\/77169"}],"wp:attachment":[{"href":"https:\/\/unstamps.org\/es\/wp-json\/wp\/v2\/media?parent=51071"}],"curies":[{"name":"wp","href":"https:\/\/api.w.org\/{rel}","templated":true}]}}