{"id":83210,"date":"2019-10-02T06:48:31","date_gmt":"2019-10-02T10:48:31","guid":{"rendered":"https:\/\/unstamps.org\/?post_type=product&#038;p=83210"},"modified":"2026-01-09T10:26:23","modified_gmt":"2026-01-09T15:26:23","slug":"mahatma-gandhi-ny-dauermarke-us-275","status":"publish","type":"product","link":"https:\/\/unstamps.org\/de\/produkt\/mahatma-gandhi-ny-dauermarke-us-275\/","title":{"rendered":"Mahatma Gandhi \u2013 NY Dauermarke \u2013 US$ 2,75"},"content":{"rendered":"<p>Im Jahr 2019 j\u00e4hrt sich der Geburtstag von Mahatma Gandhi (1869\u20131948) zum 150. Mal.<\/p>\n<p>Der Name Mahatma Gandhi \u00fcberwindet die Grenzen von Rasse, Religion und Nationalstaaten. Er ist die prophetische Stimme des 21. Jahrhunderts. Gandhi war eine schillernde Pers\u00f6nlichkeit mit vielen Facetten. Er war zugleich Nationalist und Kosmopolit, Traditionalist und Reformer, politische F\u00fchrungspers\u00f6nlichkeit und spiritueller Mentor, Schriftsteller und Denker, Pazifist und K\u00e4mpfer f\u00fcr gesellschaftlichen Wandel und Reformen. Mahatma Gandhi bleibt den Menschen nicht nur wegen seines leidenschaftlichen Festhaltens an der Praxis der Gewaltlosigkeit und seines zutiefst empfundenen Humanismus im Ged\u00e4chtnis, er setzte auch Ma\u00dfst\u00e4be, die wir an Frauen und M\u00e4nner des \u00f6ffentlichen Lebens, an politische Ideen und die Politik von Regierungen legen sowie an die Hoffnungen und W\u00fcnsche f\u00fcr unseren gemeinsamen Planeten.<\/p>\n<p>Gandhisches Denken, gandhische Formen des Kampfes und das gandhische Ideal, die Freiheit der Menschen durch Vers\u00f6hnung zu erreichen, indem man an das Gewissen des Gegners appelliert, haben einige der gr\u00f6\u00dften F\u00fchrungspers\u00f6nlichkeiten unserer Zeit beeinflusst. Gandhi sagte einmal: \u201eAm Tag, an dem die Macht der Liebe st\u00e4rker sein wird als die Liebe zur Macht, wird die Welt wissen, was Frieden ist.\u201c Da die heutige Generation sich mit der Bedeutung des Lebens inmitten einer F\u00fclle komplexer Probleme besch\u00e4ftigt, k\u00f6nnen Gandhis Leben und Philosophie ein starkes Leitbild darstellen, um zu erkennen, welchen Weg man gehen sollte.<\/p>\n<p><strong>Ausgabedatum:<\/strong> 2. Oktober 2019<br \/>\n<strong>K\u00fcnstler:<\/strong> Martin M\u00f6rck (Norwegen)<br \/>\n<strong>Entwurf:<\/strong>Rorie Katz (Vereinte Nationen)<br \/>\n<strong>Nennwert:<\/strong> US$ 2,75<br \/>\n<strong>Format der Marken:<\/strong> 50mm x 35mm<br \/>\n<strong>Marken pro Bogen: <\/strong>20<br \/>\n<strong>Druck:<\/strong> Joh Ensched\u00e9 Stamps BV (Niederlande)<br \/>\n<strong>Druckverfahren:<\/strong> Offset Lithographie mit Duotone<br \/>\n<strong>Z\u00e4hnung:<\/strong> 14 x 14 \u00bc<br \/>\n<strong>Menge der Briefmarken:\u00a0<\/strong>10.500 Bogen (210.000 Marken)<\/p>\n","protected":false},"excerpt":{"rendered":"<p>Im Jahr 2019 j\u00e4hrt sich der Geburtstag von Mahatma Gandhi (1869\u20131948) zum 150. Mal. Der Name Mahatma Gandhi \u00fcberwindet die Grenzen von Rasse, Religion und Nationalstaaten. Er ist die prophetische Stimme des 21. Jahrhunderts. Gandhi war eine schillernde Pers\u00f6nlichkeit mit vielen Facetten. Er war zugleich Nationalist und Kosmopolit, Traditionalist und Reformer, politische F\u00fchrungspers\u00f6nlichkeit und spiritueller [&hellip;]<\/p>\n","protected":false},"featured_media":83671,"comment_status":"closed","ping_status":"closed","template":"","meta":{"ngg_post_thumbnail":0},"product_brand":[],"product_cat":[1124,154,114],"product_tag":[],"class_list":{"0":"post-83210","1":"product","2":"type-product","3":"status-publish","4":"has-post-thumbnail","6":"product_cat-2019-year-de","7":"product_cat-dauermarken","8":"product_cat-new-york-issuing-office-de","9":"pa_condition-cancelled","10":"pa_condition-mint-de","12":"first","13":"instock","14":"shipping-taxable","15":"purchasable","16":"product-type-variable"},"yoast_head":"<!-- This site is optimized with the Yoast SEO plugin v27.3 - https:\/\/yoast.com\/product\/yoast-seo-wordpress\/ -->\n<title>Mahatma Gandhi \u2013 NY Dauermarke \u2013 US$ 2,75 - UN Briefmarken<\/title>\n<meta name=\"robots\" content=\"index, follow, max-snippet:-1, max-image-preview:large, max-video-preview:-1\" \/>\n<link rel=\"canonical\" href=\"https:\/\/unstamps.org\/de\/produkt\/mahatma-gandhi-ny-dauermarke-us-275\/\" \/>\n<meta property=\"og:locale\" content=\"de_DE\" \/>\n<meta property=\"og:type\" content=\"article\" \/>\n<meta property=\"og:title\" content=\"Mahatma Gandhi \u2013 NY Dauermarke \u2013 US$ 2,75 - UN Briefmarken\" \/>\n<meta property=\"og:description\" content=\"Im Jahr 2019 j\u00e4hrt sich der Geburtstag von Mahatma Gandhi (1869\u20131948) zum 150. Mal. Der Name Mahatma Gandhi \u00fcberwindet die Grenzen von Rasse, Religion und Nationalstaaten. Er ist die prophetische Stimme des 21. Jahrhunderts. Gandhi war eine schillernde Pers\u00f6nlichkeit mit vielen Facetten. Er war zugleich Nationalist und Kosmopolit, Traditionalist und Reformer, politische F\u00fchrungspers\u00f6nlichkeit und spiritueller [&hellip;]\" \/>\n<meta property=\"og:url\" content=\"https:\/\/unstamps.org\/de\/produkt\/mahatma-gandhi-ny-dauermarke-us-275\/\" \/>\n<meta property=\"og:site_name\" content=\"UN Briefmarken\" \/>\n<meta property=\"article:modified_time\" content=\"2026-01-09T15:26:23+00:00\" \/>\n<meta property=\"og:image\" content=\"https:\/\/unstamps.org\/wp-content\/uploads\/2019\/10\/M.Gandhi19_NY-2.75-stamp.jpg\" \/>\n\t<meta property=\"og:image:width\" content=\"1024\" \/>\n\t<meta property=\"og:image:height\" content=\"1024\" \/>\n\t<meta property=\"og:image:type\" content=\"image\/jpeg\" \/>\n<meta name=\"twitter:card\" content=\"summary_large_image\" \/>\n<meta name=\"twitter:label1\" content=\"Gesch\u00e4tzte Lesezeit\" \/>\n\t<meta name=\"twitter:data1\" content=\"1 minute\" \/>\n<script type=\"application\/ld+json\" class=\"yoast-schema-graph\">{\"@context\":\"https:\\\/\\\/schema.org\",\"@graph\":[{\"@type\":\"WebPage\",\"@id\":\"https:\\\/\\\/unstamps.org\\\/de\\\/produkt\\\/mahatma-gandhi-ny-dauermarke-us-275\\\/\",\"url\":\"https:\\\/\\\/unstamps.org\\\/de\\\/produkt\\\/mahatma-gandhi-ny-dauermarke-us-275\\\/\",\"name\":\"Mahatma Gandhi \u2013 NY Dauermarke \u2013 US$ 2,75 - UN Briefmarken\",\"isPartOf\":{\"@id\":\"https:\\\/\\\/unstamps.org\\\/de\\\/#website\"},\"primaryImageOfPage\":{\"@id\":\"https:\\\/\\\/unstamps.org\\\/de\\\/produkt\\\/mahatma-gandhi-ny-dauermarke-us-275\\\/#primaryimage\"},\"image\":{\"@id\":\"https:\\\/\\\/unstamps.org\\\/de\\\/produkt\\\/mahatma-gandhi-ny-dauermarke-us-275\\\/#primaryimage\"},\"thumbnailUrl\":\"https:\\\/\\\/unstamps.org\\\/wp-content\\\/uploads\\\/2019\\\/10\\\/M.Gandhi19_NY-2.75-stamp.jpg\",\"datePublished\":\"2019-10-02T10:48:31+00:00\",\"dateModified\":\"2026-01-09T15:26:23+00:00\",\"breadcrumb\":{\"@id\":\"https:\\\/\\\/unstamps.org\\\/de\\\/produkt\\\/mahatma-gandhi-ny-dauermarke-us-275\\\/#breadcrumb\"},\"inLanguage\":\"de-DE\",\"potentialAction\":[{\"@type\":\"ReadAction\",\"target\":[\"https:\\\/\\\/unstamps.org\\\/de\\\/produkt\\\/mahatma-gandhi-ny-dauermarke-us-275\\\/\"]}]},{\"@type\":\"ImageObject\",\"inLanguage\":\"de-DE\",\"@id\":\"https:\\\/\\\/unstamps.org\\\/de\\\/produkt\\\/mahatma-gandhi-ny-dauermarke-us-275\\\/#primaryimage\",\"url\":\"https:\\\/\\\/unstamps.org\\\/wp-content\\\/uploads\\\/2019\\\/10\\\/M.Gandhi19_NY-2.75-stamp.jpg\",\"contentUrl\":\"https:\\\/\\\/unstamps.org\\\/wp-content\\\/uploads\\\/2019\\\/10\\\/M.Gandhi19_NY-2.75-stamp.jpg\",\"width\":1024,\"height\":1024},{\"@type\":\"BreadcrumbList\",\"@id\":\"https:\\\/\\\/unstamps.org\\\/de\\\/produkt\\\/mahatma-gandhi-ny-dauermarke-us-275\\\/#breadcrumb\",\"itemListElement\":[{\"@type\":\"ListItem\",\"position\":1,\"name\":\"Home\",\"item\":\"https:\\\/\\\/unstamps.org\\\/de\\\/\"},{\"@type\":\"ListItem\",\"position\":2,\"name\":\"Produkte\",\"item\":\"https:\\\/\\\/unstamps.org\\\/de\\\/produkte\\\/\"},{\"@type\":\"ListItem\",\"position\":3,\"name\":\"Mahatma Gandhi \u2013 NY Dauermarke \u2013 US$ 2,75\"}]},{\"@type\":\"WebSite\",\"@id\":\"https:\\\/\\\/unstamps.org\\\/de\\\/#website\",\"url\":\"https:\\\/\\\/unstamps.org\\\/de\\\/\",\"name\":\"UN Stamps\",\"description\":\"United Nations Stamps\",\"publisher\":{\"@id\":\"https:\\\/\\\/unstamps.org\\\/de\\\/#organization\"},\"potentialAction\":[{\"@type\":\"SearchAction\",\"target\":{\"@type\":\"EntryPoint\",\"urlTemplate\":\"https:\\\/\\\/unstamps.org\\\/de\\\/?s={search_term_string}\"},\"query-input\":{\"@type\":\"PropertyValueSpecification\",\"valueRequired\":true,\"valueName\":\"search_term_string\"}}],\"inLanguage\":\"de-DE\"},{\"@type\":\"Organization\",\"@id\":\"https:\\\/\\\/unstamps.org\\\/de\\\/#organization\",\"name\":\"UN Stamps\",\"url\":\"https:\\\/\\\/unstamps.org\\\/de\\\/\",\"logo\":{\"@type\":\"ImageObject\",\"inLanguage\":\"de-DE\",\"@id\":\"https:\\\/\\\/unstamps.org\\\/de\\\/#\\\/schema\\\/logo\\\/image\\\/\",\"url\":\"https:\\\/\\\/unstamps.org\\\/wp-content\\\/uploads\\\/2014\\\/01\\\/logo4web.jpg\",\"contentUrl\":\"https:\\\/\\\/unstamps.org\\\/wp-content\\\/uploads\\\/2014\\\/01\\\/logo4web.jpg\",\"width\":2500,\"height\":250,\"caption\":\"UN Stamps\"},\"image\":{\"@id\":\"https:\\\/\\\/unstamps.org\\\/de\\\/#\\\/schema\\\/logo\\\/image\\\/\"}}]}<\/script>\n<!-- \/ Yoast SEO plugin. -->","yoast_head_json":{"title":"Mahatma Gandhi \u2013 NY Dauermarke \u2013 US$ 2,75 - UN Briefmarken","robots":{"index":"index","follow":"follow","max-snippet":"max-snippet:-1","max-image-preview":"max-image-preview:large","max-video-preview":"max-video-preview:-1"},"canonical":"https:\/\/unstamps.org\/de\/produkt\/mahatma-gandhi-ny-dauermarke-us-275\/","og_locale":"de_DE","og_type":"article","og_title":"Mahatma Gandhi \u2013 NY Dauermarke \u2013 US$ 2,75 - UN Briefmarken","og_description":"Im Jahr 2019 j\u00e4hrt sich der Geburtstag von Mahatma Gandhi (1869\u20131948) zum 150. Mal. Der Name Mahatma Gandhi \u00fcberwindet die Grenzen von Rasse, Religion und Nationalstaaten. Er ist die prophetische Stimme des 21. Jahrhunderts. Gandhi war eine schillernde Pers\u00f6nlichkeit mit vielen Facetten. Er war zugleich Nationalist und Kosmopolit, Traditionalist und Reformer, politische F\u00fchrungspers\u00f6nlichkeit und spiritueller [&hellip;]","og_url":"https:\/\/unstamps.org\/de\/produkt\/mahatma-gandhi-ny-dauermarke-us-275\/","og_site_name":"UN Briefmarken","article_modified_time":"2026-01-09T15:26:23+00:00","og_image":[{"width":1024,"height":1024,"url":"https:\/\/unstamps.org\/wp-content\/uploads\/2019\/10\/M.Gandhi19_NY-2.75-stamp.jpg","type":"image\/jpeg"}],"twitter_card":"summary_large_image","twitter_misc":{"Gesch\u00e4tzte Lesezeit":"1 minute"},"schema":{"@context":"https:\/\/schema.org","@graph":[{"@type":"WebPage","@id":"https:\/\/unstamps.org\/de\/produkt\/mahatma-gandhi-ny-dauermarke-us-275\/","url":"https:\/\/unstamps.org\/de\/produkt\/mahatma-gandhi-ny-dauermarke-us-275\/","name":"Mahatma Gandhi \u2013 NY Dauermarke \u2013 US$ 2,75 - UN Briefmarken","isPartOf":{"@id":"https:\/\/unstamps.org\/de\/#website"},"primaryImageOfPage":{"@id":"https:\/\/unstamps.org\/de\/produkt\/mahatma-gandhi-ny-dauermarke-us-275\/#primaryimage"},"image":{"@id":"https:\/\/unstamps.org\/de\/produkt\/mahatma-gandhi-ny-dauermarke-us-275\/#primaryimage"},"thumbnailUrl":"https:\/\/unstamps.org\/wp-content\/uploads\/2019\/10\/M.Gandhi19_NY-2.75-stamp.jpg","datePublished":"2019-10-02T10:48:31+00:00","dateModified":"2026-01-09T15:26:23+00:00","breadcrumb":{"@id":"https:\/\/unstamps.org\/de\/produkt\/mahatma-gandhi-ny-dauermarke-us-275\/#breadcrumb"},"inLanguage":"de-DE","potentialAction":[{"@type":"ReadAction","target":["https:\/\/unstamps.org\/de\/produkt\/mahatma-gandhi-ny-dauermarke-us-275\/"]}]},{"@type":"ImageObject","inLanguage":"de-DE","@id":"https:\/\/unstamps.org\/de\/produkt\/mahatma-gandhi-ny-dauermarke-us-275\/#primaryimage","url":"https:\/\/unstamps.org\/wp-content\/uploads\/2019\/10\/M.Gandhi19_NY-2.75-stamp.jpg","contentUrl":"https:\/\/unstamps.org\/wp-content\/uploads\/2019\/10\/M.Gandhi19_NY-2.75-stamp.jpg","width":1024,"height":1024},{"@type":"BreadcrumbList","@id":"https:\/\/unstamps.org\/de\/produkt\/mahatma-gandhi-ny-dauermarke-us-275\/#breadcrumb","itemListElement":[{"@type":"ListItem","position":1,"name":"Home","item":"https:\/\/unstamps.org\/de\/"},{"@type":"ListItem","position":2,"name":"Produkte","item":"https:\/\/unstamps.org\/de\/produkte\/"},{"@type":"ListItem","position":3,"name":"Mahatma Gandhi \u2013 NY Dauermarke \u2013 US$ 2,75"}]},{"@type":"WebSite","@id":"https:\/\/unstamps.org\/de\/#website","url":"https:\/\/unstamps.org\/de\/","name":"UN Stamps","description":"United Nations Stamps","publisher":{"@id":"https:\/\/unstamps.org\/de\/#organization"},"potentialAction":[{"@type":"SearchAction","target":{"@type":"EntryPoint","urlTemplate":"https:\/\/unstamps.org\/de\/?s={search_term_string}"},"query-input":{"@type":"PropertyValueSpecification","valueRequired":true,"valueName":"search_term_string"}}],"inLanguage":"de-DE"},{"@type":"Organization","@id":"https:\/\/unstamps.org\/de\/#organization","name":"UN Stamps","url":"https:\/\/unstamps.org\/de\/","logo":{"@type":"ImageObject","inLanguage":"de-DE","@id":"https:\/\/unstamps.org\/de\/#\/schema\/logo\/image\/","url":"https:\/\/unstamps.org\/wp-content\/uploads\/2014\/01\/logo4web.jpg","contentUrl":"https:\/\/unstamps.org\/wp-content\/uploads\/2014\/01\/logo4web.jpg","width":2500,"height":250,"caption":"UN Stamps"},"image":{"@id":"https:\/\/unstamps.org\/de\/#\/schema\/logo\/image\/"}}]}},"jetpack_sharing_enabled":true,"publishpress_future_action":{"enabled":false,"date":"2026-04-15 16:34:09","action":"change-status","newStatus":"private","terms":[],"taxonomy":"product_cat","extraData":[]},"publishpress_future_workflow_manual_trigger":{"enabledWorkflows":[]},"_links":{"self":[{"href":"https:\/\/unstamps.org\/de\/wp-json\/wp\/v2\/product\/83210","targetHints":{"allow":["GET"]}}],"collection":[{"href":"https:\/\/unstamps.org\/de\/wp-json\/wp\/v2\/product"}],"about":[{"href":"https:\/\/unstamps.org\/de\/wp-json\/wp\/v2\/types\/product"}],"replies":[{"embeddable":true,"href":"https:\/\/unstamps.org\/de\/wp-json\/wp\/v2\/comments?post=83210"}],"wp:featuredmedia":[{"embeddable":true,"href":"https:\/\/unstamps.org\/de\/wp-json\/wp\/v2\/media\/83671"}],"wp:attachment":[{"href":"https:\/\/unstamps.org\/de\/wp-json\/wp\/v2\/media?parent=83210"}],"wp:term":[{"taxonomy":"product_brand","embeddable":true,"href":"https:\/\/unstamps.org\/de\/wp-json\/wp\/v2\/product_brand?post=83210"},{"taxonomy":"product_cat","embeddable":true,"href":"https:\/\/unstamps.org\/de\/wp-json\/wp\/v2\/product_cat?post=83210"},{"taxonomy":"product_tag","embeddable":true,"href":"https:\/\/unstamps.org\/de\/wp-json\/wp\/v2\/product_tag?post=83210"}],"curies":[{"name":"wp","href":"https:\/\/api.w.org\/{rel}","templated":true}]}}