{"id":67159,"date":"2019-05-24T09:49:56","date_gmt":"2019-05-24T13:49:56","guid":{"rendered":"https:\/\/unstamps.org\/?post_type=product&#038;p=67159"},"modified":"2026-01-09T10:26:23","modified_gmt":"2026-01-09T15:26:23","slug":"kofi-annan-ny-dauermarke-us-130-ganzer-bogen","status":"publish","type":"product","link":"https:\/\/unstamps.org\/de\/produkt\/kofi-annan-ny-dauermarke-us-130-ganzer-bogen\/","title":{"rendered":"Kofi Annan \u2013 NY Dauermarke \u2013 US$ 1,30 \u2013 Ganzer Bogen"},"content":{"rendered":"<p>Zu Ehren des ehemaligen Generalsekret\u00e4rs der Vereinten Nationen Kofi Annan gibt die Postverwaltung der Vereinten Nationen am 31. Mai 2019 eine Dauermarke heraus.<\/p>\n<p>Die Marke zu US$ 1,30 zeigt ein Portr\u00e4t des 2018 verstorbenen Kofi Annan. Die Illustration stammt vom ber\u00fchmten K\u00fcnstler und Graveur Martin M\u00f6rck (Norwegen). Das Zitat auf der Briefmarke lautet: \u201cTo live is to choose. But to choose well, you must know who you are and what you stand for, where you want to go and why you want to get there.\u201d (\u201eLeben hei\u00dft w\u00e4hlen. Aber um gut zu w\u00e4hlen, muss man wissen, wer man ist und wof\u00fcr man steht, wohin man gehen will und warum man dorthin gehen will.\u201c)<\/p>\n<p>Kofi A. Annan aus Ghana war der siebte Generalsekret\u00e4r der Vereinten Nationen und der erste aus der Reihe der Mitarbeiter der Vereinten Nationen. Seine Amtszeit dauerte von 1997 bis 2006.<\/p>\n<p>Mit einem umfassenden Reformprogramm r\u00e4umte Kofi Annan in seiner Funktion als Generalsekret\u00e4r der St\u00e4rkung der Vereinten Nationen h\u00f6chste Priorit\u00e4t ein. Dabei ging es ihm um den Ausbau der traditionellen Arbeit der Organisation in den Bereichen Entwicklung und Aufrechterhaltung von Frieden und Sicherheit weltweit, um das Eintreten f\u00fcr Menschenrechte, f\u00fcr Recht und Gesetz und die universellen Werte Gleichheit, Toleranz und Menschenw\u00fcrde. Er wollte der \u00d6ffentlichkeit das Vertrauen in die Organisation zur\u00fcckgeben, indem man auf neue Partner zugeht und, wie er es formulierte, indem man \u201edie Vereinten Nationen n\u00e4her an die Menschen bringt\u201c. Kofi Annan \u00fcbernahm auch eine f\u00fchrende Rolle in der Kampagne zur Mobilisierung der internationalen Gemeinschaft im Kampf gegen HIV\/AIDS und gegen die globale Gefahr des Terrorismus.<\/p>\n<p>Kofi Annan erhielt 2001 gemeinsam mit der Organisation den Friedensnobelpreis. Dar\u00fcber hinaus wurden ihm zahlreiche Ehrentitel und viele andere nationale und internationale Preise, Medaillen und Ehrenw\u00fcrden verliehen.<\/p>\n<p>Nach seinem Ausscheiden aus den Vereinten Nationen gr\u00fcndete Kofi Annan 2007 die Kofi Annan Foundation. Die Stiftung ist eine unabh\u00e4ngige gemeinn\u00fctzige Organisation, deren Ziel es ist, bessere Global Governance (Weltordnungspolitik) zu f\u00f6rdern und die F\u00e4higkeiten von Menschen und L\u00e4ndern zu st\u00e4rken, eine gerechtere und friedlichere Welt zu schaffen.<\/p>\n<p>Kofi Annan starb am 18. August 2018 in Bern in der Schweiz im Alter von 80 Jahren.<\/p>\n<p><strong>Ausgabedatum:<\/strong> 31. Mai 2019<br \/>\n<strong>K\u00fcnstler:<\/strong> Martin M\u00f6rck (Norwegen)<br \/>\n<strong>Entwurf:<\/strong>Rorie Katz (Vereinte Nationen)<br \/>\n<strong>Nennwert:<\/strong> US$ 1,30<br \/>\n<strong>Format der Marken:<\/strong> 50mm x 35mm<br \/>\n<strong>Marken pro Bogen: <\/strong>20<br \/>\n<strong>Druck:<\/strong> Joh Ensched\u00e9 Stamps BV (Niederlande)<br \/>\n<strong>Druckverfahren:<\/strong> Offset Lithographie mit Duotone<br \/>\n<strong>Z\u00e4hnung:<\/strong> 14 x 14 \u00bc<br \/>\n<strong>Menge der Briefmarken:\u00a0<\/strong>10.500 Bogen (210.000 Marken)<\/p>\n","protected":false},"excerpt":{"rendered":"<p>Zu Ehren des ehemaligen Generalsekret\u00e4rs der Vereinten Nationen Kofi Annan gibt die Postverwaltung der Vereinten Nationen am 31. Mai 2019 eine Dauermarke heraus. Die Marke zu US$ 1,30 zeigt ein Portr\u00e4t des 2018 verstorbenen Kofi Annan. Die Illustration stammt vom ber\u00fchmten K\u00fcnstler und Graveur Martin M\u00f6rck (Norwegen). Das Zitat auf der Briefmarke lautet: \u201cTo live [&hellip;]<\/p>\n","protected":false},"featured_media":67109,"comment_status":"closed","ping_status":"closed","template":"","meta":{"ngg_post_thumbnail":0},"product_brand":[],"product_cat":[1124,154,114],"product_tag":[],"class_list":{"0":"post-67159","1":"product","2":"type-product","3":"status-publish","4":"has-post-thumbnail","6":"product_cat-2019-year-de","7":"product_cat-dauermarken","8":"product_cat-new-york-issuing-office-de","9":"pa_condition-cancelled","10":"pa_condition-mint-de","12":"first","13":"instock","14":"shipping-taxable","15":"purchasable","16":"product-type-variable"},"yoast_head":"<!-- This site is optimized with the Yoast SEO plugin v27.4 - https:\/\/yoast.com\/product\/yoast-seo-wordpress\/ -->\n<title>Kofi Annan \u2013 NY Dauermarke \u2013 US$ 1,30 \u2013 Ganzer Bogen - UN Briefmarken<\/title>\n<meta name=\"robots\" content=\"index, follow, max-snippet:-1, max-image-preview:large, max-video-preview:-1\" \/>\n<link rel=\"canonical\" href=\"https:\/\/unstamps.org\/de\/produkt\/kofi-annan-ny-dauermarke-us-130-ganzer-bogen\/\" \/>\n<meta property=\"og:locale\" content=\"de_DE\" \/>\n<meta property=\"og:type\" content=\"article\" \/>\n<meta property=\"og:title\" content=\"Kofi Annan \u2013 NY Dauermarke \u2013 US$ 1,30 \u2013 Ganzer Bogen - UN Briefmarken\" \/>\n<meta property=\"og:description\" content=\"Zu Ehren des ehemaligen Generalsekret\u00e4rs der Vereinten Nationen Kofi Annan gibt die Postverwaltung der Vereinten Nationen am 31. Mai 2019 eine Dauermarke heraus. Die Marke zu US$ 1,30 zeigt ein Portr\u00e4t des 2018 verstorbenen Kofi Annan. Die Illustration stammt vom ber\u00fchmten K\u00fcnstler und Graveur Martin M\u00f6rck (Norwegen). Das Zitat auf der Briefmarke lautet: \u201cTo live [&hellip;]\" \/>\n<meta property=\"og:url\" content=\"https:\/\/unstamps.org\/de\/produkt\/kofi-annan-ny-dauermarke-us-130-ganzer-bogen\/\" \/>\n<meta property=\"og:site_name\" content=\"UN Briefmarken\" \/>\n<meta property=\"article:modified_time\" content=\"2026-01-09T15:26:23+00:00\" \/>\n<meta property=\"og:image\" content=\"https:\/\/unstamps.org\/wp-content\/uploads\/2019\/05\/K.Annan19_NY-1.30-full-sheet.jpg\" \/>\n\t<meta property=\"og:image:width\" content=\"1024\" \/>\n\t<meta property=\"og:image:height\" content=\"1024\" \/>\n\t<meta property=\"og:image:type\" content=\"image\/jpeg\" \/>\n<meta name=\"twitter:card\" content=\"summary_large_image\" \/>\n<meta name=\"twitter:label1\" content=\"Gesch\u00e4tzte Lesezeit\" \/>\n\t<meta name=\"twitter:data1\" content=\"2 minutes\" \/>\n<script type=\"application\/ld+json\" class=\"yoast-schema-graph\">{\"@context\":\"https:\\\/\\\/schema.org\",\"@graph\":[{\"@type\":\"WebPage\",\"@id\":\"https:\\\/\\\/unstamps.org\\\/de\\\/produkt\\\/kofi-annan-ny-dauermarke-us-130-ganzer-bogen\\\/\",\"url\":\"https:\\\/\\\/unstamps.org\\\/de\\\/produkt\\\/kofi-annan-ny-dauermarke-us-130-ganzer-bogen\\\/\",\"name\":\"Kofi Annan \u2013 NY Dauermarke \u2013 US$ 1,30 \u2013 Ganzer Bogen - UN Briefmarken\",\"isPartOf\":{\"@id\":\"https:\\\/\\\/unstamps.org\\\/de\\\/#website\"},\"primaryImageOfPage\":{\"@id\":\"https:\\\/\\\/unstamps.org\\\/de\\\/produkt\\\/kofi-annan-ny-dauermarke-us-130-ganzer-bogen\\\/#primaryimage\"},\"image\":{\"@id\":\"https:\\\/\\\/unstamps.org\\\/de\\\/produkt\\\/kofi-annan-ny-dauermarke-us-130-ganzer-bogen\\\/#primaryimage\"},\"thumbnailUrl\":\"https:\\\/\\\/unstamps.org\\\/wp-content\\\/uploads\\\/2019\\\/05\\\/K.Annan19_NY-1.30-full-sheet.jpg\",\"datePublished\":\"2019-05-24T13:49:56+00:00\",\"dateModified\":\"2026-01-09T15:26:23+00:00\",\"breadcrumb\":{\"@id\":\"https:\\\/\\\/unstamps.org\\\/de\\\/produkt\\\/kofi-annan-ny-dauermarke-us-130-ganzer-bogen\\\/#breadcrumb\"},\"inLanguage\":\"de-DE\",\"potentialAction\":[{\"@type\":\"ReadAction\",\"target\":[\"https:\\\/\\\/unstamps.org\\\/de\\\/produkt\\\/kofi-annan-ny-dauermarke-us-130-ganzer-bogen\\\/\"]}]},{\"@type\":\"ImageObject\",\"inLanguage\":\"de-DE\",\"@id\":\"https:\\\/\\\/unstamps.org\\\/de\\\/produkt\\\/kofi-annan-ny-dauermarke-us-130-ganzer-bogen\\\/#primaryimage\",\"url\":\"https:\\\/\\\/unstamps.org\\\/wp-content\\\/uploads\\\/2019\\\/05\\\/K.Annan19_NY-1.30-full-sheet.jpg\",\"contentUrl\":\"https:\\\/\\\/unstamps.org\\\/wp-content\\\/uploads\\\/2019\\\/05\\\/K.Annan19_NY-1.30-full-sheet.jpg\",\"width\":1024,\"height\":1024},{\"@type\":\"BreadcrumbList\",\"@id\":\"https:\\\/\\\/unstamps.org\\\/de\\\/produkt\\\/kofi-annan-ny-dauermarke-us-130-ganzer-bogen\\\/#breadcrumb\",\"itemListElement\":[{\"@type\":\"ListItem\",\"position\":1,\"name\":\"Home\",\"item\":\"https:\\\/\\\/unstamps.org\\\/de\\\/\"},{\"@type\":\"ListItem\",\"position\":2,\"name\":\"Produkte\",\"item\":\"https:\\\/\\\/unstamps.org\\\/de\\\/produkte\\\/\"},{\"@type\":\"ListItem\",\"position\":3,\"name\":\"Kofi Annan \u2013 NY Dauermarke \u2013 US$ 1,30 \u2013 Ganzer Bogen\"}]},{\"@type\":\"WebSite\",\"@id\":\"https:\\\/\\\/unstamps.org\\\/de\\\/#website\",\"url\":\"https:\\\/\\\/unstamps.org\\\/de\\\/\",\"name\":\"UN Stamps\",\"description\":\"United Nations Stamps\",\"publisher\":{\"@id\":\"https:\\\/\\\/unstamps.org\\\/de\\\/#organization\"},\"potentialAction\":[{\"@type\":\"SearchAction\",\"target\":{\"@type\":\"EntryPoint\",\"urlTemplate\":\"https:\\\/\\\/unstamps.org\\\/de\\\/?s={search_term_string}\"},\"query-input\":{\"@type\":\"PropertyValueSpecification\",\"valueRequired\":true,\"valueName\":\"search_term_string\"}}],\"inLanguage\":\"de-DE\"},{\"@type\":\"Organization\",\"@id\":\"https:\\\/\\\/unstamps.org\\\/de\\\/#organization\",\"name\":\"UN Stamps\",\"url\":\"https:\\\/\\\/unstamps.org\\\/de\\\/\",\"logo\":{\"@type\":\"ImageObject\",\"inLanguage\":\"de-DE\",\"@id\":\"https:\\\/\\\/unstamps.org\\\/de\\\/#\\\/schema\\\/logo\\\/image\\\/\",\"url\":\"https:\\\/\\\/unstamps.org\\\/wp-content\\\/uploads\\\/2014\\\/01\\\/logo4web.jpg\",\"contentUrl\":\"https:\\\/\\\/unstamps.org\\\/wp-content\\\/uploads\\\/2014\\\/01\\\/logo4web.jpg\",\"width\":2500,\"height\":250,\"caption\":\"UN Stamps\"},\"image\":{\"@id\":\"https:\\\/\\\/unstamps.org\\\/de\\\/#\\\/schema\\\/logo\\\/image\\\/\"}}]}<\/script>\n<!-- \/ Yoast SEO plugin. -->","yoast_head_json":{"title":"Kofi Annan \u2013 NY Dauermarke \u2013 US$ 1,30 \u2013 Ganzer Bogen - UN Briefmarken","robots":{"index":"index","follow":"follow","max-snippet":"max-snippet:-1","max-image-preview":"max-image-preview:large","max-video-preview":"max-video-preview:-1"},"canonical":"https:\/\/unstamps.org\/de\/produkt\/kofi-annan-ny-dauermarke-us-130-ganzer-bogen\/","og_locale":"de_DE","og_type":"article","og_title":"Kofi Annan \u2013 NY Dauermarke \u2013 US$ 1,30 \u2013 Ganzer Bogen - UN Briefmarken","og_description":"Zu Ehren des ehemaligen Generalsekret\u00e4rs der Vereinten Nationen Kofi Annan gibt die Postverwaltung der Vereinten Nationen am 31. Mai 2019 eine Dauermarke heraus. Die Marke zu US$ 1,30 zeigt ein Portr\u00e4t des 2018 verstorbenen Kofi Annan. Die Illustration stammt vom ber\u00fchmten K\u00fcnstler und Graveur Martin M\u00f6rck (Norwegen). Das Zitat auf der Briefmarke lautet: \u201cTo live [&hellip;]","og_url":"https:\/\/unstamps.org\/de\/produkt\/kofi-annan-ny-dauermarke-us-130-ganzer-bogen\/","og_site_name":"UN Briefmarken","article_modified_time":"2026-01-09T15:26:23+00:00","og_image":[{"width":1024,"height":1024,"url":"https:\/\/unstamps.org\/wp-content\/uploads\/2019\/05\/K.Annan19_NY-1.30-full-sheet.jpg","type":"image\/jpeg"}],"twitter_card":"summary_large_image","twitter_misc":{"Gesch\u00e4tzte Lesezeit":"2 minutes"},"schema":{"@context":"https:\/\/schema.org","@graph":[{"@type":"WebPage","@id":"https:\/\/unstamps.org\/de\/produkt\/kofi-annan-ny-dauermarke-us-130-ganzer-bogen\/","url":"https:\/\/unstamps.org\/de\/produkt\/kofi-annan-ny-dauermarke-us-130-ganzer-bogen\/","name":"Kofi Annan \u2013 NY Dauermarke \u2013 US$ 1,30 \u2013 Ganzer Bogen - UN Briefmarken","isPartOf":{"@id":"https:\/\/unstamps.org\/de\/#website"},"primaryImageOfPage":{"@id":"https:\/\/unstamps.org\/de\/produkt\/kofi-annan-ny-dauermarke-us-130-ganzer-bogen\/#primaryimage"},"image":{"@id":"https:\/\/unstamps.org\/de\/produkt\/kofi-annan-ny-dauermarke-us-130-ganzer-bogen\/#primaryimage"},"thumbnailUrl":"https:\/\/unstamps.org\/wp-content\/uploads\/2019\/05\/K.Annan19_NY-1.30-full-sheet.jpg","datePublished":"2019-05-24T13:49:56+00:00","dateModified":"2026-01-09T15:26:23+00:00","breadcrumb":{"@id":"https:\/\/unstamps.org\/de\/produkt\/kofi-annan-ny-dauermarke-us-130-ganzer-bogen\/#breadcrumb"},"inLanguage":"de-DE","potentialAction":[{"@type":"ReadAction","target":["https:\/\/unstamps.org\/de\/produkt\/kofi-annan-ny-dauermarke-us-130-ganzer-bogen\/"]}]},{"@type":"ImageObject","inLanguage":"de-DE","@id":"https:\/\/unstamps.org\/de\/produkt\/kofi-annan-ny-dauermarke-us-130-ganzer-bogen\/#primaryimage","url":"https:\/\/unstamps.org\/wp-content\/uploads\/2019\/05\/K.Annan19_NY-1.30-full-sheet.jpg","contentUrl":"https:\/\/unstamps.org\/wp-content\/uploads\/2019\/05\/K.Annan19_NY-1.30-full-sheet.jpg","width":1024,"height":1024},{"@type":"BreadcrumbList","@id":"https:\/\/unstamps.org\/de\/produkt\/kofi-annan-ny-dauermarke-us-130-ganzer-bogen\/#breadcrumb","itemListElement":[{"@type":"ListItem","position":1,"name":"Home","item":"https:\/\/unstamps.org\/de\/"},{"@type":"ListItem","position":2,"name":"Produkte","item":"https:\/\/unstamps.org\/de\/produkte\/"},{"@type":"ListItem","position":3,"name":"Kofi Annan \u2013 NY Dauermarke \u2013 US$ 1,30 \u2013 Ganzer Bogen"}]},{"@type":"WebSite","@id":"https:\/\/unstamps.org\/de\/#website","url":"https:\/\/unstamps.org\/de\/","name":"UN Stamps","description":"United Nations Stamps","publisher":{"@id":"https:\/\/unstamps.org\/de\/#organization"},"potentialAction":[{"@type":"SearchAction","target":{"@type":"EntryPoint","urlTemplate":"https:\/\/unstamps.org\/de\/?s={search_term_string}"},"query-input":{"@type":"PropertyValueSpecification","valueRequired":true,"valueName":"search_term_string"}}],"inLanguage":"de-DE"},{"@type":"Organization","@id":"https:\/\/unstamps.org\/de\/#organization","name":"UN Stamps","url":"https:\/\/unstamps.org\/de\/","logo":{"@type":"ImageObject","inLanguage":"de-DE","@id":"https:\/\/unstamps.org\/de\/#\/schema\/logo\/image\/","url":"https:\/\/unstamps.org\/wp-content\/uploads\/2014\/01\/logo4web.jpg","contentUrl":"https:\/\/unstamps.org\/wp-content\/uploads\/2014\/01\/logo4web.jpg","width":2500,"height":250,"caption":"UN Stamps"},"image":{"@id":"https:\/\/unstamps.org\/de\/#\/schema\/logo\/image\/"}}]}},"jetpack_sharing_enabled":true,"publishpress_future_action":{"enabled":false,"date":"2026-04-21 20:54:27","action":"change-status","newStatus":"private","terms":[],"taxonomy":"product_cat","extraData":[]},"publishpress_future_workflow_manual_trigger":{"enabledWorkflows":[]},"_links":{"self":[{"href":"https:\/\/unstamps.org\/de\/wp-json\/wp\/v2\/product\/67159","targetHints":{"allow":["GET"]}}],"collection":[{"href":"https:\/\/unstamps.org\/de\/wp-json\/wp\/v2\/product"}],"about":[{"href":"https:\/\/unstamps.org\/de\/wp-json\/wp\/v2\/types\/product"}],"replies":[{"embeddable":true,"href":"https:\/\/unstamps.org\/de\/wp-json\/wp\/v2\/comments?post=67159"}],"wp:featuredmedia":[{"embeddable":true,"href":"https:\/\/unstamps.org\/de\/wp-json\/wp\/v2\/media\/67109"}],"wp:attachment":[{"href":"https:\/\/unstamps.org\/de\/wp-json\/wp\/v2\/media?parent=67159"}],"wp:term":[{"taxonomy":"product_brand","embeddable":true,"href":"https:\/\/unstamps.org\/de\/wp-json\/wp\/v2\/product_brand?post=67159"},{"taxonomy":"product_cat","embeddable":true,"href":"https:\/\/unstamps.org\/de\/wp-json\/wp\/v2\/product_cat?post=67159"},{"taxonomy":"product_tag","embeddable":true,"href":"https:\/\/unstamps.org\/de\/wp-json\/wp\/v2\/product_tag?post=67159"}],"curies":[{"name":"wp","href":"https:\/\/api.w.org\/{rel}","templated":true}]}}