{"id":65498,"date":"2019-03-11T11:30:35","date_gmt":"2019-03-11T15:30:35","guid":{"rendered":"https:\/\/unstamps.org\/?post_type=product&#038;p=65498"},"modified":"2026-01-09T10:26:22","modified_gmt":"2026-01-09T15:26:22","slug":"ge-dauermarke-2019-chf-150-ganzer-bogen","status":"publish","type":"product","link":"https:\/\/unstamps.org\/de\/produkt\/ge-dauermarke-2019-chf-150-ganzer-bogen\/","title":{"rendered":"GE Dauermarke 2019 \u2013 CHF 1,50 Ganzer Bogen"},"content":{"rendered":"<p><strong>Geschlechtergleichstellung<\/strong><\/p>\n<p>Geschlechtergleichstellung ist nicht nur ein elementares Menschenrecht, sondern auch eine notwenige Voraussetzung f\u00fcr Frieden, Wohlstand und Nachhaltigkeit in der Welt. Frauen und M\u00e4dchen bilden die H\u00e4lfte der Weltbev\u00f6lkerung und daher auch die H\u00e4lfte ihres Potenzials. Zwar sind, was die Geschlechtergleichstellung und die St\u00e4rkung der Rolle der Frau betrifft, einige Fortschritte zu verzeichnen, doch Frauen und M\u00e4dchen \u00fcberall auf der Welt leiden nach wie vor unter Diskriminierung und Gewalt. Gibt man Frauen und M\u00e4dchen gleichen Zugang zu Ausbildung, Gesundheitsversorgung, menschenw\u00fcrdiger Arbeit und Teilhabe an politischen und \u00f6konomischen Entscheidungsprozessen, so f\u00f6rdert dies nachhaltige \u00d6konomien und wird Gesellschaften sowie der ganzen Menschheit n\u00fctzen.<\/p>\n<p>Die Umsetzung neuer rechtlicher Rahmenbedingungen bez\u00fcglich der Gleichstellung von Frauen am Arbeitsplatz und die Bek\u00e4mpfung frauenfeindlicher, sch\u00e4dlicher Verhaltensweisen sind entscheidend f\u00fcr die Beendigung geschlechtsspezifischer Diskriminierung. Das UN-Ziel f\u00fcr nachhaltige Entwicklung #5 \u2013 Geschlechtergleichstellung erreichen und alle Frauen und M\u00e4dchen zur Selbstbestimmung bef\u00e4higen \u2013 bezieht sich vor allem auf diese Problembereiche. Weitere Informationen zu diesem Ziel sowie die anderen Ziele f\u00fcr nachhaltige Entwicklung finden Sie unter <a href=\"http:\/\/www.un.org\/sustainabledevelopment\" target=\"_blank\" rel=\"noopener noreferrer\">www.un.org\/sustainabledevelopment<\/a>.<\/p>\n<p><strong>Ausgabedatum:<\/strong> 15. M\u00e4rz 2019<br \/>\n<strong>K\u00fcnstler:<\/strong> Chris Gash (USA)<br \/>\n<strong>Nennwert:<\/strong> CHF 1,50<br \/>\n<strong>Format der Marken:<\/strong> 40mm x 30mm<br \/>\n<strong>Marken pro Bogen: 20<\/strong><br \/>\n<strong>Druck:<\/strong> Lowe-Martin Group (Kanada)<br \/>\n<strong>Druckverfahren:<\/strong> Offset Lithographie mit Hexachrome<br \/>\n<strong>Z\u00e4hnung:<\/strong> 13.3<br \/>\n<strong>Menge der Briefmarken:\u00a0<\/strong>8.500 Bogen (170.000 Marken)<\/p>\n","protected":false},"excerpt":{"rendered":"<p>Geschlechtergleichstellung Geschlechtergleichstellung ist nicht nur ein elementares Menschenrecht, sondern auch eine notwenige Voraussetzung f\u00fcr Frieden, Wohlstand und Nachhaltigkeit in der Welt. Frauen und M\u00e4dchen bilden die H\u00e4lfte der Weltbev\u00f6lkerung und daher auch die H\u00e4lfte ihres Potenzials. Zwar sind, was die Geschlechtergleichstellung und die St\u00e4rkung der Rolle der Frau betrifft, einige Fortschritte zu verzeichnen, doch Frauen [&hellip;]<\/p>\n","protected":false},"featured_media":65600,"comment_status":"closed","ping_status":"closed","template":"","meta":{"ngg_post_thumbnail":0},"product_brand":[],"product_cat":[1124,223,115],"product_tag":[],"class_list":{"0":"post-65498","1":"product","2":"type-product","3":"status-publish","4":"has-post-thumbnail","6":"product_cat-2019-year-de","7":"product_cat-ganzer-bogen","8":"product_cat-genf","9":"pa_condition-cancelled","10":"pa_condition-mint-de","12":"first","13":"instock","14":"shipping-taxable","15":"purchasable","16":"product-type-variable"},"yoast_head":"<!-- This site is optimized with the Yoast SEO plugin v27.3 - https:\/\/yoast.com\/product\/yoast-seo-wordpress\/ -->\n<title>GE Dauermarke 2019 \u2013 CHF 1,50 Ganzer Bogen - UN Briefmarken<\/title>\n<meta name=\"robots\" content=\"index, follow, max-snippet:-1, max-image-preview:large, max-video-preview:-1\" \/>\n<link rel=\"canonical\" href=\"https:\/\/unstamps.org\/de\/produkt\/ge-dauermarke-2019-chf-150-ganzer-bogen\/\" \/>\n<meta property=\"og:locale\" content=\"de_DE\" \/>\n<meta property=\"og:type\" content=\"article\" \/>\n<meta property=\"og:title\" content=\"GE Dauermarke 2019 \u2013 CHF 1,50 Ganzer Bogen - UN Briefmarken\" \/>\n<meta property=\"og:description\" content=\"Geschlechtergleichstellung Geschlechtergleichstellung ist nicht nur ein elementares Menschenrecht, sondern auch eine notwenige Voraussetzung f\u00fcr Frieden, Wohlstand und Nachhaltigkeit in der Welt. Frauen und M\u00e4dchen bilden die H\u00e4lfte der Weltbev\u00f6lkerung und daher auch die H\u00e4lfte ihres Potenzials. Zwar sind, was die Geschlechtergleichstellung und die St\u00e4rkung der Rolle der Frau betrifft, einige Fortschritte zu verzeichnen, doch Frauen [&hellip;]\" \/>\n<meta property=\"og:url\" content=\"https:\/\/unstamps.org\/de\/produkt\/ge-dauermarke-2019-chf-150-ganzer-bogen\/\" \/>\n<meta property=\"og:site_name\" content=\"UN Briefmarken\" \/>\n<meta property=\"article:modified_time\" content=\"2026-01-09T15:26:22+00:00\" \/>\n<meta property=\"og:image\" content=\"https:\/\/unstamps.org\/wp-content\/uploads\/2019\/03\/DEF19_SSEAGEM_GE-sheet.jpg\" \/>\n\t<meta property=\"og:image:width\" content=\"1024\" \/>\n\t<meta property=\"og:image:height\" content=\"1024\" \/>\n\t<meta property=\"og:image:type\" content=\"image\/jpeg\" \/>\n<meta name=\"twitter:card\" content=\"summary_large_image\" \/>\n<meta name=\"twitter:label1\" content=\"Gesch\u00e4tzte Lesezeit\" \/>\n\t<meta name=\"twitter:data1\" content=\"1 minute\" \/>\n<script type=\"application\/ld+json\" class=\"yoast-schema-graph\">{\"@context\":\"https:\\\/\\\/schema.org\",\"@graph\":[{\"@type\":\"WebPage\",\"@id\":\"https:\\\/\\\/unstamps.org\\\/de\\\/produkt\\\/ge-dauermarke-2019-chf-150-ganzer-bogen\\\/\",\"url\":\"https:\\\/\\\/unstamps.org\\\/de\\\/produkt\\\/ge-dauermarke-2019-chf-150-ganzer-bogen\\\/\",\"name\":\"GE Dauermarke 2019 \u2013 CHF 1,50 Ganzer Bogen - UN Briefmarken\",\"isPartOf\":{\"@id\":\"https:\\\/\\\/unstamps.org\\\/de\\\/#website\"},\"primaryImageOfPage\":{\"@id\":\"https:\\\/\\\/unstamps.org\\\/de\\\/produkt\\\/ge-dauermarke-2019-chf-150-ganzer-bogen\\\/#primaryimage\"},\"image\":{\"@id\":\"https:\\\/\\\/unstamps.org\\\/de\\\/produkt\\\/ge-dauermarke-2019-chf-150-ganzer-bogen\\\/#primaryimage\"},\"thumbnailUrl\":\"https:\\\/\\\/unstamps.org\\\/wp-content\\\/uploads\\\/2019\\\/03\\\/DEF19_SSEAGEM_GE-sheet.jpg\",\"datePublished\":\"2019-03-11T15:30:35+00:00\",\"dateModified\":\"2026-01-09T15:26:22+00:00\",\"breadcrumb\":{\"@id\":\"https:\\\/\\\/unstamps.org\\\/de\\\/produkt\\\/ge-dauermarke-2019-chf-150-ganzer-bogen\\\/#breadcrumb\"},\"inLanguage\":\"de-DE\",\"potentialAction\":[{\"@type\":\"ReadAction\",\"target\":[\"https:\\\/\\\/unstamps.org\\\/de\\\/produkt\\\/ge-dauermarke-2019-chf-150-ganzer-bogen\\\/\"]}]},{\"@type\":\"ImageObject\",\"inLanguage\":\"de-DE\",\"@id\":\"https:\\\/\\\/unstamps.org\\\/de\\\/produkt\\\/ge-dauermarke-2019-chf-150-ganzer-bogen\\\/#primaryimage\",\"url\":\"https:\\\/\\\/unstamps.org\\\/wp-content\\\/uploads\\\/2019\\\/03\\\/DEF19_SSEAGEM_GE-sheet.jpg\",\"contentUrl\":\"https:\\\/\\\/unstamps.org\\\/wp-content\\\/uploads\\\/2019\\\/03\\\/DEF19_SSEAGEM_GE-sheet.jpg\",\"width\":1024,\"height\":1024},{\"@type\":\"BreadcrumbList\",\"@id\":\"https:\\\/\\\/unstamps.org\\\/de\\\/produkt\\\/ge-dauermarke-2019-chf-150-ganzer-bogen\\\/#breadcrumb\",\"itemListElement\":[{\"@type\":\"ListItem\",\"position\":1,\"name\":\"Home\",\"item\":\"https:\\\/\\\/unstamps.org\\\/de\\\/\"},{\"@type\":\"ListItem\",\"position\":2,\"name\":\"Produkte\",\"item\":\"https:\\\/\\\/unstamps.org\\\/de\\\/produkte\\\/\"},{\"@type\":\"ListItem\",\"position\":3,\"name\":\"GE Dauermarke 2019 \u2013 CHF 1,50 Ganzer Bogen\"}]},{\"@type\":\"WebSite\",\"@id\":\"https:\\\/\\\/unstamps.org\\\/de\\\/#website\",\"url\":\"https:\\\/\\\/unstamps.org\\\/de\\\/\",\"name\":\"UN Stamps\",\"description\":\"United Nations Stamps\",\"publisher\":{\"@id\":\"https:\\\/\\\/unstamps.org\\\/de\\\/#organization\"},\"potentialAction\":[{\"@type\":\"SearchAction\",\"target\":{\"@type\":\"EntryPoint\",\"urlTemplate\":\"https:\\\/\\\/unstamps.org\\\/de\\\/?s={search_term_string}\"},\"query-input\":{\"@type\":\"PropertyValueSpecification\",\"valueRequired\":true,\"valueName\":\"search_term_string\"}}],\"inLanguage\":\"de-DE\"},{\"@type\":\"Organization\",\"@id\":\"https:\\\/\\\/unstamps.org\\\/de\\\/#organization\",\"name\":\"UN Stamps\",\"url\":\"https:\\\/\\\/unstamps.org\\\/de\\\/\",\"logo\":{\"@type\":\"ImageObject\",\"inLanguage\":\"de-DE\",\"@id\":\"https:\\\/\\\/unstamps.org\\\/de\\\/#\\\/schema\\\/logo\\\/image\\\/\",\"url\":\"https:\\\/\\\/unstamps.org\\\/wp-content\\\/uploads\\\/2014\\\/01\\\/logo4web.jpg\",\"contentUrl\":\"https:\\\/\\\/unstamps.org\\\/wp-content\\\/uploads\\\/2014\\\/01\\\/logo4web.jpg\",\"width\":2500,\"height\":250,\"caption\":\"UN Stamps\"},\"image\":{\"@id\":\"https:\\\/\\\/unstamps.org\\\/de\\\/#\\\/schema\\\/logo\\\/image\\\/\"}}]}<\/script>\n<!-- \/ Yoast SEO plugin. -->","yoast_head_json":{"title":"GE Dauermarke 2019 \u2013 CHF 1,50 Ganzer Bogen - UN Briefmarken","robots":{"index":"index","follow":"follow","max-snippet":"max-snippet:-1","max-image-preview":"max-image-preview:large","max-video-preview":"max-video-preview:-1"},"canonical":"https:\/\/unstamps.org\/de\/produkt\/ge-dauermarke-2019-chf-150-ganzer-bogen\/","og_locale":"de_DE","og_type":"article","og_title":"GE Dauermarke 2019 \u2013 CHF 1,50 Ganzer Bogen - UN Briefmarken","og_description":"Geschlechtergleichstellung Geschlechtergleichstellung ist nicht nur ein elementares Menschenrecht, sondern auch eine notwenige Voraussetzung f\u00fcr Frieden, Wohlstand und Nachhaltigkeit in der Welt. Frauen und M\u00e4dchen bilden die H\u00e4lfte der Weltbev\u00f6lkerung und daher auch die H\u00e4lfte ihres Potenzials. Zwar sind, was die Geschlechtergleichstellung und die St\u00e4rkung der Rolle der Frau betrifft, einige Fortschritte zu verzeichnen, doch Frauen [&hellip;]","og_url":"https:\/\/unstamps.org\/de\/produkt\/ge-dauermarke-2019-chf-150-ganzer-bogen\/","og_site_name":"UN Briefmarken","article_modified_time":"2026-01-09T15:26:22+00:00","og_image":[{"width":1024,"height":1024,"url":"https:\/\/unstamps.org\/wp-content\/uploads\/2019\/03\/DEF19_SSEAGEM_GE-sheet.jpg","type":"image\/jpeg"}],"twitter_card":"summary_large_image","twitter_misc":{"Gesch\u00e4tzte Lesezeit":"1 minute"},"schema":{"@context":"https:\/\/schema.org","@graph":[{"@type":"WebPage","@id":"https:\/\/unstamps.org\/de\/produkt\/ge-dauermarke-2019-chf-150-ganzer-bogen\/","url":"https:\/\/unstamps.org\/de\/produkt\/ge-dauermarke-2019-chf-150-ganzer-bogen\/","name":"GE Dauermarke 2019 \u2013 CHF 1,50 Ganzer Bogen - UN Briefmarken","isPartOf":{"@id":"https:\/\/unstamps.org\/de\/#website"},"primaryImageOfPage":{"@id":"https:\/\/unstamps.org\/de\/produkt\/ge-dauermarke-2019-chf-150-ganzer-bogen\/#primaryimage"},"image":{"@id":"https:\/\/unstamps.org\/de\/produkt\/ge-dauermarke-2019-chf-150-ganzer-bogen\/#primaryimage"},"thumbnailUrl":"https:\/\/unstamps.org\/wp-content\/uploads\/2019\/03\/DEF19_SSEAGEM_GE-sheet.jpg","datePublished":"2019-03-11T15:30:35+00:00","dateModified":"2026-01-09T15:26:22+00:00","breadcrumb":{"@id":"https:\/\/unstamps.org\/de\/produkt\/ge-dauermarke-2019-chf-150-ganzer-bogen\/#breadcrumb"},"inLanguage":"de-DE","potentialAction":[{"@type":"ReadAction","target":["https:\/\/unstamps.org\/de\/produkt\/ge-dauermarke-2019-chf-150-ganzer-bogen\/"]}]},{"@type":"ImageObject","inLanguage":"de-DE","@id":"https:\/\/unstamps.org\/de\/produkt\/ge-dauermarke-2019-chf-150-ganzer-bogen\/#primaryimage","url":"https:\/\/unstamps.org\/wp-content\/uploads\/2019\/03\/DEF19_SSEAGEM_GE-sheet.jpg","contentUrl":"https:\/\/unstamps.org\/wp-content\/uploads\/2019\/03\/DEF19_SSEAGEM_GE-sheet.jpg","width":1024,"height":1024},{"@type":"BreadcrumbList","@id":"https:\/\/unstamps.org\/de\/produkt\/ge-dauermarke-2019-chf-150-ganzer-bogen\/#breadcrumb","itemListElement":[{"@type":"ListItem","position":1,"name":"Home","item":"https:\/\/unstamps.org\/de\/"},{"@type":"ListItem","position":2,"name":"Produkte","item":"https:\/\/unstamps.org\/de\/produkte\/"},{"@type":"ListItem","position":3,"name":"GE Dauermarke 2019 \u2013 CHF 1,50 Ganzer Bogen"}]},{"@type":"WebSite","@id":"https:\/\/unstamps.org\/de\/#website","url":"https:\/\/unstamps.org\/de\/","name":"UN Stamps","description":"United Nations Stamps","publisher":{"@id":"https:\/\/unstamps.org\/de\/#organization"},"potentialAction":[{"@type":"SearchAction","target":{"@type":"EntryPoint","urlTemplate":"https:\/\/unstamps.org\/de\/?s={search_term_string}"},"query-input":{"@type":"PropertyValueSpecification","valueRequired":true,"valueName":"search_term_string"}}],"inLanguage":"de-DE"},{"@type":"Organization","@id":"https:\/\/unstamps.org\/de\/#organization","name":"UN Stamps","url":"https:\/\/unstamps.org\/de\/","logo":{"@type":"ImageObject","inLanguage":"de-DE","@id":"https:\/\/unstamps.org\/de\/#\/schema\/logo\/image\/","url":"https:\/\/unstamps.org\/wp-content\/uploads\/2014\/01\/logo4web.jpg","contentUrl":"https:\/\/unstamps.org\/wp-content\/uploads\/2014\/01\/logo4web.jpg","width":2500,"height":250,"caption":"UN Stamps"},"image":{"@id":"https:\/\/unstamps.org\/de\/#\/schema\/logo\/image\/"}}]}},"jetpack_sharing_enabled":true,"publishpress_future_action":{"enabled":false,"date":"2026-04-14 10:56:19","action":"change-status","newStatus":"private","terms":[],"taxonomy":"product_cat","extraData":[]},"publishpress_future_workflow_manual_trigger":{"enabledWorkflows":[]},"_links":{"self":[{"href":"https:\/\/unstamps.org\/de\/wp-json\/wp\/v2\/product\/65498","targetHints":{"allow":["GET"]}}],"collection":[{"href":"https:\/\/unstamps.org\/de\/wp-json\/wp\/v2\/product"}],"about":[{"href":"https:\/\/unstamps.org\/de\/wp-json\/wp\/v2\/types\/product"}],"replies":[{"embeddable":true,"href":"https:\/\/unstamps.org\/de\/wp-json\/wp\/v2\/comments?post=65498"}],"wp:featuredmedia":[{"embeddable":true,"href":"https:\/\/unstamps.org\/de\/wp-json\/wp\/v2\/media\/65600"}],"wp:attachment":[{"href":"https:\/\/unstamps.org\/de\/wp-json\/wp\/v2\/media?parent=65498"}],"wp:term":[{"taxonomy":"product_brand","embeddable":true,"href":"https:\/\/unstamps.org\/de\/wp-json\/wp\/v2\/product_brand?post=65498"},{"taxonomy":"product_cat","embeddable":true,"href":"https:\/\/unstamps.org\/de\/wp-json\/wp\/v2\/product_cat?post=65498"},{"taxonomy":"product_tag","embeddable":true,"href":"https:\/\/unstamps.org\/de\/wp-json\/wp\/v2\/product_tag?post=65498"}],"curies":[{"name":"wp","href":"https:\/\/api.w.org\/{rel}","templated":true}]}}