{"id":65470,"date":"2019-03-11T11:42:12","date_gmt":"2019-03-11T15:42:12","guid":{"rendered":"https:\/\/unstamps.org\/?post_type=product&#038;p=65470"},"modified":"2026-01-09T10:26:21","modified_gmt":"2026-01-09T15:26:21","slug":"vi-dauermarke-2019-e-180","status":"publish","type":"product","link":"https:\/\/unstamps.org\/de\/produkt\/vi-dauermarke-2019-e-180\/","title":{"rendered":"VI Dauermarke 2019 \u2013 \u20ac 1,80"},"content":{"rendered":"<p><strong>Migration<\/strong><\/p>\n<p>Fl\u00fcchtlinge und Migranten \u00fcberschreiten in gro\u00dfer Zahl internationale Grenzen, um vor Krieg, Verfolgung, Armut und anderen lebensbedrohlichen Situationen zu fliehen. Auch Arbeits- und Fachkr\u00e4ftemangel sowie demographischer Wandel sind Ursachen daf\u00fcr, dass Menschen migrieren, um andernorts bessere Lebensbedingungen zu suchen.<\/p>\n<p>Migration bietet gro\u00dfe Chancen und Vorteile \u2013 f\u00fcr Migranten, Gast- und Herkunftsl\u00e4nder. Wird Migration jedoch schlecht gesteuert, kann sie zu betr\u00e4chtlichen Problemen f\u00fchren. So kann der unerwartete Zustrom einer gro\u00dfen Anzahl von Menschen und der Tod von Migranten auf ihren gef\u00e4hrlichen Wegen zu einer \u00dcberforderung sozialer Infrastrukturen f\u00fchren.<\/p>\n<p>Die Vereinten Nationen haben mehrere Initiativen umgesetzt, die auf diese Herausforderungen abzielen. Die Generalversammlung der Vereinten Nationen entschied 2016, mit der New Yorker Erkl\u00e4rung f\u00fcr Fl\u00fcchtlinge und Migranten einen globalen Pakt f\u00fcr sichere, geordnete und regul\u00e4re Migration zu entwickeln. Im Juli 2018 finalisierten die Mitgliedsstaaten der Vereinten Nationen den Text zum Globalen Pakt f\u00fcr eine sichere, geordnete und regul\u00e4re Migration, den die Mitgliedsstaaten auf einer Regierungskonferenz im Dezember 2018 in Marrakesch, Marokko, formal angenommen haben.<\/p>\n<p>Weitere Informationen zu diesem Thema finden Sie unter <a href=\"http:\/\/www.refugeesmigrants.un.org\" target=\"_blank\" rel=\"noopener noreferrer\">www.refugeesmigrants.un.org<\/a>.<\/p>\n<p><strong>Ausgabedatum:<\/strong> 15. M\u00e4rz 2019<br \/>\n<strong>K\u00fcnstler:<\/strong> Chris Gash (USA)<br \/>\n<strong>Nennwert:<\/strong> \u20ac 1,80<br \/>\n<strong>Format der Marken:<\/strong> 40mm x 30mm<br \/>\n<strong>Marken pro Bogen: 20<\/strong><br \/>\n<strong>Druck:<\/strong> Lowe-Martin Group (Kanada)<br \/>\n<strong>Druckverfahren:<\/strong> Offset Lithographie mit Hexachrome<br \/>\n<strong>Z\u00e4hnung:<\/strong> 13.3<br \/>\n<strong>Menge der Briefmarken:\u00a0<\/strong>8.500 Bogen (170.000 Marken)<\/p>\n","protected":false},"excerpt":{"rendered":"<p>Migration Fl\u00fcchtlinge und Migranten \u00fcberschreiten in gro\u00dfer Zahl internationale Grenzen, um vor Krieg, Verfolgung, Armut und anderen lebensbedrohlichen Situationen zu fliehen. Auch Arbeits- und Fachkr\u00e4ftemangel sowie demographischer Wandel sind Ursachen daf\u00fcr, dass Menschen migrieren, um andernorts bessere Lebensbedingungen zu suchen. Migration bietet gro\u00dfe Chancen und Vorteile \u2013 f\u00fcr Migranten, Gast- und Herkunftsl\u00e4nder. Wird Migration jedoch [&hellip;]<\/p>\n","protected":false},"featured_media":65588,"comment_status":"closed","ping_status":"closed","template":"","meta":{"ngg_post_thumbnail":0},"product_brand":[],"product_cat":[1124,211,116],"product_tag":[],"class_list":{"0":"post-65470","1":"product","2":"type-product","3":"status-publish","4":"has-post-thumbnail","6":"product_cat-2019-year-de","7":"product_cat-einzeln","8":"product_cat-wien","9":"pa_condition-cancelled","10":"pa_condition-mint-de","12":"first","13":"instock","14":"shipping-taxable","15":"purchasable","16":"product-type-variable"},"yoast_head":"<!-- This site is optimized with the Yoast SEO plugin v27.4 - https:\/\/yoast.com\/product\/yoast-seo-wordpress\/ -->\n<title>VI Dauermarke 2019 \u2013 \u20ac 1,80 - UN Briefmarken<\/title>\n<meta name=\"robots\" content=\"index, follow, max-snippet:-1, max-image-preview:large, max-video-preview:-1\" \/>\n<link rel=\"canonical\" href=\"https:\/\/unstamps.org\/de\/produkt\/vi-dauermarke-2019-e-180\/\" \/>\n<meta property=\"og:locale\" content=\"de_DE\" \/>\n<meta property=\"og:type\" content=\"article\" \/>\n<meta property=\"og:title\" content=\"VI Dauermarke 2019 \u2013 \u20ac 1,80 - UN Briefmarken\" \/>\n<meta property=\"og:description\" content=\"Migration Fl\u00fcchtlinge und Migranten \u00fcberschreiten in gro\u00dfer Zahl internationale Grenzen, um vor Krieg, Verfolgung, Armut und anderen lebensbedrohlichen Situationen zu fliehen. Auch Arbeits- und Fachkr\u00e4ftemangel sowie demographischer Wandel sind Ursachen daf\u00fcr, dass Menschen migrieren, um andernorts bessere Lebensbedingungen zu suchen. Migration bietet gro\u00dfe Chancen und Vorteile \u2013 f\u00fcr Migranten, Gast- und Herkunftsl\u00e4nder. Wird Migration jedoch [&hellip;]\" \/>\n<meta property=\"og:url\" content=\"https:\/\/unstamps.org\/de\/produkt\/vi-dauermarke-2019-e-180\/\" \/>\n<meta property=\"og:site_name\" content=\"UN Briefmarken\" \/>\n<meta property=\"article:modified_time\" content=\"2026-01-09T15:26:21+00:00\" \/>\n<meta property=\"og:image\" content=\"https:\/\/unstamps.org\/wp-content\/uploads\/2019\/03\/DEF19_SSEAGEM_VI-1.80-stamp.jpg\" \/>\n\t<meta property=\"og:image:width\" content=\"1024\" \/>\n\t<meta property=\"og:image:height\" content=\"1024\" \/>\n\t<meta property=\"og:image:type\" content=\"image\/jpeg\" \/>\n<meta name=\"twitter:card\" content=\"summary_large_image\" \/>\n<meta name=\"twitter:label1\" content=\"Gesch\u00e4tzte Lesezeit\" \/>\n\t<meta name=\"twitter:data1\" content=\"1 minute\" \/>\n<script type=\"application\/ld+json\" class=\"yoast-schema-graph\">{\"@context\":\"https:\\\/\\\/schema.org\",\"@graph\":[{\"@type\":\"WebPage\",\"@id\":\"https:\\\/\\\/unstamps.org\\\/de\\\/produkt\\\/vi-dauermarke-2019-e-180\\\/\",\"url\":\"https:\\\/\\\/unstamps.org\\\/de\\\/produkt\\\/vi-dauermarke-2019-e-180\\\/\",\"name\":\"VI Dauermarke 2019 \u2013 \u20ac 1,80 - UN Briefmarken\",\"isPartOf\":{\"@id\":\"https:\\\/\\\/unstamps.org\\\/de\\\/#website\"},\"primaryImageOfPage\":{\"@id\":\"https:\\\/\\\/unstamps.org\\\/de\\\/produkt\\\/vi-dauermarke-2019-e-180\\\/#primaryimage\"},\"image\":{\"@id\":\"https:\\\/\\\/unstamps.org\\\/de\\\/produkt\\\/vi-dauermarke-2019-e-180\\\/#primaryimage\"},\"thumbnailUrl\":\"https:\\\/\\\/unstamps.org\\\/wp-content\\\/uploads\\\/2019\\\/03\\\/DEF19_SSEAGEM_VI-1.80-stamp.jpg\",\"datePublished\":\"2019-03-11T15:42:12+00:00\",\"dateModified\":\"2026-01-09T15:26:21+00:00\",\"breadcrumb\":{\"@id\":\"https:\\\/\\\/unstamps.org\\\/de\\\/produkt\\\/vi-dauermarke-2019-e-180\\\/#breadcrumb\"},\"inLanguage\":\"de-DE\",\"potentialAction\":[{\"@type\":\"ReadAction\",\"target\":[\"https:\\\/\\\/unstamps.org\\\/de\\\/produkt\\\/vi-dauermarke-2019-e-180\\\/\"]}]},{\"@type\":\"ImageObject\",\"inLanguage\":\"de-DE\",\"@id\":\"https:\\\/\\\/unstamps.org\\\/de\\\/produkt\\\/vi-dauermarke-2019-e-180\\\/#primaryimage\",\"url\":\"https:\\\/\\\/unstamps.org\\\/wp-content\\\/uploads\\\/2019\\\/03\\\/DEF19_SSEAGEM_VI-1.80-stamp.jpg\",\"contentUrl\":\"https:\\\/\\\/unstamps.org\\\/wp-content\\\/uploads\\\/2019\\\/03\\\/DEF19_SSEAGEM_VI-1.80-stamp.jpg\",\"width\":1024,\"height\":1024},{\"@type\":\"BreadcrumbList\",\"@id\":\"https:\\\/\\\/unstamps.org\\\/de\\\/produkt\\\/vi-dauermarke-2019-e-180\\\/#breadcrumb\",\"itemListElement\":[{\"@type\":\"ListItem\",\"position\":1,\"name\":\"Home\",\"item\":\"https:\\\/\\\/unstamps.org\\\/de\\\/\"},{\"@type\":\"ListItem\",\"position\":2,\"name\":\"Produkte\",\"item\":\"https:\\\/\\\/unstamps.org\\\/de\\\/produkte\\\/\"},{\"@type\":\"ListItem\",\"position\":3,\"name\":\"VI Dauermarke 2019 \u2013 \u20ac 1,80\"}]},{\"@type\":\"WebSite\",\"@id\":\"https:\\\/\\\/unstamps.org\\\/de\\\/#website\",\"url\":\"https:\\\/\\\/unstamps.org\\\/de\\\/\",\"name\":\"UN Stamps\",\"description\":\"United Nations Stamps\",\"publisher\":{\"@id\":\"https:\\\/\\\/unstamps.org\\\/de\\\/#organization\"},\"potentialAction\":[{\"@type\":\"SearchAction\",\"target\":{\"@type\":\"EntryPoint\",\"urlTemplate\":\"https:\\\/\\\/unstamps.org\\\/de\\\/?s={search_term_string}\"},\"query-input\":{\"@type\":\"PropertyValueSpecification\",\"valueRequired\":true,\"valueName\":\"search_term_string\"}}],\"inLanguage\":\"de-DE\"},{\"@type\":\"Organization\",\"@id\":\"https:\\\/\\\/unstamps.org\\\/de\\\/#organization\",\"name\":\"UN Stamps\",\"url\":\"https:\\\/\\\/unstamps.org\\\/de\\\/\",\"logo\":{\"@type\":\"ImageObject\",\"inLanguage\":\"de-DE\",\"@id\":\"https:\\\/\\\/unstamps.org\\\/de\\\/#\\\/schema\\\/logo\\\/image\\\/\",\"url\":\"https:\\\/\\\/unstamps.org\\\/wp-content\\\/uploads\\\/2014\\\/01\\\/logo4web.jpg\",\"contentUrl\":\"https:\\\/\\\/unstamps.org\\\/wp-content\\\/uploads\\\/2014\\\/01\\\/logo4web.jpg\",\"width\":2500,\"height\":250,\"caption\":\"UN Stamps\"},\"image\":{\"@id\":\"https:\\\/\\\/unstamps.org\\\/de\\\/#\\\/schema\\\/logo\\\/image\\\/\"}}]}<\/script>\n<!-- \/ Yoast SEO plugin. -->","yoast_head_json":{"title":"VI Dauermarke 2019 \u2013 \u20ac 1,80 - UN Briefmarken","robots":{"index":"index","follow":"follow","max-snippet":"max-snippet:-1","max-image-preview":"max-image-preview:large","max-video-preview":"max-video-preview:-1"},"canonical":"https:\/\/unstamps.org\/de\/produkt\/vi-dauermarke-2019-e-180\/","og_locale":"de_DE","og_type":"article","og_title":"VI Dauermarke 2019 \u2013 \u20ac 1,80 - UN Briefmarken","og_description":"Migration Fl\u00fcchtlinge und Migranten \u00fcberschreiten in gro\u00dfer Zahl internationale Grenzen, um vor Krieg, Verfolgung, Armut und anderen lebensbedrohlichen Situationen zu fliehen. Auch Arbeits- und Fachkr\u00e4ftemangel sowie demographischer Wandel sind Ursachen daf\u00fcr, dass Menschen migrieren, um andernorts bessere Lebensbedingungen zu suchen. Migration bietet gro\u00dfe Chancen und Vorteile \u2013 f\u00fcr Migranten, Gast- und Herkunftsl\u00e4nder. Wird Migration jedoch [&hellip;]","og_url":"https:\/\/unstamps.org\/de\/produkt\/vi-dauermarke-2019-e-180\/","og_site_name":"UN Briefmarken","article_modified_time":"2026-01-09T15:26:21+00:00","og_image":[{"width":1024,"height":1024,"url":"https:\/\/unstamps.org\/wp-content\/uploads\/2019\/03\/DEF19_SSEAGEM_VI-1.80-stamp.jpg","type":"image\/jpeg"}],"twitter_card":"summary_large_image","twitter_misc":{"Gesch\u00e4tzte Lesezeit":"1 minute"},"schema":{"@context":"https:\/\/schema.org","@graph":[{"@type":"WebPage","@id":"https:\/\/unstamps.org\/de\/produkt\/vi-dauermarke-2019-e-180\/","url":"https:\/\/unstamps.org\/de\/produkt\/vi-dauermarke-2019-e-180\/","name":"VI Dauermarke 2019 \u2013 \u20ac 1,80 - UN Briefmarken","isPartOf":{"@id":"https:\/\/unstamps.org\/de\/#website"},"primaryImageOfPage":{"@id":"https:\/\/unstamps.org\/de\/produkt\/vi-dauermarke-2019-e-180\/#primaryimage"},"image":{"@id":"https:\/\/unstamps.org\/de\/produkt\/vi-dauermarke-2019-e-180\/#primaryimage"},"thumbnailUrl":"https:\/\/unstamps.org\/wp-content\/uploads\/2019\/03\/DEF19_SSEAGEM_VI-1.80-stamp.jpg","datePublished":"2019-03-11T15:42:12+00:00","dateModified":"2026-01-09T15:26:21+00:00","breadcrumb":{"@id":"https:\/\/unstamps.org\/de\/produkt\/vi-dauermarke-2019-e-180\/#breadcrumb"},"inLanguage":"de-DE","potentialAction":[{"@type":"ReadAction","target":["https:\/\/unstamps.org\/de\/produkt\/vi-dauermarke-2019-e-180\/"]}]},{"@type":"ImageObject","inLanguage":"de-DE","@id":"https:\/\/unstamps.org\/de\/produkt\/vi-dauermarke-2019-e-180\/#primaryimage","url":"https:\/\/unstamps.org\/wp-content\/uploads\/2019\/03\/DEF19_SSEAGEM_VI-1.80-stamp.jpg","contentUrl":"https:\/\/unstamps.org\/wp-content\/uploads\/2019\/03\/DEF19_SSEAGEM_VI-1.80-stamp.jpg","width":1024,"height":1024},{"@type":"BreadcrumbList","@id":"https:\/\/unstamps.org\/de\/produkt\/vi-dauermarke-2019-e-180\/#breadcrumb","itemListElement":[{"@type":"ListItem","position":1,"name":"Home","item":"https:\/\/unstamps.org\/de\/"},{"@type":"ListItem","position":2,"name":"Produkte","item":"https:\/\/unstamps.org\/de\/produkte\/"},{"@type":"ListItem","position":3,"name":"VI Dauermarke 2019 \u2013 \u20ac 1,80"}]},{"@type":"WebSite","@id":"https:\/\/unstamps.org\/de\/#website","url":"https:\/\/unstamps.org\/de\/","name":"UN Stamps","description":"United Nations Stamps","publisher":{"@id":"https:\/\/unstamps.org\/de\/#organization"},"potentialAction":[{"@type":"SearchAction","target":{"@type":"EntryPoint","urlTemplate":"https:\/\/unstamps.org\/de\/?s={search_term_string}"},"query-input":{"@type":"PropertyValueSpecification","valueRequired":true,"valueName":"search_term_string"}}],"inLanguage":"de-DE"},{"@type":"Organization","@id":"https:\/\/unstamps.org\/de\/#organization","name":"UN Stamps","url":"https:\/\/unstamps.org\/de\/","logo":{"@type":"ImageObject","inLanguage":"de-DE","@id":"https:\/\/unstamps.org\/de\/#\/schema\/logo\/image\/","url":"https:\/\/unstamps.org\/wp-content\/uploads\/2014\/01\/logo4web.jpg","contentUrl":"https:\/\/unstamps.org\/wp-content\/uploads\/2014\/01\/logo4web.jpg","width":2500,"height":250,"caption":"UN Stamps"},"image":{"@id":"https:\/\/unstamps.org\/de\/#\/schema\/logo\/image\/"}}]}},"jetpack_sharing_enabled":true,"publishpress_future_action":{"enabled":false,"date":"2026-04-22 00:40:45","action":"change-status","newStatus":"private","terms":[],"taxonomy":"product_cat","extraData":[]},"publishpress_future_workflow_manual_trigger":{"enabledWorkflows":[]},"_links":{"self":[{"href":"https:\/\/unstamps.org\/de\/wp-json\/wp\/v2\/product\/65470","targetHints":{"allow":["GET"]}}],"collection":[{"href":"https:\/\/unstamps.org\/de\/wp-json\/wp\/v2\/product"}],"about":[{"href":"https:\/\/unstamps.org\/de\/wp-json\/wp\/v2\/types\/product"}],"replies":[{"embeddable":true,"href":"https:\/\/unstamps.org\/de\/wp-json\/wp\/v2\/comments?post=65470"}],"wp:featuredmedia":[{"embeddable":true,"href":"https:\/\/unstamps.org\/de\/wp-json\/wp\/v2\/media\/65588"}],"wp:attachment":[{"href":"https:\/\/unstamps.org\/de\/wp-json\/wp\/v2\/media?parent=65470"}],"wp:term":[{"taxonomy":"product_brand","embeddable":true,"href":"https:\/\/unstamps.org\/de\/wp-json\/wp\/v2\/product_brand?post=65470"},{"taxonomy":"product_cat","embeddable":true,"href":"https:\/\/unstamps.org\/de\/wp-json\/wp\/v2\/product_cat?post=65470"},{"taxonomy":"product_tag","embeddable":true,"href":"https:\/\/unstamps.org\/de\/wp-json\/wp\/v2\/product_tag?post=65470"}],"curies":[{"name":"wp","href":"https:\/\/api.w.org\/{rel}","templated":true}]}}