{"id":62493,"date":"2018-10-01T11:13:19","date_gmt":"2018-10-01T15:14:19","guid":{"rendered":"https:\/\/unstamps.org\/?post_type=product&#038;p=62493"},"modified":"2026-01-09T10:09:01","modified_gmt":"2026-01-09T15:09:01","slug":"vi-dauermarke-2018-e-090-ganzer-bogen","status":"publish","type":"product","link":"https:\/\/unstamps.org\/de\/produkt\/vi-dauermarke-2018-e-090-ganzer-bogen\/","title":{"rendered":"VI Dauermarke 2018 \u2013 \u20ac 0,90 Ganzer Bogen"},"content":{"rendered":"<p>Am 2. Oktober 2018 gibt die UNPA drei Dauermarken mit Bildern von \u201a\u201a Non Violence &#8211; Der Knoten im Revolver\u201c heraus. Diese ber\u00fchmte Skulptur f\u00fcr Frieden und Gewaltlosigkeit wurde 1980 vom schwedischen K\u00fcnstler Carl Fredrik Reutersw\u00e4rd als Tribut an John Lennon geschaffen. Skulpturen des Revolvers mit dem verknoteten Lauf stehen an mehr als 30 symboltr\u00e4chtigen Orten weltweit, unter anderem vor dem Hauptsitz der Vereinten Nationen in New York, vor dem Olympischen Museum in Lausanne und im Chaoyang Park in Beijing.<\/p>\n<p>Die Skulptur \u201a\u201a Non Violence \u2013 Der Knoten im Revolver\u201c ist auch das Symbol der Stiftung \u201a\u201a Non-Violence Project\u201c, einer gemeinn\u00fctzigen Organisation zur F\u00f6rderung von Frieden und gesellschaftlichem Wandel durch Erziehung. Junge Menschen sollen inspiriert, motiviert und angespornt werden. Sie sollen verstehen, wie man Konflikte friedlich l\u00f6st. Die Dauermarke zu US$ 0,01 zeigt eine Gravur von Martin M\u00f6rck (Norwegen). Die Dauermarken zu \u20ac 0,90 und \u20ac 2,30 sind bemalte Revolver-Skulpturen, die Teil des \u201a\u201a Non-Violence Art Project\u201c sind. Weitere Informationen zur Stiftung \u201a\u201a Non-Violence Project\u201c finden Sie unter: <a href=\"http:\/\/www.nonviolence.com\" target=\"_blank\" rel=\"noopener noreferrer\">www.nonviolence.com<\/a>.<\/p>\n<p><strong>Ausgabedatum: <\/strong>2. Oktober 2018<br \/>\n<strong>Beschreibung: <\/strong>\u201a\u201a Non Violence &#8211; Der Knoten im Revolver\u201d<br \/>\n<strong>K\u00fcnstler: <\/strong>Carl Fredrik Reutersw\u00e4rd\/Johan Ernst Nilson<br \/>\n<strong>Nennwert: <\/strong>\u20ac 0,90<br \/>\n<strong>Markenformat: <\/strong>50mm x 30mm<br \/>\n<strong>Marken pro Bogen: <\/strong>20<br \/>\n<strong>Druck: <\/strong>Royal Joh. Enschede (Niederlande)<br \/>\n<strong>Druckverfahren: <\/strong>Offset Lithographie \u2013 (Hexachrome)<br \/>\n<strong>Z\u00e4hnung: <\/strong>14 x 14.5<br \/>\n<strong>Auflage: <\/strong>15.000 Bogen (300.000 Marken)<\/p>\n","protected":false},"excerpt":{"rendered":"<p>Am 2. Oktober 2018 gibt die UNPA drei Dauermarken mit Bildern von \u201a\u201a Non Violence &#8211; Der Knoten im Revolver\u201c heraus. Diese ber\u00fchmte Skulptur f\u00fcr Frieden und Gewaltlosigkeit wurde 1980 vom schwedischen K\u00fcnstler Carl Fredrik Reutersw\u00e4rd als Tribut an John Lennon geschaffen. Skulpturen des Revolvers mit dem verknoteten Lauf stehen an mehr als 30 symboltr\u00e4chtigen [&hellip;]<\/p>\n","protected":false},"featured_media":62619,"comment_status":"closed","ping_status":"closed","template":"","meta":{"ngg_post_thumbnail":0},"product_brand":[],"product_cat":[960,116],"product_tag":[],"class_list":{"0":"post-62493","1":"product","2":"type-product","3":"status-publish","4":"has-post-thumbnail","6":"product_cat-2018-de","7":"product_cat-wien","8":"pa_condition-cancelled","9":"pa_condition-mint-de","11":"first","12":"instock","13":"shipping-taxable","14":"purchasable","15":"product-type-variable"},"yoast_head":"<!-- This site is optimized with the Yoast SEO plugin v27.3 - https:\/\/yoast.com\/product\/yoast-seo-wordpress\/ -->\n<title>VI Dauermarke 2018 \u2013 \u20ac 0,90 Ganzer Bogen - UN Briefmarken<\/title>\n<meta name=\"robots\" content=\"index, follow, max-snippet:-1, max-image-preview:large, max-video-preview:-1\" \/>\n<link rel=\"canonical\" href=\"https:\/\/unstamps.org\/de\/produkt\/vi-dauermarke-2018-e-090-ganzer-bogen\/\" \/>\n<meta property=\"og:locale\" content=\"de_DE\" \/>\n<meta property=\"og:type\" content=\"article\" \/>\n<meta property=\"og:title\" content=\"VI Dauermarke 2018 \u2013 \u20ac 0,90 Ganzer Bogen - UN Briefmarken\" \/>\n<meta property=\"og:description\" content=\"Am 2. Oktober 2018 gibt die UNPA drei Dauermarken mit Bildern von \u201a\u201a Non Violence &#8211; Der Knoten im Revolver\u201c heraus. Diese ber\u00fchmte Skulptur f\u00fcr Frieden und Gewaltlosigkeit wurde 1980 vom schwedischen K\u00fcnstler Carl Fredrik Reutersw\u00e4rd als Tribut an John Lennon geschaffen. Skulpturen des Revolvers mit dem verknoteten Lauf stehen an mehr als 30 symboltr\u00e4chtigen [&hellip;]\" \/>\n<meta property=\"og:url\" content=\"https:\/\/unstamps.org\/de\/produkt\/vi-dauermarke-2018-e-090-ganzer-bogen\/\" \/>\n<meta property=\"og:site_name\" content=\"UN Briefmarken\" \/>\n<meta property=\"article:modified_time\" content=\"2026-01-09T15:09:01+00:00\" \/>\n<meta property=\"og:image\" content=\"https:\/\/unstamps.org\/wp-content\/uploads\/2018\/09\/KNOTTEDGUN18_VI0.90-full-sheet.jpg\" \/>\n\t<meta property=\"og:image:width\" content=\"1024\" \/>\n\t<meta property=\"og:image:height\" content=\"1024\" \/>\n\t<meta property=\"og:image:type\" content=\"image\/jpeg\" \/>\n<meta name=\"twitter:card\" content=\"summary_large_image\" \/>\n<meta name=\"twitter:label1\" content=\"Gesch\u00e4tzte Lesezeit\" \/>\n\t<meta name=\"twitter:data1\" content=\"1 minute\" \/>\n<script type=\"application\/ld+json\" class=\"yoast-schema-graph\">{\"@context\":\"https:\\\/\\\/schema.org\",\"@graph\":[{\"@type\":\"WebPage\",\"@id\":\"https:\\\/\\\/unstamps.org\\\/de\\\/produkt\\\/vi-dauermarke-2018-e-090-ganzer-bogen\\\/\",\"url\":\"https:\\\/\\\/unstamps.org\\\/de\\\/produkt\\\/vi-dauermarke-2018-e-090-ganzer-bogen\\\/\",\"name\":\"VI Dauermarke 2018 \u2013 \u20ac 0,90 Ganzer Bogen - UN Briefmarken\",\"isPartOf\":{\"@id\":\"https:\\\/\\\/unstamps.org\\\/de\\\/#website\"},\"primaryImageOfPage\":{\"@id\":\"https:\\\/\\\/unstamps.org\\\/de\\\/produkt\\\/vi-dauermarke-2018-e-090-ganzer-bogen\\\/#primaryimage\"},\"image\":{\"@id\":\"https:\\\/\\\/unstamps.org\\\/de\\\/produkt\\\/vi-dauermarke-2018-e-090-ganzer-bogen\\\/#primaryimage\"},\"thumbnailUrl\":\"https:\\\/\\\/unstamps.org\\\/wp-content\\\/uploads\\\/2018\\\/09\\\/KNOTTEDGUN18_VI0.90-full-sheet.jpg\",\"datePublished\":\"2018-10-01T15:14:19+00:00\",\"dateModified\":\"2026-01-09T15:09:01+00:00\",\"breadcrumb\":{\"@id\":\"https:\\\/\\\/unstamps.org\\\/de\\\/produkt\\\/vi-dauermarke-2018-e-090-ganzer-bogen\\\/#breadcrumb\"},\"inLanguage\":\"de-DE\",\"potentialAction\":[{\"@type\":\"ReadAction\",\"target\":[\"https:\\\/\\\/unstamps.org\\\/de\\\/produkt\\\/vi-dauermarke-2018-e-090-ganzer-bogen\\\/\"]}]},{\"@type\":\"ImageObject\",\"inLanguage\":\"de-DE\",\"@id\":\"https:\\\/\\\/unstamps.org\\\/de\\\/produkt\\\/vi-dauermarke-2018-e-090-ganzer-bogen\\\/#primaryimage\",\"url\":\"https:\\\/\\\/unstamps.org\\\/wp-content\\\/uploads\\\/2018\\\/09\\\/KNOTTEDGUN18_VI0.90-full-sheet.jpg\",\"contentUrl\":\"https:\\\/\\\/unstamps.org\\\/wp-content\\\/uploads\\\/2018\\\/09\\\/KNOTTEDGUN18_VI0.90-full-sheet.jpg\",\"width\":1024,\"height\":1024},{\"@type\":\"BreadcrumbList\",\"@id\":\"https:\\\/\\\/unstamps.org\\\/de\\\/produkt\\\/vi-dauermarke-2018-e-090-ganzer-bogen\\\/#breadcrumb\",\"itemListElement\":[{\"@type\":\"ListItem\",\"position\":1,\"name\":\"Home\",\"item\":\"https:\\\/\\\/unstamps.org\\\/de\\\/\"},{\"@type\":\"ListItem\",\"position\":2,\"name\":\"Produkte\",\"item\":\"https:\\\/\\\/unstamps.org\\\/de\\\/produkte\\\/\"},{\"@type\":\"ListItem\",\"position\":3,\"name\":\"VI Dauermarke 2018 \u2013 \u20ac 0,90 Ganzer Bogen\"}]},{\"@type\":\"WebSite\",\"@id\":\"https:\\\/\\\/unstamps.org\\\/de\\\/#website\",\"url\":\"https:\\\/\\\/unstamps.org\\\/de\\\/\",\"name\":\"UN Stamps\",\"description\":\"United Nations Stamps\",\"publisher\":{\"@id\":\"https:\\\/\\\/unstamps.org\\\/de\\\/#organization\"},\"potentialAction\":[{\"@type\":\"SearchAction\",\"target\":{\"@type\":\"EntryPoint\",\"urlTemplate\":\"https:\\\/\\\/unstamps.org\\\/de\\\/?s={search_term_string}\"},\"query-input\":{\"@type\":\"PropertyValueSpecification\",\"valueRequired\":true,\"valueName\":\"search_term_string\"}}],\"inLanguage\":\"de-DE\"},{\"@type\":\"Organization\",\"@id\":\"https:\\\/\\\/unstamps.org\\\/de\\\/#organization\",\"name\":\"UN Stamps\",\"url\":\"https:\\\/\\\/unstamps.org\\\/de\\\/\",\"logo\":{\"@type\":\"ImageObject\",\"inLanguage\":\"de-DE\",\"@id\":\"https:\\\/\\\/unstamps.org\\\/de\\\/#\\\/schema\\\/logo\\\/image\\\/\",\"url\":\"https:\\\/\\\/unstamps.org\\\/wp-content\\\/uploads\\\/2014\\\/01\\\/logo4web.jpg\",\"contentUrl\":\"https:\\\/\\\/unstamps.org\\\/wp-content\\\/uploads\\\/2014\\\/01\\\/logo4web.jpg\",\"width\":2500,\"height\":250,\"caption\":\"UN Stamps\"},\"image\":{\"@id\":\"https:\\\/\\\/unstamps.org\\\/de\\\/#\\\/schema\\\/logo\\\/image\\\/\"}}]}<\/script>\n<!-- \/ Yoast SEO plugin. -->","yoast_head_json":{"title":"VI Dauermarke 2018 \u2013 \u20ac 0,90 Ganzer Bogen - UN Briefmarken","robots":{"index":"index","follow":"follow","max-snippet":"max-snippet:-1","max-image-preview":"max-image-preview:large","max-video-preview":"max-video-preview:-1"},"canonical":"https:\/\/unstamps.org\/de\/produkt\/vi-dauermarke-2018-e-090-ganzer-bogen\/","og_locale":"de_DE","og_type":"article","og_title":"VI Dauermarke 2018 \u2013 \u20ac 0,90 Ganzer Bogen - UN Briefmarken","og_description":"Am 2. Oktober 2018 gibt die UNPA drei Dauermarken mit Bildern von \u201a\u201a Non Violence &#8211; Der Knoten im Revolver\u201c heraus. Diese ber\u00fchmte Skulptur f\u00fcr Frieden und Gewaltlosigkeit wurde 1980 vom schwedischen K\u00fcnstler Carl Fredrik Reutersw\u00e4rd als Tribut an John Lennon geschaffen. Skulpturen des Revolvers mit dem verknoteten Lauf stehen an mehr als 30 symboltr\u00e4chtigen [&hellip;]","og_url":"https:\/\/unstamps.org\/de\/produkt\/vi-dauermarke-2018-e-090-ganzer-bogen\/","og_site_name":"UN Briefmarken","article_modified_time":"2026-01-09T15:09:01+00:00","og_image":[{"width":1024,"height":1024,"url":"https:\/\/unstamps.org\/wp-content\/uploads\/2018\/09\/KNOTTEDGUN18_VI0.90-full-sheet.jpg","type":"image\/jpeg"}],"twitter_card":"summary_large_image","twitter_misc":{"Gesch\u00e4tzte Lesezeit":"1 minute"},"schema":{"@context":"https:\/\/schema.org","@graph":[{"@type":"WebPage","@id":"https:\/\/unstamps.org\/de\/produkt\/vi-dauermarke-2018-e-090-ganzer-bogen\/","url":"https:\/\/unstamps.org\/de\/produkt\/vi-dauermarke-2018-e-090-ganzer-bogen\/","name":"VI Dauermarke 2018 \u2013 \u20ac 0,90 Ganzer Bogen - UN Briefmarken","isPartOf":{"@id":"https:\/\/unstamps.org\/de\/#website"},"primaryImageOfPage":{"@id":"https:\/\/unstamps.org\/de\/produkt\/vi-dauermarke-2018-e-090-ganzer-bogen\/#primaryimage"},"image":{"@id":"https:\/\/unstamps.org\/de\/produkt\/vi-dauermarke-2018-e-090-ganzer-bogen\/#primaryimage"},"thumbnailUrl":"https:\/\/unstamps.org\/wp-content\/uploads\/2018\/09\/KNOTTEDGUN18_VI0.90-full-sheet.jpg","datePublished":"2018-10-01T15:14:19+00:00","dateModified":"2026-01-09T15:09:01+00:00","breadcrumb":{"@id":"https:\/\/unstamps.org\/de\/produkt\/vi-dauermarke-2018-e-090-ganzer-bogen\/#breadcrumb"},"inLanguage":"de-DE","potentialAction":[{"@type":"ReadAction","target":["https:\/\/unstamps.org\/de\/produkt\/vi-dauermarke-2018-e-090-ganzer-bogen\/"]}]},{"@type":"ImageObject","inLanguage":"de-DE","@id":"https:\/\/unstamps.org\/de\/produkt\/vi-dauermarke-2018-e-090-ganzer-bogen\/#primaryimage","url":"https:\/\/unstamps.org\/wp-content\/uploads\/2018\/09\/KNOTTEDGUN18_VI0.90-full-sheet.jpg","contentUrl":"https:\/\/unstamps.org\/wp-content\/uploads\/2018\/09\/KNOTTEDGUN18_VI0.90-full-sheet.jpg","width":1024,"height":1024},{"@type":"BreadcrumbList","@id":"https:\/\/unstamps.org\/de\/produkt\/vi-dauermarke-2018-e-090-ganzer-bogen\/#breadcrumb","itemListElement":[{"@type":"ListItem","position":1,"name":"Home","item":"https:\/\/unstamps.org\/de\/"},{"@type":"ListItem","position":2,"name":"Produkte","item":"https:\/\/unstamps.org\/de\/produkte\/"},{"@type":"ListItem","position":3,"name":"VI Dauermarke 2018 \u2013 \u20ac 0,90 Ganzer Bogen"}]},{"@type":"WebSite","@id":"https:\/\/unstamps.org\/de\/#website","url":"https:\/\/unstamps.org\/de\/","name":"UN Stamps","description":"United Nations Stamps","publisher":{"@id":"https:\/\/unstamps.org\/de\/#organization"},"potentialAction":[{"@type":"SearchAction","target":{"@type":"EntryPoint","urlTemplate":"https:\/\/unstamps.org\/de\/?s={search_term_string}"},"query-input":{"@type":"PropertyValueSpecification","valueRequired":true,"valueName":"search_term_string"}}],"inLanguage":"de-DE"},{"@type":"Organization","@id":"https:\/\/unstamps.org\/de\/#organization","name":"UN Stamps","url":"https:\/\/unstamps.org\/de\/","logo":{"@type":"ImageObject","inLanguage":"de-DE","@id":"https:\/\/unstamps.org\/de\/#\/schema\/logo\/image\/","url":"https:\/\/unstamps.org\/wp-content\/uploads\/2014\/01\/logo4web.jpg","contentUrl":"https:\/\/unstamps.org\/wp-content\/uploads\/2014\/01\/logo4web.jpg","width":2500,"height":250,"caption":"UN Stamps"},"image":{"@id":"https:\/\/unstamps.org\/de\/#\/schema\/logo\/image\/"}}]}},"jetpack_sharing_enabled":true,"publishpress_future_action":{"enabled":false,"date":"2026-04-11 14:06:05","action":"change-status","newStatus":"private","terms":[],"taxonomy":"product_cat","extraData":[]},"publishpress_future_workflow_manual_trigger":{"enabledWorkflows":[]},"_links":{"self":[{"href":"https:\/\/unstamps.org\/de\/wp-json\/wp\/v2\/product\/62493","targetHints":{"allow":["GET"]}}],"collection":[{"href":"https:\/\/unstamps.org\/de\/wp-json\/wp\/v2\/product"}],"about":[{"href":"https:\/\/unstamps.org\/de\/wp-json\/wp\/v2\/types\/product"}],"replies":[{"embeddable":true,"href":"https:\/\/unstamps.org\/de\/wp-json\/wp\/v2\/comments?post=62493"}],"wp:featuredmedia":[{"embeddable":true,"href":"https:\/\/unstamps.org\/de\/wp-json\/wp\/v2\/media\/62619"}],"wp:attachment":[{"href":"https:\/\/unstamps.org\/de\/wp-json\/wp\/v2\/media?parent=62493"}],"wp:term":[{"taxonomy":"product_brand","embeddable":true,"href":"https:\/\/unstamps.org\/de\/wp-json\/wp\/v2\/product_brand?post=62493"},{"taxonomy":"product_cat","embeddable":true,"href":"https:\/\/unstamps.org\/de\/wp-json\/wp\/v2\/product_cat?post=62493"},{"taxonomy":"product_tag","embeddable":true,"href":"https:\/\/unstamps.org\/de\/wp-json\/wp\/v2\/product_tag?post=62493"}],"curies":[{"name":"wp","href":"https:\/\/api.w.org\/{rel}","templated":true}]}}