{"id":60692,"date":"2018-07-17T09:34:52","date_gmt":"2018-07-17T13:38:20","guid":{"rendered":"https:\/\/unstamps.org\/?post_type=product&#038;p=60692"},"modified":"2026-01-09T10:09:00","modified_gmt":"2026-01-09T15:09:00","slug":"ge-dauermarke-2018-chf-200-ganzer-bogen","status":"publish","type":"product","link":"https:\/\/unstamps.org\/de\/produkt\/ge-dauermarke-2018-chf-200-ganzer-bogen\/","title":{"rendered":"GE Dauermarke 2018 \u2013 CHF 2,00 Ganzer Bogen"},"content":{"rendered":"<p>Im November 2009 deklarierte die Generalversammlung der Vereinten Nationen den 18. Juli zum \u201a\u201aInternationalen Nelson-Mandela-Tag\u201c in Anerkennung des Beitrags, den der s\u00fcdafrikanische Pr\u00e4sident zur Kultur von Frieden und Freiheit geleistet hat. Die Vereinten Nationen w\u00fcrdigen Nelson Mandelas Wertvorstellungen und sein Engagement im Dienste der Menschheit, insbesondere in den Bereichen Konfliktl\u00f6sung, Rassenbeziehungen, F\u00f6rderung und Schutz der Menschenrechte, Vers\u00f6hnung, Geschlechtergerechtigkeit, Rechte von Kindern und anderen schutzbed\u00fcrftigen Gruppen sowie Unterst\u00fctzung armer und unterentwickelter Gemeinschaften. Die Vereinten Nationen anerkennen seinen Beitrag zum internationalen Kampf f\u00fcr Demokratie und die F\u00f6rderung einer Kultur des Friedens in der ganzen Welt.<\/p>\n<p>Die UNPA w\u00fcrdigt Nelson Mandela und seinen 100. Geburtstag mit dieser Briefmarke zu CHF 2,00, die der ber\u00fchmte K\u00fcnstler Martin M\u00f6rck illustrierte. Auf Franz\u00f6sisch dazu das Zitat: \u201a\u201aEs ist so einfach, alles niederzurei\u00dfen und zu zerst\u00f6ren. Wahre Helden aber sind Menschen, die Frieden schlie\u00dfen und alles wieder aufbauen.\u201c<\/p>\n<p><strong>Ausgabedatum: <\/strong>18. Juli 2018<br \/>\n<strong>Beschreibung: <\/strong>WNelson-Mandela-Tag<br \/>\n<strong>Entwurf: <\/strong>Martin M\u00f6rck (Norwegen)<br \/>\n<strong>Nennwert: <\/strong>CHF 2,00<br \/>\n<strong>Markenformat: <\/strong>35mm x 50mm<br \/>\n<strong>Marken pro Bogen: <\/strong>20<br \/>\n<strong>Druck: <\/strong>Lowe-Martin Group (Kanada)<br \/>\n<strong>Druckverfahren: <\/strong>Offset Lithographie \u2013 (Duotone)<br \/>\n<strong>Z\u00e4hnung: <\/strong>13.1<br \/>\n<strong>Auflage: <\/strong>13.000 Bogen (260.000 Marken)<\/p>\n","protected":false},"excerpt":{"rendered":"<p>Im November 2009 deklarierte die Generalversammlung der Vereinten Nationen den 18. Juli zum \u201a\u201aInternationalen Nelson-Mandela-Tag\u201c in Anerkennung des Beitrags, den der s\u00fcdafrikanische Pr\u00e4sident zur Kultur von Frieden und Freiheit geleistet hat. Die Vereinten Nationen w\u00fcrdigen Nelson Mandelas Wertvorstellungen und sein Engagement im Dienste der Menschheit, insbesondere in den Bereichen Konfliktl\u00f6sung, Rassenbeziehungen, F\u00f6rderung und Schutz der [&hellip;]<\/p>\n","protected":false},"featured_media":58416,"comment_status":"closed","ping_status":"closed","template":"","meta":{"ngg_post_thumbnail":0},"product_brand":[],"product_cat":[960,115],"product_tag":[],"class_list":{"0":"post-60692","1":"product","2":"type-product","3":"status-publish","4":"has-post-thumbnail","6":"product_cat-2018-de","7":"product_cat-genf","8":"pa_condition-cancelled","9":"pa_condition-mint-de","11":"first","12":"instock","13":"shipping-taxable","14":"purchasable","15":"product-type-variable"},"yoast_head":"<!-- This site is optimized with the Yoast SEO plugin v27.3 - https:\/\/yoast.com\/product\/yoast-seo-wordpress\/ -->\n<title>GE Dauermarke 2018 \u2013 CHF 2,00 Ganzer Bogen - UN Briefmarken<\/title>\n<meta name=\"robots\" content=\"index, follow, max-snippet:-1, max-image-preview:large, max-video-preview:-1\" \/>\n<link rel=\"canonical\" href=\"https:\/\/unstamps.org\/de\/produkt\/ge-dauermarke-2018-chf-200-ganzer-bogen\/\" \/>\n<meta property=\"og:locale\" content=\"de_DE\" \/>\n<meta property=\"og:type\" content=\"article\" \/>\n<meta property=\"og:title\" content=\"GE Dauermarke 2018 \u2013 CHF 2,00 Ganzer Bogen - UN Briefmarken\" \/>\n<meta property=\"og:description\" content=\"Im November 2009 deklarierte die Generalversammlung der Vereinten Nationen den 18. Juli zum \u201a\u201aInternationalen Nelson-Mandela-Tag\u201c in Anerkennung des Beitrags, den der s\u00fcdafrikanische Pr\u00e4sident zur Kultur von Frieden und Freiheit geleistet hat. Die Vereinten Nationen w\u00fcrdigen Nelson Mandelas Wertvorstellungen und sein Engagement im Dienste der Menschheit, insbesondere in den Bereichen Konfliktl\u00f6sung, Rassenbeziehungen, F\u00f6rderung und Schutz der [&hellip;]\" \/>\n<meta property=\"og:url\" content=\"https:\/\/unstamps.org\/de\/produkt\/ge-dauermarke-2018-chf-200-ganzer-bogen\/\" \/>\n<meta property=\"og:site_name\" content=\"UN Briefmarken\" \/>\n<meta property=\"article:modified_time\" content=\"2026-01-09T15:09:00+00:00\" \/>\n<meta property=\"og:image\" content=\"https:\/\/unstamps.org\/wp-content\/uploads\/2018\/06\/N.Mandela_GE-2.00-full-sheet.jpg\" \/>\n\t<meta property=\"og:image:width\" content=\"1024\" \/>\n\t<meta property=\"og:image:height\" content=\"1024\" \/>\n\t<meta property=\"og:image:type\" content=\"image\/jpeg\" \/>\n<meta name=\"twitter:card\" content=\"summary_large_image\" \/>\n<meta name=\"twitter:label1\" content=\"Gesch\u00e4tzte Lesezeit\" \/>\n\t<meta name=\"twitter:data1\" content=\"1 minute\" \/>\n<script type=\"application\/ld+json\" class=\"yoast-schema-graph\">{\"@context\":\"https:\\\/\\\/schema.org\",\"@graph\":[{\"@type\":\"WebPage\",\"@id\":\"https:\\\/\\\/unstamps.org\\\/de\\\/produkt\\\/ge-dauermarke-2018-chf-200-ganzer-bogen\\\/\",\"url\":\"https:\\\/\\\/unstamps.org\\\/de\\\/produkt\\\/ge-dauermarke-2018-chf-200-ganzer-bogen\\\/\",\"name\":\"GE Dauermarke 2018 \u2013 CHF 2,00 Ganzer Bogen - UN Briefmarken\",\"isPartOf\":{\"@id\":\"https:\\\/\\\/unstamps.org\\\/de\\\/#website\"},\"primaryImageOfPage\":{\"@id\":\"https:\\\/\\\/unstamps.org\\\/de\\\/produkt\\\/ge-dauermarke-2018-chf-200-ganzer-bogen\\\/#primaryimage\"},\"image\":{\"@id\":\"https:\\\/\\\/unstamps.org\\\/de\\\/produkt\\\/ge-dauermarke-2018-chf-200-ganzer-bogen\\\/#primaryimage\"},\"thumbnailUrl\":\"https:\\\/\\\/unstamps.org\\\/wp-content\\\/uploads\\\/2018\\\/06\\\/N.Mandela_GE-2.00-full-sheet.jpg\",\"datePublished\":\"2018-07-17T13:38:20+00:00\",\"dateModified\":\"2026-01-09T15:09:00+00:00\",\"breadcrumb\":{\"@id\":\"https:\\\/\\\/unstamps.org\\\/de\\\/produkt\\\/ge-dauermarke-2018-chf-200-ganzer-bogen\\\/#breadcrumb\"},\"inLanguage\":\"de-DE\",\"potentialAction\":[{\"@type\":\"ReadAction\",\"target\":[\"https:\\\/\\\/unstamps.org\\\/de\\\/produkt\\\/ge-dauermarke-2018-chf-200-ganzer-bogen\\\/\"]}]},{\"@type\":\"ImageObject\",\"inLanguage\":\"de-DE\",\"@id\":\"https:\\\/\\\/unstamps.org\\\/de\\\/produkt\\\/ge-dauermarke-2018-chf-200-ganzer-bogen\\\/#primaryimage\",\"url\":\"https:\\\/\\\/unstamps.org\\\/wp-content\\\/uploads\\\/2018\\\/06\\\/N.Mandela_GE-2.00-full-sheet.jpg\",\"contentUrl\":\"https:\\\/\\\/unstamps.org\\\/wp-content\\\/uploads\\\/2018\\\/06\\\/N.Mandela_GE-2.00-full-sheet.jpg\",\"width\":1024,\"height\":1024},{\"@type\":\"BreadcrumbList\",\"@id\":\"https:\\\/\\\/unstamps.org\\\/de\\\/produkt\\\/ge-dauermarke-2018-chf-200-ganzer-bogen\\\/#breadcrumb\",\"itemListElement\":[{\"@type\":\"ListItem\",\"position\":1,\"name\":\"Home\",\"item\":\"https:\\\/\\\/unstamps.org\\\/de\\\/\"},{\"@type\":\"ListItem\",\"position\":2,\"name\":\"Produkte\",\"item\":\"https:\\\/\\\/unstamps.org\\\/de\\\/produkte\\\/\"},{\"@type\":\"ListItem\",\"position\":3,\"name\":\"GE Dauermarke 2018 \u2013 CHF 2,00 Ganzer Bogen\"}]},{\"@type\":\"WebSite\",\"@id\":\"https:\\\/\\\/unstamps.org\\\/de\\\/#website\",\"url\":\"https:\\\/\\\/unstamps.org\\\/de\\\/\",\"name\":\"UN Stamps\",\"description\":\"United Nations Stamps\",\"publisher\":{\"@id\":\"https:\\\/\\\/unstamps.org\\\/de\\\/#organization\"},\"potentialAction\":[{\"@type\":\"SearchAction\",\"target\":{\"@type\":\"EntryPoint\",\"urlTemplate\":\"https:\\\/\\\/unstamps.org\\\/de\\\/?s={search_term_string}\"},\"query-input\":{\"@type\":\"PropertyValueSpecification\",\"valueRequired\":true,\"valueName\":\"search_term_string\"}}],\"inLanguage\":\"de-DE\"},{\"@type\":\"Organization\",\"@id\":\"https:\\\/\\\/unstamps.org\\\/de\\\/#organization\",\"name\":\"UN Stamps\",\"url\":\"https:\\\/\\\/unstamps.org\\\/de\\\/\",\"logo\":{\"@type\":\"ImageObject\",\"inLanguage\":\"de-DE\",\"@id\":\"https:\\\/\\\/unstamps.org\\\/de\\\/#\\\/schema\\\/logo\\\/image\\\/\",\"url\":\"https:\\\/\\\/unstamps.org\\\/wp-content\\\/uploads\\\/2014\\\/01\\\/logo4web.jpg\",\"contentUrl\":\"https:\\\/\\\/unstamps.org\\\/wp-content\\\/uploads\\\/2014\\\/01\\\/logo4web.jpg\",\"width\":2500,\"height\":250,\"caption\":\"UN Stamps\"},\"image\":{\"@id\":\"https:\\\/\\\/unstamps.org\\\/de\\\/#\\\/schema\\\/logo\\\/image\\\/\"}}]}<\/script>\n<!-- \/ Yoast SEO plugin. -->","yoast_head_json":{"title":"GE Dauermarke 2018 \u2013 CHF 2,00 Ganzer Bogen - UN Briefmarken","robots":{"index":"index","follow":"follow","max-snippet":"max-snippet:-1","max-image-preview":"max-image-preview:large","max-video-preview":"max-video-preview:-1"},"canonical":"https:\/\/unstamps.org\/de\/produkt\/ge-dauermarke-2018-chf-200-ganzer-bogen\/","og_locale":"de_DE","og_type":"article","og_title":"GE Dauermarke 2018 \u2013 CHF 2,00 Ganzer Bogen - UN Briefmarken","og_description":"Im November 2009 deklarierte die Generalversammlung der Vereinten Nationen den 18. Juli zum \u201a\u201aInternationalen Nelson-Mandela-Tag\u201c in Anerkennung des Beitrags, den der s\u00fcdafrikanische Pr\u00e4sident zur Kultur von Frieden und Freiheit geleistet hat. Die Vereinten Nationen w\u00fcrdigen Nelson Mandelas Wertvorstellungen und sein Engagement im Dienste der Menschheit, insbesondere in den Bereichen Konfliktl\u00f6sung, Rassenbeziehungen, F\u00f6rderung und Schutz der [&hellip;]","og_url":"https:\/\/unstamps.org\/de\/produkt\/ge-dauermarke-2018-chf-200-ganzer-bogen\/","og_site_name":"UN Briefmarken","article_modified_time":"2026-01-09T15:09:00+00:00","og_image":[{"width":1024,"height":1024,"url":"https:\/\/unstamps.org\/wp-content\/uploads\/2018\/06\/N.Mandela_GE-2.00-full-sheet.jpg","type":"image\/jpeg"}],"twitter_card":"summary_large_image","twitter_misc":{"Gesch\u00e4tzte Lesezeit":"1 minute"},"schema":{"@context":"https:\/\/schema.org","@graph":[{"@type":"WebPage","@id":"https:\/\/unstamps.org\/de\/produkt\/ge-dauermarke-2018-chf-200-ganzer-bogen\/","url":"https:\/\/unstamps.org\/de\/produkt\/ge-dauermarke-2018-chf-200-ganzer-bogen\/","name":"GE Dauermarke 2018 \u2013 CHF 2,00 Ganzer Bogen - UN Briefmarken","isPartOf":{"@id":"https:\/\/unstamps.org\/de\/#website"},"primaryImageOfPage":{"@id":"https:\/\/unstamps.org\/de\/produkt\/ge-dauermarke-2018-chf-200-ganzer-bogen\/#primaryimage"},"image":{"@id":"https:\/\/unstamps.org\/de\/produkt\/ge-dauermarke-2018-chf-200-ganzer-bogen\/#primaryimage"},"thumbnailUrl":"https:\/\/unstamps.org\/wp-content\/uploads\/2018\/06\/N.Mandela_GE-2.00-full-sheet.jpg","datePublished":"2018-07-17T13:38:20+00:00","dateModified":"2026-01-09T15:09:00+00:00","breadcrumb":{"@id":"https:\/\/unstamps.org\/de\/produkt\/ge-dauermarke-2018-chf-200-ganzer-bogen\/#breadcrumb"},"inLanguage":"de-DE","potentialAction":[{"@type":"ReadAction","target":["https:\/\/unstamps.org\/de\/produkt\/ge-dauermarke-2018-chf-200-ganzer-bogen\/"]}]},{"@type":"ImageObject","inLanguage":"de-DE","@id":"https:\/\/unstamps.org\/de\/produkt\/ge-dauermarke-2018-chf-200-ganzer-bogen\/#primaryimage","url":"https:\/\/unstamps.org\/wp-content\/uploads\/2018\/06\/N.Mandela_GE-2.00-full-sheet.jpg","contentUrl":"https:\/\/unstamps.org\/wp-content\/uploads\/2018\/06\/N.Mandela_GE-2.00-full-sheet.jpg","width":1024,"height":1024},{"@type":"BreadcrumbList","@id":"https:\/\/unstamps.org\/de\/produkt\/ge-dauermarke-2018-chf-200-ganzer-bogen\/#breadcrumb","itemListElement":[{"@type":"ListItem","position":1,"name":"Home","item":"https:\/\/unstamps.org\/de\/"},{"@type":"ListItem","position":2,"name":"Produkte","item":"https:\/\/unstamps.org\/de\/produkte\/"},{"@type":"ListItem","position":3,"name":"GE Dauermarke 2018 \u2013 CHF 2,00 Ganzer Bogen"}]},{"@type":"WebSite","@id":"https:\/\/unstamps.org\/de\/#website","url":"https:\/\/unstamps.org\/de\/","name":"UN Stamps","description":"United Nations Stamps","publisher":{"@id":"https:\/\/unstamps.org\/de\/#organization"},"potentialAction":[{"@type":"SearchAction","target":{"@type":"EntryPoint","urlTemplate":"https:\/\/unstamps.org\/de\/?s={search_term_string}"},"query-input":{"@type":"PropertyValueSpecification","valueRequired":true,"valueName":"search_term_string"}}],"inLanguage":"de-DE"},{"@type":"Organization","@id":"https:\/\/unstamps.org\/de\/#organization","name":"UN Stamps","url":"https:\/\/unstamps.org\/de\/","logo":{"@type":"ImageObject","inLanguage":"de-DE","@id":"https:\/\/unstamps.org\/de\/#\/schema\/logo\/image\/","url":"https:\/\/unstamps.org\/wp-content\/uploads\/2014\/01\/logo4web.jpg","contentUrl":"https:\/\/unstamps.org\/wp-content\/uploads\/2014\/01\/logo4web.jpg","width":2500,"height":250,"caption":"UN Stamps"},"image":{"@id":"https:\/\/unstamps.org\/de\/#\/schema\/logo\/image\/"}}]}},"jetpack_sharing_enabled":true,"publishpress_future_action":{"enabled":false,"date":"2026-04-12 14:29:21","action":"change-status","newStatus":"private","terms":[],"taxonomy":"product_cat","extraData":[]},"publishpress_future_workflow_manual_trigger":{"enabledWorkflows":[]},"_links":{"self":[{"href":"https:\/\/unstamps.org\/de\/wp-json\/wp\/v2\/product\/60692","targetHints":{"allow":["GET"]}}],"collection":[{"href":"https:\/\/unstamps.org\/de\/wp-json\/wp\/v2\/product"}],"about":[{"href":"https:\/\/unstamps.org\/de\/wp-json\/wp\/v2\/types\/product"}],"replies":[{"embeddable":true,"href":"https:\/\/unstamps.org\/de\/wp-json\/wp\/v2\/comments?post=60692"}],"wp:featuredmedia":[{"embeddable":true,"href":"https:\/\/unstamps.org\/de\/wp-json\/wp\/v2\/media\/58416"}],"wp:attachment":[{"href":"https:\/\/unstamps.org\/de\/wp-json\/wp\/v2\/media?parent=60692"}],"wp:term":[{"taxonomy":"product_brand","embeddable":true,"href":"https:\/\/unstamps.org\/de\/wp-json\/wp\/v2\/product_brand?post=60692"},{"taxonomy":"product_cat","embeddable":true,"href":"https:\/\/unstamps.org\/de\/wp-json\/wp\/v2\/product_cat?post=60692"},{"taxonomy":"product_tag","embeddable":true,"href":"https:\/\/unstamps.org\/de\/wp-json\/wp\/v2\/product_tag?post=60692"}],"curies":[{"name":"wp","href":"https:\/\/api.w.org\/{rel}","templated":true}]}}