{"id":57746,"date":"2018-05-29T13:18:15","date_gmt":"2018-05-29T17:18:15","guid":{"rendered":"https:\/\/unstamps.org\/?post_type=product&#038;p=57746"},"modified":"2026-01-09T10:09:00","modified_gmt":"2026-01-09T15:09:00","slug":"ny-dauermarke-2018-us-065-ganzer-bogen","status":"publish","type":"product","link":"https:\/\/unstamps.org\/de\/produkt\/ny-dauermarke-2018-us-065-ganzer-bogen\/","title":{"rendered":"NY Dauermarke 2018 \u2013 US$ 0,65 Ganzer Bogen"},"content":{"rendered":"<h2><strong>Was tun Sie f\u00fcr den Frieden?<\/strong><\/h2>\n<p>Die Vereinten Nationen starteten am 17. September 2015 eine weltweite Kampagne, welche die verschiedenen beruflichen Entwicklungsm\u00f6glichkeiten bei den Vereinten Nationen in den Mittelpunkt stellen und die Mitarbeiter der Organisation als deren gr\u00f6\u00dftes Kapital feiern sollte. Die Luftaufnahmen wurden an einem herrlich sonnigen Tag gemacht, und \u00fcber 1000 Mitarbeiter aus vielen unterschiedlichen Abteilungen und B\u00fcros am UN-Hauptsitz nahmen an dem Event teil. Ganz in Wei\u00df gekleidet bildeten sie vor dem Sekretariatsgeb\u00e4ude einen Kreis und formten die Buchstaben des Slogans der Kampagne \u201eWhat R U doing 4 peace? \/ Que faites-vous pour la paix?\u201c auf Englisch und Franz\u00f6sisch.<\/p>\n<p>In der symbolischen Farbe des Friedens vereinten sich die Teilnehmer des Events und schufen so zwei Bilder, die an die \u201eRaison d\u2019\u011atre\u201c, die Existenzberechtigung, der Vereinten Nationen erinnern, denn die Arbeit f\u00fcr den Frieden steht im Zentrum ihrer t\u00e4glichen Arbeit. Der Event, Ergebnis einer gro\u00dfartigen Koordinierungsleistung, die zwei symboltr\u00e4chtige Fotos mit den beiden UN-Arbeitssprachen erm\u00f6glichte, markiert auch das 70-j\u00e4hrige Jubil\u00e4um der Vereinten Nationen.<\/p>\n<p>Der Luftaufnahmen-Event wurde von der Abteilung Personal f\u00fcr Feldeins\u00e4tze der Hauptabteilung Unterst\u00fctzung der Feldeins\u00e4tze (DFS) organisiert. Das Konzept f\u00fcr die Bilder entstand dank eines \u201esky\u2019s the limit\u201c- Briefings (Alles ist m\u00f6glich), das von der damaligen Kabinettschefin Susana Malcorra unterst\u00fctzt wurde. Der Event wurde gezielt eingesetzt, um das Interesse auf die unterschiedlichen UN-Berufslaufbahnen zu richten, die die Vereinten Nationen in vielen Bereichen an zahlreichen Orten der Welt er\u00f6ffnen.<\/p>\n<p>Am 29. Mai 2018, dem Internationalen Tag der Friedenstruppen der Vereinten Nationen, gibt die UNPA zu Ehren all jener Menschen, die unerm\u00fcdlich f\u00fcr den Frieden arbeiten, eine Dauermarke zu US$ 0,65 heraus.<\/p>\n<p><strong>Ausgabedatum: <\/strong>29. Mai 2018<br \/>\n<strong>Beschreibung: <\/strong>Was tun Sie f\u00fcr den Frieden?<br \/>\n<strong>Entwurf: <\/strong>Rorie Katz (Vereinte Nationen)<br \/>\n<strong>Photo: <\/strong>UN Photo\/Rick Bajornas<br \/>\n<strong>Nennwert: <\/strong>US$ 0,65<br \/>\n<strong>Markenformat: <\/strong>35mm x 50mm<br \/>\n<strong>Marken pro Bogen: <\/strong>20<br \/>\n<strong>Druck: <\/strong>Lowe-Martin Group (Kanada)<br \/>\n<strong>Druckverfahren: <\/strong>Offset Lithographie \u2013 (Hexachrome)<br \/>\n<strong>Z\u00e4hnung: <\/strong>13.1<br \/>\n<strong>Auflage: <\/strong>13.500 Bogen (270.000 Marken)<\/p>\n","protected":false},"excerpt":{"rendered":"<p>Was tun Sie f\u00fcr den Frieden? Die Vereinten Nationen starteten am 17. September 2015 eine weltweite Kampagne, welche die verschiedenen beruflichen Entwicklungsm\u00f6glichkeiten bei den Vereinten Nationen in den Mittelpunkt stellen und die Mitarbeiter der Organisation als deren gr\u00f6\u00dftes Kapital feiern sollte. Die Luftaufnahmen wurden an einem herrlich sonnigen Tag gemacht, und \u00fcber 1000 Mitarbeiter aus [&hellip;]<\/p>\n","protected":false},"featured_media":57820,"comment_status":"closed","ping_status":"closed","template":"","meta":{"ngg_post_thumbnail":0},"product_brand":[],"product_cat":[960,114],"product_tag":[],"class_list":{"0":"post-57746","1":"product","2":"type-product","3":"status-publish","4":"has-post-thumbnail","6":"product_cat-2018-de","7":"product_cat-new-york-issuing-office-de","8":"pa_condition-cancelled","9":"pa_condition-mint-de","11":"first","12":"instock","13":"shipping-taxable","14":"purchasable","15":"product-type-variable"},"yoast_head":"<!-- This site is optimized with the Yoast SEO plugin v27.4 - https:\/\/yoast.com\/product\/yoast-seo-wordpress\/ -->\n<title>NY Dauermarke 2018 \u2013 US$ 0,65 Ganzer Bogen - UN Briefmarken<\/title>\n<meta name=\"robots\" content=\"index, follow, max-snippet:-1, max-image-preview:large, max-video-preview:-1\" \/>\n<link rel=\"canonical\" href=\"https:\/\/unstamps.org\/de\/produkt\/ny-dauermarke-2018-us-065-ganzer-bogen\/\" \/>\n<meta property=\"og:locale\" content=\"de_DE\" \/>\n<meta property=\"og:type\" content=\"article\" \/>\n<meta property=\"og:title\" content=\"NY Dauermarke 2018 \u2013 US$ 0,65 Ganzer Bogen - UN Briefmarken\" \/>\n<meta property=\"og:description\" content=\"Was tun Sie f\u00fcr den Frieden? Die Vereinten Nationen starteten am 17. September 2015 eine weltweite Kampagne, welche die verschiedenen beruflichen Entwicklungsm\u00f6glichkeiten bei den Vereinten Nationen in den Mittelpunkt stellen und die Mitarbeiter der Organisation als deren gr\u00f6\u00dftes Kapital feiern sollte. Die Luftaufnahmen wurden an einem herrlich sonnigen Tag gemacht, und \u00fcber 1000 Mitarbeiter aus [&hellip;]\" \/>\n<meta property=\"og:url\" content=\"https:\/\/unstamps.org\/de\/produkt\/ny-dauermarke-2018-us-065-ganzer-bogen\/\" \/>\n<meta property=\"og:site_name\" content=\"UN Briefmarken\" \/>\n<meta property=\"article:modified_time\" content=\"2026-01-09T15:09:00+00:00\" \/>\n<meta property=\"og:image\" content=\"https:\/\/unstamps.org\/wp-content\/uploads\/2018\/05\/WRUDFP18_NY-0.65-sheet.jpg\" \/>\n\t<meta property=\"og:image:width\" content=\"1024\" \/>\n\t<meta property=\"og:image:height\" content=\"1024\" \/>\n\t<meta property=\"og:image:type\" content=\"image\/jpeg\" \/>\n<meta name=\"twitter:card\" content=\"summary_large_image\" \/>\n<meta name=\"twitter:label1\" content=\"Gesch\u00e4tzte Lesezeit\" \/>\n\t<meta name=\"twitter:data1\" content=\"2 minutes\" \/>\n<script type=\"application\/ld+json\" class=\"yoast-schema-graph\">{\"@context\":\"https:\\\/\\\/schema.org\",\"@graph\":[{\"@type\":\"WebPage\",\"@id\":\"https:\\\/\\\/unstamps.org\\\/de\\\/produkt\\\/ny-dauermarke-2018-us-065-ganzer-bogen\\\/\",\"url\":\"https:\\\/\\\/unstamps.org\\\/de\\\/produkt\\\/ny-dauermarke-2018-us-065-ganzer-bogen\\\/\",\"name\":\"NY Dauermarke 2018 \u2013 US$ 0,65 Ganzer Bogen - UN Briefmarken\",\"isPartOf\":{\"@id\":\"https:\\\/\\\/unstamps.org\\\/de\\\/#website\"},\"primaryImageOfPage\":{\"@id\":\"https:\\\/\\\/unstamps.org\\\/de\\\/produkt\\\/ny-dauermarke-2018-us-065-ganzer-bogen\\\/#primaryimage\"},\"image\":{\"@id\":\"https:\\\/\\\/unstamps.org\\\/de\\\/produkt\\\/ny-dauermarke-2018-us-065-ganzer-bogen\\\/#primaryimage\"},\"thumbnailUrl\":\"https:\\\/\\\/unstamps.org\\\/wp-content\\\/uploads\\\/2018\\\/05\\\/WRUDFP18_NY-0.65-sheet.jpg\",\"datePublished\":\"2018-05-29T17:18:15+00:00\",\"dateModified\":\"2026-01-09T15:09:00+00:00\",\"breadcrumb\":{\"@id\":\"https:\\\/\\\/unstamps.org\\\/de\\\/produkt\\\/ny-dauermarke-2018-us-065-ganzer-bogen\\\/#breadcrumb\"},\"inLanguage\":\"de-DE\",\"potentialAction\":[{\"@type\":\"ReadAction\",\"target\":[\"https:\\\/\\\/unstamps.org\\\/de\\\/produkt\\\/ny-dauermarke-2018-us-065-ganzer-bogen\\\/\"]}]},{\"@type\":\"ImageObject\",\"inLanguage\":\"de-DE\",\"@id\":\"https:\\\/\\\/unstamps.org\\\/de\\\/produkt\\\/ny-dauermarke-2018-us-065-ganzer-bogen\\\/#primaryimage\",\"url\":\"https:\\\/\\\/unstamps.org\\\/wp-content\\\/uploads\\\/2018\\\/05\\\/WRUDFP18_NY-0.65-sheet.jpg\",\"contentUrl\":\"https:\\\/\\\/unstamps.org\\\/wp-content\\\/uploads\\\/2018\\\/05\\\/WRUDFP18_NY-0.65-sheet.jpg\",\"width\":1024,\"height\":1024},{\"@type\":\"BreadcrumbList\",\"@id\":\"https:\\\/\\\/unstamps.org\\\/de\\\/produkt\\\/ny-dauermarke-2018-us-065-ganzer-bogen\\\/#breadcrumb\",\"itemListElement\":[{\"@type\":\"ListItem\",\"position\":1,\"name\":\"Home\",\"item\":\"https:\\\/\\\/unstamps.org\\\/de\\\/\"},{\"@type\":\"ListItem\",\"position\":2,\"name\":\"Produkte\",\"item\":\"https:\\\/\\\/unstamps.org\\\/de\\\/produkte\\\/\"},{\"@type\":\"ListItem\",\"position\":3,\"name\":\"NY Dauermarke 2018 \u2013 US$ 0,65 Ganzer Bogen\"}]},{\"@type\":\"WebSite\",\"@id\":\"https:\\\/\\\/unstamps.org\\\/de\\\/#website\",\"url\":\"https:\\\/\\\/unstamps.org\\\/de\\\/\",\"name\":\"UN Stamps\",\"description\":\"United Nations Stamps\",\"publisher\":{\"@id\":\"https:\\\/\\\/unstamps.org\\\/de\\\/#organization\"},\"potentialAction\":[{\"@type\":\"SearchAction\",\"target\":{\"@type\":\"EntryPoint\",\"urlTemplate\":\"https:\\\/\\\/unstamps.org\\\/de\\\/?s={search_term_string}\"},\"query-input\":{\"@type\":\"PropertyValueSpecification\",\"valueRequired\":true,\"valueName\":\"search_term_string\"}}],\"inLanguage\":\"de-DE\"},{\"@type\":\"Organization\",\"@id\":\"https:\\\/\\\/unstamps.org\\\/de\\\/#organization\",\"name\":\"UN Stamps\",\"url\":\"https:\\\/\\\/unstamps.org\\\/de\\\/\",\"logo\":{\"@type\":\"ImageObject\",\"inLanguage\":\"de-DE\",\"@id\":\"https:\\\/\\\/unstamps.org\\\/de\\\/#\\\/schema\\\/logo\\\/image\\\/\",\"url\":\"https:\\\/\\\/unstamps.org\\\/wp-content\\\/uploads\\\/2014\\\/01\\\/logo4web.jpg\",\"contentUrl\":\"https:\\\/\\\/unstamps.org\\\/wp-content\\\/uploads\\\/2014\\\/01\\\/logo4web.jpg\",\"width\":2500,\"height\":250,\"caption\":\"UN Stamps\"},\"image\":{\"@id\":\"https:\\\/\\\/unstamps.org\\\/de\\\/#\\\/schema\\\/logo\\\/image\\\/\"}}]}<\/script>\n<!-- \/ Yoast SEO plugin. -->","yoast_head_json":{"title":"NY Dauermarke 2018 \u2013 US$ 0,65 Ganzer Bogen - UN Briefmarken","robots":{"index":"index","follow":"follow","max-snippet":"max-snippet:-1","max-image-preview":"max-image-preview:large","max-video-preview":"max-video-preview:-1"},"canonical":"https:\/\/unstamps.org\/de\/produkt\/ny-dauermarke-2018-us-065-ganzer-bogen\/","og_locale":"de_DE","og_type":"article","og_title":"NY Dauermarke 2018 \u2013 US$ 0,65 Ganzer Bogen - UN Briefmarken","og_description":"Was tun Sie f\u00fcr den Frieden? Die Vereinten Nationen starteten am 17. September 2015 eine weltweite Kampagne, welche die verschiedenen beruflichen Entwicklungsm\u00f6glichkeiten bei den Vereinten Nationen in den Mittelpunkt stellen und die Mitarbeiter der Organisation als deren gr\u00f6\u00dftes Kapital feiern sollte. Die Luftaufnahmen wurden an einem herrlich sonnigen Tag gemacht, und \u00fcber 1000 Mitarbeiter aus [&hellip;]","og_url":"https:\/\/unstamps.org\/de\/produkt\/ny-dauermarke-2018-us-065-ganzer-bogen\/","og_site_name":"UN Briefmarken","article_modified_time":"2026-01-09T15:09:00+00:00","og_image":[{"width":1024,"height":1024,"url":"https:\/\/unstamps.org\/wp-content\/uploads\/2018\/05\/WRUDFP18_NY-0.65-sheet.jpg","type":"image\/jpeg"}],"twitter_card":"summary_large_image","twitter_misc":{"Gesch\u00e4tzte Lesezeit":"2 minutes"},"schema":{"@context":"https:\/\/schema.org","@graph":[{"@type":"WebPage","@id":"https:\/\/unstamps.org\/de\/produkt\/ny-dauermarke-2018-us-065-ganzer-bogen\/","url":"https:\/\/unstamps.org\/de\/produkt\/ny-dauermarke-2018-us-065-ganzer-bogen\/","name":"NY Dauermarke 2018 \u2013 US$ 0,65 Ganzer Bogen - UN Briefmarken","isPartOf":{"@id":"https:\/\/unstamps.org\/de\/#website"},"primaryImageOfPage":{"@id":"https:\/\/unstamps.org\/de\/produkt\/ny-dauermarke-2018-us-065-ganzer-bogen\/#primaryimage"},"image":{"@id":"https:\/\/unstamps.org\/de\/produkt\/ny-dauermarke-2018-us-065-ganzer-bogen\/#primaryimage"},"thumbnailUrl":"https:\/\/unstamps.org\/wp-content\/uploads\/2018\/05\/WRUDFP18_NY-0.65-sheet.jpg","datePublished":"2018-05-29T17:18:15+00:00","dateModified":"2026-01-09T15:09:00+00:00","breadcrumb":{"@id":"https:\/\/unstamps.org\/de\/produkt\/ny-dauermarke-2018-us-065-ganzer-bogen\/#breadcrumb"},"inLanguage":"de-DE","potentialAction":[{"@type":"ReadAction","target":["https:\/\/unstamps.org\/de\/produkt\/ny-dauermarke-2018-us-065-ganzer-bogen\/"]}]},{"@type":"ImageObject","inLanguage":"de-DE","@id":"https:\/\/unstamps.org\/de\/produkt\/ny-dauermarke-2018-us-065-ganzer-bogen\/#primaryimage","url":"https:\/\/unstamps.org\/wp-content\/uploads\/2018\/05\/WRUDFP18_NY-0.65-sheet.jpg","contentUrl":"https:\/\/unstamps.org\/wp-content\/uploads\/2018\/05\/WRUDFP18_NY-0.65-sheet.jpg","width":1024,"height":1024},{"@type":"BreadcrumbList","@id":"https:\/\/unstamps.org\/de\/produkt\/ny-dauermarke-2018-us-065-ganzer-bogen\/#breadcrumb","itemListElement":[{"@type":"ListItem","position":1,"name":"Home","item":"https:\/\/unstamps.org\/de\/"},{"@type":"ListItem","position":2,"name":"Produkte","item":"https:\/\/unstamps.org\/de\/produkte\/"},{"@type":"ListItem","position":3,"name":"NY Dauermarke 2018 \u2013 US$ 0,65 Ganzer Bogen"}]},{"@type":"WebSite","@id":"https:\/\/unstamps.org\/de\/#website","url":"https:\/\/unstamps.org\/de\/","name":"UN Stamps","description":"United Nations Stamps","publisher":{"@id":"https:\/\/unstamps.org\/de\/#organization"},"potentialAction":[{"@type":"SearchAction","target":{"@type":"EntryPoint","urlTemplate":"https:\/\/unstamps.org\/de\/?s={search_term_string}"},"query-input":{"@type":"PropertyValueSpecification","valueRequired":true,"valueName":"search_term_string"}}],"inLanguage":"de-DE"},{"@type":"Organization","@id":"https:\/\/unstamps.org\/de\/#organization","name":"UN Stamps","url":"https:\/\/unstamps.org\/de\/","logo":{"@type":"ImageObject","inLanguage":"de-DE","@id":"https:\/\/unstamps.org\/de\/#\/schema\/logo\/image\/","url":"https:\/\/unstamps.org\/wp-content\/uploads\/2014\/01\/logo4web.jpg","contentUrl":"https:\/\/unstamps.org\/wp-content\/uploads\/2014\/01\/logo4web.jpg","width":2500,"height":250,"caption":"UN Stamps"},"image":{"@id":"https:\/\/unstamps.org\/de\/#\/schema\/logo\/image\/"}}]}},"jetpack_sharing_enabled":true,"publishpress_future_action":{"enabled":false,"date":"2026-04-29 11:05:55","action":"change-status","newStatus":"private","terms":[],"taxonomy":"product_cat","extraData":[]},"publishpress_future_workflow_manual_trigger":{"enabledWorkflows":[]},"_links":{"self":[{"href":"https:\/\/unstamps.org\/de\/wp-json\/wp\/v2\/product\/57746","targetHints":{"allow":["GET"]}}],"collection":[{"href":"https:\/\/unstamps.org\/de\/wp-json\/wp\/v2\/product"}],"about":[{"href":"https:\/\/unstamps.org\/de\/wp-json\/wp\/v2\/types\/product"}],"replies":[{"embeddable":true,"href":"https:\/\/unstamps.org\/de\/wp-json\/wp\/v2\/comments?post=57746"}],"wp:featuredmedia":[{"embeddable":true,"href":"https:\/\/unstamps.org\/de\/wp-json\/wp\/v2\/media\/57820"}],"wp:attachment":[{"href":"https:\/\/unstamps.org\/de\/wp-json\/wp\/v2\/media?parent=57746"}],"wp:term":[{"taxonomy":"product_brand","embeddable":true,"href":"https:\/\/unstamps.org\/de\/wp-json\/wp\/v2\/product_brand?post=57746"},{"taxonomy":"product_cat","embeddable":true,"href":"https:\/\/unstamps.org\/de\/wp-json\/wp\/v2\/product_cat?post=57746"},{"taxonomy":"product_tag","embeddable":true,"href":"https:\/\/unstamps.org\/de\/wp-json\/wp\/v2\/product_tag?post=57746"}],"curies":[{"name":"wp","href":"https:\/\/api.w.org\/{rel}","templated":true}]}}