{"id":57186,"date":"2018-05-03T09:02:34","date_gmt":"2018-05-03T13:39:46","guid":{"rendered":"https:\/\/unstamps.org\/?post_type=product&#038;p=57186"},"modified":"2026-01-09T10:09:00","modified_gmt":"2026-01-09T15:09:00","slug":"ny-dauermarke-2018-us-250-ganzer-bogen","status":"publish","type":"product","link":"https:\/\/unstamps.org\/de\/produkt\/ny-dauermarke-2018-us-250-ganzer-bogen\/","title":{"rendered":"NY Dauermarke 2018 \u2013 US$ 2,50 Ganzer Bogen"},"content":{"rendered":"<p><strong>70 Jahre Allgemeine Erkl\u00e4rung der Menschenrechte<\/strong><\/p>\n<p>Die Erkl\u00e4rung wurde am 10. Dezember 1948 von der Generalversammlung der Vereinten Nationen genehmigt und verk\u00fcndet. Verfasst wurde sie von Vertretern mit unterschiedlichem juristischem und kulturellem Hintergrund aus allen Regionen der Welt. Sie legt universelle Werte fest und setzt eine gemeinsame Norm f\u00fcr die Verdienste aller V\u00f6lker und Nationen. Sie legt fest, dass alle Menschen denselben Wert und dieselbe W\u00fcrde besitzen.<\/p>\n<p>Die Erkl\u00e4rung und die Verpflichtung der Staaten, deren Prinzipien einzuhalten, wertete die W\u00fcrde von Millionen Menschen auf und legte die Grundlage f\u00fcr eine gerechtere Welt. Ihr Versprechen ist zwar noch nicht zur G\u00e4nze eingel\u00f6st, doch die blo\u00dfe Tatsache, dass sie die Zeit \u00fcberdauert hat, best\u00e4tigt die universelle G\u00fcltigkeit ihrer immerw\u00e4hrenden Werte.<\/p>\n<p>Die Briefmarke zu US$ 2,50 zeigt Eleanor Roosevelt, die eine der Originalversionen der Erkl\u00e4rung in der Hand h\u00e4lt. Roosevelt war die erste Vorsitzende des UN-Hochkommissariats f\u00fcr Menschenrechte. Sie arbeitete bis an ihr Lebensende f\u00fcr Akzeptanz und Umsetzung der in der Erkl\u00e4rung dargelegten Rechte.<\/p>\n<p>&nbsp;<\/p>\n<p><strong>Ausgabedatum:<\/strong> 3. Mai 2018<br \/>\n<strong>Entwurf:<\/strong> Rorie Katz (Vereinte Nationen)<br \/>\n<strong>Nennwert:<\/strong> US$ 2,50<br \/>\n<strong>Markenformat:<\/strong> 50mm x 35mm<br \/>\n<strong>Marken pro Bogen:<\/strong> 20<br \/>\n<strong>Druck:<\/strong> Lowe-Martin Group (Kanada)<br \/>\n<strong>Druckverfahren:<\/strong> Offset Lithographie &#8211; Hexachrome<br \/>\n<strong>Z\u00e4hnung:<\/strong> 13.1<br \/>\n<strong>Auflage:<\/strong> 5.000 Bogen (100.000 Marken)<\/p>\n","protected":false},"excerpt":{"rendered":"<p>70 Jahre Allgemeine Erkl\u00e4rung der Menschenrechte Die Erkl\u00e4rung wurde am 10. Dezember 1948 von der Generalversammlung der Vereinten Nationen genehmigt und verk\u00fcndet. Verfasst wurde sie von Vertretern mit unterschiedlichem juristischem und kulturellem Hintergrund aus allen Regionen der Welt. Sie legt universelle Werte fest und setzt eine gemeinsame Norm f\u00fcr die Verdienste aller V\u00f6lker und Nationen. [&hellip;]<\/p>\n","protected":false},"featured_media":57293,"comment_status":"closed","ping_status":"closed","template":"","meta":{"ngg_post_thumbnail":0},"product_brand":[],"product_cat":[960,223,114],"product_tag":[],"class_list":{"0":"post-57186","1":"product","2":"type-product","3":"status-publish","4":"has-post-thumbnail","6":"product_cat-2018-de","7":"product_cat-ganzer-bogen","8":"product_cat-new-york-issuing-office-de","9":"pa_condition-cancelled","10":"pa_condition-mint-de","12":"first","13":"instock","14":"shipping-taxable","15":"purchasable","16":"product-type-variable"},"yoast_head":"<!-- This site is optimized with the Yoast SEO plugin v27.4 - https:\/\/yoast.com\/product\/yoast-seo-wordpress\/ -->\n<title>NY Dauermarke 2018 \u2013 US$ 2,50 Ganzer Bogen - UN Briefmarken<\/title>\n<meta name=\"robots\" content=\"index, follow, max-snippet:-1, max-image-preview:large, max-video-preview:-1\" \/>\n<link rel=\"canonical\" href=\"https:\/\/unstamps.org\/de\/produkt\/ny-dauermarke-2018-us-250-ganzer-bogen\/\" \/>\n<meta property=\"og:locale\" content=\"de_DE\" \/>\n<meta property=\"og:type\" content=\"article\" \/>\n<meta property=\"og:title\" content=\"NY Dauermarke 2018 \u2013 US$ 2,50 Ganzer Bogen - UN Briefmarken\" \/>\n<meta property=\"og:description\" content=\"70 Jahre Allgemeine Erkl\u00e4rung der Menschenrechte Die Erkl\u00e4rung wurde am 10. Dezember 1948 von der Generalversammlung der Vereinten Nationen genehmigt und verk\u00fcndet. Verfasst wurde sie von Vertretern mit unterschiedlichem juristischem und kulturellem Hintergrund aus allen Regionen der Welt. Sie legt universelle Werte fest und setzt eine gemeinsame Norm f\u00fcr die Verdienste aller V\u00f6lker und Nationen. [&hellip;]\" \/>\n<meta property=\"og:url\" content=\"https:\/\/unstamps.org\/de\/produkt\/ny-dauermarke-2018-us-250-ganzer-bogen\/\" \/>\n<meta property=\"og:site_name\" content=\"UN Briefmarken\" \/>\n<meta property=\"article:modified_time\" content=\"2026-01-09T15:09:00+00:00\" \/>\n<meta property=\"og:image\" content=\"https:\/\/unstamps.org\/wp-content\/uploads\/2018\/04\/UDOHR18_NY-2.50-sheet.jpg\" \/>\n\t<meta property=\"og:image:width\" content=\"1024\" \/>\n\t<meta property=\"og:image:height\" content=\"1024\" \/>\n\t<meta property=\"og:image:type\" content=\"image\/jpeg\" \/>\n<meta name=\"twitter:card\" content=\"summary_large_image\" \/>\n<meta name=\"twitter:label1\" content=\"Gesch\u00e4tzte Lesezeit\" \/>\n\t<meta name=\"twitter:data1\" content=\"1 minute\" \/>\n<script type=\"application\/ld+json\" class=\"yoast-schema-graph\">{\"@context\":\"https:\\\/\\\/schema.org\",\"@graph\":[{\"@type\":\"WebPage\",\"@id\":\"https:\\\/\\\/unstamps.org\\\/de\\\/produkt\\\/ny-dauermarke-2018-us-250-ganzer-bogen\\\/\",\"url\":\"https:\\\/\\\/unstamps.org\\\/de\\\/produkt\\\/ny-dauermarke-2018-us-250-ganzer-bogen\\\/\",\"name\":\"NY Dauermarke 2018 \u2013 US$ 2,50 Ganzer Bogen - UN Briefmarken\",\"isPartOf\":{\"@id\":\"https:\\\/\\\/unstamps.org\\\/de\\\/#website\"},\"primaryImageOfPage\":{\"@id\":\"https:\\\/\\\/unstamps.org\\\/de\\\/produkt\\\/ny-dauermarke-2018-us-250-ganzer-bogen\\\/#primaryimage\"},\"image\":{\"@id\":\"https:\\\/\\\/unstamps.org\\\/de\\\/produkt\\\/ny-dauermarke-2018-us-250-ganzer-bogen\\\/#primaryimage\"},\"thumbnailUrl\":\"https:\\\/\\\/unstamps.org\\\/wp-content\\\/uploads\\\/2018\\\/04\\\/UDOHR18_NY-2.50-sheet.jpg\",\"datePublished\":\"2018-05-03T13:39:46+00:00\",\"dateModified\":\"2026-01-09T15:09:00+00:00\",\"breadcrumb\":{\"@id\":\"https:\\\/\\\/unstamps.org\\\/de\\\/produkt\\\/ny-dauermarke-2018-us-250-ganzer-bogen\\\/#breadcrumb\"},\"inLanguage\":\"de-DE\",\"potentialAction\":[{\"@type\":\"ReadAction\",\"target\":[\"https:\\\/\\\/unstamps.org\\\/de\\\/produkt\\\/ny-dauermarke-2018-us-250-ganzer-bogen\\\/\"]}]},{\"@type\":\"ImageObject\",\"inLanguage\":\"de-DE\",\"@id\":\"https:\\\/\\\/unstamps.org\\\/de\\\/produkt\\\/ny-dauermarke-2018-us-250-ganzer-bogen\\\/#primaryimage\",\"url\":\"https:\\\/\\\/unstamps.org\\\/wp-content\\\/uploads\\\/2018\\\/04\\\/UDOHR18_NY-2.50-sheet.jpg\",\"contentUrl\":\"https:\\\/\\\/unstamps.org\\\/wp-content\\\/uploads\\\/2018\\\/04\\\/UDOHR18_NY-2.50-sheet.jpg\",\"width\":1024,\"height\":1024},{\"@type\":\"BreadcrumbList\",\"@id\":\"https:\\\/\\\/unstamps.org\\\/de\\\/produkt\\\/ny-dauermarke-2018-us-250-ganzer-bogen\\\/#breadcrumb\",\"itemListElement\":[{\"@type\":\"ListItem\",\"position\":1,\"name\":\"Home\",\"item\":\"https:\\\/\\\/unstamps.org\\\/de\\\/\"},{\"@type\":\"ListItem\",\"position\":2,\"name\":\"Produkte\",\"item\":\"https:\\\/\\\/unstamps.org\\\/de\\\/produkte\\\/\"},{\"@type\":\"ListItem\",\"position\":3,\"name\":\"NY Dauermarke 2018 \u2013 US$ 2,50 Ganzer Bogen\"}]},{\"@type\":\"WebSite\",\"@id\":\"https:\\\/\\\/unstamps.org\\\/de\\\/#website\",\"url\":\"https:\\\/\\\/unstamps.org\\\/de\\\/\",\"name\":\"UN Stamps\",\"description\":\"United Nations Stamps\",\"publisher\":{\"@id\":\"https:\\\/\\\/unstamps.org\\\/de\\\/#organization\"},\"potentialAction\":[{\"@type\":\"SearchAction\",\"target\":{\"@type\":\"EntryPoint\",\"urlTemplate\":\"https:\\\/\\\/unstamps.org\\\/de\\\/?s={search_term_string}\"},\"query-input\":{\"@type\":\"PropertyValueSpecification\",\"valueRequired\":true,\"valueName\":\"search_term_string\"}}],\"inLanguage\":\"de-DE\"},{\"@type\":\"Organization\",\"@id\":\"https:\\\/\\\/unstamps.org\\\/de\\\/#organization\",\"name\":\"UN Stamps\",\"url\":\"https:\\\/\\\/unstamps.org\\\/de\\\/\",\"logo\":{\"@type\":\"ImageObject\",\"inLanguage\":\"de-DE\",\"@id\":\"https:\\\/\\\/unstamps.org\\\/de\\\/#\\\/schema\\\/logo\\\/image\\\/\",\"url\":\"https:\\\/\\\/unstamps.org\\\/wp-content\\\/uploads\\\/2014\\\/01\\\/logo4web.jpg\",\"contentUrl\":\"https:\\\/\\\/unstamps.org\\\/wp-content\\\/uploads\\\/2014\\\/01\\\/logo4web.jpg\",\"width\":2500,\"height\":250,\"caption\":\"UN Stamps\"},\"image\":{\"@id\":\"https:\\\/\\\/unstamps.org\\\/de\\\/#\\\/schema\\\/logo\\\/image\\\/\"}}]}<\/script>\n<!-- \/ Yoast SEO plugin. -->","yoast_head_json":{"title":"NY Dauermarke 2018 \u2013 US$ 2,50 Ganzer Bogen - UN Briefmarken","robots":{"index":"index","follow":"follow","max-snippet":"max-snippet:-1","max-image-preview":"max-image-preview:large","max-video-preview":"max-video-preview:-1"},"canonical":"https:\/\/unstamps.org\/de\/produkt\/ny-dauermarke-2018-us-250-ganzer-bogen\/","og_locale":"de_DE","og_type":"article","og_title":"NY Dauermarke 2018 \u2013 US$ 2,50 Ganzer Bogen - UN Briefmarken","og_description":"70 Jahre Allgemeine Erkl\u00e4rung der Menschenrechte Die Erkl\u00e4rung wurde am 10. Dezember 1948 von der Generalversammlung der Vereinten Nationen genehmigt und verk\u00fcndet. Verfasst wurde sie von Vertretern mit unterschiedlichem juristischem und kulturellem Hintergrund aus allen Regionen der Welt. Sie legt universelle Werte fest und setzt eine gemeinsame Norm f\u00fcr die Verdienste aller V\u00f6lker und Nationen. [&hellip;]","og_url":"https:\/\/unstamps.org\/de\/produkt\/ny-dauermarke-2018-us-250-ganzer-bogen\/","og_site_name":"UN Briefmarken","article_modified_time":"2026-01-09T15:09:00+00:00","og_image":[{"width":1024,"height":1024,"url":"https:\/\/unstamps.org\/wp-content\/uploads\/2018\/04\/UDOHR18_NY-2.50-sheet.jpg","type":"image\/jpeg"}],"twitter_card":"summary_large_image","twitter_misc":{"Gesch\u00e4tzte Lesezeit":"1 minute"},"schema":{"@context":"https:\/\/schema.org","@graph":[{"@type":"WebPage","@id":"https:\/\/unstamps.org\/de\/produkt\/ny-dauermarke-2018-us-250-ganzer-bogen\/","url":"https:\/\/unstamps.org\/de\/produkt\/ny-dauermarke-2018-us-250-ganzer-bogen\/","name":"NY Dauermarke 2018 \u2013 US$ 2,50 Ganzer Bogen - UN Briefmarken","isPartOf":{"@id":"https:\/\/unstamps.org\/de\/#website"},"primaryImageOfPage":{"@id":"https:\/\/unstamps.org\/de\/produkt\/ny-dauermarke-2018-us-250-ganzer-bogen\/#primaryimage"},"image":{"@id":"https:\/\/unstamps.org\/de\/produkt\/ny-dauermarke-2018-us-250-ganzer-bogen\/#primaryimage"},"thumbnailUrl":"https:\/\/unstamps.org\/wp-content\/uploads\/2018\/04\/UDOHR18_NY-2.50-sheet.jpg","datePublished":"2018-05-03T13:39:46+00:00","dateModified":"2026-01-09T15:09:00+00:00","breadcrumb":{"@id":"https:\/\/unstamps.org\/de\/produkt\/ny-dauermarke-2018-us-250-ganzer-bogen\/#breadcrumb"},"inLanguage":"de-DE","potentialAction":[{"@type":"ReadAction","target":["https:\/\/unstamps.org\/de\/produkt\/ny-dauermarke-2018-us-250-ganzer-bogen\/"]}]},{"@type":"ImageObject","inLanguage":"de-DE","@id":"https:\/\/unstamps.org\/de\/produkt\/ny-dauermarke-2018-us-250-ganzer-bogen\/#primaryimage","url":"https:\/\/unstamps.org\/wp-content\/uploads\/2018\/04\/UDOHR18_NY-2.50-sheet.jpg","contentUrl":"https:\/\/unstamps.org\/wp-content\/uploads\/2018\/04\/UDOHR18_NY-2.50-sheet.jpg","width":1024,"height":1024},{"@type":"BreadcrumbList","@id":"https:\/\/unstamps.org\/de\/produkt\/ny-dauermarke-2018-us-250-ganzer-bogen\/#breadcrumb","itemListElement":[{"@type":"ListItem","position":1,"name":"Home","item":"https:\/\/unstamps.org\/de\/"},{"@type":"ListItem","position":2,"name":"Produkte","item":"https:\/\/unstamps.org\/de\/produkte\/"},{"@type":"ListItem","position":3,"name":"NY Dauermarke 2018 \u2013 US$ 2,50 Ganzer Bogen"}]},{"@type":"WebSite","@id":"https:\/\/unstamps.org\/de\/#website","url":"https:\/\/unstamps.org\/de\/","name":"UN Stamps","description":"United Nations Stamps","publisher":{"@id":"https:\/\/unstamps.org\/de\/#organization"},"potentialAction":[{"@type":"SearchAction","target":{"@type":"EntryPoint","urlTemplate":"https:\/\/unstamps.org\/de\/?s={search_term_string}"},"query-input":{"@type":"PropertyValueSpecification","valueRequired":true,"valueName":"search_term_string"}}],"inLanguage":"de-DE"},{"@type":"Organization","@id":"https:\/\/unstamps.org\/de\/#organization","name":"UN Stamps","url":"https:\/\/unstamps.org\/de\/","logo":{"@type":"ImageObject","inLanguage":"de-DE","@id":"https:\/\/unstamps.org\/de\/#\/schema\/logo\/image\/","url":"https:\/\/unstamps.org\/wp-content\/uploads\/2014\/01\/logo4web.jpg","contentUrl":"https:\/\/unstamps.org\/wp-content\/uploads\/2014\/01\/logo4web.jpg","width":2500,"height":250,"caption":"UN Stamps"},"image":{"@id":"https:\/\/unstamps.org\/de\/#\/schema\/logo\/image\/"}}]}},"jetpack_sharing_enabled":true,"publishpress_future_action":{"enabled":false,"date":"2026-04-29 16:41:34","action":"change-status","newStatus":"private","terms":[],"taxonomy":"product_cat","extraData":[]},"publishpress_future_workflow_manual_trigger":{"enabledWorkflows":[]},"_links":{"self":[{"href":"https:\/\/unstamps.org\/de\/wp-json\/wp\/v2\/product\/57186","targetHints":{"allow":["GET"]}}],"collection":[{"href":"https:\/\/unstamps.org\/de\/wp-json\/wp\/v2\/product"}],"about":[{"href":"https:\/\/unstamps.org\/de\/wp-json\/wp\/v2\/types\/product"}],"replies":[{"embeddable":true,"href":"https:\/\/unstamps.org\/de\/wp-json\/wp\/v2\/comments?post=57186"}],"wp:featuredmedia":[{"embeddable":true,"href":"https:\/\/unstamps.org\/de\/wp-json\/wp\/v2\/media\/57293"}],"wp:attachment":[{"href":"https:\/\/unstamps.org\/de\/wp-json\/wp\/v2\/media?parent=57186"}],"wp:term":[{"taxonomy":"product_brand","embeddable":true,"href":"https:\/\/unstamps.org\/de\/wp-json\/wp\/v2\/product_brand?post=57186"},{"taxonomy":"product_cat","embeddable":true,"href":"https:\/\/unstamps.org\/de\/wp-json\/wp\/v2\/product_cat?post=57186"},{"taxonomy":"product_tag","embeddable":true,"href":"https:\/\/unstamps.org\/de\/wp-json\/wp\/v2\/product_tag?post=57186"}],"curies":[{"name":"wp","href":"https:\/\/api.w.org\/{rel}","templated":true}]}}