{"id":2710,"date":"2014-01-08T15:13:56","date_gmt":"2014-01-08T20:13:56","guid":{"rendered":"http:\/\/unstamps.org\/?post_type=product&#038;p=2710"},"modified":"2024-01-26T10:19:41","modified_gmt":"2024-01-26T15:19:41","slug":"2010-ny-dauermarken-2","status":"publish","type":"product","link":"https:\/\/unstamps.org\/de\/produkt\/2010-ny-dauermarken-2\/","title":{"rendered":"2010 NY Dauermarken"},"content":{"rendered":"<p><strong>US$ 0,04 Ganzer Bogen &#8211; Gestempelt<\/strong><\/p>\n<p><strong>Technische Angaben<\/strong><\/p>\n<p><strong>Format:<\/strong>\u00a032 mm waagrecht x 26 mm senkrecht, von Z\u00e4hnung zu Z\u00e4hnung<\/p>\n<p><strong>Z\u00e4hnung:<\/strong>\u00a013<\/p>\n<p><strong>Randinschriften<\/strong><br \/>\nDie waagrechten Bogen, bestehend aus 20 Briefmarken, weisen vier Randinschriften auf, zwei auf dem linken und zwei auf dem rechten Bogenrand. Die Randinschrift besteht jeweils aus dem Emblem der Vereinten Nationen mit dem Text &#8220;Vereinte Nationen&#8221; oberhalb des Emblems und dem Jahr &#8220;2010&#8221; unterhalb des Emblems. Zus\u00e4tzlich erscheint ein Copyright Symbol in der linken unteren Ecke.<\/p>\n<p><strong>Druck<\/strong><br \/>\nDie Briefmarken wurden in Offset von Lowe-Martin Group (Kanada) gedruckt.<\/p>\n<p><strong>Nennwert und Menge<\/strong>: US$ 0,04 400.000 Marken (20.000 Bogen)<\/p>\n<p><strong>Der K\u00fcnstler<\/strong><br \/>\n<img decoding=\"async\" alt=\"Artist\" src=\"http:\/\/unstamps.un.org\/images\/products\/2010_New_York\/Artist.jpg\" \/>Die Entw\u00fcrfe zu den Briefmarken stammen von Christopher Corr (Vereinigtes K\u00f6nigreich Gro\u00dfbritannien und Nordirland). Der 1955 in London geborene K\u00fcnstler studierte Grafikdesign am Manchester Polytechnic und schloss sein Studium am Royal College of Art mit einem Master in Illustration ab. Er erhielt den &#8220;Drawing Prize&#8221; des Royal College of Art und ein Leverhulme Reisestipendium in die Vereinigten Staaten von Amerika.<\/p>\n<p>Seit 1983 waren Corrs Arbeiten, die von seinen ausgedehnten Reisen beeinflusst sind, in zahlreichen Einzelausstellungen in den Galerien Curwen, Berkeley Square und Cadogan zu sehen. Zwei Ausstellungen fanden 2008 statt, die erste f\u00fcr die Galerie Castor &amp; Pollux in Brighton, in der Stadtlandschaften im Mittelpunkt standen, und die zweite f\u00fcr das Midan (Mus\u00e9e International d&#8217;Art Na\u00eff) in Frankreich.<\/p>\n<p>Corr wurde mit zahlreichen Auszeichnungen geehrt, darunter mit dem Chelsea Arts Club Grafikpreis, einem Lloyds Bank Grafikstipendium, der Silbermedaille der gemeinn\u00fctzigen Organisation Design &amp; Art Direction und der Silbermedaille der Association of Illustrators f\u00fcr seine Illustrationen des Romans Eine gute Partie von Vikram Seth. Im Jahr 2003 bekam er den Award f\u00fcr Design Excellence des New Yorker\u00a0<em>Print<\/em>\u00a0Magazine f\u00fcr die Brosch\u00fcren der Reederei Windstar Cruises.<\/p>\n<p>Christopher Corr erhielt zahlreiche Auftr\u00e4ge, unter anderem von der britischen Post Royal Mail f\u00fcr eine Millenniumsbriefmarke zur UN-Friedenstruppe in Bosnien-Herzegowina. Von 1996 bis 1997 arbeitete der K\u00fcnstler f\u00fcr die australische Fluglinie Qantas und produzierte Gem\u00e4lde, Poster und Druckgrafiken. Er gestaltete Plakate, Karten und andere Produkte f\u00fcr London Transport, den National Aids Trust, die Tierschutzorganisation PETA, f\u00fcr Ikea und Habitat, f\u00fcr UNICEF, f\u00fcr die Eurostar Group und das New Yorker Kaufhaus Saks.<\/p>\n<p>Mit Animation besch\u00e4ftigt er sich ebenfalls und machte 2007 seinen ersten Film mit der Produktionsfirma Sherbet\u00a0<em>(\u00a0<a href=\"http:\/\/www.sherbet.co.uk\/\" target=\"_blank\" rel=\"noopener noreferrer\">www.sherbet.co.uk<\/a>)<\/em>\u00a0f\u00fcr die Rotary Foundation \u00fcber die M\u00f6glichkeiten, sauberes Wasser f\u00fcr Entwicklungsl\u00e4nder bereitzustellen. Weitere Informationen finden Sie unter\u00a0<a href=\"http:\/\/www.christophercorr.com\/\" target=\"_blank\" rel=\"noopener noreferrer\"><em>www.christophercorr.com<\/em><\/a>\u00a0.<\/p>\n","protected":false},"excerpt":{"rendered":"<p>US$ 0,04 Ganzer Bogen &#8211; Gestempelt Technische Angaben Format:\u00a032 mm waagrecht x 26 mm senkrecht, von Z\u00e4hnung zu Z\u00e4hnung Z\u00e4hnung:\u00a013 Randinschriften Die waagrechten Bogen, bestehend aus 20 Briefmarken, weisen vier Randinschriften auf, zwei auf dem linken und zwei auf dem rechten Bogenrand. Die Randinschrift besteht jeweils aus dem Emblem der Vereinten Nationen mit dem Text [&hellip;]<\/p>\n","protected":false},"featured_media":1850,"comment_status":"open","ping_status":"closed","template":"","meta":{"ngg_post_thumbnail":0},"product_brand":[],"product_cat":[276,154],"product_tag":[],"class_list":{"0":"post-2710","1":"product","2":"type-product","3":"status-publish","4":"has-post-thumbnail","6":"product_cat-1991-jahr","7":"product_cat-dauermarken","9":"first","10":"instock","11":"shipping-taxable","12":"purchasable","13":"product-type-simple"},"yoast_head":"<!-- This site is optimized with the Yoast SEO plugin v27.4 - https:\/\/yoast.com\/product\/yoast-seo-wordpress\/ -->\n<title>2010 NY Dauermarken - UN Briefmarken<\/title>\n<meta name=\"robots\" content=\"index, follow, max-snippet:-1, max-image-preview:large, max-video-preview:-1\" \/>\n<link rel=\"canonical\" href=\"https:\/\/unstamps.org\/de\/produkt\/2010-ny-dauermarken-2\/\" \/>\n<meta property=\"og:locale\" content=\"de_DE\" \/>\n<meta property=\"og:type\" content=\"article\" \/>\n<meta property=\"og:title\" content=\"2010 NY Dauermarken - UN Briefmarken\" \/>\n<meta property=\"og:description\" content=\"US$ 0,04 Ganzer Bogen &#8211; Gestempelt Technische Angaben Format:\u00a032 mm waagrecht x 26 mm senkrecht, von Z\u00e4hnung zu Z\u00e4hnung Z\u00e4hnung:\u00a013 Randinschriften Die waagrechten Bogen, bestehend aus 20 Briefmarken, weisen vier Randinschriften auf, zwei auf dem linken und zwei auf dem rechten Bogenrand. Die Randinschrift besteht jeweils aus dem Emblem der Vereinten Nationen mit dem Text [&hellip;]\" \/>\n<meta property=\"og:url\" content=\"https:\/\/unstamps.org\/de\/produkt\/2010-ny-dauermarken-2\/\" \/>\n<meta property=\"og:site_name\" content=\"UN Briefmarken\" \/>\n<meta property=\"article:modified_time\" content=\"2024-01-26T15:19:41+00:00\" \/>\n<meta property=\"og:image\" content=\"https:\/\/unstamps.org\/wp-content\/uploads\/2013\/12\/DEF-NY-2010_0.04_fullsheet.jpg\" \/>\n\t<meta property=\"og:image:width\" content=\"1024\" \/>\n\t<meta property=\"og:image:height\" content=\"1024\" \/>\n\t<meta property=\"og:image:type\" content=\"image\/jpeg\" \/>\n<meta name=\"twitter:card\" content=\"summary_large_image\" \/>\n<meta name=\"twitter:label1\" content=\"Gesch\u00e4tzte Lesezeit\" \/>\n\t<meta name=\"twitter:data1\" content=\"2 minutes\" \/>\n<script type=\"application\/ld+json\" class=\"yoast-schema-graph\">{\"@context\":\"https:\\\/\\\/schema.org\",\"@graph\":[{\"@type\":\"WebPage\",\"@id\":\"https:\\\/\\\/unstamps.org\\\/de\\\/produkt\\\/2010-ny-dauermarken-2\\\/\",\"url\":\"https:\\\/\\\/unstamps.org\\\/de\\\/produkt\\\/2010-ny-dauermarken-2\\\/\",\"name\":\"2010 NY Dauermarken - UN Briefmarken\",\"isPartOf\":{\"@id\":\"https:\\\/\\\/unstamps.org\\\/de\\\/#website\"},\"primaryImageOfPage\":{\"@id\":\"https:\\\/\\\/unstamps.org\\\/de\\\/produkt\\\/2010-ny-dauermarken-2\\\/#primaryimage\"},\"image\":{\"@id\":\"https:\\\/\\\/unstamps.org\\\/de\\\/produkt\\\/2010-ny-dauermarken-2\\\/#primaryimage\"},\"thumbnailUrl\":\"https:\\\/\\\/unstamps.org\\\/wp-content\\\/uploads\\\/2013\\\/12\\\/DEF-NY-2010_0.04_fullsheet.jpg\",\"datePublished\":\"2014-01-08T20:13:56+00:00\",\"dateModified\":\"2024-01-26T15:19:41+00:00\",\"breadcrumb\":{\"@id\":\"https:\\\/\\\/unstamps.org\\\/de\\\/produkt\\\/2010-ny-dauermarken-2\\\/#breadcrumb\"},\"inLanguage\":\"de-DE\",\"potentialAction\":[{\"@type\":\"ReadAction\",\"target\":[\"https:\\\/\\\/unstamps.org\\\/de\\\/produkt\\\/2010-ny-dauermarken-2\\\/\"]}]},{\"@type\":\"ImageObject\",\"inLanguage\":\"de-DE\",\"@id\":\"https:\\\/\\\/unstamps.org\\\/de\\\/produkt\\\/2010-ny-dauermarken-2\\\/#primaryimage\",\"url\":\"https:\\\/\\\/unstamps.org\\\/wp-content\\\/uploads\\\/2013\\\/12\\\/DEF-NY-2010_0.04_fullsheet.jpg\",\"contentUrl\":\"https:\\\/\\\/unstamps.org\\\/wp-content\\\/uploads\\\/2013\\\/12\\\/DEF-NY-2010_0.04_fullsheet.jpg\",\"width\":1024,\"height\":1024},{\"@type\":\"BreadcrumbList\",\"@id\":\"https:\\\/\\\/unstamps.org\\\/de\\\/produkt\\\/2010-ny-dauermarken-2\\\/#breadcrumb\",\"itemListElement\":[{\"@type\":\"ListItem\",\"position\":1,\"name\":\"Home\",\"item\":\"https:\\\/\\\/unstamps.org\\\/de\\\/\"},{\"@type\":\"ListItem\",\"position\":2,\"name\":\"Produkte\",\"item\":\"https:\\\/\\\/unstamps.org\\\/de\\\/produkte\\\/\"},{\"@type\":\"ListItem\",\"position\":3,\"name\":\"2010 NY Dauermarken\"}]},{\"@type\":\"WebSite\",\"@id\":\"https:\\\/\\\/unstamps.org\\\/de\\\/#website\",\"url\":\"https:\\\/\\\/unstamps.org\\\/de\\\/\",\"name\":\"UN Stamps\",\"description\":\"United Nations Stamps\",\"publisher\":{\"@id\":\"https:\\\/\\\/unstamps.org\\\/de\\\/#organization\"},\"potentialAction\":[{\"@type\":\"SearchAction\",\"target\":{\"@type\":\"EntryPoint\",\"urlTemplate\":\"https:\\\/\\\/unstamps.org\\\/de\\\/?s={search_term_string}\"},\"query-input\":{\"@type\":\"PropertyValueSpecification\",\"valueRequired\":true,\"valueName\":\"search_term_string\"}}],\"inLanguage\":\"de-DE\"},{\"@type\":\"Organization\",\"@id\":\"https:\\\/\\\/unstamps.org\\\/de\\\/#organization\",\"name\":\"UN Stamps\",\"url\":\"https:\\\/\\\/unstamps.org\\\/de\\\/\",\"logo\":{\"@type\":\"ImageObject\",\"inLanguage\":\"de-DE\",\"@id\":\"https:\\\/\\\/unstamps.org\\\/de\\\/#\\\/schema\\\/logo\\\/image\\\/\",\"url\":\"https:\\\/\\\/unstamps.org\\\/wp-content\\\/uploads\\\/2014\\\/01\\\/logo4web.jpg\",\"contentUrl\":\"https:\\\/\\\/unstamps.org\\\/wp-content\\\/uploads\\\/2014\\\/01\\\/logo4web.jpg\",\"width\":2500,\"height\":250,\"caption\":\"UN Stamps\"},\"image\":{\"@id\":\"https:\\\/\\\/unstamps.org\\\/de\\\/#\\\/schema\\\/logo\\\/image\\\/\"}}]}<\/script>\n<!-- \/ Yoast SEO plugin. -->","yoast_head_json":{"title":"2010 NY Dauermarken - UN Briefmarken","robots":{"index":"index","follow":"follow","max-snippet":"max-snippet:-1","max-image-preview":"max-image-preview:large","max-video-preview":"max-video-preview:-1"},"canonical":"https:\/\/unstamps.org\/de\/produkt\/2010-ny-dauermarken-2\/","og_locale":"de_DE","og_type":"article","og_title":"2010 NY Dauermarken - UN Briefmarken","og_description":"US$ 0,04 Ganzer Bogen &#8211; Gestempelt Technische Angaben Format:\u00a032 mm waagrecht x 26 mm senkrecht, von Z\u00e4hnung zu Z\u00e4hnung Z\u00e4hnung:\u00a013 Randinschriften Die waagrechten Bogen, bestehend aus 20 Briefmarken, weisen vier Randinschriften auf, zwei auf dem linken und zwei auf dem rechten Bogenrand. Die Randinschrift besteht jeweils aus dem Emblem der Vereinten Nationen mit dem Text [&hellip;]","og_url":"https:\/\/unstamps.org\/de\/produkt\/2010-ny-dauermarken-2\/","og_site_name":"UN Briefmarken","article_modified_time":"2024-01-26T15:19:41+00:00","og_image":[{"width":1024,"height":1024,"url":"https:\/\/unstamps.org\/wp-content\/uploads\/2013\/12\/DEF-NY-2010_0.04_fullsheet.jpg","type":"image\/jpeg"}],"twitter_card":"summary_large_image","twitter_misc":{"Gesch\u00e4tzte Lesezeit":"2 minutes"},"schema":{"@context":"https:\/\/schema.org","@graph":[{"@type":"WebPage","@id":"https:\/\/unstamps.org\/de\/produkt\/2010-ny-dauermarken-2\/","url":"https:\/\/unstamps.org\/de\/produkt\/2010-ny-dauermarken-2\/","name":"2010 NY Dauermarken - UN Briefmarken","isPartOf":{"@id":"https:\/\/unstamps.org\/de\/#website"},"primaryImageOfPage":{"@id":"https:\/\/unstamps.org\/de\/produkt\/2010-ny-dauermarken-2\/#primaryimage"},"image":{"@id":"https:\/\/unstamps.org\/de\/produkt\/2010-ny-dauermarken-2\/#primaryimage"},"thumbnailUrl":"https:\/\/unstamps.org\/wp-content\/uploads\/2013\/12\/DEF-NY-2010_0.04_fullsheet.jpg","datePublished":"2014-01-08T20:13:56+00:00","dateModified":"2024-01-26T15:19:41+00:00","breadcrumb":{"@id":"https:\/\/unstamps.org\/de\/produkt\/2010-ny-dauermarken-2\/#breadcrumb"},"inLanguage":"de-DE","potentialAction":[{"@type":"ReadAction","target":["https:\/\/unstamps.org\/de\/produkt\/2010-ny-dauermarken-2\/"]}]},{"@type":"ImageObject","inLanguage":"de-DE","@id":"https:\/\/unstamps.org\/de\/produkt\/2010-ny-dauermarken-2\/#primaryimage","url":"https:\/\/unstamps.org\/wp-content\/uploads\/2013\/12\/DEF-NY-2010_0.04_fullsheet.jpg","contentUrl":"https:\/\/unstamps.org\/wp-content\/uploads\/2013\/12\/DEF-NY-2010_0.04_fullsheet.jpg","width":1024,"height":1024},{"@type":"BreadcrumbList","@id":"https:\/\/unstamps.org\/de\/produkt\/2010-ny-dauermarken-2\/#breadcrumb","itemListElement":[{"@type":"ListItem","position":1,"name":"Home","item":"https:\/\/unstamps.org\/de\/"},{"@type":"ListItem","position":2,"name":"Produkte","item":"https:\/\/unstamps.org\/de\/produkte\/"},{"@type":"ListItem","position":3,"name":"2010 NY Dauermarken"}]},{"@type":"WebSite","@id":"https:\/\/unstamps.org\/de\/#website","url":"https:\/\/unstamps.org\/de\/","name":"UN Stamps","description":"United Nations Stamps","publisher":{"@id":"https:\/\/unstamps.org\/de\/#organization"},"potentialAction":[{"@type":"SearchAction","target":{"@type":"EntryPoint","urlTemplate":"https:\/\/unstamps.org\/de\/?s={search_term_string}"},"query-input":{"@type":"PropertyValueSpecification","valueRequired":true,"valueName":"search_term_string"}}],"inLanguage":"de-DE"},{"@type":"Organization","@id":"https:\/\/unstamps.org\/de\/#organization","name":"UN Stamps","url":"https:\/\/unstamps.org\/de\/","logo":{"@type":"ImageObject","inLanguage":"de-DE","@id":"https:\/\/unstamps.org\/de\/#\/schema\/logo\/image\/","url":"https:\/\/unstamps.org\/wp-content\/uploads\/2014\/01\/logo4web.jpg","contentUrl":"https:\/\/unstamps.org\/wp-content\/uploads\/2014\/01\/logo4web.jpg","width":2500,"height":250,"caption":"UN Stamps"},"image":{"@id":"https:\/\/unstamps.org\/de\/#\/schema\/logo\/image\/"}}]}},"jetpack_sharing_enabled":true,"publishpress_future_action":{"enabled":false,"date":"2026-05-06 09:59:46","action":"change-status","newStatus":"private","terms":[],"taxonomy":"product_cat","extraData":[]},"publishpress_future_workflow_manual_trigger":{"enabledWorkflows":[]},"_links":{"self":[{"href":"https:\/\/unstamps.org\/de\/wp-json\/wp\/v2\/product\/2710","targetHints":{"allow":["GET"]}}],"collection":[{"href":"https:\/\/unstamps.org\/de\/wp-json\/wp\/v2\/product"}],"about":[{"href":"https:\/\/unstamps.org\/de\/wp-json\/wp\/v2\/types\/product"}],"replies":[{"embeddable":true,"href":"https:\/\/unstamps.org\/de\/wp-json\/wp\/v2\/comments?post=2710"}],"wp:featuredmedia":[{"embeddable":true,"href":"https:\/\/unstamps.org\/de\/wp-json\/wp\/v2\/media\/1850"}],"wp:attachment":[{"href":"https:\/\/unstamps.org\/de\/wp-json\/wp\/v2\/media?parent=2710"}],"wp:term":[{"taxonomy":"product_brand","embeddable":true,"href":"https:\/\/unstamps.org\/de\/wp-json\/wp\/v2\/product_brand?post=2710"},{"taxonomy":"product_cat","embeddable":true,"href":"https:\/\/unstamps.org\/de\/wp-json\/wp\/v2\/product_cat?post=2710"},{"taxonomy":"product_tag","embeddable":true,"href":"https:\/\/unstamps.org\/de\/wp-json\/wp\/v2\/product_tag?post=2710"}],"curies":[{"name":"wp","href":"https:\/\/api.w.org\/{rel}","templated":true}]}}