{"id":22765,"date":"2014-11-12T08:10:46","date_gmt":"2014-11-12T13:10:46","guid":{"rendered":"https:\/\/unstamps.org\/?post_type=product&#038;p=22765"},"modified":"2023-07-15T12:31:37","modified_gmt":"2023-07-15T16:31:37","slug":"blankoumschlag-gros-2009-dauerserie","status":"publish","type":"product","link":"https:\/\/unstamps.org\/de\/produkt\/blankoumschlag-gros-2009-dauerserie\/","title":{"rendered":"Blankoumschlag gro\u00df (2009) &#8211; Dauerserie"},"content":{"rendered":"<p>Rorie Katz hat einen neuen, vielseitig verwendbaren, Umschlag f\u00fcr Briefmarken der Dauerserie entworfen. Der Entwurf ist eine k\u00fcnstlerische Interpretation des offiziellen Emblems der Vereinten Nationen.\u00a0 Der neue Umschlag wurde am 6. Februar 2009 gemeinsam mit den Dauermarken f\u00fcr New York herausgegeben.<\/p>\n","protected":false},"excerpt":{"rendered":"<p>Rorie Katz hat einen neuen, vielseitig verwendbaren, Umschlag f\u00fcr Briefmarken der Dauerserie entworfen. Der Entwurf ist eine k\u00fcnstlerische Interpretation des offiziellen Emblems der Vereinten Nationen.\u00a0 Der neue Umschlag wurde am 6. Februar 2009 gemeinsam mit den Dauermarken f\u00fcr New York herausgegeben.<\/p>\n","protected":false},"featured_media":22695,"comment_status":"closed","ping_status":"closed","template":"","meta":{"ngg_post_thumbnail":0},"product_brand":[],"product_cat":[357,177],"product_tag":[],"class_list":{"0":"post-22765","1":"product","2":"type-product","3":"status-publish","4":"has-post-thumbnail","6":"product_cat-2009-jahr","7":"product_cat-ganzsachen","9":"first","10":"instock","11":"shipping-taxable","12":"purchasable","13":"product-type-simple"},"yoast_head":"<!-- This site is optimized with the Yoast SEO plugin v27.5 - https:\/\/yoast.com\/product\/yoast-seo-wordpress\/ -->\n<title>Blankoumschlag gro\u00df (2009) &#8211; Dauerserie - UN Briefmarken<\/title>\n<meta name=\"robots\" content=\"index, follow, max-snippet:-1, max-image-preview:large, max-video-preview:-1\" \/>\n<link rel=\"canonical\" href=\"https:\/\/unstamps.org\/de\/produkt\/blankoumschlag-gros-2009-dauerserie\/\" \/>\n<meta property=\"og:locale\" content=\"de_DE\" \/>\n<meta property=\"og:type\" content=\"article\" \/>\n<meta property=\"og:title\" content=\"Blankoumschlag gro\u00df (2009) &#8211; Dauerserie - UN Briefmarken\" \/>\n<meta property=\"og:description\" content=\"Rorie Katz hat einen neuen, vielseitig verwendbaren, Umschlag f\u00fcr Briefmarken der Dauerserie entworfen. Der Entwurf ist eine k\u00fcnstlerische Interpretation des offiziellen Emblems der Vereinten Nationen.\u00a0 Der neue Umschlag wurde am 6. Februar 2009 gemeinsam mit den Dauermarken f\u00fcr New York herausgegeben.\" \/>\n<meta property=\"og:url\" content=\"https:\/\/unstamps.org\/de\/produkt\/blankoumschlag-gros-2009-dauerserie\/\" \/>\n<meta property=\"og:site_name\" content=\"UN Briefmarken\" \/>\n<meta property=\"article:modified_time\" content=\"2023-07-15T16:31:37+00:00\" \/>\n<meta property=\"og:image\" content=\"https:\/\/unstamps.org\/wp-content\/uploads\/2014\/11\/Cachet_09_jumbo.jpg\" \/>\n\t<meta property=\"og:image:width\" content=\"1024\" \/>\n\t<meta property=\"og:image:height\" content=\"1024\" \/>\n\t<meta property=\"og:image:type\" content=\"image\/jpeg\" \/>\n<meta name=\"twitter:card\" content=\"summary_large_image\" \/>\n<script type=\"application\/ld+json\" class=\"yoast-schema-graph\">{\"@context\":\"https:\\\/\\\/schema.org\",\"@graph\":[{\"@type\":\"WebPage\",\"@id\":\"https:\\\/\\\/unstamps.org\\\/de\\\/produkt\\\/blankoumschlag-gros-2009-dauerserie\\\/\",\"url\":\"https:\\\/\\\/unstamps.org\\\/de\\\/produkt\\\/blankoumschlag-gros-2009-dauerserie\\\/\",\"name\":\"Blankoumschlag gro\u00df (2009) &#8211; Dauerserie - UN Briefmarken\",\"isPartOf\":{\"@id\":\"https:\\\/\\\/unstamps.org\\\/de\\\/#website\"},\"primaryImageOfPage\":{\"@id\":\"https:\\\/\\\/unstamps.org\\\/de\\\/produkt\\\/blankoumschlag-gros-2009-dauerserie\\\/#primaryimage\"},\"image\":{\"@id\":\"https:\\\/\\\/unstamps.org\\\/de\\\/produkt\\\/blankoumschlag-gros-2009-dauerserie\\\/#primaryimage\"},\"thumbnailUrl\":\"https:\\\/\\\/unstamps.org\\\/wp-content\\\/uploads\\\/2014\\\/11\\\/Cachet_09_jumbo.jpg\",\"datePublished\":\"2014-11-12T13:10:46+00:00\",\"dateModified\":\"2023-07-15T16:31:37+00:00\",\"breadcrumb\":{\"@id\":\"https:\\\/\\\/unstamps.org\\\/de\\\/produkt\\\/blankoumschlag-gros-2009-dauerserie\\\/#breadcrumb\"},\"inLanguage\":\"de-DE\",\"potentialAction\":[{\"@type\":\"ReadAction\",\"target\":[\"https:\\\/\\\/unstamps.org\\\/de\\\/produkt\\\/blankoumschlag-gros-2009-dauerserie\\\/\"]}]},{\"@type\":\"ImageObject\",\"inLanguage\":\"de-DE\",\"@id\":\"https:\\\/\\\/unstamps.org\\\/de\\\/produkt\\\/blankoumschlag-gros-2009-dauerserie\\\/#primaryimage\",\"url\":\"https:\\\/\\\/unstamps.org\\\/wp-content\\\/uploads\\\/2014\\\/11\\\/Cachet_09_jumbo.jpg\",\"contentUrl\":\"https:\\\/\\\/unstamps.org\\\/wp-content\\\/uploads\\\/2014\\\/11\\\/Cachet_09_jumbo.jpg\",\"width\":1024,\"height\":1024},{\"@type\":\"BreadcrumbList\",\"@id\":\"https:\\\/\\\/unstamps.org\\\/de\\\/produkt\\\/blankoumschlag-gros-2009-dauerserie\\\/#breadcrumb\",\"itemListElement\":[{\"@type\":\"ListItem\",\"position\":1,\"name\":\"Home\",\"item\":\"https:\\\/\\\/unstamps.org\\\/de\\\/\"},{\"@type\":\"ListItem\",\"position\":2,\"name\":\"Produkte\",\"item\":\"https:\\\/\\\/unstamps.org\\\/de\\\/produkte\\\/\"},{\"@type\":\"ListItem\",\"position\":3,\"name\":\"Blankoumschlag gro\u00df (2009) &#8211; Dauerserie\"}]},{\"@type\":\"WebSite\",\"@id\":\"https:\\\/\\\/unstamps.org\\\/de\\\/#website\",\"url\":\"https:\\\/\\\/unstamps.org\\\/de\\\/\",\"name\":\"UN Stamps\",\"description\":\"United Nations Stamps\",\"publisher\":{\"@id\":\"https:\\\/\\\/unstamps.org\\\/de\\\/#organization\"},\"potentialAction\":[{\"@type\":\"SearchAction\",\"target\":{\"@type\":\"EntryPoint\",\"urlTemplate\":\"https:\\\/\\\/unstamps.org\\\/de\\\/?s={search_term_string}\"},\"query-input\":{\"@type\":\"PropertyValueSpecification\",\"valueRequired\":true,\"valueName\":\"search_term_string\"}}],\"inLanguage\":\"de-DE\"},{\"@type\":\"Organization\",\"@id\":\"https:\\\/\\\/unstamps.org\\\/de\\\/#organization\",\"name\":\"UN Stamps\",\"url\":\"https:\\\/\\\/unstamps.org\\\/de\\\/\",\"logo\":{\"@type\":\"ImageObject\",\"inLanguage\":\"de-DE\",\"@id\":\"https:\\\/\\\/unstamps.org\\\/de\\\/#\\\/schema\\\/logo\\\/image\\\/\",\"url\":\"https:\\\/\\\/unstamps.org\\\/wp-content\\\/uploads\\\/2014\\\/01\\\/logo4web.jpg\",\"contentUrl\":\"https:\\\/\\\/unstamps.org\\\/wp-content\\\/uploads\\\/2014\\\/01\\\/logo4web.jpg\",\"width\":2500,\"height\":250,\"caption\":\"UN Stamps\"},\"image\":{\"@id\":\"https:\\\/\\\/unstamps.org\\\/de\\\/#\\\/schema\\\/logo\\\/image\\\/\"}}]}<\/script>\n<!-- \/ Yoast SEO plugin. -->","yoast_head_json":{"title":"Blankoumschlag gro\u00df (2009) &#8211; Dauerserie - UN Briefmarken","robots":{"index":"index","follow":"follow","max-snippet":"max-snippet:-1","max-image-preview":"max-image-preview:large","max-video-preview":"max-video-preview:-1"},"canonical":"https:\/\/unstamps.org\/de\/produkt\/blankoumschlag-gros-2009-dauerserie\/","og_locale":"de_DE","og_type":"article","og_title":"Blankoumschlag gro\u00df (2009) &#8211; Dauerserie - UN Briefmarken","og_description":"Rorie Katz hat einen neuen, vielseitig verwendbaren, Umschlag f\u00fcr Briefmarken der Dauerserie entworfen. Der Entwurf ist eine k\u00fcnstlerische Interpretation des offiziellen Emblems der Vereinten Nationen.\u00a0 Der neue Umschlag wurde am 6. Februar 2009 gemeinsam mit den Dauermarken f\u00fcr New York herausgegeben.","og_url":"https:\/\/unstamps.org\/de\/produkt\/blankoumschlag-gros-2009-dauerserie\/","og_site_name":"UN Briefmarken","article_modified_time":"2023-07-15T16:31:37+00:00","og_image":[{"width":1024,"height":1024,"url":"https:\/\/unstamps.org\/wp-content\/uploads\/2014\/11\/Cachet_09_jumbo.jpg","type":"image\/jpeg"}],"twitter_card":"summary_large_image","schema":{"@context":"https:\/\/schema.org","@graph":[{"@type":"WebPage","@id":"https:\/\/unstamps.org\/de\/produkt\/blankoumschlag-gros-2009-dauerserie\/","url":"https:\/\/unstamps.org\/de\/produkt\/blankoumschlag-gros-2009-dauerserie\/","name":"Blankoumschlag gro\u00df (2009) &#8211; Dauerserie - UN Briefmarken","isPartOf":{"@id":"https:\/\/unstamps.org\/de\/#website"},"primaryImageOfPage":{"@id":"https:\/\/unstamps.org\/de\/produkt\/blankoumschlag-gros-2009-dauerserie\/#primaryimage"},"image":{"@id":"https:\/\/unstamps.org\/de\/produkt\/blankoumschlag-gros-2009-dauerserie\/#primaryimage"},"thumbnailUrl":"https:\/\/unstamps.org\/wp-content\/uploads\/2014\/11\/Cachet_09_jumbo.jpg","datePublished":"2014-11-12T13:10:46+00:00","dateModified":"2023-07-15T16:31:37+00:00","breadcrumb":{"@id":"https:\/\/unstamps.org\/de\/produkt\/blankoumschlag-gros-2009-dauerserie\/#breadcrumb"},"inLanguage":"de-DE","potentialAction":[{"@type":"ReadAction","target":["https:\/\/unstamps.org\/de\/produkt\/blankoumschlag-gros-2009-dauerserie\/"]}]},{"@type":"ImageObject","inLanguage":"de-DE","@id":"https:\/\/unstamps.org\/de\/produkt\/blankoumschlag-gros-2009-dauerserie\/#primaryimage","url":"https:\/\/unstamps.org\/wp-content\/uploads\/2014\/11\/Cachet_09_jumbo.jpg","contentUrl":"https:\/\/unstamps.org\/wp-content\/uploads\/2014\/11\/Cachet_09_jumbo.jpg","width":1024,"height":1024},{"@type":"BreadcrumbList","@id":"https:\/\/unstamps.org\/de\/produkt\/blankoumschlag-gros-2009-dauerserie\/#breadcrumb","itemListElement":[{"@type":"ListItem","position":1,"name":"Home","item":"https:\/\/unstamps.org\/de\/"},{"@type":"ListItem","position":2,"name":"Produkte","item":"https:\/\/unstamps.org\/de\/produkte\/"},{"@type":"ListItem","position":3,"name":"Blankoumschlag gro\u00df (2009) &#8211; Dauerserie"}]},{"@type":"WebSite","@id":"https:\/\/unstamps.org\/de\/#website","url":"https:\/\/unstamps.org\/de\/","name":"UN Stamps","description":"United Nations Stamps","publisher":{"@id":"https:\/\/unstamps.org\/de\/#organization"},"potentialAction":[{"@type":"SearchAction","target":{"@type":"EntryPoint","urlTemplate":"https:\/\/unstamps.org\/de\/?s={search_term_string}"},"query-input":{"@type":"PropertyValueSpecification","valueRequired":true,"valueName":"search_term_string"}}],"inLanguage":"de-DE"},{"@type":"Organization","@id":"https:\/\/unstamps.org\/de\/#organization","name":"UN Stamps","url":"https:\/\/unstamps.org\/de\/","logo":{"@type":"ImageObject","inLanguage":"de-DE","@id":"https:\/\/unstamps.org\/de\/#\/schema\/logo\/image\/","url":"https:\/\/unstamps.org\/wp-content\/uploads\/2014\/01\/logo4web.jpg","contentUrl":"https:\/\/unstamps.org\/wp-content\/uploads\/2014\/01\/logo4web.jpg","width":2500,"height":250,"caption":"UN Stamps"},"image":{"@id":"https:\/\/unstamps.org\/de\/#\/schema\/logo\/image\/"}}]}},"jetpack_sharing_enabled":true,"publishpress_future_action":{"enabled":false,"date":"2026-05-07 09:30:00","action":"change-status","newStatus":"private","terms":[],"taxonomy":"product_cat","extraData":[]},"publishpress_future_workflow_manual_trigger":{"enabledWorkflows":[]},"_links":{"self":[{"href":"https:\/\/unstamps.org\/de\/wp-json\/wp\/v2\/product\/22765","targetHints":{"allow":["GET"]}}],"collection":[{"href":"https:\/\/unstamps.org\/de\/wp-json\/wp\/v2\/product"}],"about":[{"href":"https:\/\/unstamps.org\/de\/wp-json\/wp\/v2\/types\/product"}],"replies":[{"embeddable":true,"href":"https:\/\/unstamps.org\/de\/wp-json\/wp\/v2\/comments?post=22765"}],"wp:featuredmedia":[{"embeddable":true,"href":"https:\/\/unstamps.org\/de\/wp-json\/wp\/v2\/media\/22695"}],"wp:attachment":[{"href":"https:\/\/unstamps.org\/de\/wp-json\/wp\/v2\/media?parent=22765"}],"wp:term":[{"taxonomy":"product_brand","embeddable":true,"href":"https:\/\/unstamps.org\/de\/wp-json\/wp\/v2\/product_brand?post=22765"},{"taxonomy":"product_cat","embeddable":true,"href":"https:\/\/unstamps.org\/de\/wp-json\/wp\/v2\/product_cat?post=22765"},{"taxonomy":"product_tag","embeddable":true,"href":"https:\/\/unstamps.org\/de\/wp-json\/wp\/v2\/product_tag?post=22765"}],"curies":[{"name":"wp","href":"https:\/\/api.w.org\/{rel}","templated":true}]}}