{"id":200525,"date":"2026-04-24T12:03:13","date_gmt":"2026-04-24T16:03:13","guid":{"rendered":"https:\/\/unstamps.org\/?post_type=product&#038;p=200525"},"modified":"2026-04-24T12:04:16","modified_gmt":"2026-04-24T16:04:16","slug":"gefahrdete-arten-2026","status":"publish","type":"product","link":"https:\/\/unstamps.org\/de\/produkt\/gefahrdete-arten-2026\/","title":{"rendered":"Gef\u00e4hrdete Arten 2026"},"content":{"rendered":"<p>Am 24. April 2026 setzt die Postverwaltung der Vereinten Nationen ihre Briefmarkenserie Gef\u00e4hrdete Arten mit der Ausgabe von zw\u00f6lf Briefmarken, drei Maximumkarten, einem limitierten Seidenumschlag sowie die Mappe Gef\u00e4hrdete Arten 2026 fort.<\/p>\n<p>Die Briefmarken Gef\u00e4hrdete Arten 2026 r\u00fccken eine Gruppe von Arten in den Mittelpunkt, die in Diskussionen \u00fcber Naturschutz oft \u00fcbersehen wird: medizinische und aromatische Pflanzen (MAPs). Diese Pflanzengruppe ist nicht nur f\u00fcr \u00d6kosysteme von entscheidender Bedeutung, sondern auch tief in Kultur, Gesundheit und Handel der Menschheit verwurzelt.<\/p>\n<p>Medizinische und aromatische Pflanzen sind f\u00fcr Gesellschaften weltweit unverzichtbar. Sie bilden die Grundlage der traditionellen Medizin f\u00fcr Menschen in vielen Entwicklungsl\u00e4ndern und liefern gleichzeitig Wirkstoffe f\u00fcr moderne pharmazeutische Produkte. \u00dcber ihre medizinische Nutzung hinaus tragen sie zu Industrien wie Kosmetik, Lebensmittelproduktion und Luxusg\u00fctern bei. Zudem stabilisieren sie B\u00f6den, unterst\u00fctzen Best\u00e4uber und f\u00f6rdern die biologische Vielfalt.<\/p>\n<p>Diese Pflanzen zeigen auf vielf\u00e4ltige Weise, wie sehr Gesellschaften von der Natur abh\u00e4ngig sind \u2013 und unterstreichen die Notwendigkeit nachhaltiger Praktiken, damit sie weiterhin sowohl Menschen als auch \u00d6kosysteme unterst\u00fctzen k\u00f6nnen. Ihre Aufnahme in die diesj\u00e4hrige Sammlung verdeutlicht zudem die zunehmende Erkenntnis, dass der Schutz der biologischen Vielfalt weit \u00fcber charismatische Tierarten hinausgeht \u2013 er reicht bis zu den Wurzeln, Bl\u00e4ttern und Bl\u00fcten, die sowohl Traditionen als auch die moderne Medizin tragen.<\/p>\n<p>Seit f\u00fcnfzig Jahren bietet das \u00dcbereinkommen \u00fcber den internationalen Handel mit gef\u00e4hrdeten Arten freilebender Tiere und Pflanzen (CITES) den globalen Rahmen f\u00fcr seine inzwischen 185 Vertragsparteien (184 Staaten und die Europ\u00e4ische Union), um sicherzustellen, dass der Handel mit wildlebenden Arten legal, nachvollziehbar und nachhaltig erfolgt.<\/p>\n<p>Die Postverwaltung der Vereinten Nationen ist stolz darauf, CITES und seine Naturschutzbem\u00fchungen seit \u00fcber drei\u00dfig Jahren durch die Ausgabe von Briefmarken mit gef\u00e4hrdeten Tier- und Pflanzenarten zu unterst\u00fctzen.<\/p>\n<p><strong>Ausgabedatum:<\/strong> 24. April 2026<br \/>\n<strong>Designer:<\/strong>\u00a0Rorie Katz (Vereinte Nationen)<br \/>\n<strong>Markenformat:<\/strong> 39,2 mm x 28,6 mm<br \/>\n<strong>Marken pro Bogen:<\/strong> 16 (4 Designs pro Bogen)<br \/>\n<strong>Druck:<\/strong> Joh. Ensched\u00e9 Stamps Security Printers B.V. (Niederlande)<br \/>\n<strong>Druckverfahren:<\/strong> Offset Lithographie<br \/>\n<strong>Z\u00e4hnung:<\/strong> 12 \u00bd x 12 \u00be<br \/>\n<strong>Druckauflagen:<\/strong><br \/>\nUS$1,70 7.000 Bogen<br \/>\nCHF1,90 7.000 Bogen<br \/>\nEUR1,45 8.000 Bogen<\/p>\n<p><strong>Die Motive<\/strong><\/p>\n<p><strong>New York \u2013 $1,70<\/strong><br \/>\nAloe aristata (Spitzen-Aloe)<br \/>\nCyathea medullaris (Schwarzer Baumfarn)<br \/>\nDendrobium nobile (Edle Felsenorchidee)<br \/>\nDipteryx odorata (Tonkabohne)<\/p>\n<p><strong>Genf \u2013 CHF 1,90<\/strong><br \/>\nOpuntia ficus-indica (Feigenkaktus)<br \/>\nPanax ginseng (Asiatischer Ginseng)<br \/>\nEuphorbia antisyphilitica (Candelilla)<br \/>\nRhodiola semenovii (Goldene Wurzel)<\/p>\n<p><strong>Wien \u2013 \u20ac 1,45<\/strong><br \/>\nVanilla planifolia (Vanille-Orchidee)<br \/>\nAloe dawei (Dawe-Aloe)<br \/>\nGastrodia elata (Tianma)<br \/>\nGalanthus woronowii (Gr\u00fcnes Schneegl\u00f6ckchen)<\/p>\n","protected":false},"excerpt":{"rendered":"<p>Am 24. April 2026 setzt die Postverwaltung der Vereinten Nationen ihre Briefmarkenserie Gef\u00e4hrdete Arten mit der Ausgabe von zw\u00f6lf Briefmarken, drei Maximumkarten, einem limitierten Seidenumschlag sowie die Mappe Gef\u00e4hrdete Arten 2026 fort. Die Briefmarken Gef\u00e4hrdete Arten 2026 r\u00fccken eine Gruppe von Arten in den Mittelpunkt, die in Diskussionen \u00fcber Naturschutz oft \u00fcbersehen wird: medizinische und [&hellip;]<\/p>\n","protected":false},"featured_media":200781,"comment_status":"closed","ping_status":"closed","template":"","meta":{"ngg_post_thumbnail":0},"product_brand":[],"product_cat":[2962,150,203],"product_tag":[],"class_list":{"0":"post-200525","1":"product","2":"type-product","3":"status-publish","4":"has-post-thumbnail","6":"product_cat-2026-de","7":"product_cat-gedenkbriefmarken","8":"product_cat-gefahrdete-arten","10":"first","11":"outofstock","12":"shipping-taxable","13":"product-type-grouped"},"yoast_head":"<!-- This site is optimized with the Yoast SEO plugin v27.4 - https:\/\/yoast.com\/product\/yoast-seo-wordpress\/ -->\n<title>Gef\u00e4hrdete Arten 2026 - UN Briefmarken<\/title>\n<meta name=\"robots\" content=\"index, follow, max-snippet:-1, max-image-preview:large, max-video-preview:-1\" \/>\n<link rel=\"canonical\" href=\"https:\/\/unstamps.org\/de\/produkt\/gefahrdete-arten-2026\/\" \/>\n<meta property=\"og:locale\" content=\"de_DE\" \/>\n<meta property=\"og:type\" content=\"article\" \/>\n<meta property=\"og:title\" content=\"Gef\u00e4hrdete Arten 2026 - UN Briefmarken\" \/>\n<meta property=\"og:description\" content=\"Am 24. April 2026 setzt die Postverwaltung der Vereinten Nationen ihre Briefmarkenserie Gef\u00e4hrdete Arten mit der Ausgabe von zw\u00f6lf Briefmarken, drei Maximumkarten, einem limitierten Seidenumschlag sowie die Mappe Gef\u00e4hrdete Arten 2026 fort. Die Briefmarken Gef\u00e4hrdete Arten 2026 r\u00fccken eine Gruppe von Arten in den Mittelpunkt, die in Diskussionen \u00fcber Naturschutz oft \u00fcbersehen wird: medizinische und [&hellip;]\" \/>\n<meta property=\"og:url\" content=\"https:\/\/unstamps.org\/de\/produkt\/gefahrdete-arten-2026\/\" \/>\n<meta property=\"og:site_name\" content=\"UN Briefmarken\" \/>\n<meta property=\"article:modified_time\" content=\"2026-04-24T16:04:16+00:00\" \/>\n<meta property=\"og:image\" content=\"https:\/\/unstamps.org\/wp-content\/uploads\/2026\/04\/2026-Species-FS-GROUP.jpg\" \/>\n\t<meta property=\"og:image:width\" content=\"1024\" \/>\n\t<meta property=\"og:image:height\" content=\"1024\" \/>\n\t<meta property=\"og:image:type\" content=\"image\/jpeg\" \/>\n<meta name=\"twitter:card\" content=\"summary_large_image\" \/>\n<meta name=\"twitter:label1\" content=\"Gesch\u00e4tzte Lesezeit\" \/>\n\t<meta name=\"twitter:data1\" content=\"2 minutes\" \/>\n<script type=\"application\/ld+json\" class=\"yoast-schema-graph\">{\"@context\":\"https:\\\/\\\/schema.org\",\"@graph\":[{\"@type\":\"WebPage\",\"@id\":\"https:\\\/\\\/unstamps.org\\\/de\\\/produkt\\\/gefahrdete-arten-2026\\\/\",\"url\":\"https:\\\/\\\/unstamps.org\\\/de\\\/produkt\\\/gefahrdete-arten-2026\\\/\",\"name\":\"Gef\u00e4hrdete Arten 2026 - UN Briefmarken\",\"isPartOf\":{\"@id\":\"https:\\\/\\\/unstamps.org\\\/de\\\/#website\"},\"primaryImageOfPage\":{\"@id\":\"https:\\\/\\\/unstamps.org\\\/de\\\/produkt\\\/gefahrdete-arten-2026\\\/#primaryimage\"},\"image\":{\"@id\":\"https:\\\/\\\/unstamps.org\\\/de\\\/produkt\\\/gefahrdete-arten-2026\\\/#primaryimage\"},\"thumbnailUrl\":\"https:\\\/\\\/unstamps.org\\\/wp-content\\\/uploads\\\/2026\\\/04\\\/2026-Species-FS-GROUP.jpg\",\"datePublished\":\"2026-04-24T16:03:13+00:00\",\"dateModified\":\"2026-04-24T16:04:16+00:00\",\"breadcrumb\":{\"@id\":\"https:\\\/\\\/unstamps.org\\\/de\\\/produkt\\\/gefahrdete-arten-2026\\\/#breadcrumb\"},\"inLanguage\":\"de-DE\",\"potentialAction\":[{\"@type\":\"ReadAction\",\"target\":[\"https:\\\/\\\/unstamps.org\\\/de\\\/produkt\\\/gefahrdete-arten-2026\\\/\"]}]},{\"@type\":\"ImageObject\",\"inLanguage\":\"de-DE\",\"@id\":\"https:\\\/\\\/unstamps.org\\\/de\\\/produkt\\\/gefahrdete-arten-2026\\\/#primaryimage\",\"url\":\"https:\\\/\\\/unstamps.org\\\/wp-content\\\/uploads\\\/2026\\\/04\\\/2026-Species-FS-GROUP.jpg\",\"contentUrl\":\"https:\\\/\\\/unstamps.org\\\/wp-content\\\/uploads\\\/2026\\\/04\\\/2026-Species-FS-GROUP.jpg\",\"width\":1024,\"height\":1024},{\"@type\":\"BreadcrumbList\",\"@id\":\"https:\\\/\\\/unstamps.org\\\/de\\\/produkt\\\/gefahrdete-arten-2026\\\/#breadcrumb\",\"itemListElement\":[{\"@type\":\"ListItem\",\"position\":1,\"name\":\"Home\",\"item\":\"https:\\\/\\\/unstamps.org\\\/de\\\/\"},{\"@type\":\"ListItem\",\"position\":2,\"name\":\"Produkte\",\"item\":\"https:\\\/\\\/unstamps.org\\\/de\\\/produkte\\\/\"},{\"@type\":\"ListItem\",\"position\":3,\"name\":\"Gef\u00e4hrdete Arten 2026\"}]},{\"@type\":\"WebSite\",\"@id\":\"https:\\\/\\\/unstamps.org\\\/de\\\/#website\",\"url\":\"https:\\\/\\\/unstamps.org\\\/de\\\/\",\"name\":\"UN Stamps\",\"description\":\"United Nations Stamps\",\"publisher\":{\"@id\":\"https:\\\/\\\/unstamps.org\\\/de\\\/#organization\"},\"potentialAction\":[{\"@type\":\"SearchAction\",\"target\":{\"@type\":\"EntryPoint\",\"urlTemplate\":\"https:\\\/\\\/unstamps.org\\\/de\\\/?s={search_term_string}\"},\"query-input\":{\"@type\":\"PropertyValueSpecification\",\"valueRequired\":true,\"valueName\":\"search_term_string\"}}],\"inLanguage\":\"de-DE\"},{\"@type\":\"Organization\",\"@id\":\"https:\\\/\\\/unstamps.org\\\/de\\\/#organization\",\"name\":\"UN Stamps\",\"url\":\"https:\\\/\\\/unstamps.org\\\/de\\\/\",\"logo\":{\"@type\":\"ImageObject\",\"inLanguage\":\"de-DE\",\"@id\":\"https:\\\/\\\/unstamps.org\\\/de\\\/#\\\/schema\\\/logo\\\/image\\\/\",\"url\":\"https:\\\/\\\/unstamps.org\\\/wp-content\\\/uploads\\\/2014\\\/01\\\/logo4web.jpg\",\"contentUrl\":\"https:\\\/\\\/unstamps.org\\\/wp-content\\\/uploads\\\/2014\\\/01\\\/logo4web.jpg\",\"width\":2500,\"height\":250,\"caption\":\"UN Stamps\"},\"image\":{\"@id\":\"https:\\\/\\\/unstamps.org\\\/de\\\/#\\\/schema\\\/logo\\\/image\\\/\"}}]}<\/script>\n<!-- \/ Yoast SEO plugin. -->","yoast_head_json":{"title":"Gef\u00e4hrdete Arten 2026 - UN Briefmarken","robots":{"index":"index","follow":"follow","max-snippet":"max-snippet:-1","max-image-preview":"max-image-preview:large","max-video-preview":"max-video-preview:-1"},"canonical":"https:\/\/unstamps.org\/de\/produkt\/gefahrdete-arten-2026\/","og_locale":"de_DE","og_type":"article","og_title":"Gef\u00e4hrdete Arten 2026 - UN Briefmarken","og_description":"Am 24. April 2026 setzt die Postverwaltung der Vereinten Nationen ihre Briefmarkenserie Gef\u00e4hrdete Arten mit der Ausgabe von zw\u00f6lf Briefmarken, drei Maximumkarten, einem limitierten Seidenumschlag sowie die Mappe Gef\u00e4hrdete Arten 2026 fort. Die Briefmarken Gef\u00e4hrdete Arten 2026 r\u00fccken eine Gruppe von Arten in den Mittelpunkt, die in Diskussionen \u00fcber Naturschutz oft \u00fcbersehen wird: medizinische und [&hellip;]","og_url":"https:\/\/unstamps.org\/de\/produkt\/gefahrdete-arten-2026\/","og_site_name":"UN Briefmarken","article_modified_time":"2026-04-24T16:04:16+00:00","og_image":[{"width":1024,"height":1024,"url":"https:\/\/unstamps.org\/wp-content\/uploads\/2026\/04\/2026-Species-FS-GROUP.jpg","type":"image\/jpeg"}],"twitter_card":"summary_large_image","twitter_misc":{"Gesch\u00e4tzte Lesezeit":"2 minutes"},"schema":{"@context":"https:\/\/schema.org","@graph":[{"@type":"WebPage","@id":"https:\/\/unstamps.org\/de\/produkt\/gefahrdete-arten-2026\/","url":"https:\/\/unstamps.org\/de\/produkt\/gefahrdete-arten-2026\/","name":"Gef\u00e4hrdete Arten 2026 - UN Briefmarken","isPartOf":{"@id":"https:\/\/unstamps.org\/de\/#website"},"primaryImageOfPage":{"@id":"https:\/\/unstamps.org\/de\/produkt\/gefahrdete-arten-2026\/#primaryimage"},"image":{"@id":"https:\/\/unstamps.org\/de\/produkt\/gefahrdete-arten-2026\/#primaryimage"},"thumbnailUrl":"https:\/\/unstamps.org\/wp-content\/uploads\/2026\/04\/2026-Species-FS-GROUP.jpg","datePublished":"2026-04-24T16:03:13+00:00","dateModified":"2026-04-24T16:04:16+00:00","breadcrumb":{"@id":"https:\/\/unstamps.org\/de\/produkt\/gefahrdete-arten-2026\/#breadcrumb"},"inLanguage":"de-DE","potentialAction":[{"@type":"ReadAction","target":["https:\/\/unstamps.org\/de\/produkt\/gefahrdete-arten-2026\/"]}]},{"@type":"ImageObject","inLanguage":"de-DE","@id":"https:\/\/unstamps.org\/de\/produkt\/gefahrdete-arten-2026\/#primaryimage","url":"https:\/\/unstamps.org\/wp-content\/uploads\/2026\/04\/2026-Species-FS-GROUP.jpg","contentUrl":"https:\/\/unstamps.org\/wp-content\/uploads\/2026\/04\/2026-Species-FS-GROUP.jpg","width":1024,"height":1024},{"@type":"BreadcrumbList","@id":"https:\/\/unstamps.org\/de\/produkt\/gefahrdete-arten-2026\/#breadcrumb","itemListElement":[{"@type":"ListItem","position":1,"name":"Home","item":"https:\/\/unstamps.org\/de\/"},{"@type":"ListItem","position":2,"name":"Produkte","item":"https:\/\/unstamps.org\/de\/produkte\/"},{"@type":"ListItem","position":3,"name":"Gef\u00e4hrdete Arten 2026"}]},{"@type":"WebSite","@id":"https:\/\/unstamps.org\/de\/#website","url":"https:\/\/unstamps.org\/de\/","name":"UN Stamps","description":"United Nations Stamps","publisher":{"@id":"https:\/\/unstamps.org\/de\/#organization"},"potentialAction":[{"@type":"SearchAction","target":{"@type":"EntryPoint","urlTemplate":"https:\/\/unstamps.org\/de\/?s={search_term_string}"},"query-input":{"@type":"PropertyValueSpecification","valueRequired":true,"valueName":"search_term_string"}}],"inLanguage":"de-DE"},{"@type":"Organization","@id":"https:\/\/unstamps.org\/de\/#organization","name":"UN Stamps","url":"https:\/\/unstamps.org\/de\/","logo":{"@type":"ImageObject","inLanguage":"de-DE","@id":"https:\/\/unstamps.org\/de\/#\/schema\/logo\/image\/","url":"https:\/\/unstamps.org\/wp-content\/uploads\/2014\/01\/logo4web.jpg","contentUrl":"https:\/\/unstamps.org\/wp-content\/uploads\/2014\/01\/logo4web.jpg","width":2500,"height":250,"caption":"UN Stamps"},"image":{"@id":"https:\/\/unstamps.org\/de\/#\/schema\/logo\/image\/"}}]}},"jetpack_sharing_enabled":true,"publishpress_future_action":{"enabled":false,"date":"2026-05-06 08:41:24","action":"change-status","newStatus":"private","terms":[],"taxonomy":"product_cat","extraData":[]},"publishpress_future_workflow_manual_trigger":{"enabledWorkflows":[]},"_links":{"self":[{"href":"https:\/\/unstamps.org\/de\/wp-json\/wp\/v2\/product\/200525","targetHints":{"allow":["GET"]}}],"collection":[{"href":"https:\/\/unstamps.org\/de\/wp-json\/wp\/v2\/product"}],"about":[{"href":"https:\/\/unstamps.org\/de\/wp-json\/wp\/v2\/types\/product"}],"replies":[{"embeddable":true,"href":"https:\/\/unstamps.org\/de\/wp-json\/wp\/v2\/comments?post=200525"}],"wp:featuredmedia":[{"embeddable":true,"href":"https:\/\/unstamps.org\/de\/wp-json\/wp\/v2\/media\/200781"}],"wp:attachment":[{"href":"https:\/\/unstamps.org\/de\/wp-json\/wp\/v2\/media?parent=200525"}],"wp:term":[{"taxonomy":"product_brand","embeddable":true,"href":"https:\/\/unstamps.org\/de\/wp-json\/wp\/v2\/product_brand?post=200525"},{"taxonomy":"product_cat","embeddable":true,"href":"https:\/\/unstamps.org\/de\/wp-json\/wp\/v2\/product_cat?post=200525"},{"taxonomy":"product_tag","embeddable":true,"href":"https:\/\/unstamps.org\/de\/wp-json\/wp\/v2\/product_tag?post=200525"}],"curies":[{"name":"wp","href":"https:\/\/api.w.org\/{rel}","templated":true}]}}