{"id":199300,"date":"2026-02-03T12:06:20","date_gmt":"2026-02-03T17:06:20","guid":{"rendered":"https:\/\/unstamps.org\/?post_type=product&#038;p=199300"},"modified":"2026-02-03T12:07:26","modified_gmt":"2026-02-03T17:07:26","slug":"kunstsammlung-der-un-set-mit-ganzen-bogen","status":"publish","type":"product","link":"https:\/\/unstamps.org\/de\/produkt\/kunstsammlung-der-un-set-mit-ganzen-bogen\/","title":{"rendered":"Kunstsammlung Der UN  &#8211; Set mit ganzen Bogen"},"content":{"rendered":"<p>Ausgabedatum: 4. Februar 2026<br \/>\nDesigner: Rorie Katz (Vereinte Nationen)<br \/>\nNennwerte: US$ 0.78, US$ 1.70, CHF 1,00, CHF 1,90, \u20ac 1,25, \u20ac 2,00<br \/>\nBriefmarkengr\u00f6\u00dfe: 30 mm x 40 mm<br \/>\nBlattgr\u00f6\u00dfe: 170 mm x 100 mm<br \/>\nMarken pro Bogen: 10<br \/>\nDruck: Joh. Ensched\u00e9 Stamps Security Printers B.V. (K\u00f6nigreich der Niederlande)<br \/>\nProzess: Offset Lithographie<br \/>\nDie Entw\u00fcrfe:<br \/>\n&#8211; US$ 0.78 &#8211; O Pensador K\u00fcnstler: Mpambukidi (Schenkung aus Angola) \/ Bambara (Geschenk aus Mali)<br \/>\n&#8211; US$ 1.70 Strukturen K\u00fcnstler: Napoleon V. Abueva (Schenkung von den Philippinen) \/ Zun des Friedens (Schenkung aus China)<br \/>\n&#8211; CHF 1,00 M\u00e4dchen mit Leier K\u00fcnstler: Ivan Mestrovic (Schenkung aus Kroatien) \/ Epische Geschichte von Frau und B\u00e4umen K\u00fcnstler: Stanislovas Kuzma (Schenkung aus Litauen)<br \/>\n&#8211; CHF 1,90 &#8211; Mosaik der vier Jahreszeiten (Schenkung aus Tunesien) \/ Mankind und Hope Henrik Starcke (Schenkung aus D\u00e4nemark)<br \/>\n&#8211; \u20ac 1,25 &#8211; Krieg K\u00fcnstler: Candido Portinari (Schenkung aus Brasilien) \/ Frieden K\u00fcnstler: Candido Portinari (Schenkung aus Brasilien)<br \/>\n&#8211; \u20ac 2,00 &#8211; Liegende Figur: Hand K\u00fcnstler: Henry Moore (Schenkung der Henry Moore Stiftung) \/ Wandteppich nach &#8220;Femme sur L&#8217;echelle&#8221; (Frau auf der Leiter) K\u00fcnstler: Pablo Picasso (Schenkung der Albert and Mary Lasker Foundation<\/p>\n","protected":false},"excerpt":{"rendered":"<p>Ausgabedatum: 4. Februar 2026 Designer: Rorie Katz (Vereinte Nationen) Nennwerte: US$ 0.78, US$ 1.70, CHF 1,00, CHF 1,90, \u20ac 1,25, \u20ac 2,00 Briefmarkengr\u00f6\u00dfe: 30 mm x 40 mm Blattgr\u00f6\u00dfe: 170 mm x 100 mm Marken pro Bogen: 10 Druck: Joh. Ensched\u00e9 Stamps Security Printers B.V. (K\u00f6nigreich der Niederlande) Prozess: Offset Lithographie Die Entw\u00fcrfe: &#8211; US$ [&hellip;]<\/p>\n","protected":false},"featured_media":199338,"comment_status":"closed","ping_status":"closed","template":"","meta":{"ngg_post_thumbnail":0},"product_brand":[],"product_cat":[2962,115,114,819,116],"product_tag":[],"class_list":{"0":"post-199300","1":"product","2":"type-product","3":"status-publish","4":"has-post-thumbnail","6":"product_cat-2026-de","7":"product_cat-genf","8":"product_cat-new-york-issuing-office-de","9":"product_cat-sheet-set-de","10":"product_cat-wien","11":"pa_condition-cancelled","12":"pa_condition-mint-de","14":"first","15":"instock","16":"shipping-taxable","17":"purchasable","18":"product-type-variable","19":"has-default-attributes"},"yoast_head":"<!-- This site is optimized with the Yoast SEO plugin v27.3 - https:\/\/yoast.com\/product\/yoast-seo-wordpress\/ -->\n<title>Kunstsammlung Der UN - Set mit ganzen Bogen - UN Briefmarken<\/title>\n<meta name=\"robots\" content=\"index, follow, max-snippet:-1, max-image-preview:large, max-video-preview:-1\" \/>\n<link rel=\"canonical\" href=\"https:\/\/unstamps.org\/de\/produkt\/kunstsammlung-der-un-set-mit-ganzen-bogen\/\" \/>\n<meta property=\"og:locale\" content=\"de_DE\" \/>\n<meta property=\"og:type\" content=\"article\" \/>\n<meta property=\"og:title\" content=\"Kunstsammlung Der UN - Set mit ganzen Bogen - UN Briefmarken\" \/>\n<meta property=\"og:description\" content=\"Ausgabedatum: 4. Februar 2026 Designer: Rorie Katz (Vereinte Nationen) Nennwerte: US$ 0.78, US$ 1.70, CHF 1,00, CHF 1,90, \u20ac 1,25, \u20ac 2,00 Briefmarkengr\u00f6\u00dfe: 30 mm x 40 mm Blattgr\u00f6\u00dfe: 170 mm x 100 mm Marken pro Bogen: 10 Druck: Joh. Ensched\u00e9 Stamps Security Printers B.V. (K\u00f6nigreich der Niederlande) Prozess: Offset Lithographie Die Entw\u00fcrfe: &#8211; US$ [&hellip;]\" \/>\n<meta property=\"og:url\" content=\"https:\/\/unstamps.org\/de\/produkt\/kunstsammlung-der-un-set-mit-ganzen-bogen\/\" \/>\n<meta property=\"og:site_name\" content=\"UN Briefmarken\" \/>\n<meta property=\"article:modified_time\" content=\"2026-02-03T17:07:26+00:00\" \/>\n<meta property=\"og:image\" content=\"https:\/\/unstamps.org\/wp-content\/uploads\/2026\/01\/2026-Art-FS-GROUP.jpg\" \/>\n\t<meta property=\"og:image:width\" content=\"1024\" \/>\n\t<meta property=\"og:image:height\" content=\"1024\" \/>\n\t<meta property=\"og:image:type\" content=\"image\/jpeg\" \/>\n<meta name=\"twitter:card\" content=\"summary_large_image\" \/>\n<meta name=\"twitter:label1\" content=\"Gesch\u00e4tzte Lesezeit\" \/>\n\t<meta name=\"twitter:data1\" content=\"1 minute\" \/>\n<script type=\"application\/ld+json\" class=\"yoast-schema-graph\">{\"@context\":\"https:\\\/\\\/schema.org\",\"@graph\":[{\"@type\":\"WebPage\",\"@id\":\"https:\\\/\\\/unstamps.org\\\/de\\\/produkt\\\/kunstsammlung-der-un-set-mit-ganzen-bogen\\\/\",\"url\":\"https:\\\/\\\/unstamps.org\\\/de\\\/produkt\\\/kunstsammlung-der-un-set-mit-ganzen-bogen\\\/\",\"name\":\"Kunstsammlung Der UN - Set mit ganzen Bogen - UN Briefmarken\",\"isPartOf\":{\"@id\":\"https:\\\/\\\/unstamps.org\\\/de\\\/#website\"},\"primaryImageOfPage\":{\"@id\":\"https:\\\/\\\/unstamps.org\\\/de\\\/produkt\\\/kunstsammlung-der-un-set-mit-ganzen-bogen\\\/#primaryimage\"},\"image\":{\"@id\":\"https:\\\/\\\/unstamps.org\\\/de\\\/produkt\\\/kunstsammlung-der-un-set-mit-ganzen-bogen\\\/#primaryimage\"},\"thumbnailUrl\":\"https:\\\/\\\/unstamps.org\\\/wp-content\\\/uploads\\\/2026\\\/01\\\/2026-Art-FS-GROUP.jpg\",\"datePublished\":\"2026-02-03T17:06:20+00:00\",\"dateModified\":\"2026-02-03T17:07:26+00:00\",\"breadcrumb\":{\"@id\":\"https:\\\/\\\/unstamps.org\\\/de\\\/produkt\\\/kunstsammlung-der-un-set-mit-ganzen-bogen\\\/#breadcrumb\"},\"inLanguage\":\"de-DE\",\"potentialAction\":[{\"@type\":\"ReadAction\",\"target\":[\"https:\\\/\\\/unstamps.org\\\/de\\\/produkt\\\/kunstsammlung-der-un-set-mit-ganzen-bogen\\\/\"]}]},{\"@type\":\"ImageObject\",\"inLanguage\":\"de-DE\",\"@id\":\"https:\\\/\\\/unstamps.org\\\/de\\\/produkt\\\/kunstsammlung-der-un-set-mit-ganzen-bogen\\\/#primaryimage\",\"url\":\"https:\\\/\\\/unstamps.org\\\/wp-content\\\/uploads\\\/2026\\\/01\\\/2026-Art-FS-GROUP.jpg\",\"contentUrl\":\"https:\\\/\\\/unstamps.org\\\/wp-content\\\/uploads\\\/2026\\\/01\\\/2026-Art-FS-GROUP.jpg\",\"width\":1024,\"height\":1024},{\"@type\":\"BreadcrumbList\",\"@id\":\"https:\\\/\\\/unstamps.org\\\/de\\\/produkt\\\/kunstsammlung-der-un-set-mit-ganzen-bogen\\\/#breadcrumb\",\"itemListElement\":[{\"@type\":\"ListItem\",\"position\":1,\"name\":\"Home\",\"item\":\"https:\\\/\\\/unstamps.org\\\/de\\\/\"},{\"@type\":\"ListItem\",\"position\":2,\"name\":\"Produkte\",\"item\":\"https:\\\/\\\/unstamps.org\\\/de\\\/produkte\\\/\"},{\"@type\":\"ListItem\",\"position\":3,\"name\":\"Kunstsammlung Der UN &#8211; Set mit ganzen Bogen\"}]},{\"@type\":\"WebSite\",\"@id\":\"https:\\\/\\\/unstamps.org\\\/de\\\/#website\",\"url\":\"https:\\\/\\\/unstamps.org\\\/de\\\/\",\"name\":\"UN Stamps\",\"description\":\"United Nations Stamps\",\"publisher\":{\"@id\":\"https:\\\/\\\/unstamps.org\\\/de\\\/#organization\"},\"potentialAction\":[{\"@type\":\"SearchAction\",\"target\":{\"@type\":\"EntryPoint\",\"urlTemplate\":\"https:\\\/\\\/unstamps.org\\\/de\\\/?s={search_term_string}\"},\"query-input\":{\"@type\":\"PropertyValueSpecification\",\"valueRequired\":true,\"valueName\":\"search_term_string\"}}],\"inLanguage\":\"de-DE\"},{\"@type\":\"Organization\",\"@id\":\"https:\\\/\\\/unstamps.org\\\/de\\\/#organization\",\"name\":\"UN Stamps\",\"url\":\"https:\\\/\\\/unstamps.org\\\/de\\\/\",\"logo\":{\"@type\":\"ImageObject\",\"inLanguage\":\"de-DE\",\"@id\":\"https:\\\/\\\/unstamps.org\\\/de\\\/#\\\/schema\\\/logo\\\/image\\\/\",\"url\":\"https:\\\/\\\/unstamps.org\\\/wp-content\\\/uploads\\\/2014\\\/01\\\/logo4web.jpg\",\"contentUrl\":\"https:\\\/\\\/unstamps.org\\\/wp-content\\\/uploads\\\/2014\\\/01\\\/logo4web.jpg\",\"width\":2500,\"height\":250,\"caption\":\"UN Stamps\"},\"image\":{\"@id\":\"https:\\\/\\\/unstamps.org\\\/de\\\/#\\\/schema\\\/logo\\\/image\\\/\"}}]}<\/script>\n<!-- \/ Yoast SEO plugin. -->","yoast_head_json":{"title":"Kunstsammlung Der UN - Set mit ganzen Bogen - UN Briefmarken","robots":{"index":"index","follow":"follow","max-snippet":"max-snippet:-1","max-image-preview":"max-image-preview:large","max-video-preview":"max-video-preview:-1"},"canonical":"https:\/\/unstamps.org\/de\/produkt\/kunstsammlung-der-un-set-mit-ganzen-bogen\/","og_locale":"de_DE","og_type":"article","og_title":"Kunstsammlung Der UN - Set mit ganzen Bogen - UN Briefmarken","og_description":"Ausgabedatum: 4. Februar 2026 Designer: Rorie Katz (Vereinte Nationen) Nennwerte: US$ 0.78, US$ 1.70, CHF 1,00, CHF 1,90, \u20ac 1,25, \u20ac 2,00 Briefmarkengr\u00f6\u00dfe: 30 mm x 40 mm Blattgr\u00f6\u00dfe: 170 mm x 100 mm Marken pro Bogen: 10 Druck: Joh. Ensched\u00e9 Stamps Security Printers B.V. (K\u00f6nigreich der Niederlande) Prozess: Offset Lithographie Die Entw\u00fcrfe: &#8211; US$ [&hellip;]","og_url":"https:\/\/unstamps.org\/de\/produkt\/kunstsammlung-der-un-set-mit-ganzen-bogen\/","og_site_name":"UN Briefmarken","article_modified_time":"2026-02-03T17:07:26+00:00","og_image":[{"width":1024,"height":1024,"url":"https:\/\/unstamps.org\/wp-content\/uploads\/2026\/01\/2026-Art-FS-GROUP.jpg","type":"image\/jpeg"}],"twitter_card":"summary_large_image","twitter_misc":{"Gesch\u00e4tzte Lesezeit":"1 minute"},"schema":{"@context":"https:\/\/schema.org","@graph":[{"@type":"WebPage","@id":"https:\/\/unstamps.org\/de\/produkt\/kunstsammlung-der-un-set-mit-ganzen-bogen\/","url":"https:\/\/unstamps.org\/de\/produkt\/kunstsammlung-der-un-set-mit-ganzen-bogen\/","name":"Kunstsammlung Der UN - Set mit ganzen Bogen - UN Briefmarken","isPartOf":{"@id":"https:\/\/unstamps.org\/de\/#website"},"primaryImageOfPage":{"@id":"https:\/\/unstamps.org\/de\/produkt\/kunstsammlung-der-un-set-mit-ganzen-bogen\/#primaryimage"},"image":{"@id":"https:\/\/unstamps.org\/de\/produkt\/kunstsammlung-der-un-set-mit-ganzen-bogen\/#primaryimage"},"thumbnailUrl":"https:\/\/unstamps.org\/wp-content\/uploads\/2026\/01\/2026-Art-FS-GROUP.jpg","datePublished":"2026-02-03T17:06:20+00:00","dateModified":"2026-02-03T17:07:26+00:00","breadcrumb":{"@id":"https:\/\/unstamps.org\/de\/produkt\/kunstsammlung-der-un-set-mit-ganzen-bogen\/#breadcrumb"},"inLanguage":"de-DE","potentialAction":[{"@type":"ReadAction","target":["https:\/\/unstamps.org\/de\/produkt\/kunstsammlung-der-un-set-mit-ganzen-bogen\/"]}]},{"@type":"ImageObject","inLanguage":"de-DE","@id":"https:\/\/unstamps.org\/de\/produkt\/kunstsammlung-der-un-set-mit-ganzen-bogen\/#primaryimage","url":"https:\/\/unstamps.org\/wp-content\/uploads\/2026\/01\/2026-Art-FS-GROUP.jpg","contentUrl":"https:\/\/unstamps.org\/wp-content\/uploads\/2026\/01\/2026-Art-FS-GROUP.jpg","width":1024,"height":1024},{"@type":"BreadcrumbList","@id":"https:\/\/unstamps.org\/de\/produkt\/kunstsammlung-der-un-set-mit-ganzen-bogen\/#breadcrumb","itemListElement":[{"@type":"ListItem","position":1,"name":"Home","item":"https:\/\/unstamps.org\/de\/"},{"@type":"ListItem","position":2,"name":"Produkte","item":"https:\/\/unstamps.org\/de\/produkte\/"},{"@type":"ListItem","position":3,"name":"Kunstsammlung Der UN &#8211; Set mit ganzen Bogen"}]},{"@type":"WebSite","@id":"https:\/\/unstamps.org\/de\/#website","url":"https:\/\/unstamps.org\/de\/","name":"UN Stamps","description":"United Nations Stamps","publisher":{"@id":"https:\/\/unstamps.org\/de\/#organization"},"potentialAction":[{"@type":"SearchAction","target":{"@type":"EntryPoint","urlTemplate":"https:\/\/unstamps.org\/de\/?s={search_term_string}"},"query-input":{"@type":"PropertyValueSpecification","valueRequired":true,"valueName":"search_term_string"}}],"inLanguage":"de-DE"},{"@type":"Organization","@id":"https:\/\/unstamps.org\/de\/#organization","name":"UN Stamps","url":"https:\/\/unstamps.org\/de\/","logo":{"@type":"ImageObject","inLanguage":"de-DE","@id":"https:\/\/unstamps.org\/de\/#\/schema\/logo\/image\/","url":"https:\/\/unstamps.org\/wp-content\/uploads\/2014\/01\/logo4web.jpg","contentUrl":"https:\/\/unstamps.org\/wp-content\/uploads\/2014\/01\/logo4web.jpg","width":2500,"height":250,"caption":"UN Stamps"},"image":{"@id":"https:\/\/unstamps.org\/de\/#\/schema\/logo\/image\/"}}]}},"jetpack_sharing_enabled":true,"publishpress_future_action":{"enabled":false,"date":"2026-04-13 03:24:48","action":"change-status","newStatus":"private","terms":[],"taxonomy":"product_cat","extraData":[]},"publishpress_future_workflow_manual_trigger":{"enabledWorkflows":[]},"_links":{"self":[{"href":"https:\/\/unstamps.org\/de\/wp-json\/wp\/v2\/product\/199300","targetHints":{"allow":["GET"]}}],"collection":[{"href":"https:\/\/unstamps.org\/de\/wp-json\/wp\/v2\/product"}],"about":[{"href":"https:\/\/unstamps.org\/de\/wp-json\/wp\/v2\/types\/product"}],"replies":[{"embeddable":true,"href":"https:\/\/unstamps.org\/de\/wp-json\/wp\/v2\/comments?post=199300"}],"wp:featuredmedia":[{"embeddable":true,"href":"https:\/\/unstamps.org\/de\/wp-json\/wp\/v2\/media\/199338"}],"wp:attachment":[{"href":"https:\/\/unstamps.org\/de\/wp-json\/wp\/v2\/media?parent=199300"}],"wp:term":[{"taxonomy":"product_brand","embeddable":true,"href":"https:\/\/unstamps.org\/de\/wp-json\/wp\/v2\/product_brand?post=199300"},{"taxonomy":"product_cat","embeddable":true,"href":"https:\/\/unstamps.org\/de\/wp-json\/wp\/v2\/product_cat?post=199300"},{"taxonomy":"product_tag","embeddable":true,"href":"https:\/\/unstamps.org\/de\/wp-json\/wp\/v2\/product_tag?post=199300"}],"curies":[{"name":"wp","href":"https:\/\/api.w.org\/{rel}","templated":true}]}}