{"id":199257,"date":"2026-02-03T11:31:20","date_gmt":"2026-02-03T16:31:20","guid":{"rendered":"https:\/\/unstamps.org\/?post_type=product&#038;p=199257"},"modified":"2026-02-03T11:32:22","modified_gmt":"2026-02-03T16:32:22","slug":"kunstsammlung-der-un-ersttagsumschlage-single-ny","status":"publish","type":"product","link":"https:\/\/unstamps.org\/de\/produkt\/kunstsammlung-der-un-ersttagsumschlage-single-ny\/","title":{"rendered":"Kunstsammlung Der UN &#8211; Ersttagsumschl\u00e4ge Single NY"},"content":{"rendered":"<p>(Die abgebildeten Ersttagsumschl\u00e4ge sind Vorabmuster, die Originale k\u00f6nnen geringf\u00fcgig von den Abbildungen abweichen).<\/p>\n<p>Die Ersttagsumschl\u00e4ge f\u00fcr die Ausgabe \u201cKunstsammlung Der UN&#8221;:<\/p>\n<ul>\n<li><strong>Single<\/strong>\u00a0\u2013 insgesamt sechs Umschl\u00e4ge mit je einem der ausgegebenen Werte, entsprechend abgestempelt<\/li>\n<li><strong>Trio<\/strong>\u00a0\u2013 ein amtlicher Ersttagsumschlag im Gro\u00dfformat mit den sechs ausgegebenen Briefmarken, entsprechend abgestempelt f\u00fcr New York, Genf und Wien<\/li>\n<\/ul>\n<p><img loading=\"lazy\" decoding=\"async\" class=\"aligncenter size-large wp-image-199321\" src=\"https:\/\/unstamps.org\/wp-content\/uploads\/2026\/01\/2026-Art-Cancels-Web-860x295.jpg\" alt=\"\" width=\"860\" height=\"295\" srcset=\"https:\/\/unstamps.org\/wp-content\/uploads\/2026\/01\/2026-Art-Cancels-Web-860x295.jpg 860w, https:\/\/unstamps.org\/wp-content\/uploads\/2026\/01\/2026-Art-Cancels-Web-768x263.jpg 768w, https:\/\/unstamps.org\/wp-content\/uploads\/2026\/01\/2026-Art-Cancels-Web-1170x401.jpg 1170w, https:\/\/unstamps.org\/wp-content\/uploads\/2026\/01\/2026-Art-Cancels-Web-600x206.jpg 600w, https:\/\/unstamps.org\/wp-content\/uploads\/2026\/01\/2026-Art-Cancels-Web.jpg 1278w\" sizes=\"auto, (max-width: 860px) 100vw, 860px\" \/><\/p>\n","protected":false},"excerpt":{"rendered":"<p>(Die abgebildeten Ersttagsumschl\u00e4ge sind Vorabmuster, die Originale k\u00f6nnen geringf\u00fcgig von den Abbildungen abweichen). Die Ersttagsumschl\u00e4ge f\u00fcr die Ausgabe \u201cKunstsammlung Der UN&#8221;: Single\u00a0\u2013 insgesamt sechs Umschl\u00e4ge mit je einem der ausgegebenen Werte, entsprechend abgestempelt Trio\u00a0\u2013 ein amtlicher Ersttagsumschlag im Gro\u00dfformat mit den sechs ausgegebenen Briefmarken, entsprechend abgestempelt f\u00fcr New York, Genf und Wien<\/p>\n","protected":false},"featured_media":199418,"comment_status":"closed","ping_status":"closed","template":"","meta":{"ngg_post_thumbnail":0},"product_brand":[],"product_cat":[2962,185,114],"product_tag":[],"class_list":{"0":"post-199257","1":"product","2":"type-product","3":"status-publish","4":"has-post-thumbnail","6":"product_cat-2026-de","7":"product_cat-ersttagsumschlage","8":"product_cat-new-york-issuing-office-de","10":"first","11":"instock","12":"shipping-taxable","13":"purchasable","14":"product-type-simple"},"yoast_head":"<!-- This site is optimized with the Yoast SEO plugin v27.3 - https:\/\/yoast.com\/product\/yoast-seo-wordpress\/ -->\n<title>Kunstsammlung Der UN - Ersttagsumschl\u00e4ge Single NY - UN Briefmarken<\/title>\n<meta name=\"robots\" content=\"index, follow, max-snippet:-1, max-image-preview:large, max-video-preview:-1\" \/>\n<link rel=\"canonical\" href=\"https:\/\/unstamps.org\/de\/produkt\/kunstsammlung-der-un-ersttagsumschlage-single-ny\/\" \/>\n<meta property=\"og:locale\" content=\"de_DE\" \/>\n<meta property=\"og:type\" content=\"article\" \/>\n<meta property=\"og:title\" content=\"Kunstsammlung Der UN - Ersttagsumschl\u00e4ge Single NY - UN Briefmarken\" \/>\n<meta property=\"og:description\" content=\"(Die abgebildeten Ersttagsumschl\u00e4ge sind Vorabmuster, die Originale k\u00f6nnen geringf\u00fcgig von den Abbildungen abweichen). Die Ersttagsumschl\u00e4ge f\u00fcr die Ausgabe \u201cKunstsammlung Der UN&#8221;: Single\u00a0\u2013 insgesamt sechs Umschl\u00e4ge mit je einem der ausgegebenen Werte, entsprechend abgestempelt Trio\u00a0\u2013 ein amtlicher Ersttagsumschlag im Gro\u00dfformat mit den sechs ausgegebenen Briefmarken, entsprechend abgestempelt f\u00fcr New York, Genf und Wien\" \/>\n<meta property=\"og:url\" content=\"https:\/\/unstamps.org\/de\/produkt\/kunstsammlung-der-un-ersttagsumschlage-single-ny\/\" \/>\n<meta property=\"og:site_name\" content=\"UN Briefmarken\" \/>\n<meta property=\"article:modified_time\" content=\"2026-02-03T16:32:22+00:00\" \/>\n<meta property=\"og:image\" content=\"https:\/\/unstamps.org\/wp-content\/uploads\/2026\/01\/2026-Art-FDC-Singles-NY-BOTH.jpg\" \/>\n\t<meta property=\"og:image:width\" content=\"1024\" \/>\n\t<meta property=\"og:image:height\" content=\"1024\" \/>\n\t<meta property=\"og:image:type\" content=\"image\/jpeg\" \/>\n<meta name=\"twitter:card\" content=\"summary_large_image\" \/>\n<script type=\"application\/ld+json\" class=\"yoast-schema-graph\">{\"@context\":\"https:\\\/\\\/schema.org\",\"@graph\":[{\"@type\":\"WebPage\",\"@id\":\"https:\\\/\\\/unstamps.org\\\/de\\\/produkt\\\/kunstsammlung-der-un-ersttagsumschlage-single-ny\\\/\",\"url\":\"https:\\\/\\\/unstamps.org\\\/de\\\/produkt\\\/kunstsammlung-der-un-ersttagsumschlage-single-ny\\\/\",\"name\":\"Kunstsammlung Der UN - Ersttagsumschl\u00e4ge Single NY - UN Briefmarken\",\"isPartOf\":{\"@id\":\"https:\\\/\\\/unstamps.org\\\/de\\\/#website\"},\"primaryImageOfPage\":{\"@id\":\"https:\\\/\\\/unstamps.org\\\/de\\\/produkt\\\/kunstsammlung-der-un-ersttagsumschlage-single-ny\\\/#primaryimage\"},\"image\":{\"@id\":\"https:\\\/\\\/unstamps.org\\\/de\\\/produkt\\\/kunstsammlung-der-un-ersttagsumschlage-single-ny\\\/#primaryimage\"},\"thumbnailUrl\":\"https:\\\/\\\/unstamps.org\\\/wp-content\\\/uploads\\\/2026\\\/01\\\/2026-Art-FDC-Singles-NY-BOTH.jpg\",\"datePublished\":\"2026-02-03T16:31:20+00:00\",\"dateModified\":\"2026-02-03T16:32:22+00:00\",\"breadcrumb\":{\"@id\":\"https:\\\/\\\/unstamps.org\\\/de\\\/produkt\\\/kunstsammlung-der-un-ersttagsumschlage-single-ny\\\/#breadcrumb\"},\"inLanguage\":\"de-DE\",\"potentialAction\":[{\"@type\":\"ReadAction\",\"target\":[\"https:\\\/\\\/unstamps.org\\\/de\\\/produkt\\\/kunstsammlung-der-un-ersttagsumschlage-single-ny\\\/\"]}]},{\"@type\":\"ImageObject\",\"inLanguage\":\"de-DE\",\"@id\":\"https:\\\/\\\/unstamps.org\\\/de\\\/produkt\\\/kunstsammlung-der-un-ersttagsumschlage-single-ny\\\/#primaryimage\",\"url\":\"https:\\\/\\\/unstamps.org\\\/wp-content\\\/uploads\\\/2026\\\/01\\\/2026-Art-FDC-Singles-NY-BOTH.jpg\",\"contentUrl\":\"https:\\\/\\\/unstamps.org\\\/wp-content\\\/uploads\\\/2026\\\/01\\\/2026-Art-FDC-Singles-NY-BOTH.jpg\",\"width\":1024,\"height\":1024},{\"@type\":\"BreadcrumbList\",\"@id\":\"https:\\\/\\\/unstamps.org\\\/de\\\/produkt\\\/kunstsammlung-der-un-ersttagsumschlage-single-ny\\\/#breadcrumb\",\"itemListElement\":[{\"@type\":\"ListItem\",\"position\":1,\"name\":\"Home\",\"item\":\"https:\\\/\\\/unstamps.org\\\/de\\\/\"},{\"@type\":\"ListItem\",\"position\":2,\"name\":\"Produkte\",\"item\":\"https:\\\/\\\/unstamps.org\\\/de\\\/produkte\\\/\"},{\"@type\":\"ListItem\",\"position\":3,\"name\":\"Kunstsammlung Der UN &#8211; Ersttagsumschl\u00e4ge Single NY\"}]},{\"@type\":\"WebSite\",\"@id\":\"https:\\\/\\\/unstamps.org\\\/de\\\/#website\",\"url\":\"https:\\\/\\\/unstamps.org\\\/de\\\/\",\"name\":\"UN Stamps\",\"description\":\"United Nations Stamps\",\"publisher\":{\"@id\":\"https:\\\/\\\/unstamps.org\\\/de\\\/#organization\"},\"potentialAction\":[{\"@type\":\"SearchAction\",\"target\":{\"@type\":\"EntryPoint\",\"urlTemplate\":\"https:\\\/\\\/unstamps.org\\\/de\\\/?s={search_term_string}\"},\"query-input\":{\"@type\":\"PropertyValueSpecification\",\"valueRequired\":true,\"valueName\":\"search_term_string\"}}],\"inLanguage\":\"de-DE\"},{\"@type\":\"Organization\",\"@id\":\"https:\\\/\\\/unstamps.org\\\/de\\\/#organization\",\"name\":\"UN Stamps\",\"url\":\"https:\\\/\\\/unstamps.org\\\/de\\\/\",\"logo\":{\"@type\":\"ImageObject\",\"inLanguage\":\"de-DE\",\"@id\":\"https:\\\/\\\/unstamps.org\\\/de\\\/#\\\/schema\\\/logo\\\/image\\\/\",\"url\":\"https:\\\/\\\/unstamps.org\\\/wp-content\\\/uploads\\\/2014\\\/01\\\/logo4web.jpg\",\"contentUrl\":\"https:\\\/\\\/unstamps.org\\\/wp-content\\\/uploads\\\/2014\\\/01\\\/logo4web.jpg\",\"width\":2500,\"height\":250,\"caption\":\"UN Stamps\"},\"image\":{\"@id\":\"https:\\\/\\\/unstamps.org\\\/de\\\/#\\\/schema\\\/logo\\\/image\\\/\"}}]}<\/script>\n<!-- \/ Yoast SEO plugin. -->","yoast_head_json":{"title":"Kunstsammlung Der UN - Ersttagsumschl\u00e4ge Single NY - UN Briefmarken","robots":{"index":"index","follow":"follow","max-snippet":"max-snippet:-1","max-image-preview":"max-image-preview:large","max-video-preview":"max-video-preview:-1"},"canonical":"https:\/\/unstamps.org\/de\/produkt\/kunstsammlung-der-un-ersttagsumschlage-single-ny\/","og_locale":"de_DE","og_type":"article","og_title":"Kunstsammlung Der UN - Ersttagsumschl\u00e4ge Single NY - UN Briefmarken","og_description":"(Die abgebildeten Ersttagsumschl\u00e4ge sind Vorabmuster, die Originale k\u00f6nnen geringf\u00fcgig von den Abbildungen abweichen). Die Ersttagsumschl\u00e4ge f\u00fcr die Ausgabe \u201cKunstsammlung Der UN&#8221;: Single\u00a0\u2013 insgesamt sechs Umschl\u00e4ge mit je einem der ausgegebenen Werte, entsprechend abgestempelt Trio\u00a0\u2013 ein amtlicher Ersttagsumschlag im Gro\u00dfformat mit den sechs ausgegebenen Briefmarken, entsprechend abgestempelt f\u00fcr New York, Genf und Wien","og_url":"https:\/\/unstamps.org\/de\/produkt\/kunstsammlung-der-un-ersttagsumschlage-single-ny\/","og_site_name":"UN Briefmarken","article_modified_time":"2026-02-03T16:32:22+00:00","og_image":[{"width":1024,"height":1024,"url":"https:\/\/unstamps.org\/wp-content\/uploads\/2026\/01\/2026-Art-FDC-Singles-NY-BOTH.jpg","type":"image\/jpeg"}],"twitter_card":"summary_large_image","schema":{"@context":"https:\/\/schema.org","@graph":[{"@type":"WebPage","@id":"https:\/\/unstamps.org\/de\/produkt\/kunstsammlung-der-un-ersttagsumschlage-single-ny\/","url":"https:\/\/unstamps.org\/de\/produkt\/kunstsammlung-der-un-ersttagsumschlage-single-ny\/","name":"Kunstsammlung Der UN - Ersttagsumschl\u00e4ge Single NY - UN Briefmarken","isPartOf":{"@id":"https:\/\/unstamps.org\/de\/#website"},"primaryImageOfPage":{"@id":"https:\/\/unstamps.org\/de\/produkt\/kunstsammlung-der-un-ersttagsumschlage-single-ny\/#primaryimage"},"image":{"@id":"https:\/\/unstamps.org\/de\/produkt\/kunstsammlung-der-un-ersttagsumschlage-single-ny\/#primaryimage"},"thumbnailUrl":"https:\/\/unstamps.org\/wp-content\/uploads\/2026\/01\/2026-Art-FDC-Singles-NY-BOTH.jpg","datePublished":"2026-02-03T16:31:20+00:00","dateModified":"2026-02-03T16:32:22+00:00","breadcrumb":{"@id":"https:\/\/unstamps.org\/de\/produkt\/kunstsammlung-der-un-ersttagsumschlage-single-ny\/#breadcrumb"},"inLanguage":"de-DE","potentialAction":[{"@type":"ReadAction","target":["https:\/\/unstamps.org\/de\/produkt\/kunstsammlung-der-un-ersttagsumschlage-single-ny\/"]}]},{"@type":"ImageObject","inLanguage":"de-DE","@id":"https:\/\/unstamps.org\/de\/produkt\/kunstsammlung-der-un-ersttagsumschlage-single-ny\/#primaryimage","url":"https:\/\/unstamps.org\/wp-content\/uploads\/2026\/01\/2026-Art-FDC-Singles-NY-BOTH.jpg","contentUrl":"https:\/\/unstamps.org\/wp-content\/uploads\/2026\/01\/2026-Art-FDC-Singles-NY-BOTH.jpg","width":1024,"height":1024},{"@type":"BreadcrumbList","@id":"https:\/\/unstamps.org\/de\/produkt\/kunstsammlung-der-un-ersttagsumschlage-single-ny\/#breadcrumb","itemListElement":[{"@type":"ListItem","position":1,"name":"Home","item":"https:\/\/unstamps.org\/de\/"},{"@type":"ListItem","position":2,"name":"Produkte","item":"https:\/\/unstamps.org\/de\/produkte\/"},{"@type":"ListItem","position":3,"name":"Kunstsammlung Der UN &#8211; Ersttagsumschl\u00e4ge Single NY"}]},{"@type":"WebSite","@id":"https:\/\/unstamps.org\/de\/#website","url":"https:\/\/unstamps.org\/de\/","name":"UN Stamps","description":"United Nations Stamps","publisher":{"@id":"https:\/\/unstamps.org\/de\/#organization"},"potentialAction":[{"@type":"SearchAction","target":{"@type":"EntryPoint","urlTemplate":"https:\/\/unstamps.org\/de\/?s={search_term_string}"},"query-input":{"@type":"PropertyValueSpecification","valueRequired":true,"valueName":"search_term_string"}}],"inLanguage":"de-DE"},{"@type":"Organization","@id":"https:\/\/unstamps.org\/de\/#organization","name":"UN Stamps","url":"https:\/\/unstamps.org\/de\/","logo":{"@type":"ImageObject","inLanguage":"de-DE","@id":"https:\/\/unstamps.org\/de\/#\/schema\/logo\/image\/","url":"https:\/\/unstamps.org\/wp-content\/uploads\/2014\/01\/logo4web.jpg","contentUrl":"https:\/\/unstamps.org\/wp-content\/uploads\/2014\/01\/logo4web.jpg","width":2500,"height":250,"caption":"UN Stamps"},"image":{"@id":"https:\/\/unstamps.org\/de\/#\/schema\/logo\/image\/"}}]}},"jetpack_sharing_enabled":true,"publishpress_future_action":{"enabled":false,"date":"2026-04-11 03:42:58","action":"change-status","newStatus":"private","terms":[],"taxonomy":"product_cat","extraData":[]},"publishpress_future_workflow_manual_trigger":{"enabledWorkflows":[]},"_links":{"self":[{"href":"https:\/\/unstamps.org\/de\/wp-json\/wp\/v2\/product\/199257","targetHints":{"allow":["GET"]}}],"collection":[{"href":"https:\/\/unstamps.org\/de\/wp-json\/wp\/v2\/product"}],"about":[{"href":"https:\/\/unstamps.org\/de\/wp-json\/wp\/v2\/types\/product"}],"replies":[{"embeddable":true,"href":"https:\/\/unstamps.org\/de\/wp-json\/wp\/v2\/comments?post=199257"}],"wp:featuredmedia":[{"embeddable":true,"href":"https:\/\/unstamps.org\/de\/wp-json\/wp\/v2\/media\/199418"}],"wp:attachment":[{"href":"https:\/\/unstamps.org\/de\/wp-json\/wp\/v2\/media?parent=199257"}],"wp:term":[{"taxonomy":"product_brand","embeddable":true,"href":"https:\/\/unstamps.org\/de\/wp-json\/wp\/v2\/product_brand?post=199257"},{"taxonomy":"product_cat","embeddable":true,"href":"https:\/\/unstamps.org\/de\/wp-json\/wp\/v2\/product_cat?post=199257"},{"taxonomy":"product_tag","embeddable":true,"href":"https:\/\/unstamps.org\/de\/wp-json\/wp\/v2\/product_tag?post=199257"}],"curies":[{"name":"wp","href":"https:\/\/api.w.org\/{rel}","templated":true}]}}