{"id":199213,"date":"2026-02-03T11:40:36","date_gmt":"2026-02-03T16:40:36","guid":{"rendered":"https:\/\/unstamps.org\/?post_type=product&#038;p=199213"},"modified":"2026-02-03T11:41:46","modified_gmt":"2026-02-03T16:41:46","slug":"kunstsammlung-der-un-chf-190-ganzer-bogen","status":"publish","type":"product","link":"https:\/\/unstamps.org\/de\/produkt\/kunstsammlung-der-un-chf-190-ganzer-bogen\/","title":{"rendered":"Kunstsammlung Der UN &#8211; CHF 1,90 &#8211; Ganzer Bogen"},"content":{"rendered":"<p><strong>Mosaik der vier Jahreszeiten<\/strong> (Schenkung aus Tunesien)<br \/>\n<strong>Mankind und Hope<\/strong> Henrik Starcke (Schenkung aus D\u00e4nemark)<\/p>\n<p><strong>Ausgabedatum:<\/strong> 4. Februar 2026<br \/>\n<strong>Designer:<\/strong> Rorie Katz (Vereinte Nationen)<br \/>\n<strong>Briefmarkengr\u00f6\u00dfe:<\/strong> 30 mm x 40 mm<br \/>\n<strong>Blattgr\u00f6\u00dfe:<\/strong> 170 mm x 100 mm<br \/>\n<strong>Marken pro Bogen:<\/strong> 10<br \/>\n<strong>Druck:<\/strong> Joh. Ensched\u00e9 Stamps Security Printers B.V. (K\u00f6nigreich der Niederlande)<br \/>\n<strong>Prozess:<\/strong> Offset Lithographie<\/p>\n","protected":false},"excerpt":{"rendered":"<p>Mosaik der vier Jahreszeiten (Schenkung aus Tunesien) Mankind und Hope Henrik Starcke (Schenkung aus D\u00e4nemark) Ausgabedatum: 4. Februar 2026 Designer: Rorie Katz (Vereinte Nationen) Briefmarkengr\u00f6\u00dfe: 30 mm x 40 mm Blattgr\u00f6\u00dfe: 170 mm x 100 mm Marken pro Bogen: 10 Druck: Joh. Ensched\u00e9 Stamps Security Printers B.V. (K\u00f6nigreich der Niederlande) Prozess: Offset Lithographie<\/p>\n","protected":false},"featured_media":199399,"comment_status":"closed","ping_status":"closed","template":"","meta":{"ngg_post_thumbnail":0},"product_brand":[],"product_cat":[2962,223,115],"product_tag":[],"class_list":{"0":"post-199213","1":"product","2":"type-product","3":"status-publish","4":"has-post-thumbnail","6":"product_cat-2026-de","7":"product_cat-ganzer-bogen","8":"product_cat-genf","9":"pa_condition-cancelled","10":"pa_condition-mint-de","12":"first","13":"instock","14":"shipping-taxable","15":"purchasable","16":"product-type-variable","17":"has-default-attributes"},"yoast_head":"<!-- This site is optimized with the Yoast SEO plugin v27.3 - https:\/\/yoast.com\/product\/yoast-seo-wordpress\/ -->\n<title>Kunstsammlung Der UN - CHF 1,90 - Ganzer Bogen - UN Briefmarken<\/title>\n<meta name=\"robots\" content=\"index, follow, max-snippet:-1, max-image-preview:large, max-video-preview:-1\" \/>\n<link rel=\"canonical\" href=\"https:\/\/unstamps.org\/de\/produkt\/kunstsammlung-der-un-chf-190-ganzer-bogen\/\" \/>\n<meta property=\"og:locale\" content=\"de_DE\" \/>\n<meta property=\"og:type\" content=\"article\" \/>\n<meta property=\"og:title\" content=\"Kunstsammlung Der UN - CHF 1,90 - Ganzer Bogen - UN Briefmarken\" \/>\n<meta property=\"og:description\" content=\"Mosaik der vier Jahreszeiten (Schenkung aus Tunesien) Mankind und Hope Henrik Starcke (Schenkung aus D\u00e4nemark) Ausgabedatum: 4. Februar 2026 Designer: Rorie Katz (Vereinte Nationen) Briefmarkengr\u00f6\u00dfe: 30 mm x 40 mm Blattgr\u00f6\u00dfe: 170 mm x 100 mm Marken pro Bogen: 10 Druck: Joh. Ensched\u00e9 Stamps Security Printers B.V. (K\u00f6nigreich der Niederlande) Prozess: Offset Lithographie\" \/>\n<meta property=\"og:url\" content=\"https:\/\/unstamps.org\/de\/produkt\/kunstsammlung-der-un-chf-190-ganzer-bogen\/\" \/>\n<meta property=\"og:site_name\" content=\"UN Briefmarken\" \/>\n<meta property=\"article:modified_time\" content=\"2026-02-03T16:41:46+00:00\" \/>\n<meta property=\"og:image\" content=\"https:\/\/unstamps.org\/wp-content\/uploads\/2026\/01\/2026-Art-FS-GE2.jpg\" \/>\n\t<meta property=\"og:image:width\" content=\"1024\" \/>\n\t<meta property=\"og:image:height\" content=\"1024\" \/>\n\t<meta property=\"og:image:type\" content=\"image\/jpeg\" \/>\n<meta name=\"twitter:card\" content=\"summary_large_image\" \/>\n<script type=\"application\/ld+json\" class=\"yoast-schema-graph\">{\"@context\":\"https:\\\/\\\/schema.org\",\"@graph\":[{\"@type\":\"WebPage\",\"@id\":\"https:\\\/\\\/unstamps.org\\\/de\\\/produkt\\\/kunstsammlung-der-un-chf-190-ganzer-bogen\\\/\",\"url\":\"https:\\\/\\\/unstamps.org\\\/de\\\/produkt\\\/kunstsammlung-der-un-chf-190-ganzer-bogen\\\/\",\"name\":\"Kunstsammlung Der UN - CHF 1,90 - Ganzer Bogen - UN Briefmarken\",\"isPartOf\":{\"@id\":\"https:\\\/\\\/unstamps.org\\\/de\\\/#website\"},\"primaryImageOfPage\":{\"@id\":\"https:\\\/\\\/unstamps.org\\\/de\\\/produkt\\\/kunstsammlung-der-un-chf-190-ganzer-bogen\\\/#primaryimage\"},\"image\":{\"@id\":\"https:\\\/\\\/unstamps.org\\\/de\\\/produkt\\\/kunstsammlung-der-un-chf-190-ganzer-bogen\\\/#primaryimage\"},\"thumbnailUrl\":\"https:\\\/\\\/unstamps.org\\\/wp-content\\\/uploads\\\/2026\\\/01\\\/2026-Art-FS-GE2.jpg\",\"datePublished\":\"2026-02-03T16:40:36+00:00\",\"dateModified\":\"2026-02-03T16:41:46+00:00\",\"breadcrumb\":{\"@id\":\"https:\\\/\\\/unstamps.org\\\/de\\\/produkt\\\/kunstsammlung-der-un-chf-190-ganzer-bogen\\\/#breadcrumb\"},\"inLanguage\":\"de-DE\",\"potentialAction\":[{\"@type\":\"ReadAction\",\"target\":[\"https:\\\/\\\/unstamps.org\\\/de\\\/produkt\\\/kunstsammlung-der-un-chf-190-ganzer-bogen\\\/\"]}]},{\"@type\":\"ImageObject\",\"inLanguage\":\"de-DE\",\"@id\":\"https:\\\/\\\/unstamps.org\\\/de\\\/produkt\\\/kunstsammlung-der-un-chf-190-ganzer-bogen\\\/#primaryimage\",\"url\":\"https:\\\/\\\/unstamps.org\\\/wp-content\\\/uploads\\\/2026\\\/01\\\/2026-Art-FS-GE2.jpg\",\"contentUrl\":\"https:\\\/\\\/unstamps.org\\\/wp-content\\\/uploads\\\/2026\\\/01\\\/2026-Art-FS-GE2.jpg\",\"width\":1024,\"height\":1024},{\"@type\":\"BreadcrumbList\",\"@id\":\"https:\\\/\\\/unstamps.org\\\/de\\\/produkt\\\/kunstsammlung-der-un-chf-190-ganzer-bogen\\\/#breadcrumb\",\"itemListElement\":[{\"@type\":\"ListItem\",\"position\":1,\"name\":\"Home\",\"item\":\"https:\\\/\\\/unstamps.org\\\/de\\\/\"},{\"@type\":\"ListItem\",\"position\":2,\"name\":\"Produkte\",\"item\":\"https:\\\/\\\/unstamps.org\\\/de\\\/produkte\\\/\"},{\"@type\":\"ListItem\",\"position\":3,\"name\":\"Kunstsammlung Der UN &#8211; CHF 1,90 &#8211; Ganzer Bogen\"}]},{\"@type\":\"WebSite\",\"@id\":\"https:\\\/\\\/unstamps.org\\\/de\\\/#website\",\"url\":\"https:\\\/\\\/unstamps.org\\\/de\\\/\",\"name\":\"UN Stamps\",\"description\":\"United Nations Stamps\",\"publisher\":{\"@id\":\"https:\\\/\\\/unstamps.org\\\/de\\\/#organization\"},\"potentialAction\":[{\"@type\":\"SearchAction\",\"target\":{\"@type\":\"EntryPoint\",\"urlTemplate\":\"https:\\\/\\\/unstamps.org\\\/de\\\/?s={search_term_string}\"},\"query-input\":{\"@type\":\"PropertyValueSpecification\",\"valueRequired\":true,\"valueName\":\"search_term_string\"}}],\"inLanguage\":\"de-DE\"},{\"@type\":\"Organization\",\"@id\":\"https:\\\/\\\/unstamps.org\\\/de\\\/#organization\",\"name\":\"UN Stamps\",\"url\":\"https:\\\/\\\/unstamps.org\\\/de\\\/\",\"logo\":{\"@type\":\"ImageObject\",\"inLanguage\":\"de-DE\",\"@id\":\"https:\\\/\\\/unstamps.org\\\/de\\\/#\\\/schema\\\/logo\\\/image\\\/\",\"url\":\"https:\\\/\\\/unstamps.org\\\/wp-content\\\/uploads\\\/2014\\\/01\\\/logo4web.jpg\",\"contentUrl\":\"https:\\\/\\\/unstamps.org\\\/wp-content\\\/uploads\\\/2014\\\/01\\\/logo4web.jpg\",\"width\":2500,\"height\":250,\"caption\":\"UN Stamps\"},\"image\":{\"@id\":\"https:\\\/\\\/unstamps.org\\\/de\\\/#\\\/schema\\\/logo\\\/image\\\/\"}}]}<\/script>\n<!-- \/ Yoast SEO plugin. -->","yoast_head_json":{"title":"Kunstsammlung Der UN - CHF 1,90 - Ganzer Bogen - UN Briefmarken","robots":{"index":"index","follow":"follow","max-snippet":"max-snippet:-1","max-image-preview":"max-image-preview:large","max-video-preview":"max-video-preview:-1"},"canonical":"https:\/\/unstamps.org\/de\/produkt\/kunstsammlung-der-un-chf-190-ganzer-bogen\/","og_locale":"de_DE","og_type":"article","og_title":"Kunstsammlung Der UN - CHF 1,90 - Ganzer Bogen - UN Briefmarken","og_description":"Mosaik der vier Jahreszeiten (Schenkung aus Tunesien) Mankind und Hope Henrik Starcke (Schenkung aus D\u00e4nemark) Ausgabedatum: 4. Februar 2026 Designer: Rorie Katz (Vereinte Nationen) Briefmarkengr\u00f6\u00dfe: 30 mm x 40 mm Blattgr\u00f6\u00dfe: 170 mm x 100 mm Marken pro Bogen: 10 Druck: Joh. Ensched\u00e9 Stamps Security Printers B.V. (K\u00f6nigreich der Niederlande) Prozess: Offset Lithographie","og_url":"https:\/\/unstamps.org\/de\/produkt\/kunstsammlung-der-un-chf-190-ganzer-bogen\/","og_site_name":"UN Briefmarken","article_modified_time":"2026-02-03T16:41:46+00:00","og_image":[{"width":1024,"height":1024,"url":"https:\/\/unstamps.org\/wp-content\/uploads\/2026\/01\/2026-Art-FS-GE2.jpg","type":"image\/jpeg"}],"twitter_card":"summary_large_image","schema":{"@context":"https:\/\/schema.org","@graph":[{"@type":"WebPage","@id":"https:\/\/unstamps.org\/de\/produkt\/kunstsammlung-der-un-chf-190-ganzer-bogen\/","url":"https:\/\/unstamps.org\/de\/produkt\/kunstsammlung-der-un-chf-190-ganzer-bogen\/","name":"Kunstsammlung Der UN - CHF 1,90 - Ganzer Bogen - UN Briefmarken","isPartOf":{"@id":"https:\/\/unstamps.org\/de\/#website"},"primaryImageOfPage":{"@id":"https:\/\/unstamps.org\/de\/produkt\/kunstsammlung-der-un-chf-190-ganzer-bogen\/#primaryimage"},"image":{"@id":"https:\/\/unstamps.org\/de\/produkt\/kunstsammlung-der-un-chf-190-ganzer-bogen\/#primaryimage"},"thumbnailUrl":"https:\/\/unstamps.org\/wp-content\/uploads\/2026\/01\/2026-Art-FS-GE2.jpg","datePublished":"2026-02-03T16:40:36+00:00","dateModified":"2026-02-03T16:41:46+00:00","breadcrumb":{"@id":"https:\/\/unstamps.org\/de\/produkt\/kunstsammlung-der-un-chf-190-ganzer-bogen\/#breadcrumb"},"inLanguage":"de-DE","potentialAction":[{"@type":"ReadAction","target":["https:\/\/unstamps.org\/de\/produkt\/kunstsammlung-der-un-chf-190-ganzer-bogen\/"]}]},{"@type":"ImageObject","inLanguage":"de-DE","@id":"https:\/\/unstamps.org\/de\/produkt\/kunstsammlung-der-un-chf-190-ganzer-bogen\/#primaryimage","url":"https:\/\/unstamps.org\/wp-content\/uploads\/2026\/01\/2026-Art-FS-GE2.jpg","contentUrl":"https:\/\/unstamps.org\/wp-content\/uploads\/2026\/01\/2026-Art-FS-GE2.jpg","width":1024,"height":1024},{"@type":"BreadcrumbList","@id":"https:\/\/unstamps.org\/de\/produkt\/kunstsammlung-der-un-chf-190-ganzer-bogen\/#breadcrumb","itemListElement":[{"@type":"ListItem","position":1,"name":"Home","item":"https:\/\/unstamps.org\/de\/"},{"@type":"ListItem","position":2,"name":"Produkte","item":"https:\/\/unstamps.org\/de\/produkte\/"},{"@type":"ListItem","position":3,"name":"Kunstsammlung Der UN &#8211; CHF 1,90 &#8211; Ganzer Bogen"}]},{"@type":"WebSite","@id":"https:\/\/unstamps.org\/de\/#website","url":"https:\/\/unstamps.org\/de\/","name":"UN Stamps","description":"United Nations Stamps","publisher":{"@id":"https:\/\/unstamps.org\/de\/#organization"},"potentialAction":[{"@type":"SearchAction","target":{"@type":"EntryPoint","urlTemplate":"https:\/\/unstamps.org\/de\/?s={search_term_string}"},"query-input":{"@type":"PropertyValueSpecification","valueRequired":true,"valueName":"search_term_string"}}],"inLanguage":"de-DE"},{"@type":"Organization","@id":"https:\/\/unstamps.org\/de\/#organization","name":"UN Stamps","url":"https:\/\/unstamps.org\/de\/","logo":{"@type":"ImageObject","inLanguage":"de-DE","@id":"https:\/\/unstamps.org\/de\/#\/schema\/logo\/image\/","url":"https:\/\/unstamps.org\/wp-content\/uploads\/2014\/01\/logo4web.jpg","contentUrl":"https:\/\/unstamps.org\/wp-content\/uploads\/2014\/01\/logo4web.jpg","width":2500,"height":250,"caption":"UN Stamps"},"image":{"@id":"https:\/\/unstamps.org\/de\/#\/schema\/logo\/image\/"}}]}},"jetpack_sharing_enabled":true,"publishpress_future_action":{"enabled":false,"date":"2026-04-14 09:21:52","action":"change-status","newStatus":"private","terms":[],"taxonomy":"product_cat","extraData":[]},"publishpress_future_workflow_manual_trigger":{"enabledWorkflows":[]},"_links":{"self":[{"href":"https:\/\/unstamps.org\/de\/wp-json\/wp\/v2\/product\/199213","targetHints":{"allow":["GET"]}}],"collection":[{"href":"https:\/\/unstamps.org\/de\/wp-json\/wp\/v2\/product"}],"about":[{"href":"https:\/\/unstamps.org\/de\/wp-json\/wp\/v2\/types\/product"}],"replies":[{"embeddable":true,"href":"https:\/\/unstamps.org\/de\/wp-json\/wp\/v2\/comments?post=199213"}],"wp:featuredmedia":[{"embeddable":true,"href":"https:\/\/unstamps.org\/de\/wp-json\/wp\/v2\/media\/199399"}],"wp:attachment":[{"href":"https:\/\/unstamps.org\/de\/wp-json\/wp\/v2\/media?parent=199213"}],"wp:term":[{"taxonomy":"product_brand","embeddable":true,"href":"https:\/\/unstamps.org\/de\/wp-json\/wp\/v2\/product_brand?post=199213"},{"taxonomy":"product_cat","embeddable":true,"href":"https:\/\/unstamps.org\/de\/wp-json\/wp\/v2\/product_cat?post=199213"},{"taxonomy":"product_tag","embeddable":true,"href":"https:\/\/unstamps.org\/de\/wp-json\/wp\/v2\/product_tag?post=199213"}],"curies":[{"name":"wp","href":"https:\/\/api.w.org\/{rel}","templated":true}]}}