{"id":198751,"date":"2026-01-23T12:18:26","date_gmt":"2026-01-23T17:18:26","guid":{"rendered":"https:\/\/unstamps.org\/?post_type=product&#038;p=198751"},"modified":"2026-01-23T12:07:57","modified_gmt":"2026-01-23T17:07:57","slug":"80-jahriges-jubilaum-des-ecosoc-ny-dauermarke-us3-15","status":"publish","type":"product","link":"https:\/\/unstamps.org\/de\/produkt\/80-jahriges-jubilaum-des-ecosoc-ny-dauermarke-us3-15\/","title":{"rendered":"80-j\u00e4hriges Jubil\u00e4um des ECOSOC &#8211; NY Dauermarke &#8211; US$3.15"},"content":{"rendered":"<p>Am 23. Januar gibt die UNPA eine Dauermarke im Wert von 3,15 US-Dollar zum 80-j\u00e4hrigen Bestehendes Wirtschafts- und Sozialrats der Vereinten Nationen (ECOSOC) heraus. <\/p>\n<p>Der ECOSOC wurde 1945 durch die Charta der Vereinten Nationen gegr\u00fcndet und hielt seine erste Sitzung am 23. Januar 1946. Sein Auftrag \u2013 die Koordinierung der wirtschaftlichen, sozialen und kulturellen Aktivit\u00e4ten der Vereinten Nationen sowie die F\u00f6rderung der internationalen Zusammenarbeit und Entwicklung \u2013 hat ihn zu einem zentralen Akteur bei der Umsetzung der Grunds\u00e4tze der UN-Charta gemacht. Multilateralismus, Inklusivit\u00e4t und globale Solidarit\u00e4t stehen seit Beginn an im Mittelpunkt der Mission des ECOSOC.<\/p>\n<p>Seit acht Jahrzehnten bietet der ECOSOC eine einzigartige Plattform, auf der Mitgliedstaaten, das UN-System, die Zivilgesellschaft und andere Interessengruppen zusammenkommen, um die dr\u00e4ngendsten Herausforderungen der Welt anzugehen. Von dem Nachkriegswiederaufbau und der Entkolonialisierung \u00fcber den Klimawandel und Ungleichheit bis hin zur Agenda 2030 f\u00fcr nachhaltige Entwicklung hat der ECOSOC dazu beigetragen, internationale Reaktionen zu lenken und kollektive Ma\u00dfnahmen f\u00fcr eine gerechtere, nachhaltigere und friedlichere Welt zu f\u00f6rdern.<\/p>\n<p>Das Motiv auf der Briefmarke stammt vom brasilianischen Stra\u00dfenk\u00fcnstler Eduardo Kobra. Im September 2022 schuf Kobra ein gro\u00dfes Wandgem\u00e4lde f\u00fcr die Vereinten Nationen, das im UN-Hauptquartier ausgestellt wurde. Es zeigt einen Vater, der seiner Tochter die Erde \u00fcbergibt und symbolisiert damit nachhaltige Entwicklung und die Verantwortung aller Generationen f\u00fcr den Planeten, ganz im Sinne der UN-Ziele f\u00fcr Klimaschutz und Frieden.<\/p>\n<p>Diese tempor\u00e4re Installation feierte die Unabh\u00e4ngigkeit Brasiliens und bringt Street-Art in die UNO, wobei Kobras Werk durch lebendige Farben und universelle Themen wie Menschenrechte und Umweltschutz besticht.<\/p>\n<p><strong>Ausgabedatum:<\/strong> 23. Januar 2026<br \/>\n<strong>K\u00fcnstler:<\/strong> Eduardo Kobra (Brasilien)<br \/>\n<strong>Entwurf:<\/strong>Rorie Katz (Vereinte Nationen)<br \/>\n<strong>Nennwert:<\/strong> US$ 3,15<br \/>\n<strong>Briefmarkengr\u00f6\u00dfe:<\/strong> 50mm x 27mm<br \/>\n<strong>Blattgr\u00f6\u00dfe: <\/strong>116mm x 151mm<br \/>\n<strong>Druck:<\/strong> Joh Ensched\u00e9 Stamps BV (Niederlande)<br \/>\n<strong>Prozess:<\/strong> Hexachrome<br \/>\n<strong>Menge der Briefmarken:\u00a0<\/strong>5.100 Bogen (51.000 Briefmarken)<\/p>\n","protected":false},"excerpt":{"rendered":"<p>Am 23. Januar gibt die UNPA eine Dauermarke im Wert von 3,15 US-Dollar zum 80-j\u00e4hrigen Bestehendes Wirtschafts- und Sozialrats der Vereinten Nationen (ECOSOC) heraus. Der ECOSOC wurde 1945 durch die Charta der Vereinten Nationen gegr\u00fcndet und hielt seine erste Sitzung am 23. Januar 1946. Sein Auftrag \u2013 die Koordinierung der wirtschaftlichen, sozialen und kulturellen Aktivit\u00e4ten [&hellip;]<\/p>\n","protected":false},"featured_media":198835,"comment_status":"closed","ping_status":"closed","template":"","meta":{"ngg_post_thumbnail":0},"product_brand":[],"product_cat":[2962,154,211,114],"product_tag":[],"class_list":{"0":"post-198751","1":"product","2":"type-product","3":"status-publish","4":"has-post-thumbnail","6":"product_cat-2026-de","7":"product_cat-dauermarken","8":"product_cat-einzeln","9":"product_cat-new-york-issuing-office-de","10":"pa_condition-cancelled","11":"pa_condition-mint-de","13":"first","14":"instock","15":"shipping-taxable","16":"purchasable","17":"product-type-variable","18":"has-default-attributes"},"yoast_head":"<!-- This site is optimized with the Yoast SEO plugin v27.4 - https:\/\/yoast.com\/product\/yoast-seo-wordpress\/ -->\n<title>80-j\u00e4hriges Jubil\u00e4um des ECOSOC - NY Dauermarke - US$3.15 - UN Briefmarken<\/title>\n<meta name=\"robots\" content=\"index, follow, max-snippet:-1, max-image-preview:large, max-video-preview:-1\" \/>\n<link rel=\"canonical\" href=\"https:\/\/unstamps.org\/de\/produkt\/80-jahriges-jubilaum-des-ecosoc-ny-dauermarke-us3-15\/\" \/>\n<meta property=\"og:locale\" content=\"de_DE\" \/>\n<meta property=\"og:type\" content=\"article\" \/>\n<meta property=\"og:title\" content=\"80-j\u00e4hriges Jubil\u00e4um des ECOSOC - NY Dauermarke - US$3.15 - UN Briefmarken\" \/>\n<meta property=\"og:description\" content=\"Am 23. Januar gibt die UNPA eine Dauermarke im Wert von 3,15 US-Dollar zum 80-j\u00e4hrigen Bestehendes Wirtschafts- und Sozialrats der Vereinten Nationen (ECOSOC) heraus. Der ECOSOC wurde 1945 durch die Charta der Vereinten Nationen gegr\u00fcndet und hielt seine erste Sitzung am 23. Januar 1946. Sein Auftrag \u2013 die Koordinierung der wirtschaftlichen, sozialen und kulturellen Aktivit\u00e4ten [&hellip;]\" \/>\n<meta property=\"og:url\" content=\"https:\/\/unstamps.org\/de\/produkt\/80-jahriges-jubilaum-des-ecosoc-ny-dauermarke-us3-15\/\" \/>\n<meta property=\"og:site_name\" content=\"UN Briefmarken\" \/>\n<meta property=\"og:image\" content=\"https:\/\/unstamps.org\/wp-content\/uploads\/2026\/01\/2026-ECOSOC-Single.jpg\" \/>\n\t<meta property=\"og:image:width\" content=\"1024\" \/>\n\t<meta property=\"og:image:height\" content=\"1024\" \/>\n\t<meta property=\"og:image:type\" content=\"image\/jpeg\" \/>\n<meta name=\"twitter:card\" content=\"summary_large_image\" \/>\n<meta name=\"twitter:label1\" content=\"Gesch\u00e4tzte Lesezeit\" \/>\n\t<meta name=\"twitter:data1\" content=\"1 minute\" \/>\n<script type=\"application\/ld+json\" class=\"yoast-schema-graph\">{\"@context\":\"https:\\\/\\\/schema.org\",\"@graph\":[{\"@type\":\"WebPage\",\"@id\":\"https:\\\/\\\/unstamps.org\\\/de\\\/produkt\\\/80-jahriges-jubilaum-des-ecosoc-ny-dauermarke-us3-15\\\/\",\"url\":\"https:\\\/\\\/unstamps.org\\\/de\\\/produkt\\\/80-jahriges-jubilaum-des-ecosoc-ny-dauermarke-us3-15\\\/\",\"name\":\"80-j\u00e4hriges Jubil\u00e4um des ECOSOC - NY Dauermarke - US$3.15 - UN Briefmarken\",\"isPartOf\":{\"@id\":\"https:\\\/\\\/unstamps.org\\\/de\\\/#website\"},\"primaryImageOfPage\":{\"@id\":\"https:\\\/\\\/unstamps.org\\\/de\\\/produkt\\\/80-jahriges-jubilaum-des-ecosoc-ny-dauermarke-us3-15\\\/#primaryimage\"},\"image\":{\"@id\":\"https:\\\/\\\/unstamps.org\\\/de\\\/produkt\\\/80-jahriges-jubilaum-des-ecosoc-ny-dauermarke-us3-15\\\/#primaryimage\"},\"thumbnailUrl\":\"https:\\\/\\\/unstamps.org\\\/wp-content\\\/uploads\\\/2026\\\/01\\\/2026-ECOSOC-Single.jpg\",\"datePublished\":\"2026-01-23T17:18:26+00:00\",\"breadcrumb\":{\"@id\":\"https:\\\/\\\/unstamps.org\\\/de\\\/produkt\\\/80-jahriges-jubilaum-des-ecosoc-ny-dauermarke-us3-15\\\/#breadcrumb\"},\"inLanguage\":\"de-DE\",\"potentialAction\":[{\"@type\":\"ReadAction\",\"target\":[\"https:\\\/\\\/unstamps.org\\\/de\\\/produkt\\\/80-jahriges-jubilaum-des-ecosoc-ny-dauermarke-us3-15\\\/\"]}]},{\"@type\":\"ImageObject\",\"inLanguage\":\"de-DE\",\"@id\":\"https:\\\/\\\/unstamps.org\\\/de\\\/produkt\\\/80-jahriges-jubilaum-des-ecosoc-ny-dauermarke-us3-15\\\/#primaryimage\",\"url\":\"https:\\\/\\\/unstamps.org\\\/wp-content\\\/uploads\\\/2026\\\/01\\\/2026-ECOSOC-Single.jpg\",\"contentUrl\":\"https:\\\/\\\/unstamps.org\\\/wp-content\\\/uploads\\\/2026\\\/01\\\/2026-ECOSOC-Single.jpg\",\"width\":1024,\"height\":1024},{\"@type\":\"BreadcrumbList\",\"@id\":\"https:\\\/\\\/unstamps.org\\\/de\\\/produkt\\\/80-jahriges-jubilaum-des-ecosoc-ny-dauermarke-us3-15\\\/#breadcrumb\",\"itemListElement\":[{\"@type\":\"ListItem\",\"position\":1,\"name\":\"Home\",\"item\":\"https:\\\/\\\/unstamps.org\\\/de\\\/\"},{\"@type\":\"ListItem\",\"position\":2,\"name\":\"Produkte\",\"item\":\"https:\\\/\\\/unstamps.org\\\/de\\\/produkte\\\/\"},{\"@type\":\"ListItem\",\"position\":3,\"name\":\"80-j\u00e4hriges Jubil\u00e4um des ECOSOC &#8211; NY Dauermarke &#8211; US$3.15\"}]},{\"@type\":\"WebSite\",\"@id\":\"https:\\\/\\\/unstamps.org\\\/de\\\/#website\",\"url\":\"https:\\\/\\\/unstamps.org\\\/de\\\/\",\"name\":\"UN Stamps\",\"description\":\"United Nations Stamps\",\"publisher\":{\"@id\":\"https:\\\/\\\/unstamps.org\\\/de\\\/#organization\"},\"potentialAction\":[{\"@type\":\"SearchAction\",\"target\":{\"@type\":\"EntryPoint\",\"urlTemplate\":\"https:\\\/\\\/unstamps.org\\\/de\\\/?s={search_term_string}\"},\"query-input\":{\"@type\":\"PropertyValueSpecification\",\"valueRequired\":true,\"valueName\":\"search_term_string\"}}],\"inLanguage\":\"de-DE\"},{\"@type\":\"Organization\",\"@id\":\"https:\\\/\\\/unstamps.org\\\/de\\\/#organization\",\"name\":\"UN Stamps\",\"url\":\"https:\\\/\\\/unstamps.org\\\/de\\\/\",\"logo\":{\"@type\":\"ImageObject\",\"inLanguage\":\"de-DE\",\"@id\":\"https:\\\/\\\/unstamps.org\\\/de\\\/#\\\/schema\\\/logo\\\/image\\\/\",\"url\":\"https:\\\/\\\/unstamps.org\\\/wp-content\\\/uploads\\\/2014\\\/01\\\/logo4web.jpg\",\"contentUrl\":\"https:\\\/\\\/unstamps.org\\\/wp-content\\\/uploads\\\/2014\\\/01\\\/logo4web.jpg\",\"width\":2500,\"height\":250,\"caption\":\"UN Stamps\"},\"image\":{\"@id\":\"https:\\\/\\\/unstamps.org\\\/de\\\/#\\\/schema\\\/logo\\\/image\\\/\"}}]}<\/script>\n<!-- \/ Yoast SEO plugin. -->","yoast_head_json":{"title":"80-j\u00e4hriges Jubil\u00e4um des ECOSOC - NY Dauermarke - US$3.15 - UN Briefmarken","robots":{"index":"index","follow":"follow","max-snippet":"max-snippet:-1","max-image-preview":"max-image-preview:large","max-video-preview":"max-video-preview:-1"},"canonical":"https:\/\/unstamps.org\/de\/produkt\/80-jahriges-jubilaum-des-ecosoc-ny-dauermarke-us3-15\/","og_locale":"de_DE","og_type":"article","og_title":"80-j\u00e4hriges Jubil\u00e4um des ECOSOC - NY Dauermarke - US$3.15 - UN Briefmarken","og_description":"Am 23. Januar gibt die UNPA eine Dauermarke im Wert von 3,15 US-Dollar zum 80-j\u00e4hrigen Bestehendes Wirtschafts- und Sozialrats der Vereinten Nationen (ECOSOC) heraus. Der ECOSOC wurde 1945 durch die Charta der Vereinten Nationen gegr\u00fcndet und hielt seine erste Sitzung am 23. Januar 1946. Sein Auftrag \u2013 die Koordinierung der wirtschaftlichen, sozialen und kulturellen Aktivit\u00e4ten [&hellip;]","og_url":"https:\/\/unstamps.org\/de\/produkt\/80-jahriges-jubilaum-des-ecosoc-ny-dauermarke-us3-15\/","og_site_name":"UN Briefmarken","og_image":[{"width":1024,"height":1024,"url":"https:\/\/unstamps.org\/wp-content\/uploads\/2026\/01\/2026-ECOSOC-Single.jpg","type":"image\/jpeg"}],"twitter_card":"summary_large_image","twitter_misc":{"Gesch\u00e4tzte Lesezeit":"1 minute"},"schema":{"@context":"https:\/\/schema.org","@graph":[{"@type":"WebPage","@id":"https:\/\/unstamps.org\/de\/produkt\/80-jahriges-jubilaum-des-ecosoc-ny-dauermarke-us3-15\/","url":"https:\/\/unstamps.org\/de\/produkt\/80-jahriges-jubilaum-des-ecosoc-ny-dauermarke-us3-15\/","name":"80-j\u00e4hriges Jubil\u00e4um des ECOSOC - NY Dauermarke - US$3.15 - UN Briefmarken","isPartOf":{"@id":"https:\/\/unstamps.org\/de\/#website"},"primaryImageOfPage":{"@id":"https:\/\/unstamps.org\/de\/produkt\/80-jahriges-jubilaum-des-ecosoc-ny-dauermarke-us3-15\/#primaryimage"},"image":{"@id":"https:\/\/unstamps.org\/de\/produkt\/80-jahriges-jubilaum-des-ecosoc-ny-dauermarke-us3-15\/#primaryimage"},"thumbnailUrl":"https:\/\/unstamps.org\/wp-content\/uploads\/2026\/01\/2026-ECOSOC-Single.jpg","datePublished":"2026-01-23T17:18:26+00:00","breadcrumb":{"@id":"https:\/\/unstamps.org\/de\/produkt\/80-jahriges-jubilaum-des-ecosoc-ny-dauermarke-us3-15\/#breadcrumb"},"inLanguage":"de-DE","potentialAction":[{"@type":"ReadAction","target":["https:\/\/unstamps.org\/de\/produkt\/80-jahriges-jubilaum-des-ecosoc-ny-dauermarke-us3-15\/"]}]},{"@type":"ImageObject","inLanguage":"de-DE","@id":"https:\/\/unstamps.org\/de\/produkt\/80-jahriges-jubilaum-des-ecosoc-ny-dauermarke-us3-15\/#primaryimage","url":"https:\/\/unstamps.org\/wp-content\/uploads\/2026\/01\/2026-ECOSOC-Single.jpg","contentUrl":"https:\/\/unstamps.org\/wp-content\/uploads\/2026\/01\/2026-ECOSOC-Single.jpg","width":1024,"height":1024},{"@type":"BreadcrumbList","@id":"https:\/\/unstamps.org\/de\/produkt\/80-jahriges-jubilaum-des-ecosoc-ny-dauermarke-us3-15\/#breadcrumb","itemListElement":[{"@type":"ListItem","position":1,"name":"Home","item":"https:\/\/unstamps.org\/de\/"},{"@type":"ListItem","position":2,"name":"Produkte","item":"https:\/\/unstamps.org\/de\/produkte\/"},{"@type":"ListItem","position":3,"name":"80-j\u00e4hriges Jubil\u00e4um des ECOSOC &#8211; NY Dauermarke &#8211; US$3.15"}]},{"@type":"WebSite","@id":"https:\/\/unstamps.org\/de\/#website","url":"https:\/\/unstamps.org\/de\/","name":"UN Stamps","description":"United Nations Stamps","publisher":{"@id":"https:\/\/unstamps.org\/de\/#organization"},"potentialAction":[{"@type":"SearchAction","target":{"@type":"EntryPoint","urlTemplate":"https:\/\/unstamps.org\/de\/?s={search_term_string}"},"query-input":{"@type":"PropertyValueSpecification","valueRequired":true,"valueName":"search_term_string"}}],"inLanguage":"de-DE"},{"@type":"Organization","@id":"https:\/\/unstamps.org\/de\/#organization","name":"UN Stamps","url":"https:\/\/unstamps.org\/de\/","logo":{"@type":"ImageObject","inLanguage":"de-DE","@id":"https:\/\/unstamps.org\/de\/#\/schema\/logo\/image\/","url":"https:\/\/unstamps.org\/wp-content\/uploads\/2014\/01\/logo4web.jpg","contentUrl":"https:\/\/unstamps.org\/wp-content\/uploads\/2014\/01\/logo4web.jpg","width":2500,"height":250,"caption":"UN Stamps"},"image":{"@id":"https:\/\/unstamps.org\/de\/#\/schema\/logo\/image\/"}}]}},"jetpack_sharing_enabled":true,"publishpress_future_action":{"enabled":false,"date":"2026-04-27 20:11:51","action":"change-status","newStatus":"private","terms":[],"taxonomy":"product_cat","extraData":[]},"publishpress_future_workflow_manual_trigger":{"enabledWorkflows":[]},"_links":{"self":[{"href":"https:\/\/unstamps.org\/de\/wp-json\/wp\/v2\/product\/198751","targetHints":{"allow":["GET"]}}],"collection":[{"href":"https:\/\/unstamps.org\/de\/wp-json\/wp\/v2\/product"}],"about":[{"href":"https:\/\/unstamps.org\/de\/wp-json\/wp\/v2\/types\/product"}],"replies":[{"embeddable":true,"href":"https:\/\/unstamps.org\/de\/wp-json\/wp\/v2\/comments?post=198751"}],"wp:featuredmedia":[{"embeddable":true,"href":"https:\/\/unstamps.org\/de\/wp-json\/wp\/v2\/media\/198835"}],"wp:attachment":[{"href":"https:\/\/unstamps.org\/de\/wp-json\/wp\/v2\/media?parent=198751"}],"wp:term":[{"taxonomy":"product_brand","embeddable":true,"href":"https:\/\/unstamps.org\/de\/wp-json\/wp\/v2\/product_brand?post=198751"},{"taxonomy":"product_cat","embeddable":true,"href":"https:\/\/unstamps.org\/de\/wp-json\/wp\/v2\/product_cat?post=198751"},{"taxonomy":"product_tag","embeddable":true,"href":"https:\/\/unstamps.org\/de\/wp-json\/wp\/v2\/product_tag?post=198751"}],"curies":[{"name":"wp","href":"https:\/\/api.w.org\/{rel}","templated":true}]}}