{"id":198599,"date":"2026-01-19T10:23:36","date_gmt":"2026-01-19T15:23:36","guid":{"rendered":"https:\/\/unstamps.org\/?post_type=product&#038;p=198599"},"modified":"2026-01-19T11:29:08","modified_gmt":"2026-01-19T16:29:08","slug":"chinesischer-mondkalender-2025-jahr-des-pferdes","status":"publish","type":"product","link":"https:\/\/unstamps.org\/de\/produkt\/chinesischer-mondkalender-2025-jahr-des-pferdes\/","title":{"rendered":"Chinesischer Mondkalender 2026 \u2013 \u201eJahr des Pferdes \u201c"},"content":{"rendered":"<p>Am 16. Januar 2026 feiert die Postverwaltung Der Vereinten Nationen (UNPA) den Mondkalender \u2013 Jahr des Pferdes &#8211;  mit der Herausgabe eines personalisierten Briefmarkenbogens mit 10 Briefmarken im Wert von 1,70 Dollar\u201d. Das neue Jahr beginnt im Mondkalender offiziell am 17. Februar 2026 und dauert bis zum 5. Februar 2027. <\/p>\n<p>Das Pferd steht f\u00fcr Unabh\u00e4ngigkeit, Ausdauer und Ehrgeiz. Dieses Jahr ermutigt zu entschlossenem Handeln, Belastbarkeit und der Nutzung neuer Chancen, sodass es eine Zeit ist, in der man Ziele mit Zuversicht und Entschlossenheit verfolgen kann. Voller Optimismus und Tatendrang verspricht das Jahr 2026 Wachstum, Erfolg und Gl\u00fcck f\u00fcr alle, die sich seine dynamische Energie zunutze machen.<\/p>\n<p>Das Design ist inspiriert von dem Bronzekunstwerk \u201ePferd, das auf eine fliegende Schwalbe tritt\u201c aus der \u00f6stlichen Han-Dynastie. Das Pferd ist mit in der Luft erhobenen Vorderhufen und fest auf dem Boden stehenden Hinterbeinen dargestellt und verk\u00f6rpert eine Sch\u00f6nheit der Kraft, die dynamische Bewegung und statisches Gleichgewicht in Einklang bringt.<\/p>\n<p>Die Vignetten links neben den Briefmarken zeigen das Logo der Vereinten Nationen auf goldenem Hintergrund.<\/p>\n<p>Die Briefmarken und das Hintergrunddesign wurden von Tiger Pan (China) illustriert. Herr Pan illustrierte auch die Mondkalender-Serie der Vereinten Nationen f\u00fcr das Jahr des Hundes (2018), das Jahr des Tigers (2022), das Jahr des Hasen (2023), das Jahr des Drachen (2024) und das Jahr der Schlange (2025).<\/p>\n<p>Die UNPA wird auch eine spezielle Postkarte zum Jahr des Pferdes und einen Ersttagsbrief mit dem gleichen Design wie die Briefmarken anbieten.<\/p>\n<p>Kunden mit Dauerauftr\u00e4gen f\u00fcr Sonderbriefmarkenb\u00f6gen (94) erhalten die Briefmarkenb\u00f6gen automatisch. Kunden mit Dauerauftr\u00e4gen f\u00fcr sonstige Produkte erhalten automatisch die Postkarte (324) und ein Set aus einem Einzel- und einem Kombi-Ersttagsbrief (424) \u00fcber ihre Konten.<\/p>\n<p><strong>Technische Details:<\/strong><br \/>\n<strong>K\u00fcnstler:<\/strong>Tiger Pan (China)<br \/>\n<strong>Gr\u00f6\u00dfe der Briefmarken:<\/strong>40,6<br \/>\n<strong>Gr\u00f6\u00dfe der Vignetten:<\/strong>26,6 mm x 29,8 mm<br \/>\n<strong>Menge:<\/strong>15,300<br \/>\n<strong>Druck:<\/strong> Cartor Security Printing (Frankreich)<\/p>\n","protected":false},"excerpt":{"rendered":"<p>Am 16. Januar 2026 feiert die Postverwaltung Der Vereinten Nationen (UNPA) den Mondkalender \u2013 Jahr des Pferdes &#8211; mit der Herausgabe eines personalisierten Briefmarkenbogens mit 10 Briefmarken im Wert von 1,70 Dollar\u201d. Das neue Jahr beginnt im Mondkalender offiziell am 17. Februar 2026 und dauert bis zum 5. Februar 2027. Das Pferd steht f\u00fcr Unabh\u00e4ngigkeit, [&hellip;]<\/p>\n","protected":false},"featured_media":198665,"comment_status":"closed","ping_status":"closed","template":"","meta":{"ngg_post_thumbnail":0},"product_brand":[],"product_cat":[2962,114,163],"product_tag":[],"class_list":{"0":"post-198599","1":"product","2":"type-product","3":"status-publish","4":"has-post-thumbnail","6":"product_cat-2026-de","7":"product_cat-new-york-issuing-office-de","8":"product_cat-personalisierte-bogen","9":"pa_condition-cancelled","10":"pa_condition-mint-de","12":"first","13":"instock","14":"shipping-taxable","15":"purchasable","16":"product-type-variable","17":"has-default-attributes"},"yoast_head":"<!-- This site is optimized with the Yoast SEO plugin v27.3 - https:\/\/yoast.com\/product\/yoast-seo-wordpress\/ -->\n<title>Chinesischer Mondkalender 2026 \u2013 \u201eJahr des Pferdes \u201c - UN Briefmarken<\/title>\n<meta name=\"robots\" content=\"index, follow, max-snippet:-1, max-image-preview:large, max-video-preview:-1\" \/>\n<link rel=\"canonical\" href=\"https:\/\/unstamps.org\/de\/produkt\/chinesischer-mondkalender-2025-jahr-des-pferdes\/\" \/>\n<meta property=\"og:locale\" content=\"de_DE\" \/>\n<meta property=\"og:type\" content=\"article\" \/>\n<meta property=\"og:title\" content=\"Chinesischer Mondkalender 2026 \u2013 \u201eJahr des Pferdes \u201c - UN Briefmarken\" \/>\n<meta property=\"og:description\" content=\"Am 16. Januar 2026 feiert die Postverwaltung Der Vereinten Nationen (UNPA) den Mondkalender \u2013 Jahr des Pferdes &#8211; mit der Herausgabe eines personalisierten Briefmarkenbogens mit 10 Briefmarken im Wert von 1,70 Dollar\u201d. Das neue Jahr beginnt im Mondkalender offiziell am 17. Februar 2026 und dauert bis zum 5. Februar 2027. Das Pferd steht f\u00fcr Unabh\u00e4ngigkeit, [&hellip;]\" \/>\n<meta property=\"og:url\" content=\"https:\/\/unstamps.org\/de\/produkt\/chinesischer-mondkalender-2025-jahr-des-pferdes\/\" \/>\n<meta property=\"og:site_name\" content=\"UN Briefmarken\" \/>\n<meta property=\"article:modified_time\" content=\"2026-01-19T16:29:08+00:00\" \/>\n<meta property=\"og:image\" content=\"https:\/\/unstamps.org\/wp-content\/uploads\/2026\/01\/2026-Lunar-Horse-Mint.jpg\" \/>\n\t<meta property=\"og:image:width\" content=\"1024\" \/>\n\t<meta property=\"og:image:height\" content=\"1024\" \/>\n\t<meta property=\"og:image:type\" content=\"image\/jpeg\" \/>\n<meta name=\"twitter:card\" content=\"summary_large_image\" \/>\n<meta name=\"twitter:label1\" content=\"Gesch\u00e4tzte Lesezeit\" \/>\n\t<meta name=\"twitter:data1\" content=\"1 minute\" \/>\n<script type=\"application\/ld+json\" class=\"yoast-schema-graph\">{\"@context\":\"https:\\\/\\\/schema.org\",\"@graph\":[{\"@type\":\"WebPage\",\"@id\":\"https:\\\/\\\/unstamps.org\\\/de\\\/produkt\\\/chinesischer-mondkalender-2025-jahr-des-pferdes\\\/\",\"url\":\"https:\\\/\\\/unstamps.org\\\/de\\\/produkt\\\/chinesischer-mondkalender-2025-jahr-des-pferdes\\\/\",\"name\":\"Chinesischer Mondkalender 2026 \u2013 \u201eJahr des Pferdes \u201c - UN Briefmarken\",\"isPartOf\":{\"@id\":\"https:\\\/\\\/unstamps.org\\\/de\\\/#website\"},\"primaryImageOfPage\":{\"@id\":\"https:\\\/\\\/unstamps.org\\\/de\\\/produkt\\\/chinesischer-mondkalender-2025-jahr-des-pferdes\\\/#primaryimage\"},\"image\":{\"@id\":\"https:\\\/\\\/unstamps.org\\\/de\\\/produkt\\\/chinesischer-mondkalender-2025-jahr-des-pferdes\\\/#primaryimage\"},\"thumbnailUrl\":\"https:\\\/\\\/unstamps.org\\\/wp-content\\\/uploads\\\/2026\\\/01\\\/2026-Lunar-Horse-Mint.jpg\",\"datePublished\":\"2026-01-19T15:23:36+00:00\",\"dateModified\":\"2026-01-19T16:29:08+00:00\",\"breadcrumb\":{\"@id\":\"https:\\\/\\\/unstamps.org\\\/de\\\/produkt\\\/chinesischer-mondkalender-2025-jahr-des-pferdes\\\/#breadcrumb\"},\"inLanguage\":\"de-DE\",\"potentialAction\":[{\"@type\":\"ReadAction\",\"target\":[\"https:\\\/\\\/unstamps.org\\\/de\\\/produkt\\\/chinesischer-mondkalender-2025-jahr-des-pferdes\\\/\"]}]},{\"@type\":\"ImageObject\",\"inLanguage\":\"de-DE\",\"@id\":\"https:\\\/\\\/unstamps.org\\\/de\\\/produkt\\\/chinesischer-mondkalender-2025-jahr-des-pferdes\\\/#primaryimage\",\"url\":\"https:\\\/\\\/unstamps.org\\\/wp-content\\\/uploads\\\/2026\\\/01\\\/2026-Lunar-Horse-Mint.jpg\",\"contentUrl\":\"https:\\\/\\\/unstamps.org\\\/wp-content\\\/uploads\\\/2026\\\/01\\\/2026-Lunar-Horse-Mint.jpg\",\"width\":1024,\"height\":1024},{\"@type\":\"BreadcrumbList\",\"@id\":\"https:\\\/\\\/unstamps.org\\\/de\\\/produkt\\\/chinesischer-mondkalender-2025-jahr-des-pferdes\\\/#breadcrumb\",\"itemListElement\":[{\"@type\":\"ListItem\",\"position\":1,\"name\":\"Home\",\"item\":\"https:\\\/\\\/unstamps.org\\\/de\\\/\"},{\"@type\":\"ListItem\",\"position\":2,\"name\":\"Produkte\",\"item\":\"https:\\\/\\\/unstamps.org\\\/de\\\/produkte\\\/\"},{\"@type\":\"ListItem\",\"position\":3,\"name\":\"Chinesischer Mondkalender 2026 \u2013 \u201eJahr des Pferdes \u201c\"}]},{\"@type\":\"WebSite\",\"@id\":\"https:\\\/\\\/unstamps.org\\\/de\\\/#website\",\"url\":\"https:\\\/\\\/unstamps.org\\\/de\\\/\",\"name\":\"UN Stamps\",\"description\":\"United Nations Stamps\",\"publisher\":{\"@id\":\"https:\\\/\\\/unstamps.org\\\/de\\\/#organization\"},\"potentialAction\":[{\"@type\":\"SearchAction\",\"target\":{\"@type\":\"EntryPoint\",\"urlTemplate\":\"https:\\\/\\\/unstamps.org\\\/de\\\/?s={search_term_string}\"},\"query-input\":{\"@type\":\"PropertyValueSpecification\",\"valueRequired\":true,\"valueName\":\"search_term_string\"}}],\"inLanguage\":\"de-DE\"},{\"@type\":\"Organization\",\"@id\":\"https:\\\/\\\/unstamps.org\\\/de\\\/#organization\",\"name\":\"UN Stamps\",\"url\":\"https:\\\/\\\/unstamps.org\\\/de\\\/\",\"logo\":{\"@type\":\"ImageObject\",\"inLanguage\":\"de-DE\",\"@id\":\"https:\\\/\\\/unstamps.org\\\/de\\\/#\\\/schema\\\/logo\\\/image\\\/\",\"url\":\"https:\\\/\\\/unstamps.org\\\/wp-content\\\/uploads\\\/2014\\\/01\\\/logo4web.jpg\",\"contentUrl\":\"https:\\\/\\\/unstamps.org\\\/wp-content\\\/uploads\\\/2014\\\/01\\\/logo4web.jpg\",\"width\":2500,\"height\":250,\"caption\":\"UN Stamps\"},\"image\":{\"@id\":\"https:\\\/\\\/unstamps.org\\\/de\\\/#\\\/schema\\\/logo\\\/image\\\/\"}}]}<\/script>\n<!-- \/ Yoast SEO plugin. -->","yoast_head_json":{"title":"Chinesischer Mondkalender 2026 \u2013 \u201eJahr des Pferdes \u201c - UN Briefmarken","robots":{"index":"index","follow":"follow","max-snippet":"max-snippet:-1","max-image-preview":"max-image-preview:large","max-video-preview":"max-video-preview:-1"},"canonical":"https:\/\/unstamps.org\/de\/produkt\/chinesischer-mondkalender-2025-jahr-des-pferdes\/","og_locale":"de_DE","og_type":"article","og_title":"Chinesischer Mondkalender 2026 \u2013 \u201eJahr des Pferdes \u201c - UN Briefmarken","og_description":"Am 16. Januar 2026 feiert die Postverwaltung Der Vereinten Nationen (UNPA) den Mondkalender \u2013 Jahr des Pferdes &#8211; mit der Herausgabe eines personalisierten Briefmarkenbogens mit 10 Briefmarken im Wert von 1,70 Dollar\u201d. Das neue Jahr beginnt im Mondkalender offiziell am 17. Februar 2026 und dauert bis zum 5. Februar 2027. Das Pferd steht f\u00fcr Unabh\u00e4ngigkeit, [&hellip;]","og_url":"https:\/\/unstamps.org\/de\/produkt\/chinesischer-mondkalender-2025-jahr-des-pferdes\/","og_site_name":"UN Briefmarken","article_modified_time":"2026-01-19T16:29:08+00:00","og_image":[{"width":1024,"height":1024,"url":"https:\/\/unstamps.org\/wp-content\/uploads\/2026\/01\/2026-Lunar-Horse-Mint.jpg","type":"image\/jpeg"}],"twitter_card":"summary_large_image","twitter_misc":{"Gesch\u00e4tzte Lesezeit":"1 minute"},"schema":{"@context":"https:\/\/schema.org","@graph":[{"@type":"WebPage","@id":"https:\/\/unstamps.org\/de\/produkt\/chinesischer-mondkalender-2025-jahr-des-pferdes\/","url":"https:\/\/unstamps.org\/de\/produkt\/chinesischer-mondkalender-2025-jahr-des-pferdes\/","name":"Chinesischer Mondkalender 2026 \u2013 \u201eJahr des Pferdes \u201c - UN Briefmarken","isPartOf":{"@id":"https:\/\/unstamps.org\/de\/#website"},"primaryImageOfPage":{"@id":"https:\/\/unstamps.org\/de\/produkt\/chinesischer-mondkalender-2025-jahr-des-pferdes\/#primaryimage"},"image":{"@id":"https:\/\/unstamps.org\/de\/produkt\/chinesischer-mondkalender-2025-jahr-des-pferdes\/#primaryimage"},"thumbnailUrl":"https:\/\/unstamps.org\/wp-content\/uploads\/2026\/01\/2026-Lunar-Horse-Mint.jpg","datePublished":"2026-01-19T15:23:36+00:00","dateModified":"2026-01-19T16:29:08+00:00","breadcrumb":{"@id":"https:\/\/unstamps.org\/de\/produkt\/chinesischer-mondkalender-2025-jahr-des-pferdes\/#breadcrumb"},"inLanguage":"de-DE","potentialAction":[{"@type":"ReadAction","target":["https:\/\/unstamps.org\/de\/produkt\/chinesischer-mondkalender-2025-jahr-des-pferdes\/"]}]},{"@type":"ImageObject","inLanguage":"de-DE","@id":"https:\/\/unstamps.org\/de\/produkt\/chinesischer-mondkalender-2025-jahr-des-pferdes\/#primaryimage","url":"https:\/\/unstamps.org\/wp-content\/uploads\/2026\/01\/2026-Lunar-Horse-Mint.jpg","contentUrl":"https:\/\/unstamps.org\/wp-content\/uploads\/2026\/01\/2026-Lunar-Horse-Mint.jpg","width":1024,"height":1024},{"@type":"BreadcrumbList","@id":"https:\/\/unstamps.org\/de\/produkt\/chinesischer-mondkalender-2025-jahr-des-pferdes\/#breadcrumb","itemListElement":[{"@type":"ListItem","position":1,"name":"Home","item":"https:\/\/unstamps.org\/de\/"},{"@type":"ListItem","position":2,"name":"Produkte","item":"https:\/\/unstamps.org\/de\/produkte\/"},{"@type":"ListItem","position":3,"name":"Chinesischer Mondkalender 2026 \u2013 \u201eJahr des Pferdes \u201c"}]},{"@type":"WebSite","@id":"https:\/\/unstamps.org\/de\/#website","url":"https:\/\/unstamps.org\/de\/","name":"UN Stamps","description":"United Nations Stamps","publisher":{"@id":"https:\/\/unstamps.org\/de\/#organization"},"potentialAction":[{"@type":"SearchAction","target":{"@type":"EntryPoint","urlTemplate":"https:\/\/unstamps.org\/de\/?s={search_term_string}"},"query-input":{"@type":"PropertyValueSpecification","valueRequired":true,"valueName":"search_term_string"}}],"inLanguage":"de-DE"},{"@type":"Organization","@id":"https:\/\/unstamps.org\/de\/#organization","name":"UN Stamps","url":"https:\/\/unstamps.org\/de\/","logo":{"@type":"ImageObject","inLanguage":"de-DE","@id":"https:\/\/unstamps.org\/de\/#\/schema\/logo\/image\/","url":"https:\/\/unstamps.org\/wp-content\/uploads\/2014\/01\/logo4web.jpg","contentUrl":"https:\/\/unstamps.org\/wp-content\/uploads\/2014\/01\/logo4web.jpg","width":2500,"height":250,"caption":"UN Stamps"},"image":{"@id":"https:\/\/unstamps.org\/de\/#\/schema\/logo\/image\/"}}]}},"jetpack_sharing_enabled":true,"publishpress_future_action":{"enabled":false,"date":"2026-04-19 11:06:57","action":"change-status","newStatus":"private","terms":[],"taxonomy":"product_cat","extraData":[]},"publishpress_future_workflow_manual_trigger":{"enabledWorkflows":[]},"_links":{"self":[{"href":"https:\/\/unstamps.org\/de\/wp-json\/wp\/v2\/product\/198599","targetHints":{"allow":["GET"]}}],"collection":[{"href":"https:\/\/unstamps.org\/de\/wp-json\/wp\/v2\/product"}],"about":[{"href":"https:\/\/unstamps.org\/de\/wp-json\/wp\/v2\/types\/product"}],"replies":[{"embeddable":true,"href":"https:\/\/unstamps.org\/de\/wp-json\/wp\/v2\/comments?post=198599"}],"wp:featuredmedia":[{"embeddable":true,"href":"https:\/\/unstamps.org\/de\/wp-json\/wp\/v2\/media\/198665"}],"wp:attachment":[{"href":"https:\/\/unstamps.org\/de\/wp-json\/wp\/v2\/media?parent=198599"}],"wp:term":[{"taxonomy":"product_brand","embeddable":true,"href":"https:\/\/unstamps.org\/de\/wp-json\/wp\/v2\/product_brand?post=198599"},{"taxonomy":"product_cat","embeddable":true,"href":"https:\/\/unstamps.org\/de\/wp-json\/wp\/v2\/product_cat?post=198599"},{"taxonomy":"product_tag","embeddable":true,"href":"https:\/\/unstamps.org\/de\/wp-json\/wp\/v2\/product_tag?post=198599"}],"curies":[{"name":"wp","href":"https:\/\/api.w.org\/{rel}","templated":true}]}}