{"id":198576,"date":"2026-01-12T10:27:44","date_gmt":"2026-01-12T15:27:44","guid":{"rendered":"https:\/\/unstamps.org\/?post_type=product&#038;p=198576"},"modified":"2026-01-12T10:29:18","modified_gmt":"2026-01-12T15:29:18","slug":"80-jahre-des-un-journals","status":"publish","type":"product","link":"https:\/\/unstamps.org\/de\/produkt\/80-jahre-des-un-journals\/","title":{"rendered":"80 Jahre des UN-Journals"},"content":{"rendered":"<p>Am 12. Januar 2026 gab die UNPA einen Sonderbriefmarkenbogen mit 10 Briefmarken heraus, um den 80. Jahrestag der Ver\u00f6ffentlichung der ersten Ausgabe des Journal of the United Nations zu feiern. Der Briefmarkenbogen im Wert von 1,70 US-Dollar w\u00fcrdigt die anhaltende Bedeutung des Journals als offizielles Archiv der Vergangenheit der Vereinten Nationen, gesehen aus der Perspektive ihrer t\u00e4glichen Sitzungen und Aktivit\u00e4ten.<\/p>\n<p>Die erste Ausgabe des Journals der Vereinten Nationen erschien am 10. Januar 1946, dem Tag, an dem die Generalversammlung der Vereinten Nationen ihre erste Sitzung er\u00f6ffnete. Diese Briefmarkenausgabe w\u00fcrdigt acht Jahrzehnte dieser wegweisenden Publikation, welche die Entwicklung des Multilateralismus dokumentiert und gleichzeitig den Zugang zur Arbeit der Organisation gew\u00e4hrleistet hat.<\/p>\n<p>Als t\u00e4gliches Programm der offiziellen Sitzungen und anderen Aktivit\u00e4ten der Vereinten Nationen hat das Journal die Entwicklung der internationalen Diplomatie getreu dokumentiert und Delegierten, Mitarbeitern und der \u00d6ffentlichkeit eine transparente, mehrsprachige und ma\u00dfgebliche Informationsquelle geboten. Indem es die Geschichte von den Anf\u00e4ngen der Organisation bis heute dokumentiert, hat es daf\u00fcr gesorgt, dass jede offizielle Sitzung Teil des institutionellen Ged\u00e4chtnisses der Vereinten Nationen bleibt. <\/p>\n<p>Die Briefmarken und Tabs zeigen UN-Delegierte, W\u00fcrdentr\u00e4ger und Mitarbeiter beim Lesen des Journals sowie Bilder der Publikation in mehreren Sprachen aus verschiedenen Jahrzehnten.<\/p>\n<p>Dieses Jubil\u00e4um bietet einen Moment, um \u00fcber die entscheidende Rolle des Journals bei der Bewahrung des Verm\u00e4chtnisses der UN nachzudenken und gleichzeitig kontinuierlich an die Anforderungen einer digital vernetzten Welt anzupassen. In einer Zeit schnellen Informationsaustauschs bleibt ihr Engagement f\u00fcr Genauigkeit, Zug\u00e4nglichkeit und Mehrsprachigkeit wichtiger denn je.<\/p>\n<p>Kunden mit einem Dauerauftrag f\u00fcr spezielle Briefmarkenbogen New York (94) erhalten diesen Artikelautomatisch. <\/p>\n<p><strong>Ausgabedatum:<\/strong> 12. Januar 2026<br \/>\n<strong>Designer:<\/strong> Rorie Katz (VereinteNationen) und die Abteilung f\u00fcr Generalversammlung und Konferenzmanagement<br \/>\n<strong>St\u00fcckelung:<\/strong> US$ 1,70<br \/>\n<strong>Briefmarkengr\u00f6\u00dfe:<\/strong> 40,6 x 29,8<br \/>\n<strong>Tab-Gr\u00f6\u00dfe:<\/strong> 26,6 x 29,8<br \/>\n<strong>Blattgr\u00f6\u00dfe:<\/strong> 279,4 mm x 215,9 mm<br \/>\n<strong>Drucker:<\/strong> Hausintern<\/p>\n","protected":false},"excerpt":{"rendered":"<p>Am 12. Januar 2026 gab die UNPA einen Sonderbriefmarkenbogen mit 10 Briefmarken heraus, um den 80. Jahrestag der Ver\u00f6ffentlichung der ersten Ausgabe des Journal of the United Nations zu feiern. Der Briefmarkenbogen im Wert von 1,70 US-Dollar w\u00fcrdigt die anhaltende Bedeutung des Journals als offizielles Archiv der Vergangenheit der Vereinten Nationen, gesehen aus der Perspektive [&hellip;]<\/p>\n","protected":false},"featured_media":198574,"comment_status":"closed","ping_status":"closed","template":"","meta":{"ngg_post_thumbnail":0},"product_brand":[],"product_cat":[2962,114,163],"product_tag":[],"class_list":{"0":"post-198576","1":"product","2":"type-product","3":"status-publish","4":"has-post-thumbnail","6":"product_cat-2026-de","7":"product_cat-new-york-issuing-office-de","8":"product_cat-personalisierte-bogen","9":"pa_condition-cancelled","10":"pa_condition-mint-de","12":"first","13":"instock","14":"shipping-taxable","15":"purchasable","16":"product-type-variable","17":"has-default-attributes"},"yoast_head":"<!-- This site is optimized with the Yoast SEO plugin v27.5 - https:\/\/yoast.com\/product\/yoast-seo-wordpress\/ -->\n<title>80 Jahre des UN-Journals - UN Briefmarken<\/title>\n<meta name=\"robots\" content=\"index, follow, max-snippet:-1, max-image-preview:large, max-video-preview:-1\" \/>\n<link rel=\"canonical\" href=\"https:\/\/unstamps.org\/de\/produkt\/80-jahre-des-un-journals\/\" \/>\n<meta property=\"og:locale\" content=\"de_DE\" \/>\n<meta property=\"og:type\" content=\"article\" \/>\n<meta property=\"og:title\" content=\"80 Jahre des UN-Journals - UN Briefmarken\" \/>\n<meta property=\"og:description\" content=\"Am 12. Januar 2026 gab die UNPA einen Sonderbriefmarkenbogen mit 10 Briefmarken heraus, um den 80. Jahrestag der Ver\u00f6ffentlichung der ersten Ausgabe des Journal of the United Nations zu feiern. Der Briefmarkenbogen im Wert von 1,70 US-Dollar w\u00fcrdigt die anhaltende Bedeutung des Journals als offizielles Archiv der Vergangenheit der Vereinten Nationen, gesehen aus der Perspektive [&hellip;]\" \/>\n<meta property=\"og:url\" content=\"https:\/\/unstamps.org\/de\/produkt\/80-jahre-des-un-journals\/\" \/>\n<meta property=\"og:site_name\" content=\"UN Briefmarken\" \/>\n<meta property=\"article:modified_time\" content=\"2026-01-12T15:29:18+00:00\" \/>\n<meta property=\"og:image\" content=\"https:\/\/unstamps.org\/wp-content\/uploads\/2026\/01\/2026-80th-UN-Journal-PSS-Mint.jpg\" \/>\n\t<meta property=\"og:image:width\" content=\"1024\" \/>\n\t<meta property=\"og:image:height\" content=\"1024\" \/>\n\t<meta property=\"og:image:type\" content=\"image\/jpeg\" \/>\n<meta name=\"twitter:card\" content=\"summary_large_image\" \/>\n<meta name=\"twitter:label1\" content=\"Gesch\u00e4tzte Lesezeit\" \/>\n\t<meta name=\"twitter:data1\" content=\"1 minute\" \/>\n<script type=\"application\/ld+json\" class=\"yoast-schema-graph\">{\"@context\":\"https:\\\/\\\/schema.org\",\"@graph\":[{\"@type\":\"WebPage\",\"@id\":\"https:\\\/\\\/unstamps.org\\\/de\\\/produkt\\\/80-jahre-des-un-journals\\\/\",\"url\":\"https:\\\/\\\/unstamps.org\\\/de\\\/produkt\\\/80-jahre-des-un-journals\\\/\",\"name\":\"80 Jahre des UN-Journals - UN Briefmarken\",\"isPartOf\":{\"@id\":\"https:\\\/\\\/unstamps.org\\\/de\\\/#website\"},\"primaryImageOfPage\":{\"@id\":\"https:\\\/\\\/unstamps.org\\\/de\\\/produkt\\\/80-jahre-des-un-journals\\\/#primaryimage\"},\"image\":{\"@id\":\"https:\\\/\\\/unstamps.org\\\/de\\\/produkt\\\/80-jahre-des-un-journals\\\/#primaryimage\"},\"thumbnailUrl\":\"https:\\\/\\\/unstamps.org\\\/wp-content\\\/uploads\\\/2026\\\/01\\\/2026-80th-UN-Journal-PSS-Mint.jpg\",\"datePublished\":\"2026-01-12T15:27:44+00:00\",\"dateModified\":\"2026-01-12T15:29:18+00:00\",\"breadcrumb\":{\"@id\":\"https:\\\/\\\/unstamps.org\\\/de\\\/produkt\\\/80-jahre-des-un-journals\\\/#breadcrumb\"},\"inLanguage\":\"de-DE\",\"potentialAction\":[{\"@type\":\"ReadAction\",\"target\":[\"https:\\\/\\\/unstamps.org\\\/de\\\/produkt\\\/80-jahre-des-un-journals\\\/\"]}]},{\"@type\":\"ImageObject\",\"inLanguage\":\"de-DE\",\"@id\":\"https:\\\/\\\/unstamps.org\\\/de\\\/produkt\\\/80-jahre-des-un-journals\\\/#primaryimage\",\"url\":\"https:\\\/\\\/unstamps.org\\\/wp-content\\\/uploads\\\/2026\\\/01\\\/2026-80th-UN-Journal-PSS-Mint.jpg\",\"contentUrl\":\"https:\\\/\\\/unstamps.org\\\/wp-content\\\/uploads\\\/2026\\\/01\\\/2026-80th-UN-Journal-PSS-Mint.jpg\",\"width\":1024,\"height\":1024},{\"@type\":\"BreadcrumbList\",\"@id\":\"https:\\\/\\\/unstamps.org\\\/de\\\/produkt\\\/80-jahre-des-un-journals\\\/#breadcrumb\",\"itemListElement\":[{\"@type\":\"ListItem\",\"position\":1,\"name\":\"Home\",\"item\":\"https:\\\/\\\/unstamps.org\\\/de\\\/\"},{\"@type\":\"ListItem\",\"position\":2,\"name\":\"Produkte\",\"item\":\"https:\\\/\\\/unstamps.org\\\/de\\\/produkte\\\/\"},{\"@type\":\"ListItem\",\"position\":3,\"name\":\"80 Jahre des UN-Journals\"}]},{\"@type\":\"WebSite\",\"@id\":\"https:\\\/\\\/unstamps.org\\\/de\\\/#website\",\"url\":\"https:\\\/\\\/unstamps.org\\\/de\\\/\",\"name\":\"UN Stamps\",\"description\":\"United Nations Stamps\",\"publisher\":{\"@id\":\"https:\\\/\\\/unstamps.org\\\/de\\\/#organization\"},\"potentialAction\":[{\"@type\":\"SearchAction\",\"target\":{\"@type\":\"EntryPoint\",\"urlTemplate\":\"https:\\\/\\\/unstamps.org\\\/de\\\/?s={search_term_string}\"},\"query-input\":{\"@type\":\"PropertyValueSpecification\",\"valueRequired\":true,\"valueName\":\"search_term_string\"}}],\"inLanguage\":\"de-DE\"},{\"@type\":\"Organization\",\"@id\":\"https:\\\/\\\/unstamps.org\\\/de\\\/#organization\",\"name\":\"UN Stamps\",\"url\":\"https:\\\/\\\/unstamps.org\\\/de\\\/\",\"logo\":{\"@type\":\"ImageObject\",\"inLanguage\":\"de-DE\",\"@id\":\"https:\\\/\\\/unstamps.org\\\/de\\\/#\\\/schema\\\/logo\\\/image\\\/\",\"url\":\"https:\\\/\\\/unstamps.org\\\/wp-content\\\/uploads\\\/2014\\\/01\\\/logo4web.jpg\",\"contentUrl\":\"https:\\\/\\\/unstamps.org\\\/wp-content\\\/uploads\\\/2014\\\/01\\\/logo4web.jpg\",\"width\":2500,\"height\":250,\"caption\":\"UN Stamps\"},\"image\":{\"@id\":\"https:\\\/\\\/unstamps.org\\\/de\\\/#\\\/schema\\\/logo\\\/image\\\/\"}}]}<\/script>\n<!-- \/ Yoast SEO plugin. -->","yoast_head_json":{"title":"80 Jahre des UN-Journals - UN Briefmarken","robots":{"index":"index","follow":"follow","max-snippet":"max-snippet:-1","max-image-preview":"max-image-preview:large","max-video-preview":"max-video-preview:-1"},"canonical":"https:\/\/unstamps.org\/de\/produkt\/80-jahre-des-un-journals\/","og_locale":"de_DE","og_type":"article","og_title":"80 Jahre des UN-Journals - UN Briefmarken","og_description":"Am 12. Januar 2026 gab die UNPA einen Sonderbriefmarkenbogen mit 10 Briefmarken heraus, um den 80. Jahrestag der Ver\u00f6ffentlichung der ersten Ausgabe des Journal of the United Nations zu feiern. Der Briefmarkenbogen im Wert von 1,70 US-Dollar w\u00fcrdigt die anhaltende Bedeutung des Journals als offizielles Archiv der Vergangenheit der Vereinten Nationen, gesehen aus der Perspektive [&hellip;]","og_url":"https:\/\/unstamps.org\/de\/produkt\/80-jahre-des-un-journals\/","og_site_name":"UN Briefmarken","article_modified_time":"2026-01-12T15:29:18+00:00","og_image":[{"width":1024,"height":1024,"url":"https:\/\/unstamps.org\/wp-content\/uploads\/2026\/01\/2026-80th-UN-Journal-PSS-Mint.jpg","type":"image\/jpeg"}],"twitter_card":"summary_large_image","twitter_misc":{"Gesch\u00e4tzte Lesezeit":"1 minute"},"schema":{"@context":"https:\/\/schema.org","@graph":[{"@type":"WebPage","@id":"https:\/\/unstamps.org\/de\/produkt\/80-jahre-des-un-journals\/","url":"https:\/\/unstamps.org\/de\/produkt\/80-jahre-des-un-journals\/","name":"80 Jahre des UN-Journals - UN Briefmarken","isPartOf":{"@id":"https:\/\/unstamps.org\/de\/#website"},"primaryImageOfPage":{"@id":"https:\/\/unstamps.org\/de\/produkt\/80-jahre-des-un-journals\/#primaryimage"},"image":{"@id":"https:\/\/unstamps.org\/de\/produkt\/80-jahre-des-un-journals\/#primaryimage"},"thumbnailUrl":"https:\/\/unstamps.org\/wp-content\/uploads\/2026\/01\/2026-80th-UN-Journal-PSS-Mint.jpg","datePublished":"2026-01-12T15:27:44+00:00","dateModified":"2026-01-12T15:29:18+00:00","breadcrumb":{"@id":"https:\/\/unstamps.org\/de\/produkt\/80-jahre-des-un-journals\/#breadcrumb"},"inLanguage":"de-DE","potentialAction":[{"@type":"ReadAction","target":["https:\/\/unstamps.org\/de\/produkt\/80-jahre-des-un-journals\/"]}]},{"@type":"ImageObject","inLanguage":"de-DE","@id":"https:\/\/unstamps.org\/de\/produkt\/80-jahre-des-un-journals\/#primaryimage","url":"https:\/\/unstamps.org\/wp-content\/uploads\/2026\/01\/2026-80th-UN-Journal-PSS-Mint.jpg","contentUrl":"https:\/\/unstamps.org\/wp-content\/uploads\/2026\/01\/2026-80th-UN-Journal-PSS-Mint.jpg","width":1024,"height":1024},{"@type":"BreadcrumbList","@id":"https:\/\/unstamps.org\/de\/produkt\/80-jahre-des-un-journals\/#breadcrumb","itemListElement":[{"@type":"ListItem","position":1,"name":"Home","item":"https:\/\/unstamps.org\/de\/"},{"@type":"ListItem","position":2,"name":"Produkte","item":"https:\/\/unstamps.org\/de\/produkte\/"},{"@type":"ListItem","position":3,"name":"80 Jahre des UN-Journals"}]},{"@type":"WebSite","@id":"https:\/\/unstamps.org\/de\/#website","url":"https:\/\/unstamps.org\/de\/","name":"UN Stamps","description":"United Nations Stamps","publisher":{"@id":"https:\/\/unstamps.org\/de\/#organization"},"potentialAction":[{"@type":"SearchAction","target":{"@type":"EntryPoint","urlTemplate":"https:\/\/unstamps.org\/de\/?s={search_term_string}"},"query-input":{"@type":"PropertyValueSpecification","valueRequired":true,"valueName":"search_term_string"}}],"inLanguage":"de-DE"},{"@type":"Organization","@id":"https:\/\/unstamps.org\/de\/#organization","name":"UN Stamps","url":"https:\/\/unstamps.org\/de\/","logo":{"@type":"ImageObject","inLanguage":"de-DE","@id":"https:\/\/unstamps.org\/de\/#\/schema\/logo\/image\/","url":"https:\/\/unstamps.org\/wp-content\/uploads\/2014\/01\/logo4web.jpg","contentUrl":"https:\/\/unstamps.org\/wp-content\/uploads\/2014\/01\/logo4web.jpg","width":2500,"height":250,"caption":"UN Stamps"},"image":{"@id":"https:\/\/unstamps.org\/de\/#\/schema\/logo\/image\/"}}]}},"jetpack_sharing_enabled":true,"publishpress_future_action":{"enabled":false,"date":"2026-05-11 08:07:06","action":"change-status","newStatus":"private","terms":[],"taxonomy":"product_cat","extraData":[]},"publishpress_future_workflow_manual_trigger":{"enabledWorkflows":[]},"_links":{"self":[{"href":"https:\/\/unstamps.org\/de\/wp-json\/wp\/v2\/product\/198576","targetHints":{"allow":["GET"]}}],"collection":[{"href":"https:\/\/unstamps.org\/de\/wp-json\/wp\/v2\/product"}],"about":[{"href":"https:\/\/unstamps.org\/de\/wp-json\/wp\/v2\/types\/product"}],"replies":[{"embeddable":true,"href":"https:\/\/unstamps.org\/de\/wp-json\/wp\/v2\/comments?post=198576"}],"wp:featuredmedia":[{"embeddable":true,"href":"https:\/\/unstamps.org\/de\/wp-json\/wp\/v2\/media\/198574"}],"wp:attachment":[{"href":"https:\/\/unstamps.org\/de\/wp-json\/wp\/v2\/media?parent=198576"}],"wp:term":[{"taxonomy":"product_brand","embeddable":true,"href":"https:\/\/unstamps.org\/de\/wp-json\/wp\/v2\/product_brand?post=198576"},{"taxonomy":"product_cat","embeddable":true,"href":"https:\/\/unstamps.org\/de\/wp-json\/wp\/v2\/product_cat?post=198576"},{"taxonomy":"product_tag","embeddable":true,"href":"https:\/\/unstamps.org\/de\/wp-json\/wp\/v2\/product_tag?post=198576"}],"curies":[{"name":"wp","href":"https:\/\/api.w.org\/{rel}","templated":true}]}}