{"id":198188,"date":"2025-12-09T15:01:28","date_gmt":"2025-12-09T20:01:28","guid":{"rendered":"https:\/\/unstamps.org\/?post_type=product&#038;p=198188"},"modified":"2026-01-09T11:53:24","modified_gmt":"2026-01-09T16:53:24","slug":"70-jahre-des-beitritts-zu-den-vereinten-nationen","status":"publish","type":"product","link":"https:\/\/unstamps.org\/de\/produkt\/70-jahre-des-beitritts-zu-den-vereinten-nationen\/","title":{"rendered":"70 Jahre des Beitritts zu den Vereinten Nationen"},"content":{"rendered":"<p>Am 10. Dezember 2025 gibt die Postverwaltung der Vereinten Nationen einen Personalisierter Eventbogen mit 10 Briefmarken im Wert von 1,70 $ heraus, um die Mitgliedstaaten zu ehren, die vor 70 Jahren den Vereinten Nationen beigetreten sind.<br \/>\nIm Jahr 1955 traten 16 L\u00e4nder den Vereinten Nationen bei, was die gr\u00f6\u00dfte Erweiterung in der Geschichte der Organisation darstellte und die Gesamtzahl der Mitgliedstaaten von 60 auf 76 erh\u00f6hte. <\/p>\n<p>Dieser Personalisierter Event-Briefmarkenbogen erinnert an den 70. Jahrestag der Mitgliedschaft Albaniens, \u00d6sterreichs, Bulgariens, Kambodschas, Finnlands, Ungarns, Irlands, Italiens, Jordaniens, der Demokratischen Volksrepublik Laos, Libyens, Nepals, Portugals, Rum\u00e4niens, Spaniens und Sri Lankas. <\/p>\n<p>Der Briefmarkenbogen unterstreicht das anhaltende Engagement dieser Mitgliedstaaten f\u00fcr die Arbeit und die Grunds\u00e4tze der Vereinten Nationen.<\/p>\n<p>Das Design der $1.70 Briefmarke zeigt das Emblem der Vereinten Nationen in Wei\u00df auf blauem Hintergrund. <\/p>\n<p>Das Design der $1,70-Briefmarke zeigt das Emblem der Vereinten Nationen in Wei\u00df auf blauem Hintergrund. Entworfen wurde die Marke von Jo\u00e3o Varela (Portugal), der mit seinem Entwurf den 70. Jahrestag der Aufnahme dieser L\u00e4nder in die UNO im Jahr 1955 feiern wollte. Dabei stellte er die Vereinigung vieler Nationen in den Mittelpunkt: Die Zahl \u201e70\u201c formte er aus ineinander verschlungenen Ringen und verwendete Farben aus den sechzehn Nationalflaggen, die sanft ineinander \u00fcbergehen, anstatt scharfe Grenzen zu bilden. Der tiefblaue Hintergrund der Vereinten Nationen verbindet das Design mit der Identit\u00e4t der Organisation, und die zweistelligen L\u00e4ndercodes geben jedem Mitglied gleich viel Raum und eine klare Stimme im Design. Der Hintergrund des Bogens zeigt die Flaggen der sechzehn L\u00e4nder, die 1955 den Vereinten Nationen beigetreten sind.<\/p>\n<p>Kunden mit Dauerauftr\u00e4gen f\u00fcr New Yorker Eventb\u00f6gen (95) erhalten diesen Artikel automatisch \u00fcber ihre Konten. <\/p>\n<p><strong>Technische Details:<\/strong><br \/>\n<strong>Gr\u00f6\u00dfe der Briefmarken:<\/strong> 40,6 mm x 29,8 mm<br \/>\n<strong>Gr\u00f6\u00dfe der Vignetten:<\/strong> 26,6 mm x 29,8 mm<br \/>\n<strong>Gr\u00f6\u00dfe des Bogens:<\/strong> 279,4 mm x 215,9 mm<br \/>\n<strong>Druck:<\/strong> Hausintern<\/p>\n","protected":false},"excerpt":{"rendered":"<p>Am 10. Dezember 2025 gibt die Postverwaltung der Vereinten Nationen einen Personalisierter Eventbogen mit 10 Briefmarken im Wert von 1,70 $ heraus, um die Mitgliedstaaten zu ehren, die vor 70 Jahren den Vereinten Nationen beigetreten sind. Im Jahr 1955 traten 16 L\u00e4nder den Vereinten Nationen bei, was die gr\u00f6\u00dfte Erweiterung in der Geschichte der Organisation [&hellip;]<\/p>\n","protected":false},"featured_media":198244,"comment_status":"closed","ping_status":"closed","template":"","meta":{"ngg_post_thumbnail":0},"product_brand":[],"product_cat":[2954,114,163],"product_tag":[],"class_list":{"0":"post-198188","1":"product","2":"type-product","3":"status-publish","4":"has-post-thumbnail","6":"product_cat-2025-de","7":"product_cat-new-york-issuing-office-de","8":"product_cat-personalisierte-bogen","9":"pa_condition-cancelled","10":"pa_condition-mint-de","12":"first","13":"instock","14":"shipping-taxable","15":"purchasable","16":"product-type-variable"},"yoast_head":"<!-- This site is optimized with the Yoast SEO plugin v27.4 - https:\/\/yoast.com\/product\/yoast-seo-wordpress\/ -->\n<title>70 Jahre des Beitritts zu den Vereinten Nationen - UN Briefmarken<\/title>\n<meta name=\"robots\" content=\"index, follow, max-snippet:-1, max-image-preview:large, max-video-preview:-1\" \/>\n<link rel=\"canonical\" href=\"https:\/\/unstamps.org\/de\/produkt\/70-jahre-des-beitritts-zu-den-vereinten-nationen\/\" \/>\n<meta property=\"og:locale\" content=\"de_DE\" \/>\n<meta property=\"og:type\" content=\"article\" \/>\n<meta property=\"og:title\" content=\"70 Jahre des Beitritts zu den Vereinten Nationen - UN Briefmarken\" \/>\n<meta property=\"og:description\" content=\"Am 10. Dezember 2025 gibt die Postverwaltung der Vereinten Nationen einen Personalisierter Eventbogen mit 10 Briefmarken im Wert von 1,70 $ heraus, um die Mitgliedstaaten zu ehren, die vor 70 Jahren den Vereinten Nationen beigetreten sind. Im Jahr 1955 traten 16 L\u00e4nder den Vereinten Nationen bei, was die gr\u00f6\u00dfte Erweiterung in der Geschichte der Organisation [&hellip;]\" \/>\n<meta property=\"og:url\" content=\"https:\/\/unstamps.org\/de\/produkt\/70-jahre-des-beitritts-zu-den-vereinten-nationen\/\" \/>\n<meta property=\"og:site_name\" content=\"UN Briefmarken\" \/>\n<meta property=\"article:modified_time\" content=\"2026-01-09T16:53:24+00:00\" \/>\n<meta property=\"og:image\" content=\"https:\/\/unstamps.org\/wp-content\/uploads\/2025\/12\/2025-70th-Accession-MINT.jpg\" \/>\n\t<meta property=\"og:image:width\" content=\"1024\" \/>\n\t<meta property=\"og:image:height\" content=\"1024\" \/>\n\t<meta property=\"og:image:type\" content=\"image\/jpeg\" \/>\n<meta name=\"twitter:card\" content=\"summary_large_image\" \/>\n<meta name=\"twitter:label1\" content=\"Gesch\u00e4tzte Lesezeit\" \/>\n\t<meta name=\"twitter:data1\" content=\"1 minute\" \/>\n<script type=\"application\/ld+json\" class=\"yoast-schema-graph\">{\"@context\":\"https:\\\/\\\/schema.org\",\"@graph\":[{\"@type\":\"WebPage\",\"@id\":\"https:\\\/\\\/unstamps.org\\\/de\\\/produkt\\\/70-jahre-des-beitritts-zu-den-vereinten-nationen\\\/\",\"url\":\"https:\\\/\\\/unstamps.org\\\/de\\\/produkt\\\/70-jahre-des-beitritts-zu-den-vereinten-nationen\\\/\",\"name\":\"70 Jahre des Beitritts zu den Vereinten Nationen - UN Briefmarken\",\"isPartOf\":{\"@id\":\"https:\\\/\\\/unstamps.org\\\/de\\\/#website\"},\"primaryImageOfPage\":{\"@id\":\"https:\\\/\\\/unstamps.org\\\/de\\\/produkt\\\/70-jahre-des-beitritts-zu-den-vereinten-nationen\\\/#primaryimage\"},\"image\":{\"@id\":\"https:\\\/\\\/unstamps.org\\\/de\\\/produkt\\\/70-jahre-des-beitritts-zu-den-vereinten-nationen\\\/#primaryimage\"},\"thumbnailUrl\":\"https:\\\/\\\/unstamps.org\\\/wp-content\\\/uploads\\\/2025\\\/12\\\/2025-70th-Accession-MINT.jpg\",\"datePublished\":\"2025-12-09T20:01:28+00:00\",\"dateModified\":\"2026-01-09T16:53:24+00:00\",\"breadcrumb\":{\"@id\":\"https:\\\/\\\/unstamps.org\\\/de\\\/produkt\\\/70-jahre-des-beitritts-zu-den-vereinten-nationen\\\/#breadcrumb\"},\"inLanguage\":\"de-DE\",\"potentialAction\":[{\"@type\":\"ReadAction\",\"target\":[\"https:\\\/\\\/unstamps.org\\\/de\\\/produkt\\\/70-jahre-des-beitritts-zu-den-vereinten-nationen\\\/\"]}]},{\"@type\":\"ImageObject\",\"inLanguage\":\"de-DE\",\"@id\":\"https:\\\/\\\/unstamps.org\\\/de\\\/produkt\\\/70-jahre-des-beitritts-zu-den-vereinten-nationen\\\/#primaryimage\",\"url\":\"https:\\\/\\\/unstamps.org\\\/wp-content\\\/uploads\\\/2025\\\/12\\\/2025-70th-Accession-MINT.jpg\",\"contentUrl\":\"https:\\\/\\\/unstamps.org\\\/wp-content\\\/uploads\\\/2025\\\/12\\\/2025-70th-Accession-MINT.jpg\",\"width\":1024,\"height\":1024},{\"@type\":\"BreadcrumbList\",\"@id\":\"https:\\\/\\\/unstamps.org\\\/de\\\/produkt\\\/70-jahre-des-beitritts-zu-den-vereinten-nationen\\\/#breadcrumb\",\"itemListElement\":[{\"@type\":\"ListItem\",\"position\":1,\"name\":\"Home\",\"item\":\"https:\\\/\\\/unstamps.org\\\/de\\\/\"},{\"@type\":\"ListItem\",\"position\":2,\"name\":\"Produkte\",\"item\":\"https:\\\/\\\/unstamps.org\\\/de\\\/produkte\\\/\"},{\"@type\":\"ListItem\",\"position\":3,\"name\":\"70 Jahre des Beitritts zu den Vereinten Nationen\"}]},{\"@type\":\"WebSite\",\"@id\":\"https:\\\/\\\/unstamps.org\\\/de\\\/#website\",\"url\":\"https:\\\/\\\/unstamps.org\\\/de\\\/\",\"name\":\"UN Stamps\",\"description\":\"United Nations Stamps\",\"publisher\":{\"@id\":\"https:\\\/\\\/unstamps.org\\\/de\\\/#organization\"},\"potentialAction\":[{\"@type\":\"SearchAction\",\"target\":{\"@type\":\"EntryPoint\",\"urlTemplate\":\"https:\\\/\\\/unstamps.org\\\/de\\\/?s={search_term_string}\"},\"query-input\":{\"@type\":\"PropertyValueSpecification\",\"valueRequired\":true,\"valueName\":\"search_term_string\"}}],\"inLanguage\":\"de-DE\"},{\"@type\":\"Organization\",\"@id\":\"https:\\\/\\\/unstamps.org\\\/de\\\/#organization\",\"name\":\"UN Stamps\",\"url\":\"https:\\\/\\\/unstamps.org\\\/de\\\/\",\"logo\":{\"@type\":\"ImageObject\",\"inLanguage\":\"de-DE\",\"@id\":\"https:\\\/\\\/unstamps.org\\\/de\\\/#\\\/schema\\\/logo\\\/image\\\/\",\"url\":\"https:\\\/\\\/unstamps.org\\\/wp-content\\\/uploads\\\/2014\\\/01\\\/logo4web.jpg\",\"contentUrl\":\"https:\\\/\\\/unstamps.org\\\/wp-content\\\/uploads\\\/2014\\\/01\\\/logo4web.jpg\",\"width\":2500,\"height\":250,\"caption\":\"UN Stamps\"},\"image\":{\"@id\":\"https:\\\/\\\/unstamps.org\\\/de\\\/#\\\/schema\\\/logo\\\/image\\\/\"}}]}<\/script>\n<!-- \/ Yoast SEO plugin. -->","yoast_head_json":{"title":"70 Jahre des Beitritts zu den Vereinten Nationen - UN Briefmarken","robots":{"index":"index","follow":"follow","max-snippet":"max-snippet:-1","max-image-preview":"max-image-preview:large","max-video-preview":"max-video-preview:-1"},"canonical":"https:\/\/unstamps.org\/de\/produkt\/70-jahre-des-beitritts-zu-den-vereinten-nationen\/","og_locale":"de_DE","og_type":"article","og_title":"70 Jahre des Beitritts zu den Vereinten Nationen - UN Briefmarken","og_description":"Am 10. Dezember 2025 gibt die Postverwaltung der Vereinten Nationen einen Personalisierter Eventbogen mit 10 Briefmarken im Wert von 1,70 $ heraus, um die Mitgliedstaaten zu ehren, die vor 70 Jahren den Vereinten Nationen beigetreten sind. Im Jahr 1955 traten 16 L\u00e4nder den Vereinten Nationen bei, was die gr\u00f6\u00dfte Erweiterung in der Geschichte der Organisation [&hellip;]","og_url":"https:\/\/unstamps.org\/de\/produkt\/70-jahre-des-beitritts-zu-den-vereinten-nationen\/","og_site_name":"UN Briefmarken","article_modified_time":"2026-01-09T16:53:24+00:00","og_image":[{"width":1024,"height":1024,"url":"https:\/\/unstamps.org\/wp-content\/uploads\/2025\/12\/2025-70th-Accession-MINT.jpg","type":"image\/jpeg"}],"twitter_card":"summary_large_image","twitter_misc":{"Gesch\u00e4tzte Lesezeit":"1 minute"},"schema":{"@context":"https:\/\/schema.org","@graph":[{"@type":"WebPage","@id":"https:\/\/unstamps.org\/de\/produkt\/70-jahre-des-beitritts-zu-den-vereinten-nationen\/","url":"https:\/\/unstamps.org\/de\/produkt\/70-jahre-des-beitritts-zu-den-vereinten-nationen\/","name":"70 Jahre des Beitritts zu den Vereinten Nationen - UN Briefmarken","isPartOf":{"@id":"https:\/\/unstamps.org\/de\/#website"},"primaryImageOfPage":{"@id":"https:\/\/unstamps.org\/de\/produkt\/70-jahre-des-beitritts-zu-den-vereinten-nationen\/#primaryimage"},"image":{"@id":"https:\/\/unstamps.org\/de\/produkt\/70-jahre-des-beitritts-zu-den-vereinten-nationen\/#primaryimage"},"thumbnailUrl":"https:\/\/unstamps.org\/wp-content\/uploads\/2025\/12\/2025-70th-Accession-MINT.jpg","datePublished":"2025-12-09T20:01:28+00:00","dateModified":"2026-01-09T16:53:24+00:00","breadcrumb":{"@id":"https:\/\/unstamps.org\/de\/produkt\/70-jahre-des-beitritts-zu-den-vereinten-nationen\/#breadcrumb"},"inLanguage":"de-DE","potentialAction":[{"@type":"ReadAction","target":["https:\/\/unstamps.org\/de\/produkt\/70-jahre-des-beitritts-zu-den-vereinten-nationen\/"]}]},{"@type":"ImageObject","inLanguage":"de-DE","@id":"https:\/\/unstamps.org\/de\/produkt\/70-jahre-des-beitritts-zu-den-vereinten-nationen\/#primaryimage","url":"https:\/\/unstamps.org\/wp-content\/uploads\/2025\/12\/2025-70th-Accession-MINT.jpg","contentUrl":"https:\/\/unstamps.org\/wp-content\/uploads\/2025\/12\/2025-70th-Accession-MINT.jpg","width":1024,"height":1024},{"@type":"BreadcrumbList","@id":"https:\/\/unstamps.org\/de\/produkt\/70-jahre-des-beitritts-zu-den-vereinten-nationen\/#breadcrumb","itemListElement":[{"@type":"ListItem","position":1,"name":"Home","item":"https:\/\/unstamps.org\/de\/"},{"@type":"ListItem","position":2,"name":"Produkte","item":"https:\/\/unstamps.org\/de\/produkte\/"},{"@type":"ListItem","position":3,"name":"70 Jahre des Beitritts zu den Vereinten Nationen"}]},{"@type":"WebSite","@id":"https:\/\/unstamps.org\/de\/#website","url":"https:\/\/unstamps.org\/de\/","name":"UN Stamps","description":"United Nations Stamps","publisher":{"@id":"https:\/\/unstamps.org\/de\/#organization"},"potentialAction":[{"@type":"SearchAction","target":{"@type":"EntryPoint","urlTemplate":"https:\/\/unstamps.org\/de\/?s={search_term_string}"},"query-input":{"@type":"PropertyValueSpecification","valueRequired":true,"valueName":"search_term_string"}}],"inLanguage":"de-DE"},{"@type":"Organization","@id":"https:\/\/unstamps.org\/de\/#organization","name":"UN Stamps","url":"https:\/\/unstamps.org\/de\/","logo":{"@type":"ImageObject","inLanguage":"de-DE","@id":"https:\/\/unstamps.org\/de\/#\/schema\/logo\/image\/","url":"https:\/\/unstamps.org\/wp-content\/uploads\/2014\/01\/logo4web.jpg","contentUrl":"https:\/\/unstamps.org\/wp-content\/uploads\/2014\/01\/logo4web.jpg","width":2500,"height":250,"caption":"UN Stamps"},"image":{"@id":"https:\/\/unstamps.org\/de\/#\/schema\/logo\/image\/"}}]}},"jetpack_sharing_enabled":true,"publishpress_future_action":{"enabled":false,"date":"2026-04-28 10:15:25","action":"change-status","newStatus":"private","terms":[],"taxonomy":"product_cat","extraData":[]},"publishpress_future_workflow_manual_trigger":{"enabledWorkflows":[]},"_links":{"self":[{"href":"https:\/\/unstamps.org\/de\/wp-json\/wp\/v2\/product\/198188","targetHints":{"allow":["GET"]}}],"collection":[{"href":"https:\/\/unstamps.org\/de\/wp-json\/wp\/v2\/product"}],"about":[{"href":"https:\/\/unstamps.org\/de\/wp-json\/wp\/v2\/types\/product"}],"replies":[{"embeddable":true,"href":"https:\/\/unstamps.org\/de\/wp-json\/wp\/v2\/comments?post=198188"}],"wp:featuredmedia":[{"embeddable":true,"href":"https:\/\/unstamps.org\/de\/wp-json\/wp\/v2\/media\/198244"}],"wp:attachment":[{"href":"https:\/\/unstamps.org\/de\/wp-json\/wp\/v2\/media?parent=198188"}],"wp:term":[{"taxonomy":"product_brand","embeddable":true,"href":"https:\/\/unstamps.org\/de\/wp-json\/wp\/v2\/product_brand?post=198188"},{"taxonomy":"product_cat","embeddable":true,"href":"https:\/\/unstamps.org\/de\/wp-json\/wp\/v2\/product_cat?post=198188"},{"taxonomy":"product_tag","embeddable":true,"href":"https:\/\/unstamps.org\/de\/wp-json\/wp\/v2\/product_tag?post=198188"}],"curies":[{"name":"wp","href":"https:\/\/api.w.org\/{rel}","templated":true}]}}