{"id":197480,"date":"2025-11-19T11:33:24","date_gmt":"2025-11-19T16:33:24","guid":{"rendered":"https:\/\/unstamps.org\/?post_type=product&#038;p=197480"},"modified":"2026-01-09T11:52:55","modified_gmt":"2026-01-09T16:52:55","slug":"2025-unesco-welterbe-mexiko-set-ersttagsumschlage-block-mit-ri","status":"publish","type":"product","link":"https:\/\/unstamps.org\/de\/produkt\/2025-unesco-welterbe-mexiko-set-ersttagsumschlage-block-mit-ri\/","title":{"rendered":"2025 UNESCO-Welterbe \u2013 Mexiko &#8211; Set Ersttagsumschl\u00e4ge Block mit RI"},"content":{"rendered":"<p>(Die abgebildeten Ersttagsumschl\u00e4ge sind Vorabmuster, die Originale k\u00f6nnen geringf\u00fcgig von den Abbildungen abweichen).<\/p>\n<p>Die Ersttagsumschl\u00e4ge f\u00fcr die Ausgabe \u201c2025 UNESCO-Welterbe \u2013 Mexiko&#8221;:<\/p>\n<ul>\n<li><strong>Single<\/strong>\u00a0\u2013 insgesamt sechs Umschl\u00e4ge mit je einem der ausgegebenen Werte, entsprechend abgestempelt<\/li>\n<li><strong>Block<\/strong>\u00a0\u2013 insgesamt sechs Umschl\u00e4ge mit je einem Viererblock mit Randinschrift aller ausgegebenen Werte, entsprechend abgestempelt<\/li>\n<li><strong>Combo<\/strong>\u00a0\u2013 insgesamt drei Umschl\u00e4ge mit je zwei der ausgegebenen Werte, entsprechend abgestempelt<\/li>\n<li><strong>Trio<\/strong>\u00a0\u2013 ein amtlicher Ersttagsumschlag im Gro\u00dfformat mit den sechs ausgegebenen Briefmarken, entsprechend abgestempelt f\u00fcr New York, Genf und Wien<\/li>\n<\/ul>\n<p><img loading=\"lazy\" decoding=\"async\" class=\"aligncenter size-large wp-image-197490\" src=\"https:\/\/unstamps.org\/wp-content\/uploads\/2025\/11\/2025-WH-Mexico-Cancels-Web-860x287.jpg\" alt=\"\" width=\"860\" height=\"287\" srcset=\"https:\/\/unstamps.org\/wp-content\/uploads\/2025\/11\/2025-WH-Mexico-Cancels-Web-860x287.jpg 860w, https:\/\/unstamps.org\/wp-content\/uploads\/2025\/11\/2025-WH-Mexico-Cancels-Web-768x256.jpg 768w, https:\/\/unstamps.org\/wp-content\/uploads\/2025\/11\/2025-WH-Mexico-Cancels-Web-1536x512.jpg 1536w, https:\/\/unstamps.org\/wp-content\/uploads\/2025\/11\/2025-WH-Mexico-Cancels-Web-1170x390.jpg 1170w, https:\/\/unstamps.org\/wp-content\/uploads\/2025\/11\/2025-WH-Mexico-Cancels-Web-600x200.jpg 600w, https:\/\/unstamps.org\/wp-content\/uploads\/2025\/11\/2025-WH-Mexico-Cancels-Web.jpg 1800w\" sizes=\"auto, (max-width: 860px) 100vw, 860px\" \/><\/p>\n","protected":false},"excerpt":{"rendered":"<p>(Die abgebildeten Ersttagsumschl\u00e4ge sind Vorabmuster, die Originale k\u00f6nnen geringf\u00fcgig von den Abbildungen abweichen). Die Ersttagsumschl\u00e4ge f\u00fcr die Ausgabe \u201c2025 UNESCO-Welterbe \u2013 Mexiko&#8221;: Single\u00a0\u2013 insgesamt sechs Umschl\u00e4ge mit je einem der ausgegebenen Werte, entsprechend abgestempelt Block\u00a0\u2013 insgesamt sechs Umschl\u00e4ge mit je einem Viererblock mit Randinschrift aller ausgegebenen Werte, entsprechend abgestempelt Combo\u00a0\u2013 insgesamt drei Umschl\u00e4ge mit je [&hellip;]<\/p>\n","protected":false},"featured_media":197644,"comment_status":"closed","ping_status":"closed","template":"","meta":{"ngg_post_thumbnail":0},"product_brand":[],"product_cat":[2954,185,115,114,116],"product_tag":[],"class_list":{"0":"post-197480","1":"product","2":"type-product","3":"status-publish","4":"has-post-thumbnail","6":"product_cat-2025-de","7":"product_cat-ersttagsumschlage","8":"product_cat-genf","9":"product_cat-new-york-issuing-office-de","10":"product_cat-wien","12":"first","13":"instock","14":"shipping-taxable","15":"purchasable","16":"product-type-simple"},"yoast_head":"<!-- This site is optimized with the Yoast SEO plugin v27.3 - https:\/\/yoast.com\/product\/yoast-seo-wordpress\/ -->\n<title>2025 UNESCO-Welterbe \u2013 Mexiko &#8211; Set Ersttagsumschl\u00e4ge Block mit RI - UN Briefmarken<\/title>\n<meta name=\"robots\" content=\"index, follow, max-snippet:-1, max-image-preview:large, max-video-preview:-1\" \/>\n<link rel=\"canonical\" href=\"https:\/\/unstamps.org\/de\/produkt\/2025-unesco-welterbe-mexiko-set-ersttagsumschlage-block-mit-ri\/\" \/>\n<meta property=\"og:locale\" content=\"de_DE\" \/>\n<meta property=\"og:type\" content=\"article\" \/>\n<meta property=\"og:title\" content=\"2025 UNESCO-Welterbe \u2013 Mexiko &#8211; Set Ersttagsumschl\u00e4ge Block mit RI - UN Briefmarken\" \/>\n<meta property=\"og:description\" content=\"(Die abgebildeten Ersttagsumschl\u00e4ge sind Vorabmuster, die Originale k\u00f6nnen geringf\u00fcgig von den Abbildungen abweichen). Die Ersttagsumschl\u00e4ge f\u00fcr die Ausgabe \u201c2025 UNESCO-Welterbe \u2013 Mexiko&#8221;: Single\u00a0\u2013 insgesamt sechs Umschl\u00e4ge mit je einem der ausgegebenen Werte, entsprechend abgestempelt Block\u00a0\u2013 insgesamt sechs Umschl\u00e4ge mit je einem Viererblock mit Randinschrift aller ausgegebenen Werte, entsprechend abgestempelt Combo\u00a0\u2013 insgesamt drei Umschl\u00e4ge mit je [&hellip;]\" \/>\n<meta property=\"og:url\" content=\"https:\/\/unstamps.org\/de\/produkt\/2025-unesco-welterbe-mexiko-set-ersttagsumschlage-block-mit-ri\/\" \/>\n<meta property=\"og:site_name\" content=\"UN Briefmarken\" \/>\n<meta property=\"article:modified_time\" content=\"2026-01-09T16:52:55+00:00\" \/>\n<meta property=\"og:image\" content=\"https:\/\/unstamps.org\/wp-content\/uploads\/2025\/11\/2025-WH-Mexico-FDC-MI-GROUP.jpg\" \/>\n\t<meta property=\"og:image:width\" content=\"1024\" \/>\n\t<meta property=\"og:image:height\" content=\"1024\" \/>\n\t<meta property=\"og:image:type\" content=\"image\/jpeg\" \/>\n<meta name=\"twitter:card\" content=\"summary_large_image\" \/>\n<script type=\"application\/ld+json\" class=\"yoast-schema-graph\">{\"@context\":\"https:\\\/\\\/schema.org\",\"@graph\":[{\"@type\":\"WebPage\",\"@id\":\"https:\\\/\\\/unstamps.org\\\/de\\\/produkt\\\/2025-unesco-welterbe-mexiko-set-ersttagsumschlage-block-mit-ri\\\/\",\"url\":\"https:\\\/\\\/unstamps.org\\\/de\\\/produkt\\\/2025-unesco-welterbe-mexiko-set-ersttagsumschlage-block-mit-ri\\\/\",\"name\":\"2025 UNESCO-Welterbe \u2013 Mexiko &#8211; Set Ersttagsumschl\u00e4ge Block mit RI - UN Briefmarken\",\"isPartOf\":{\"@id\":\"https:\\\/\\\/unstamps.org\\\/de\\\/#website\"},\"primaryImageOfPage\":{\"@id\":\"https:\\\/\\\/unstamps.org\\\/de\\\/produkt\\\/2025-unesco-welterbe-mexiko-set-ersttagsumschlage-block-mit-ri\\\/#primaryimage\"},\"image\":{\"@id\":\"https:\\\/\\\/unstamps.org\\\/de\\\/produkt\\\/2025-unesco-welterbe-mexiko-set-ersttagsumschlage-block-mit-ri\\\/#primaryimage\"},\"thumbnailUrl\":\"https:\\\/\\\/unstamps.org\\\/wp-content\\\/uploads\\\/2025\\\/11\\\/2025-WH-Mexico-FDC-MI-GROUP.jpg\",\"datePublished\":\"2025-11-19T16:33:24+00:00\",\"dateModified\":\"2026-01-09T16:52:55+00:00\",\"breadcrumb\":{\"@id\":\"https:\\\/\\\/unstamps.org\\\/de\\\/produkt\\\/2025-unesco-welterbe-mexiko-set-ersttagsumschlage-block-mit-ri\\\/#breadcrumb\"},\"inLanguage\":\"de-DE\",\"potentialAction\":[{\"@type\":\"ReadAction\",\"target\":[\"https:\\\/\\\/unstamps.org\\\/de\\\/produkt\\\/2025-unesco-welterbe-mexiko-set-ersttagsumschlage-block-mit-ri\\\/\"]}]},{\"@type\":\"ImageObject\",\"inLanguage\":\"de-DE\",\"@id\":\"https:\\\/\\\/unstamps.org\\\/de\\\/produkt\\\/2025-unesco-welterbe-mexiko-set-ersttagsumschlage-block-mit-ri\\\/#primaryimage\",\"url\":\"https:\\\/\\\/unstamps.org\\\/wp-content\\\/uploads\\\/2025\\\/11\\\/2025-WH-Mexico-FDC-MI-GROUP.jpg\",\"contentUrl\":\"https:\\\/\\\/unstamps.org\\\/wp-content\\\/uploads\\\/2025\\\/11\\\/2025-WH-Mexico-FDC-MI-GROUP.jpg\",\"width\":1024,\"height\":1024},{\"@type\":\"BreadcrumbList\",\"@id\":\"https:\\\/\\\/unstamps.org\\\/de\\\/produkt\\\/2025-unesco-welterbe-mexiko-set-ersttagsumschlage-block-mit-ri\\\/#breadcrumb\",\"itemListElement\":[{\"@type\":\"ListItem\",\"position\":1,\"name\":\"Home\",\"item\":\"https:\\\/\\\/unstamps.org\\\/de\\\/\"},{\"@type\":\"ListItem\",\"position\":2,\"name\":\"Produkte\",\"item\":\"https:\\\/\\\/unstamps.org\\\/de\\\/produkte\\\/\"},{\"@type\":\"ListItem\",\"position\":3,\"name\":\"2025 UNESCO-Welterbe \u2013 Mexiko &#8211; Set Ersttagsumschl\u00e4ge Block mit RI\"}]},{\"@type\":\"WebSite\",\"@id\":\"https:\\\/\\\/unstamps.org\\\/de\\\/#website\",\"url\":\"https:\\\/\\\/unstamps.org\\\/de\\\/\",\"name\":\"UN Stamps\",\"description\":\"United Nations Stamps\",\"publisher\":{\"@id\":\"https:\\\/\\\/unstamps.org\\\/de\\\/#organization\"},\"potentialAction\":[{\"@type\":\"SearchAction\",\"target\":{\"@type\":\"EntryPoint\",\"urlTemplate\":\"https:\\\/\\\/unstamps.org\\\/de\\\/?s={search_term_string}\"},\"query-input\":{\"@type\":\"PropertyValueSpecification\",\"valueRequired\":true,\"valueName\":\"search_term_string\"}}],\"inLanguage\":\"de-DE\"},{\"@type\":\"Organization\",\"@id\":\"https:\\\/\\\/unstamps.org\\\/de\\\/#organization\",\"name\":\"UN Stamps\",\"url\":\"https:\\\/\\\/unstamps.org\\\/de\\\/\",\"logo\":{\"@type\":\"ImageObject\",\"inLanguage\":\"de-DE\",\"@id\":\"https:\\\/\\\/unstamps.org\\\/de\\\/#\\\/schema\\\/logo\\\/image\\\/\",\"url\":\"https:\\\/\\\/unstamps.org\\\/wp-content\\\/uploads\\\/2014\\\/01\\\/logo4web.jpg\",\"contentUrl\":\"https:\\\/\\\/unstamps.org\\\/wp-content\\\/uploads\\\/2014\\\/01\\\/logo4web.jpg\",\"width\":2500,\"height\":250,\"caption\":\"UN Stamps\"},\"image\":{\"@id\":\"https:\\\/\\\/unstamps.org\\\/de\\\/#\\\/schema\\\/logo\\\/image\\\/\"}}]}<\/script>\n<!-- \/ Yoast SEO plugin. -->","yoast_head_json":{"title":"2025 UNESCO-Welterbe \u2013 Mexiko &#8211; Set Ersttagsumschl\u00e4ge Block mit RI - UN Briefmarken","robots":{"index":"index","follow":"follow","max-snippet":"max-snippet:-1","max-image-preview":"max-image-preview:large","max-video-preview":"max-video-preview:-1"},"canonical":"https:\/\/unstamps.org\/de\/produkt\/2025-unesco-welterbe-mexiko-set-ersttagsumschlage-block-mit-ri\/","og_locale":"de_DE","og_type":"article","og_title":"2025 UNESCO-Welterbe \u2013 Mexiko &#8211; Set Ersttagsumschl\u00e4ge Block mit RI - UN Briefmarken","og_description":"(Die abgebildeten Ersttagsumschl\u00e4ge sind Vorabmuster, die Originale k\u00f6nnen geringf\u00fcgig von den Abbildungen abweichen). Die Ersttagsumschl\u00e4ge f\u00fcr die Ausgabe \u201c2025 UNESCO-Welterbe \u2013 Mexiko&#8221;: Single\u00a0\u2013 insgesamt sechs Umschl\u00e4ge mit je einem der ausgegebenen Werte, entsprechend abgestempelt Block\u00a0\u2013 insgesamt sechs Umschl\u00e4ge mit je einem Viererblock mit Randinschrift aller ausgegebenen Werte, entsprechend abgestempelt Combo\u00a0\u2013 insgesamt drei Umschl\u00e4ge mit je [&hellip;]","og_url":"https:\/\/unstamps.org\/de\/produkt\/2025-unesco-welterbe-mexiko-set-ersttagsumschlage-block-mit-ri\/","og_site_name":"UN Briefmarken","article_modified_time":"2026-01-09T16:52:55+00:00","og_image":[{"width":1024,"height":1024,"url":"https:\/\/unstamps.org\/wp-content\/uploads\/2025\/11\/2025-WH-Mexico-FDC-MI-GROUP.jpg","type":"image\/jpeg"}],"twitter_card":"summary_large_image","schema":{"@context":"https:\/\/schema.org","@graph":[{"@type":"WebPage","@id":"https:\/\/unstamps.org\/de\/produkt\/2025-unesco-welterbe-mexiko-set-ersttagsumschlage-block-mit-ri\/","url":"https:\/\/unstamps.org\/de\/produkt\/2025-unesco-welterbe-mexiko-set-ersttagsumschlage-block-mit-ri\/","name":"2025 UNESCO-Welterbe \u2013 Mexiko &#8211; Set Ersttagsumschl\u00e4ge Block mit RI - UN Briefmarken","isPartOf":{"@id":"https:\/\/unstamps.org\/de\/#website"},"primaryImageOfPage":{"@id":"https:\/\/unstamps.org\/de\/produkt\/2025-unesco-welterbe-mexiko-set-ersttagsumschlage-block-mit-ri\/#primaryimage"},"image":{"@id":"https:\/\/unstamps.org\/de\/produkt\/2025-unesco-welterbe-mexiko-set-ersttagsumschlage-block-mit-ri\/#primaryimage"},"thumbnailUrl":"https:\/\/unstamps.org\/wp-content\/uploads\/2025\/11\/2025-WH-Mexico-FDC-MI-GROUP.jpg","datePublished":"2025-11-19T16:33:24+00:00","dateModified":"2026-01-09T16:52:55+00:00","breadcrumb":{"@id":"https:\/\/unstamps.org\/de\/produkt\/2025-unesco-welterbe-mexiko-set-ersttagsumschlage-block-mit-ri\/#breadcrumb"},"inLanguage":"de-DE","potentialAction":[{"@type":"ReadAction","target":["https:\/\/unstamps.org\/de\/produkt\/2025-unesco-welterbe-mexiko-set-ersttagsumschlage-block-mit-ri\/"]}]},{"@type":"ImageObject","inLanguage":"de-DE","@id":"https:\/\/unstamps.org\/de\/produkt\/2025-unesco-welterbe-mexiko-set-ersttagsumschlage-block-mit-ri\/#primaryimage","url":"https:\/\/unstamps.org\/wp-content\/uploads\/2025\/11\/2025-WH-Mexico-FDC-MI-GROUP.jpg","contentUrl":"https:\/\/unstamps.org\/wp-content\/uploads\/2025\/11\/2025-WH-Mexico-FDC-MI-GROUP.jpg","width":1024,"height":1024},{"@type":"BreadcrumbList","@id":"https:\/\/unstamps.org\/de\/produkt\/2025-unesco-welterbe-mexiko-set-ersttagsumschlage-block-mit-ri\/#breadcrumb","itemListElement":[{"@type":"ListItem","position":1,"name":"Home","item":"https:\/\/unstamps.org\/de\/"},{"@type":"ListItem","position":2,"name":"Produkte","item":"https:\/\/unstamps.org\/de\/produkte\/"},{"@type":"ListItem","position":3,"name":"2025 UNESCO-Welterbe \u2013 Mexiko &#8211; Set Ersttagsumschl\u00e4ge Block mit RI"}]},{"@type":"WebSite","@id":"https:\/\/unstamps.org\/de\/#website","url":"https:\/\/unstamps.org\/de\/","name":"UN Stamps","description":"United Nations Stamps","publisher":{"@id":"https:\/\/unstamps.org\/de\/#organization"},"potentialAction":[{"@type":"SearchAction","target":{"@type":"EntryPoint","urlTemplate":"https:\/\/unstamps.org\/de\/?s={search_term_string}"},"query-input":{"@type":"PropertyValueSpecification","valueRequired":true,"valueName":"search_term_string"}}],"inLanguage":"de-DE"},{"@type":"Organization","@id":"https:\/\/unstamps.org\/de\/#organization","name":"UN Stamps","url":"https:\/\/unstamps.org\/de\/","logo":{"@type":"ImageObject","inLanguage":"de-DE","@id":"https:\/\/unstamps.org\/de\/#\/schema\/logo\/image\/","url":"https:\/\/unstamps.org\/wp-content\/uploads\/2014\/01\/logo4web.jpg","contentUrl":"https:\/\/unstamps.org\/wp-content\/uploads\/2014\/01\/logo4web.jpg","width":2500,"height":250,"caption":"UN Stamps"},"image":{"@id":"https:\/\/unstamps.org\/de\/#\/schema\/logo\/image\/"}}]}},"jetpack_sharing_enabled":true,"publishpress_future_action":{"enabled":false,"date":"2026-04-15 04:40:06","action":"change-status","newStatus":"private","terms":[],"taxonomy":"product_cat","extraData":[]},"publishpress_future_workflow_manual_trigger":{"enabledWorkflows":[]},"_links":{"self":[{"href":"https:\/\/unstamps.org\/de\/wp-json\/wp\/v2\/product\/197480","targetHints":{"allow":["GET"]}}],"collection":[{"href":"https:\/\/unstamps.org\/de\/wp-json\/wp\/v2\/product"}],"about":[{"href":"https:\/\/unstamps.org\/de\/wp-json\/wp\/v2\/types\/product"}],"replies":[{"embeddable":true,"href":"https:\/\/unstamps.org\/de\/wp-json\/wp\/v2\/comments?post=197480"}],"wp:featuredmedia":[{"embeddable":true,"href":"https:\/\/unstamps.org\/de\/wp-json\/wp\/v2\/media\/197644"}],"wp:attachment":[{"href":"https:\/\/unstamps.org\/de\/wp-json\/wp\/v2\/media?parent=197480"}],"wp:term":[{"taxonomy":"product_brand","embeddable":true,"href":"https:\/\/unstamps.org\/de\/wp-json\/wp\/v2\/product_brand?post=197480"},{"taxonomy":"product_cat","embeddable":true,"href":"https:\/\/unstamps.org\/de\/wp-json\/wp\/v2\/product_cat?post=197480"},{"taxonomy":"product_tag","embeddable":true,"href":"https:\/\/unstamps.org\/de\/wp-json\/wp\/v2\/product_tag?post=197480"}],"curies":[{"name":"wp","href":"https:\/\/api.w.org\/{rel}","templated":true}]}}