{"id":197129,"date":"2025-11-19T11:59:53","date_gmt":"2025-11-19T16:59:53","guid":{"rendered":"https:\/\/unstamps.org\/?post_type=product&#038;p=197129"},"modified":"2026-01-09T11:52:45","modified_gmt":"2026-01-09T16:52:45","slug":"2025-unesco-welterbe-mexiko","status":"publish","type":"product","link":"https:\/\/unstamps.org\/de\/produkt\/2025-unesco-welterbe-mexiko\/","title":{"rendered":"2025 UNESCO-Welterbe \u2013 Mexiko"},"content":{"rendered":"<p>Das \u00dcbereinkommen zum Schutz des Kultur- und Naturerbes der Welt, das 1972 von der Organisation der Vereinten Nationen f\u00fcr Bildung, Wissenschaft und Kultur (UNESCO) verabschiedet wurde, betont die gemeinsame Verantwortung aller Nationen, dieses Erbe f\u00fcr gegenw\u00e4rtige und zuk\u00fcnftige Generationen zu bewahren.<\/p>\n<p>Welterbe bezeichnet Kultur- und Naturst\u00e4tten von \u201eau\u00dfergew\u00f6hnlichem universellen Wert\u201c, die von der UNESCO als sch\u00fctzenswert im Interesse der gesamten Menschheit anerkannt wurden. Diese auf der Welterbeliste eingetragenen St\u00e4tten stellen ein gemeinsames Erbe dar und gelten als von herausragender Bedeutung f\u00fcr das kulturelle und nat\u00fcrliche Erbe unseres Planeten.<\/p>\n<p>Seit fast 30 Jahren gibt die Postverwaltung der Vereinten Nationen (UNPA) Briefmarken heraus, die UNESCO-Welterbest\u00e4tten gewidmet sind. Die UNPA freut sich, Sammlerinnen und Sammlern im Jahr 2025 eine neue Serie mit sechs St\u00e4tten in Mexiko pr\u00e4sentieren zu k\u00f6nnen.<\/p>\n<p><strong>Ausgabedatum:<\/strong> 21. November 2025<br \/>\n<strong>Designer:<\/strong> Rorie Katz (Vereinte Nationen)<br \/>\n<strong>Fotos:<\/strong> Adobe Stock<br \/>\n<strong>Nennwerte:<\/strong> US$ 0.78, US$ 1.70, CHF 1,20, CHF 1,90, \u20ac 1,00, \u20ac 1,20<br \/>\n<strong>Format der Marken:<\/strong> 50 mm x 35 mm<br \/>\n<strong>Marken pro Bogen:<\/strong> 20<br \/>\n<strong>Druck:<\/strong> Royal Joh Ensched\u00e9 (Niederlande)<br \/>\n<strong>Druckverfahren:<\/strong> Offset Lithographie<br \/>\n<strong>Z\u00e4hnung:<\/strong> 14 \u00bd x 14 \u00bc<br \/>\n<strong>Die Entw\u00fcrfe:<\/strong><br \/>\n&#8211; US$ 0.78 Historisches Zentrum von Mexiko-Stadt und Xochimilco<br \/>\n&#8211; US$ 1.70 Pr\u00e4kolumbianische Stadt und Nationalpark Palenque<br \/>\n&#8211; CHF 1,20 Monarchfalter-Biosph\u00e4renreservat<br \/>\n&#8211; CHF 1,90 El Taj\u00edn, pr\u00e4kolumbianische Stadt<br \/>\n&#8211; \u20ac 1,00 Hospicio Caba\u00f1as, Guadalajara<br \/>\n&#8211; \u20ac 1,20 Historische Stadt Guanajuato und angrenzende Minen<br \/>\n<strong>Auflagen:<\/strong><br \/>\n<em>Marken<\/em><br \/>\n&#8211; US$ 0.78 4.500 Bogen (90.000 Marken)<br \/>\n&#8211; US$ 1.70 4.500 Bogen (90.000 Marken)<br \/>\n&#8211; CHF 1,20 3.500 Bogen (70.000 Marken)<br \/>\n&#8211; CHF 1,90 3.500 Bogen (70.000 Marken)<br \/>\n&#8211; \u20ac 1,00 3.500 Bogen (70.000 Marken<br \/>\n&#8211; \u20ac 1,20 3.500 Bogen (70.000 Marken)<br \/>\n<em>Briefmarkenheftchen<\/em><br \/>\n&#8211; New York (US$ 0.61, US$ 0.78) 3.750 Heftchen<br \/>\n&#8211; Genf (CHF 0,35, CHF 0,55) 4.000 Heftchen<br \/>\n&#8211; Wien (\u20ac 0,45, \u20ac 0,50) 4.750 Heftchen<\/p>\n","protected":false},"excerpt":{"rendered":"<p>Das \u00dcbereinkommen zum Schutz des Kultur- und Naturerbes der Welt, das 1972 von der Organisation der Vereinten Nationen f\u00fcr Bildung, Wissenschaft und Kultur (UNESCO) verabschiedet wurde, betont die gemeinsame Verantwortung aller Nationen, dieses Erbe f\u00fcr gegenw\u00e4rtige und zuk\u00fcnftige Generationen zu bewahren. Welterbe bezeichnet Kultur- und Naturst\u00e4tten von \u201eau\u00dfergew\u00f6hnlichem universellen Wert\u201c, die von der UNESCO als [&hellip;]<\/p>\n","protected":false},"featured_media":197504,"comment_status":"closed","ping_status":"closed","template":"","meta":{"ngg_post_thumbnail":0},"product_brand":[],"product_cat":[2954,150],"product_tag":[],"class_list":{"0":"post-197129","1":"product","2":"type-product","3":"status-publish","4":"has-post-thumbnail","6":"product_cat-2025-de","7":"product_cat-gedenkbriefmarken","9":"first","10":"instock","11":"shipping-taxable","12":"product-type-grouped"},"yoast_head":"<!-- This site is optimized with the Yoast SEO plugin v27.4 - https:\/\/yoast.com\/product\/yoast-seo-wordpress\/ -->\n<title>2025 UNESCO-Welterbe \u2013 Mexiko - UN Briefmarken<\/title>\n<meta name=\"robots\" content=\"index, follow, max-snippet:-1, max-image-preview:large, max-video-preview:-1\" \/>\n<link rel=\"canonical\" href=\"https:\/\/unstamps.org\/de\/produkt\/2025-unesco-welterbe-mexiko\/\" \/>\n<meta property=\"og:locale\" content=\"de_DE\" \/>\n<meta property=\"og:type\" content=\"article\" \/>\n<meta property=\"og:title\" content=\"2025 UNESCO-Welterbe \u2013 Mexiko - UN Briefmarken\" \/>\n<meta property=\"og:description\" content=\"Das \u00dcbereinkommen zum Schutz des Kultur- und Naturerbes der Welt, das 1972 von der Organisation der Vereinten Nationen f\u00fcr Bildung, Wissenschaft und Kultur (UNESCO) verabschiedet wurde, betont die gemeinsame Verantwortung aller Nationen, dieses Erbe f\u00fcr gegenw\u00e4rtige und zuk\u00fcnftige Generationen zu bewahren. Welterbe bezeichnet Kultur- und Naturst\u00e4tten von \u201eau\u00dfergew\u00f6hnlichem universellen Wert\u201c, die von der UNESCO als [&hellip;]\" \/>\n<meta property=\"og:url\" content=\"https:\/\/unstamps.org\/de\/produkt\/2025-unesco-welterbe-mexiko\/\" \/>\n<meta property=\"og:site_name\" content=\"UN Briefmarken\" \/>\n<meta property=\"article:modified_time\" content=\"2026-01-09T16:52:45+00:00\" \/>\n<meta property=\"og:image\" content=\"https:\/\/unstamps.org\/wp-content\/uploads\/2025\/11\/2025-WH-Mexico-FS-GROUP.jpg\" \/>\n\t<meta property=\"og:image:width\" content=\"1024\" \/>\n\t<meta property=\"og:image:height\" content=\"1024\" \/>\n\t<meta property=\"og:image:type\" content=\"image\/jpeg\" \/>\n<meta name=\"twitter:card\" content=\"summary_large_image\" \/>\n<meta name=\"twitter:label1\" content=\"Gesch\u00e4tzte Lesezeit\" \/>\n\t<meta name=\"twitter:data1\" content=\"1 minute\" \/>\n<script type=\"application\/ld+json\" class=\"yoast-schema-graph\">{\"@context\":\"https:\\\/\\\/schema.org\",\"@graph\":[{\"@type\":\"WebPage\",\"@id\":\"https:\\\/\\\/unstamps.org\\\/de\\\/produkt\\\/2025-unesco-welterbe-mexiko\\\/\",\"url\":\"https:\\\/\\\/unstamps.org\\\/de\\\/produkt\\\/2025-unesco-welterbe-mexiko\\\/\",\"name\":\"2025 UNESCO-Welterbe \u2013 Mexiko - UN Briefmarken\",\"isPartOf\":{\"@id\":\"https:\\\/\\\/unstamps.org\\\/de\\\/#website\"},\"primaryImageOfPage\":{\"@id\":\"https:\\\/\\\/unstamps.org\\\/de\\\/produkt\\\/2025-unesco-welterbe-mexiko\\\/#primaryimage\"},\"image\":{\"@id\":\"https:\\\/\\\/unstamps.org\\\/de\\\/produkt\\\/2025-unesco-welterbe-mexiko\\\/#primaryimage\"},\"thumbnailUrl\":\"https:\\\/\\\/unstamps.org\\\/wp-content\\\/uploads\\\/2025\\\/11\\\/2025-WH-Mexico-FS-GROUP.jpg\",\"datePublished\":\"2025-11-19T16:59:53+00:00\",\"dateModified\":\"2026-01-09T16:52:45+00:00\",\"breadcrumb\":{\"@id\":\"https:\\\/\\\/unstamps.org\\\/de\\\/produkt\\\/2025-unesco-welterbe-mexiko\\\/#breadcrumb\"},\"inLanguage\":\"de-DE\",\"potentialAction\":[{\"@type\":\"ReadAction\",\"target\":[\"https:\\\/\\\/unstamps.org\\\/de\\\/produkt\\\/2025-unesco-welterbe-mexiko\\\/\"]}]},{\"@type\":\"ImageObject\",\"inLanguage\":\"de-DE\",\"@id\":\"https:\\\/\\\/unstamps.org\\\/de\\\/produkt\\\/2025-unesco-welterbe-mexiko\\\/#primaryimage\",\"url\":\"https:\\\/\\\/unstamps.org\\\/wp-content\\\/uploads\\\/2025\\\/11\\\/2025-WH-Mexico-FS-GROUP.jpg\",\"contentUrl\":\"https:\\\/\\\/unstamps.org\\\/wp-content\\\/uploads\\\/2025\\\/11\\\/2025-WH-Mexico-FS-GROUP.jpg\",\"width\":1024,\"height\":1024},{\"@type\":\"BreadcrumbList\",\"@id\":\"https:\\\/\\\/unstamps.org\\\/de\\\/produkt\\\/2025-unesco-welterbe-mexiko\\\/#breadcrumb\",\"itemListElement\":[{\"@type\":\"ListItem\",\"position\":1,\"name\":\"Home\",\"item\":\"https:\\\/\\\/unstamps.org\\\/de\\\/\"},{\"@type\":\"ListItem\",\"position\":2,\"name\":\"Produkte\",\"item\":\"https:\\\/\\\/unstamps.org\\\/de\\\/produkte\\\/\"},{\"@type\":\"ListItem\",\"position\":3,\"name\":\"2025 UNESCO-Welterbe \u2013 Mexiko\"}]},{\"@type\":\"WebSite\",\"@id\":\"https:\\\/\\\/unstamps.org\\\/de\\\/#website\",\"url\":\"https:\\\/\\\/unstamps.org\\\/de\\\/\",\"name\":\"UN Stamps\",\"description\":\"United Nations Stamps\",\"publisher\":{\"@id\":\"https:\\\/\\\/unstamps.org\\\/de\\\/#organization\"},\"potentialAction\":[{\"@type\":\"SearchAction\",\"target\":{\"@type\":\"EntryPoint\",\"urlTemplate\":\"https:\\\/\\\/unstamps.org\\\/de\\\/?s={search_term_string}\"},\"query-input\":{\"@type\":\"PropertyValueSpecification\",\"valueRequired\":true,\"valueName\":\"search_term_string\"}}],\"inLanguage\":\"de-DE\"},{\"@type\":\"Organization\",\"@id\":\"https:\\\/\\\/unstamps.org\\\/de\\\/#organization\",\"name\":\"UN Stamps\",\"url\":\"https:\\\/\\\/unstamps.org\\\/de\\\/\",\"logo\":{\"@type\":\"ImageObject\",\"inLanguage\":\"de-DE\",\"@id\":\"https:\\\/\\\/unstamps.org\\\/de\\\/#\\\/schema\\\/logo\\\/image\\\/\",\"url\":\"https:\\\/\\\/unstamps.org\\\/wp-content\\\/uploads\\\/2014\\\/01\\\/logo4web.jpg\",\"contentUrl\":\"https:\\\/\\\/unstamps.org\\\/wp-content\\\/uploads\\\/2014\\\/01\\\/logo4web.jpg\",\"width\":2500,\"height\":250,\"caption\":\"UN Stamps\"},\"image\":{\"@id\":\"https:\\\/\\\/unstamps.org\\\/de\\\/#\\\/schema\\\/logo\\\/image\\\/\"}}]}<\/script>\n<!-- \/ Yoast SEO plugin. -->","yoast_head_json":{"title":"2025 UNESCO-Welterbe \u2013 Mexiko - UN Briefmarken","robots":{"index":"index","follow":"follow","max-snippet":"max-snippet:-1","max-image-preview":"max-image-preview:large","max-video-preview":"max-video-preview:-1"},"canonical":"https:\/\/unstamps.org\/de\/produkt\/2025-unesco-welterbe-mexiko\/","og_locale":"de_DE","og_type":"article","og_title":"2025 UNESCO-Welterbe \u2013 Mexiko - UN Briefmarken","og_description":"Das \u00dcbereinkommen zum Schutz des Kultur- und Naturerbes der Welt, das 1972 von der Organisation der Vereinten Nationen f\u00fcr Bildung, Wissenschaft und Kultur (UNESCO) verabschiedet wurde, betont die gemeinsame Verantwortung aller Nationen, dieses Erbe f\u00fcr gegenw\u00e4rtige und zuk\u00fcnftige Generationen zu bewahren. Welterbe bezeichnet Kultur- und Naturst\u00e4tten von \u201eau\u00dfergew\u00f6hnlichem universellen Wert\u201c, die von der UNESCO als [&hellip;]","og_url":"https:\/\/unstamps.org\/de\/produkt\/2025-unesco-welterbe-mexiko\/","og_site_name":"UN Briefmarken","article_modified_time":"2026-01-09T16:52:45+00:00","og_image":[{"width":1024,"height":1024,"url":"https:\/\/unstamps.org\/wp-content\/uploads\/2025\/11\/2025-WH-Mexico-FS-GROUP.jpg","type":"image\/jpeg"}],"twitter_card":"summary_large_image","twitter_misc":{"Gesch\u00e4tzte Lesezeit":"1 minute"},"schema":{"@context":"https:\/\/schema.org","@graph":[{"@type":"WebPage","@id":"https:\/\/unstamps.org\/de\/produkt\/2025-unesco-welterbe-mexiko\/","url":"https:\/\/unstamps.org\/de\/produkt\/2025-unesco-welterbe-mexiko\/","name":"2025 UNESCO-Welterbe \u2013 Mexiko - UN Briefmarken","isPartOf":{"@id":"https:\/\/unstamps.org\/de\/#website"},"primaryImageOfPage":{"@id":"https:\/\/unstamps.org\/de\/produkt\/2025-unesco-welterbe-mexiko\/#primaryimage"},"image":{"@id":"https:\/\/unstamps.org\/de\/produkt\/2025-unesco-welterbe-mexiko\/#primaryimage"},"thumbnailUrl":"https:\/\/unstamps.org\/wp-content\/uploads\/2025\/11\/2025-WH-Mexico-FS-GROUP.jpg","datePublished":"2025-11-19T16:59:53+00:00","dateModified":"2026-01-09T16:52:45+00:00","breadcrumb":{"@id":"https:\/\/unstamps.org\/de\/produkt\/2025-unesco-welterbe-mexiko\/#breadcrumb"},"inLanguage":"de-DE","potentialAction":[{"@type":"ReadAction","target":["https:\/\/unstamps.org\/de\/produkt\/2025-unesco-welterbe-mexiko\/"]}]},{"@type":"ImageObject","inLanguage":"de-DE","@id":"https:\/\/unstamps.org\/de\/produkt\/2025-unesco-welterbe-mexiko\/#primaryimage","url":"https:\/\/unstamps.org\/wp-content\/uploads\/2025\/11\/2025-WH-Mexico-FS-GROUP.jpg","contentUrl":"https:\/\/unstamps.org\/wp-content\/uploads\/2025\/11\/2025-WH-Mexico-FS-GROUP.jpg","width":1024,"height":1024},{"@type":"BreadcrumbList","@id":"https:\/\/unstamps.org\/de\/produkt\/2025-unesco-welterbe-mexiko\/#breadcrumb","itemListElement":[{"@type":"ListItem","position":1,"name":"Home","item":"https:\/\/unstamps.org\/de\/"},{"@type":"ListItem","position":2,"name":"Produkte","item":"https:\/\/unstamps.org\/de\/produkte\/"},{"@type":"ListItem","position":3,"name":"2025 UNESCO-Welterbe \u2013 Mexiko"}]},{"@type":"WebSite","@id":"https:\/\/unstamps.org\/de\/#website","url":"https:\/\/unstamps.org\/de\/","name":"UN Stamps","description":"United Nations Stamps","publisher":{"@id":"https:\/\/unstamps.org\/de\/#organization"},"potentialAction":[{"@type":"SearchAction","target":{"@type":"EntryPoint","urlTemplate":"https:\/\/unstamps.org\/de\/?s={search_term_string}"},"query-input":{"@type":"PropertyValueSpecification","valueRequired":true,"valueName":"search_term_string"}}],"inLanguage":"de-DE"},{"@type":"Organization","@id":"https:\/\/unstamps.org\/de\/#organization","name":"UN Stamps","url":"https:\/\/unstamps.org\/de\/","logo":{"@type":"ImageObject","inLanguage":"de-DE","@id":"https:\/\/unstamps.org\/de\/#\/schema\/logo\/image\/","url":"https:\/\/unstamps.org\/wp-content\/uploads\/2014\/01\/logo4web.jpg","contentUrl":"https:\/\/unstamps.org\/wp-content\/uploads\/2014\/01\/logo4web.jpg","width":2500,"height":250,"caption":"UN Stamps"},"image":{"@id":"https:\/\/unstamps.org\/de\/#\/schema\/logo\/image\/"}}]}},"jetpack_sharing_enabled":true,"publishpress_future_action":{"enabled":false,"date":"2026-04-29 09:48:17","action":"change-status","newStatus":"private","terms":[],"taxonomy":"product_cat","extraData":[]},"publishpress_future_workflow_manual_trigger":{"enabledWorkflows":[]},"_links":{"self":[{"href":"https:\/\/unstamps.org\/de\/wp-json\/wp\/v2\/product\/197129","targetHints":{"allow":["GET"]}}],"collection":[{"href":"https:\/\/unstamps.org\/de\/wp-json\/wp\/v2\/product"}],"about":[{"href":"https:\/\/unstamps.org\/de\/wp-json\/wp\/v2\/types\/product"}],"replies":[{"embeddable":true,"href":"https:\/\/unstamps.org\/de\/wp-json\/wp\/v2\/comments?post=197129"}],"wp:featuredmedia":[{"embeddable":true,"href":"https:\/\/unstamps.org\/de\/wp-json\/wp\/v2\/media\/197504"}],"wp:attachment":[{"href":"https:\/\/unstamps.org\/de\/wp-json\/wp\/v2\/media?parent=197129"}],"wp:term":[{"taxonomy":"product_brand","embeddable":true,"href":"https:\/\/unstamps.org\/de\/wp-json\/wp\/v2\/product_brand?post=197129"},{"taxonomy":"product_cat","embeddable":true,"href":"https:\/\/unstamps.org\/de\/wp-json\/wp\/v2\/product_cat?post=197129"},{"taxonomy":"product_tag","embeddable":true,"href":"https:\/\/unstamps.org\/de\/wp-json\/wp\/v2\/product_tag?post=197129"}],"curies":[{"name":"wp","href":"https:\/\/api.w.org\/{rel}","templated":true}]}}