{"id":196684,"date":"2025-10-20T10:22:29","date_gmt":"2025-10-20T14:22:29","guid":{"rendered":"https:\/\/unstamps.org\/?post_type=product&#038;p=196684"},"modified":"2026-01-09T11:52:40","modified_gmt":"2026-01-09T16:52:40","slug":"80-jahrestag-der-vereinten-nationen","status":"publish","type":"product","link":"https:\/\/unstamps.org\/de\/produkt\/80-jahrestag-der-vereinten-nationen\/","title":{"rendered":"80. Jahrestag Der Vereinten Nationen"},"content":{"rendered":"<p>Die Postverwaltung der Vereinten Nationen gibt am 24. Oktober 2025 drei Briefmarkenbl\u00e4tter zum 80. Jahrestag der Vereinten Nationen heraus.<\/p>\n<p>Anl\u00e4sslich des 80-j\u00e4hrigen Bestehens der UNO hat der Generalsekret\u00e4r die UN80-Initiative ins Leben gerufen \u2013 eine organisationsweite Reforminitiative mit dem Ziel, eine grundlegende Frage zu stellen und zu beantworten: Wie k\u00f6nnen wir in den n\u00e4chsten 80 Jahren agiler, besser abgestimmt und wirkungsvoller arbeiten?<br \/>\nIn einer Zeit zunehmender globaler Krisen und wachsendem Druck auf den Multilateralismus zielt die UN80-Initiative darauf ab, die Arbeitsweise der UNO neu zu denken \u2013 nicht, indem wir weniger tun, sondern indem wir es besser tun.<br \/>\nDie UN80-Initiative konzentriert sich auf drei parallele Arbeitsbereiche:<\/p>\n<ul>\n<li>Effizienzsteigerung und Verbesserungen in Management und Arbeitsweise<\/li>\n<li>\u00dcberpr\u00fcfung der Umsetzung bestehender Mandate \u2013 nicht der Mandate selbst<\/li>\n<li>Pr\u00fcfung struktureller und programmatischer Neuausrichtungen innerhalb des UN-Systems<\/li>\n<\/ul>\n<p>Ziel dieser Initiative ist es, die UNO effektiver, flexibler und reaktionsf\u00e4higer zu machen. Es geht darum, unsere begrenzten Ressourcen so wirkungsvoll wie m\u00f6glich einzusetzen \u2013 durch effizienteres Arbeiten, den Abbau von B\u00fcrokratie und eine bessere Unterst\u00fctzung sowohl unserer Mitarbeitenden als auch der Menschen, denen wir dienen.<\/p>\n<p><strong>Die Entw\u00fcrfe<\/strong><\/p>\n<p>Die drei Briefmarkenb\u00f6gen mit den Nennwerten $1,70, CHF 1,70 und \u20ac 2,10 zeigen jeweils vier zusammenh\u00e4ngende Briefmarken in einem vertikalen Design. Die Motive greifen die Themen der S\u00e4ulen der Vereinten Nationen auf: Frieden &amp; Sicherheit, Entwicklung und Menschenrechte.<\/p>\n<p>Die erste Briefmarke oben zeigt die Erde als gr\u00fcnes Pflanzenwachstum \u2013 sie symbolisiert Wachstum. Die darauf liegenden geometrischen Formen integrieren menschliche, architektonische und gemeinschaftliche Entwicklung.<\/p>\n<p>Die zweite Briefmarke von oben stellt die Menschenrechte in den Fokus \u2013 die Friedenstaube und die Hand repr\u00e4sentieren die Menschheit, vereint im gemeinsamen Ziel von Toleranz, Akzeptanz und Liebe.<\/p>\n<p>Die dritte Briefmarke von oben zeigt einen architektonischen Regenbogen, der mit einer Friedenstaube verschmilzt. Er sch\u00fctzt das wachsende Laubwerk, das Wachstum und Entwicklung erm\u00f6glicht. Ohne Frieden und Sicherheit k\u00f6nnen Gemeinschaften nicht gedeihen.<\/p>\n<p>Die unterste Briefmarke zeigt die Freiheit eines Schmetterlings, ein Symbol f\u00fcr Transformation und Hoffnung. In das Schmetterlingsfl\u00fcgelmuster ist eine Taube integriert, die auf einem Bogen sitzt \u2013 ein offenes Fenster zum Himmel. Dies symbolisiert, dass Frieden Freiheit braucht, um Fortschritte zu erzielen.<\/p>\n<p><strong>Ausgabedatum:<\/strong> 24. Oktober 2025<br \/>\n<strong>Gestaltung:<\/strong>Nora Rosansky (Vereinte Nationen)<br \/>\n<strong>Briefmarkengr\u00f6\u00dfe:<\/strong> 40 mm x 30 mm<br \/>\n<strong>Bogengr\u00f6\u00dfe:<\/strong> 120 mm x 165 mm<br \/>\n<strong>Briefmarken pro Bogen:<\/strong> 4<br \/>\n<strong>Druckerei:<\/strong> Joh. Ensched\u00e9 Stamps Security Printers B.V.                                             (K\u00f6nigreich der Niederlande)<br \/>\n<strong>Druckverfahren:<\/strong> Offsetlithografie<br \/>\n<strong>Druckauflagen:<\/strong><br \/>\nUS$1.70 10.000 B\u00f6gen<br \/>\nCHF1,70 10.000 B\u00f6gen<br \/>\n\u20ac2,10 10.000 B\u00f6gen<\/p>\n","protected":false},"excerpt":{"rendered":"<p>Die Postverwaltung der Vereinten Nationen gibt am 24. Oktober 2025 drei Briefmarkenbl\u00e4tter zum 80. Jahrestag der Vereinten Nationen heraus. Anl\u00e4sslich des 80-j\u00e4hrigen Bestehens der UNO hat der Generalsekret\u00e4r die UN80-Initiative ins Leben gerufen \u2013 eine organisationsweite Reforminitiative mit dem Ziel, eine grundlegende Frage zu stellen und zu beantworten: Wie k\u00f6nnen wir in den n\u00e4chsten 80 [&hellip;]<\/p>\n","protected":false},"featured_media":196789,"comment_status":"closed","ping_status":"closed","template":"","meta":{"ngg_post_thumbnail":0},"product_brand":[],"product_cat":[2954,150],"product_tag":[],"class_list":{"0":"post-196684","1":"product","2":"type-product","3":"status-publish","4":"has-post-thumbnail","6":"product_cat-2025-de","7":"product_cat-gedenkbriefmarken","9":"first","10":"instock","11":"shipping-taxable","12":"product-type-grouped"},"yoast_head":"<!-- This site is optimized with the Yoast SEO plugin v27.5 - https:\/\/yoast.com\/product\/yoast-seo-wordpress\/ -->\n<title>80. Jahrestag Der Vereinten Nationen - UN Briefmarken<\/title>\n<meta name=\"robots\" content=\"index, follow, max-snippet:-1, max-image-preview:large, max-video-preview:-1\" \/>\n<link rel=\"canonical\" href=\"https:\/\/unstamps.org\/de\/produkt\/80-jahrestag-der-vereinten-nationen\/\" \/>\n<meta property=\"og:locale\" content=\"de_DE\" \/>\n<meta property=\"og:type\" content=\"article\" \/>\n<meta property=\"og:title\" content=\"80. Jahrestag Der Vereinten Nationen - UN Briefmarken\" \/>\n<meta property=\"og:description\" content=\"Die Postverwaltung der Vereinten Nationen gibt am 24. Oktober 2025 drei Briefmarkenbl\u00e4tter zum 80. Jahrestag der Vereinten Nationen heraus. Anl\u00e4sslich des 80-j\u00e4hrigen Bestehens der UNO hat der Generalsekret\u00e4r die UN80-Initiative ins Leben gerufen \u2013 eine organisationsweite Reforminitiative mit dem Ziel, eine grundlegende Frage zu stellen und zu beantworten: Wie k\u00f6nnen wir in den n\u00e4chsten 80 [&hellip;]\" \/>\n<meta property=\"og:url\" content=\"https:\/\/unstamps.org\/de\/produkt\/80-jahrestag-der-vereinten-nationen\/\" \/>\n<meta property=\"og:site_name\" content=\"UN Briefmarken\" \/>\n<meta property=\"article:modified_time\" content=\"2026-01-09T16:52:40+00:00\" \/>\n<meta property=\"og:image\" content=\"https:\/\/unstamps.org\/wp-content\/uploads\/2025\/10\/2025-UN80-FS-Group.jpg\" \/>\n\t<meta property=\"og:image:width\" content=\"1024\" \/>\n\t<meta property=\"og:image:height\" content=\"1024\" \/>\n\t<meta property=\"og:image:type\" content=\"image\/jpeg\" \/>\n<meta name=\"twitter:card\" content=\"summary_large_image\" \/>\n<meta name=\"twitter:label1\" content=\"Gesch\u00e4tzte Lesezeit\" \/>\n\t<meta name=\"twitter:data1\" content=\"2 minutes\" \/>\n<script type=\"application\/ld+json\" class=\"yoast-schema-graph\">{\"@context\":\"https:\\\/\\\/schema.org\",\"@graph\":[{\"@type\":\"WebPage\",\"@id\":\"https:\\\/\\\/unstamps.org\\\/de\\\/produkt\\\/80-jahrestag-der-vereinten-nationen\\\/\",\"url\":\"https:\\\/\\\/unstamps.org\\\/de\\\/produkt\\\/80-jahrestag-der-vereinten-nationen\\\/\",\"name\":\"80. Jahrestag Der Vereinten Nationen - UN Briefmarken\",\"isPartOf\":{\"@id\":\"https:\\\/\\\/unstamps.org\\\/de\\\/#website\"},\"primaryImageOfPage\":{\"@id\":\"https:\\\/\\\/unstamps.org\\\/de\\\/produkt\\\/80-jahrestag-der-vereinten-nationen\\\/#primaryimage\"},\"image\":{\"@id\":\"https:\\\/\\\/unstamps.org\\\/de\\\/produkt\\\/80-jahrestag-der-vereinten-nationen\\\/#primaryimage\"},\"thumbnailUrl\":\"https:\\\/\\\/unstamps.org\\\/wp-content\\\/uploads\\\/2025\\\/10\\\/2025-UN80-FS-Group.jpg\",\"datePublished\":\"2025-10-20T14:22:29+00:00\",\"dateModified\":\"2026-01-09T16:52:40+00:00\",\"breadcrumb\":{\"@id\":\"https:\\\/\\\/unstamps.org\\\/de\\\/produkt\\\/80-jahrestag-der-vereinten-nationen\\\/#breadcrumb\"},\"inLanguage\":\"de-DE\",\"potentialAction\":[{\"@type\":\"ReadAction\",\"target\":[\"https:\\\/\\\/unstamps.org\\\/de\\\/produkt\\\/80-jahrestag-der-vereinten-nationen\\\/\"]}]},{\"@type\":\"ImageObject\",\"inLanguage\":\"de-DE\",\"@id\":\"https:\\\/\\\/unstamps.org\\\/de\\\/produkt\\\/80-jahrestag-der-vereinten-nationen\\\/#primaryimage\",\"url\":\"https:\\\/\\\/unstamps.org\\\/wp-content\\\/uploads\\\/2025\\\/10\\\/2025-UN80-FS-Group.jpg\",\"contentUrl\":\"https:\\\/\\\/unstamps.org\\\/wp-content\\\/uploads\\\/2025\\\/10\\\/2025-UN80-FS-Group.jpg\",\"width\":1024,\"height\":1024},{\"@type\":\"BreadcrumbList\",\"@id\":\"https:\\\/\\\/unstamps.org\\\/de\\\/produkt\\\/80-jahrestag-der-vereinten-nationen\\\/#breadcrumb\",\"itemListElement\":[{\"@type\":\"ListItem\",\"position\":1,\"name\":\"Home\",\"item\":\"https:\\\/\\\/unstamps.org\\\/de\\\/\"},{\"@type\":\"ListItem\",\"position\":2,\"name\":\"Produkte\",\"item\":\"https:\\\/\\\/unstamps.org\\\/de\\\/produkte\\\/\"},{\"@type\":\"ListItem\",\"position\":3,\"name\":\"80. Jahrestag Der Vereinten Nationen\"}]},{\"@type\":\"WebSite\",\"@id\":\"https:\\\/\\\/unstamps.org\\\/de\\\/#website\",\"url\":\"https:\\\/\\\/unstamps.org\\\/de\\\/\",\"name\":\"UN Stamps\",\"description\":\"United Nations Stamps\",\"publisher\":{\"@id\":\"https:\\\/\\\/unstamps.org\\\/de\\\/#organization\"},\"potentialAction\":[{\"@type\":\"SearchAction\",\"target\":{\"@type\":\"EntryPoint\",\"urlTemplate\":\"https:\\\/\\\/unstamps.org\\\/de\\\/?s={search_term_string}\"},\"query-input\":{\"@type\":\"PropertyValueSpecification\",\"valueRequired\":true,\"valueName\":\"search_term_string\"}}],\"inLanguage\":\"de-DE\"},{\"@type\":\"Organization\",\"@id\":\"https:\\\/\\\/unstamps.org\\\/de\\\/#organization\",\"name\":\"UN Stamps\",\"url\":\"https:\\\/\\\/unstamps.org\\\/de\\\/\",\"logo\":{\"@type\":\"ImageObject\",\"inLanguage\":\"de-DE\",\"@id\":\"https:\\\/\\\/unstamps.org\\\/de\\\/#\\\/schema\\\/logo\\\/image\\\/\",\"url\":\"https:\\\/\\\/unstamps.org\\\/wp-content\\\/uploads\\\/2014\\\/01\\\/logo4web.jpg\",\"contentUrl\":\"https:\\\/\\\/unstamps.org\\\/wp-content\\\/uploads\\\/2014\\\/01\\\/logo4web.jpg\",\"width\":2500,\"height\":250,\"caption\":\"UN Stamps\"},\"image\":{\"@id\":\"https:\\\/\\\/unstamps.org\\\/de\\\/#\\\/schema\\\/logo\\\/image\\\/\"}}]}<\/script>\n<!-- \/ Yoast SEO plugin. -->","yoast_head_json":{"title":"80. Jahrestag Der Vereinten Nationen - UN Briefmarken","robots":{"index":"index","follow":"follow","max-snippet":"max-snippet:-1","max-image-preview":"max-image-preview:large","max-video-preview":"max-video-preview:-1"},"canonical":"https:\/\/unstamps.org\/de\/produkt\/80-jahrestag-der-vereinten-nationen\/","og_locale":"de_DE","og_type":"article","og_title":"80. Jahrestag Der Vereinten Nationen - UN Briefmarken","og_description":"Die Postverwaltung der Vereinten Nationen gibt am 24. Oktober 2025 drei Briefmarkenbl\u00e4tter zum 80. Jahrestag der Vereinten Nationen heraus. Anl\u00e4sslich des 80-j\u00e4hrigen Bestehens der UNO hat der Generalsekret\u00e4r die UN80-Initiative ins Leben gerufen \u2013 eine organisationsweite Reforminitiative mit dem Ziel, eine grundlegende Frage zu stellen und zu beantworten: Wie k\u00f6nnen wir in den n\u00e4chsten 80 [&hellip;]","og_url":"https:\/\/unstamps.org\/de\/produkt\/80-jahrestag-der-vereinten-nationen\/","og_site_name":"UN Briefmarken","article_modified_time":"2026-01-09T16:52:40+00:00","og_image":[{"width":1024,"height":1024,"url":"https:\/\/unstamps.org\/wp-content\/uploads\/2025\/10\/2025-UN80-FS-Group.jpg","type":"image\/jpeg"}],"twitter_card":"summary_large_image","twitter_misc":{"Gesch\u00e4tzte Lesezeit":"2 minutes"},"schema":{"@context":"https:\/\/schema.org","@graph":[{"@type":"WebPage","@id":"https:\/\/unstamps.org\/de\/produkt\/80-jahrestag-der-vereinten-nationen\/","url":"https:\/\/unstamps.org\/de\/produkt\/80-jahrestag-der-vereinten-nationen\/","name":"80. Jahrestag Der Vereinten Nationen - UN Briefmarken","isPartOf":{"@id":"https:\/\/unstamps.org\/de\/#website"},"primaryImageOfPage":{"@id":"https:\/\/unstamps.org\/de\/produkt\/80-jahrestag-der-vereinten-nationen\/#primaryimage"},"image":{"@id":"https:\/\/unstamps.org\/de\/produkt\/80-jahrestag-der-vereinten-nationen\/#primaryimage"},"thumbnailUrl":"https:\/\/unstamps.org\/wp-content\/uploads\/2025\/10\/2025-UN80-FS-Group.jpg","datePublished":"2025-10-20T14:22:29+00:00","dateModified":"2026-01-09T16:52:40+00:00","breadcrumb":{"@id":"https:\/\/unstamps.org\/de\/produkt\/80-jahrestag-der-vereinten-nationen\/#breadcrumb"},"inLanguage":"de-DE","potentialAction":[{"@type":"ReadAction","target":["https:\/\/unstamps.org\/de\/produkt\/80-jahrestag-der-vereinten-nationen\/"]}]},{"@type":"ImageObject","inLanguage":"de-DE","@id":"https:\/\/unstamps.org\/de\/produkt\/80-jahrestag-der-vereinten-nationen\/#primaryimage","url":"https:\/\/unstamps.org\/wp-content\/uploads\/2025\/10\/2025-UN80-FS-Group.jpg","contentUrl":"https:\/\/unstamps.org\/wp-content\/uploads\/2025\/10\/2025-UN80-FS-Group.jpg","width":1024,"height":1024},{"@type":"BreadcrumbList","@id":"https:\/\/unstamps.org\/de\/produkt\/80-jahrestag-der-vereinten-nationen\/#breadcrumb","itemListElement":[{"@type":"ListItem","position":1,"name":"Home","item":"https:\/\/unstamps.org\/de\/"},{"@type":"ListItem","position":2,"name":"Produkte","item":"https:\/\/unstamps.org\/de\/produkte\/"},{"@type":"ListItem","position":3,"name":"80. Jahrestag Der Vereinten Nationen"}]},{"@type":"WebSite","@id":"https:\/\/unstamps.org\/de\/#website","url":"https:\/\/unstamps.org\/de\/","name":"UN Stamps","description":"United Nations Stamps","publisher":{"@id":"https:\/\/unstamps.org\/de\/#organization"},"potentialAction":[{"@type":"SearchAction","target":{"@type":"EntryPoint","urlTemplate":"https:\/\/unstamps.org\/de\/?s={search_term_string}"},"query-input":{"@type":"PropertyValueSpecification","valueRequired":true,"valueName":"search_term_string"}}],"inLanguage":"de-DE"},{"@type":"Organization","@id":"https:\/\/unstamps.org\/de\/#organization","name":"UN Stamps","url":"https:\/\/unstamps.org\/de\/","logo":{"@type":"ImageObject","inLanguage":"de-DE","@id":"https:\/\/unstamps.org\/de\/#\/schema\/logo\/image\/","url":"https:\/\/unstamps.org\/wp-content\/uploads\/2014\/01\/logo4web.jpg","contentUrl":"https:\/\/unstamps.org\/wp-content\/uploads\/2014\/01\/logo4web.jpg","width":2500,"height":250,"caption":"UN Stamps"},"image":{"@id":"https:\/\/unstamps.org\/de\/#\/schema\/logo\/image\/"}}]}},"jetpack_sharing_enabled":true,"publishpress_future_action":{"enabled":false,"date":"2026-05-07 10:30:39","action":"change-status","newStatus":"private","terms":[],"taxonomy":"product_cat","extraData":[]},"publishpress_future_workflow_manual_trigger":{"enabledWorkflows":[]},"_links":{"self":[{"href":"https:\/\/unstamps.org\/de\/wp-json\/wp\/v2\/product\/196684","targetHints":{"allow":["GET"]}}],"collection":[{"href":"https:\/\/unstamps.org\/de\/wp-json\/wp\/v2\/product"}],"about":[{"href":"https:\/\/unstamps.org\/de\/wp-json\/wp\/v2\/types\/product"}],"replies":[{"embeddable":true,"href":"https:\/\/unstamps.org\/de\/wp-json\/wp\/v2\/comments?post=196684"}],"wp:featuredmedia":[{"embeddable":true,"href":"https:\/\/unstamps.org\/de\/wp-json\/wp\/v2\/media\/196789"}],"wp:attachment":[{"href":"https:\/\/unstamps.org\/de\/wp-json\/wp\/v2\/media?parent=196684"}],"wp:term":[{"taxonomy":"product_brand","embeddable":true,"href":"https:\/\/unstamps.org\/de\/wp-json\/wp\/v2\/product_brand?post=196684"},{"taxonomy":"product_cat","embeddable":true,"href":"https:\/\/unstamps.org\/de\/wp-json\/wp\/v2\/product_cat?post=196684"},{"taxonomy":"product_tag","embeddable":true,"href":"https:\/\/unstamps.org\/de\/wp-json\/wp\/v2\/product_tag?post=196684"}],"curies":[{"name":"wp","href":"https:\/\/api.w.org\/{rel}","templated":true}]}}